{"id":12335,"date":"2020-02-18T07:35:06","date_gmt":"2020-02-18T07:35:06","guid":{"rendered":"https:\/\/equipomedicomexico-com.preview-domain.com\/product\/desfibrilador-monitor-avanzado\/"},"modified":"2020-02-18T07:35:09","modified_gmt":"2020-02-18T07:35:09","slug":"desfibrilador-monitor-avanzado","status":"publish","type":"product","link":"https:\/\/buscoequipomedico.com\/?product=desfibrilador-monitor-avanzado","title":{"rendered":"DESFIBRILADOR MONITOR AVANZADO"},"content":{"rendered":"<p><span><span><span>El\u00a0<\/span><span>monitor \/ desfibrilador\u00a0<\/span><\/span><span>Physio-Control LIFEPAK\u00ae 15<\/span><span><span>\u00a0es el nuevo est\u00e1ndar en atenci\u00f3n de emergencia para los equipos de ELA que desean el dispositivo cl\u00ednicamente m\u00e1s innovador, operacionalmente innovador y LIFEPAK TOUGH disponible en la actualidad.\u00a0<\/span><span>El 15 integra la tecnolog\u00eda Masimo Rainbow SET que monitorea SpO2, mon\u00f3xido de carbono y metahemoglobina, incluye un metr\u00f3nomo para guiar las compresiones y ventilaciones de RCP y ofrece una opci\u00f3n para aumentar la energ\u00eda a 360J.<\/span><\/span><\/span><\/p>\n<p><span><span><span>Una plataforma completamente nueva, la 15 est\u00e1 impulsada por la tecnolog\u00eda de bater\u00eda de iones de litio, incorpora la pantalla de visualizaci\u00f3n SunVue para poder verla bajo la luz solar brillante y conectividad de datos para recopilar y enviar informaci\u00f3n del paciente de manera f\u00e1cil y segura.\u00a0<\/span><span>El factor de forma y la interfaz de usuario similares con el desfibrilador \/ monitor LIFEPAK 12 facilitar\u00e1n los costos de transici\u00f3n y capacitaci\u00f3n.<\/span><\/span><\/span><\/p>\n","protected":false},"excerpt":{"rendered":"<p><span><span>El\u00a0<\/span><span>monitor \/ desfibrilador\u00a0<\/span><\/span><span>Physio-Control LIFEPAK\u00ae 15<\/span><span><span>\u00a0es el nuevo est\u00e1ndar en atenci\u00f3n de emergencia para los equipos de ELA que desean el dispositivo cl\u00ednicamente m\u00e1s innovador, operacionalmente innovador y LIFEPAK TOUGH disponible en la actualidad.\u00a0<\/span><\/span><\/p>\n","protected":false},"featured_media":0,"template":"","meta":{"_joinchat":[]},"product_brand":[],"product_cat":[213],"product_tag":[],"class_list":{"0":"post-12335","1":"product","2":"type-product","3":"status-publish","5":"product_cat-concentradores","6":"pa_marca-physio-control","8":"first","9":"instock","10":"purchasable","11":"product-type-simple"},"yoast_head":"<!-- This site is optimized with the Yoast SEO plugin v25.1 - https:\/\/yoast.com\/wordpress\/plugins\/seo\/ -->\n<title>DESFIBRILADOR MONITOR AVANZADO - Tu mejor opci\u00f3n Equipo M\u00e9dico M\u00e9xico<\/title>\n<meta name=\"robots\" content=\"index, follow, max-snippet:-1, max-image-preview:large, max-video-preview:-1\" \/>\n<link rel=\"canonical\" href=\"https:\/\/buscoequipomedico.com\/?product=desfibrilador-monitor-avanzado\" \/>\n<meta property=\"og:locale\" content=\"es_ES\" \/>\n<meta property=\"og:type\" content=\"article\" \/>\n<meta property=\"og:title\" content=\"DESFIBRILADOR MONITOR AVANZADO - Tu mejor opci\u00f3n Equipo M\u00e9dico M\u00e9xico\" \/>\n<meta property=\"og:description\" content=\"El\u00a0monitor \/ desfibrilador\u00a0Physio-Control LIFEPAK\u00ae 15\u00a0es el nuevo est\u00e1ndar en atenci\u00f3n de emergencia para los equipos de ELA que desean el dispositivo cl\u00ednicamente m\u00e1s innovador, operacionalmente innovador y LIFEPAK TOUGH disponible en la actualidad.\u00a0\" \/>\n<meta property=\"og:url\" content=\"https:\/\/buscoequipomedico.com\/?product=desfibrilador-monitor-avanzado\" \/>\n<meta property=\"og:site_name\" content=\"Tu mejor opci\u00f3n Equipo M\u00e9dico M\u00e9xico\" \/>\n<meta property=\"article:modified_time\" content=\"2020-02-18T07:35:09+00:00\" \/>\n<meta name=\"twitter:card\" content=\"summary_large_image\" \/>\n<meta name=\"twitter:label1\" content=\"Tiempo de lectura\" \/>\n\t<meta name=\"twitter:data1\" content=\"1 minuto\" \/>\n<script type=\"application\/ld+json\" class=\"yoast-schema-graph\">{\"@context\":\"https:\/\/schema.org\",\"@graph\":[{\"@type\":\"WebPage\",\"@id\":\"https:\/\/buscoequipomedico.com\/?product=desfibrilador-monitor-avanzado\",\"url\":\"https:\/\/buscoequipomedico.com\/?product=desfibrilador-monitor-avanzado\",\"name\":\"DESFIBRILADOR MONITOR AVANZADO - Tu mejor opci\u00f3n Equipo M\u00e9dico M\u00e9xico\",\"isPartOf\":{\"@id\":\"https:\/\/buscoequipomedico.com\/#website\"},\"datePublished\":\"2020-02-18T07:35:06+00:00\",\"dateModified\":\"2020-02-18T07:35:09+00:00\",\"breadcrumb\":{\"@id\":\"https:\/\/buscoequipomedico.com\/?product=desfibrilador-monitor-avanzado#breadcrumb\"},\"inLanguage\":\"es\",\"potentialAction\":[{\"@type\":\"ReadAction\",\"target\":[\"https:\/\/buscoequipomedico.com\/?product=desfibrilador-monitor-avanzado\"]}]},{\"@type\":\"BreadcrumbList\",\"@id\":\"https:\/\/buscoequipomedico.com\/?product=desfibrilador-monitor-avanzado#breadcrumb\",\"itemListElement\":[{\"@type\":\"ListItem\",\"position\":1,\"name\":\"Productos\",\"item\":\"https:\/\/buscoequipomedico.com\/shop\/\"},{\"@type\":\"ListItem\",\"position\":2,\"name\":\"DESFIBRILADOR MONITOR AVANZADO\"}]},{\"@type\":\"WebSite\",\"@id\":\"https:\/\/buscoequipomedico.com\/#website\",\"url\":\"https:\/\/buscoequipomedico.com\/\",\"name\":\"Tu mejor opci\u00f3n Equipo M\u00e9dico M\u00e9xico\",\"description\":\"Tienda de equipo m\u00e9dico\",\"publisher\":{\"@id\":\"https:\/\/buscoequipomedico.com\/#organization\"},\"potentialAction\":[{\"@type\":\"SearchAction\",\"target\":{\"@type\":\"EntryPoint\",\"urlTemplate\":\"https:\/\/buscoequipomedico.com\/?s={search_term_string}\"},\"query-input\":{\"@type\":\"PropertyValueSpecification\",\"valueRequired\":true,\"valueName\":\"search_term_string\"}}],\"inLanguage\":\"es\"},{\"@type\":\"Organization\",\"@id\":\"https:\/\/buscoequipomedico.com\/#organization\",\"name\":\"Tu mejor opci\u00f3n Equipo M\u00e9dico M\u00e9xico\",\"url\":\"https:\/\/buscoequipomedico.com\/\",\"logo\":{\"@type\":\"ImageObject\",\"inLanguage\":\"es\",\"@id\":\"https:\/\/buscoequipomedico.com\/#\/schema\/logo\/image\/\",\"url\":\"https:\/\/buscoequipomedico.com\/wp-content\/uploads\/2021\/07\/EMM-VPrincipal-scaled.jpg\",\"contentUrl\":\"https:\/\/buscoequipomedico.com\/wp-content\/uploads\/2021\/07\/EMM-VPrincipal-scaled.jpg\",\"width\":2560,\"height\":1058,\"caption\":\"Tu mejor opci\u00f3n Equipo M\u00e9dico M\u00e9xico\"},\"image\":{\"@id\":\"https:\/\/buscoequipomedico.com\/#\/schema\/logo\/image\/\"}}]}<\/script>\n<!-- \/ Yoast SEO plugin. -->","yoast_head_json":{"title":"DESFIBRILADOR MONITOR AVANZADO - Tu mejor opci\u00f3n Equipo M\u00e9dico M\u00e9xico","robots":{"index":"index","follow":"follow","max-snippet":"max-snippet:-1","max-image-preview":"max-image-preview:large","max-video-preview":"max-video-preview:-1"},"canonical":"https:\/\/buscoequipomedico.com\/?product=desfibrilador-monitor-avanzado","og_locale":"es_ES","og_type":"article","og_title":"DESFIBRILADOR MONITOR AVANZADO - Tu mejor opci\u00f3n Equipo M\u00e9dico M\u00e9xico","og_description":"El\u00a0monitor \/ desfibrilador\u00a0Physio-Control LIFEPAK\u00ae 15\u00a0es el nuevo est\u00e1ndar en atenci\u00f3n de emergencia para los equipos de ELA que desean el dispositivo cl\u00ednicamente m\u00e1s innovador, operacionalmente innovador y LIFEPAK TOUGH disponible en la actualidad.\u00a0","og_url":"https:\/\/buscoequipomedico.com\/?product=desfibrilador-monitor-avanzado","og_site_name":"Tu mejor opci\u00f3n Equipo M\u00e9dico M\u00e9xico","article_modified_time":"2020-02-18T07:35:09+00:00","twitter_card":"summary_large_image","twitter_misc":{"Tiempo de lectura":"1 minuto"},"schema":{"@context":"https:\/\/schema.org","@graph":[{"@type":"WebPage","@id":"https:\/\/buscoequipomedico.com\/?product=desfibrilador-monitor-avanzado","url":"https:\/\/buscoequipomedico.com\/?product=desfibrilador-monitor-avanzado","name":"DESFIBRILADOR MONITOR AVANZADO - Tu mejor opci\u00f3n Equipo M\u00e9dico M\u00e9xico","isPartOf":{"@id":"https:\/\/buscoequipomedico.com\/#website"},"datePublished":"2020-02-18T07:35:06+00:00","dateModified":"2020-02-18T07:35:09+00:00","breadcrumb":{"@id":"https:\/\/buscoequipomedico.com\/?product=desfibrilador-monitor-avanzado#breadcrumb"},"inLanguage":"es","potentialAction":[{"@type":"ReadAction","target":["https:\/\/buscoequipomedico.com\/?product=desfibrilador-monitor-avanzado"]}]},{"@type":"BreadcrumbList","@id":"https:\/\/buscoequipomedico.com\/?product=desfibrilador-monitor-avanzado#breadcrumb","itemListElement":[{"@type":"ListItem","position":1,"name":"Productos","item":"https:\/\/buscoequipomedico.com\/shop\/"},{"@type":"ListItem","position":2,"name":"DESFIBRILADOR MONITOR AVANZADO"}]},{"@type":"WebSite","@id":"https:\/\/buscoequipomedico.com\/#website","url":"https:\/\/buscoequipomedico.com\/","name":"Tu mejor opci\u00f3n Equipo M\u00e9dico M\u00e9xico","description":"Tienda de equipo m\u00e9dico","publisher":{"@id":"https:\/\/buscoequipomedico.com\/#organization"},"potentialAction":[{"@type":"SearchAction","target":{"@type":"EntryPoint","urlTemplate":"https:\/\/buscoequipomedico.com\/?s={search_term_string}"},"query-input":{"@type":"PropertyValueSpecification","valueRequired":true,"valueName":"search_term_string"}}],"inLanguage":"es"},{"@type":"Organization","@id":"https:\/\/buscoequipomedico.com\/#organization","name":"Tu mejor opci\u00f3n Equipo M\u00e9dico M\u00e9xico","url":"https:\/\/buscoequipomedico.com\/","logo":{"@type":"ImageObject","inLanguage":"es","@id":"https:\/\/buscoequipomedico.com\/#\/schema\/logo\/image\/","url":"https:\/\/buscoequipomedico.com\/wp-content\/uploads\/2021\/07\/EMM-VPrincipal-scaled.jpg","contentUrl":"https:\/\/buscoequipomedico.com\/wp-content\/uploads\/2021\/07\/EMM-VPrincipal-scaled.jpg","width":2560,"height":1058,"caption":"Tu mejor opci\u00f3n Equipo M\u00e9dico M\u00e9xico"},"image":{"@id":"https:\/\/buscoequipomedico.com\/#\/schema\/logo\/image\/"}}]}},"_links":{"self":[{"href":"https:\/\/buscoequipomedico.com\/index.php?rest_route=\/wp\/v2\/product\/12335","targetHints":{"allow":["GET"]}}],"collection":[{"href":"https:\/\/buscoequipomedico.com\/index.php?rest_route=\/wp\/v2\/product"}],"about":[{"href":"https:\/\/buscoequipomedico.com\/index.php?rest_route=\/wp\/v2\/types\/product"}],"wp:attachment":[{"href":"https:\/\/buscoequipomedico.com\/index.php?rest_route=%2Fwp%2Fv2%2Fmedia&parent=12335"}],"wp:term":[{"taxonomy":"product_brand","embeddable":true,"href":"https:\/\/buscoequipomedico.com\/index.php?rest_route=%2Fwp%2Fv2%2Fproduct_brand&post=12335"},{"taxonomy":"product_cat","embeddable":true,"href":"https:\/\/buscoequipomedico.com\/index.php?rest_route=%2Fwp%2Fv2%2Fproduct_cat&post=12335"},{"taxonomy":"product_tag","embeddable":true,"href":"https:\/\/buscoequipomedico.com\/index.php?rest_route=%2Fwp%2Fv2%2Fproduct_tag&post=12335"}],"curies":[{"name":"wp","href":"https:\/\/api.w.org\/{rel}","templated":true}]}}