{"id":12364,"date":"2020-02-18T07:35:11","date_gmt":"2020-02-18T07:35:11","guid":{"rendered":"https:\/\/equipomedicomexico-com.preview-domain.com\/product\/lampara-heine-de-bolsillo-mini-3000\/"},"modified":"2020-02-18T07:35:13","modified_gmt":"2020-02-18T07:35:13","slug":"lampara-heine-de-bolsillo-mini-3000","status":"publish","type":"product","link":"https:\/\/buscoequipomedico.com\/?product=lampara-heine-de-bolsillo-mini-3000","title":{"rendered":"L\u00c1MPARA HEINE DE BOLSILLO MINI 3000"},"content":{"rendered":"<\/p>\n<p><span>\u00bbL\u00e1mpara de bolsillo de larga duraci\u00f3n con cabezal cromado.<\/span><br \/><span>\u00bbL\u00e1mpara de clip con conductor de luz para aplicaciones otopl\u00e1sticas.<\/span><br \/><span>\u00bbCarcasa del mango de alta calidad; aleaci\u00f3n de cromo\/pl\u00e1stico refinado.<\/span><br \/><span>\u00bbClip de sujeci\u00f3n con interruptor de conexi\u00f3n y desconexi\u00f3n integrado.<\/span><br \/><span>\u00bbCompatible solamente con el mango mini-c.<\/span><br \/><span>\u00bbCon lente con XHL, tecnolog\u00eda Xen\u00f3n Hal\u00f3gena mejorada.<\/span><br \/><span>\u00bbIncluye dos pilas tipo \u201cAAA\u201d.<\/span><\/p>\n<p><span><span>\u00bbSatisface las exigencias m\u00e1s elevadas.<\/span><br \/><span>\u00bbSe adapta a la mano de forma ergon\u00f3mica.<\/span><br \/><span>\u00bbDise\u00f1o compacto, ovalado y con forma elegante.<\/span><br \/><span>\u00bbA prueba de golpes, robusto y antideslizante.<\/span><br \/><span>\u00bbTecnolog\u00eda XHL de iluminaci\u00f3n de gran intensidad que previene la creaci\u00f3n<\/span><br \/><span>de sombras y reflejos, ayudando a realizar un diagn\u00f3stico m\u00e1s exacto.<\/span><br \/><span>\u00bbLa serie \u201cmini\u201d, compacta y manejable, est\u00e1 compuesta por instrumentos de<\/span><br \/><span>bolsillo compactos de Heine, con las caracter\u00edsticas de alta calidad de los<\/span><br \/><span>instrumentos \u201cFullsize\u201d de Heine.<\/span><br \/><span>\u00bbManejables y compactos, los productos mini 3000 cuentan con una<\/span><br \/><span>excepcional ergonom\u00eda y un equipamiento de alta calidad.<\/span><br \/><span>\u00bbFabricado con componentes y mano de obra 100% Alemana.<\/span><br \/><span>\u00bbLa marca Heine establece los est\u00e1ndares de calidad con que se miden<\/span><br \/><span>los dem\u00e1s instrumentos de diagn\u00f3stico.<\/span><\/span><\/p>\n","protected":false},"excerpt":{"rendered":"<p><span>\u00bbIdeal para realizar estudios m\u00e9dicos en nariz, ojos, garganta y o\u00eddo.<\/span><br \/><span>\u00bbAyuda al m\u00e9dico a realizar un diagn\u00f3stico correcto.<\/span><br \/><span>\u00bbPerfecta para una visualizaci\u00f3n espec\u00edfica durante un examen<\/span><br \/><span>de diagn\u00f3stico.<\/span><\/p>\n","protected":false},"featured_media":12365,"template":"","meta":{"_joinchat":[]},"product_brand":[],"product_cat":[278],"product_tag":[],"class_list":{"0":"post-12364","1":"product","2":"type-product","3":"status-publish","4":"has-post-thumbnail","6":"product_cat-lamparas","7":"pa_marca-heine","9":"first","10":"instock","11":"purchasable","12":"product-type-simple"},"yoast_head":"<!-- This site is optimized with the Yoast SEO plugin v25.1 - https:\/\/yoast.com\/wordpress\/plugins\/seo\/ -->\n<title>L\u00c1MPARA HEINE DE BOLSILLO MINI 3000 - Tu mejor opci\u00f3n Equipo M\u00e9dico M\u00e9xico<\/title>\n<meta name=\"robots\" content=\"index, follow, max-snippet:-1, max-image-preview:large, max-video-preview:-1\" \/>\n<link rel=\"canonical\" href=\"https:\/\/buscoequipomedico.com\/?product=lampara-heine-de-bolsillo-mini-3000\" \/>\n<meta property=\"og:locale\" content=\"es_ES\" \/>\n<meta property=\"og:type\" content=\"article\" \/>\n<meta property=\"og:title\" content=\"L\u00c1MPARA HEINE DE BOLSILLO MINI 3000 - Tu mejor opci\u00f3n Equipo M\u00e9dico M\u00e9xico\" \/>\n<meta property=\"og:description\" content=\"\u00bbIdeal para realizar estudios m\u00e9dicos en nariz, ojos, garganta y o\u00eddo.\u00bbAyuda al m\u00e9dico a realizar un diagn\u00f3stico correcto.\u00bbPerfecta para una visualizaci\u00f3n espec\u00edfica durante un examende diagn\u00f3stico.\" \/>\n<meta property=\"og:url\" content=\"https:\/\/buscoequipomedico.com\/?product=lampara-heine-de-bolsillo-mini-3000\" \/>\n<meta property=\"og:site_name\" content=\"Tu mejor opci\u00f3n Equipo M\u00e9dico M\u00e9xico\" \/>\n<meta property=\"article:modified_time\" content=\"2020-02-18T07:35:13+00:00\" \/>\n<meta property=\"og:image\" content=\"https:\/\/buscoequipomedico.com\/wp-content\/uploads\/2020\/02\/lampara-heine-de-bolsillo-mini-3000-ideal-para-realizar-estudios-medicos-en-nariz-ojos-garganta-y-oidoayuda-al-medico-a-realizar.jpg\" \/>\n\t<meta property=\"og:image:width\" content=\"800\" \/>\n\t<meta property=\"og:image:height\" content=\"800\" \/>\n\t<meta property=\"og:image:type\" content=\"image\/png\" \/>\n<meta name=\"twitter:card\" content=\"summary_large_image\" \/>\n<meta name=\"twitter:label1\" content=\"Tiempo de lectura\" \/>\n\t<meta name=\"twitter:data1\" content=\"1 minuto\" \/>\n<script type=\"application\/ld+json\" class=\"yoast-schema-graph\">{\"@context\":\"https:\/\/schema.org\",\"@graph\":[{\"@type\":\"WebPage\",\"@id\":\"https:\/\/buscoequipomedico.com\/?product=lampara-heine-de-bolsillo-mini-3000\",\"url\":\"https:\/\/buscoequipomedico.com\/?product=lampara-heine-de-bolsillo-mini-3000\",\"name\":\"L\u00c1MPARA HEINE DE BOLSILLO MINI 3000 - Tu mejor opci\u00f3n Equipo M\u00e9dico M\u00e9xico\",\"isPartOf\":{\"@id\":\"https:\/\/buscoequipomedico.com\/#website\"},\"primaryImageOfPage\":{\"@id\":\"https:\/\/buscoequipomedico.com\/?product=lampara-heine-de-bolsillo-mini-3000#primaryimage\"},\"image\":{\"@id\":\"https:\/\/buscoequipomedico.com\/?product=lampara-heine-de-bolsillo-mini-3000#primaryimage\"},\"thumbnailUrl\":\"https:\/\/buscoequipomedico.com\/wp-content\/uploads\/2020\/02\/lampara-heine-de-bolsillo-mini-3000-ideal-para-realizar-estudios-medicos-en-nariz-ojos-garganta-y-oidoayuda-al-medico-a-realizar.jpg\",\"datePublished\":\"2020-02-18T07:35:11+00:00\",\"dateModified\":\"2020-02-18T07:35:13+00:00\",\"breadcrumb\":{\"@id\":\"https:\/\/buscoequipomedico.com\/?product=lampara-heine-de-bolsillo-mini-3000#breadcrumb\"},\"inLanguage\":\"es\",\"potentialAction\":[{\"@type\":\"ReadAction\",\"target\":[\"https:\/\/buscoequipomedico.com\/?product=lampara-heine-de-bolsillo-mini-3000\"]}]},{\"@type\":\"ImageObject\",\"inLanguage\":\"es\",\"@id\":\"https:\/\/buscoequipomedico.com\/?product=lampara-heine-de-bolsillo-mini-3000#primaryimage\",\"url\":\"https:\/\/buscoequipomedico.com\/wp-content\/uploads\/2020\/02\/lampara-heine-de-bolsillo-mini-3000-ideal-para-realizar-estudios-medicos-en-nariz-ojos-garganta-y-oidoayuda-al-medico-a-realizar.jpg\",\"contentUrl\":\"https:\/\/buscoequipomedico.com\/wp-content\/uploads\/2020\/02\/lampara-heine-de-bolsillo-mini-3000-ideal-para-realizar-estudios-medicos-en-nariz-ojos-garganta-y-oidoayuda-al-medico-a-realizar.jpg\",\"width\":800,\"height\":800},{\"@type\":\"BreadcrumbList\",\"@id\":\"https:\/\/buscoequipomedico.com\/?product=lampara-heine-de-bolsillo-mini-3000#breadcrumb\",\"itemListElement\":[{\"@type\":\"ListItem\",\"position\":1,\"name\":\"Productos\",\"item\":\"https:\/\/buscoequipomedico.com\/shop\/\"},{\"@type\":\"ListItem\",\"position\":2,\"name\":\"L\u00c1MPARA HEINE DE BOLSILLO MINI 3000\"}]},{\"@type\":\"WebSite\",\"@id\":\"https:\/\/buscoequipomedico.com\/#website\",\"url\":\"https:\/\/buscoequipomedico.com\/\",\"name\":\"Tu mejor opci\u00f3n Equipo M\u00e9dico M\u00e9xico\",\"description\":\"Tienda de equipo m\u00e9dico\",\"publisher\":{\"@id\":\"https:\/\/buscoequipomedico.com\/#organization\"},\"potentialAction\":[{\"@type\":\"SearchAction\",\"target\":{\"@type\":\"EntryPoint\",\"urlTemplate\":\"https:\/\/buscoequipomedico.com\/?s={search_term_string}\"},\"query-input\":{\"@type\":\"PropertyValueSpecification\",\"valueRequired\":true,\"valueName\":\"search_term_string\"}}],\"inLanguage\":\"es\"},{\"@type\":\"Organization\",\"@id\":\"https:\/\/buscoequipomedico.com\/#organization\",\"name\":\"Tu mejor opci\u00f3n Equipo M\u00e9dico M\u00e9xico\",\"url\":\"https:\/\/buscoequipomedico.com\/\",\"logo\":{\"@type\":\"ImageObject\",\"inLanguage\":\"es\",\"@id\":\"https:\/\/buscoequipomedico.com\/#\/schema\/logo\/image\/\",\"url\":\"https:\/\/buscoequipomedico.com\/wp-content\/uploads\/2021\/07\/EMM-VPrincipal-scaled.jpg\",\"contentUrl\":\"https:\/\/buscoequipomedico.com\/wp-content\/uploads\/2021\/07\/EMM-VPrincipal-scaled.jpg\",\"width\":2560,\"height\":1058,\"caption\":\"Tu mejor opci\u00f3n Equipo M\u00e9dico M\u00e9xico\"},\"image\":{\"@id\":\"https:\/\/buscoequipomedico.com\/#\/schema\/logo\/image\/\"}}]}<\/script>\n<!-- \/ Yoast SEO plugin. -->","yoast_head_json":{"title":"L\u00c1MPARA HEINE DE BOLSILLO MINI 3000 - Tu mejor opci\u00f3n Equipo M\u00e9dico M\u00e9xico","robots":{"index":"index","follow":"follow","max-snippet":"max-snippet:-1","max-image-preview":"max-image-preview:large","max-video-preview":"max-video-preview:-1"},"canonical":"https:\/\/buscoequipomedico.com\/?product=lampara-heine-de-bolsillo-mini-3000","og_locale":"es_ES","og_type":"article","og_title":"L\u00c1MPARA HEINE DE BOLSILLO MINI 3000 - Tu mejor opci\u00f3n Equipo M\u00e9dico M\u00e9xico","og_description":"\u00bbIdeal para realizar estudios m\u00e9dicos en nariz, ojos, garganta y o\u00eddo.\u00bbAyuda al m\u00e9dico a realizar un diagn\u00f3stico correcto.\u00bbPerfecta para una visualizaci\u00f3n espec\u00edfica durante un examende diagn\u00f3stico.","og_url":"https:\/\/buscoequipomedico.com\/?product=lampara-heine-de-bolsillo-mini-3000","og_site_name":"Tu mejor opci\u00f3n Equipo M\u00e9dico M\u00e9xico","article_modified_time":"2020-02-18T07:35:13+00:00","og_image":[{"width":800,"height":800,"url":"https:\/\/buscoequipomedico.com\/wp-content\/uploads\/2020\/02\/lampara-heine-de-bolsillo-mini-3000-ideal-para-realizar-estudios-medicos-en-nariz-ojos-garganta-y-oidoayuda-al-medico-a-realizar.jpg","type":"image\/png"}],"twitter_card":"summary_large_image","twitter_misc":{"Tiempo de lectura":"1 minuto"},"schema":{"@context":"https:\/\/schema.org","@graph":[{"@type":"WebPage","@id":"https:\/\/buscoequipomedico.com\/?product=lampara-heine-de-bolsillo-mini-3000","url":"https:\/\/buscoequipomedico.com\/?product=lampara-heine-de-bolsillo-mini-3000","name":"L\u00c1MPARA HEINE DE BOLSILLO MINI 3000 - Tu mejor opci\u00f3n Equipo M\u00e9dico M\u00e9xico","isPartOf":{"@id":"https:\/\/buscoequipomedico.com\/#website"},"primaryImageOfPage":{"@id":"https:\/\/buscoequipomedico.com\/?product=lampara-heine-de-bolsillo-mini-3000#primaryimage"},"image":{"@id":"https:\/\/buscoequipomedico.com\/?product=lampara-heine-de-bolsillo-mini-3000#primaryimage"},"thumbnailUrl":"https:\/\/buscoequipomedico.com\/wp-content\/uploads\/2020\/02\/lampara-heine-de-bolsillo-mini-3000-ideal-para-realizar-estudios-medicos-en-nariz-ojos-garganta-y-oidoayuda-al-medico-a-realizar.jpg","datePublished":"2020-02-18T07:35:11+00:00","dateModified":"2020-02-18T07:35:13+00:00","breadcrumb":{"@id":"https:\/\/buscoequipomedico.com\/?product=lampara-heine-de-bolsillo-mini-3000#breadcrumb"},"inLanguage":"es","potentialAction":[{"@type":"ReadAction","target":["https:\/\/buscoequipomedico.com\/?product=lampara-heine-de-bolsillo-mini-3000"]}]},{"@type":"ImageObject","inLanguage":"es","@id":"https:\/\/buscoequipomedico.com\/?product=lampara-heine-de-bolsillo-mini-3000#primaryimage","url":"https:\/\/buscoequipomedico.com\/wp-content\/uploads\/2020\/02\/lampara-heine-de-bolsillo-mini-3000-ideal-para-realizar-estudios-medicos-en-nariz-ojos-garganta-y-oidoayuda-al-medico-a-realizar.jpg","contentUrl":"https:\/\/buscoequipomedico.com\/wp-content\/uploads\/2020\/02\/lampara-heine-de-bolsillo-mini-3000-ideal-para-realizar-estudios-medicos-en-nariz-ojos-garganta-y-oidoayuda-al-medico-a-realizar.jpg","width":800,"height":800},{"@type":"BreadcrumbList","@id":"https:\/\/buscoequipomedico.com\/?product=lampara-heine-de-bolsillo-mini-3000#breadcrumb","itemListElement":[{"@type":"ListItem","position":1,"name":"Productos","item":"https:\/\/buscoequipomedico.com\/shop\/"},{"@type":"ListItem","position":2,"name":"L\u00c1MPARA HEINE DE BOLSILLO MINI 3000"}]},{"@type":"WebSite","@id":"https:\/\/buscoequipomedico.com\/#website","url":"https:\/\/buscoequipomedico.com\/","name":"Tu mejor opci\u00f3n Equipo M\u00e9dico M\u00e9xico","description":"Tienda de equipo m\u00e9dico","publisher":{"@id":"https:\/\/buscoequipomedico.com\/#organization"},"potentialAction":[{"@type":"SearchAction","target":{"@type":"EntryPoint","urlTemplate":"https:\/\/buscoequipomedico.com\/?s={search_term_string}"},"query-input":{"@type":"PropertyValueSpecification","valueRequired":true,"valueName":"search_term_string"}}],"inLanguage":"es"},{"@type":"Organization","@id":"https:\/\/buscoequipomedico.com\/#organization","name":"Tu mejor opci\u00f3n Equipo M\u00e9dico M\u00e9xico","url":"https:\/\/buscoequipomedico.com\/","logo":{"@type":"ImageObject","inLanguage":"es","@id":"https:\/\/buscoequipomedico.com\/#\/schema\/logo\/image\/","url":"https:\/\/buscoequipomedico.com\/wp-content\/uploads\/2021\/07\/EMM-VPrincipal-scaled.jpg","contentUrl":"https:\/\/buscoequipomedico.com\/wp-content\/uploads\/2021\/07\/EMM-VPrincipal-scaled.jpg","width":2560,"height":1058,"caption":"Tu mejor opci\u00f3n Equipo M\u00e9dico M\u00e9xico"},"image":{"@id":"https:\/\/buscoequipomedico.com\/#\/schema\/logo\/image\/"}}]}},"_links":{"self":[{"href":"https:\/\/buscoequipomedico.com\/index.php?rest_route=\/wp\/v2\/product\/12364","targetHints":{"allow":["GET"]}}],"collection":[{"href":"https:\/\/buscoequipomedico.com\/index.php?rest_route=\/wp\/v2\/product"}],"about":[{"href":"https:\/\/buscoequipomedico.com\/index.php?rest_route=\/wp\/v2\/types\/product"}],"wp:featuredmedia":[{"embeddable":true,"href":"https:\/\/buscoequipomedico.com\/index.php?rest_route=\/wp\/v2\/media\/12365"}],"wp:attachment":[{"href":"https:\/\/buscoequipomedico.com\/index.php?rest_route=%2Fwp%2Fv2%2Fmedia&parent=12364"}],"wp:term":[{"taxonomy":"product_brand","embeddable":true,"href":"https:\/\/buscoequipomedico.com\/index.php?rest_route=%2Fwp%2Fv2%2Fproduct_brand&post=12364"},{"taxonomy":"product_cat","embeddable":true,"href":"https:\/\/buscoequipomedico.com\/index.php?rest_route=%2Fwp%2Fv2%2Fproduct_cat&post=12364"},{"taxonomy":"product_tag","embeddable":true,"href":"https:\/\/buscoequipomedico.com\/index.php?rest_route=%2Fwp%2Fv2%2Fproduct_tag&post=12364"}],"curies":[{"name":"wp","href":"https:\/\/api.w.org\/{rel}","templated":true}]}}