{"id":12366,"date":"2020-02-18T07:35:11","date_gmt":"2020-02-18T07:35:11","guid":{"rendered":"https:\/\/equipomedicomexico-com.preview-domain.com\/product\/lampara-localizadora-de-venas-adulto\/"},"modified":"2020-02-18T07:35:13","modified_gmt":"2020-02-18T07:35:13","slug":"lampara-localizadora-de-venas-adulto","status":"publish","type":"product","link":"https:\/\/buscoequipomedico.com\/?product=lampara-localizadora-de-venas-adulto","title":{"rendered":"LAMPARA LOCALIZADORA DE VENAS ADULTO"},"content":{"rendered":"<p>Con el Localizador de Venas XScan, las venas pueden ser mapeadas para evadir v\u00e1lvulas o bifurcaciones y encontrar el mejor lugar para un acceso seguro.<\/p>\n<p>El dise\u00f1o en forma de C ayuda a asegurar la vena y proporcionar tracci\u00f3n en la piel, facilitando la inserci\u00f3n de la aguja.<\/p>\n<p>El dise\u00f1o \u00fanico en forma de C y los diodos emisores (LEDs) en dos colores, permiten a las venas superficiales ser vistas y accesibles en cualquier parte del cuerpo.<\/p>\n<p>\u00a0<\/p>\n<p><span>CARACTER\u00cdSTICAS:<\/span><\/p>\n<ul>\n<li>Dise\u00f1ado para adultos y ni\u00f1os.<\/li>\n<li>2 colores de LED optimizados para la visualizaci\u00f3n de venas.<\/li>\n<li>24 luces LED (12 naranjas y 12 rojas).<\/li>\n<li>LEDs naranjas para venas superficiales.<\/li>\n<li>LEDs rojos para venas profundas, piel obscura.<\/li>\n<li>Incluye cubiertas pl\u00e1sticas desechables, un adaptador pedi\u00e1trico y un protector de luz.<\/li>\n<li>Bater\u00eda recargable y cargador.<\/li>\n<\/ul>\n<p>\u00a0<\/p>\n<p><span>ESPECIFICACIONES T\u00c9CNICAS:<\/span><\/p>\n<ul>\n<li>\n<span>Aplicaci\u00f3n:<\/span>\u00a0Adultos\/Ni\u00f1os<\/li>\n<li>\n<span>N\u00famero de LEDs:<\/span>\u00a024<\/li>\n<li>\n<span>Color de LEDs:<\/span>\u00a0Naranja (12) + Rojo (12)<\/li>\n<li>\n<span>Interruptores:<\/span>\u00a02<\/li>\n<li>\n<span>Di\u00e1metro de Anillo:<\/span>\u00a021 mm<\/li>\n<li>\n<span>Bater\u00eda:<\/span>\u00a0Ion-Litio recargable<\/li>\n<li>\n<span>Vida de la bater\u00eda:\u00a0<\/span>2 \u2013 2.5 hrs<\/li>\n<li>\n<span>Dimensiones:<\/span>\u00a095 mm x 55 mm x 21 mm<\/li>\n<li>\n<span>Peso con bater\u00eda:<\/span>\u00a071 gr<\/li>\n<\/ul>\n","protected":false},"excerpt":{"rendered":"<p><span>Con el Localizador de Venas XScan, las venas pueden ser mapeadas para evadir v\u00e1lvulas o bifurcaciones y encontrar el mejor lugar para un acceso seguro. El dise\u00f1o en forma de C ayuda a asegurar la vena y proporcionar tracci\u00f3n en la piel, facilitando la inserci\u00f3n de la aguja.<\/span><\/p>\n","protected":false},"featured_media":12367,"template":"","meta":{"_joinchat":[]},"product_brand":[],"product_cat":[278],"product_tag":[],"class_list":{"0":"post-12366","1":"product","2":"type-product","3":"status-publish","4":"has-post-thumbnail","6":"product_cat-lamparas","7":"pa_marca-xignal","9":"first","10":"instock","11":"purchasable","12":"product-type-simple"},"yoast_head":"<!-- This site is optimized with the Yoast SEO plugin v25.1 - https:\/\/yoast.com\/wordpress\/plugins\/seo\/ -->\n<title>LAMPARA LOCALIZADORA DE VENAS ADULTO - Tu mejor opci\u00f3n Equipo M\u00e9dico M\u00e9xico<\/title>\n<meta name=\"robots\" content=\"index, follow, max-snippet:-1, max-image-preview:large, max-video-preview:-1\" \/>\n<link rel=\"canonical\" href=\"https:\/\/buscoequipomedico.com\/?product=lampara-localizadora-de-venas-adulto\" \/>\n<meta property=\"og:locale\" content=\"es_ES\" \/>\n<meta property=\"og:type\" content=\"article\" \/>\n<meta property=\"og:title\" content=\"LAMPARA LOCALIZADORA DE VENAS ADULTO - Tu mejor opci\u00f3n Equipo M\u00e9dico M\u00e9xico\" \/>\n<meta property=\"og:description\" content=\"Con el Localizador de Venas XScan, las venas pueden ser mapeadas para evadir v\u00e1lvulas o bifurcaciones y encontrar el mejor lugar para un acceso seguro. El dise\u00f1o en forma de C ayuda a asegurar la vena y proporcionar tracci\u00f3n en la piel, facilitando la inserci\u00f3n de la aguja.\" \/>\n<meta property=\"og:url\" content=\"https:\/\/buscoequipomedico.com\/?product=lampara-localizadora-de-venas-adulto\" \/>\n<meta property=\"og:site_name\" content=\"Tu mejor opci\u00f3n Equipo M\u00e9dico M\u00e9xico\" \/>\n<meta property=\"article:modified_time\" content=\"2020-02-18T07:35:13+00:00\" \/>\n<meta property=\"og:image\" content=\"https:\/\/buscoequipomedico.com\/wp-content\/uploads\/2020\/02\/lampara-localizadora-de-venas-adulto-con-el-localizador-de-venas-xscan-las-venas-pueden-ser-mapeadas-para-evadir-valvulas-o-bifu.jpg\" \/>\n\t<meta property=\"og:image:width\" content=\"800\" \/>\n\t<meta property=\"og:image:height\" content=\"800\" \/>\n\t<meta property=\"og:image:type\" content=\"image\/png\" \/>\n<meta name=\"twitter:card\" content=\"summary_large_image\" \/>\n<meta name=\"twitter:label1\" content=\"Tiempo de lectura\" \/>\n\t<meta name=\"twitter:data1\" content=\"1 minuto\" \/>\n<script type=\"application\/ld+json\" class=\"yoast-schema-graph\">{\"@context\":\"https:\/\/schema.org\",\"@graph\":[{\"@type\":\"WebPage\",\"@id\":\"https:\/\/buscoequipomedico.com\/?product=lampara-localizadora-de-venas-adulto\",\"url\":\"https:\/\/buscoequipomedico.com\/?product=lampara-localizadora-de-venas-adulto\",\"name\":\"LAMPARA LOCALIZADORA DE VENAS ADULTO - Tu mejor opci\u00f3n Equipo M\u00e9dico M\u00e9xico\",\"isPartOf\":{\"@id\":\"https:\/\/buscoequipomedico.com\/#website\"},\"primaryImageOfPage\":{\"@id\":\"https:\/\/buscoequipomedico.com\/?product=lampara-localizadora-de-venas-adulto#primaryimage\"},\"image\":{\"@id\":\"https:\/\/buscoequipomedico.com\/?product=lampara-localizadora-de-venas-adulto#primaryimage\"},\"thumbnailUrl\":\"https:\/\/buscoequipomedico.com\/wp-content\/uploads\/2020\/02\/lampara-localizadora-de-venas-adulto-con-el-localizador-de-venas-xscan-las-venas-pueden-ser-mapeadas-para-evadir-valvulas-o-bifu.jpg\",\"datePublished\":\"2020-02-18T07:35:11+00:00\",\"dateModified\":\"2020-02-18T07:35:13+00:00\",\"breadcrumb\":{\"@id\":\"https:\/\/buscoequipomedico.com\/?product=lampara-localizadora-de-venas-adulto#breadcrumb\"},\"inLanguage\":\"es\",\"potentialAction\":[{\"@type\":\"ReadAction\",\"target\":[\"https:\/\/buscoequipomedico.com\/?product=lampara-localizadora-de-venas-adulto\"]}]},{\"@type\":\"ImageObject\",\"inLanguage\":\"es\",\"@id\":\"https:\/\/buscoequipomedico.com\/?product=lampara-localizadora-de-venas-adulto#primaryimage\",\"url\":\"https:\/\/buscoequipomedico.com\/wp-content\/uploads\/2020\/02\/lampara-localizadora-de-venas-adulto-con-el-localizador-de-venas-xscan-las-venas-pueden-ser-mapeadas-para-evadir-valvulas-o-bifu.jpg\",\"contentUrl\":\"https:\/\/buscoequipomedico.com\/wp-content\/uploads\/2020\/02\/lampara-localizadora-de-venas-adulto-con-el-localizador-de-venas-xscan-las-venas-pueden-ser-mapeadas-para-evadir-valvulas-o-bifu.jpg\",\"width\":800,\"height\":800},{\"@type\":\"BreadcrumbList\",\"@id\":\"https:\/\/buscoequipomedico.com\/?product=lampara-localizadora-de-venas-adulto#breadcrumb\",\"itemListElement\":[{\"@type\":\"ListItem\",\"position\":1,\"name\":\"Productos\",\"item\":\"https:\/\/buscoequipomedico.com\/shop\/\"},{\"@type\":\"ListItem\",\"position\":2,\"name\":\"LAMPARA LOCALIZADORA DE VENAS ADULTO\"}]},{\"@type\":\"WebSite\",\"@id\":\"https:\/\/buscoequipomedico.com\/#website\",\"url\":\"https:\/\/buscoequipomedico.com\/\",\"name\":\"Tu mejor opci\u00f3n Equipo M\u00e9dico M\u00e9xico\",\"description\":\"Tienda de equipo m\u00e9dico\",\"publisher\":{\"@id\":\"https:\/\/buscoequipomedico.com\/#organization\"},\"potentialAction\":[{\"@type\":\"SearchAction\",\"target\":{\"@type\":\"EntryPoint\",\"urlTemplate\":\"https:\/\/buscoequipomedico.com\/?s={search_term_string}\"},\"query-input\":{\"@type\":\"PropertyValueSpecification\",\"valueRequired\":true,\"valueName\":\"search_term_string\"}}],\"inLanguage\":\"es\"},{\"@type\":\"Organization\",\"@id\":\"https:\/\/buscoequipomedico.com\/#organization\",\"name\":\"Tu mejor opci\u00f3n Equipo M\u00e9dico M\u00e9xico\",\"url\":\"https:\/\/buscoequipomedico.com\/\",\"logo\":{\"@type\":\"ImageObject\",\"inLanguage\":\"es\",\"@id\":\"https:\/\/buscoequipomedico.com\/#\/schema\/logo\/image\/\",\"url\":\"https:\/\/buscoequipomedico.com\/wp-content\/uploads\/2021\/07\/EMM-VPrincipal-scaled.jpg\",\"contentUrl\":\"https:\/\/buscoequipomedico.com\/wp-content\/uploads\/2021\/07\/EMM-VPrincipal-scaled.jpg\",\"width\":2560,\"height\":1058,\"caption\":\"Tu mejor opci\u00f3n Equipo M\u00e9dico M\u00e9xico\"},\"image\":{\"@id\":\"https:\/\/buscoequipomedico.com\/#\/schema\/logo\/image\/\"}}]}<\/script>\n<!-- \/ Yoast SEO plugin. -->","yoast_head_json":{"title":"LAMPARA LOCALIZADORA DE VENAS ADULTO - Tu mejor opci\u00f3n Equipo M\u00e9dico M\u00e9xico","robots":{"index":"index","follow":"follow","max-snippet":"max-snippet:-1","max-image-preview":"max-image-preview:large","max-video-preview":"max-video-preview:-1"},"canonical":"https:\/\/buscoequipomedico.com\/?product=lampara-localizadora-de-venas-adulto","og_locale":"es_ES","og_type":"article","og_title":"LAMPARA LOCALIZADORA DE VENAS ADULTO - Tu mejor opci\u00f3n Equipo M\u00e9dico M\u00e9xico","og_description":"Con el Localizador de Venas XScan, las venas pueden ser mapeadas para evadir v\u00e1lvulas o bifurcaciones y encontrar el mejor lugar para un acceso seguro. El dise\u00f1o en forma de C ayuda a asegurar la vena y proporcionar tracci\u00f3n en la piel, facilitando la inserci\u00f3n de la aguja.","og_url":"https:\/\/buscoequipomedico.com\/?product=lampara-localizadora-de-venas-adulto","og_site_name":"Tu mejor opci\u00f3n Equipo M\u00e9dico M\u00e9xico","article_modified_time":"2020-02-18T07:35:13+00:00","og_image":[{"width":800,"height":800,"url":"https:\/\/buscoequipomedico.com\/wp-content\/uploads\/2020\/02\/lampara-localizadora-de-venas-adulto-con-el-localizador-de-venas-xscan-las-venas-pueden-ser-mapeadas-para-evadir-valvulas-o-bifu.jpg","type":"image\/png"}],"twitter_card":"summary_large_image","twitter_misc":{"Tiempo de lectura":"1 minuto"},"schema":{"@context":"https:\/\/schema.org","@graph":[{"@type":"WebPage","@id":"https:\/\/buscoequipomedico.com\/?product=lampara-localizadora-de-venas-adulto","url":"https:\/\/buscoequipomedico.com\/?product=lampara-localizadora-de-venas-adulto","name":"LAMPARA LOCALIZADORA DE VENAS ADULTO - Tu mejor opci\u00f3n Equipo M\u00e9dico M\u00e9xico","isPartOf":{"@id":"https:\/\/buscoequipomedico.com\/#website"},"primaryImageOfPage":{"@id":"https:\/\/buscoequipomedico.com\/?product=lampara-localizadora-de-venas-adulto#primaryimage"},"image":{"@id":"https:\/\/buscoequipomedico.com\/?product=lampara-localizadora-de-venas-adulto#primaryimage"},"thumbnailUrl":"https:\/\/buscoequipomedico.com\/wp-content\/uploads\/2020\/02\/lampara-localizadora-de-venas-adulto-con-el-localizador-de-venas-xscan-las-venas-pueden-ser-mapeadas-para-evadir-valvulas-o-bifu.jpg","datePublished":"2020-02-18T07:35:11+00:00","dateModified":"2020-02-18T07:35:13+00:00","breadcrumb":{"@id":"https:\/\/buscoequipomedico.com\/?product=lampara-localizadora-de-venas-adulto#breadcrumb"},"inLanguage":"es","potentialAction":[{"@type":"ReadAction","target":["https:\/\/buscoequipomedico.com\/?product=lampara-localizadora-de-venas-adulto"]}]},{"@type":"ImageObject","inLanguage":"es","@id":"https:\/\/buscoequipomedico.com\/?product=lampara-localizadora-de-venas-adulto#primaryimage","url":"https:\/\/buscoequipomedico.com\/wp-content\/uploads\/2020\/02\/lampara-localizadora-de-venas-adulto-con-el-localizador-de-venas-xscan-las-venas-pueden-ser-mapeadas-para-evadir-valvulas-o-bifu.jpg","contentUrl":"https:\/\/buscoequipomedico.com\/wp-content\/uploads\/2020\/02\/lampara-localizadora-de-venas-adulto-con-el-localizador-de-venas-xscan-las-venas-pueden-ser-mapeadas-para-evadir-valvulas-o-bifu.jpg","width":800,"height":800},{"@type":"BreadcrumbList","@id":"https:\/\/buscoequipomedico.com\/?product=lampara-localizadora-de-venas-adulto#breadcrumb","itemListElement":[{"@type":"ListItem","position":1,"name":"Productos","item":"https:\/\/buscoequipomedico.com\/shop\/"},{"@type":"ListItem","position":2,"name":"LAMPARA LOCALIZADORA DE VENAS ADULTO"}]},{"@type":"WebSite","@id":"https:\/\/buscoequipomedico.com\/#website","url":"https:\/\/buscoequipomedico.com\/","name":"Tu mejor opci\u00f3n Equipo M\u00e9dico M\u00e9xico","description":"Tienda de equipo m\u00e9dico","publisher":{"@id":"https:\/\/buscoequipomedico.com\/#organization"},"potentialAction":[{"@type":"SearchAction","target":{"@type":"EntryPoint","urlTemplate":"https:\/\/buscoequipomedico.com\/?s={search_term_string}"},"query-input":{"@type":"PropertyValueSpecification","valueRequired":true,"valueName":"search_term_string"}}],"inLanguage":"es"},{"@type":"Organization","@id":"https:\/\/buscoequipomedico.com\/#organization","name":"Tu mejor opci\u00f3n Equipo M\u00e9dico M\u00e9xico","url":"https:\/\/buscoequipomedico.com\/","logo":{"@type":"ImageObject","inLanguage":"es","@id":"https:\/\/buscoequipomedico.com\/#\/schema\/logo\/image\/","url":"https:\/\/buscoequipomedico.com\/wp-content\/uploads\/2021\/07\/EMM-VPrincipal-scaled.jpg","contentUrl":"https:\/\/buscoequipomedico.com\/wp-content\/uploads\/2021\/07\/EMM-VPrincipal-scaled.jpg","width":2560,"height":1058,"caption":"Tu mejor opci\u00f3n Equipo M\u00e9dico M\u00e9xico"},"image":{"@id":"https:\/\/buscoequipomedico.com\/#\/schema\/logo\/image\/"}}]}},"_links":{"self":[{"href":"https:\/\/buscoequipomedico.com\/index.php?rest_route=\/wp\/v2\/product\/12366","targetHints":{"allow":["GET"]}}],"collection":[{"href":"https:\/\/buscoequipomedico.com\/index.php?rest_route=\/wp\/v2\/product"}],"about":[{"href":"https:\/\/buscoequipomedico.com\/index.php?rest_route=\/wp\/v2\/types\/product"}],"wp:featuredmedia":[{"embeddable":true,"href":"https:\/\/buscoequipomedico.com\/index.php?rest_route=\/wp\/v2\/media\/12367"}],"wp:attachment":[{"href":"https:\/\/buscoequipomedico.com\/index.php?rest_route=%2Fwp%2Fv2%2Fmedia&parent=12366"}],"wp:term":[{"taxonomy":"product_brand","embeddable":true,"href":"https:\/\/buscoequipomedico.com\/index.php?rest_route=%2Fwp%2Fv2%2Fproduct_brand&post=12366"},{"taxonomy":"product_cat","embeddable":true,"href":"https:\/\/buscoequipomedico.com\/index.php?rest_route=%2Fwp%2Fv2%2Fproduct_cat&post=12366"},{"taxonomy":"product_tag","embeddable":true,"href":"https:\/\/buscoequipomedico.com\/index.php?rest_route=%2Fwp%2Fv2%2Fproduct_tag&post=12366"}],"curies":[{"name":"wp","href":"https:\/\/api.w.org\/{rel}","templated":true}]}}