{"id":12386,"date":"2020-02-18T07:35:11","date_gmt":"2020-02-18T07:35:11","guid":{"rendered":"https:\/\/equipomedicomexico-com.preview-domain.com\/product\/lamparas-medicas-led600-sencilla-techo\/"},"modified":"2020-02-18T07:35:15","modified_gmt":"2020-02-18T07:35:15","slug":"lamparas-medicas-led600-sencilla-techo","status":"publish","type":"product","link":"https:\/\/buscoequipomedico.com\/?product=lamparas-medicas-led600-sencilla-techo","title":{"rendered":"LAMPARAS MEDICAS LED600 SENCILLA TECHO"},"content":{"rendered":"<p>\u2022 Vida de Focos LED 80,000 hrs<\/p>\n<p>\u2022 La c\u00fapula es hermosa y suave y est\u00e1 hecha de aleaci\u00f3n de aluminio de nivel Aviaci\u00f3n, con la superficie cubierta con una capa protectora de material anti-bacterias, adem\u00e1s del dise\u00f1o a prueba de agua<\/p>\n<\/p>\n<p>\u2022 Sin sombra, sin calor, alto rendimiento de brillantez<\/p>\n","protected":false},"excerpt":{"rendered":"<p>\u2022 60,000 a 150,000 LUX (LED600)<\/p>\n<p>\u2022 4300\u00b0 Kelvin (temperatura de color),<\/p>\n<p>\u2022 free Voltaje (100~240Vac).<\/p><\/p>\n","protected":false},"featured_media":12387,"template":"","meta":{"_joinchat":[]},"product_brand":[],"product_cat":[278,280],"product_tag":[],"class_list":{"0":"post-12386","1":"product","2":"type-product","3":"status-publish","4":"has-post-thumbnail","6":"product_cat-lamparas","7":"product_cat-lamparas-de-cirugia","8":"pa_marca-ecomed","10":"first","11":"instock","12":"purchasable","13":"product-type-simple"},"yoast_head":"<!-- This site is optimized with the Yoast SEO plugin v25.1 - https:\/\/yoast.com\/wordpress\/plugins\/seo\/ -->\n<title>LAMPARAS MEDICAS LED600 SENCILLA TECHO - Tu mejor opci\u00f3n Equipo M\u00e9dico M\u00e9xico<\/title>\n<meta name=\"robots\" content=\"index, follow, max-snippet:-1, max-image-preview:large, max-video-preview:-1\" \/>\n<link rel=\"canonical\" href=\"https:\/\/buscoequipomedico.com\/?product=lamparas-medicas-led600-sencilla-techo\" \/>\n<meta property=\"og:locale\" content=\"es_ES\" \/>\n<meta property=\"og:type\" content=\"article\" \/>\n<meta property=\"og:title\" content=\"LAMPARAS MEDICAS LED600 SENCILLA TECHO - Tu mejor opci\u00f3n Equipo M\u00e9dico M\u00e9xico\" \/>\n<meta property=\"og:description\" content=\"\u2022 60,000 a 150,000 LUX (LED600) \u2022 4300\u00b0 Kelvin (temperatura de color), \u2022 free Voltaje (100~240Vac).\" \/>\n<meta property=\"og:url\" content=\"https:\/\/buscoequipomedico.com\/?product=lamparas-medicas-led600-sencilla-techo\" \/>\n<meta property=\"og:site_name\" content=\"Tu mejor opci\u00f3n Equipo M\u00e9dico M\u00e9xico\" \/>\n<meta property=\"article:modified_time\" content=\"2020-02-18T07:35:15+00:00\" \/>\n<meta property=\"og:image\" content=\"https:\/\/buscoequipomedico.com\/wp-content\/uploads\/2020\/02\/lamparas-medicas-led600-sencilla-techo-o-60000-a-150000-lux-led600-o-4300-kelvin-temperatura-de-color-o-free-voltaje-100240vac.jpg\" \/>\n\t<meta property=\"og:image:width\" content=\"800\" \/>\n\t<meta property=\"og:image:height\" content=\"800\" \/>\n\t<meta property=\"og:image:type\" content=\"image\/png\" \/>\n<meta name=\"twitter:card\" content=\"summary_large_image\" \/>\n<script type=\"application\/ld+json\" class=\"yoast-schema-graph\">{\"@context\":\"https:\/\/schema.org\",\"@graph\":[{\"@type\":\"WebPage\",\"@id\":\"https:\/\/buscoequipomedico.com\/?product=lamparas-medicas-led600-sencilla-techo\",\"url\":\"https:\/\/buscoequipomedico.com\/?product=lamparas-medicas-led600-sencilla-techo\",\"name\":\"LAMPARAS MEDICAS LED600 SENCILLA TECHO - Tu mejor opci\u00f3n Equipo M\u00e9dico M\u00e9xico\",\"isPartOf\":{\"@id\":\"https:\/\/buscoequipomedico.com\/#website\"},\"primaryImageOfPage\":{\"@id\":\"https:\/\/buscoequipomedico.com\/?product=lamparas-medicas-led600-sencilla-techo#primaryimage\"},\"image\":{\"@id\":\"https:\/\/buscoequipomedico.com\/?product=lamparas-medicas-led600-sencilla-techo#primaryimage\"},\"thumbnailUrl\":\"https:\/\/buscoequipomedico.com\/wp-content\/uploads\/2020\/02\/lamparas-medicas-led600-sencilla-techo-o-60000-a-150000-lux-led600-o-4300-kelvin-temperatura-de-color-o-free-voltaje-100240vac.jpg\",\"datePublished\":\"2020-02-18T07:35:11+00:00\",\"dateModified\":\"2020-02-18T07:35:15+00:00\",\"breadcrumb\":{\"@id\":\"https:\/\/buscoequipomedico.com\/?product=lamparas-medicas-led600-sencilla-techo#breadcrumb\"},\"inLanguage\":\"es\",\"potentialAction\":[{\"@type\":\"ReadAction\",\"target\":[\"https:\/\/buscoequipomedico.com\/?product=lamparas-medicas-led600-sencilla-techo\"]}]},{\"@type\":\"ImageObject\",\"inLanguage\":\"es\",\"@id\":\"https:\/\/buscoequipomedico.com\/?product=lamparas-medicas-led600-sencilla-techo#primaryimage\",\"url\":\"https:\/\/buscoequipomedico.com\/wp-content\/uploads\/2020\/02\/lamparas-medicas-led600-sencilla-techo-o-60000-a-150000-lux-led600-o-4300-kelvin-temperatura-de-color-o-free-voltaje-100240vac.jpg\",\"contentUrl\":\"https:\/\/buscoequipomedico.com\/wp-content\/uploads\/2020\/02\/lamparas-medicas-led600-sencilla-techo-o-60000-a-150000-lux-led600-o-4300-kelvin-temperatura-de-color-o-free-voltaje-100240vac.jpg\",\"width\":800,\"height\":800},{\"@type\":\"BreadcrumbList\",\"@id\":\"https:\/\/buscoequipomedico.com\/?product=lamparas-medicas-led600-sencilla-techo#breadcrumb\",\"itemListElement\":[{\"@type\":\"ListItem\",\"position\":1,\"name\":\"Productos\",\"item\":\"https:\/\/buscoequipomedico.com\/shop\/\"},{\"@type\":\"ListItem\",\"position\":2,\"name\":\"LAMPARAS MEDICAS LED600 SENCILLA TECHO\"}]},{\"@type\":\"WebSite\",\"@id\":\"https:\/\/buscoequipomedico.com\/#website\",\"url\":\"https:\/\/buscoequipomedico.com\/\",\"name\":\"Tu mejor opci\u00f3n Equipo M\u00e9dico M\u00e9xico\",\"description\":\"Tienda de equipo m\u00e9dico\",\"publisher\":{\"@id\":\"https:\/\/buscoequipomedico.com\/#organization\"},\"potentialAction\":[{\"@type\":\"SearchAction\",\"target\":{\"@type\":\"EntryPoint\",\"urlTemplate\":\"https:\/\/buscoequipomedico.com\/?s={search_term_string}\"},\"query-input\":{\"@type\":\"PropertyValueSpecification\",\"valueRequired\":true,\"valueName\":\"search_term_string\"}}],\"inLanguage\":\"es\"},{\"@type\":\"Organization\",\"@id\":\"https:\/\/buscoequipomedico.com\/#organization\",\"name\":\"Tu mejor opci\u00f3n Equipo M\u00e9dico M\u00e9xico\",\"url\":\"https:\/\/buscoequipomedico.com\/\",\"logo\":{\"@type\":\"ImageObject\",\"inLanguage\":\"es\",\"@id\":\"https:\/\/buscoequipomedico.com\/#\/schema\/logo\/image\/\",\"url\":\"https:\/\/buscoequipomedico.com\/wp-content\/uploads\/2021\/07\/EMM-VPrincipal-scaled.jpg\",\"contentUrl\":\"https:\/\/buscoequipomedico.com\/wp-content\/uploads\/2021\/07\/EMM-VPrincipal-scaled.jpg\",\"width\":2560,\"height\":1058,\"caption\":\"Tu mejor opci\u00f3n Equipo M\u00e9dico M\u00e9xico\"},\"image\":{\"@id\":\"https:\/\/buscoequipomedico.com\/#\/schema\/logo\/image\/\"}}]}<\/script>\n<!-- \/ Yoast SEO plugin. -->","yoast_head_json":{"title":"LAMPARAS MEDICAS LED600 SENCILLA TECHO - Tu mejor opci\u00f3n Equipo M\u00e9dico M\u00e9xico","robots":{"index":"index","follow":"follow","max-snippet":"max-snippet:-1","max-image-preview":"max-image-preview:large","max-video-preview":"max-video-preview:-1"},"canonical":"https:\/\/buscoequipomedico.com\/?product=lamparas-medicas-led600-sencilla-techo","og_locale":"es_ES","og_type":"article","og_title":"LAMPARAS MEDICAS LED600 SENCILLA TECHO - Tu mejor opci\u00f3n Equipo M\u00e9dico M\u00e9xico","og_description":"\u2022 60,000 a 150,000 LUX (LED600) \u2022 4300\u00b0 Kelvin (temperatura de color), \u2022 free Voltaje (100~240Vac).","og_url":"https:\/\/buscoequipomedico.com\/?product=lamparas-medicas-led600-sencilla-techo","og_site_name":"Tu mejor opci\u00f3n Equipo M\u00e9dico M\u00e9xico","article_modified_time":"2020-02-18T07:35:15+00:00","og_image":[{"width":800,"height":800,"url":"https:\/\/buscoequipomedico.com\/wp-content\/uploads\/2020\/02\/lamparas-medicas-led600-sencilla-techo-o-60000-a-150000-lux-led600-o-4300-kelvin-temperatura-de-color-o-free-voltaje-100240vac.jpg","type":"image\/png"}],"twitter_card":"summary_large_image","schema":{"@context":"https:\/\/schema.org","@graph":[{"@type":"WebPage","@id":"https:\/\/buscoequipomedico.com\/?product=lamparas-medicas-led600-sencilla-techo","url":"https:\/\/buscoequipomedico.com\/?product=lamparas-medicas-led600-sencilla-techo","name":"LAMPARAS MEDICAS LED600 SENCILLA TECHO - Tu mejor opci\u00f3n Equipo M\u00e9dico M\u00e9xico","isPartOf":{"@id":"https:\/\/buscoequipomedico.com\/#website"},"primaryImageOfPage":{"@id":"https:\/\/buscoequipomedico.com\/?product=lamparas-medicas-led600-sencilla-techo#primaryimage"},"image":{"@id":"https:\/\/buscoequipomedico.com\/?product=lamparas-medicas-led600-sencilla-techo#primaryimage"},"thumbnailUrl":"https:\/\/buscoequipomedico.com\/wp-content\/uploads\/2020\/02\/lamparas-medicas-led600-sencilla-techo-o-60000-a-150000-lux-led600-o-4300-kelvin-temperatura-de-color-o-free-voltaje-100240vac.jpg","datePublished":"2020-02-18T07:35:11+00:00","dateModified":"2020-02-18T07:35:15+00:00","breadcrumb":{"@id":"https:\/\/buscoequipomedico.com\/?product=lamparas-medicas-led600-sencilla-techo#breadcrumb"},"inLanguage":"es","potentialAction":[{"@type":"ReadAction","target":["https:\/\/buscoequipomedico.com\/?product=lamparas-medicas-led600-sencilla-techo"]}]},{"@type":"ImageObject","inLanguage":"es","@id":"https:\/\/buscoequipomedico.com\/?product=lamparas-medicas-led600-sencilla-techo#primaryimage","url":"https:\/\/buscoequipomedico.com\/wp-content\/uploads\/2020\/02\/lamparas-medicas-led600-sencilla-techo-o-60000-a-150000-lux-led600-o-4300-kelvin-temperatura-de-color-o-free-voltaje-100240vac.jpg","contentUrl":"https:\/\/buscoequipomedico.com\/wp-content\/uploads\/2020\/02\/lamparas-medicas-led600-sencilla-techo-o-60000-a-150000-lux-led600-o-4300-kelvin-temperatura-de-color-o-free-voltaje-100240vac.jpg","width":800,"height":800},{"@type":"BreadcrumbList","@id":"https:\/\/buscoequipomedico.com\/?product=lamparas-medicas-led600-sencilla-techo#breadcrumb","itemListElement":[{"@type":"ListItem","position":1,"name":"Productos","item":"https:\/\/buscoequipomedico.com\/shop\/"},{"@type":"ListItem","position":2,"name":"LAMPARAS MEDICAS LED600 SENCILLA TECHO"}]},{"@type":"WebSite","@id":"https:\/\/buscoequipomedico.com\/#website","url":"https:\/\/buscoequipomedico.com\/","name":"Tu mejor opci\u00f3n Equipo M\u00e9dico M\u00e9xico","description":"Tienda de equipo m\u00e9dico","publisher":{"@id":"https:\/\/buscoequipomedico.com\/#organization"},"potentialAction":[{"@type":"SearchAction","target":{"@type":"EntryPoint","urlTemplate":"https:\/\/buscoequipomedico.com\/?s={search_term_string}"},"query-input":{"@type":"PropertyValueSpecification","valueRequired":true,"valueName":"search_term_string"}}],"inLanguage":"es"},{"@type":"Organization","@id":"https:\/\/buscoequipomedico.com\/#organization","name":"Tu mejor opci\u00f3n Equipo M\u00e9dico M\u00e9xico","url":"https:\/\/buscoequipomedico.com\/","logo":{"@type":"ImageObject","inLanguage":"es","@id":"https:\/\/buscoequipomedico.com\/#\/schema\/logo\/image\/","url":"https:\/\/buscoequipomedico.com\/wp-content\/uploads\/2021\/07\/EMM-VPrincipal-scaled.jpg","contentUrl":"https:\/\/buscoequipomedico.com\/wp-content\/uploads\/2021\/07\/EMM-VPrincipal-scaled.jpg","width":2560,"height":1058,"caption":"Tu mejor opci\u00f3n Equipo M\u00e9dico M\u00e9xico"},"image":{"@id":"https:\/\/buscoequipomedico.com\/#\/schema\/logo\/image\/"}}]}},"_links":{"self":[{"href":"https:\/\/buscoequipomedico.com\/index.php?rest_route=\/wp\/v2\/product\/12386","targetHints":{"allow":["GET"]}}],"collection":[{"href":"https:\/\/buscoequipomedico.com\/index.php?rest_route=\/wp\/v2\/product"}],"about":[{"href":"https:\/\/buscoequipomedico.com\/index.php?rest_route=\/wp\/v2\/types\/product"}],"wp:featuredmedia":[{"embeddable":true,"href":"https:\/\/buscoequipomedico.com\/index.php?rest_route=\/wp\/v2\/media\/12387"}],"wp:attachment":[{"href":"https:\/\/buscoequipomedico.com\/index.php?rest_route=%2Fwp%2Fv2%2Fmedia&parent=12386"}],"wp:term":[{"taxonomy":"product_brand","embeddable":true,"href":"https:\/\/buscoequipomedico.com\/index.php?rest_route=%2Fwp%2Fv2%2Fproduct_brand&post=12386"},{"taxonomy":"product_cat","embeddable":true,"href":"https:\/\/buscoequipomedico.com\/index.php?rest_route=%2Fwp%2Fv2%2Fproduct_cat&post=12386"},{"taxonomy":"product_tag","embeddable":true,"href":"https:\/\/buscoequipomedico.com\/index.php?rest_route=%2Fwp%2Fv2%2Fproduct_tag&post=12386"}],"curies":[{"name":"wp","href":"https:\/\/api.w.org\/{rel}","templated":true}]}}