{"id":12396,"date":"2020-02-18T07:35:17","date_gmt":"2020-02-18T07:35:17","guid":{"rendered":"https:\/\/equipomedicomexico-com.preview-domain.com\/product\/lampara-tipo-piso\/"},"modified":"2020-02-18T07:35:17","modified_gmt":"2020-02-18T07:35:17","slug":"lampara-tipo-piso","status":"publish","type":"product","link":"https:\/\/buscoequipomedico.com\/?product=lampara-tipo-piso","title":{"rendered":"LAMPARA TIPO-PISO"},"content":{"rendered":"<p>Caracter\u00edsticas:<\/p>\n<\/p>\n<p>Vida de foco LED 50,000 horas (aprox. 10 &#8211; 20 a\u00f1os)<\/p>\n<p>100,000 LUX (1m)<\/p>\n<p>Color temperatura: 4,300\u00b0 K<\/p>\n<p>Virtualmente sin emisiones de calor lo que hace mas confortable el uso durante una operaci\u00f3n, en comparaci\u00f3n de hal\u00f3geno y con menos de mitad de consumo de electricidad.<\/p>\n<p>Iluminaci\u00f3n y color verdadero: sofisticado dise\u00f1o con lentes emite colores dentro de un haz enfocado para entregar una luz completamente blanca adecuada para una precisi\u00f3n de color, evitando las imperfecciones de color que entregan las l\u00e1mparas led normalmente.<\/p>\n<p>Control de intensidad: 5 pasos.<\/p>\n<p>Mejor control de sombras: dise\u00f1o de lentes focalizados individualmente.<\/p>\n<p>Incluye:<\/p>\n<\/p>\n<p>Mango esterilizable.<\/p>\n","protected":false},"excerpt":{"rendered":"<p>L\u00e1mpara para quir\u00f3fano sencilla de piso de 100,000 Luxes de LED linea MI-1000<\/p>\n<\/p>\n<p>Ideal para grandes cirug\u00edas y salas de cirug\u00eda m\u00e1s grandes, la l\u00e1mpara de cirug\u00eda MI-1000 ofrece una longevidad y flexibilidad sin igual en un paquete incre\u00edblemente obtenible. El conjunto LED de gran di\u00e1metro proporciona un control de sombra excepcional, incluso con una sola cabeza de luz. Controlar el brillo dentro del campo de iluminaci\u00f3n es simple, con el controlador de regulaci\u00f3n de 5 etapas (incluyendo el modo m\u00ednimamente invasivo).<\/p>\n","protected":false},"featured_media":12397,"template":"","meta":{"_joinchat":[]},"product_brand":[],"product_cat":[278,280],"product_tag":[],"class_list":{"0":"post-12396","1":"product","2":"type-product","3":"status-publish","4":"has-post-thumbnail","6":"product_cat-lamparas","7":"product_cat-lamparas-de-cirugia","8":"pa_marca-medical-illumination","10":"first","11":"instock","12":"purchasable","13":"product-type-simple"},"yoast_head":"<!-- This site is optimized with the Yoast SEO plugin v25.1 - https:\/\/yoast.com\/wordpress\/plugins\/seo\/ -->\n<title>LAMPARA TIPO-PISO - Tu mejor opci\u00f3n Equipo M\u00e9dico M\u00e9xico<\/title>\n<meta name=\"robots\" content=\"index, follow, max-snippet:-1, max-image-preview:large, max-video-preview:-1\" \/>\n<link rel=\"canonical\" href=\"https:\/\/buscoequipomedico.com\/?product=lampara-tipo-piso\" \/>\n<meta property=\"og:locale\" content=\"es_ES\" \/>\n<meta property=\"og:type\" content=\"article\" \/>\n<meta property=\"og:title\" content=\"LAMPARA TIPO-PISO - Tu mejor opci\u00f3n Equipo M\u00e9dico M\u00e9xico\" \/>\n<meta property=\"og:description\" content=\"L\u00e1mpara para quir\u00f3fano sencilla de piso de 100,000 Luxes de LED linea MI-1000 Ideal para grandes cirug\u00edas y salas de cirug\u00eda m\u00e1s grandes, la l\u00e1mpara de cirug\u00eda MI-1000 ofrece una longevidad y flexibilidad sin igual en un paquete incre\u00edblemente obtenible. El conjunto LED de gran di\u00e1metro proporciona un control de sombra excepcional, incluso con una sola cabeza de luz. Controlar el brillo dentro del campo de iluminaci\u00f3n es simple, con el controlador de regulaci\u00f3n de 5 etapas (incluyendo el modo m\u00ednimamente invasivo).\" \/>\n<meta property=\"og:url\" content=\"https:\/\/buscoequipomedico.com\/?product=lampara-tipo-piso\" \/>\n<meta property=\"og:site_name\" content=\"Tu mejor opci\u00f3n Equipo M\u00e9dico M\u00e9xico\" \/>\n<meta property=\"og:image\" content=\"https:\/\/buscoequipomedico.com\/wp-content\/uploads\/2020\/02\/lampara-tipo-piso-lampara-para-quirofano-sencilla-de-piso-de-100000-luxes-de-led-linea-mi-1000-ideal-para-grandes-cirugias-y-sal.jpg\" \/>\n\t<meta property=\"og:image:width\" content=\"800\" \/>\n\t<meta property=\"og:image:height\" content=\"800\" \/>\n\t<meta property=\"og:image:type\" content=\"image\/png\" \/>\n<meta name=\"twitter:card\" content=\"summary_large_image\" \/>\n<meta name=\"twitter:label1\" content=\"Tiempo de lectura\" \/>\n\t<meta name=\"twitter:data1\" content=\"1 minuto\" \/>\n<script type=\"application\/ld+json\" class=\"yoast-schema-graph\">{\"@context\":\"https:\/\/schema.org\",\"@graph\":[{\"@type\":\"WebPage\",\"@id\":\"https:\/\/buscoequipomedico.com\/?product=lampara-tipo-piso\",\"url\":\"https:\/\/buscoequipomedico.com\/?product=lampara-tipo-piso\",\"name\":\"LAMPARA TIPO-PISO - Tu mejor opci\u00f3n Equipo M\u00e9dico M\u00e9xico\",\"isPartOf\":{\"@id\":\"https:\/\/buscoequipomedico.com\/#website\"},\"primaryImageOfPage\":{\"@id\":\"https:\/\/buscoequipomedico.com\/?product=lampara-tipo-piso#primaryimage\"},\"image\":{\"@id\":\"https:\/\/buscoequipomedico.com\/?product=lampara-tipo-piso#primaryimage\"},\"thumbnailUrl\":\"https:\/\/buscoequipomedico.com\/wp-content\/uploads\/2020\/02\/lampara-tipo-piso-lampara-para-quirofano-sencilla-de-piso-de-100000-luxes-de-led-linea-mi-1000-ideal-para-grandes-cirugias-y-sal.jpg\",\"datePublished\":\"2020-02-18T07:35:17+00:00\",\"breadcrumb\":{\"@id\":\"https:\/\/buscoequipomedico.com\/?product=lampara-tipo-piso#breadcrumb\"},\"inLanguage\":\"es\",\"potentialAction\":[{\"@type\":\"ReadAction\",\"target\":[\"https:\/\/buscoequipomedico.com\/?product=lampara-tipo-piso\"]}]},{\"@type\":\"ImageObject\",\"inLanguage\":\"es\",\"@id\":\"https:\/\/buscoequipomedico.com\/?product=lampara-tipo-piso#primaryimage\",\"url\":\"https:\/\/buscoequipomedico.com\/wp-content\/uploads\/2020\/02\/lampara-tipo-piso-lampara-para-quirofano-sencilla-de-piso-de-100000-luxes-de-led-linea-mi-1000-ideal-para-grandes-cirugias-y-sal.jpg\",\"contentUrl\":\"https:\/\/buscoequipomedico.com\/wp-content\/uploads\/2020\/02\/lampara-tipo-piso-lampara-para-quirofano-sencilla-de-piso-de-100000-luxes-de-led-linea-mi-1000-ideal-para-grandes-cirugias-y-sal.jpg\",\"width\":800,\"height\":800},{\"@type\":\"BreadcrumbList\",\"@id\":\"https:\/\/buscoequipomedico.com\/?product=lampara-tipo-piso#breadcrumb\",\"itemListElement\":[{\"@type\":\"ListItem\",\"position\":1,\"name\":\"Productos\",\"item\":\"https:\/\/buscoequipomedico.com\/shop\/\"},{\"@type\":\"ListItem\",\"position\":2,\"name\":\"LAMPARA TIPO-PISO\"}]},{\"@type\":\"WebSite\",\"@id\":\"https:\/\/buscoequipomedico.com\/#website\",\"url\":\"https:\/\/buscoequipomedico.com\/\",\"name\":\"Tu mejor opci\u00f3n Equipo M\u00e9dico M\u00e9xico\",\"description\":\"Tienda de equipo m\u00e9dico\",\"publisher\":{\"@id\":\"https:\/\/buscoequipomedico.com\/#organization\"},\"potentialAction\":[{\"@type\":\"SearchAction\",\"target\":{\"@type\":\"EntryPoint\",\"urlTemplate\":\"https:\/\/buscoequipomedico.com\/?s={search_term_string}\"},\"query-input\":{\"@type\":\"PropertyValueSpecification\",\"valueRequired\":true,\"valueName\":\"search_term_string\"}}],\"inLanguage\":\"es\"},{\"@type\":\"Organization\",\"@id\":\"https:\/\/buscoequipomedico.com\/#organization\",\"name\":\"Tu mejor opci\u00f3n Equipo M\u00e9dico M\u00e9xico\",\"url\":\"https:\/\/buscoequipomedico.com\/\",\"logo\":{\"@type\":\"ImageObject\",\"inLanguage\":\"es\",\"@id\":\"https:\/\/buscoequipomedico.com\/#\/schema\/logo\/image\/\",\"url\":\"https:\/\/buscoequipomedico.com\/wp-content\/uploads\/2021\/07\/EMM-VPrincipal-scaled.jpg\",\"contentUrl\":\"https:\/\/buscoequipomedico.com\/wp-content\/uploads\/2021\/07\/EMM-VPrincipal-scaled.jpg\",\"width\":2560,\"height\":1058,\"caption\":\"Tu mejor opci\u00f3n Equipo M\u00e9dico M\u00e9xico\"},\"image\":{\"@id\":\"https:\/\/buscoequipomedico.com\/#\/schema\/logo\/image\/\"}}]}<\/script>\n<!-- \/ Yoast SEO plugin. -->","yoast_head_json":{"title":"LAMPARA TIPO-PISO - Tu mejor opci\u00f3n Equipo M\u00e9dico M\u00e9xico","robots":{"index":"index","follow":"follow","max-snippet":"max-snippet:-1","max-image-preview":"max-image-preview:large","max-video-preview":"max-video-preview:-1"},"canonical":"https:\/\/buscoequipomedico.com\/?product=lampara-tipo-piso","og_locale":"es_ES","og_type":"article","og_title":"LAMPARA TIPO-PISO - Tu mejor opci\u00f3n Equipo M\u00e9dico M\u00e9xico","og_description":"L\u00e1mpara para quir\u00f3fano sencilla de piso de 100,000 Luxes de LED linea MI-1000 Ideal para grandes cirug\u00edas y salas de cirug\u00eda m\u00e1s grandes, la l\u00e1mpara de cirug\u00eda MI-1000 ofrece una longevidad y flexibilidad sin igual en un paquete incre\u00edblemente obtenible. El conjunto LED de gran di\u00e1metro proporciona un control de sombra excepcional, incluso con una sola cabeza de luz. Controlar el brillo dentro del campo de iluminaci\u00f3n es simple, con el controlador de regulaci\u00f3n de 5 etapas (incluyendo el modo m\u00ednimamente invasivo).","og_url":"https:\/\/buscoequipomedico.com\/?product=lampara-tipo-piso","og_site_name":"Tu mejor opci\u00f3n Equipo M\u00e9dico M\u00e9xico","og_image":[{"width":800,"height":800,"url":"https:\/\/buscoequipomedico.com\/wp-content\/uploads\/2020\/02\/lampara-tipo-piso-lampara-para-quirofano-sencilla-de-piso-de-100000-luxes-de-led-linea-mi-1000-ideal-para-grandes-cirugias-y-sal.jpg","type":"image\/png"}],"twitter_card":"summary_large_image","twitter_misc":{"Tiempo de lectura":"1 minuto"},"schema":{"@context":"https:\/\/schema.org","@graph":[{"@type":"WebPage","@id":"https:\/\/buscoequipomedico.com\/?product=lampara-tipo-piso","url":"https:\/\/buscoequipomedico.com\/?product=lampara-tipo-piso","name":"LAMPARA TIPO-PISO - Tu mejor opci\u00f3n Equipo M\u00e9dico M\u00e9xico","isPartOf":{"@id":"https:\/\/buscoequipomedico.com\/#website"},"primaryImageOfPage":{"@id":"https:\/\/buscoequipomedico.com\/?product=lampara-tipo-piso#primaryimage"},"image":{"@id":"https:\/\/buscoequipomedico.com\/?product=lampara-tipo-piso#primaryimage"},"thumbnailUrl":"https:\/\/buscoequipomedico.com\/wp-content\/uploads\/2020\/02\/lampara-tipo-piso-lampara-para-quirofano-sencilla-de-piso-de-100000-luxes-de-led-linea-mi-1000-ideal-para-grandes-cirugias-y-sal.jpg","datePublished":"2020-02-18T07:35:17+00:00","breadcrumb":{"@id":"https:\/\/buscoequipomedico.com\/?product=lampara-tipo-piso#breadcrumb"},"inLanguage":"es","potentialAction":[{"@type":"ReadAction","target":["https:\/\/buscoequipomedico.com\/?product=lampara-tipo-piso"]}]},{"@type":"ImageObject","inLanguage":"es","@id":"https:\/\/buscoequipomedico.com\/?product=lampara-tipo-piso#primaryimage","url":"https:\/\/buscoequipomedico.com\/wp-content\/uploads\/2020\/02\/lampara-tipo-piso-lampara-para-quirofano-sencilla-de-piso-de-100000-luxes-de-led-linea-mi-1000-ideal-para-grandes-cirugias-y-sal.jpg","contentUrl":"https:\/\/buscoequipomedico.com\/wp-content\/uploads\/2020\/02\/lampara-tipo-piso-lampara-para-quirofano-sencilla-de-piso-de-100000-luxes-de-led-linea-mi-1000-ideal-para-grandes-cirugias-y-sal.jpg","width":800,"height":800},{"@type":"BreadcrumbList","@id":"https:\/\/buscoequipomedico.com\/?product=lampara-tipo-piso#breadcrumb","itemListElement":[{"@type":"ListItem","position":1,"name":"Productos","item":"https:\/\/buscoequipomedico.com\/shop\/"},{"@type":"ListItem","position":2,"name":"LAMPARA TIPO-PISO"}]},{"@type":"WebSite","@id":"https:\/\/buscoequipomedico.com\/#website","url":"https:\/\/buscoequipomedico.com\/","name":"Tu mejor opci\u00f3n Equipo M\u00e9dico M\u00e9xico","description":"Tienda de equipo m\u00e9dico","publisher":{"@id":"https:\/\/buscoequipomedico.com\/#organization"},"potentialAction":[{"@type":"SearchAction","target":{"@type":"EntryPoint","urlTemplate":"https:\/\/buscoequipomedico.com\/?s={search_term_string}"},"query-input":{"@type":"PropertyValueSpecification","valueRequired":true,"valueName":"search_term_string"}}],"inLanguage":"es"},{"@type":"Organization","@id":"https:\/\/buscoequipomedico.com\/#organization","name":"Tu mejor opci\u00f3n Equipo M\u00e9dico M\u00e9xico","url":"https:\/\/buscoequipomedico.com\/","logo":{"@type":"ImageObject","inLanguage":"es","@id":"https:\/\/buscoequipomedico.com\/#\/schema\/logo\/image\/","url":"https:\/\/buscoequipomedico.com\/wp-content\/uploads\/2021\/07\/EMM-VPrincipal-scaled.jpg","contentUrl":"https:\/\/buscoequipomedico.com\/wp-content\/uploads\/2021\/07\/EMM-VPrincipal-scaled.jpg","width":2560,"height":1058,"caption":"Tu mejor opci\u00f3n Equipo M\u00e9dico M\u00e9xico"},"image":{"@id":"https:\/\/buscoequipomedico.com\/#\/schema\/logo\/image\/"}}]}},"_links":{"self":[{"href":"https:\/\/buscoequipomedico.com\/index.php?rest_route=\/wp\/v2\/product\/12396","targetHints":{"allow":["GET"]}}],"collection":[{"href":"https:\/\/buscoequipomedico.com\/index.php?rest_route=\/wp\/v2\/product"}],"about":[{"href":"https:\/\/buscoequipomedico.com\/index.php?rest_route=\/wp\/v2\/types\/product"}],"wp:featuredmedia":[{"embeddable":true,"href":"https:\/\/buscoequipomedico.com\/index.php?rest_route=\/wp\/v2\/media\/12397"}],"wp:attachment":[{"href":"https:\/\/buscoequipomedico.com\/index.php?rest_route=%2Fwp%2Fv2%2Fmedia&parent=12396"}],"wp:term":[{"taxonomy":"product_brand","embeddable":true,"href":"https:\/\/buscoequipomedico.com\/index.php?rest_route=%2Fwp%2Fv2%2Fproduct_brand&post=12396"},{"taxonomy":"product_cat","embeddable":true,"href":"https:\/\/buscoequipomedico.com\/index.php?rest_route=%2Fwp%2Fv2%2Fproduct_cat&post=12396"},{"taxonomy":"product_tag","embeddable":true,"href":"https:\/\/buscoequipomedico.com\/index.php?rest_route=%2Fwp%2Fv2%2Fproduct_tag&post=12396"}],"curies":[{"name":"wp","href":"https:\/\/api.w.org\/{rel}","templated":true}]}}