{"id":12402,"date":"2020-02-18T07:35:17","date_gmt":"2020-02-18T07:35:17","guid":{"rendered":"https:\/\/equipomedicomexico-com.preview-domain.com\/product\/lampara-piso-bateria\/"},"modified":"2020-02-18T07:35:18","modified_gmt":"2020-02-18T07:35:18","slug":"lampara-piso-bateria","status":"publish","type":"product","link":"https:\/\/buscoequipomedico.com\/?product=lampara-piso-bateria","title":{"rendered":"LAMPARA PISO-BATERIA"},"content":{"rendered":"<p>Adem\u00e1s, la nueva serie MI cuenta con brazos m\u00e1s largos que brindan un c\u00edrculo de alcance m\u00e1s amplio de 11 pies, junto con un movimiento a\u00fan m\u00e1s suave, mayor maniobrabilidad y un sistema de montaje mejorado. El MI-1000 se ofrece con varias configuraciones, como montaje en pared (*), montaje en techo simple o doble (*), soporte de piso (*) * Bater\u00eda de respaldo opcional.<\/p>\n<p>Salida clasificada en 100,000 LUX<\/p>\n<p>Iluminaci\u00f3n blanca pura de 4.300 \u00b0 Kelvin<\/p>\n<p>CRI (\u00cdndice de reproducci\u00f3n crom\u00e1tica) de 97<\/p>\n<p>Control de sombra superior<\/p>\n<p>Alta eficiencia con la mitad del consumo el\u00e9ctrico de las luces hal\u00f3genas est\u00e1ndar.<\/p>\n<p>Regulaci\u00f3n de cinco etapas e interruptor de encendido \/ apagado controlado desde el mango esterilizable<\/p>\n<p>LED&#8217;s de larga duraci\u00f3n, con una capacidad nominal de 50,000 horas<\/p>\n<p>Menores costos generales de mantenimiento<\/p>\n<p>Calor irradiado cerca de cero<\/p>\n<p>Amplia gama de soportes para una flexibilidad extrema.<\/p><\/p>\n","protected":false},"excerpt":{"rendered":"<p>Iluminaci\u00f3n quir\u00fargica m\u00e9dica MI 1000 LED, modelo de piso con bater\u00eda, XLD-FMB, 061523B. Ideal para cirug\u00edas m\u00e1s grandes y salas de cirug\u00eda m\u00e1s grandes, la l\u00e1mpara de cirug\u00eda MI-1000 ofrece una longevidad y flexibilidad insuperables en un paquete que es incre\u00edblemente asequible. La matriz de di\u00e1metros de gran di\u00e1metro proporciona un control de sombra excepcional, incluso con un solo cabezal de luz. El control del brillo dentro del campo de iluminaci\u00f3n es simple, con nuestro control de atenuaci\u00f3n de 5 etapas (incluido el modo m\u00ednimamente invasivo)<\/p>\n","protected":false},"featured_media":12403,"template":"","meta":{"_joinchat":[]},"product_brand":[],"product_cat":[278,280],"product_tag":[],"class_list":{"0":"post-12402","1":"product","2":"type-product","3":"status-publish","4":"has-post-thumbnail","6":"product_cat-lamparas","7":"product_cat-lamparas-de-cirugia","8":"pa_marca-medical-illumination","10":"first","11":"instock","12":"purchasable","13":"product-type-simple"},"yoast_head":"<!-- This site is optimized with the Yoast SEO plugin v25.1 - https:\/\/yoast.com\/wordpress\/plugins\/seo\/ -->\n<title>LAMPARA PISO-BATERIA - Tu mejor opci\u00f3n Equipo M\u00e9dico M\u00e9xico<\/title>\n<meta name=\"robots\" content=\"index, follow, max-snippet:-1, max-image-preview:large, max-video-preview:-1\" \/>\n<link rel=\"canonical\" href=\"https:\/\/buscoequipomedico.com\/?product=lampara-piso-bateria\" \/>\n<meta property=\"og:locale\" content=\"es_ES\" \/>\n<meta property=\"og:type\" content=\"article\" \/>\n<meta property=\"og:title\" content=\"LAMPARA PISO-BATERIA - Tu mejor opci\u00f3n Equipo M\u00e9dico M\u00e9xico\" \/>\n<meta property=\"og:description\" content=\"Iluminaci\u00f3n quir\u00fargica m\u00e9dica MI 1000 LED, modelo de piso con bater\u00eda, XLD-FMB, 061523B. Ideal para cirug\u00edas m\u00e1s grandes y salas de cirug\u00eda m\u00e1s grandes, la l\u00e1mpara de cirug\u00eda MI-1000 ofrece una longevidad y flexibilidad insuperables en un paquete que es incre\u00edblemente asequible. La matriz de di\u00e1metros de gran di\u00e1metro proporciona un control de sombra excepcional, incluso con un solo cabezal de luz. El control del brillo dentro del campo de iluminaci\u00f3n es simple, con nuestro control de atenuaci\u00f3n de 5 etapas (incluido el modo m\u00ednimamente invasivo)\" \/>\n<meta property=\"og:url\" content=\"https:\/\/buscoequipomedico.com\/?product=lampara-piso-bateria\" \/>\n<meta property=\"og:site_name\" content=\"Tu mejor opci\u00f3n Equipo M\u00e9dico M\u00e9xico\" \/>\n<meta property=\"article:modified_time\" content=\"2020-02-18T07:35:18+00:00\" \/>\n<meta property=\"og:image\" content=\"https:\/\/buscoequipomedico.com\/wp-content\/uploads\/2020\/02\/lampara-piso-bateria-iluminacion-quirurgica-medica-mi-1000-led-modelo-de-piso-con-bateria-xld-fmb-061523b-ideal-para-cirugias-ma.jpg\" \/>\n\t<meta property=\"og:image:width\" content=\"800\" \/>\n\t<meta property=\"og:image:height\" content=\"800\" \/>\n\t<meta property=\"og:image:type\" content=\"image\/png\" \/>\n<meta name=\"twitter:card\" content=\"summary_large_image\" \/>\n<meta name=\"twitter:label1\" content=\"Tiempo de lectura\" \/>\n\t<meta name=\"twitter:data1\" content=\"1 minuto\" \/>\n<script type=\"application\/ld+json\" class=\"yoast-schema-graph\">{\"@context\":\"https:\/\/schema.org\",\"@graph\":[{\"@type\":\"WebPage\",\"@id\":\"https:\/\/buscoequipomedico.com\/?product=lampara-piso-bateria\",\"url\":\"https:\/\/buscoequipomedico.com\/?product=lampara-piso-bateria\",\"name\":\"LAMPARA PISO-BATERIA - Tu mejor opci\u00f3n Equipo M\u00e9dico M\u00e9xico\",\"isPartOf\":{\"@id\":\"https:\/\/buscoequipomedico.com\/#website\"},\"primaryImageOfPage\":{\"@id\":\"https:\/\/buscoequipomedico.com\/?product=lampara-piso-bateria#primaryimage\"},\"image\":{\"@id\":\"https:\/\/buscoequipomedico.com\/?product=lampara-piso-bateria#primaryimage\"},\"thumbnailUrl\":\"https:\/\/buscoequipomedico.com\/wp-content\/uploads\/2020\/02\/lampara-piso-bateria-iluminacion-quirurgica-medica-mi-1000-led-modelo-de-piso-con-bateria-xld-fmb-061523b-ideal-para-cirugias-ma.jpg\",\"datePublished\":\"2020-02-18T07:35:17+00:00\",\"dateModified\":\"2020-02-18T07:35:18+00:00\",\"breadcrumb\":{\"@id\":\"https:\/\/buscoequipomedico.com\/?product=lampara-piso-bateria#breadcrumb\"},\"inLanguage\":\"es\",\"potentialAction\":[{\"@type\":\"ReadAction\",\"target\":[\"https:\/\/buscoequipomedico.com\/?product=lampara-piso-bateria\"]}]},{\"@type\":\"ImageObject\",\"inLanguage\":\"es\",\"@id\":\"https:\/\/buscoequipomedico.com\/?product=lampara-piso-bateria#primaryimage\",\"url\":\"https:\/\/buscoequipomedico.com\/wp-content\/uploads\/2020\/02\/lampara-piso-bateria-iluminacion-quirurgica-medica-mi-1000-led-modelo-de-piso-con-bateria-xld-fmb-061523b-ideal-para-cirugias-ma.jpg\",\"contentUrl\":\"https:\/\/buscoequipomedico.com\/wp-content\/uploads\/2020\/02\/lampara-piso-bateria-iluminacion-quirurgica-medica-mi-1000-led-modelo-de-piso-con-bateria-xld-fmb-061523b-ideal-para-cirugias-ma.jpg\",\"width\":800,\"height\":800},{\"@type\":\"BreadcrumbList\",\"@id\":\"https:\/\/buscoequipomedico.com\/?product=lampara-piso-bateria#breadcrumb\",\"itemListElement\":[{\"@type\":\"ListItem\",\"position\":1,\"name\":\"Productos\",\"item\":\"https:\/\/buscoequipomedico.com\/shop\/\"},{\"@type\":\"ListItem\",\"position\":2,\"name\":\"LAMPARA PISO-BATERIA\"}]},{\"@type\":\"WebSite\",\"@id\":\"https:\/\/buscoequipomedico.com\/#website\",\"url\":\"https:\/\/buscoequipomedico.com\/\",\"name\":\"Tu mejor opci\u00f3n Equipo M\u00e9dico M\u00e9xico\",\"description\":\"Tienda de equipo m\u00e9dico\",\"publisher\":{\"@id\":\"https:\/\/buscoequipomedico.com\/#organization\"},\"potentialAction\":[{\"@type\":\"SearchAction\",\"target\":{\"@type\":\"EntryPoint\",\"urlTemplate\":\"https:\/\/buscoequipomedico.com\/?s={search_term_string}\"},\"query-input\":{\"@type\":\"PropertyValueSpecification\",\"valueRequired\":true,\"valueName\":\"search_term_string\"}}],\"inLanguage\":\"es\"},{\"@type\":\"Organization\",\"@id\":\"https:\/\/buscoequipomedico.com\/#organization\",\"name\":\"Tu mejor opci\u00f3n Equipo M\u00e9dico M\u00e9xico\",\"url\":\"https:\/\/buscoequipomedico.com\/\",\"logo\":{\"@type\":\"ImageObject\",\"inLanguage\":\"es\",\"@id\":\"https:\/\/buscoequipomedico.com\/#\/schema\/logo\/image\/\",\"url\":\"https:\/\/buscoequipomedico.com\/wp-content\/uploads\/2021\/07\/EMM-VPrincipal-scaled.jpg\",\"contentUrl\":\"https:\/\/buscoequipomedico.com\/wp-content\/uploads\/2021\/07\/EMM-VPrincipal-scaled.jpg\",\"width\":2560,\"height\":1058,\"caption\":\"Tu mejor opci\u00f3n Equipo M\u00e9dico M\u00e9xico\"},\"image\":{\"@id\":\"https:\/\/buscoequipomedico.com\/#\/schema\/logo\/image\/\"}}]}<\/script>\n<!-- \/ Yoast SEO plugin. -->","yoast_head_json":{"title":"LAMPARA PISO-BATERIA - Tu mejor opci\u00f3n Equipo M\u00e9dico M\u00e9xico","robots":{"index":"index","follow":"follow","max-snippet":"max-snippet:-1","max-image-preview":"max-image-preview:large","max-video-preview":"max-video-preview:-1"},"canonical":"https:\/\/buscoequipomedico.com\/?product=lampara-piso-bateria","og_locale":"es_ES","og_type":"article","og_title":"LAMPARA PISO-BATERIA - Tu mejor opci\u00f3n Equipo M\u00e9dico M\u00e9xico","og_description":"Iluminaci\u00f3n quir\u00fargica m\u00e9dica MI 1000 LED, modelo de piso con bater\u00eda, XLD-FMB, 061523B. Ideal para cirug\u00edas m\u00e1s grandes y salas de cirug\u00eda m\u00e1s grandes, la l\u00e1mpara de cirug\u00eda MI-1000 ofrece una longevidad y flexibilidad insuperables en un paquete que es incre\u00edblemente asequible. La matriz de di\u00e1metros de gran di\u00e1metro proporciona un control de sombra excepcional, incluso con un solo cabezal de luz. El control del brillo dentro del campo de iluminaci\u00f3n es simple, con nuestro control de atenuaci\u00f3n de 5 etapas (incluido el modo m\u00ednimamente invasivo)","og_url":"https:\/\/buscoequipomedico.com\/?product=lampara-piso-bateria","og_site_name":"Tu mejor opci\u00f3n Equipo M\u00e9dico M\u00e9xico","article_modified_time":"2020-02-18T07:35:18+00:00","og_image":[{"width":800,"height":800,"url":"https:\/\/buscoequipomedico.com\/wp-content\/uploads\/2020\/02\/lampara-piso-bateria-iluminacion-quirurgica-medica-mi-1000-led-modelo-de-piso-con-bateria-xld-fmb-061523b-ideal-para-cirugias-ma.jpg","type":"image\/png"}],"twitter_card":"summary_large_image","twitter_misc":{"Tiempo de lectura":"1 minuto"},"schema":{"@context":"https:\/\/schema.org","@graph":[{"@type":"WebPage","@id":"https:\/\/buscoequipomedico.com\/?product=lampara-piso-bateria","url":"https:\/\/buscoequipomedico.com\/?product=lampara-piso-bateria","name":"LAMPARA PISO-BATERIA - Tu mejor opci\u00f3n Equipo M\u00e9dico M\u00e9xico","isPartOf":{"@id":"https:\/\/buscoequipomedico.com\/#website"},"primaryImageOfPage":{"@id":"https:\/\/buscoequipomedico.com\/?product=lampara-piso-bateria#primaryimage"},"image":{"@id":"https:\/\/buscoequipomedico.com\/?product=lampara-piso-bateria#primaryimage"},"thumbnailUrl":"https:\/\/buscoequipomedico.com\/wp-content\/uploads\/2020\/02\/lampara-piso-bateria-iluminacion-quirurgica-medica-mi-1000-led-modelo-de-piso-con-bateria-xld-fmb-061523b-ideal-para-cirugias-ma.jpg","datePublished":"2020-02-18T07:35:17+00:00","dateModified":"2020-02-18T07:35:18+00:00","breadcrumb":{"@id":"https:\/\/buscoequipomedico.com\/?product=lampara-piso-bateria#breadcrumb"},"inLanguage":"es","potentialAction":[{"@type":"ReadAction","target":["https:\/\/buscoequipomedico.com\/?product=lampara-piso-bateria"]}]},{"@type":"ImageObject","inLanguage":"es","@id":"https:\/\/buscoequipomedico.com\/?product=lampara-piso-bateria#primaryimage","url":"https:\/\/buscoequipomedico.com\/wp-content\/uploads\/2020\/02\/lampara-piso-bateria-iluminacion-quirurgica-medica-mi-1000-led-modelo-de-piso-con-bateria-xld-fmb-061523b-ideal-para-cirugias-ma.jpg","contentUrl":"https:\/\/buscoequipomedico.com\/wp-content\/uploads\/2020\/02\/lampara-piso-bateria-iluminacion-quirurgica-medica-mi-1000-led-modelo-de-piso-con-bateria-xld-fmb-061523b-ideal-para-cirugias-ma.jpg","width":800,"height":800},{"@type":"BreadcrumbList","@id":"https:\/\/buscoequipomedico.com\/?product=lampara-piso-bateria#breadcrumb","itemListElement":[{"@type":"ListItem","position":1,"name":"Productos","item":"https:\/\/buscoequipomedico.com\/shop\/"},{"@type":"ListItem","position":2,"name":"LAMPARA PISO-BATERIA"}]},{"@type":"WebSite","@id":"https:\/\/buscoequipomedico.com\/#website","url":"https:\/\/buscoequipomedico.com\/","name":"Tu mejor opci\u00f3n Equipo M\u00e9dico M\u00e9xico","description":"Tienda de equipo m\u00e9dico","publisher":{"@id":"https:\/\/buscoequipomedico.com\/#organization"},"potentialAction":[{"@type":"SearchAction","target":{"@type":"EntryPoint","urlTemplate":"https:\/\/buscoequipomedico.com\/?s={search_term_string}"},"query-input":{"@type":"PropertyValueSpecification","valueRequired":true,"valueName":"search_term_string"}}],"inLanguage":"es"},{"@type":"Organization","@id":"https:\/\/buscoequipomedico.com\/#organization","name":"Tu mejor opci\u00f3n Equipo M\u00e9dico M\u00e9xico","url":"https:\/\/buscoequipomedico.com\/","logo":{"@type":"ImageObject","inLanguage":"es","@id":"https:\/\/buscoequipomedico.com\/#\/schema\/logo\/image\/","url":"https:\/\/buscoequipomedico.com\/wp-content\/uploads\/2021\/07\/EMM-VPrincipal-scaled.jpg","contentUrl":"https:\/\/buscoequipomedico.com\/wp-content\/uploads\/2021\/07\/EMM-VPrincipal-scaled.jpg","width":2560,"height":1058,"caption":"Tu mejor opci\u00f3n Equipo M\u00e9dico M\u00e9xico"},"image":{"@id":"https:\/\/buscoequipomedico.com\/#\/schema\/logo\/image\/"}}]}},"_links":{"self":[{"href":"https:\/\/buscoequipomedico.com\/index.php?rest_route=\/wp\/v2\/product\/12402","targetHints":{"allow":["GET"]}}],"collection":[{"href":"https:\/\/buscoequipomedico.com\/index.php?rest_route=\/wp\/v2\/product"}],"about":[{"href":"https:\/\/buscoequipomedico.com\/index.php?rest_route=\/wp\/v2\/types\/product"}],"wp:featuredmedia":[{"embeddable":true,"href":"https:\/\/buscoequipomedico.com\/index.php?rest_route=\/wp\/v2\/media\/12403"}],"wp:attachment":[{"href":"https:\/\/buscoequipomedico.com\/index.php?rest_route=%2Fwp%2Fv2%2Fmedia&parent=12402"}],"wp:term":[{"taxonomy":"product_brand","embeddable":true,"href":"https:\/\/buscoequipomedico.com\/index.php?rest_route=%2Fwp%2Fv2%2Fproduct_brand&post=12402"},{"taxonomy":"product_cat","embeddable":true,"href":"https:\/\/buscoequipomedico.com\/index.php?rest_route=%2Fwp%2Fv2%2Fproduct_cat&post=12402"},{"taxonomy":"product_tag","embeddable":true,"href":"https:\/\/buscoequipomedico.com\/index.php?rest_route=%2Fwp%2Fv2%2Fproduct_tag&post=12402"}],"curies":[{"name":"wp","href":"https:\/\/api.w.org\/{rel}","templated":true}]}}