{"id":12410,"date":"2020-02-18T07:35:17","date_gmt":"2020-02-18T07:35:17","guid":{"rendered":"https:\/\/equipomedicomexico-com.preview-domain.com\/product\/lampara-techo-doble\/"},"modified":"2020-02-18T07:35:19","modified_gmt":"2020-02-18T07:35:19","slug":"lampara-techo-doble","status":"publish","type":"product","link":"https:\/\/buscoequipomedico.com\/?product=lampara-techo-doble","title":{"rendered":"LAMPARA TECHO DOBLE"},"content":{"rendered":"<p>Muy bajo calor<\/p>\n<p>Salida nominal de 75,000 LUX a 1 metro<\/p>\n<p>Iluminaci\u00f3n blanca pura de 4,300 \u00b0 K<\/p>\n<p>CRI (\u00cdndice de reproducci\u00f3n crom\u00e1tica) de 97<\/p>\n<p>Alta eficiencia con la mitad del consumo el\u00e9ctrico de las luces hal\u00f3genas est\u00e1ndar.<\/p>\n<p>Regulaci\u00f3n de tres etapas y un interruptor de encendido \/ apagado controlado desde un mango esterilizable \u00fanico<\/p>\n<p>LED&#8217;s de larga duraci\u00f3n, con una capacidad nominal de 50,000 horas<\/p>\n<p>Control de sombra superior<\/p>\n<p>Calor irradiado cerca de cero<\/p>\n<p>Menores costos generales de mantenimiento<\/p>\n<p>50,000 horas de vida del LED<\/p>\n<p>Amplia gama de soportes para flexibilidad de necesidades.<\/p>\n","protected":false},"excerpt":{"rendered":"<p>921\/5000<\/p>\n<p>La luz ideal, de tama\u00f1o mediano para cirug\u00eda y procedimientos, el MI-750 ofrece el m\u00e1ximo brillo, nitidez y precisi\u00f3n de color. As\u00ed podr\u00e1s visualizar tu trabajo de la forma m\u00e1s precisa. La atenuaci\u00f3n de 3 etapas le permite controlar f\u00e1cilmente el brillo dentro del campo de iluminaci\u00f3n.<\/p>\n<\/p>\n<p>Adem\u00e1s, la nueva serie MI cuenta con brazos m\u00e1s largos que brindan un c\u00edrculo de alcance m\u00e1s amplio de 11 pies, junto con un movimiento a\u00fan m\u00e1s suave, mayor maniobrabilidad y un sistema de montaje mejorado.<\/p>\n","protected":false},"featured_media":12411,"template":"","meta":{"_joinchat":[]},"product_brand":[],"product_cat":[278,280],"product_tag":[],"class_list":{"0":"post-12410","1":"product","2":"type-product","3":"status-publish","4":"has-post-thumbnail","6":"product_cat-lamparas","7":"product_cat-lamparas-de-cirugia","8":"pa_marca-medical-illumination","10":"first","11":"instock","12":"purchasable","13":"product-type-simple"},"yoast_head":"<!-- This site is optimized with the Yoast SEO plugin v25.1 - https:\/\/yoast.com\/wordpress\/plugins\/seo\/ -->\n<title>LAMPARA TECHO DOBLE - Tu mejor opci\u00f3n Equipo M\u00e9dico M\u00e9xico<\/title>\n<meta name=\"robots\" content=\"index, follow, max-snippet:-1, max-image-preview:large, max-video-preview:-1\" \/>\n<link rel=\"canonical\" href=\"https:\/\/buscoequipomedico.com\/?product=lampara-techo-doble\" \/>\n<meta property=\"og:locale\" content=\"es_ES\" \/>\n<meta property=\"og:type\" content=\"article\" \/>\n<meta property=\"og:title\" content=\"LAMPARA TECHO DOBLE - Tu mejor opci\u00f3n Equipo M\u00e9dico M\u00e9xico\" \/>\n<meta property=\"og:description\" content=\"921\/5000 La luz ideal, de tama\u00f1o mediano para cirug\u00eda y procedimientos, el MI-750 ofrece el m\u00e1ximo brillo, nitidez y precisi\u00f3n de color. As\u00ed podr\u00e1s visualizar tu trabajo de la forma m\u00e1s precisa. La atenuaci\u00f3n de 3 etapas le permite controlar f\u00e1cilmente el brillo dentro del campo de iluminaci\u00f3n. Adem\u00e1s, la nueva serie MI cuenta con brazos m\u00e1s largos que brindan un c\u00edrculo de alcance m\u00e1s amplio de 11 pies, junto con un movimiento a\u00fan m\u00e1s suave, mayor maniobrabilidad y un sistema de montaje mejorado.\" \/>\n<meta property=\"og:url\" content=\"https:\/\/buscoequipomedico.com\/?product=lampara-techo-doble\" \/>\n<meta property=\"og:site_name\" content=\"Tu mejor opci\u00f3n Equipo M\u00e9dico M\u00e9xico\" \/>\n<meta property=\"article:modified_time\" content=\"2020-02-18T07:35:19+00:00\" \/>\n<meta property=\"og:image\" content=\"https:\/\/buscoequipomedico.com\/wp-content\/uploads\/2020\/02\/lampara-techo-doble-921-5000-la-luz-ideal-de-tamano-mediano-para-cirugia-y-procedimientos-el-mi-750-ofrece-el-maximo-brillo-niti.jpg\" \/>\n\t<meta property=\"og:image:width\" content=\"800\" \/>\n\t<meta property=\"og:image:height\" content=\"800\" \/>\n\t<meta property=\"og:image:type\" content=\"image\/png\" \/>\n<meta name=\"twitter:card\" content=\"summary_large_image\" \/>\n<script type=\"application\/ld+json\" class=\"yoast-schema-graph\">{\"@context\":\"https:\/\/schema.org\",\"@graph\":[{\"@type\":\"WebPage\",\"@id\":\"https:\/\/buscoequipomedico.com\/?product=lampara-techo-doble\",\"url\":\"https:\/\/buscoequipomedico.com\/?product=lampara-techo-doble\",\"name\":\"LAMPARA TECHO DOBLE - Tu mejor opci\u00f3n Equipo M\u00e9dico M\u00e9xico\",\"isPartOf\":{\"@id\":\"https:\/\/buscoequipomedico.com\/#website\"},\"primaryImageOfPage\":{\"@id\":\"https:\/\/buscoequipomedico.com\/?product=lampara-techo-doble#primaryimage\"},\"image\":{\"@id\":\"https:\/\/buscoequipomedico.com\/?product=lampara-techo-doble#primaryimage\"},\"thumbnailUrl\":\"https:\/\/buscoequipomedico.com\/wp-content\/uploads\/2020\/02\/lampara-techo-doble-921-5000-la-luz-ideal-de-tamano-mediano-para-cirugia-y-procedimientos-el-mi-750-ofrece-el-maximo-brillo-niti.jpg\",\"datePublished\":\"2020-02-18T07:35:17+00:00\",\"dateModified\":\"2020-02-18T07:35:19+00:00\",\"breadcrumb\":{\"@id\":\"https:\/\/buscoequipomedico.com\/?product=lampara-techo-doble#breadcrumb\"},\"inLanguage\":\"es\",\"potentialAction\":[{\"@type\":\"ReadAction\",\"target\":[\"https:\/\/buscoequipomedico.com\/?product=lampara-techo-doble\"]}]},{\"@type\":\"ImageObject\",\"inLanguage\":\"es\",\"@id\":\"https:\/\/buscoequipomedico.com\/?product=lampara-techo-doble#primaryimage\",\"url\":\"https:\/\/buscoequipomedico.com\/wp-content\/uploads\/2020\/02\/lampara-techo-doble-921-5000-la-luz-ideal-de-tamano-mediano-para-cirugia-y-procedimientos-el-mi-750-ofrece-el-maximo-brillo-niti.jpg\",\"contentUrl\":\"https:\/\/buscoequipomedico.com\/wp-content\/uploads\/2020\/02\/lampara-techo-doble-921-5000-la-luz-ideal-de-tamano-mediano-para-cirugia-y-procedimientos-el-mi-750-ofrece-el-maximo-brillo-niti.jpg\",\"width\":800,\"height\":800},{\"@type\":\"BreadcrumbList\",\"@id\":\"https:\/\/buscoequipomedico.com\/?product=lampara-techo-doble#breadcrumb\",\"itemListElement\":[{\"@type\":\"ListItem\",\"position\":1,\"name\":\"Productos\",\"item\":\"https:\/\/buscoequipomedico.com\/shop\/\"},{\"@type\":\"ListItem\",\"position\":2,\"name\":\"LAMPARA TECHO DOBLE\"}]},{\"@type\":\"WebSite\",\"@id\":\"https:\/\/buscoequipomedico.com\/#website\",\"url\":\"https:\/\/buscoequipomedico.com\/\",\"name\":\"Tu mejor opci\u00f3n Equipo M\u00e9dico M\u00e9xico\",\"description\":\"Tienda de equipo m\u00e9dico\",\"publisher\":{\"@id\":\"https:\/\/buscoequipomedico.com\/#organization\"},\"potentialAction\":[{\"@type\":\"SearchAction\",\"target\":{\"@type\":\"EntryPoint\",\"urlTemplate\":\"https:\/\/buscoequipomedico.com\/?s={search_term_string}\"},\"query-input\":{\"@type\":\"PropertyValueSpecification\",\"valueRequired\":true,\"valueName\":\"search_term_string\"}}],\"inLanguage\":\"es\"},{\"@type\":\"Organization\",\"@id\":\"https:\/\/buscoequipomedico.com\/#organization\",\"name\":\"Tu mejor opci\u00f3n Equipo M\u00e9dico M\u00e9xico\",\"url\":\"https:\/\/buscoequipomedico.com\/\",\"logo\":{\"@type\":\"ImageObject\",\"inLanguage\":\"es\",\"@id\":\"https:\/\/buscoequipomedico.com\/#\/schema\/logo\/image\/\",\"url\":\"https:\/\/buscoequipomedico.com\/wp-content\/uploads\/2021\/07\/EMM-VPrincipal-scaled.jpg\",\"contentUrl\":\"https:\/\/buscoequipomedico.com\/wp-content\/uploads\/2021\/07\/EMM-VPrincipal-scaled.jpg\",\"width\":2560,\"height\":1058,\"caption\":\"Tu mejor opci\u00f3n Equipo M\u00e9dico M\u00e9xico\"},\"image\":{\"@id\":\"https:\/\/buscoequipomedico.com\/#\/schema\/logo\/image\/\"}}]}<\/script>\n<!-- \/ Yoast SEO plugin. -->","yoast_head_json":{"title":"LAMPARA TECHO DOBLE - Tu mejor opci\u00f3n Equipo M\u00e9dico M\u00e9xico","robots":{"index":"index","follow":"follow","max-snippet":"max-snippet:-1","max-image-preview":"max-image-preview:large","max-video-preview":"max-video-preview:-1"},"canonical":"https:\/\/buscoequipomedico.com\/?product=lampara-techo-doble","og_locale":"es_ES","og_type":"article","og_title":"LAMPARA TECHO DOBLE - Tu mejor opci\u00f3n Equipo M\u00e9dico M\u00e9xico","og_description":"921\/5000 La luz ideal, de tama\u00f1o mediano para cirug\u00eda y procedimientos, el MI-750 ofrece el m\u00e1ximo brillo, nitidez y precisi\u00f3n de color. As\u00ed podr\u00e1s visualizar tu trabajo de la forma m\u00e1s precisa. La atenuaci\u00f3n de 3 etapas le permite controlar f\u00e1cilmente el brillo dentro del campo de iluminaci\u00f3n. Adem\u00e1s, la nueva serie MI cuenta con brazos m\u00e1s largos que brindan un c\u00edrculo de alcance m\u00e1s amplio de 11 pies, junto con un movimiento a\u00fan m\u00e1s suave, mayor maniobrabilidad y un sistema de montaje mejorado.","og_url":"https:\/\/buscoequipomedico.com\/?product=lampara-techo-doble","og_site_name":"Tu mejor opci\u00f3n Equipo M\u00e9dico M\u00e9xico","article_modified_time":"2020-02-18T07:35:19+00:00","og_image":[{"width":800,"height":800,"url":"https:\/\/buscoequipomedico.com\/wp-content\/uploads\/2020\/02\/lampara-techo-doble-921-5000-la-luz-ideal-de-tamano-mediano-para-cirugia-y-procedimientos-el-mi-750-ofrece-el-maximo-brillo-niti.jpg","type":"image\/png"}],"twitter_card":"summary_large_image","schema":{"@context":"https:\/\/schema.org","@graph":[{"@type":"WebPage","@id":"https:\/\/buscoequipomedico.com\/?product=lampara-techo-doble","url":"https:\/\/buscoequipomedico.com\/?product=lampara-techo-doble","name":"LAMPARA TECHO DOBLE - Tu mejor opci\u00f3n Equipo M\u00e9dico M\u00e9xico","isPartOf":{"@id":"https:\/\/buscoequipomedico.com\/#website"},"primaryImageOfPage":{"@id":"https:\/\/buscoequipomedico.com\/?product=lampara-techo-doble#primaryimage"},"image":{"@id":"https:\/\/buscoequipomedico.com\/?product=lampara-techo-doble#primaryimage"},"thumbnailUrl":"https:\/\/buscoequipomedico.com\/wp-content\/uploads\/2020\/02\/lampara-techo-doble-921-5000-la-luz-ideal-de-tamano-mediano-para-cirugia-y-procedimientos-el-mi-750-ofrece-el-maximo-brillo-niti.jpg","datePublished":"2020-02-18T07:35:17+00:00","dateModified":"2020-02-18T07:35:19+00:00","breadcrumb":{"@id":"https:\/\/buscoequipomedico.com\/?product=lampara-techo-doble#breadcrumb"},"inLanguage":"es","potentialAction":[{"@type":"ReadAction","target":["https:\/\/buscoequipomedico.com\/?product=lampara-techo-doble"]}]},{"@type":"ImageObject","inLanguage":"es","@id":"https:\/\/buscoequipomedico.com\/?product=lampara-techo-doble#primaryimage","url":"https:\/\/buscoequipomedico.com\/wp-content\/uploads\/2020\/02\/lampara-techo-doble-921-5000-la-luz-ideal-de-tamano-mediano-para-cirugia-y-procedimientos-el-mi-750-ofrece-el-maximo-brillo-niti.jpg","contentUrl":"https:\/\/buscoequipomedico.com\/wp-content\/uploads\/2020\/02\/lampara-techo-doble-921-5000-la-luz-ideal-de-tamano-mediano-para-cirugia-y-procedimientos-el-mi-750-ofrece-el-maximo-brillo-niti.jpg","width":800,"height":800},{"@type":"BreadcrumbList","@id":"https:\/\/buscoequipomedico.com\/?product=lampara-techo-doble#breadcrumb","itemListElement":[{"@type":"ListItem","position":1,"name":"Productos","item":"https:\/\/buscoequipomedico.com\/shop\/"},{"@type":"ListItem","position":2,"name":"LAMPARA TECHO DOBLE"}]},{"@type":"WebSite","@id":"https:\/\/buscoequipomedico.com\/#website","url":"https:\/\/buscoequipomedico.com\/","name":"Tu mejor opci\u00f3n Equipo M\u00e9dico M\u00e9xico","description":"Tienda de equipo m\u00e9dico","publisher":{"@id":"https:\/\/buscoequipomedico.com\/#organization"},"potentialAction":[{"@type":"SearchAction","target":{"@type":"EntryPoint","urlTemplate":"https:\/\/buscoequipomedico.com\/?s={search_term_string}"},"query-input":{"@type":"PropertyValueSpecification","valueRequired":true,"valueName":"search_term_string"}}],"inLanguage":"es"},{"@type":"Organization","@id":"https:\/\/buscoequipomedico.com\/#organization","name":"Tu mejor opci\u00f3n Equipo M\u00e9dico M\u00e9xico","url":"https:\/\/buscoequipomedico.com\/","logo":{"@type":"ImageObject","inLanguage":"es","@id":"https:\/\/buscoequipomedico.com\/#\/schema\/logo\/image\/","url":"https:\/\/buscoequipomedico.com\/wp-content\/uploads\/2021\/07\/EMM-VPrincipal-scaled.jpg","contentUrl":"https:\/\/buscoequipomedico.com\/wp-content\/uploads\/2021\/07\/EMM-VPrincipal-scaled.jpg","width":2560,"height":1058,"caption":"Tu mejor opci\u00f3n Equipo M\u00e9dico M\u00e9xico"},"image":{"@id":"https:\/\/buscoequipomedico.com\/#\/schema\/logo\/image\/"}}]}},"_links":{"self":[{"href":"https:\/\/buscoequipomedico.com\/index.php?rest_route=\/wp\/v2\/product\/12410","targetHints":{"allow":["GET"]}}],"collection":[{"href":"https:\/\/buscoequipomedico.com\/index.php?rest_route=\/wp\/v2\/product"}],"about":[{"href":"https:\/\/buscoequipomedico.com\/index.php?rest_route=\/wp\/v2\/types\/product"}],"wp:featuredmedia":[{"embeddable":true,"href":"https:\/\/buscoequipomedico.com\/index.php?rest_route=\/wp\/v2\/media\/12411"}],"wp:attachment":[{"href":"https:\/\/buscoequipomedico.com\/index.php?rest_route=%2Fwp%2Fv2%2Fmedia&parent=12410"}],"wp:term":[{"taxonomy":"product_brand","embeddable":true,"href":"https:\/\/buscoequipomedico.com\/index.php?rest_route=%2Fwp%2Fv2%2Fproduct_brand&post=12410"},{"taxonomy":"product_cat","embeddable":true,"href":"https:\/\/buscoequipomedico.com\/index.php?rest_route=%2Fwp%2Fv2%2Fproduct_cat&post=12410"},{"taxonomy":"product_tag","embeddable":true,"href":"https:\/\/buscoequipomedico.com\/index.php?rest_route=%2Fwp%2Fv2%2Fproduct_tag&post=12410"}],"curies":[{"name":"wp","href":"https:\/\/api.w.org\/{rel}","templated":true}]}}