{"id":12430,"date":"2020-02-18T07:35:22","date_gmt":"2020-02-18T07:35:22","guid":{"rendered":"https:\/\/equipomedicomexico-com.preview-domain.com\/product\/lampara-2-pc-techobrazo-para-monitor\/"},"modified":"2020-02-18T07:35:22","modified_gmt":"2020-02-18T07:35:22","slug":"lampara-2-pc-techobrazo-para-monitor","status":"publish","type":"product","link":"https:\/\/buscoequipomedico.com\/?product=lampara-2-pc-techobrazo-para-monitor","title":{"rendered":"LAMPARA 2 PC TECHO+BRAZO PARA MONITOR"},"content":{"rendered":"<p>Salida de 130,000 lux (9,500 ft velas) a 39.4 \u00ab(1 metro) de distancia<\/p>\n<p>Temperatura de color superior a 4,300\u00ba Kelvin.<\/p>\n<p>La tecnolog\u00eda Cross Focus proporciona un patr\u00f3n de luz ajustable de 9 \u00aba 13\u00bb<\/p>\n<p>Atenuaci\u00f3n de luz de cinco etapas mediante el mango extra\u00edble esterilizable<\/p>\n<p>Modo para cirug\u00eda m\u00ednimamente evasiva.<\/p>\n<p>50,000 horas de vida nominal del LED<\/p>\n<p>Pr\u00e1cticamente cero generaci\u00f3n de calor y bajo consumo de energ\u00eda.<\/p>\n<p>Capacidad para controlar todas las funciones dentro del campo est\u00e9ril.<\/p>\n<p>Dise\u00f1o avanzado del brazo de suspensi\u00f3n, que proporciona una amplia cobertura suave<\/p>\n<p>Excelente control de la sombra, incluso con una sola cabeza de luz<\/p>\n<p>Valor excepcional en comparaci\u00f3n con otros sistemas de iluminaci\u00f3n con caracter\u00edsticas similares.<\/p>\n<p>Disponible en los modelos Solo, Duo y Trio Ceiling Mount<\/p>\n","protected":false},"excerpt":{"rendered":"<p>Dise\u00f1adas para un rendimiento sobresaliente, las luces de quir\u00f3fano LED SYSTEM TWO incorporan todas las funciones m\u00e1s solicitadas en los centros de cirug\u00eda: alto rendimiento de luz fresca, con correcci\u00f3n de color, tama\u00f1o de patr\u00f3n ajustable, controles t\u00e1ctiles electr\u00f3nicos para encendido \/ apagado y atenuaci\u00f3n, flexibles y extensos Brazo de suspensi\u00f3n para m\u00e1xima cobertura, excelente control de la sombra, contactos de rotaci\u00f3n en todos los puntos clave y mucho m\u00e1s.<\/p>\n","protected":false},"featured_media":12431,"template":"","meta":{"_joinchat":[]},"product_brand":[],"product_cat":[278,280],"product_tag":[],"class_list":{"0":"post-12430","1":"product","2":"type-product","3":"status-publish","4":"has-post-thumbnail","6":"product_cat-lamparas","7":"product_cat-lamparas-de-cirugia","8":"pa_marca-medical-illumination","10":"first","11":"instock","12":"purchasable","13":"product-type-simple"},"yoast_head":"<!-- This site is optimized with the Yoast SEO plugin v25.1 - https:\/\/yoast.com\/wordpress\/plugins\/seo\/ -->\n<title>LAMPARA 2 PC TECHO+BRAZO PARA MONITOR - Tu mejor opci\u00f3n Equipo M\u00e9dico M\u00e9xico<\/title>\n<meta name=\"robots\" content=\"index, follow, max-snippet:-1, max-image-preview:large, max-video-preview:-1\" \/>\n<link rel=\"canonical\" href=\"https:\/\/buscoequipomedico.com\/?product=lampara-2-pc-techobrazo-para-monitor\" \/>\n<meta property=\"og:locale\" content=\"es_ES\" \/>\n<meta property=\"og:type\" content=\"article\" \/>\n<meta property=\"og:title\" content=\"LAMPARA 2 PC TECHO+BRAZO PARA MONITOR - Tu mejor opci\u00f3n Equipo M\u00e9dico M\u00e9xico\" \/>\n<meta property=\"og:description\" content=\"Dise\u00f1adas para un rendimiento sobresaliente, las luces de quir\u00f3fano LED SYSTEM TWO incorporan todas las funciones m\u00e1s solicitadas en los centros de cirug\u00eda: alto rendimiento de luz fresca, con correcci\u00f3n de color, tama\u00f1o de patr\u00f3n ajustable, controles t\u00e1ctiles electr\u00f3nicos para encendido \/ apagado y atenuaci\u00f3n, flexibles y extensos Brazo de suspensi\u00f3n para m\u00e1xima cobertura, excelente control de la sombra, contactos de rotaci\u00f3n en todos los puntos clave y mucho m\u00e1s.\" \/>\n<meta property=\"og:url\" content=\"https:\/\/buscoequipomedico.com\/?product=lampara-2-pc-techobrazo-para-monitor\" \/>\n<meta property=\"og:site_name\" content=\"Tu mejor opci\u00f3n Equipo M\u00e9dico M\u00e9xico\" \/>\n<meta property=\"og:image\" content=\"https:\/\/buscoequipomedico.com\/wp-content\/uploads\/2020\/02\/lampara-2-pc-techo-brazo-para-monitor-disenadas-para-un-rendimiento-sobresaliente-las-luces-de-quirofano-led-system-two-incorpor.jpg\" \/>\n\t<meta property=\"og:image:width\" content=\"800\" \/>\n\t<meta property=\"og:image:height\" content=\"800\" \/>\n\t<meta property=\"og:image:type\" content=\"image\/png\" \/>\n<meta name=\"twitter:card\" content=\"summary_large_image\" \/>\n<meta name=\"twitter:label1\" content=\"Tiempo de lectura\" \/>\n\t<meta name=\"twitter:data1\" content=\"1 minuto\" \/>\n<script type=\"application\/ld+json\" class=\"yoast-schema-graph\">{\"@context\":\"https:\/\/schema.org\",\"@graph\":[{\"@type\":\"WebPage\",\"@id\":\"https:\/\/buscoequipomedico.com\/?product=lampara-2-pc-techobrazo-para-monitor\",\"url\":\"https:\/\/buscoequipomedico.com\/?product=lampara-2-pc-techobrazo-para-monitor\",\"name\":\"LAMPARA 2 PC TECHO+BRAZO PARA MONITOR - Tu mejor opci\u00f3n Equipo M\u00e9dico M\u00e9xico\",\"isPartOf\":{\"@id\":\"https:\/\/buscoequipomedico.com\/#website\"},\"primaryImageOfPage\":{\"@id\":\"https:\/\/buscoequipomedico.com\/?product=lampara-2-pc-techobrazo-para-monitor#primaryimage\"},\"image\":{\"@id\":\"https:\/\/buscoequipomedico.com\/?product=lampara-2-pc-techobrazo-para-monitor#primaryimage\"},\"thumbnailUrl\":\"https:\/\/buscoequipomedico.com\/wp-content\/uploads\/2020\/02\/lampara-2-pc-techo-brazo-para-monitor-disenadas-para-un-rendimiento-sobresaliente-las-luces-de-quirofano-led-system-two-incorpor.jpg\",\"datePublished\":\"2020-02-18T07:35:22+00:00\",\"breadcrumb\":{\"@id\":\"https:\/\/buscoequipomedico.com\/?product=lampara-2-pc-techobrazo-para-monitor#breadcrumb\"},\"inLanguage\":\"es\",\"potentialAction\":[{\"@type\":\"ReadAction\",\"target\":[\"https:\/\/buscoequipomedico.com\/?product=lampara-2-pc-techobrazo-para-monitor\"]}]},{\"@type\":\"ImageObject\",\"inLanguage\":\"es\",\"@id\":\"https:\/\/buscoequipomedico.com\/?product=lampara-2-pc-techobrazo-para-monitor#primaryimage\",\"url\":\"https:\/\/buscoequipomedico.com\/wp-content\/uploads\/2020\/02\/lampara-2-pc-techo-brazo-para-monitor-disenadas-para-un-rendimiento-sobresaliente-las-luces-de-quirofano-led-system-two-incorpor.jpg\",\"contentUrl\":\"https:\/\/buscoequipomedico.com\/wp-content\/uploads\/2020\/02\/lampara-2-pc-techo-brazo-para-monitor-disenadas-para-un-rendimiento-sobresaliente-las-luces-de-quirofano-led-system-two-incorpor.jpg\",\"width\":800,\"height\":800},{\"@type\":\"BreadcrumbList\",\"@id\":\"https:\/\/buscoequipomedico.com\/?product=lampara-2-pc-techobrazo-para-monitor#breadcrumb\",\"itemListElement\":[{\"@type\":\"ListItem\",\"position\":1,\"name\":\"Productos\",\"item\":\"https:\/\/buscoequipomedico.com\/shop\/\"},{\"@type\":\"ListItem\",\"position\":2,\"name\":\"LAMPARA 2 PC TECHO+BRAZO PARA MONITOR\"}]},{\"@type\":\"WebSite\",\"@id\":\"https:\/\/buscoequipomedico.com\/#website\",\"url\":\"https:\/\/buscoequipomedico.com\/\",\"name\":\"Tu mejor opci\u00f3n Equipo M\u00e9dico M\u00e9xico\",\"description\":\"Tienda de equipo m\u00e9dico\",\"publisher\":{\"@id\":\"https:\/\/buscoequipomedico.com\/#organization\"},\"potentialAction\":[{\"@type\":\"SearchAction\",\"target\":{\"@type\":\"EntryPoint\",\"urlTemplate\":\"https:\/\/buscoequipomedico.com\/?s={search_term_string}\"},\"query-input\":{\"@type\":\"PropertyValueSpecification\",\"valueRequired\":true,\"valueName\":\"search_term_string\"}}],\"inLanguage\":\"es\"},{\"@type\":\"Organization\",\"@id\":\"https:\/\/buscoequipomedico.com\/#organization\",\"name\":\"Tu mejor opci\u00f3n Equipo M\u00e9dico M\u00e9xico\",\"url\":\"https:\/\/buscoequipomedico.com\/\",\"logo\":{\"@type\":\"ImageObject\",\"inLanguage\":\"es\",\"@id\":\"https:\/\/buscoequipomedico.com\/#\/schema\/logo\/image\/\",\"url\":\"https:\/\/buscoequipomedico.com\/wp-content\/uploads\/2021\/07\/EMM-VPrincipal-scaled.jpg\",\"contentUrl\":\"https:\/\/buscoequipomedico.com\/wp-content\/uploads\/2021\/07\/EMM-VPrincipal-scaled.jpg\",\"width\":2560,\"height\":1058,\"caption\":\"Tu mejor opci\u00f3n Equipo M\u00e9dico M\u00e9xico\"},\"image\":{\"@id\":\"https:\/\/buscoequipomedico.com\/#\/schema\/logo\/image\/\"}}]}<\/script>\n<!-- \/ Yoast SEO plugin. -->","yoast_head_json":{"title":"LAMPARA 2 PC TECHO+BRAZO PARA MONITOR - Tu mejor opci\u00f3n Equipo M\u00e9dico M\u00e9xico","robots":{"index":"index","follow":"follow","max-snippet":"max-snippet:-1","max-image-preview":"max-image-preview:large","max-video-preview":"max-video-preview:-1"},"canonical":"https:\/\/buscoequipomedico.com\/?product=lampara-2-pc-techobrazo-para-monitor","og_locale":"es_ES","og_type":"article","og_title":"LAMPARA 2 PC TECHO+BRAZO PARA MONITOR - Tu mejor opci\u00f3n Equipo M\u00e9dico M\u00e9xico","og_description":"Dise\u00f1adas para un rendimiento sobresaliente, las luces de quir\u00f3fano LED SYSTEM TWO incorporan todas las funciones m\u00e1s solicitadas en los centros de cirug\u00eda: alto rendimiento de luz fresca, con correcci\u00f3n de color, tama\u00f1o de patr\u00f3n ajustable, controles t\u00e1ctiles electr\u00f3nicos para encendido \/ apagado y atenuaci\u00f3n, flexibles y extensos Brazo de suspensi\u00f3n para m\u00e1xima cobertura, excelente control de la sombra, contactos de rotaci\u00f3n en todos los puntos clave y mucho m\u00e1s.","og_url":"https:\/\/buscoequipomedico.com\/?product=lampara-2-pc-techobrazo-para-monitor","og_site_name":"Tu mejor opci\u00f3n Equipo M\u00e9dico M\u00e9xico","og_image":[{"width":800,"height":800,"url":"https:\/\/buscoequipomedico.com\/wp-content\/uploads\/2020\/02\/lampara-2-pc-techo-brazo-para-monitor-disenadas-para-un-rendimiento-sobresaliente-las-luces-de-quirofano-led-system-two-incorpor.jpg","type":"image\/png"}],"twitter_card":"summary_large_image","twitter_misc":{"Tiempo de lectura":"1 minuto"},"schema":{"@context":"https:\/\/schema.org","@graph":[{"@type":"WebPage","@id":"https:\/\/buscoequipomedico.com\/?product=lampara-2-pc-techobrazo-para-monitor","url":"https:\/\/buscoequipomedico.com\/?product=lampara-2-pc-techobrazo-para-monitor","name":"LAMPARA 2 PC TECHO+BRAZO PARA MONITOR - Tu mejor opci\u00f3n Equipo M\u00e9dico M\u00e9xico","isPartOf":{"@id":"https:\/\/buscoequipomedico.com\/#website"},"primaryImageOfPage":{"@id":"https:\/\/buscoequipomedico.com\/?product=lampara-2-pc-techobrazo-para-monitor#primaryimage"},"image":{"@id":"https:\/\/buscoequipomedico.com\/?product=lampara-2-pc-techobrazo-para-monitor#primaryimage"},"thumbnailUrl":"https:\/\/buscoequipomedico.com\/wp-content\/uploads\/2020\/02\/lampara-2-pc-techo-brazo-para-monitor-disenadas-para-un-rendimiento-sobresaliente-las-luces-de-quirofano-led-system-two-incorpor.jpg","datePublished":"2020-02-18T07:35:22+00:00","breadcrumb":{"@id":"https:\/\/buscoequipomedico.com\/?product=lampara-2-pc-techobrazo-para-monitor#breadcrumb"},"inLanguage":"es","potentialAction":[{"@type":"ReadAction","target":["https:\/\/buscoequipomedico.com\/?product=lampara-2-pc-techobrazo-para-monitor"]}]},{"@type":"ImageObject","inLanguage":"es","@id":"https:\/\/buscoequipomedico.com\/?product=lampara-2-pc-techobrazo-para-monitor#primaryimage","url":"https:\/\/buscoequipomedico.com\/wp-content\/uploads\/2020\/02\/lampara-2-pc-techo-brazo-para-monitor-disenadas-para-un-rendimiento-sobresaliente-las-luces-de-quirofano-led-system-two-incorpor.jpg","contentUrl":"https:\/\/buscoequipomedico.com\/wp-content\/uploads\/2020\/02\/lampara-2-pc-techo-brazo-para-monitor-disenadas-para-un-rendimiento-sobresaliente-las-luces-de-quirofano-led-system-two-incorpor.jpg","width":800,"height":800},{"@type":"BreadcrumbList","@id":"https:\/\/buscoequipomedico.com\/?product=lampara-2-pc-techobrazo-para-monitor#breadcrumb","itemListElement":[{"@type":"ListItem","position":1,"name":"Productos","item":"https:\/\/buscoequipomedico.com\/shop\/"},{"@type":"ListItem","position":2,"name":"LAMPARA 2 PC TECHO+BRAZO PARA MONITOR"}]},{"@type":"WebSite","@id":"https:\/\/buscoequipomedico.com\/#website","url":"https:\/\/buscoequipomedico.com\/","name":"Tu mejor opci\u00f3n Equipo M\u00e9dico M\u00e9xico","description":"Tienda de equipo m\u00e9dico","publisher":{"@id":"https:\/\/buscoequipomedico.com\/#organization"},"potentialAction":[{"@type":"SearchAction","target":{"@type":"EntryPoint","urlTemplate":"https:\/\/buscoequipomedico.com\/?s={search_term_string}"},"query-input":{"@type":"PropertyValueSpecification","valueRequired":true,"valueName":"search_term_string"}}],"inLanguage":"es"},{"@type":"Organization","@id":"https:\/\/buscoequipomedico.com\/#organization","name":"Tu mejor opci\u00f3n Equipo M\u00e9dico M\u00e9xico","url":"https:\/\/buscoequipomedico.com\/","logo":{"@type":"ImageObject","inLanguage":"es","@id":"https:\/\/buscoequipomedico.com\/#\/schema\/logo\/image\/","url":"https:\/\/buscoequipomedico.com\/wp-content\/uploads\/2021\/07\/EMM-VPrincipal-scaled.jpg","contentUrl":"https:\/\/buscoequipomedico.com\/wp-content\/uploads\/2021\/07\/EMM-VPrincipal-scaled.jpg","width":2560,"height":1058,"caption":"Tu mejor opci\u00f3n Equipo M\u00e9dico M\u00e9xico"},"image":{"@id":"https:\/\/buscoequipomedico.com\/#\/schema\/logo\/image\/"}}]}},"_links":{"self":[{"href":"https:\/\/buscoequipomedico.com\/index.php?rest_route=\/wp\/v2\/product\/12430","targetHints":{"allow":["GET"]}}],"collection":[{"href":"https:\/\/buscoequipomedico.com\/index.php?rest_route=\/wp\/v2\/product"}],"about":[{"href":"https:\/\/buscoequipomedico.com\/index.php?rest_route=\/wp\/v2\/types\/product"}],"wp:featuredmedia":[{"embeddable":true,"href":"https:\/\/buscoequipomedico.com\/index.php?rest_route=\/wp\/v2\/media\/12431"}],"wp:attachment":[{"href":"https:\/\/buscoequipomedico.com\/index.php?rest_route=%2Fwp%2Fv2%2Fmedia&parent=12430"}],"wp:term":[{"taxonomy":"product_brand","embeddable":true,"href":"https:\/\/buscoequipomedico.com\/index.php?rest_route=%2Fwp%2Fv2%2Fproduct_brand&post=12430"},{"taxonomy":"product_cat","embeddable":true,"href":"https:\/\/buscoequipomedico.com\/index.php?rest_route=%2Fwp%2Fv2%2Fproduct_cat&post=12430"},{"taxonomy":"product_tag","embeddable":true,"href":"https:\/\/buscoequipomedico.com\/index.php?rest_route=%2Fwp%2Fv2%2Fproduct_tag&post=12430"}],"curies":[{"name":"wp","href":"https:\/\/api.w.org\/{rel}","templated":true}]}}