{"id":12432,"date":"2020-02-18T07:35:22","date_gmt":"2020-02-18T07:35:22","guid":{"rendered":"https:\/\/equipomedicomexico-com.preview-domain.com\/product\/lampara-2-pc-techo-hd-video-camara\/"},"modified":"2020-02-18T07:35:22","modified_gmt":"2020-02-18T07:35:22","slug":"lampara-2-pc-techo-hd-video-camara","status":"publish","type":"product","link":"https:\/\/buscoequipomedico.com\/?product=lampara-2-pc-techo-hd-video-camara","title":{"rendered":"LAMPARA 2 PC TECHO+ HD VIDEO CAMARA"},"content":{"rendered":"<p>TECNOLOG\u00cdA VERDE<\/p>\n<p>El eficiente sistema energ\u00e9tico Two LED consume la mitad de la electricidad de su contraparte hal\u00f3gena.<\/p>\n<\/p>\n<p>EFICIENCIA INCREMENTADA<\/p>\n<p>Los LED de 50,000 horas de duraci\u00f3n prolongada alivian la necesidad de comprar y almacenar bombillas de reemplazo y eliminan el tiempo de inactividad de la sala de procedimientos debido a la quema inesperada de las bombillas.<\/p>\n<\/p>\n<p>EXCELENCIA<\/p>\n<p>Salida nominal de 130,000 Lux con una temperatura de color Kelvin de 4300 \u00b0, reducci\u00f3n de sombra superior y dise\u00f1ado con el sistema de brazo de MI sin igual para una \u00f3ptima ubicaci\u00f3n y visibilidad del sitio quir\u00fargico.<\/p>\n<\/p>\n<p>CONFORT DE PROCEDIMIENTO<\/p>\n<p>El uso de la tecnolog\u00eda de refrigeraci\u00f3n LED de System Two mejora la comodidad del paciente y del personal al reducir el calor producido por las antiguas luces hal\u00f3genas.<\/p>\n<\/p>\n<p>AHORRO DE COSTOS<\/p>\n<p>El LED del sistema dos ahorra miles de instalaciones m\u00e9dicas en comparaci\u00f3n con las luces de quir\u00f3fano est\u00e1ndar actualmente disponibles.<\/p>\n","protected":false},"excerpt":{"rendered":"<p>La serie System Two LED presenta un valor incomparable para el centro de cirug\u00eda, las pr\u00e1cticas especializadas y las instalaciones de atenci\u00f3n ambulatoria que buscan un sistema de iluminaci\u00f3n quir\u00fargica. El dise\u00f1o eficiente de la energ\u00eda consume la mitad de la electricidad de su contraparte hal\u00f3gena para ofrecer ahorros significativos a largo plazo para la instalaci\u00f3n de atenci\u00f3n m\u00e9dica. Los LED de 50,000 horas de vida \u00fatil prolongados eliminan el tiempo de inactividad de la sala de procedimientos y tienen una potencia nominal de 130,000 Lux con una temperatura de color Kelvin de 4300 \u00b0. La serie System Two LED est\u00e1 dise\u00f1ada con el exclusivo sistema de brazo de resorte que se puede ajustar durante la vida \u00fatil del producto.<\/p>\n","protected":false},"featured_media":12433,"template":"","meta":{"_joinchat":[]},"product_brand":[],"product_cat":[278,280],"product_tag":[],"class_list":{"0":"post-12432","1":"product","2":"type-product","3":"status-publish","4":"has-post-thumbnail","6":"product_cat-lamparas","7":"product_cat-lamparas-de-cirugia","8":"pa_marca-medical-illumination","10":"first","11":"instock","12":"purchasable","13":"product-type-simple"},"yoast_head":"<!-- This site is optimized with the Yoast SEO plugin v25.1 - https:\/\/yoast.com\/wordpress\/plugins\/seo\/ -->\n<title>LAMPARA 2 PC TECHO+ HD VIDEO CAMARA - Tu mejor opci\u00f3n Equipo M\u00e9dico M\u00e9xico<\/title>\n<meta name=\"robots\" content=\"index, follow, max-snippet:-1, max-image-preview:large, max-video-preview:-1\" \/>\n<link rel=\"canonical\" href=\"https:\/\/buscoequipomedico.com\/?product=lampara-2-pc-techo-hd-video-camara\" \/>\n<meta property=\"og:locale\" content=\"es_ES\" \/>\n<meta property=\"og:type\" content=\"article\" \/>\n<meta property=\"og:title\" content=\"LAMPARA 2 PC TECHO+ HD VIDEO CAMARA - Tu mejor opci\u00f3n Equipo M\u00e9dico M\u00e9xico\" \/>\n<meta property=\"og:description\" content=\"La serie System Two LED presenta un valor incomparable para el centro de cirug\u00eda, las pr\u00e1cticas especializadas y las instalaciones de atenci\u00f3n ambulatoria que buscan un sistema de iluminaci\u00f3n quir\u00fargica. El dise\u00f1o eficiente de la energ\u00eda consume la mitad de la electricidad de su contraparte hal\u00f3gena para ofrecer ahorros significativos a largo plazo para la instalaci\u00f3n de atenci\u00f3n m\u00e9dica. Los LED de 50,000 horas de vida \u00fatil prolongados eliminan el tiempo de inactividad de la sala de procedimientos y tienen una potencia nominal de 130,000 Lux con una temperatura de color Kelvin de 4300 \u00b0. La serie System Two LED est\u00e1 dise\u00f1ada con el exclusivo sistema de brazo de resorte que se puede ajustar durante la vida \u00fatil del producto.\" \/>\n<meta property=\"og:url\" content=\"https:\/\/buscoequipomedico.com\/?product=lampara-2-pc-techo-hd-video-camara\" \/>\n<meta property=\"og:site_name\" content=\"Tu mejor opci\u00f3n Equipo M\u00e9dico M\u00e9xico\" \/>\n<meta property=\"og:image\" content=\"https:\/\/buscoequipomedico.com\/wp-content\/uploads\/2020\/02\/lampara-2-pc-techo-hd-video-camara-la-serie-system-two-led-presenta-un-valor-incomparable-para-el-centro-de-cirugia-las-practica.jpg\" \/>\n\t<meta property=\"og:image:width\" content=\"800\" \/>\n\t<meta property=\"og:image:height\" content=\"800\" \/>\n\t<meta property=\"og:image:type\" content=\"image\/png\" \/>\n<meta name=\"twitter:card\" content=\"summary_large_image\" \/>\n<meta name=\"twitter:label1\" content=\"Tiempo de lectura\" \/>\n\t<meta name=\"twitter:data1\" content=\"1 minuto\" \/>\n<script type=\"application\/ld+json\" class=\"yoast-schema-graph\">{\"@context\":\"https:\/\/schema.org\",\"@graph\":[{\"@type\":\"WebPage\",\"@id\":\"https:\/\/buscoequipomedico.com\/?product=lampara-2-pc-techo-hd-video-camara\",\"url\":\"https:\/\/buscoequipomedico.com\/?product=lampara-2-pc-techo-hd-video-camara\",\"name\":\"LAMPARA 2 PC TECHO+ HD VIDEO CAMARA - Tu mejor opci\u00f3n Equipo M\u00e9dico M\u00e9xico\",\"isPartOf\":{\"@id\":\"https:\/\/buscoequipomedico.com\/#website\"},\"primaryImageOfPage\":{\"@id\":\"https:\/\/buscoequipomedico.com\/?product=lampara-2-pc-techo-hd-video-camara#primaryimage\"},\"image\":{\"@id\":\"https:\/\/buscoequipomedico.com\/?product=lampara-2-pc-techo-hd-video-camara#primaryimage\"},\"thumbnailUrl\":\"https:\/\/buscoequipomedico.com\/wp-content\/uploads\/2020\/02\/lampara-2-pc-techo-hd-video-camara-la-serie-system-two-led-presenta-un-valor-incomparable-para-el-centro-de-cirugia-las-practica.jpg\",\"datePublished\":\"2020-02-18T07:35:22+00:00\",\"breadcrumb\":{\"@id\":\"https:\/\/buscoequipomedico.com\/?product=lampara-2-pc-techo-hd-video-camara#breadcrumb\"},\"inLanguage\":\"es\",\"potentialAction\":[{\"@type\":\"ReadAction\",\"target\":[\"https:\/\/buscoequipomedico.com\/?product=lampara-2-pc-techo-hd-video-camara\"]}]},{\"@type\":\"ImageObject\",\"inLanguage\":\"es\",\"@id\":\"https:\/\/buscoequipomedico.com\/?product=lampara-2-pc-techo-hd-video-camara#primaryimage\",\"url\":\"https:\/\/buscoequipomedico.com\/wp-content\/uploads\/2020\/02\/lampara-2-pc-techo-hd-video-camara-la-serie-system-two-led-presenta-un-valor-incomparable-para-el-centro-de-cirugia-las-practica.jpg\",\"contentUrl\":\"https:\/\/buscoequipomedico.com\/wp-content\/uploads\/2020\/02\/lampara-2-pc-techo-hd-video-camara-la-serie-system-two-led-presenta-un-valor-incomparable-para-el-centro-de-cirugia-las-practica.jpg\",\"width\":800,\"height\":800},{\"@type\":\"BreadcrumbList\",\"@id\":\"https:\/\/buscoequipomedico.com\/?product=lampara-2-pc-techo-hd-video-camara#breadcrumb\",\"itemListElement\":[{\"@type\":\"ListItem\",\"position\":1,\"name\":\"Productos\",\"item\":\"https:\/\/buscoequipomedico.com\/shop\/\"},{\"@type\":\"ListItem\",\"position\":2,\"name\":\"LAMPARA 2 PC TECHO+ HD VIDEO CAMARA\"}]},{\"@type\":\"WebSite\",\"@id\":\"https:\/\/buscoequipomedico.com\/#website\",\"url\":\"https:\/\/buscoequipomedico.com\/\",\"name\":\"Tu mejor opci\u00f3n Equipo M\u00e9dico M\u00e9xico\",\"description\":\"Tienda de equipo m\u00e9dico\",\"publisher\":{\"@id\":\"https:\/\/buscoequipomedico.com\/#organization\"},\"potentialAction\":[{\"@type\":\"SearchAction\",\"target\":{\"@type\":\"EntryPoint\",\"urlTemplate\":\"https:\/\/buscoequipomedico.com\/?s={search_term_string}\"},\"query-input\":{\"@type\":\"PropertyValueSpecification\",\"valueRequired\":true,\"valueName\":\"search_term_string\"}}],\"inLanguage\":\"es\"},{\"@type\":\"Organization\",\"@id\":\"https:\/\/buscoequipomedico.com\/#organization\",\"name\":\"Tu mejor opci\u00f3n Equipo M\u00e9dico M\u00e9xico\",\"url\":\"https:\/\/buscoequipomedico.com\/\",\"logo\":{\"@type\":\"ImageObject\",\"inLanguage\":\"es\",\"@id\":\"https:\/\/buscoequipomedico.com\/#\/schema\/logo\/image\/\",\"url\":\"https:\/\/buscoequipomedico.com\/wp-content\/uploads\/2021\/07\/EMM-VPrincipal-scaled.jpg\",\"contentUrl\":\"https:\/\/buscoequipomedico.com\/wp-content\/uploads\/2021\/07\/EMM-VPrincipal-scaled.jpg\",\"width\":2560,\"height\":1058,\"caption\":\"Tu mejor opci\u00f3n Equipo M\u00e9dico M\u00e9xico\"},\"image\":{\"@id\":\"https:\/\/buscoequipomedico.com\/#\/schema\/logo\/image\/\"}}]}<\/script>\n<!-- \/ Yoast SEO plugin. -->","yoast_head_json":{"title":"LAMPARA 2 PC TECHO+ HD VIDEO CAMARA - Tu mejor opci\u00f3n Equipo M\u00e9dico M\u00e9xico","robots":{"index":"index","follow":"follow","max-snippet":"max-snippet:-1","max-image-preview":"max-image-preview:large","max-video-preview":"max-video-preview:-1"},"canonical":"https:\/\/buscoequipomedico.com\/?product=lampara-2-pc-techo-hd-video-camara","og_locale":"es_ES","og_type":"article","og_title":"LAMPARA 2 PC TECHO+ HD VIDEO CAMARA - Tu mejor opci\u00f3n Equipo M\u00e9dico M\u00e9xico","og_description":"La serie System Two LED presenta un valor incomparable para el centro de cirug\u00eda, las pr\u00e1cticas especializadas y las instalaciones de atenci\u00f3n ambulatoria que buscan un sistema de iluminaci\u00f3n quir\u00fargica. El dise\u00f1o eficiente de la energ\u00eda consume la mitad de la electricidad de su contraparte hal\u00f3gena para ofrecer ahorros significativos a largo plazo para la instalaci\u00f3n de atenci\u00f3n m\u00e9dica. Los LED de 50,000 horas de vida \u00fatil prolongados eliminan el tiempo de inactividad de la sala de procedimientos y tienen una potencia nominal de 130,000 Lux con una temperatura de color Kelvin de 4300 \u00b0. La serie System Two LED est\u00e1 dise\u00f1ada con el exclusivo sistema de brazo de resorte que se puede ajustar durante la vida \u00fatil del producto.","og_url":"https:\/\/buscoequipomedico.com\/?product=lampara-2-pc-techo-hd-video-camara","og_site_name":"Tu mejor opci\u00f3n Equipo M\u00e9dico M\u00e9xico","og_image":[{"width":800,"height":800,"url":"https:\/\/buscoequipomedico.com\/wp-content\/uploads\/2020\/02\/lampara-2-pc-techo-hd-video-camara-la-serie-system-two-led-presenta-un-valor-incomparable-para-el-centro-de-cirugia-las-practica.jpg","type":"image\/png"}],"twitter_card":"summary_large_image","twitter_misc":{"Tiempo de lectura":"1 minuto"},"schema":{"@context":"https:\/\/schema.org","@graph":[{"@type":"WebPage","@id":"https:\/\/buscoequipomedico.com\/?product=lampara-2-pc-techo-hd-video-camara","url":"https:\/\/buscoequipomedico.com\/?product=lampara-2-pc-techo-hd-video-camara","name":"LAMPARA 2 PC TECHO+ HD VIDEO CAMARA - Tu mejor opci\u00f3n Equipo M\u00e9dico M\u00e9xico","isPartOf":{"@id":"https:\/\/buscoequipomedico.com\/#website"},"primaryImageOfPage":{"@id":"https:\/\/buscoequipomedico.com\/?product=lampara-2-pc-techo-hd-video-camara#primaryimage"},"image":{"@id":"https:\/\/buscoequipomedico.com\/?product=lampara-2-pc-techo-hd-video-camara#primaryimage"},"thumbnailUrl":"https:\/\/buscoequipomedico.com\/wp-content\/uploads\/2020\/02\/lampara-2-pc-techo-hd-video-camara-la-serie-system-two-led-presenta-un-valor-incomparable-para-el-centro-de-cirugia-las-practica.jpg","datePublished":"2020-02-18T07:35:22+00:00","breadcrumb":{"@id":"https:\/\/buscoequipomedico.com\/?product=lampara-2-pc-techo-hd-video-camara#breadcrumb"},"inLanguage":"es","potentialAction":[{"@type":"ReadAction","target":["https:\/\/buscoequipomedico.com\/?product=lampara-2-pc-techo-hd-video-camara"]}]},{"@type":"ImageObject","inLanguage":"es","@id":"https:\/\/buscoequipomedico.com\/?product=lampara-2-pc-techo-hd-video-camara#primaryimage","url":"https:\/\/buscoequipomedico.com\/wp-content\/uploads\/2020\/02\/lampara-2-pc-techo-hd-video-camara-la-serie-system-two-led-presenta-un-valor-incomparable-para-el-centro-de-cirugia-las-practica.jpg","contentUrl":"https:\/\/buscoequipomedico.com\/wp-content\/uploads\/2020\/02\/lampara-2-pc-techo-hd-video-camara-la-serie-system-two-led-presenta-un-valor-incomparable-para-el-centro-de-cirugia-las-practica.jpg","width":800,"height":800},{"@type":"BreadcrumbList","@id":"https:\/\/buscoequipomedico.com\/?product=lampara-2-pc-techo-hd-video-camara#breadcrumb","itemListElement":[{"@type":"ListItem","position":1,"name":"Productos","item":"https:\/\/buscoequipomedico.com\/shop\/"},{"@type":"ListItem","position":2,"name":"LAMPARA 2 PC TECHO+ HD VIDEO CAMARA"}]},{"@type":"WebSite","@id":"https:\/\/buscoequipomedico.com\/#website","url":"https:\/\/buscoequipomedico.com\/","name":"Tu mejor opci\u00f3n Equipo M\u00e9dico M\u00e9xico","description":"Tienda de equipo m\u00e9dico","publisher":{"@id":"https:\/\/buscoequipomedico.com\/#organization"},"potentialAction":[{"@type":"SearchAction","target":{"@type":"EntryPoint","urlTemplate":"https:\/\/buscoequipomedico.com\/?s={search_term_string}"},"query-input":{"@type":"PropertyValueSpecification","valueRequired":true,"valueName":"search_term_string"}}],"inLanguage":"es"},{"@type":"Organization","@id":"https:\/\/buscoequipomedico.com\/#organization","name":"Tu mejor opci\u00f3n Equipo M\u00e9dico M\u00e9xico","url":"https:\/\/buscoequipomedico.com\/","logo":{"@type":"ImageObject","inLanguage":"es","@id":"https:\/\/buscoequipomedico.com\/#\/schema\/logo\/image\/","url":"https:\/\/buscoequipomedico.com\/wp-content\/uploads\/2021\/07\/EMM-VPrincipal-scaled.jpg","contentUrl":"https:\/\/buscoequipomedico.com\/wp-content\/uploads\/2021\/07\/EMM-VPrincipal-scaled.jpg","width":2560,"height":1058,"caption":"Tu mejor opci\u00f3n Equipo M\u00e9dico M\u00e9xico"},"image":{"@id":"https:\/\/buscoequipomedico.com\/#\/schema\/logo\/image\/"}}]}},"_links":{"self":[{"href":"https:\/\/buscoequipomedico.com\/index.php?rest_route=\/wp\/v2\/product\/12432","targetHints":{"allow":["GET"]}}],"collection":[{"href":"https:\/\/buscoequipomedico.com\/index.php?rest_route=\/wp\/v2\/product"}],"about":[{"href":"https:\/\/buscoequipomedico.com\/index.php?rest_route=\/wp\/v2\/types\/product"}],"wp:featuredmedia":[{"embeddable":true,"href":"https:\/\/buscoequipomedico.com\/index.php?rest_route=\/wp\/v2\/media\/12433"}],"wp:attachment":[{"href":"https:\/\/buscoequipomedico.com\/index.php?rest_route=%2Fwp%2Fv2%2Fmedia&parent=12432"}],"wp:term":[{"taxonomy":"product_brand","embeddable":true,"href":"https:\/\/buscoequipomedico.com\/index.php?rest_route=%2Fwp%2Fv2%2Fproduct_brand&post=12432"},{"taxonomy":"product_cat","embeddable":true,"href":"https:\/\/buscoequipomedico.com\/index.php?rest_route=%2Fwp%2Fv2%2Fproduct_cat&post=12432"},{"taxonomy":"product_tag","embeddable":true,"href":"https:\/\/buscoequipomedico.com\/index.php?rest_route=%2Fwp%2Fv2%2Fproduct_tag&post=12432"}],"curies":[{"name":"wp","href":"https:\/\/api.w.org\/{rel}","templated":true}]}}