{"id":12436,"date":"2020-02-18T07:35:22","date_gmt":"2020-02-18T07:35:22","guid":{"rendered":"https:\/\/equipomedicomexico-com.preview-domain.com\/product\/techo-dual-20-pulgadas\/"},"modified":"2020-02-18T07:35:23","modified_gmt":"2020-02-18T07:35:23","slug":"techo-dual-20-pulgadas","status":"publish","type":"product","link":"https:\/\/buscoequipomedico.com\/?product=techo-dual-20-pulgadas","title":{"rendered":"TECHO DUAL 20 PULGADAS"},"content":{"rendered":"<p>&#8211; Patr\u00f3n de luz totalmente ajustable.<\/p>\n<p>&#8211; Bastidor de techo duradero para una \u00f3ptima estabilidad, equilibrio y funci\u00f3n<\/p>\n<p>&#8211; Contactos rotativos de 360\uf0b0 en todos los puntos clave.<\/p>\n<p>&#8211; Controles t\u00e1ctiles electr\u00f3nicos para encendido \/ apagado y regulaci\u00f3n.<\/p>\n<p>&#8211; Mango esterilizable extra\u00edble.<\/p>\n<p>&#8211; Reserve la bombilla con cambio autom\u00e1tico, en caso de falla de la bombilla primaria<\/p>\n<p>&#8211; Dise\u00f1o avanzado del brazo de suspensi\u00f3n, que proporciona una cobertura amplia y uniforme<\/p>\n<p>&#8211; Dise\u00f1o \u00fanico de lente facial curvada.<\/p>\n<\/p>\n<p>Especificaci\u00f3n:<\/p>\n<p>&#8211; Vida de la bombilla: 1000 hr.<\/p>\n<p>&#8211; Temperatura de color: 4000 K<\/p>\n<p>&#8211; Profundidad de campo: 48 in.<\/p>\n<p>&#8211; Di\u00e1metro del campo: 6.4 pulg. &#8211; 9 pulg.<\/p>\n<p>&#8211; Di\u00e1metro del cabezal: 20 pulg.<\/p>\n","protected":false},"excerpt":{"rendered":"<p>SISTEMA DE ILUMINACI\u00d3N M\u00c9DICA DOS (SERIE HAL\u00d3GENO) LUZ DE CIRUG\u00cdA<\/p>\n<p>Dise\u00f1ada para un rendimiento sobresaliente, la l\u00e1mpara hal\u00f3gena de 20 \u00abHal\u00f3gena System Two tiene caracter\u00edsticas que son \u00fatiles en una variedad de configuraciones de quir\u00f3fano y cirug\u00eda.<\/p>\n","protected":false},"featured_media":12437,"template":"","meta":{"_joinchat":[]},"product_brand":[],"product_cat":[278,280],"product_tag":[],"class_list":{"0":"post-12436","1":"product","2":"type-product","3":"status-publish","4":"has-post-thumbnail","6":"product_cat-lamparas","7":"product_cat-lamparas-de-cirugia","8":"pa_marca-medical-illumination","10":"first","11":"instock","12":"purchasable","13":"product-type-simple"},"yoast_head":"<!-- This site is optimized with the Yoast SEO plugin v25.1 - https:\/\/yoast.com\/wordpress\/plugins\/seo\/ -->\n<title>TECHO DUAL 20 PULGADAS - Tu mejor opci\u00f3n Equipo M\u00e9dico M\u00e9xico<\/title>\n<meta name=\"robots\" content=\"index, follow, max-snippet:-1, max-image-preview:large, max-video-preview:-1\" \/>\n<link rel=\"canonical\" href=\"https:\/\/buscoequipomedico.com\/?product=techo-dual-20-pulgadas\" \/>\n<meta property=\"og:locale\" content=\"es_ES\" \/>\n<meta property=\"og:type\" content=\"article\" \/>\n<meta property=\"og:title\" content=\"TECHO DUAL 20 PULGADAS - Tu mejor opci\u00f3n Equipo M\u00e9dico M\u00e9xico\" \/>\n<meta property=\"og:description\" content=\"SISTEMA DE ILUMINACI\u00d3N M\u00c9DICA DOS (SERIE HAL\u00d3GENO) LUZ DE CIRUG\u00cdA Dise\u00f1ada para un rendimiento sobresaliente, la l\u00e1mpara hal\u00f3gena de 20 &quot;Hal\u00f3gena System Two tiene caracter\u00edsticas que son \u00fatiles en una variedad de configuraciones de quir\u00f3fano y cirug\u00eda.\" \/>\n<meta property=\"og:url\" content=\"https:\/\/buscoequipomedico.com\/?product=techo-dual-20-pulgadas\" \/>\n<meta property=\"og:site_name\" content=\"Tu mejor opci\u00f3n Equipo M\u00e9dico M\u00e9xico\" \/>\n<meta property=\"article:modified_time\" content=\"2020-02-18T07:35:23+00:00\" \/>\n<meta property=\"og:image\" content=\"https:\/\/buscoequipomedico.com\/wp-content\/uploads\/2020\/02\/techo-dual-20-pulgadas-sistema-de-iluminacion-medica-dos-serie-halogeno-luz-de-cirugia-disenada-para-un-rendimiento-sobresalient.jpg\" \/>\n\t<meta property=\"og:image:width\" content=\"800\" \/>\n\t<meta property=\"og:image:height\" content=\"800\" \/>\n\t<meta property=\"og:image:type\" content=\"image\/png\" \/>\n<meta name=\"twitter:card\" content=\"summary_large_image\" \/>\n<meta name=\"twitter:label1\" content=\"Tiempo de lectura\" \/>\n\t<meta name=\"twitter:data1\" content=\"1 minuto\" \/>\n<script type=\"application\/ld+json\" class=\"yoast-schema-graph\">{\"@context\":\"https:\/\/schema.org\",\"@graph\":[{\"@type\":\"WebPage\",\"@id\":\"https:\/\/buscoequipomedico.com\/?product=techo-dual-20-pulgadas\",\"url\":\"https:\/\/buscoequipomedico.com\/?product=techo-dual-20-pulgadas\",\"name\":\"TECHO DUAL 20 PULGADAS - Tu mejor opci\u00f3n Equipo M\u00e9dico M\u00e9xico\",\"isPartOf\":{\"@id\":\"https:\/\/buscoequipomedico.com\/#website\"},\"primaryImageOfPage\":{\"@id\":\"https:\/\/buscoequipomedico.com\/?product=techo-dual-20-pulgadas#primaryimage\"},\"image\":{\"@id\":\"https:\/\/buscoequipomedico.com\/?product=techo-dual-20-pulgadas#primaryimage\"},\"thumbnailUrl\":\"https:\/\/buscoequipomedico.com\/wp-content\/uploads\/2020\/02\/techo-dual-20-pulgadas-sistema-de-iluminacion-medica-dos-serie-halogeno-luz-de-cirugia-disenada-para-un-rendimiento-sobresalient.jpg\",\"datePublished\":\"2020-02-18T07:35:22+00:00\",\"dateModified\":\"2020-02-18T07:35:23+00:00\",\"breadcrumb\":{\"@id\":\"https:\/\/buscoequipomedico.com\/?product=techo-dual-20-pulgadas#breadcrumb\"},\"inLanguage\":\"es\",\"potentialAction\":[{\"@type\":\"ReadAction\",\"target\":[\"https:\/\/buscoequipomedico.com\/?product=techo-dual-20-pulgadas\"]}]},{\"@type\":\"ImageObject\",\"inLanguage\":\"es\",\"@id\":\"https:\/\/buscoequipomedico.com\/?product=techo-dual-20-pulgadas#primaryimage\",\"url\":\"https:\/\/buscoequipomedico.com\/wp-content\/uploads\/2020\/02\/techo-dual-20-pulgadas-sistema-de-iluminacion-medica-dos-serie-halogeno-luz-de-cirugia-disenada-para-un-rendimiento-sobresalient.jpg\",\"contentUrl\":\"https:\/\/buscoequipomedico.com\/wp-content\/uploads\/2020\/02\/techo-dual-20-pulgadas-sistema-de-iluminacion-medica-dos-serie-halogeno-luz-de-cirugia-disenada-para-un-rendimiento-sobresalient.jpg\",\"width\":800,\"height\":800},{\"@type\":\"BreadcrumbList\",\"@id\":\"https:\/\/buscoequipomedico.com\/?product=techo-dual-20-pulgadas#breadcrumb\",\"itemListElement\":[{\"@type\":\"ListItem\",\"position\":1,\"name\":\"Productos\",\"item\":\"https:\/\/buscoequipomedico.com\/shop\/\"},{\"@type\":\"ListItem\",\"position\":2,\"name\":\"TECHO DUAL 20 PULGADAS\"}]},{\"@type\":\"WebSite\",\"@id\":\"https:\/\/buscoequipomedico.com\/#website\",\"url\":\"https:\/\/buscoequipomedico.com\/\",\"name\":\"Tu mejor opci\u00f3n Equipo M\u00e9dico M\u00e9xico\",\"description\":\"Tienda de equipo m\u00e9dico\",\"publisher\":{\"@id\":\"https:\/\/buscoequipomedico.com\/#organization\"},\"potentialAction\":[{\"@type\":\"SearchAction\",\"target\":{\"@type\":\"EntryPoint\",\"urlTemplate\":\"https:\/\/buscoequipomedico.com\/?s={search_term_string}\"},\"query-input\":{\"@type\":\"PropertyValueSpecification\",\"valueRequired\":true,\"valueName\":\"search_term_string\"}}],\"inLanguage\":\"es\"},{\"@type\":\"Organization\",\"@id\":\"https:\/\/buscoequipomedico.com\/#organization\",\"name\":\"Tu mejor opci\u00f3n Equipo M\u00e9dico M\u00e9xico\",\"url\":\"https:\/\/buscoequipomedico.com\/\",\"logo\":{\"@type\":\"ImageObject\",\"inLanguage\":\"es\",\"@id\":\"https:\/\/buscoequipomedico.com\/#\/schema\/logo\/image\/\",\"url\":\"https:\/\/buscoequipomedico.com\/wp-content\/uploads\/2021\/07\/EMM-VPrincipal-scaled.jpg\",\"contentUrl\":\"https:\/\/buscoequipomedico.com\/wp-content\/uploads\/2021\/07\/EMM-VPrincipal-scaled.jpg\",\"width\":2560,\"height\":1058,\"caption\":\"Tu mejor opci\u00f3n Equipo M\u00e9dico M\u00e9xico\"},\"image\":{\"@id\":\"https:\/\/buscoequipomedico.com\/#\/schema\/logo\/image\/\"}}]}<\/script>\n<!-- \/ Yoast SEO plugin. -->","yoast_head_json":{"title":"TECHO DUAL 20 PULGADAS - Tu mejor opci\u00f3n Equipo M\u00e9dico M\u00e9xico","robots":{"index":"index","follow":"follow","max-snippet":"max-snippet:-1","max-image-preview":"max-image-preview:large","max-video-preview":"max-video-preview:-1"},"canonical":"https:\/\/buscoequipomedico.com\/?product=techo-dual-20-pulgadas","og_locale":"es_ES","og_type":"article","og_title":"TECHO DUAL 20 PULGADAS - Tu mejor opci\u00f3n Equipo M\u00e9dico M\u00e9xico","og_description":"SISTEMA DE ILUMINACI\u00d3N M\u00c9DICA DOS (SERIE HAL\u00d3GENO) LUZ DE CIRUG\u00cdA Dise\u00f1ada para un rendimiento sobresaliente, la l\u00e1mpara hal\u00f3gena de 20 \"Hal\u00f3gena System Two tiene caracter\u00edsticas que son \u00fatiles en una variedad de configuraciones de quir\u00f3fano y cirug\u00eda.","og_url":"https:\/\/buscoequipomedico.com\/?product=techo-dual-20-pulgadas","og_site_name":"Tu mejor opci\u00f3n Equipo M\u00e9dico M\u00e9xico","article_modified_time":"2020-02-18T07:35:23+00:00","og_image":[{"width":800,"height":800,"url":"https:\/\/buscoequipomedico.com\/wp-content\/uploads\/2020\/02\/techo-dual-20-pulgadas-sistema-de-iluminacion-medica-dos-serie-halogeno-luz-de-cirugia-disenada-para-un-rendimiento-sobresalient.jpg","type":"image\/png"}],"twitter_card":"summary_large_image","twitter_misc":{"Tiempo de lectura":"1 minuto"},"schema":{"@context":"https:\/\/schema.org","@graph":[{"@type":"WebPage","@id":"https:\/\/buscoequipomedico.com\/?product=techo-dual-20-pulgadas","url":"https:\/\/buscoequipomedico.com\/?product=techo-dual-20-pulgadas","name":"TECHO DUAL 20 PULGADAS - Tu mejor opci\u00f3n Equipo M\u00e9dico M\u00e9xico","isPartOf":{"@id":"https:\/\/buscoequipomedico.com\/#website"},"primaryImageOfPage":{"@id":"https:\/\/buscoequipomedico.com\/?product=techo-dual-20-pulgadas#primaryimage"},"image":{"@id":"https:\/\/buscoequipomedico.com\/?product=techo-dual-20-pulgadas#primaryimage"},"thumbnailUrl":"https:\/\/buscoequipomedico.com\/wp-content\/uploads\/2020\/02\/techo-dual-20-pulgadas-sistema-de-iluminacion-medica-dos-serie-halogeno-luz-de-cirugia-disenada-para-un-rendimiento-sobresalient.jpg","datePublished":"2020-02-18T07:35:22+00:00","dateModified":"2020-02-18T07:35:23+00:00","breadcrumb":{"@id":"https:\/\/buscoequipomedico.com\/?product=techo-dual-20-pulgadas#breadcrumb"},"inLanguage":"es","potentialAction":[{"@type":"ReadAction","target":["https:\/\/buscoequipomedico.com\/?product=techo-dual-20-pulgadas"]}]},{"@type":"ImageObject","inLanguage":"es","@id":"https:\/\/buscoequipomedico.com\/?product=techo-dual-20-pulgadas#primaryimage","url":"https:\/\/buscoequipomedico.com\/wp-content\/uploads\/2020\/02\/techo-dual-20-pulgadas-sistema-de-iluminacion-medica-dos-serie-halogeno-luz-de-cirugia-disenada-para-un-rendimiento-sobresalient.jpg","contentUrl":"https:\/\/buscoequipomedico.com\/wp-content\/uploads\/2020\/02\/techo-dual-20-pulgadas-sistema-de-iluminacion-medica-dos-serie-halogeno-luz-de-cirugia-disenada-para-un-rendimiento-sobresalient.jpg","width":800,"height":800},{"@type":"BreadcrumbList","@id":"https:\/\/buscoequipomedico.com\/?product=techo-dual-20-pulgadas#breadcrumb","itemListElement":[{"@type":"ListItem","position":1,"name":"Productos","item":"https:\/\/buscoequipomedico.com\/shop\/"},{"@type":"ListItem","position":2,"name":"TECHO DUAL 20 PULGADAS"}]},{"@type":"WebSite","@id":"https:\/\/buscoequipomedico.com\/#website","url":"https:\/\/buscoequipomedico.com\/","name":"Tu mejor opci\u00f3n Equipo M\u00e9dico M\u00e9xico","description":"Tienda de equipo m\u00e9dico","publisher":{"@id":"https:\/\/buscoequipomedico.com\/#organization"},"potentialAction":[{"@type":"SearchAction","target":{"@type":"EntryPoint","urlTemplate":"https:\/\/buscoequipomedico.com\/?s={search_term_string}"},"query-input":{"@type":"PropertyValueSpecification","valueRequired":true,"valueName":"search_term_string"}}],"inLanguage":"es"},{"@type":"Organization","@id":"https:\/\/buscoequipomedico.com\/#organization","name":"Tu mejor opci\u00f3n Equipo M\u00e9dico M\u00e9xico","url":"https:\/\/buscoequipomedico.com\/","logo":{"@type":"ImageObject","inLanguage":"es","@id":"https:\/\/buscoequipomedico.com\/#\/schema\/logo\/image\/","url":"https:\/\/buscoequipomedico.com\/wp-content\/uploads\/2021\/07\/EMM-VPrincipal-scaled.jpg","contentUrl":"https:\/\/buscoequipomedico.com\/wp-content\/uploads\/2021\/07\/EMM-VPrincipal-scaled.jpg","width":2560,"height":1058,"caption":"Tu mejor opci\u00f3n Equipo M\u00e9dico M\u00e9xico"},"image":{"@id":"https:\/\/buscoequipomedico.com\/#\/schema\/logo\/image\/"}}]}},"_links":{"self":[{"href":"https:\/\/buscoequipomedico.com\/index.php?rest_route=\/wp\/v2\/product\/12436","targetHints":{"allow":["GET"]}}],"collection":[{"href":"https:\/\/buscoequipomedico.com\/index.php?rest_route=\/wp\/v2\/product"}],"about":[{"href":"https:\/\/buscoequipomedico.com\/index.php?rest_route=\/wp\/v2\/types\/product"}],"wp:featuredmedia":[{"embeddable":true,"href":"https:\/\/buscoequipomedico.com\/index.php?rest_route=\/wp\/v2\/media\/12437"}],"wp:attachment":[{"href":"https:\/\/buscoequipomedico.com\/index.php?rest_route=%2Fwp%2Fv2%2Fmedia&parent=12436"}],"wp:term":[{"taxonomy":"product_brand","embeddable":true,"href":"https:\/\/buscoequipomedico.com\/index.php?rest_route=%2Fwp%2Fv2%2Fproduct_brand&post=12436"},{"taxonomy":"product_cat","embeddable":true,"href":"https:\/\/buscoequipomedico.com\/index.php?rest_route=%2Fwp%2Fv2%2Fproduct_cat&post=12436"},{"taxonomy":"product_tag","embeddable":true,"href":"https:\/\/buscoequipomedico.com\/index.php?rest_route=%2Fwp%2Fv2%2Fproduct_tag&post=12436"}],"curies":[{"name":"wp","href":"https:\/\/api.w.org\/{rel}","templated":true}]}}