{"id":12438,"date":"2020-02-18T07:35:22","date_gmt":"2020-02-18T07:35:22","guid":{"rendered":"https:\/\/equipomedicomexico-com.preview-domain.com\/product\/techo-dual-hd-video-camera\/"},"modified":"2020-02-18T07:35:23","modified_gmt":"2020-02-18T07:35:23","slug":"techo-dual-hd-video-camera","status":"publish","type":"product","link":"https:\/\/buscoequipomedico.com\/?product=techo-dual-hd-video-camera","title":{"rendered":"TECHO DUAL + HD VIDEO CAMERA"},"content":{"rendered":"<p>Fuente de luz hal\u00f3gena<\/p>\n<p>4300 \u00b0 Kelvin Temperatura de color<\/p>\n<p>Sistema de filtro de lentes<\/p>\n<p>Reflector dicr\u00f3nico de vidrio de 5 \u00abde di\u00e1metro<\/p>\n<p>43,000 lux (salida de vela de 4000 pies a 24 pulgadas \/ 610 mm)<\/p>\n<p>Disponible en una variedad de opciones de montaje<\/p>\n<p>Interruptor de encendido \/ apagado de f\u00e1cil acceso<\/p>\n<p>Cabezal y brazo ambos giran 540 \u00b0<\/p>\n<p>Mango montado en el per\u00edmetro de la cabeza de luz.<\/p>\n","protected":false},"excerpt":{"rendered":"<p>Esta es una luz excepcionalmente compacta que tiene una bombilla hal\u00f3gena de larga duraci\u00f3n para proporcionar un gran patr\u00f3n de luz con una intensidad de 4,000 pies.<\/p>\n<p>(43,000 lux) y una temperatura de color de 4,300 \u00b0 Kelvin. El 5 en. El reflector dicroico de vidrio (127 mm) crea un brillante de 6 pulgadas de enfoque previo. (150mm)<\/p>\n<p>Spot a una distancia de 24 pulgadas. (610mm) de lamphead. El Centry Light tiene dos estilos de asas, fijas o removibles.<\/p>\n","protected":false},"featured_media":12439,"template":"","meta":{"_joinchat":[]},"product_brand":[],"product_cat":[278,280],"product_tag":[],"class_list":{"0":"post-12438","1":"product","2":"type-product","3":"status-publish","4":"has-post-thumbnail","6":"product_cat-lamparas","7":"product_cat-lamparas-de-cirugia","8":"pa_marca-medical-illumination","10":"first","11":"instock","12":"purchasable","13":"product-type-simple"},"yoast_head":"<!-- This site is optimized with the Yoast SEO plugin v25.1 - https:\/\/yoast.com\/wordpress\/plugins\/seo\/ -->\n<title>TECHO DUAL + HD VIDEO CAMERA - Tu mejor opci\u00f3n Equipo M\u00e9dico M\u00e9xico<\/title>\n<meta name=\"robots\" content=\"index, follow, max-snippet:-1, max-image-preview:large, max-video-preview:-1\" \/>\n<link rel=\"canonical\" href=\"https:\/\/buscoequipomedico.com\/?product=techo-dual-hd-video-camera\" \/>\n<meta property=\"og:locale\" content=\"es_ES\" \/>\n<meta property=\"og:type\" content=\"article\" \/>\n<meta property=\"og:title\" content=\"TECHO DUAL + HD VIDEO CAMERA - Tu mejor opci\u00f3n Equipo M\u00e9dico M\u00e9xico\" \/>\n<meta property=\"og:description\" content=\"Esta es una luz excepcionalmente compacta que tiene una bombilla hal\u00f3gena de larga duraci\u00f3n para proporcionar un gran patr\u00f3n de luz con una intensidad de 4,000 pies. (43,000 lux) y una temperatura de color de 4,300 \u00b0 Kelvin. El 5 en. El reflector dicroico de vidrio (127 mm) crea un brillante de 6 pulgadas de enfoque previo. (150mm) Spot a una distancia de 24 pulgadas. (610mm) de lamphead. El Centry Light tiene dos estilos de asas, fijas o removibles.\" \/>\n<meta property=\"og:url\" content=\"https:\/\/buscoequipomedico.com\/?product=techo-dual-hd-video-camera\" \/>\n<meta property=\"og:site_name\" content=\"Tu mejor opci\u00f3n Equipo M\u00e9dico M\u00e9xico\" \/>\n<meta property=\"article:modified_time\" content=\"2020-02-18T07:35:23+00:00\" \/>\n<meta property=\"og:image\" content=\"https:\/\/buscoequipomedico.com\/wp-content\/uploads\/2020\/02\/techo-dual-hd-video-camera-esta-es-una-luz-excepcionalmente-compacta-que-tiene-una-bombilla-halogena-de-larga-duracion-para-prop.jpg\" \/>\n\t<meta property=\"og:image:width\" content=\"800\" \/>\n\t<meta property=\"og:image:height\" content=\"800\" \/>\n\t<meta property=\"og:image:type\" content=\"image\/png\" \/>\n<meta name=\"twitter:card\" content=\"summary_large_image\" \/>\n<script type=\"application\/ld+json\" class=\"yoast-schema-graph\">{\"@context\":\"https:\/\/schema.org\",\"@graph\":[{\"@type\":\"WebPage\",\"@id\":\"https:\/\/buscoequipomedico.com\/?product=techo-dual-hd-video-camera\",\"url\":\"https:\/\/buscoequipomedico.com\/?product=techo-dual-hd-video-camera\",\"name\":\"TECHO DUAL + HD VIDEO CAMERA - Tu mejor opci\u00f3n Equipo M\u00e9dico M\u00e9xico\",\"isPartOf\":{\"@id\":\"https:\/\/buscoequipomedico.com\/#website\"},\"primaryImageOfPage\":{\"@id\":\"https:\/\/buscoequipomedico.com\/?product=techo-dual-hd-video-camera#primaryimage\"},\"image\":{\"@id\":\"https:\/\/buscoequipomedico.com\/?product=techo-dual-hd-video-camera#primaryimage\"},\"thumbnailUrl\":\"https:\/\/buscoequipomedico.com\/wp-content\/uploads\/2020\/02\/techo-dual-hd-video-camera-esta-es-una-luz-excepcionalmente-compacta-que-tiene-una-bombilla-halogena-de-larga-duracion-para-prop.jpg\",\"datePublished\":\"2020-02-18T07:35:22+00:00\",\"dateModified\":\"2020-02-18T07:35:23+00:00\",\"breadcrumb\":{\"@id\":\"https:\/\/buscoequipomedico.com\/?product=techo-dual-hd-video-camera#breadcrumb\"},\"inLanguage\":\"es\",\"potentialAction\":[{\"@type\":\"ReadAction\",\"target\":[\"https:\/\/buscoequipomedico.com\/?product=techo-dual-hd-video-camera\"]}]},{\"@type\":\"ImageObject\",\"inLanguage\":\"es\",\"@id\":\"https:\/\/buscoequipomedico.com\/?product=techo-dual-hd-video-camera#primaryimage\",\"url\":\"https:\/\/buscoequipomedico.com\/wp-content\/uploads\/2020\/02\/techo-dual-hd-video-camera-esta-es-una-luz-excepcionalmente-compacta-que-tiene-una-bombilla-halogena-de-larga-duracion-para-prop.jpg\",\"contentUrl\":\"https:\/\/buscoequipomedico.com\/wp-content\/uploads\/2020\/02\/techo-dual-hd-video-camera-esta-es-una-luz-excepcionalmente-compacta-que-tiene-una-bombilla-halogena-de-larga-duracion-para-prop.jpg\",\"width\":800,\"height\":800},{\"@type\":\"BreadcrumbList\",\"@id\":\"https:\/\/buscoequipomedico.com\/?product=techo-dual-hd-video-camera#breadcrumb\",\"itemListElement\":[{\"@type\":\"ListItem\",\"position\":1,\"name\":\"Productos\",\"item\":\"https:\/\/buscoequipomedico.com\/shop\/\"},{\"@type\":\"ListItem\",\"position\":2,\"name\":\"TECHO DUAL + HD VIDEO CAMERA\"}]},{\"@type\":\"WebSite\",\"@id\":\"https:\/\/buscoequipomedico.com\/#website\",\"url\":\"https:\/\/buscoequipomedico.com\/\",\"name\":\"Tu mejor opci\u00f3n Equipo M\u00e9dico M\u00e9xico\",\"description\":\"Tienda de equipo m\u00e9dico\",\"publisher\":{\"@id\":\"https:\/\/buscoequipomedico.com\/#organization\"},\"potentialAction\":[{\"@type\":\"SearchAction\",\"target\":{\"@type\":\"EntryPoint\",\"urlTemplate\":\"https:\/\/buscoequipomedico.com\/?s={search_term_string}\"},\"query-input\":{\"@type\":\"PropertyValueSpecification\",\"valueRequired\":true,\"valueName\":\"search_term_string\"}}],\"inLanguage\":\"es\"},{\"@type\":\"Organization\",\"@id\":\"https:\/\/buscoequipomedico.com\/#organization\",\"name\":\"Tu mejor opci\u00f3n Equipo M\u00e9dico M\u00e9xico\",\"url\":\"https:\/\/buscoequipomedico.com\/\",\"logo\":{\"@type\":\"ImageObject\",\"inLanguage\":\"es\",\"@id\":\"https:\/\/buscoequipomedico.com\/#\/schema\/logo\/image\/\",\"url\":\"https:\/\/buscoequipomedico.com\/wp-content\/uploads\/2021\/07\/EMM-VPrincipal-scaled.jpg\",\"contentUrl\":\"https:\/\/buscoequipomedico.com\/wp-content\/uploads\/2021\/07\/EMM-VPrincipal-scaled.jpg\",\"width\":2560,\"height\":1058,\"caption\":\"Tu mejor opci\u00f3n Equipo M\u00e9dico M\u00e9xico\"},\"image\":{\"@id\":\"https:\/\/buscoequipomedico.com\/#\/schema\/logo\/image\/\"}}]}<\/script>\n<!-- \/ Yoast SEO plugin. -->","yoast_head_json":{"title":"TECHO DUAL + HD VIDEO CAMERA - Tu mejor opci\u00f3n Equipo M\u00e9dico M\u00e9xico","robots":{"index":"index","follow":"follow","max-snippet":"max-snippet:-1","max-image-preview":"max-image-preview:large","max-video-preview":"max-video-preview:-1"},"canonical":"https:\/\/buscoequipomedico.com\/?product=techo-dual-hd-video-camera","og_locale":"es_ES","og_type":"article","og_title":"TECHO DUAL + HD VIDEO CAMERA - Tu mejor opci\u00f3n Equipo M\u00e9dico M\u00e9xico","og_description":"Esta es una luz excepcionalmente compacta que tiene una bombilla hal\u00f3gena de larga duraci\u00f3n para proporcionar un gran patr\u00f3n de luz con una intensidad de 4,000 pies. (43,000 lux) y una temperatura de color de 4,300 \u00b0 Kelvin. El 5 en. El reflector dicroico de vidrio (127 mm) crea un brillante de 6 pulgadas de enfoque previo. (150mm) Spot a una distancia de 24 pulgadas. (610mm) de lamphead. El Centry Light tiene dos estilos de asas, fijas o removibles.","og_url":"https:\/\/buscoequipomedico.com\/?product=techo-dual-hd-video-camera","og_site_name":"Tu mejor opci\u00f3n Equipo M\u00e9dico M\u00e9xico","article_modified_time":"2020-02-18T07:35:23+00:00","og_image":[{"width":800,"height":800,"url":"https:\/\/buscoequipomedico.com\/wp-content\/uploads\/2020\/02\/techo-dual-hd-video-camera-esta-es-una-luz-excepcionalmente-compacta-que-tiene-una-bombilla-halogena-de-larga-duracion-para-prop.jpg","type":"image\/png"}],"twitter_card":"summary_large_image","schema":{"@context":"https:\/\/schema.org","@graph":[{"@type":"WebPage","@id":"https:\/\/buscoequipomedico.com\/?product=techo-dual-hd-video-camera","url":"https:\/\/buscoequipomedico.com\/?product=techo-dual-hd-video-camera","name":"TECHO DUAL + HD VIDEO CAMERA - Tu mejor opci\u00f3n Equipo M\u00e9dico M\u00e9xico","isPartOf":{"@id":"https:\/\/buscoequipomedico.com\/#website"},"primaryImageOfPage":{"@id":"https:\/\/buscoequipomedico.com\/?product=techo-dual-hd-video-camera#primaryimage"},"image":{"@id":"https:\/\/buscoequipomedico.com\/?product=techo-dual-hd-video-camera#primaryimage"},"thumbnailUrl":"https:\/\/buscoequipomedico.com\/wp-content\/uploads\/2020\/02\/techo-dual-hd-video-camera-esta-es-una-luz-excepcionalmente-compacta-que-tiene-una-bombilla-halogena-de-larga-duracion-para-prop.jpg","datePublished":"2020-02-18T07:35:22+00:00","dateModified":"2020-02-18T07:35:23+00:00","breadcrumb":{"@id":"https:\/\/buscoequipomedico.com\/?product=techo-dual-hd-video-camera#breadcrumb"},"inLanguage":"es","potentialAction":[{"@type":"ReadAction","target":["https:\/\/buscoequipomedico.com\/?product=techo-dual-hd-video-camera"]}]},{"@type":"ImageObject","inLanguage":"es","@id":"https:\/\/buscoequipomedico.com\/?product=techo-dual-hd-video-camera#primaryimage","url":"https:\/\/buscoequipomedico.com\/wp-content\/uploads\/2020\/02\/techo-dual-hd-video-camera-esta-es-una-luz-excepcionalmente-compacta-que-tiene-una-bombilla-halogena-de-larga-duracion-para-prop.jpg","contentUrl":"https:\/\/buscoequipomedico.com\/wp-content\/uploads\/2020\/02\/techo-dual-hd-video-camera-esta-es-una-luz-excepcionalmente-compacta-que-tiene-una-bombilla-halogena-de-larga-duracion-para-prop.jpg","width":800,"height":800},{"@type":"BreadcrumbList","@id":"https:\/\/buscoequipomedico.com\/?product=techo-dual-hd-video-camera#breadcrumb","itemListElement":[{"@type":"ListItem","position":1,"name":"Productos","item":"https:\/\/buscoequipomedico.com\/shop\/"},{"@type":"ListItem","position":2,"name":"TECHO DUAL + HD VIDEO CAMERA"}]},{"@type":"WebSite","@id":"https:\/\/buscoequipomedico.com\/#website","url":"https:\/\/buscoequipomedico.com\/","name":"Tu mejor opci\u00f3n Equipo M\u00e9dico M\u00e9xico","description":"Tienda de equipo m\u00e9dico","publisher":{"@id":"https:\/\/buscoequipomedico.com\/#organization"},"potentialAction":[{"@type":"SearchAction","target":{"@type":"EntryPoint","urlTemplate":"https:\/\/buscoequipomedico.com\/?s={search_term_string}"},"query-input":{"@type":"PropertyValueSpecification","valueRequired":true,"valueName":"search_term_string"}}],"inLanguage":"es"},{"@type":"Organization","@id":"https:\/\/buscoequipomedico.com\/#organization","name":"Tu mejor opci\u00f3n Equipo M\u00e9dico M\u00e9xico","url":"https:\/\/buscoequipomedico.com\/","logo":{"@type":"ImageObject","inLanguage":"es","@id":"https:\/\/buscoequipomedico.com\/#\/schema\/logo\/image\/","url":"https:\/\/buscoequipomedico.com\/wp-content\/uploads\/2021\/07\/EMM-VPrincipal-scaled.jpg","contentUrl":"https:\/\/buscoequipomedico.com\/wp-content\/uploads\/2021\/07\/EMM-VPrincipal-scaled.jpg","width":2560,"height":1058,"caption":"Tu mejor opci\u00f3n Equipo M\u00e9dico M\u00e9xico"},"image":{"@id":"https:\/\/buscoequipomedico.com\/#\/schema\/logo\/image\/"}}]}},"_links":{"self":[{"href":"https:\/\/buscoequipomedico.com\/index.php?rest_route=\/wp\/v2\/product\/12438","targetHints":{"allow":["GET"]}}],"collection":[{"href":"https:\/\/buscoequipomedico.com\/index.php?rest_route=\/wp\/v2\/product"}],"about":[{"href":"https:\/\/buscoequipomedico.com\/index.php?rest_route=\/wp\/v2\/types\/product"}],"wp:featuredmedia":[{"embeddable":true,"href":"https:\/\/buscoequipomedico.com\/index.php?rest_route=\/wp\/v2\/media\/12439"}],"wp:attachment":[{"href":"https:\/\/buscoequipomedico.com\/index.php?rest_route=%2Fwp%2Fv2%2Fmedia&parent=12438"}],"wp:term":[{"taxonomy":"product_brand","embeddable":true,"href":"https:\/\/buscoequipomedico.com\/index.php?rest_route=%2Fwp%2Fv2%2Fproduct_brand&post=12438"},{"taxonomy":"product_cat","embeddable":true,"href":"https:\/\/buscoequipomedico.com\/index.php?rest_route=%2Fwp%2Fv2%2Fproduct_cat&post=12438"},{"taxonomy":"product_tag","embeddable":true,"href":"https:\/\/buscoequipomedico.com\/index.php?rest_route=%2Fwp%2Fv2%2Fproduct_tag&post=12438"}],"curies":[{"name":"wp","href":"https:\/\/api.w.org\/{rel}","templated":true}]}}