{"id":12442,"date":"2020-02-18T07:35:22","date_gmt":"2020-02-18T07:35:22","guid":{"rendered":"https:\/\/equipomedicomexico-com.preview-domain.com\/product\/lampara-para-quirofano-ultratec-5000\/"},"modified":"2020-02-18T07:35:24","modified_gmt":"2020-02-18T07:35:24","slug":"lampara-para-quirofano-ultratec-5000","status":"publish","type":"product","link":"https:\/\/buscoequipomedico.com\/?product=lampara-para-quirofano-ultratec-5000","title":{"rendered":"LAMPARA PARA QUIROFANO ULTRATEC 5000"},"content":{"rendered":"<p><span>Caracter\u00edsticas:<\/span><\/p>\n<ul>\n<li>Rotaci\u00f3n ilimitada, rotaci\u00f3n de 360\u00b0<\/li>\n<li>Con pantalla de cristal.<\/li>\n<li>Capacidad de abatimiento de \u00a045\u00b0 y ajuste vertical de 90 cm.<\/li>\n<li>Mango desmontable, esterilizable y autolavable.<\/li>\n<li>Con panel electr\u00f3nico<\/li>\n<li>Con teclas de membrana en el sat\u00e9lite<\/li>\n<li>Encendido<\/li>\n<li>Apagado<\/li>\n<li>Controles de intensidad luminosa<\/li>\n<li>Aviso \u00f3ptico en caso de foco fundido.<\/li>\n<li>Intensidad luminosa homog\u00e9nea de 150,000 luxes a 1 metro de distancia<\/li>\n<li>Libre de sombras a la interposici\u00f3n de cuerpos.<\/li>\n<li>\n<p><strong>Especificaciones T\u00e9cnicas<\/strong><\/p>\n<\/p>\n<p> Columna fija al techo<\/p>\n<p>Brazo porta lampara.<\/p>\n<\/p>\n<p>Carcasa cerrada con superficies exteriores lisas.<\/p>\n<\/p>\n<p>Sin bordes.<\/p>\n<\/p>\n<p>Sin tornillos.<\/p>\n<\/p>\n<p>Para su f\u00e1cil limpieza y desinfecci\u00f3n con una cubierta protectora de superficie reflectora en policarbonato de alto impacto.<\/p>\n<\/p>\n<p>Foco primario en uso normal y otro de reserva con remplazo autom\u00e1tico permitiendo la iluminaci\u00f3n del campo en un 80%.<\/p>\n<\/p>\n<p>Promedio de vida aproximado del foco: 1,000 horas.<\/p>\n<\/p>\n<p>Filtro reductor de calor con incremento de temperatura.<\/p>\n<\/p>\n<p>Zona de operaci\u00f3n de 10\u00b0c a 15\u00b0c m\u00e1x.<\/p>\n<\/p>\n<p>Zona de la cabeza de 2\u00b0c.<\/p>\n<\/p>\n<p>Ensamble en base de cer\u00e1mica.<\/p>\n<\/p>\n<p>Con panel electr\u00f3nico.<\/p>\n<\/p>\n<p>Con teclas de membrana en el sat\u00e9lite.<\/p>\n<\/p>\n<p>Intensidad luminosa homogenea de 150,000 luxes a 1 metro de distancia de la fuente de policarbonato transparente liso.<\/p>\n<\/p>\n<p>Cuerpo de aluminio<\/p>\n<\/p>\n<p>Forma de generaci\u00f3n de luz con una luminaria halogena de emergencia con reemplazo autom\u00e1tico.<\/p>\n<\/p>\n<p>Di\u00e1metro de campo de luz ajustable 24 cm y variable.<\/p>\n<\/p>\n<p>Energ\u00eda radiaci\u00f3n 418w\/m2.<\/p>\n<\/p>\n<p>Sistema de filtrado t\u00e9rmico 97%<\/p>\n<\/p>\n<p>Temperatura de color 4,000 a 5,000 grados kelvin, en el campo operatorio.<\/p>\n<\/p>\n<p>Indice de rendimiento de color: 90<\/p>\n<\/p>\n<p>Profundidad del \u00e1rea de trabajo 30 cm.<\/p>\n<\/p>\n<p>Corriente el\u00e9ctrica 120 v \/ 60 hz.<\/p>\n<\/p>\n<p>Peso: 48 Kgs<\/p>\n<\/p>\n<\/li>\n<\/ul>\n","protected":false},"excerpt":{"rendered":"<p><span>L\u00e1mpara para quir\u00f3fano sencilla de techo de\u00a0150,000 luxes luz hal\u00f3gena Mod. Ultratec<\/span><\/p>\n<p>Unidad fija al techo, con un brazo que gira y se abate, utilizado para iluminar el campo quir\u00fargico en forma rutinaria y continua. Funcional y ligero lo convierte en un equipo hecho para profesionales exigentes.<\/p>\n","protected":false},"featured_media":12443,"template":"","meta":{"_joinchat":[]},"product_brand":[],"product_cat":[278,280],"product_tag":[],"class_list":{"0":"post-12442","1":"product","2":"type-product","3":"status-publish","4":"has-post-thumbnail","6":"product_cat-lamparas","7":"product_cat-lamparas-de-cirugia","8":"pa_marca-bame","10":"first","11":"instock","12":"purchasable","13":"product-type-simple"},"yoast_head":"<!-- This site is optimized with the Yoast SEO plugin v25.1 - https:\/\/yoast.com\/wordpress\/plugins\/seo\/ -->\n<title>LAMPARA PARA QUIROFANO ULTRATEC 5000 - Tu mejor opci\u00f3n Equipo M\u00e9dico M\u00e9xico<\/title>\n<meta name=\"robots\" content=\"index, follow, max-snippet:-1, max-image-preview:large, max-video-preview:-1\" \/>\n<link rel=\"canonical\" href=\"https:\/\/buscoequipomedico.com\/?product=lampara-para-quirofano-ultratec-5000\" \/>\n<meta property=\"og:locale\" content=\"es_ES\" \/>\n<meta property=\"og:type\" content=\"article\" \/>\n<meta property=\"og:title\" content=\"LAMPARA PARA QUIROFANO ULTRATEC 5000 - Tu mejor opci\u00f3n Equipo M\u00e9dico M\u00e9xico\" \/>\n<meta property=\"og:description\" content=\"L\u00e1mpara para quir\u00f3fano sencilla de techo de\u00a0150,000 luxes luz hal\u00f3gena Mod. Ultratec Unidad fija al techo, con un brazo que gira y se abate, utilizado para iluminar el campo quir\u00fargico en forma rutinaria y continua. Funcional y ligero lo convierte en un equipo hecho para profesionales exigentes.\" \/>\n<meta property=\"og:url\" content=\"https:\/\/buscoequipomedico.com\/?product=lampara-para-quirofano-ultratec-5000\" \/>\n<meta property=\"og:site_name\" content=\"Tu mejor opci\u00f3n Equipo M\u00e9dico M\u00e9xico\" \/>\n<meta property=\"article:modified_time\" content=\"2020-02-18T07:35:24+00:00\" \/>\n<meta property=\"og:image\" content=\"https:\/\/buscoequipomedico.com\/wp-content\/uploads\/2020\/02\/lampara-para-quirofano-ultratec-5000-lampara-para-quirofano-sencilla-de-techo-de-150000-luxes-luz-halogena-mod-ultratec-unidad-f.jpg\" \/>\n\t<meta property=\"og:image:width\" content=\"800\" \/>\n\t<meta property=\"og:image:height\" content=\"800\" \/>\n\t<meta property=\"og:image:type\" content=\"image\/png\" \/>\n<meta name=\"twitter:card\" content=\"summary_large_image\" \/>\n<meta name=\"twitter:label1\" content=\"Tiempo de lectura\" \/>\n\t<meta name=\"twitter:data1\" content=\"1 minuto\" \/>\n<script type=\"application\/ld+json\" class=\"yoast-schema-graph\">{\"@context\":\"https:\/\/schema.org\",\"@graph\":[{\"@type\":\"WebPage\",\"@id\":\"https:\/\/buscoequipomedico.com\/?product=lampara-para-quirofano-ultratec-5000\",\"url\":\"https:\/\/buscoequipomedico.com\/?product=lampara-para-quirofano-ultratec-5000\",\"name\":\"LAMPARA PARA QUIROFANO ULTRATEC 5000 - Tu mejor opci\u00f3n Equipo M\u00e9dico M\u00e9xico\",\"isPartOf\":{\"@id\":\"https:\/\/buscoequipomedico.com\/#website\"},\"primaryImageOfPage\":{\"@id\":\"https:\/\/buscoequipomedico.com\/?product=lampara-para-quirofano-ultratec-5000#primaryimage\"},\"image\":{\"@id\":\"https:\/\/buscoequipomedico.com\/?product=lampara-para-quirofano-ultratec-5000#primaryimage\"},\"thumbnailUrl\":\"https:\/\/buscoequipomedico.com\/wp-content\/uploads\/2020\/02\/lampara-para-quirofano-ultratec-5000-lampara-para-quirofano-sencilla-de-techo-de-150000-luxes-luz-halogena-mod-ultratec-unidad-f.jpg\",\"datePublished\":\"2020-02-18T07:35:22+00:00\",\"dateModified\":\"2020-02-18T07:35:24+00:00\",\"breadcrumb\":{\"@id\":\"https:\/\/buscoequipomedico.com\/?product=lampara-para-quirofano-ultratec-5000#breadcrumb\"},\"inLanguage\":\"es\",\"potentialAction\":[{\"@type\":\"ReadAction\",\"target\":[\"https:\/\/buscoequipomedico.com\/?product=lampara-para-quirofano-ultratec-5000\"]}]},{\"@type\":\"ImageObject\",\"inLanguage\":\"es\",\"@id\":\"https:\/\/buscoequipomedico.com\/?product=lampara-para-quirofano-ultratec-5000#primaryimage\",\"url\":\"https:\/\/buscoequipomedico.com\/wp-content\/uploads\/2020\/02\/lampara-para-quirofano-ultratec-5000-lampara-para-quirofano-sencilla-de-techo-de-150000-luxes-luz-halogena-mod-ultratec-unidad-f.jpg\",\"contentUrl\":\"https:\/\/buscoequipomedico.com\/wp-content\/uploads\/2020\/02\/lampara-para-quirofano-ultratec-5000-lampara-para-quirofano-sencilla-de-techo-de-150000-luxes-luz-halogena-mod-ultratec-unidad-f.jpg\",\"width\":800,\"height\":800},{\"@type\":\"BreadcrumbList\",\"@id\":\"https:\/\/buscoequipomedico.com\/?product=lampara-para-quirofano-ultratec-5000#breadcrumb\",\"itemListElement\":[{\"@type\":\"ListItem\",\"position\":1,\"name\":\"Productos\",\"item\":\"https:\/\/buscoequipomedico.com\/shop\/\"},{\"@type\":\"ListItem\",\"position\":2,\"name\":\"LAMPARA PARA QUIROFANO ULTRATEC 5000\"}]},{\"@type\":\"WebSite\",\"@id\":\"https:\/\/buscoequipomedico.com\/#website\",\"url\":\"https:\/\/buscoequipomedico.com\/\",\"name\":\"Tu mejor opci\u00f3n Equipo M\u00e9dico M\u00e9xico\",\"description\":\"Tienda de equipo m\u00e9dico\",\"publisher\":{\"@id\":\"https:\/\/buscoequipomedico.com\/#organization\"},\"potentialAction\":[{\"@type\":\"SearchAction\",\"target\":{\"@type\":\"EntryPoint\",\"urlTemplate\":\"https:\/\/buscoequipomedico.com\/?s={search_term_string}\"},\"query-input\":{\"@type\":\"PropertyValueSpecification\",\"valueRequired\":true,\"valueName\":\"search_term_string\"}}],\"inLanguage\":\"es\"},{\"@type\":\"Organization\",\"@id\":\"https:\/\/buscoequipomedico.com\/#organization\",\"name\":\"Tu mejor opci\u00f3n Equipo M\u00e9dico M\u00e9xico\",\"url\":\"https:\/\/buscoequipomedico.com\/\",\"logo\":{\"@type\":\"ImageObject\",\"inLanguage\":\"es\",\"@id\":\"https:\/\/buscoequipomedico.com\/#\/schema\/logo\/image\/\",\"url\":\"https:\/\/buscoequipomedico.com\/wp-content\/uploads\/2021\/07\/EMM-VPrincipal-scaled.jpg\",\"contentUrl\":\"https:\/\/buscoequipomedico.com\/wp-content\/uploads\/2021\/07\/EMM-VPrincipal-scaled.jpg\",\"width\":2560,\"height\":1058,\"caption\":\"Tu mejor opci\u00f3n Equipo M\u00e9dico M\u00e9xico\"},\"image\":{\"@id\":\"https:\/\/buscoequipomedico.com\/#\/schema\/logo\/image\/\"}}]}<\/script>\n<!-- \/ Yoast SEO plugin. -->","yoast_head_json":{"title":"LAMPARA PARA QUIROFANO ULTRATEC 5000 - Tu mejor opci\u00f3n Equipo M\u00e9dico M\u00e9xico","robots":{"index":"index","follow":"follow","max-snippet":"max-snippet:-1","max-image-preview":"max-image-preview:large","max-video-preview":"max-video-preview:-1"},"canonical":"https:\/\/buscoequipomedico.com\/?product=lampara-para-quirofano-ultratec-5000","og_locale":"es_ES","og_type":"article","og_title":"LAMPARA PARA QUIROFANO ULTRATEC 5000 - Tu mejor opci\u00f3n Equipo M\u00e9dico M\u00e9xico","og_description":"L\u00e1mpara para quir\u00f3fano sencilla de techo de\u00a0150,000 luxes luz hal\u00f3gena Mod. Ultratec Unidad fija al techo, con un brazo que gira y se abate, utilizado para iluminar el campo quir\u00fargico en forma rutinaria y continua. Funcional y ligero lo convierte en un equipo hecho para profesionales exigentes.","og_url":"https:\/\/buscoequipomedico.com\/?product=lampara-para-quirofano-ultratec-5000","og_site_name":"Tu mejor opci\u00f3n Equipo M\u00e9dico M\u00e9xico","article_modified_time":"2020-02-18T07:35:24+00:00","og_image":[{"width":800,"height":800,"url":"https:\/\/buscoequipomedico.com\/wp-content\/uploads\/2020\/02\/lampara-para-quirofano-ultratec-5000-lampara-para-quirofano-sencilla-de-techo-de-150000-luxes-luz-halogena-mod-ultratec-unidad-f.jpg","type":"image\/png"}],"twitter_card":"summary_large_image","twitter_misc":{"Tiempo de lectura":"1 minuto"},"schema":{"@context":"https:\/\/schema.org","@graph":[{"@type":"WebPage","@id":"https:\/\/buscoequipomedico.com\/?product=lampara-para-quirofano-ultratec-5000","url":"https:\/\/buscoequipomedico.com\/?product=lampara-para-quirofano-ultratec-5000","name":"LAMPARA PARA QUIROFANO ULTRATEC 5000 - Tu mejor opci\u00f3n Equipo M\u00e9dico M\u00e9xico","isPartOf":{"@id":"https:\/\/buscoequipomedico.com\/#website"},"primaryImageOfPage":{"@id":"https:\/\/buscoequipomedico.com\/?product=lampara-para-quirofano-ultratec-5000#primaryimage"},"image":{"@id":"https:\/\/buscoequipomedico.com\/?product=lampara-para-quirofano-ultratec-5000#primaryimage"},"thumbnailUrl":"https:\/\/buscoequipomedico.com\/wp-content\/uploads\/2020\/02\/lampara-para-quirofano-ultratec-5000-lampara-para-quirofano-sencilla-de-techo-de-150000-luxes-luz-halogena-mod-ultratec-unidad-f.jpg","datePublished":"2020-02-18T07:35:22+00:00","dateModified":"2020-02-18T07:35:24+00:00","breadcrumb":{"@id":"https:\/\/buscoequipomedico.com\/?product=lampara-para-quirofano-ultratec-5000#breadcrumb"},"inLanguage":"es","potentialAction":[{"@type":"ReadAction","target":["https:\/\/buscoequipomedico.com\/?product=lampara-para-quirofano-ultratec-5000"]}]},{"@type":"ImageObject","inLanguage":"es","@id":"https:\/\/buscoequipomedico.com\/?product=lampara-para-quirofano-ultratec-5000#primaryimage","url":"https:\/\/buscoequipomedico.com\/wp-content\/uploads\/2020\/02\/lampara-para-quirofano-ultratec-5000-lampara-para-quirofano-sencilla-de-techo-de-150000-luxes-luz-halogena-mod-ultratec-unidad-f.jpg","contentUrl":"https:\/\/buscoequipomedico.com\/wp-content\/uploads\/2020\/02\/lampara-para-quirofano-ultratec-5000-lampara-para-quirofano-sencilla-de-techo-de-150000-luxes-luz-halogena-mod-ultratec-unidad-f.jpg","width":800,"height":800},{"@type":"BreadcrumbList","@id":"https:\/\/buscoequipomedico.com\/?product=lampara-para-quirofano-ultratec-5000#breadcrumb","itemListElement":[{"@type":"ListItem","position":1,"name":"Productos","item":"https:\/\/buscoequipomedico.com\/shop\/"},{"@type":"ListItem","position":2,"name":"LAMPARA PARA QUIROFANO ULTRATEC 5000"}]},{"@type":"WebSite","@id":"https:\/\/buscoequipomedico.com\/#website","url":"https:\/\/buscoequipomedico.com\/","name":"Tu mejor opci\u00f3n Equipo M\u00e9dico M\u00e9xico","description":"Tienda de equipo m\u00e9dico","publisher":{"@id":"https:\/\/buscoequipomedico.com\/#organization"},"potentialAction":[{"@type":"SearchAction","target":{"@type":"EntryPoint","urlTemplate":"https:\/\/buscoequipomedico.com\/?s={search_term_string}"},"query-input":{"@type":"PropertyValueSpecification","valueRequired":true,"valueName":"search_term_string"}}],"inLanguage":"es"},{"@type":"Organization","@id":"https:\/\/buscoequipomedico.com\/#organization","name":"Tu mejor opci\u00f3n Equipo M\u00e9dico M\u00e9xico","url":"https:\/\/buscoequipomedico.com\/","logo":{"@type":"ImageObject","inLanguage":"es","@id":"https:\/\/buscoequipomedico.com\/#\/schema\/logo\/image\/","url":"https:\/\/buscoequipomedico.com\/wp-content\/uploads\/2021\/07\/EMM-VPrincipal-scaled.jpg","contentUrl":"https:\/\/buscoequipomedico.com\/wp-content\/uploads\/2021\/07\/EMM-VPrincipal-scaled.jpg","width":2560,"height":1058,"caption":"Tu mejor opci\u00f3n Equipo M\u00e9dico M\u00e9xico"},"image":{"@id":"https:\/\/buscoequipomedico.com\/#\/schema\/logo\/image\/"}}]}},"_links":{"self":[{"href":"https:\/\/buscoequipomedico.com\/index.php?rest_route=\/wp\/v2\/product\/12442","targetHints":{"allow":["GET"]}}],"collection":[{"href":"https:\/\/buscoequipomedico.com\/index.php?rest_route=\/wp\/v2\/product"}],"about":[{"href":"https:\/\/buscoequipomedico.com\/index.php?rest_route=\/wp\/v2\/types\/product"}],"wp:featuredmedia":[{"embeddable":true,"href":"https:\/\/buscoequipomedico.com\/index.php?rest_route=\/wp\/v2\/media\/12443"}],"wp:attachment":[{"href":"https:\/\/buscoequipomedico.com\/index.php?rest_route=%2Fwp%2Fv2%2Fmedia&parent=12442"}],"wp:term":[{"taxonomy":"product_brand","embeddable":true,"href":"https:\/\/buscoequipomedico.com\/index.php?rest_route=%2Fwp%2Fv2%2Fproduct_brand&post=12442"},{"taxonomy":"product_cat","embeddable":true,"href":"https:\/\/buscoequipomedico.com\/index.php?rest_route=%2Fwp%2Fv2%2Fproduct_cat&post=12442"},{"taxonomy":"product_tag","embeddable":true,"href":"https:\/\/buscoequipomedico.com\/index.php?rest_route=%2Fwp%2Fv2%2Fproduct_tag&post=12442"}],"curies":[{"name":"wp","href":"https:\/\/api.w.org\/{rel}","templated":true}]}}