{"id":12446,"date":"2020-02-18T07:35:22","date_gmt":"2020-02-18T07:35:22","guid":{"rendered":"https:\/\/equipomedicomexico-com.preview-domain.com\/product\/lampara-quirurgica-doble-de-leds\/"},"modified":"2020-02-18T07:35:24","modified_gmt":"2020-02-18T07:35:24","slug":"lampara-quirurgica-doble-de-leds","status":"publish","type":"product","link":"https:\/\/buscoequipomedico.com\/?product=lampara-quirurgica-doble-de-leds","title":{"rendered":"LAMPARA QUIR\u00daRGICA DOBLE DE LEDS"},"content":{"rendered":"<p><span>Caracter\u00edsticas:<\/span><\/p>\n<ul>\n<li>Con el ajuste de enfoque se puede crear un campo de luz abundante y uniforme.<\/li>\n<li>La iluminaci\u00f3n es controlada por medio de un micro procesador, que cuenta con 10 niveles de intensidad luminosa (30% ~ 100%).<\/li>\n<li>La falla individual de un banco de luz no provocar\u00e1 un mal funcionamiento en toda la l\u00e1mpara, esto gracias al sistema de control el\u00e9ctrico independiente.<\/li>\n<li>La organizaci\u00f3n de leds forman una multi-matr\u00edz de la lente para formar un campo de luz homog\u00e9neo y libre de sombras, \u00e9stas se controlan independientemente.<\/li>\n<li>Ajuste de altura por brazo independiente.<\/li>\n<li>Sus brazos ligeros facilitan la rotaci\u00f3n en todas las direcciones (360 \u00b0).<\/li>\n<li>El mango es fabricado en pol\u00edmero de alto impacto, desmontable y puede ser esterilizado f\u00e1cilmente.<\/li>\n<li>La carcasa es de aleaci\u00f3n de aluminio, con una excelente capacidad para disipar el calor.<\/li>\n<li>Cuenta sistema de luz para cirug\u00eda de endoscop\u00eda.<\/li>\n<\/ul>\n<p><span>Panel electr\u00f3nico ubicado en la cabeza de la l\u00e1mpara para controlar las siguientes funciones:<\/span><\/p>\n<ul>\n<li>Encendido\/ apagado.<\/li>\n<li>10 niveles de intensidad de iluminaci\u00f3n.<\/li>\n<li>Luz para cirug\u00eda de endoscop\u00eda.<\/li>\n<li>Iluminaci\u00f3n: 160,000 luxes por sat\u00e9lite<\/li>\n<li>Temperatura de color: 4500\u00b0 Kelvin<\/li>\n<li>Di\u00e1metro del campo de luz: 250 mm<\/li>\n<li>Profundidad de luz: 800 mm<\/li>\n<li>Incremento de temperatura en la zona de la cabeza: \u2264 1\u00b0 C<\/li>\n<li>Incremento de temperatura en la superficie de \u00e1rea quir\u00fargica: \u22643 \u00b0C<\/li>\n<li>\u00cdndice de rendimiento de color: 90<\/li>\n<li>Iluminaci\u00f3n de las luces de fondo: 30 Lx<\/li>\n<li>Cantidad de bombillas led: cada sat\u00e9lite: 156<\/li>\n<li>Fuente de alimentaci\u00f3n: 120V \/ 60 Hz<\/li>\n<li>Tiempo de vida led: 40,000 horas.<\/li>\n<\/ul>\n","protected":false},"excerpt":{"rendered":"<ul>\n<li>La l\u00e1mpara cuenta con un peso ligero y sistema compacto para la suspensi\u00f3n y balance, lo que brinda flexibilidad para moverla y colocarla en la posici\u00f3n deseada.<\/li>\n<li>Emite una baja radiaci\u00f3n de rayos infrarrojos y no genera rayos ultravioleta.<\/li>\n<li>La luz LED blanca-c\u00e1lida es muy similar a la luz natural, lo que brinda al cirujano excepcional confort durante las cirug\u00edas de largo plazo.<\/li>\n<\/ul>\n","protected":false},"featured_media":12447,"template":"","meta":{"_joinchat":[]},"product_brand":[],"product_cat":[278,280],"product_tag":[],"class_list":{"0":"post-12446","1":"product","2":"type-product","3":"status-publish","4":"has-post-thumbnail","6":"product_cat-lamparas","7":"product_cat-lamparas-de-cirugia","8":"pa_marca-bame","10":"first","11":"instock","12":"purchasable","13":"product-type-simple"},"yoast_head":"<!-- This site is optimized with the Yoast SEO plugin v25.1 - https:\/\/yoast.com\/wordpress\/plugins\/seo\/ -->\n<title>LAMPARA QUIR\u00daRGICA DOBLE DE LEDS - Tu mejor opci\u00f3n Equipo M\u00e9dico M\u00e9xico<\/title>\n<meta name=\"robots\" content=\"index, follow, max-snippet:-1, max-image-preview:large, max-video-preview:-1\" \/>\n<link rel=\"canonical\" href=\"https:\/\/buscoequipomedico.com\/?product=lampara-quirurgica-doble-de-leds\" \/>\n<meta property=\"og:locale\" content=\"es_ES\" \/>\n<meta property=\"og:type\" content=\"article\" \/>\n<meta property=\"og:title\" content=\"LAMPARA QUIR\u00daRGICA DOBLE DE LEDS - Tu mejor opci\u00f3n Equipo M\u00e9dico M\u00e9xico\" \/>\n<meta property=\"og:description\" content=\"La l\u00e1mpara cuenta con un peso ligero y sistema compacto para la suspensi\u00f3n y balance, lo que brinda flexibilidad para moverla y colocarla en la posici\u00f3n deseada. Emite una baja radiaci\u00f3n de rayos infrarrojos y no genera rayos ultravioleta. La luz LED blanca-c\u00e1lida es muy similar a la luz natural, lo que brinda al cirujano excepcional confort durante las cirug\u00edas de largo plazo.\" \/>\n<meta property=\"og:url\" content=\"https:\/\/buscoequipomedico.com\/?product=lampara-quirurgica-doble-de-leds\" \/>\n<meta property=\"og:site_name\" content=\"Tu mejor opci\u00f3n Equipo M\u00e9dico M\u00e9xico\" \/>\n<meta property=\"article:modified_time\" content=\"2020-02-18T07:35:24+00:00\" \/>\n<meta property=\"og:image\" content=\"https:\/\/buscoequipomedico.com\/wp-content\/uploads\/2020\/02\/lampara-quirurgica-doble-de-leds-la-lampara-cuenta-con-un-peso-ligero-y-sistema-compacto-para-la-suspension-y-balance-lo-que-bri.jpg\" \/>\n\t<meta property=\"og:image:width\" content=\"800\" \/>\n\t<meta property=\"og:image:height\" content=\"800\" \/>\n\t<meta property=\"og:image:type\" content=\"image\/png\" \/>\n<meta name=\"twitter:card\" content=\"summary_large_image\" \/>\n<meta name=\"twitter:label1\" content=\"Tiempo de lectura\" \/>\n\t<meta name=\"twitter:data1\" content=\"1 minuto\" \/>\n<script type=\"application\/ld+json\" class=\"yoast-schema-graph\">{\"@context\":\"https:\/\/schema.org\",\"@graph\":[{\"@type\":\"WebPage\",\"@id\":\"https:\/\/buscoequipomedico.com\/?product=lampara-quirurgica-doble-de-leds\",\"url\":\"https:\/\/buscoequipomedico.com\/?product=lampara-quirurgica-doble-de-leds\",\"name\":\"LAMPARA QUIR\u00daRGICA DOBLE DE LEDS - Tu mejor opci\u00f3n Equipo M\u00e9dico M\u00e9xico\",\"isPartOf\":{\"@id\":\"https:\/\/buscoequipomedico.com\/#website\"},\"primaryImageOfPage\":{\"@id\":\"https:\/\/buscoequipomedico.com\/?product=lampara-quirurgica-doble-de-leds#primaryimage\"},\"image\":{\"@id\":\"https:\/\/buscoequipomedico.com\/?product=lampara-quirurgica-doble-de-leds#primaryimage\"},\"thumbnailUrl\":\"https:\/\/buscoequipomedico.com\/wp-content\/uploads\/2020\/02\/lampara-quirurgica-doble-de-leds-la-lampara-cuenta-con-un-peso-ligero-y-sistema-compacto-para-la-suspension-y-balance-lo-que-bri.jpg\",\"datePublished\":\"2020-02-18T07:35:22+00:00\",\"dateModified\":\"2020-02-18T07:35:24+00:00\",\"breadcrumb\":{\"@id\":\"https:\/\/buscoequipomedico.com\/?product=lampara-quirurgica-doble-de-leds#breadcrumb\"},\"inLanguage\":\"es\",\"potentialAction\":[{\"@type\":\"ReadAction\",\"target\":[\"https:\/\/buscoequipomedico.com\/?product=lampara-quirurgica-doble-de-leds\"]}]},{\"@type\":\"ImageObject\",\"inLanguage\":\"es\",\"@id\":\"https:\/\/buscoequipomedico.com\/?product=lampara-quirurgica-doble-de-leds#primaryimage\",\"url\":\"https:\/\/buscoequipomedico.com\/wp-content\/uploads\/2020\/02\/lampara-quirurgica-doble-de-leds-la-lampara-cuenta-con-un-peso-ligero-y-sistema-compacto-para-la-suspension-y-balance-lo-que-bri.jpg\",\"contentUrl\":\"https:\/\/buscoequipomedico.com\/wp-content\/uploads\/2020\/02\/lampara-quirurgica-doble-de-leds-la-lampara-cuenta-con-un-peso-ligero-y-sistema-compacto-para-la-suspension-y-balance-lo-que-bri.jpg\",\"width\":800,\"height\":800},{\"@type\":\"BreadcrumbList\",\"@id\":\"https:\/\/buscoequipomedico.com\/?product=lampara-quirurgica-doble-de-leds#breadcrumb\",\"itemListElement\":[{\"@type\":\"ListItem\",\"position\":1,\"name\":\"Productos\",\"item\":\"https:\/\/buscoequipomedico.com\/shop\/\"},{\"@type\":\"ListItem\",\"position\":2,\"name\":\"LAMPARA QUIR\u00daRGICA DOBLE DE LEDS\"}]},{\"@type\":\"WebSite\",\"@id\":\"https:\/\/buscoequipomedico.com\/#website\",\"url\":\"https:\/\/buscoequipomedico.com\/\",\"name\":\"Tu mejor opci\u00f3n Equipo M\u00e9dico M\u00e9xico\",\"description\":\"Tienda de equipo m\u00e9dico\",\"publisher\":{\"@id\":\"https:\/\/buscoequipomedico.com\/#organization\"},\"potentialAction\":[{\"@type\":\"SearchAction\",\"target\":{\"@type\":\"EntryPoint\",\"urlTemplate\":\"https:\/\/buscoequipomedico.com\/?s={search_term_string}\"},\"query-input\":{\"@type\":\"PropertyValueSpecification\",\"valueRequired\":true,\"valueName\":\"search_term_string\"}}],\"inLanguage\":\"es\"},{\"@type\":\"Organization\",\"@id\":\"https:\/\/buscoequipomedico.com\/#organization\",\"name\":\"Tu mejor opci\u00f3n Equipo M\u00e9dico M\u00e9xico\",\"url\":\"https:\/\/buscoequipomedico.com\/\",\"logo\":{\"@type\":\"ImageObject\",\"inLanguage\":\"es\",\"@id\":\"https:\/\/buscoequipomedico.com\/#\/schema\/logo\/image\/\",\"url\":\"https:\/\/buscoequipomedico.com\/wp-content\/uploads\/2021\/07\/EMM-VPrincipal-scaled.jpg\",\"contentUrl\":\"https:\/\/buscoequipomedico.com\/wp-content\/uploads\/2021\/07\/EMM-VPrincipal-scaled.jpg\",\"width\":2560,\"height\":1058,\"caption\":\"Tu mejor opci\u00f3n Equipo M\u00e9dico M\u00e9xico\"},\"image\":{\"@id\":\"https:\/\/buscoequipomedico.com\/#\/schema\/logo\/image\/\"}}]}<\/script>\n<!-- \/ Yoast SEO plugin. -->","yoast_head_json":{"title":"LAMPARA QUIR\u00daRGICA DOBLE DE LEDS - Tu mejor opci\u00f3n Equipo M\u00e9dico M\u00e9xico","robots":{"index":"index","follow":"follow","max-snippet":"max-snippet:-1","max-image-preview":"max-image-preview:large","max-video-preview":"max-video-preview:-1"},"canonical":"https:\/\/buscoequipomedico.com\/?product=lampara-quirurgica-doble-de-leds","og_locale":"es_ES","og_type":"article","og_title":"LAMPARA QUIR\u00daRGICA DOBLE DE LEDS - Tu mejor opci\u00f3n Equipo M\u00e9dico M\u00e9xico","og_description":"La l\u00e1mpara cuenta con un peso ligero y sistema compacto para la suspensi\u00f3n y balance, lo que brinda flexibilidad para moverla y colocarla en la posici\u00f3n deseada. Emite una baja radiaci\u00f3n de rayos infrarrojos y no genera rayos ultravioleta. La luz LED blanca-c\u00e1lida es muy similar a la luz natural, lo que brinda al cirujano excepcional confort durante las cirug\u00edas de largo plazo.","og_url":"https:\/\/buscoequipomedico.com\/?product=lampara-quirurgica-doble-de-leds","og_site_name":"Tu mejor opci\u00f3n Equipo M\u00e9dico M\u00e9xico","article_modified_time":"2020-02-18T07:35:24+00:00","og_image":[{"width":800,"height":800,"url":"https:\/\/buscoequipomedico.com\/wp-content\/uploads\/2020\/02\/lampara-quirurgica-doble-de-leds-la-lampara-cuenta-con-un-peso-ligero-y-sistema-compacto-para-la-suspension-y-balance-lo-que-bri.jpg","type":"image\/png"}],"twitter_card":"summary_large_image","twitter_misc":{"Tiempo de lectura":"1 minuto"},"schema":{"@context":"https:\/\/schema.org","@graph":[{"@type":"WebPage","@id":"https:\/\/buscoequipomedico.com\/?product=lampara-quirurgica-doble-de-leds","url":"https:\/\/buscoequipomedico.com\/?product=lampara-quirurgica-doble-de-leds","name":"LAMPARA QUIR\u00daRGICA DOBLE DE LEDS - Tu mejor opci\u00f3n Equipo M\u00e9dico M\u00e9xico","isPartOf":{"@id":"https:\/\/buscoequipomedico.com\/#website"},"primaryImageOfPage":{"@id":"https:\/\/buscoequipomedico.com\/?product=lampara-quirurgica-doble-de-leds#primaryimage"},"image":{"@id":"https:\/\/buscoequipomedico.com\/?product=lampara-quirurgica-doble-de-leds#primaryimage"},"thumbnailUrl":"https:\/\/buscoequipomedico.com\/wp-content\/uploads\/2020\/02\/lampara-quirurgica-doble-de-leds-la-lampara-cuenta-con-un-peso-ligero-y-sistema-compacto-para-la-suspension-y-balance-lo-que-bri.jpg","datePublished":"2020-02-18T07:35:22+00:00","dateModified":"2020-02-18T07:35:24+00:00","breadcrumb":{"@id":"https:\/\/buscoequipomedico.com\/?product=lampara-quirurgica-doble-de-leds#breadcrumb"},"inLanguage":"es","potentialAction":[{"@type":"ReadAction","target":["https:\/\/buscoequipomedico.com\/?product=lampara-quirurgica-doble-de-leds"]}]},{"@type":"ImageObject","inLanguage":"es","@id":"https:\/\/buscoequipomedico.com\/?product=lampara-quirurgica-doble-de-leds#primaryimage","url":"https:\/\/buscoequipomedico.com\/wp-content\/uploads\/2020\/02\/lampara-quirurgica-doble-de-leds-la-lampara-cuenta-con-un-peso-ligero-y-sistema-compacto-para-la-suspension-y-balance-lo-que-bri.jpg","contentUrl":"https:\/\/buscoequipomedico.com\/wp-content\/uploads\/2020\/02\/lampara-quirurgica-doble-de-leds-la-lampara-cuenta-con-un-peso-ligero-y-sistema-compacto-para-la-suspension-y-balance-lo-que-bri.jpg","width":800,"height":800},{"@type":"BreadcrumbList","@id":"https:\/\/buscoequipomedico.com\/?product=lampara-quirurgica-doble-de-leds#breadcrumb","itemListElement":[{"@type":"ListItem","position":1,"name":"Productos","item":"https:\/\/buscoequipomedico.com\/shop\/"},{"@type":"ListItem","position":2,"name":"LAMPARA QUIR\u00daRGICA DOBLE DE LEDS"}]},{"@type":"WebSite","@id":"https:\/\/buscoequipomedico.com\/#website","url":"https:\/\/buscoequipomedico.com\/","name":"Tu mejor opci\u00f3n Equipo M\u00e9dico M\u00e9xico","description":"Tienda de equipo m\u00e9dico","publisher":{"@id":"https:\/\/buscoequipomedico.com\/#organization"},"potentialAction":[{"@type":"SearchAction","target":{"@type":"EntryPoint","urlTemplate":"https:\/\/buscoequipomedico.com\/?s={search_term_string}"},"query-input":{"@type":"PropertyValueSpecification","valueRequired":true,"valueName":"search_term_string"}}],"inLanguage":"es"},{"@type":"Organization","@id":"https:\/\/buscoequipomedico.com\/#organization","name":"Tu mejor opci\u00f3n Equipo M\u00e9dico M\u00e9xico","url":"https:\/\/buscoequipomedico.com\/","logo":{"@type":"ImageObject","inLanguage":"es","@id":"https:\/\/buscoequipomedico.com\/#\/schema\/logo\/image\/","url":"https:\/\/buscoequipomedico.com\/wp-content\/uploads\/2021\/07\/EMM-VPrincipal-scaled.jpg","contentUrl":"https:\/\/buscoequipomedico.com\/wp-content\/uploads\/2021\/07\/EMM-VPrincipal-scaled.jpg","width":2560,"height":1058,"caption":"Tu mejor opci\u00f3n Equipo M\u00e9dico M\u00e9xico"},"image":{"@id":"https:\/\/buscoequipomedico.com\/#\/schema\/logo\/image\/"}}]}},"_links":{"self":[{"href":"https:\/\/buscoequipomedico.com\/index.php?rest_route=\/wp\/v2\/product\/12446","targetHints":{"allow":["GET"]}}],"collection":[{"href":"https:\/\/buscoequipomedico.com\/index.php?rest_route=\/wp\/v2\/product"}],"about":[{"href":"https:\/\/buscoequipomedico.com\/index.php?rest_route=\/wp\/v2\/types\/product"}],"wp:featuredmedia":[{"embeddable":true,"href":"https:\/\/buscoequipomedico.com\/index.php?rest_route=\/wp\/v2\/media\/12447"}],"wp:attachment":[{"href":"https:\/\/buscoequipomedico.com\/index.php?rest_route=%2Fwp%2Fv2%2Fmedia&parent=12446"}],"wp:term":[{"taxonomy":"product_brand","embeddable":true,"href":"https:\/\/buscoequipomedico.com\/index.php?rest_route=%2Fwp%2Fv2%2Fproduct_brand&post=12446"},{"taxonomy":"product_cat","embeddable":true,"href":"https:\/\/buscoequipomedico.com\/index.php?rest_route=%2Fwp%2Fv2%2Fproduct_cat&post=12446"},{"taxonomy":"product_tag","embeddable":true,"href":"https:\/\/buscoequipomedico.com\/index.php?rest_route=%2Fwp%2Fv2%2Fproduct_tag&post=12446"}],"curies":[{"name":"wp","href":"https:\/\/api.w.org\/{rel}","templated":true}]}}