{"id":12458,"date":"2020-02-18T07:35:22","date_gmt":"2020-02-18T07:35:22","guid":{"rendered":"https:\/\/equipomedicomexico-com.preview-domain.com\/product\/lampara-de-apoyo-diagnostico-pared\/"},"modified":"2020-02-18T07:35:25","modified_gmt":"2020-02-18T07:35:25","slug":"lampara-de-apoyo-diagnostico-pared","status":"publish","type":"product","link":"https:\/\/buscoequipomedico.com\/?product=lampara-de-apoyo-diagnostico-pared","title":{"rendered":"LAMPARA DE APOYO DIAGNOSTICO PARED"},"content":{"rendered":"<p>El funcionamiento tradicional de la l\u00e1mpara hal\u00f3gena es generalmente 400W, fiebre alta, l\u00e1mpara LED sin sombra ya que la cirug\u00eda tiene importantes ventajas operativas de l\u00e1mpara, fuente de luz LED con bajo consumo de energ\u00eda, alta eficiencia luminosa, fuente de luz de baja temperatura, el campo quir\u00fargico es f\u00e1cil de detectar el control de temperatura , f\u00e1cil de ajustar la temperatura del color, cerca de la luz natural, bombillas de larga duraci\u00f3n, etc.<\/p>\n<p>\u202230,000 LUX<\/p>\n<p>\u2022 6000\u00b0 Kelvin (temperatura de color),<\/p>\n<p>\u2022 free Voltaje (90~240Vac).<\/p>\n<p>\u2022 LED 12X3W, 50,000 hrs de Vida<\/p>\n<p>\u2022 Distancia de trabajo 70 cm<\/p>\n<p>\u2022 Control de brillantez<\/p>\n","protected":false},"excerpt":{"rendered":"<p>La l\u00e1mpara sin sombra de operaci\u00f3n sugestiva es un equipo m\u00e9dico muy importante en la sala de operaciones, el personal m\u00e9dico a trav\u00e9s del uso de la l\u00e1mpara sin sombra, realiza la posici\u00f3n de operaci\u00f3n en pacientes sin el prop\u00f3sito de iluminaci\u00f3n de la sombra, para ayudar al m\u00e9dico a distinguir claramente entre el tejido lesionado, completado con \u00e9xito la operacion.<\/p>\n","protected":false},"featured_media":12459,"template":"","meta":{"_joinchat":[]},"product_brand":[],"product_cat":[278,283],"product_tag":[],"class_list":{"0":"post-12458","1":"product","2":"type-product","3":"status-publish","4":"has-post-thumbnail","6":"product_cat-lamparas","7":"product_cat-lamparas-de-exploracion","8":"pa_marca-slim-royal","10":"first","11":"instock","12":"purchasable","13":"product-type-simple"},"yoast_head":"<!-- This site is optimized with the Yoast SEO plugin v25.1 - https:\/\/yoast.com\/wordpress\/plugins\/seo\/ -->\n<title>LAMPARA DE APOYO DIAGNOSTICO PARED - Tu mejor opci\u00f3n Equipo M\u00e9dico M\u00e9xico<\/title>\n<meta name=\"robots\" content=\"index, follow, max-snippet:-1, max-image-preview:large, max-video-preview:-1\" \/>\n<link rel=\"canonical\" href=\"https:\/\/buscoequipomedico.com\/?product=lampara-de-apoyo-diagnostico-pared\" \/>\n<meta property=\"og:locale\" content=\"es_ES\" \/>\n<meta property=\"og:type\" content=\"article\" \/>\n<meta property=\"og:title\" content=\"LAMPARA DE APOYO DIAGNOSTICO PARED - Tu mejor opci\u00f3n Equipo M\u00e9dico M\u00e9xico\" \/>\n<meta property=\"og:description\" content=\"La l\u00e1mpara sin sombra de operaci\u00f3n sugestiva es un equipo m\u00e9dico muy importante en la sala de operaciones, el personal m\u00e9dico a trav\u00e9s del uso de la l\u00e1mpara sin sombra, realiza la posici\u00f3n de operaci\u00f3n en pacientes sin el prop\u00f3sito de iluminaci\u00f3n de la sombra, para ayudar al m\u00e9dico a distinguir claramente entre el tejido lesionado, completado con \u00e9xito la operacion.\" \/>\n<meta property=\"og:url\" content=\"https:\/\/buscoequipomedico.com\/?product=lampara-de-apoyo-diagnostico-pared\" \/>\n<meta property=\"og:site_name\" content=\"Tu mejor opci\u00f3n Equipo M\u00e9dico M\u00e9xico\" \/>\n<meta property=\"article:modified_time\" content=\"2020-02-18T07:35:25+00:00\" \/>\n<meta property=\"og:image\" content=\"https:\/\/buscoequipomedico.com\/wp-content\/uploads\/2020\/02\/lampara-de-apoyo-diagnostico-pared-la-lampara-sin-sombra-de-operacion-sugestiva-es-un-equipo-medico-muy-importante-en-la-sala-de.jpg\" \/>\n\t<meta property=\"og:image:width\" content=\"800\" \/>\n\t<meta property=\"og:image:height\" content=\"800\" \/>\n\t<meta property=\"og:image:type\" content=\"image\/png\" \/>\n<meta name=\"twitter:card\" content=\"summary_large_image\" \/>\n<meta name=\"twitter:label1\" content=\"Tiempo de lectura\" \/>\n\t<meta name=\"twitter:data1\" content=\"1 minuto\" \/>\n<script type=\"application\/ld+json\" class=\"yoast-schema-graph\">{\"@context\":\"https:\/\/schema.org\",\"@graph\":[{\"@type\":\"WebPage\",\"@id\":\"https:\/\/buscoequipomedico.com\/?product=lampara-de-apoyo-diagnostico-pared\",\"url\":\"https:\/\/buscoequipomedico.com\/?product=lampara-de-apoyo-diagnostico-pared\",\"name\":\"LAMPARA DE APOYO DIAGNOSTICO PARED - Tu mejor opci\u00f3n Equipo M\u00e9dico M\u00e9xico\",\"isPartOf\":{\"@id\":\"https:\/\/buscoequipomedico.com\/#website\"},\"primaryImageOfPage\":{\"@id\":\"https:\/\/buscoequipomedico.com\/?product=lampara-de-apoyo-diagnostico-pared#primaryimage\"},\"image\":{\"@id\":\"https:\/\/buscoequipomedico.com\/?product=lampara-de-apoyo-diagnostico-pared#primaryimage\"},\"thumbnailUrl\":\"https:\/\/buscoequipomedico.com\/wp-content\/uploads\/2020\/02\/lampara-de-apoyo-diagnostico-pared-la-lampara-sin-sombra-de-operacion-sugestiva-es-un-equipo-medico-muy-importante-en-la-sala-de.jpg\",\"datePublished\":\"2020-02-18T07:35:22+00:00\",\"dateModified\":\"2020-02-18T07:35:25+00:00\",\"breadcrumb\":{\"@id\":\"https:\/\/buscoequipomedico.com\/?product=lampara-de-apoyo-diagnostico-pared#breadcrumb\"},\"inLanguage\":\"es\",\"potentialAction\":[{\"@type\":\"ReadAction\",\"target\":[\"https:\/\/buscoequipomedico.com\/?product=lampara-de-apoyo-diagnostico-pared\"]}]},{\"@type\":\"ImageObject\",\"inLanguage\":\"es\",\"@id\":\"https:\/\/buscoequipomedico.com\/?product=lampara-de-apoyo-diagnostico-pared#primaryimage\",\"url\":\"https:\/\/buscoequipomedico.com\/wp-content\/uploads\/2020\/02\/lampara-de-apoyo-diagnostico-pared-la-lampara-sin-sombra-de-operacion-sugestiva-es-un-equipo-medico-muy-importante-en-la-sala-de.jpg\",\"contentUrl\":\"https:\/\/buscoequipomedico.com\/wp-content\/uploads\/2020\/02\/lampara-de-apoyo-diagnostico-pared-la-lampara-sin-sombra-de-operacion-sugestiva-es-un-equipo-medico-muy-importante-en-la-sala-de.jpg\",\"width\":800,\"height\":800},{\"@type\":\"BreadcrumbList\",\"@id\":\"https:\/\/buscoequipomedico.com\/?product=lampara-de-apoyo-diagnostico-pared#breadcrumb\",\"itemListElement\":[{\"@type\":\"ListItem\",\"position\":1,\"name\":\"Productos\",\"item\":\"https:\/\/buscoequipomedico.com\/shop\/\"},{\"@type\":\"ListItem\",\"position\":2,\"name\":\"LAMPARA DE APOYO DIAGNOSTICO PARED\"}]},{\"@type\":\"WebSite\",\"@id\":\"https:\/\/buscoequipomedico.com\/#website\",\"url\":\"https:\/\/buscoequipomedico.com\/\",\"name\":\"Tu mejor opci\u00f3n Equipo M\u00e9dico M\u00e9xico\",\"description\":\"Tienda de equipo m\u00e9dico\",\"publisher\":{\"@id\":\"https:\/\/buscoequipomedico.com\/#organization\"},\"potentialAction\":[{\"@type\":\"SearchAction\",\"target\":{\"@type\":\"EntryPoint\",\"urlTemplate\":\"https:\/\/buscoequipomedico.com\/?s={search_term_string}\"},\"query-input\":{\"@type\":\"PropertyValueSpecification\",\"valueRequired\":true,\"valueName\":\"search_term_string\"}}],\"inLanguage\":\"es\"},{\"@type\":\"Organization\",\"@id\":\"https:\/\/buscoequipomedico.com\/#organization\",\"name\":\"Tu mejor opci\u00f3n Equipo M\u00e9dico M\u00e9xico\",\"url\":\"https:\/\/buscoequipomedico.com\/\",\"logo\":{\"@type\":\"ImageObject\",\"inLanguage\":\"es\",\"@id\":\"https:\/\/buscoequipomedico.com\/#\/schema\/logo\/image\/\",\"url\":\"https:\/\/buscoequipomedico.com\/wp-content\/uploads\/2021\/07\/EMM-VPrincipal-scaled.jpg\",\"contentUrl\":\"https:\/\/buscoequipomedico.com\/wp-content\/uploads\/2021\/07\/EMM-VPrincipal-scaled.jpg\",\"width\":2560,\"height\":1058,\"caption\":\"Tu mejor opci\u00f3n Equipo M\u00e9dico M\u00e9xico\"},\"image\":{\"@id\":\"https:\/\/buscoequipomedico.com\/#\/schema\/logo\/image\/\"}}]}<\/script>\n<!-- \/ Yoast SEO plugin. -->","yoast_head_json":{"title":"LAMPARA DE APOYO DIAGNOSTICO PARED - Tu mejor opci\u00f3n Equipo M\u00e9dico M\u00e9xico","robots":{"index":"index","follow":"follow","max-snippet":"max-snippet:-1","max-image-preview":"max-image-preview:large","max-video-preview":"max-video-preview:-1"},"canonical":"https:\/\/buscoequipomedico.com\/?product=lampara-de-apoyo-diagnostico-pared","og_locale":"es_ES","og_type":"article","og_title":"LAMPARA DE APOYO DIAGNOSTICO PARED - Tu mejor opci\u00f3n Equipo M\u00e9dico M\u00e9xico","og_description":"La l\u00e1mpara sin sombra de operaci\u00f3n sugestiva es un equipo m\u00e9dico muy importante en la sala de operaciones, el personal m\u00e9dico a trav\u00e9s del uso de la l\u00e1mpara sin sombra, realiza la posici\u00f3n de operaci\u00f3n en pacientes sin el prop\u00f3sito de iluminaci\u00f3n de la sombra, para ayudar al m\u00e9dico a distinguir claramente entre el tejido lesionado, completado con \u00e9xito la operacion.","og_url":"https:\/\/buscoequipomedico.com\/?product=lampara-de-apoyo-diagnostico-pared","og_site_name":"Tu mejor opci\u00f3n Equipo M\u00e9dico M\u00e9xico","article_modified_time":"2020-02-18T07:35:25+00:00","og_image":[{"width":800,"height":800,"url":"https:\/\/buscoequipomedico.com\/wp-content\/uploads\/2020\/02\/lampara-de-apoyo-diagnostico-pared-la-lampara-sin-sombra-de-operacion-sugestiva-es-un-equipo-medico-muy-importante-en-la-sala-de.jpg","type":"image\/png"}],"twitter_card":"summary_large_image","twitter_misc":{"Tiempo de lectura":"1 minuto"},"schema":{"@context":"https:\/\/schema.org","@graph":[{"@type":"WebPage","@id":"https:\/\/buscoequipomedico.com\/?product=lampara-de-apoyo-diagnostico-pared","url":"https:\/\/buscoequipomedico.com\/?product=lampara-de-apoyo-diagnostico-pared","name":"LAMPARA DE APOYO DIAGNOSTICO PARED - Tu mejor opci\u00f3n Equipo M\u00e9dico M\u00e9xico","isPartOf":{"@id":"https:\/\/buscoequipomedico.com\/#website"},"primaryImageOfPage":{"@id":"https:\/\/buscoequipomedico.com\/?product=lampara-de-apoyo-diagnostico-pared#primaryimage"},"image":{"@id":"https:\/\/buscoequipomedico.com\/?product=lampara-de-apoyo-diagnostico-pared#primaryimage"},"thumbnailUrl":"https:\/\/buscoequipomedico.com\/wp-content\/uploads\/2020\/02\/lampara-de-apoyo-diagnostico-pared-la-lampara-sin-sombra-de-operacion-sugestiva-es-un-equipo-medico-muy-importante-en-la-sala-de.jpg","datePublished":"2020-02-18T07:35:22+00:00","dateModified":"2020-02-18T07:35:25+00:00","breadcrumb":{"@id":"https:\/\/buscoequipomedico.com\/?product=lampara-de-apoyo-diagnostico-pared#breadcrumb"},"inLanguage":"es","potentialAction":[{"@type":"ReadAction","target":["https:\/\/buscoequipomedico.com\/?product=lampara-de-apoyo-diagnostico-pared"]}]},{"@type":"ImageObject","inLanguage":"es","@id":"https:\/\/buscoequipomedico.com\/?product=lampara-de-apoyo-diagnostico-pared#primaryimage","url":"https:\/\/buscoequipomedico.com\/wp-content\/uploads\/2020\/02\/lampara-de-apoyo-diagnostico-pared-la-lampara-sin-sombra-de-operacion-sugestiva-es-un-equipo-medico-muy-importante-en-la-sala-de.jpg","contentUrl":"https:\/\/buscoequipomedico.com\/wp-content\/uploads\/2020\/02\/lampara-de-apoyo-diagnostico-pared-la-lampara-sin-sombra-de-operacion-sugestiva-es-un-equipo-medico-muy-importante-en-la-sala-de.jpg","width":800,"height":800},{"@type":"BreadcrumbList","@id":"https:\/\/buscoequipomedico.com\/?product=lampara-de-apoyo-diagnostico-pared#breadcrumb","itemListElement":[{"@type":"ListItem","position":1,"name":"Productos","item":"https:\/\/buscoequipomedico.com\/shop\/"},{"@type":"ListItem","position":2,"name":"LAMPARA DE APOYO DIAGNOSTICO PARED"}]},{"@type":"WebSite","@id":"https:\/\/buscoequipomedico.com\/#website","url":"https:\/\/buscoequipomedico.com\/","name":"Tu mejor opci\u00f3n Equipo M\u00e9dico M\u00e9xico","description":"Tienda de equipo m\u00e9dico","publisher":{"@id":"https:\/\/buscoequipomedico.com\/#organization"},"potentialAction":[{"@type":"SearchAction","target":{"@type":"EntryPoint","urlTemplate":"https:\/\/buscoequipomedico.com\/?s={search_term_string}"},"query-input":{"@type":"PropertyValueSpecification","valueRequired":true,"valueName":"search_term_string"}}],"inLanguage":"es"},{"@type":"Organization","@id":"https:\/\/buscoequipomedico.com\/#organization","name":"Tu mejor opci\u00f3n Equipo M\u00e9dico M\u00e9xico","url":"https:\/\/buscoequipomedico.com\/","logo":{"@type":"ImageObject","inLanguage":"es","@id":"https:\/\/buscoequipomedico.com\/#\/schema\/logo\/image\/","url":"https:\/\/buscoequipomedico.com\/wp-content\/uploads\/2021\/07\/EMM-VPrincipal-scaled.jpg","contentUrl":"https:\/\/buscoequipomedico.com\/wp-content\/uploads\/2021\/07\/EMM-VPrincipal-scaled.jpg","width":2560,"height":1058,"caption":"Tu mejor opci\u00f3n Equipo M\u00e9dico M\u00e9xico"},"image":{"@id":"https:\/\/buscoequipomedico.com\/#\/schema\/logo\/image\/"}}]}},"_links":{"self":[{"href":"https:\/\/buscoequipomedico.com\/index.php?rest_route=\/wp\/v2\/product\/12458","targetHints":{"allow":["GET"]}}],"collection":[{"href":"https:\/\/buscoequipomedico.com\/index.php?rest_route=\/wp\/v2\/product"}],"about":[{"href":"https:\/\/buscoequipomedico.com\/index.php?rest_route=\/wp\/v2\/types\/product"}],"wp:featuredmedia":[{"embeddable":true,"href":"https:\/\/buscoequipomedico.com\/index.php?rest_route=\/wp\/v2\/media\/12459"}],"wp:attachment":[{"href":"https:\/\/buscoequipomedico.com\/index.php?rest_route=%2Fwp%2Fv2%2Fmedia&parent=12458"}],"wp:term":[{"taxonomy":"product_brand","embeddable":true,"href":"https:\/\/buscoequipomedico.com\/index.php?rest_route=%2Fwp%2Fv2%2Fproduct_brand&post=12458"},{"taxonomy":"product_cat","embeddable":true,"href":"https:\/\/buscoequipomedico.com\/index.php?rest_route=%2Fwp%2Fv2%2Fproduct_cat&post=12458"},{"taxonomy":"product_tag","embeddable":true,"href":"https:\/\/buscoequipomedico.com\/index.php?rest_route=%2Fwp%2Fv2%2Fproduct_tag&post=12458"}],"curies":[{"name":"wp","href":"https:\/\/api.w.org\/{rel}","templated":true}]}}