{"id":12486,"date":"2020-02-18T07:35:27","date_gmt":"2020-02-18T07:35:27","guid":{"rendered":"https:\/\/equipomedicomexico-com.preview-domain.com\/product\/lampara-gs-900-con-montaje-de-pared\/"},"modified":"2020-02-18T07:35:29","modified_gmt":"2020-02-18T07:35:29","slug":"lampara-gs-900-con-montaje-de-pared","status":"publish","type":"product","link":"https:\/\/buscoequipomedico.com\/?product=lampara-gs-900-con-montaje-de-pared","title":{"rendered":"L\u00c1MPARA GS-900 CON MONTAJE DE PARED"},"content":{"rendered":"<p>La l\u00e1mpara para procedimientos menores Green Series 900 de Welch Allyn cuenta con seis LEDs y combina una impresionante resistencia, un excelente manejo, una calidad de enfoque incomparable y varias opciones de montaje. Con una emisi\u00f3n de calor m\u00ednima y una temperatura de color elevada Los LED no requieren sustituci\u00f3n y son m\u00e1s brillantes que la luz hal\u00f3gena, mientras que consume menos energ\u00eda para la mejora de la eficiencia de las instalaciones, ahora se puede ver la verdadera interpretaci\u00f3n del color del tejido con una considerable reducci\u00f3n de su costo. Las luces Green Serie fueron dise\u00f1adas para mejorar los ex\u00e1menes del paciente al tiempo que reduce el impacto ambiental.<\/p>\n<\/p>\n<p>CARACTER\u00cdSTICAS:<\/p>\n<\/p>\n<p>Seis LEDs, que combinan una impresionante durabilidad, un excelente manejo y una calidad de enfoque incomparable.<\/p>\n<\/p>\n<p>LED de luz blanca tiene 50.000 horas de vida \u00fatil para maximizar la inversi\u00f3n.<\/p>\n<\/p>\n<p>Control de intensidad y potencia sin contacto ayudan a reducir el riesgo de contaminaci\u00f3n cruzada.<\/p>\n<\/p>\n<p>Maximiza el espacio de montaje con opciones m\u00faltiples.<\/p>\n<\/p>\n<p>Bolsa desechable disponible para ayudar a reducir el riesgo de contaminaci\u00f3n cruzada.<\/p>\n<\/p>\n<p>Luz de larga duraci\u00f3n y alto rendimiento.<\/p>\n<\/p>\n<p>Sin necesidad de sustituir la bombilla.<\/p>\n<\/p>\n<p>ESPECIFICACIONES SOBRE LA LUZ<\/p>\n<\/p>\n<p>\u00ba de LED: 6 LEDs blancos<\/p>\n<\/p>\n<p>Temperatura del color: 500 K<\/p>\n<\/p>\n<p>Intensidad de la luz a distancia de trabajo: 000 Lux a 61 cm (24 pulg.) 65.000 Lux a 100 cm (40 pulg.)<\/p>\n<\/p>\n<p>Tama\u00f1o del punto de luz a distancia de trabajo: 28 cm a 61 cm (24 pulg.) 23 cm a 100 cm (40 pulg.)<\/p>\n<\/p>\n<p>DIMENSIONES F\u00cdSICAS<\/p>\n<\/p>\n<p>Longitud brazo en Soporte de pared: 175 cm (69 pulg.)<\/p>\n<\/p>\n<p>Luminaria (altura\/anchura\/profundidad): 34,9 \/ 45,8 \/ 10,2 cm (13,74 \/ 18,03 \/ 4,02 pulg.)<\/p>\n<\/p>\n<p>Cuadro de control (altura\/anchura\/profundidad): n\/a<\/p>\n<\/p>\n<p>Peso total del soporte de mesa\/ pared: 8,12 kg (17,90 libras)<\/p>\n<\/p>\n<p>ESPECIFICACIONES EL\u00c9CTRICAS<\/p>\n<\/p>\n<p>Suministro el\u00e9ctrico: Entrada: 100-240 V~ 50 Hz-60 Hz, 1,00 A m\u00e1x.<\/p>\n<\/p>\n<p>Cable de alimentaci\u00f3n: Conjunto de cables con conexi\u00f3n a tierra de tres hilos n.\u00ba 18 AWG y 8\u2032 (2,5 m) de longitud<\/p>\n<\/p>\n<p>Funciones de control: Encendido\/apagado por sensor de proximidad con control de intensidad<\/p><\/p>\n","protected":false},"excerpt":{"rendered":"<p><span>La l\u00e1mpara para procedimientos menores Green Series 900 de Welch Allyn cuenta con seis LEDs y combina una impresionante resistencia, un excelente manejo, una calidad de enfoque incomparable y varias opciones de montaje.<\/span><\/p>\n","protected":false},"featured_media":12487,"template":"","meta":{"_joinchat":[]},"product_brand":[],"product_cat":[278,283],"product_tag":[],"class_list":{"0":"post-12486","1":"product","2":"type-product","3":"status-publish","4":"has-post-thumbnail","6":"product_cat-lamparas","7":"product_cat-lamparas-de-exploracion","8":"pa_marca-welch-allyn","10":"first","11":"instock","12":"purchasable","13":"product-type-simple"},"yoast_head":"<!-- This site is optimized with the Yoast SEO plugin v25.1 - https:\/\/yoast.com\/wordpress\/plugins\/seo\/ -->\n<title>L\u00c1MPARA GS-900 CON MONTAJE DE PARED - Tu mejor opci\u00f3n Equipo M\u00e9dico M\u00e9xico<\/title>\n<meta name=\"robots\" content=\"index, follow, max-snippet:-1, max-image-preview:large, max-video-preview:-1\" \/>\n<link rel=\"canonical\" href=\"https:\/\/buscoequipomedico.com\/?product=lampara-gs-900-con-montaje-de-pared\" \/>\n<meta property=\"og:locale\" content=\"es_ES\" \/>\n<meta property=\"og:type\" content=\"article\" \/>\n<meta property=\"og:title\" content=\"L\u00c1MPARA GS-900 CON MONTAJE DE PARED - Tu mejor opci\u00f3n Equipo M\u00e9dico M\u00e9xico\" \/>\n<meta property=\"og:description\" content=\"La l\u00e1mpara para procedimientos menores Green Series 900 de Welch Allyn cuenta con seis LEDs y combina una impresionante resistencia, un excelente manejo, una calidad de enfoque incomparable y varias opciones de montaje.\" \/>\n<meta property=\"og:url\" content=\"https:\/\/buscoequipomedico.com\/?product=lampara-gs-900-con-montaje-de-pared\" \/>\n<meta property=\"og:site_name\" content=\"Tu mejor opci\u00f3n Equipo M\u00e9dico M\u00e9xico\" \/>\n<meta property=\"article:modified_time\" content=\"2020-02-18T07:35:29+00:00\" \/>\n<meta property=\"og:image\" content=\"https:\/\/buscoequipomedico.com\/wp-content\/uploads\/2020\/02\/lampara-gs-900-con-montaje-de-pared-la-lampara-para-procedimientos-menores-green-series-900-de-welch-allyn-cuenta-con-seis-leds.jpg\" \/>\n\t<meta property=\"og:image:width\" content=\"800\" \/>\n\t<meta property=\"og:image:height\" content=\"800\" \/>\n\t<meta property=\"og:image:type\" content=\"image\/png\" \/>\n<meta name=\"twitter:card\" content=\"summary_large_image\" \/>\n<meta name=\"twitter:label1\" content=\"Tiempo de lectura\" \/>\n\t<meta name=\"twitter:data1\" content=\"2 minutos\" \/>\n<script type=\"application\/ld+json\" class=\"yoast-schema-graph\">{\"@context\":\"https:\/\/schema.org\",\"@graph\":[{\"@type\":\"WebPage\",\"@id\":\"https:\/\/buscoequipomedico.com\/?product=lampara-gs-900-con-montaje-de-pared\",\"url\":\"https:\/\/buscoequipomedico.com\/?product=lampara-gs-900-con-montaje-de-pared\",\"name\":\"L\u00c1MPARA GS-900 CON MONTAJE DE PARED - Tu mejor opci\u00f3n Equipo M\u00e9dico M\u00e9xico\",\"isPartOf\":{\"@id\":\"https:\/\/buscoequipomedico.com\/#website\"},\"primaryImageOfPage\":{\"@id\":\"https:\/\/buscoequipomedico.com\/?product=lampara-gs-900-con-montaje-de-pared#primaryimage\"},\"image\":{\"@id\":\"https:\/\/buscoequipomedico.com\/?product=lampara-gs-900-con-montaje-de-pared#primaryimage\"},\"thumbnailUrl\":\"https:\/\/buscoequipomedico.com\/wp-content\/uploads\/2020\/02\/lampara-gs-900-con-montaje-de-pared-la-lampara-para-procedimientos-menores-green-series-900-de-welch-allyn-cuenta-con-seis-leds.jpg\",\"datePublished\":\"2020-02-18T07:35:27+00:00\",\"dateModified\":\"2020-02-18T07:35:29+00:00\",\"breadcrumb\":{\"@id\":\"https:\/\/buscoequipomedico.com\/?product=lampara-gs-900-con-montaje-de-pared#breadcrumb\"},\"inLanguage\":\"es\",\"potentialAction\":[{\"@type\":\"ReadAction\",\"target\":[\"https:\/\/buscoequipomedico.com\/?product=lampara-gs-900-con-montaje-de-pared\"]}]},{\"@type\":\"ImageObject\",\"inLanguage\":\"es\",\"@id\":\"https:\/\/buscoequipomedico.com\/?product=lampara-gs-900-con-montaje-de-pared#primaryimage\",\"url\":\"https:\/\/buscoequipomedico.com\/wp-content\/uploads\/2020\/02\/lampara-gs-900-con-montaje-de-pared-la-lampara-para-procedimientos-menores-green-series-900-de-welch-allyn-cuenta-con-seis-leds.jpg\",\"contentUrl\":\"https:\/\/buscoequipomedico.com\/wp-content\/uploads\/2020\/02\/lampara-gs-900-con-montaje-de-pared-la-lampara-para-procedimientos-menores-green-series-900-de-welch-allyn-cuenta-con-seis-leds.jpg\",\"width\":800,\"height\":800},{\"@type\":\"BreadcrumbList\",\"@id\":\"https:\/\/buscoequipomedico.com\/?product=lampara-gs-900-con-montaje-de-pared#breadcrumb\",\"itemListElement\":[{\"@type\":\"ListItem\",\"position\":1,\"name\":\"Productos\",\"item\":\"https:\/\/buscoequipomedico.com\/shop\/\"},{\"@type\":\"ListItem\",\"position\":2,\"name\":\"L\u00c1MPARA GS-900 CON MONTAJE DE PARED\"}]},{\"@type\":\"WebSite\",\"@id\":\"https:\/\/buscoequipomedico.com\/#website\",\"url\":\"https:\/\/buscoequipomedico.com\/\",\"name\":\"Tu mejor opci\u00f3n Equipo M\u00e9dico M\u00e9xico\",\"description\":\"Tienda de equipo m\u00e9dico\",\"publisher\":{\"@id\":\"https:\/\/buscoequipomedico.com\/#organization\"},\"potentialAction\":[{\"@type\":\"SearchAction\",\"target\":{\"@type\":\"EntryPoint\",\"urlTemplate\":\"https:\/\/buscoequipomedico.com\/?s={search_term_string}\"},\"query-input\":{\"@type\":\"PropertyValueSpecification\",\"valueRequired\":true,\"valueName\":\"search_term_string\"}}],\"inLanguage\":\"es\"},{\"@type\":\"Organization\",\"@id\":\"https:\/\/buscoequipomedico.com\/#organization\",\"name\":\"Tu mejor opci\u00f3n Equipo M\u00e9dico M\u00e9xico\",\"url\":\"https:\/\/buscoequipomedico.com\/\",\"logo\":{\"@type\":\"ImageObject\",\"inLanguage\":\"es\",\"@id\":\"https:\/\/buscoequipomedico.com\/#\/schema\/logo\/image\/\",\"url\":\"https:\/\/buscoequipomedico.com\/wp-content\/uploads\/2021\/07\/EMM-VPrincipal-scaled.jpg\",\"contentUrl\":\"https:\/\/buscoequipomedico.com\/wp-content\/uploads\/2021\/07\/EMM-VPrincipal-scaled.jpg\",\"width\":2560,\"height\":1058,\"caption\":\"Tu mejor opci\u00f3n Equipo M\u00e9dico M\u00e9xico\"},\"image\":{\"@id\":\"https:\/\/buscoequipomedico.com\/#\/schema\/logo\/image\/\"}}]}<\/script>\n<!-- \/ Yoast SEO plugin. -->","yoast_head_json":{"title":"L\u00c1MPARA GS-900 CON MONTAJE DE PARED - Tu mejor opci\u00f3n Equipo M\u00e9dico M\u00e9xico","robots":{"index":"index","follow":"follow","max-snippet":"max-snippet:-1","max-image-preview":"max-image-preview:large","max-video-preview":"max-video-preview:-1"},"canonical":"https:\/\/buscoequipomedico.com\/?product=lampara-gs-900-con-montaje-de-pared","og_locale":"es_ES","og_type":"article","og_title":"L\u00c1MPARA GS-900 CON MONTAJE DE PARED - Tu mejor opci\u00f3n Equipo M\u00e9dico M\u00e9xico","og_description":"La l\u00e1mpara para procedimientos menores Green Series 900 de Welch Allyn cuenta con seis LEDs y combina una impresionante resistencia, un excelente manejo, una calidad de enfoque incomparable y varias opciones de montaje.","og_url":"https:\/\/buscoequipomedico.com\/?product=lampara-gs-900-con-montaje-de-pared","og_site_name":"Tu mejor opci\u00f3n Equipo M\u00e9dico M\u00e9xico","article_modified_time":"2020-02-18T07:35:29+00:00","og_image":[{"width":800,"height":800,"url":"https:\/\/buscoequipomedico.com\/wp-content\/uploads\/2020\/02\/lampara-gs-900-con-montaje-de-pared-la-lampara-para-procedimientos-menores-green-series-900-de-welch-allyn-cuenta-con-seis-leds.jpg","type":"image\/png"}],"twitter_card":"summary_large_image","twitter_misc":{"Tiempo de lectura":"2 minutos"},"schema":{"@context":"https:\/\/schema.org","@graph":[{"@type":"WebPage","@id":"https:\/\/buscoequipomedico.com\/?product=lampara-gs-900-con-montaje-de-pared","url":"https:\/\/buscoequipomedico.com\/?product=lampara-gs-900-con-montaje-de-pared","name":"L\u00c1MPARA GS-900 CON MONTAJE DE PARED - Tu mejor opci\u00f3n Equipo M\u00e9dico M\u00e9xico","isPartOf":{"@id":"https:\/\/buscoequipomedico.com\/#website"},"primaryImageOfPage":{"@id":"https:\/\/buscoequipomedico.com\/?product=lampara-gs-900-con-montaje-de-pared#primaryimage"},"image":{"@id":"https:\/\/buscoequipomedico.com\/?product=lampara-gs-900-con-montaje-de-pared#primaryimage"},"thumbnailUrl":"https:\/\/buscoequipomedico.com\/wp-content\/uploads\/2020\/02\/lampara-gs-900-con-montaje-de-pared-la-lampara-para-procedimientos-menores-green-series-900-de-welch-allyn-cuenta-con-seis-leds.jpg","datePublished":"2020-02-18T07:35:27+00:00","dateModified":"2020-02-18T07:35:29+00:00","breadcrumb":{"@id":"https:\/\/buscoequipomedico.com\/?product=lampara-gs-900-con-montaje-de-pared#breadcrumb"},"inLanguage":"es","potentialAction":[{"@type":"ReadAction","target":["https:\/\/buscoequipomedico.com\/?product=lampara-gs-900-con-montaje-de-pared"]}]},{"@type":"ImageObject","inLanguage":"es","@id":"https:\/\/buscoequipomedico.com\/?product=lampara-gs-900-con-montaje-de-pared#primaryimage","url":"https:\/\/buscoequipomedico.com\/wp-content\/uploads\/2020\/02\/lampara-gs-900-con-montaje-de-pared-la-lampara-para-procedimientos-menores-green-series-900-de-welch-allyn-cuenta-con-seis-leds.jpg","contentUrl":"https:\/\/buscoequipomedico.com\/wp-content\/uploads\/2020\/02\/lampara-gs-900-con-montaje-de-pared-la-lampara-para-procedimientos-menores-green-series-900-de-welch-allyn-cuenta-con-seis-leds.jpg","width":800,"height":800},{"@type":"BreadcrumbList","@id":"https:\/\/buscoequipomedico.com\/?product=lampara-gs-900-con-montaje-de-pared#breadcrumb","itemListElement":[{"@type":"ListItem","position":1,"name":"Productos","item":"https:\/\/buscoequipomedico.com\/shop\/"},{"@type":"ListItem","position":2,"name":"L\u00c1MPARA GS-900 CON MONTAJE DE PARED"}]},{"@type":"WebSite","@id":"https:\/\/buscoequipomedico.com\/#website","url":"https:\/\/buscoequipomedico.com\/","name":"Tu mejor opci\u00f3n Equipo M\u00e9dico M\u00e9xico","description":"Tienda de equipo m\u00e9dico","publisher":{"@id":"https:\/\/buscoequipomedico.com\/#organization"},"potentialAction":[{"@type":"SearchAction","target":{"@type":"EntryPoint","urlTemplate":"https:\/\/buscoequipomedico.com\/?s={search_term_string}"},"query-input":{"@type":"PropertyValueSpecification","valueRequired":true,"valueName":"search_term_string"}}],"inLanguage":"es"},{"@type":"Organization","@id":"https:\/\/buscoequipomedico.com\/#organization","name":"Tu mejor opci\u00f3n Equipo M\u00e9dico M\u00e9xico","url":"https:\/\/buscoequipomedico.com\/","logo":{"@type":"ImageObject","inLanguage":"es","@id":"https:\/\/buscoequipomedico.com\/#\/schema\/logo\/image\/","url":"https:\/\/buscoequipomedico.com\/wp-content\/uploads\/2021\/07\/EMM-VPrincipal-scaled.jpg","contentUrl":"https:\/\/buscoequipomedico.com\/wp-content\/uploads\/2021\/07\/EMM-VPrincipal-scaled.jpg","width":2560,"height":1058,"caption":"Tu mejor opci\u00f3n Equipo M\u00e9dico M\u00e9xico"},"image":{"@id":"https:\/\/buscoequipomedico.com\/#\/schema\/logo\/image\/"}}]}},"_links":{"self":[{"href":"https:\/\/buscoequipomedico.com\/index.php?rest_route=\/wp\/v2\/product\/12486","targetHints":{"allow":["GET"]}}],"collection":[{"href":"https:\/\/buscoequipomedico.com\/index.php?rest_route=\/wp\/v2\/product"}],"about":[{"href":"https:\/\/buscoequipomedico.com\/index.php?rest_route=\/wp\/v2\/types\/product"}],"wp:featuredmedia":[{"embeddable":true,"href":"https:\/\/buscoequipomedico.com\/index.php?rest_route=\/wp\/v2\/media\/12487"}],"wp:attachment":[{"href":"https:\/\/buscoequipomedico.com\/index.php?rest_route=%2Fwp%2Fv2%2Fmedia&parent=12486"}],"wp:term":[{"taxonomy":"product_brand","embeddable":true,"href":"https:\/\/buscoequipomedico.com\/index.php?rest_route=%2Fwp%2Fv2%2Fproduct_brand&post=12486"},{"taxonomy":"product_cat","embeddable":true,"href":"https:\/\/buscoequipomedico.com\/index.php?rest_route=%2Fwp%2Fv2%2Fproduct_cat&post=12486"},{"taxonomy":"product_tag","embeddable":true,"href":"https:\/\/buscoequipomedico.com\/index.php?rest_route=%2Fwp%2Fv2%2Fproduct_tag&post=12486"}],"curies":[{"name":"wp","href":"https:\/\/api.w.org\/{rel}","templated":true}]}}