{"id":12488,"date":"2020-02-18T07:35:27","date_gmt":"2020-02-18T07:35:27","guid":{"rendered":"https:\/\/equipomedicomexico-com.preview-domain.com\/product\/lampara-gs-900-con-pedestal-2\/"},"modified":"2020-02-18T07:35:30","modified_gmt":"2020-02-18T07:35:30","slug":"lampara-gs-900-con-pedestal-2","status":"publish","type":"product","link":"https:\/\/buscoequipomedico.com\/?product=lampara-gs-900-con-pedestal-2","title":{"rendered":"L\u00c1MPARA GS-900 CON PEDESTAL"},"content":{"rendered":"<ul>\n<li>Seis LED blancos para mayor intensidad<\/li>\n<li>Encendido y apagado sin contacto con opci\u00f3n de degradaci\u00f3n de la luz<\/li>\n<li>Varias opciones de montaje para maximizaci\u00f3n del espacio de piso<\/li>\n<li>Forro descartable disponible para ayudar a reducir el riesgo de contaminaci\u00f3n cruzada<\/li>\n<li>Dise\u00f1o ergon\u00f3mico y resistente permite un mejor rendimiento y durabilidad<\/li>\n<li>Menor costo de mantenimiento, debido a que no es necesario reemplazar el bombillo y tiene un menor consumo de energ\u00eda<\/li>\n<\/ul>\n","protected":false},"excerpt":{"rendered":"<p><span>Lampara de procedimiento, que cuenta con seis LED, combina incre\u00edble durabilidad, extraordinaria maniobrabilidad, calidad de precisi\u00f3n en el enfoque y varias opciones de montaje.<\/span><\/p>\n","protected":false},"featured_media":12473,"template":"","meta":{"_joinchat":[]},"product_brand":[],"product_cat":[278,283],"product_tag":[],"class_list":{"0":"post-12488","1":"product","2":"type-product","3":"status-publish","4":"has-post-thumbnail","6":"product_cat-lamparas","7":"product_cat-lamparas-de-exploracion","9":"first","10":"instock","11":"purchasable","12":"product-type-simple"},"yoast_head":"<!-- This site is optimized with the Yoast SEO plugin v25.1 - https:\/\/yoast.com\/wordpress\/plugins\/seo\/ -->\n<title>L\u00c1MPARA GS-900 CON PEDESTAL - Tu mejor opci\u00f3n Equipo M\u00e9dico M\u00e9xico<\/title>\n<meta name=\"robots\" content=\"index, follow, max-snippet:-1, max-image-preview:large, max-video-preview:-1\" \/>\n<link rel=\"canonical\" href=\"https:\/\/buscoequipomedico.com\/?product=lampara-gs-900-con-pedestal-2\" \/>\n<meta property=\"og:locale\" content=\"es_ES\" \/>\n<meta property=\"og:type\" content=\"article\" \/>\n<meta property=\"og:title\" content=\"L\u00c1MPARA GS-900 CON PEDESTAL - Tu mejor opci\u00f3n Equipo M\u00e9dico M\u00e9xico\" \/>\n<meta property=\"og:description\" content=\"Lampara de procedimiento, que cuenta con seis LED, combina incre\u00edble durabilidad, extraordinaria maniobrabilidad, calidad de precisi\u00f3n en el enfoque y varias opciones de montaje.\" \/>\n<meta property=\"og:url\" content=\"https:\/\/buscoequipomedico.com\/?product=lampara-gs-900-con-pedestal-2\" \/>\n<meta property=\"og:site_name\" content=\"Tu mejor opci\u00f3n Equipo M\u00e9dico M\u00e9xico\" \/>\n<meta property=\"article:modified_time\" content=\"2020-02-18T07:35:30+00:00\" \/>\n<meta property=\"og:image\" content=\"https:\/\/buscoequipomedico.com\/wp-content\/uploads\/2020\/02\/lampara-gs-900-con-pedestal-lampara-de-procedimiento-que-cuenta-con-seis-led-combina-increible-durabilidad-extraordinaria-maniob.jpg\" \/>\n\t<meta property=\"og:image:width\" content=\"800\" \/>\n\t<meta property=\"og:image:height\" content=\"800\" \/>\n\t<meta property=\"og:image:type\" content=\"image\/jpeg\" \/>\n<meta name=\"twitter:card\" content=\"summary_large_image\" \/>\n<script type=\"application\/ld+json\" class=\"yoast-schema-graph\">{\"@context\":\"https:\/\/schema.org\",\"@graph\":[{\"@type\":\"WebPage\",\"@id\":\"https:\/\/buscoequipomedico.com\/?product=lampara-gs-900-con-pedestal-2\",\"url\":\"https:\/\/buscoequipomedico.com\/?product=lampara-gs-900-con-pedestal-2\",\"name\":\"L\u00c1MPARA GS-900 CON PEDESTAL - Tu mejor opci\u00f3n Equipo M\u00e9dico M\u00e9xico\",\"isPartOf\":{\"@id\":\"https:\/\/buscoequipomedico.com\/#website\"},\"primaryImageOfPage\":{\"@id\":\"https:\/\/buscoequipomedico.com\/?product=lampara-gs-900-con-pedestal-2#primaryimage\"},\"image\":{\"@id\":\"https:\/\/buscoequipomedico.com\/?product=lampara-gs-900-con-pedestal-2#primaryimage\"},\"thumbnailUrl\":\"https:\/\/buscoequipomedico.com\/wp-content\/uploads\/2020\/02\/lampara-gs-900-con-pedestal-lampara-de-procedimiento-que-cuenta-con-seis-led-combina-increible-durabilidad-extraordinaria-maniob.jpg\",\"datePublished\":\"2020-02-18T07:35:27+00:00\",\"dateModified\":\"2020-02-18T07:35:30+00:00\",\"breadcrumb\":{\"@id\":\"https:\/\/buscoequipomedico.com\/?product=lampara-gs-900-con-pedestal-2#breadcrumb\"},\"inLanguage\":\"es\",\"potentialAction\":[{\"@type\":\"ReadAction\",\"target\":[\"https:\/\/buscoequipomedico.com\/?product=lampara-gs-900-con-pedestal-2\"]}]},{\"@type\":\"ImageObject\",\"inLanguage\":\"es\",\"@id\":\"https:\/\/buscoequipomedico.com\/?product=lampara-gs-900-con-pedestal-2#primaryimage\",\"url\":\"https:\/\/buscoequipomedico.com\/wp-content\/uploads\/2020\/02\/lampara-gs-900-con-pedestal-lampara-de-procedimiento-que-cuenta-con-seis-led-combina-increible-durabilidad-extraordinaria-maniob.jpg\",\"contentUrl\":\"https:\/\/buscoequipomedico.com\/wp-content\/uploads\/2020\/02\/lampara-gs-900-con-pedestal-lampara-de-procedimiento-que-cuenta-con-seis-led-combina-increible-durabilidad-extraordinaria-maniob.jpg\",\"width\":800,\"height\":800},{\"@type\":\"BreadcrumbList\",\"@id\":\"https:\/\/buscoequipomedico.com\/?product=lampara-gs-900-con-pedestal-2#breadcrumb\",\"itemListElement\":[{\"@type\":\"ListItem\",\"position\":1,\"name\":\"Productos\",\"item\":\"https:\/\/buscoequipomedico.com\/shop\/\"},{\"@type\":\"ListItem\",\"position\":2,\"name\":\"L\u00c1MPARA GS-900 CON PEDESTAL\"}]},{\"@type\":\"WebSite\",\"@id\":\"https:\/\/buscoequipomedico.com\/#website\",\"url\":\"https:\/\/buscoequipomedico.com\/\",\"name\":\"Tu mejor opci\u00f3n Equipo M\u00e9dico M\u00e9xico\",\"description\":\"Tienda de equipo m\u00e9dico\",\"publisher\":{\"@id\":\"https:\/\/buscoequipomedico.com\/#organization\"},\"potentialAction\":[{\"@type\":\"SearchAction\",\"target\":{\"@type\":\"EntryPoint\",\"urlTemplate\":\"https:\/\/buscoequipomedico.com\/?s={search_term_string}\"},\"query-input\":{\"@type\":\"PropertyValueSpecification\",\"valueRequired\":true,\"valueName\":\"search_term_string\"}}],\"inLanguage\":\"es\"},{\"@type\":\"Organization\",\"@id\":\"https:\/\/buscoequipomedico.com\/#organization\",\"name\":\"Tu mejor opci\u00f3n Equipo M\u00e9dico M\u00e9xico\",\"url\":\"https:\/\/buscoequipomedico.com\/\",\"logo\":{\"@type\":\"ImageObject\",\"inLanguage\":\"es\",\"@id\":\"https:\/\/buscoequipomedico.com\/#\/schema\/logo\/image\/\",\"url\":\"https:\/\/buscoequipomedico.com\/wp-content\/uploads\/2021\/07\/EMM-VPrincipal-scaled.jpg\",\"contentUrl\":\"https:\/\/buscoequipomedico.com\/wp-content\/uploads\/2021\/07\/EMM-VPrincipal-scaled.jpg\",\"width\":2560,\"height\":1058,\"caption\":\"Tu mejor opci\u00f3n Equipo M\u00e9dico M\u00e9xico\"},\"image\":{\"@id\":\"https:\/\/buscoequipomedico.com\/#\/schema\/logo\/image\/\"}}]}<\/script>\n<!-- \/ Yoast SEO plugin. -->","yoast_head_json":{"title":"L\u00c1MPARA GS-900 CON PEDESTAL - Tu mejor opci\u00f3n Equipo M\u00e9dico M\u00e9xico","robots":{"index":"index","follow":"follow","max-snippet":"max-snippet:-1","max-image-preview":"max-image-preview:large","max-video-preview":"max-video-preview:-1"},"canonical":"https:\/\/buscoequipomedico.com\/?product=lampara-gs-900-con-pedestal-2","og_locale":"es_ES","og_type":"article","og_title":"L\u00c1MPARA GS-900 CON PEDESTAL - Tu mejor opci\u00f3n Equipo M\u00e9dico M\u00e9xico","og_description":"Lampara de procedimiento, que cuenta con seis LED, combina incre\u00edble durabilidad, extraordinaria maniobrabilidad, calidad de precisi\u00f3n en el enfoque y varias opciones de montaje.","og_url":"https:\/\/buscoequipomedico.com\/?product=lampara-gs-900-con-pedestal-2","og_site_name":"Tu mejor opci\u00f3n Equipo M\u00e9dico M\u00e9xico","article_modified_time":"2020-02-18T07:35:30+00:00","og_image":[{"width":800,"height":800,"url":"https:\/\/buscoequipomedico.com\/wp-content\/uploads\/2020\/02\/lampara-gs-900-con-pedestal-lampara-de-procedimiento-que-cuenta-con-seis-led-combina-increible-durabilidad-extraordinaria-maniob.jpg","type":"image\/jpeg"}],"twitter_card":"summary_large_image","schema":{"@context":"https:\/\/schema.org","@graph":[{"@type":"WebPage","@id":"https:\/\/buscoequipomedico.com\/?product=lampara-gs-900-con-pedestal-2","url":"https:\/\/buscoequipomedico.com\/?product=lampara-gs-900-con-pedestal-2","name":"L\u00c1MPARA GS-900 CON PEDESTAL - Tu mejor opci\u00f3n Equipo M\u00e9dico M\u00e9xico","isPartOf":{"@id":"https:\/\/buscoequipomedico.com\/#website"},"primaryImageOfPage":{"@id":"https:\/\/buscoequipomedico.com\/?product=lampara-gs-900-con-pedestal-2#primaryimage"},"image":{"@id":"https:\/\/buscoequipomedico.com\/?product=lampara-gs-900-con-pedestal-2#primaryimage"},"thumbnailUrl":"https:\/\/buscoequipomedico.com\/wp-content\/uploads\/2020\/02\/lampara-gs-900-con-pedestal-lampara-de-procedimiento-que-cuenta-con-seis-led-combina-increible-durabilidad-extraordinaria-maniob.jpg","datePublished":"2020-02-18T07:35:27+00:00","dateModified":"2020-02-18T07:35:30+00:00","breadcrumb":{"@id":"https:\/\/buscoequipomedico.com\/?product=lampara-gs-900-con-pedestal-2#breadcrumb"},"inLanguage":"es","potentialAction":[{"@type":"ReadAction","target":["https:\/\/buscoequipomedico.com\/?product=lampara-gs-900-con-pedestal-2"]}]},{"@type":"ImageObject","inLanguage":"es","@id":"https:\/\/buscoequipomedico.com\/?product=lampara-gs-900-con-pedestal-2#primaryimage","url":"https:\/\/buscoequipomedico.com\/wp-content\/uploads\/2020\/02\/lampara-gs-900-con-pedestal-lampara-de-procedimiento-que-cuenta-con-seis-led-combina-increible-durabilidad-extraordinaria-maniob.jpg","contentUrl":"https:\/\/buscoequipomedico.com\/wp-content\/uploads\/2020\/02\/lampara-gs-900-con-pedestal-lampara-de-procedimiento-que-cuenta-con-seis-led-combina-increible-durabilidad-extraordinaria-maniob.jpg","width":800,"height":800},{"@type":"BreadcrumbList","@id":"https:\/\/buscoequipomedico.com\/?product=lampara-gs-900-con-pedestal-2#breadcrumb","itemListElement":[{"@type":"ListItem","position":1,"name":"Productos","item":"https:\/\/buscoequipomedico.com\/shop\/"},{"@type":"ListItem","position":2,"name":"L\u00c1MPARA GS-900 CON PEDESTAL"}]},{"@type":"WebSite","@id":"https:\/\/buscoequipomedico.com\/#website","url":"https:\/\/buscoequipomedico.com\/","name":"Tu mejor opci\u00f3n Equipo M\u00e9dico M\u00e9xico","description":"Tienda de equipo m\u00e9dico","publisher":{"@id":"https:\/\/buscoequipomedico.com\/#organization"},"potentialAction":[{"@type":"SearchAction","target":{"@type":"EntryPoint","urlTemplate":"https:\/\/buscoequipomedico.com\/?s={search_term_string}"},"query-input":{"@type":"PropertyValueSpecification","valueRequired":true,"valueName":"search_term_string"}}],"inLanguage":"es"},{"@type":"Organization","@id":"https:\/\/buscoequipomedico.com\/#organization","name":"Tu mejor opci\u00f3n Equipo M\u00e9dico M\u00e9xico","url":"https:\/\/buscoequipomedico.com\/","logo":{"@type":"ImageObject","inLanguage":"es","@id":"https:\/\/buscoequipomedico.com\/#\/schema\/logo\/image\/","url":"https:\/\/buscoequipomedico.com\/wp-content\/uploads\/2021\/07\/EMM-VPrincipal-scaled.jpg","contentUrl":"https:\/\/buscoequipomedico.com\/wp-content\/uploads\/2021\/07\/EMM-VPrincipal-scaled.jpg","width":2560,"height":1058,"caption":"Tu mejor opci\u00f3n Equipo M\u00e9dico M\u00e9xico"},"image":{"@id":"https:\/\/buscoequipomedico.com\/#\/schema\/logo\/image\/"}}]}},"_links":{"self":[{"href":"https:\/\/buscoequipomedico.com\/index.php?rest_route=\/wp\/v2\/product\/12488","targetHints":{"allow":["GET"]}}],"collection":[{"href":"https:\/\/buscoequipomedico.com\/index.php?rest_route=\/wp\/v2\/product"}],"about":[{"href":"https:\/\/buscoequipomedico.com\/index.php?rest_route=\/wp\/v2\/types\/product"}],"wp:featuredmedia":[{"embeddable":true,"href":"https:\/\/buscoequipomedico.com\/index.php?rest_route=\/wp\/v2\/media\/12473"}],"wp:attachment":[{"href":"https:\/\/buscoequipomedico.com\/index.php?rest_route=%2Fwp%2Fv2%2Fmedia&parent=12488"}],"wp:term":[{"taxonomy":"product_brand","embeddable":true,"href":"https:\/\/buscoequipomedico.com\/index.php?rest_route=%2Fwp%2Fv2%2Fproduct_brand&post=12488"},{"taxonomy":"product_cat","embeddable":true,"href":"https:\/\/buscoequipomedico.com\/index.php?rest_route=%2Fwp%2Fv2%2Fproduct_cat&post=12488"},{"taxonomy":"product_tag","embeddable":true,"href":"https:\/\/buscoequipomedico.com\/index.php?rest_route=%2Fwp%2Fv2%2Fproduct_tag&post=12488"}],"curies":[{"name":"wp","href":"https:\/\/api.w.org\/{rel}","templated":true}]}}