{"id":12495,"date":"2020-02-18T07:35:27","date_gmt":"2020-02-18T07:35:27","guid":{"rendered":"https:\/\/equipomedicomexico-com.preview-domain.com\/product\/lampara-para-cirugia-con-equipo-de-emergencia\/"},"modified":"2020-02-18T07:35:31","modified_gmt":"2020-02-18T07:35:31","slug":"lampara-para-cirugia-con-equipo-de-emergencia","status":"publish","type":"product","link":"https:\/\/buscoequipomedico.com\/?product=lampara-para-cirugia-con-equipo-de-emergencia","title":{"rendered":"LAMPARA PARA CIRUGIA CON EQUIPO DE EMERGENCIA"},"content":{"rendered":"<ul>\n<li>\u00a0Di\u00e1metro del sat\u00e9lite de 50 cm.\u00a0<\/li>\n<li>Intensidad luminosa homog\u00e9nea de 130,000 luxes a 1 metro de distancia de la fuente.\u00a0<\/li>\n<li>Controles digitales o panel de control por medio de membrana localizado en la caja para encendido, apagado, controles de intensidad luminosa y aviso \u00f3ptico en caso de foco fundido.\u00a0<\/li>\n<li>10 niveles de intensidad luminosa.\u00a0<\/li>\n<li>Intensidad luminosa de 60,000 luxes hasta 130,000 luxes.\u00a0<\/li>\n<li>Foco de hal\u00f3geno de 12 V, 100 W.\u00a0<\/li>\n<li>Recarga de bater\u00eda con protecci\u00f3n para evitar sobrecarga de la bater\u00eda (bater\u00eda recargable)\u00a0<\/li>\n<li>Brazo porta l\u00e1mpara con giro de 360\u00b0 y movimientos abatibles de + &#8211; 35\u00b0.\u00a0<\/li>\n<li>Brazo articulado para posicionar el haz de luz.\u00a0<\/li>\n<li>Altura m\u00e1xima: 2.00 m.\u00a0<\/li>\n<li>Altura m\u00ednima: .95 m.\u00a0<\/li>\n<li>Mango y manija de posiciones desmontables y esterilizable.\u00a0<\/li>\n<li>Corriente el\u00e9ctrica de 120V \/ 60 Hz.\u00a0<\/li>\n<li>Libre de sombras a la interposici\u00f3n de cuerpos.\u00a0<\/li>\n<li>Temperatura de color dentro del rango de 3,500 \u00b0 a 5,000\u00ba Kelvin.\u00a0<\/li>\n<li>Filtro de vidrio reductor de calor con eliminaci\u00f3n de radiaci\u00f3n infrarroja del 98% y con incremento de temperatura en la zona de operaci\u00f3n de 10\u00b0 a 12\u00b0 C como m\u00e1ximo y en la zona de la cabeza de 2\u00b0 C.\u00a0<\/li>\n<li>Indicador de bater\u00eda baja \/ indicador de carga de bater\u00eda.\u00a0<\/li>\n<li>\u00cdndice de reproducci\u00f3n de color monocrom\u00e1tico del 95%.\u00a0<\/li>\n<li>Interruptor de energ\u00eda.\u00a0<\/li>\n<li>Carcasa completamente cerrada con superficie externa lisa sin bordes ni tornillos para su f\u00e1cil limpieza y desinfecci\u00f3n con cubierta de policarbonato de alto impacto resistente al fuego, golpes y elementos qu\u00edmicos de limpieza.\u00a0<\/li>\n<li>Promedio de vida de los focos de hal\u00f3geno de 1,000 horas de uso cada uno.\u00a0<\/li>\n<li>Di\u00e1metro de campo de luz de 16\/28 cm.<\/li>\n<\/ul>\n","protected":false},"excerpt":{"rendered":"<ul>\n<li>Respaldo de energ\u00eda a trav\u00e9s de bater\u00eda recargable sellada libre de mantenimiento con duraci\u00f3n de 3 horas sin p\u00e9rdida en la intensidad luminosa y manteniendo la misma calidad de luz.\u00a0<\/li>\n<li>Sistema que otorga el cambio autom\u00e1tico de alimentaci\u00f3n de Corriente Alterna (CA) al respaldo proporcionado por la bater\u00eda recargable.\u00a0<\/li>\n<li>Cargador de bater\u00eda electr\u00f3nico de salida regulada.\u00a0<\/li>\n<li>Columna fija a pedestal de base rodable robusta y segura con ruedas antiest\u00e1ticas que generan bajo ruido.\u00a0<\/li>\n<li>Base dise\u00f1ada para uso y transporte seguro, evitando ca\u00eddas y al mismo tiempo, cuenta con una superficie externa lisa para su f\u00e1cil limpieza y desinfecci\u00f3n.\u00a0<\/li>\n<\/ul>\n","protected":false},"featured_media":12496,"template":"","meta":{"_joinchat":[]},"product_brand":[],"product_cat":[278,283],"product_tag":[],"class_list":{"0":"post-12495","1":"product","2":"type-product","3":"status-publish","4":"has-post-thumbnail","6":"product_cat-lamparas","7":"product_cat-lamparas-de-exploracion","8":"pa_marca-bame","10":"first","11":"instock","12":"purchasable","13":"product-type-simple"},"yoast_head":"<!-- This site is optimized with the Yoast SEO plugin v25.1 - https:\/\/yoast.com\/wordpress\/plugins\/seo\/ -->\n<title>LAMPARA PARA CIRUGIA CON EQUIPO DE EMERGENCIA - Tu mejor opci\u00f3n Equipo M\u00e9dico M\u00e9xico<\/title>\n<meta name=\"robots\" content=\"index, follow, max-snippet:-1, max-image-preview:large, max-video-preview:-1\" \/>\n<link rel=\"canonical\" href=\"https:\/\/buscoequipomedico.com\/?product=lampara-para-cirugia-con-equipo-de-emergencia\" \/>\n<meta property=\"og:locale\" content=\"es_ES\" \/>\n<meta property=\"og:type\" content=\"article\" \/>\n<meta property=\"og:title\" content=\"LAMPARA PARA CIRUGIA CON EQUIPO DE EMERGENCIA - Tu mejor opci\u00f3n Equipo M\u00e9dico M\u00e9xico\" \/>\n<meta property=\"og:description\" content=\"Respaldo de energ\u00eda a trav\u00e9s de bater\u00eda recargable sellada libre de mantenimiento con duraci\u00f3n de 3 horas sin p\u00e9rdida en la intensidad luminosa y manteniendo la misma calidad de luz.\u00a0 Sistema que otorga el cambio autom\u00e1tico de alimentaci\u00f3n de Corriente Alterna (CA) al respaldo proporcionado por la bater\u00eda recargable.\u00a0 Cargador de bater\u00eda electr\u00f3nico de salida regulada.\u00a0 Columna fija a pedestal de base rodable robusta y segura con ruedas antiest\u00e1ticas que generan bajo ruido.\u00a0 Base dise\u00f1ada para uso y transporte seguro, evitando ca\u00eddas y al mismo tiempo, cuenta con una superficie externa lisa para su f\u00e1cil limpieza y desinfecci\u00f3n.\u00a0\" \/>\n<meta property=\"og:url\" content=\"https:\/\/buscoequipomedico.com\/?product=lampara-para-cirugia-con-equipo-de-emergencia\" \/>\n<meta property=\"og:site_name\" content=\"Tu mejor opci\u00f3n Equipo M\u00e9dico M\u00e9xico\" \/>\n<meta property=\"article:modified_time\" content=\"2020-02-18T07:35:31+00:00\" \/>\n<meta property=\"og:image\" content=\"https:\/\/buscoequipomedico.com\/wp-content\/uploads\/2020\/02\/lampara-para-cirugia-con-equipo-de-emergencia-respaldo-de-energia-a-traves-de-bateria-recargable-sellada-libre-de-mantenimiento.jpg\" \/>\n\t<meta property=\"og:image:width\" content=\"800\" \/>\n\t<meta property=\"og:image:height\" content=\"800\" \/>\n\t<meta property=\"og:image:type\" content=\"image\/png\" \/>\n<meta name=\"twitter:card\" content=\"summary_large_image\" \/>\n<meta name=\"twitter:label1\" content=\"Tiempo de lectura\" \/>\n\t<meta name=\"twitter:data1\" content=\"1 minuto\" \/>\n<script type=\"application\/ld+json\" class=\"yoast-schema-graph\">{\"@context\":\"https:\/\/schema.org\",\"@graph\":[{\"@type\":\"WebPage\",\"@id\":\"https:\/\/buscoequipomedico.com\/?product=lampara-para-cirugia-con-equipo-de-emergencia\",\"url\":\"https:\/\/buscoequipomedico.com\/?product=lampara-para-cirugia-con-equipo-de-emergencia\",\"name\":\"LAMPARA PARA CIRUGIA CON EQUIPO DE EMERGENCIA - Tu mejor opci\u00f3n Equipo M\u00e9dico M\u00e9xico\",\"isPartOf\":{\"@id\":\"https:\/\/buscoequipomedico.com\/#website\"},\"primaryImageOfPage\":{\"@id\":\"https:\/\/buscoequipomedico.com\/?product=lampara-para-cirugia-con-equipo-de-emergencia#primaryimage\"},\"image\":{\"@id\":\"https:\/\/buscoequipomedico.com\/?product=lampara-para-cirugia-con-equipo-de-emergencia#primaryimage\"},\"thumbnailUrl\":\"https:\/\/buscoequipomedico.com\/wp-content\/uploads\/2020\/02\/lampara-para-cirugia-con-equipo-de-emergencia-respaldo-de-energia-a-traves-de-bateria-recargable-sellada-libre-de-mantenimiento.jpg\",\"datePublished\":\"2020-02-18T07:35:27+00:00\",\"dateModified\":\"2020-02-18T07:35:31+00:00\",\"breadcrumb\":{\"@id\":\"https:\/\/buscoequipomedico.com\/?product=lampara-para-cirugia-con-equipo-de-emergencia#breadcrumb\"},\"inLanguage\":\"es\",\"potentialAction\":[{\"@type\":\"ReadAction\",\"target\":[\"https:\/\/buscoequipomedico.com\/?product=lampara-para-cirugia-con-equipo-de-emergencia\"]}]},{\"@type\":\"ImageObject\",\"inLanguage\":\"es\",\"@id\":\"https:\/\/buscoequipomedico.com\/?product=lampara-para-cirugia-con-equipo-de-emergencia#primaryimage\",\"url\":\"https:\/\/buscoequipomedico.com\/wp-content\/uploads\/2020\/02\/lampara-para-cirugia-con-equipo-de-emergencia-respaldo-de-energia-a-traves-de-bateria-recargable-sellada-libre-de-mantenimiento.jpg\",\"contentUrl\":\"https:\/\/buscoequipomedico.com\/wp-content\/uploads\/2020\/02\/lampara-para-cirugia-con-equipo-de-emergencia-respaldo-de-energia-a-traves-de-bateria-recargable-sellada-libre-de-mantenimiento.jpg\",\"width\":800,\"height\":800},{\"@type\":\"BreadcrumbList\",\"@id\":\"https:\/\/buscoequipomedico.com\/?product=lampara-para-cirugia-con-equipo-de-emergencia#breadcrumb\",\"itemListElement\":[{\"@type\":\"ListItem\",\"position\":1,\"name\":\"Productos\",\"item\":\"https:\/\/buscoequipomedico.com\/shop\/\"},{\"@type\":\"ListItem\",\"position\":2,\"name\":\"LAMPARA PARA CIRUGIA CON EQUIPO DE EMERGENCIA\"}]},{\"@type\":\"WebSite\",\"@id\":\"https:\/\/buscoequipomedico.com\/#website\",\"url\":\"https:\/\/buscoequipomedico.com\/\",\"name\":\"Tu mejor opci\u00f3n Equipo M\u00e9dico M\u00e9xico\",\"description\":\"Tienda de equipo m\u00e9dico\",\"publisher\":{\"@id\":\"https:\/\/buscoequipomedico.com\/#organization\"},\"potentialAction\":[{\"@type\":\"SearchAction\",\"target\":{\"@type\":\"EntryPoint\",\"urlTemplate\":\"https:\/\/buscoequipomedico.com\/?s={search_term_string}\"},\"query-input\":{\"@type\":\"PropertyValueSpecification\",\"valueRequired\":true,\"valueName\":\"search_term_string\"}}],\"inLanguage\":\"es\"},{\"@type\":\"Organization\",\"@id\":\"https:\/\/buscoequipomedico.com\/#organization\",\"name\":\"Tu mejor opci\u00f3n Equipo M\u00e9dico M\u00e9xico\",\"url\":\"https:\/\/buscoequipomedico.com\/\",\"logo\":{\"@type\":\"ImageObject\",\"inLanguage\":\"es\",\"@id\":\"https:\/\/buscoequipomedico.com\/#\/schema\/logo\/image\/\",\"url\":\"https:\/\/buscoequipomedico.com\/wp-content\/uploads\/2021\/07\/EMM-VPrincipal-scaled.jpg\",\"contentUrl\":\"https:\/\/buscoequipomedico.com\/wp-content\/uploads\/2021\/07\/EMM-VPrincipal-scaled.jpg\",\"width\":2560,\"height\":1058,\"caption\":\"Tu mejor opci\u00f3n Equipo M\u00e9dico M\u00e9xico\"},\"image\":{\"@id\":\"https:\/\/buscoequipomedico.com\/#\/schema\/logo\/image\/\"}}]}<\/script>\n<!-- \/ Yoast SEO plugin. -->","yoast_head_json":{"title":"LAMPARA PARA CIRUGIA CON EQUIPO DE EMERGENCIA - Tu mejor opci\u00f3n Equipo M\u00e9dico M\u00e9xico","robots":{"index":"index","follow":"follow","max-snippet":"max-snippet:-1","max-image-preview":"max-image-preview:large","max-video-preview":"max-video-preview:-1"},"canonical":"https:\/\/buscoequipomedico.com\/?product=lampara-para-cirugia-con-equipo-de-emergencia","og_locale":"es_ES","og_type":"article","og_title":"LAMPARA PARA CIRUGIA CON EQUIPO DE EMERGENCIA - Tu mejor opci\u00f3n Equipo M\u00e9dico M\u00e9xico","og_description":"Respaldo de energ\u00eda a trav\u00e9s de bater\u00eda recargable sellada libre de mantenimiento con duraci\u00f3n de 3 horas sin p\u00e9rdida en la intensidad luminosa y manteniendo la misma calidad de luz.\u00a0 Sistema que otorga el cambio autom\u00e1tico de alimentaci\u00f3n de Corriente Alterna (CA) al respaldo proporcionado por la bater\u00eda recargable.\u00a0 Cargador de bater\u00eda electr\u00f3nico de salida regulada.\u00a0 Columna fija a pedestal de base rodable robusta y segura con ruedas antiest\u00e1ticas que generan bajo ruido.\u00a0 Base dise\u00f1ada para uso y transporte seguro, evitando ca\u00eddas y al mismo tiempo, cuenta con una superficie externa lisa para su f\u00e1cil limpieza y desinfecci\u00f3n.\u00a0","og_url":"https:\/\/buscoequipomedico.com\/?product=lampara-para-cirugia-con-equipo-de-emergencia","og_site_name":"Tu mejor opci\u00f3n Equipo M\u00e9dico M\u00e9xico","article_modified_time":"2020-02-18T07:35:31+00:00","og_image":[{"width":800,"height":800,"url":"https:\/\/buscoequipomedico.com\/wp-content\/uploads\/2020\/02\/lampara-para-cirugia-con-equipo-de-emergencia-respaldo-de-energia-a-traves-de-bateria-recargable-sellada-libre-de-mantenimiento.jpg","type":"image\/png"}],"twitter_card":"summary_large_image","twitter_misc":{"Tiempo de lectura":"1 minuto"},"schema":{"@context":"https:\/\/schema.org","@graph":[{"@type":"WebPage","@id":"https:\/\/buscoequipomedico.com\/?product=lampara-para-cirugia-con-equipo-de-emergencia","url":"https:\/\/buscoequipomedico.com\/?product=lampara-para-cirugia-con-equipo-de-emergencia","name":"LAMPARA PARA CIRUGIA CON EQUIPO DE EMERGENCIA - Tu mejor opci\u00f3n Equipo M\u00e9dico M\u00e9xico","isPartOf":{"@id":"https:\/\/buscoequipomedico.com\/#website"},"primaryImageOfPage":{"@id":"https:\/\/buscoequipomedico.com\/?product=lampara-para-cirugia-con-equipo-de-emergencia#primaryimage"},"image":{"@id":"https:\/\/buscoequipomedico.com\/?product=lampara-para-cirugia-con-equipo-de-emergencia#primaryimage"},"thumbnailUrl":"https:\/\/buscoequipomedico.com\/wp-content\/uploads\/2020\/02\/lampara-para-cirugia-con-equipo-de-emergencia-respaldo-de-energia-a-traves-de-bateria-recargable-sellada-libre-de-mantenimiento.jpg","datePublished":"2020-02-18T07:35:27+00:00","dateModified":"2020-02-18T07:35:31+00:00","breadcrumb":{"@id":"https:\/\/buscoequipomedico.com\/?product=lampara-para-cirugia-con-equipo-de-emergencia#breadcrumb"},"inLanguage":"es","potentialAction":[{"@type":"ReadAction","target":["https:\/\/buscoequipomedico.com\/?product=lampara-para-cirugia-con-equipo-de-emergencia"]}]},{"@type":"ImageObject","inLanguage":"es","@id":"https:\/\/buscoequipomedico.com\/?product=lampara-para-cirugia-con-equipo-de-emergencia#primaryimage","url":"https:\/\/buscoequipomedico.com\/wp-content\/uploads\/2020\/02\/lampara-para-cirugia-con-equipo-de-emergencia-respaldo-de-energia-a-traves-de-bateria-recargable-sellada-libre-de-mantenimiento.jpg","contentUrl":"https:\/\/buscoequipomedico.com\/wp-content\/uploads\/2020\/02\/lampara-para-cirugia-con-equipo-de-emergencia-respaldo-de-energia-a-traves-de-bateria-recargable-sellada-libre-de-mantenimiento.jpg","width":800,"height":800},{"@type":"BreadcrumbList","@id":"https:\/\/buscoequipomedico.com\/?product=lampara-para-cirugia-con-equipo-de-emergencia#breadcrumb","itemListElement":[{"@type":"ListItem","position":1,"name":"Productos","item":"https:\/\/buscoequipomedico.com\/shop\/"},{"@type":"ListItem","position":2,"name":"LAMPARA PARA CIRUGIA CON EQUIPO DE EMERGENCIA"}]},{"@type":"WebSite","@id":"https:\/\/buscoequipomedico.com\/#website","url":"https:\/\/buscoequipomedico.com\/","name":"Tu mejor opci\u00f3n Equipo M\u00e9dico M\u00e9xico","description":"Tienda de equipo m\u00e9dico","publisher":{"@id":"https:\/\/buscoequipomedico.com\/#organization"},"potentialAction":[{"@type":"SearchAction","target":{"@type":"EntryPoint","urlTemplate":"https:\/\/buscoequipomedico.com\/?s={search_term_string}"},"query-input":{"@type":"PropertyValueSpecification","valueRequired":true,"valueName":"search_term_string"}}],"inLanguage":"es"},{"@type":"Organization","@id":"https:\/\/buscoequipomedico.com\/#organization","name":"Tu mejor opci\u00f3n Equipo M\u00e9dico M\u00e9xico","url":"https:\/\/buscoequipomedico.com\/","logo":{"@type":"ImageObject","inLanguage":"es","@id":"https:\/\/buscoequipomedico.com\/#\/schema\/logo\/image\/","url":"https:\/\/buscoequipomedico.com\/wp-content\/uploads\/2021\/07\/EMM-VPrincipal-scaled.jpg","contentUrl":"https:\/\/buscoequipomedico.com\/wp-content\/uploads\/2021\/07\/EMM-VPrincipal-scaled.jpg","width":2560,"height":1058,"caption":"Tu mejor opci\u00f3n Equipo M\u00e9dico M\u00e9xico"},"image":{"@id":"https:\/\/buscoequipomedico.com\/#\/schema\/logo\/image\/"}}]}},"_links":{"self":[{"href":"https:\/\/buscoequipomedico.com\/index.php?rest_route=\/wp\/v2\/product\/12495","targetHints":{"allow":["GET"]}}],"collection":[{"href":"https:\/\/buscoequipomedico.com\/index.php?rest_route=\/wp\/v2\/product"}],"about":[{"href":"https:\/\/buscoequipomedico.com\/index.php?rest_route=\/wp\/v2\/types\/product"}],"wp:featuredmedia":[{"embeddable":true,"href":"https:\/\/buscoequipomedico.com\/index.php?rest_route=\/wp\/v2\/media\/12496"}],"wp:attachment":[{"href":"https:\/\/buscoequipomedico.com\/index.php?rest_route=%2Fwp%2Fv2%2Fmedia&parent=12495"}],"wp:term":[{"taxonomy":"product_brand","embeddable":true,"href":"https:\/\/buscoequipomedico.com\/index.php?rest_route=%2Fwp%2Fv2%2Fproduct_brand&post=12495"},{"taxonomy":"product_cat","embeddable":true,"href":"https:\/\/buscoequipomedico.com\/index.php?rest_route=%2Fwp%2Fv2%2Fproduct_cat&post=12495"},{"taxonomy":"product_tag","embeddable":true,"href":"https:\/\/buscoequipomedico.com\/index.php?rest_route=%2Fwp%2Fv2%2Fproduct_tag&post=12495"}],"curies":[{"name":"wp","href":"https:\/\/api.w.org\/{rel}","templated":true}]}}