{"id":12497,"date":"2020-02-18T07:35:27","date_gmt":"2020-02-18T07:35:27","guid":{"rendered":"https:\/\/equipomedicomexico-com.preview-domain.com\/product\/lampara-para-cirugia-con-equipo-de-emergencia-con-foco-emergencia\/"},"modified":"2020-02-18T07:35:31","modified_gmt":"2020-02-18T07:35:31","slug":"lampara-para-cirugia-con-equipo-de-emergencia-con-foco-emergencia","status":"publish","type":"product","link":"https:\/\/buscoequipomedico.com\/?product=lampara-para-cirugia-con-equipo-de-emergencia-con-foco-emergencia","title":{"rendered":"LAMPARA PARA CIRUGIA CON EQUIPO DE EMERGENCIA CON FOCO EMERGENCIA"},"content":{"rendered":"<ul>\n<li>Libre de sombras a la interposici\u00f3n de cuerpos.\u00a0\u00a0<\/li>\n<li>Temperatura de color dentro del rango de 3,500 \u00b0 a 5,000\u00ba Kelvin.\u00a0\u00a0<\/li>\n<li>Filtro de vidrio reductor de calor con eliminaci\u00f3n de radiaci\u00f3n infrarroja del 98% y con incremento de temperatura en la zona de operaci\u00f3n de 10\u00b0 a 12\u00b0 C como m\u00e1ximo y en la zona de la cabeza de 2\u00b0 C.\u00a0\u00a0<\/li>\n<li>Indicador de bater\u00eda baja \/ indicador de carga de bater\u00eda.\u00a0\u00a0<\/li>\n<li>\u00cdndice de reproducci\u00f3n de color monocrom\u00e1tico del 95%.\u00a0\u00a0<\/li>\n<li>Interruptor de energ\u00eda.\u00a0\u00a0<\/li>\n<li>Carcaza completamente cerrada con superficie externa lisa sin bordes ni tornillos para su f\u00e1cil limpieza y desinfecci\u00f3n con cubierta de policarbonato de alto impacto resistente al fuego, golpes y elementos qu\u00edmicos de limpieza.\u00a0\u00a0<\/li>\n<li>Promedio de vida de los focos de hal\u00f3geno de 1,000 horas de uso cada uno.\u00a0\u00a0<\/li>\n<li>Di\u00e1metro de campo de luz de 16\/28 cm.\u00a0 \u00a0<\/li>\n<\/ul>\n<ul>\n<li>Peso Neto: 39 Kgs\u00a0\u00a0<\/li>\n<li>Peso Bruto: 54 Kgs<\/li>\n<\/ul>\n","protected":false},"excerpt":{"rendered":"<p><span>Equipo port\u00e1til para iluminar el campo quir\u00fargico en forma rutinaria y continua en caso de suspensi\u00f3n de la energ\u00eda el\u00e9ctrica.<\/span><\/p>\n","protected":false},"featured_media":12498,"template":"","meta":{"_joinchat":[]},"product_brand":[],"product_cat":[278,283],"product_tag":[],"class_list":{"0":"post-12497","1":"product","2":"type-product","3":"status-publish","4":"has-post-thumbnail","6":"product_cat-lamparas","7":"product_cat-lamparas-de-exploracion","8":"pa_marca-bame","10":"first","11":"instock","12":"purchasable","13":"product-type-simple"},"yoast_head":"<!-- This site is optimized with the Yoast SEO plugin v25.1 - https:\/\/yoast.com\/wordpress\/plugins\/seo\/ -->\n<title>LAMPARA PARA CIRUGIA CON EQUIPO DE EMERGENCIA CON FOCO EMERGENCIA - Tu mejor opci\u00f3n Equipo M\u00e9dico M\u00e9xico<\/title>\n<meta name=\"robots\" content=\"index, follow, max-snippet:-1, max-image-preview:large, max-video-preview:-1\" \/>\n<link rel=\"canonical\" href=\"https:\/\/buscoequipomedico.com\/?product=lampara-para-cirugia-con-equipo-de-emergencia-con-foco-emergencia\" \/>\n<meta property=\"og:locale\" content=\"es_ES\" \/>\n<meta property=\"og:type\" content=\"article\" \/>\n<meta property=\"og:title\" content=\"LAMPARA PARA CIRUGIA CON EQUIPO DE EMERGENCIA CON FOCO EMERGENCIA - Tu mejor opci\u00f3n Equipo M\u00e9dico M\u00e9xico\" \/>\n<meta property=\"og:description\" content=\"Equipo port\u00e1til para iluminar el campo quir\u00fargico en forma rutinaria y continua en caso de suspensi\u00f3n de la energ\u00eda el\u00e9ctrica.\" \/>\n<meta property=\"og:url\" content=\"https:\/\/buscoequipomedico.com\/?product=lampara-para-cirugia-con-equipo-de-emergencia-con-foco-emergencia\" \/>\n<meta property=\"og:site_name\" content=\"Tu mejor opci\u00f3n Equipo M\u00e9dico M\u00e9xico\" \/>\n<meta property=\"article:modified_time\" content=\"2020-02-18T07:35:31+00:00\" \/>\n<meta property=\"og:image\" content=\"https:\/\/buscoequipomedico.com\/wp-content\/uploads\/2020\/02\/lampara-para-cirugia-con-equipo-de-emergencia-con-foco-emergencia-equipo-portatil-para-iluminar-el-campo-quirurgico-en-forma-rut.jpg\" \/>\n\t<meta property=\"og:image:width\" content=\"800\" \/>\n\t<meta property=\"og:image:height\" content=\"800\" \/>\n\t<meta property=\"og:image:type\" content=\"image\/png\" \/>\n<meta name=\"twitter:card\" content=\"summary_large_image\" \/>\n<meta name=\"twitter:label1\" content=\"Tiempo de lectura\" \/>\n\t<meta name=\"twitter:data1\" content=\"1 minuto\" \/>\n<script type=\"application\/ld+json\" class=\"yoast-schema-graph\">{\"@context\":\"https:\/\/schema.org\",\"@graph\":[{\"@type\":\"WebPage\",\"@id\":\"https:\/\/buscoequipomedico.com\/?product=lampara-para-cirugia-con-equipo-de-emergencia-con-foco-emergencia\",\"url\":\"https:\/\/buscoequipomedico.com\/?product=lampara-para-cirugia-con-equipo-de-emergencia-con-foco-emergencia\",\"name\":\"LAMPARA PARA CIRUGIA CON EQUIPO DE EMERGENCIA CON FOCO EMERGENCIA - Tu mejor opci\u00f3n Equipo M\u00e9dico M\u00e9xico\",\"isPartOf\":{\"@id\":\"https:\/\/buscoequipomedico.com\/#website\"},\"primaryImageOfPage\":{\"@id\":\"https:\/\/buscoequipomedico.com\/?product=lampara-para-cirugia-con-equipo-de-emergencia-con-foco-emergencia#primaryimage\"},\"image\":{\"@id\":\"https:\/\/buscoequipomedico.com\/?product=lampara-para-cirugia-con-equipo-de-emergencia-con-foco-emergencia#primaryimage\"},\"thumbnailUrl\":\"https:\/\/buscoequipomedico.com\/wp-content\/uploads\/2020\/02\/lampara-para-cirugia-con-equipo-de-emergencia-con-foco-emergencia-equipo-portatil-para-iluminar-el-campo-quirurgico-en-forma-rut.jpg\",\"datePublished\":\"2020-02-18T07:35:27+00:00\",\"dateModified\":\"2020-02-18T07:35:31+00:00\",\"breadcrumb\":{\"@id\":\"https:\/\/buscoequipomedico.com\/?product=lampara-para-cirugia-con-equipo-de-emergencia-con-foco-emergencia#breadcrumb\"},\"inLanguage\":\"es\",\"potentialAction\":[{\"@type\":\"ReadAction\",\"target\":[\"https:\/\/buscoequipomedico.com\/?product=lampara-para-cirugia-con-equipo-de-emergencia-con-foco-emergencia\"]}]},{\"@type\":\"ImageObject\",\"inLanguage\":\"es\",\"@id\":\"https:\/\/buscoequipomedico.com\/?product=lampara-para-cirugia-con-equipo-de-emergencia-con-foco-emergencia#primaryimage\",\"url\":\"https:\/\/buscoequipomedico.com\/wp-content\/uploads\/2020\/02\/lampara-para-cirugia-con-equipo-de-emergencia-con-foco-emergencia-equipo-portatil-para-iluminar-el-campo-quirurgico-en-forma-rut.jpg\",\"contentUrl\":\"https:\/\/buscoequipomedico.com\/wp-content\/uploads\/2020\/02\/lampara-para-cirugia-con-equipo-de-emergencia-con-foco-emergencia-equipo-portatil-para-iluminar-el-campo-quirurgico-en-forma-rut.jpg\",\"width\":800,\"height\":800},{\"@type\":\"BreadcrumbList\",\"@id\":\"https:\/\/buscoequipomedico.com\/?product=lampara-para-cirugia-con-equipo-de-emergencia-con-foco-emergencia#breadcrumb\",\"itemListElement\":[{\"@type\":\"ListItem\",\"position\":1,\"name\":\"Productos\",\"item\":\"https:\/\/buscoequipomedico.com\/shop\/\"},{\"@type\":\"ListItem\",\"position\":2,\"name\":\"LAMPARA PARA CIRUGIA CON EQUIPO DE EMERGENCIA CON FOCO EMERGENCIA\"}]},{\"@type\":\"WebSite\",\"@id\":\"https:\/\/buscoequipomedico.com\/#website\",\"url\":\"https:\/\/buscoequipomedico.com\/\",\"name\":\"Tu mejor opci\u00f3n Equipo M\u00e9dico M\u00e9xico\",\"description\":\"Tienda de equipo m\u00e9dico\",\"publisher\":{\"@id\":\"https:\/\/buscoequipomedico.com\/#organization\"},\"potentialAction\":[{\"@type\":\"SearchAction\",\"target\":{\"@type\":\"EntryPoint\",\"urlTemplate\":\"https:\/\/buscoequipomedico.com\/?s={search_term_string}\"},\"query-input\":{\"@type\":\"PropertyValueSpecification\",\"valueRequired\":true,\"valueName\":\"search_term_string\"}}],\"inLanguage\":\"es\"},{\"@type\":\"Organization\",\"@id\":\"https:\/\/buscoequipomedico.com\/#organization\",\"name\":\"Tu mejor opci\u00f3n Equipo M\u00e9dico M\u00e9xico\",\"url\":\"https:\/\/buscoequipomedico.com\/\",\"logo\":{\"@type\":\"ImageObject\",\"inLanguage\":\"es\",\"@id\":\"https:\/\/buscoequipomedico.com\/#\/schema\/logo\/image\/\",\"url\":\"https:\/\/buscoequipomedico.com\/wp-content\/uploads\/2021\/07\/EMM-VPrincipal-scaled.jpg\",\"contentUrl\":\"https:\/\/buscoequipomedico.com\/wp-content\/uploads\/2021\/07\/EMM-VPrincipal-scaled.jpg\",\"width\":2560,\"height\":1058,\"caption\":\"Tu mejor opci\u00f3n Equipo M\u00e9dico M\u00e9xico\"},\"image\":{\"@id\":\"https:\/\/buscoequipomedico.com\/#\/schema\/logo\/image\/\"}}]}<\/script>\n<!-- \/ Yoast SEO plugin. -->","yoast_head_json":{"title":"LAMPARA PARA CIRUGIA CON EQUIPO DE EMERGENCIA CON FOCO EMERGENCIA - Tu mejor opci\u00f3n Equipo M\u00e9dico M\u00e9xico","robots":{"index":"index","follow":"follow","max-snippet":"max-snippet:-1","max-image-preview":"max-image-preview:large","max-video-preview":"max-video-preview:-1"},"canonical":"https:\/\/buscoequipomedico.com\/?product=lampara-para-cirugia-con-equipo-de-emergencia-con-foco-emergencia","og_locale":"es_ES","og_type":"article","og_title":"LAMPARA PARA CIRUGIA CON EQUIPO DE EMERGENCIA CON FOCO EMERGENCIA - Tu mejor opci\u00f3n Equipo M\u00e9dico M\u00e9xico","og_description":"Equipo port\u00e1til para iluminar el campo quir\u00fargico en forma rutinaria y continua en caso de suspensi\u00f3n de la energ\u00eda el\u00e9ctrica.","og_url":"https:\/\/buscoequipomedico.com\/?product=lampara-para-cirugia-con-equipo-de-emergencia-con-foco-emergencia","og_site_name":"Tu mejor opci\u00f3n Equipo M\u00e9dico M\u00e9xico","article_modified_time":"2020-02-18T07:35:31+00:00","og_image":[{"width":800,"height":800,"url":"https:\/\/buscoequipomedico.com\/wp-content\/uploads\/2020\/02\/lampara-para-cirugia-con-equipo-de-emergencia-con-foco-emergencia-equipo-portatil-para-iluminar-el-campo-quirurgico-en-forma-rut.jpg","type":"image\/png"}],"twitter_card":"summary_large_image","twitter_misc":{"Tiempo de lectura":"1 minuto"},"schema":{"@context":"https:\/\/schema.org","@graph":[{"@type":"WebPage","@id":"https:\/\/buscoequipomedico.com\/?product=lampara-para-cirugia-con-equipo-de-emergencia-con-foco-emergencia","url":"https:\/\/buscoequipomedico.com\/?product=lampara-para-cirugia-con-equipo-de-emergencia-con-foco-emergencia","name":"LAMPARA PARA CIRUGIA CON EQUIPO DE EMERGENCIA CON FOCO EMERGENCIA - Tu mejor opci\u00f3n Equipo M\u00e9dico M\u00e9xico","isPartOf":{"@id":"https:\/\/buscoequipomedico.com\/#website"},"primaryImageOfPage":{"@id":"https:\/\/buscoequipomedico.com\/?product=lampara-para-cirugia-con-equipo-de-emergencia-con-foco-emergencia#primaryimage"},"image":{"@id":"https:\/\/buscoequipomedico.com\/?product=lampara-para-cirugia-con-equipo-de-emergencia-con-foco-emergencia#primaryimage"},"thumbnailUrl":"https:\/\/buscoequipomedico.com\/wp-content\/uploads\/2020\/02\/lampara-para-cirugia-con-equipo-de-emergencia-con-foco-emergencia-equipo-portatil-para-iluminar-el-campo-quirurgico-en-forma-rut.jpg","datePublished":"2020-02-18T07:35:27+00:00","dateModified":"2020-02-18T07:35:31+00:00","breadcrumb":{"@id":"https:\/\/buscoequipomedico.com\/?product=lampara-para-cirugia-con-equipo-de-emergencia-con-foco-emergencia#breadcrumb"},"inLanguage":"es","potentialAction":[{"@type":"ReadAction","target":["https:\/\/buscoequipomedico.com\/?product=lampara-para-cirugia-con-equipo-de-emergencia-con-foco-emergencia"]}]},{"@type":"ImageObject","inLanguage":"es","@id":"https:\/\/buscoequipomedico.com\/?product=lampara-para-cirugia-con-equipo-de-emergencia-con-foco-emergencia#primaryimage","url":"https:\/\/buscoequipomedico.com\/wp-content\/uploads\/2020\/02\/lampara-para-cirugia-con-equipo-de-emergencia-con-foco-emergencia-equipo-portatil-para-iluminar-el-campo-quirurgico-en-forma-rut.jpg","contentUrl":"https:\/\/buscoequipomedico.com\/wp-content\/uploads\/2020\/02\/lampara-para-cirugia-con-equipo-de-emergencia-con-foco-emergencia-equipo-portatil-para-iluminar-el-campo-quirurgico-en-forma-rut.jpg","width":800,"height":800},{"@type":"BreadcrumbList","@id":"https:\/\/buscoequipomedico.com\/?product=lampara-para-cirugia-con-equipo-de-emergencia-con-foco-emergencia#breadcrumb","itemListElement":[{"@type":"ListItem","position":1,"name":"Productos","item":"https:\/\/buscoequipomedico.com\/shop\/"},{"@type":"ListItem","position":2,"name":"LAMPARA PARA CIRUGIA CON EQUIPO DE EMERGENCIA CON FOCO EMERGENCIA"}]},{"@type":"WebSite","@id":"https:\/\/buscoequipomedico.com\/#website","url":"https:\/\/buscoequipomedico.com\/","name":"Tu mejor opci\u00f3n Equipo M\u00e9dico M\u00e9xico","description":"Tienda de equipo m\u00e9dico","publisher":{"@id":"https:\/\/buscoequipomedico.com\/#organization"},"potentialAction":[{"@type":"SearchAction","target":{"@type":"EntryPoint","urlTemplate":"https:\/\/buscoequipomedico.com\/?s={search_term_string}"},"query-input":{"@type":"PropertyValueSpecification","valueRequired":true,"valueName":"search_term_string"}}],"inLanguage":"es"},{"@type":"Organization","@id":"https:\/\/buscoequipomedico.com\/#organization","name":"Tu mejor opci\u00f3n Equipo M\u00e9dico M\u00e9xico","url":"https:\/\/buscoequipomedico.com\/","logo":{"@type":"ImageObject","inLanguage":"es","@id":"https:\/\/buscoequipomedico.com\/#\/schema\/logo\/image\/","url":"https:\/\/buscoequipomedico.com\/wp-content\/uploads\/2021\/07\/EMM-VPrincipal-scaled.jpg","contentUrl":"https:\/\/buscoequipomedico.com\/wp-content\/uploads\/2021\/07\/EMM-VPrincipal-scaled.jpg","width":2560,"height":1058,"caption":"Tu mejor opci\u00f3n Equipo M\u00e9dico M\u00e9xico"},"image":{"@id":"https:\/\/buscoequipomedico.com\/#\/schema\/logo\/image\/"}}]}},"_links":{"self":[{"href":"https:\/\/buscoequipomedico.com\/index.php?rest_route=\/wp\/v2\/product\/12497","targetHints":{"allow":["GET"]}}],"collection":[{"href":"https:\/\/buscoequipomedico.com\/index.php?rest_route=\/wp\/v2\/product"}],"about":[{"href":"https:\/\/buscoequipomedico.com\/index.php?rest_route=\/wp\/v2\/types\/product"}],"wp:featuredmedia":[{"embeddable":true,"href":"https:\/\/buscoequipomedico.com\/index.php?rest_route=\/wp\/v2\/media\/12498"}],"wp:attachment":[{"href":"https:\/\/buscoequipomedico.com\/index.php?rest_route=%2Fwp%2Fv2%2Fmedia&parent=12497"}],"wp:term":[{"taxonomy":"product_brand","embeddable":true,"href":"https:\/\/buscoequipomedico.com\/index.php?rest_route=%2Fwp%2Fv2%2Fproduct_brand&post=12497"},{"taxonomy":"product_cat","embeddable":true,"href":"https:\/\/buscoequipomedico.com\/index.php?rest_route=%2Fwp%2Fv2%2Fproduct_cat&post=12497"},{"taxonomy":"product_tag","embeddable":true,"href":"https:\/\/buscoequipomedico.com\/index.php?rest_route=%2Fwp%2Fv2%2Fproduct_tag&post=12497"}],"curies":[{"name":"wp","href":"https:\/\/api.w.org\/{rel}","templated":true}]}}