{"id":12503,"date":"2020-02-18T07:35:32","date_gmt":"2020-02-18T07:35:32","guid":{"rendered":"https:\/\/equipomedicomexico-com.preview-domain.com\/product\/lampara-de-examinacion-de-led-c-diametro-de-apertura-variable\/"},"modified":"2020-02-18T07:35:32","modified_gmt":"2020-02-18T07:35:32","slug":"lampara-de-examinacion-de-led-c-diametro-de-apertura-variable","status":"publish","type":"product","link":"https:\/\/buscoequipomedico.com\/?product=lampara-de-examinacion-de-led-c-diametro-de-apertura-variable","title":{"rendered":"LAMPARA DE EXAMINACION DE LED C\/DIAMETRO DE APERTURA VARIABLE"},"content":{"rendered":"<ul>\n<li>Intensidad de luz de 20,000 luxes a una distancia entre 40 y 60 cm.<\/li>\n<li>Temperatura de color de 4500 grados Kelvin.<\/li>\n<li>Tiempo de vida \u00fatil del LED 50,000 horas.<\/li>\n<li>Longitud del brazo flexible de 100 cm.<\/li>\n<li>Con di\u00e1metro de iluminaci\u00f3n variable en el rango de 4 a 25 cm a una distancia de 40 cm.<\/li>\n<\/ul>\n","protected":false},"excerpt":{"rendered":"<ul>\n<li>L\u00e1mpara de examinaci\u00f3n con cabezal peque\u00f1o.<\/li>\n<li>Fuente de luz con LED blanco.<\/li>\n<li>Cabezal de iluminaci\u00f3n compacta.<\/li>\n<li>Soporte con base rodable y freno.<\/li>\n<\/ul>\n<p> Origen:\u00a0<span>M\u00e9xico<\/span><\/p>\n","protected":false},"featured_media":12504,"template":"","meta":{"_joinchat":[]},"product_brand":[],"product_cat":[278,283],"product_tag":[],"class_list":{"0":"post-12503","1":"product","2":"type-product","3":"status-publish","4":"has-post-thumbnail","6":"product_cat-lamparas","7":"product_cat-lamparas-de-exploracion","8":"pa_marca-bame","10":"first","11":"instock","12":"purchasable","13":"product-type-simple"},"yoast_head":"<!-- This site is optimized with the Yoast SEO plugin v25.1 - https:\/\/yoast.com\/wordpress\/plugins\/seo\/ -->\n<title>LAMPARA DE EXAMINACION DE LED C\/DIAMETRO DE APERTURA VARIABLE - Tu mejor opci\u00f3n Equipo M\u00e9dico M\u00e9xico<\/title>\n<meta name=\"robots\" content=\"index, follow, max-snippet:-1, max-image-preview:large, max-video-preview:-1\" \/>\n<link rel=\"canonical\" href=\"https:\/\/buscoequipomedico.com\/?product=lampara-de-examinacion-de-led-c-diametro-de-apertura-variable\" \/>\n<meta property=\"og:locale\" content=\"es_ES\" \/>\n<meta property=\"og:type\" content=\"article\" \/>\n<meta property=\"og:title\" content=\"LAMPARA DE EXAMINACION DE LED C\/DIAMETRO DE APERTURA VARIABLE - Tu mejor opci\u00f3n Equipo M\u00e9dico M\u00e9xico\" \/>\n<meta property=\"og:description\" content=\"L\u00e1mpara de examinaci\u00f3n con cabezal peque\u00f1o. Fuente de luz con LED blanco. Cabezal de iluminaci\u00f3n compacta. Soporte con base rodable y freno.  Origen:\u00a0M\u00e9xico\" \/>\n<meta property=\"og:url\" content=\"https:\/\/buscoequipomedico.com\/?product=lampara-de-examinacion-de-led-c-diametro-de-apertura-variable\" \/>\n<meta property=\"og:site_name\" content=\"Tu mejor opci\u00f3n Equipo M\u00e9dico M\u00e9xico\" \/>\n<meta property=\"og:image\" content=\"https:\/\/buscoequipomedico.com\/wp-content\/uploads\/2020\/02\/lampara-de-examinacion-de-led-c-diametro-de-apertura-variable-lampara-de-examinacion-con-cabezal-pequeno-fuente-de-luz-con-led-b.jpg\" \/>\n\t<meta property=\"og:image:width\" content=\"800\" \/>\n\t<meta property=\"og:image:height\" content=\"800\" \/>\n\t<meta property=\"og:image:type\" content=\"image\/png\" \/>\n<meta name=\"twitter:card\" content=\"summary_large_image\" \/>\n<script type=\"application\/ld+json\" class=\"yoast-schema-graph\">{\"@context\":\"https:\/\/schema.org\",\"@graph\":[{\"@type\":\"WebPage\",\"@id\":\"https:\/\/buscoequipomedico.com\/?product=lampara-de-examinacion-de-led-c-diametro-de-apertura-variable\",\"url\":\"https:\/\/buscoequipomedico.com\/?product=lampara-de-examinacion-de-led-c-diametro-de-apertura-variable\",\"name\":\"LAMPARA DE EXAMINACION DE LED C\/DIAMETRO DE APERTURA VARIABLE - Tu mejor opci\u00f3n Equipo M\u00e9dico M\u00e9xico\",\"isPartOf\":{\"@id\":\"https:\/\/buscoequipomedico.com\/#website\"},\"primaryImageOfPage\":{\"@id\":\"https:\/\/buscoequipomedico.com\/?product=lampara-de-examinacion-de-led-c-diametro-de-apertura-variable#primaryimage\"},\"image\":{\"@id\":\"https:\/\/buscoequipomedico.com\/?product=lampara-de-examinacion-de-led-c-diametro-de-apertura-variable#primaryimage\"},\"thumbnailUrl\":\"https:\/\/buscoequipomedico.com\/wp-content\/uploads\/2020\/02\/lampara-de-examinacion-de-led-c-diametro-de-apertura-variable-lampara-de-examinacion-con-cabezal-pequeno-fuente-de-luz-con-led-b.jpg\",\"datePublished\":\"2020-02-18T07:35:32+00:00\",\"breadcrumb\":{\"@id\":\"https:\/\/buscoequipomedico.com\/?product=lampara-de-examinacion-de-led-c-diametro-de-apertura-variable#breadcrumb\"},\"inLanguage\":\"es\",\"potentialAction\":[{\"@type\":\"ReadAction\",\"target\":[\"https:\/\/buscoequipomedico.com\/?product=lampara-de-examinacion-de-led-c-diametro-de-apertura-variable\"]}]},{\"@type\":\"ImageObject\",\"inLanguage\":\"es\",\"@id\":\"https:\/\/buscoequipomedico.com\/?product=lampara-de-examinacion-de-led-c-diametro-de-apertura-variable#primaryimage\",\"url\":\"https:\/\/buscoequipomedico.com\/wp-content\/uploads\/2020\/02\/lampara-de-examinacion-de-led-c-diametro-de-apertura-variable-lampara-de-examinacion-con-cabezal-pequeno-fuente-de-luz-con-led-b.jpg\",\"contentUrl\":\"https:\/\/buscoequipomedico.com\/wp-content\/uploads\/2020\/02\/lampara-de-examinacion-de-led-c-diametro-de-apertura-variable-lampara-de-examinacion-con-cabezal-pequeno-fuente-de-luz-con-led-b.jpg\",\"width\":800,\"height\":800},{\"@type\":\"BreadcrumbList\",\"@id\":\"https:\/\/buscoequipomedico.com\/?product=lampara-de-examinacion-de-led-c-diametro-de-apertura-variable#breadcrumb\",\"itemListElement\":[{\"@type\":\"ListItem\",\"position\":1,\"name\":\"Productos\",\"item\":\"https:\/\/buscoequipomedico.com\/shop\/\"},{\"@type\":\"ListItem\",\"position\":2,\"name\":\"LAMPARA DE EXAMINACION DE LED C\/DIAMETRO DE APERTURA VARIABLE\"}]},{\"@type\":\"WebSite\",\"@id\":\"https:\/\/buscoequipomedico.com\/#website\",\"url\":\"https:\/\/buscoequipomedico.com\/\",\"name\":\"Tu mejor opci\u00f3n Equipo M\u00e9dico M\u00e9xico\",\"description\":\"Tienda de equipo m\u00e9dico\",\"publisher\":{\"@id\":\"https:\/\/buscoequipomedico.com\/#organization\"},\"potentialAction\":[{\"@type\":\"SearchAction\",\"target\":{\"@type\":\"EntryPoint\",\"urlTemplate\":\"https:\/\/buscoequipomedico.com\/?s={search_term_string}\"},\"query-input\":{\"@type\":\"PropertyValueSpecification\",\"valueRequired\":true,\"valueName\":\"search_term_string\"}}],\"inLanguage\":\"es\"},{\"@type\":\"Organization\",\"@id\":\"https:\/\/buscoequipomedico.com\/#organization\",\"name\":\"Tu mejor opci\u00f3n Equipo M\u00e9dico M\u00e9xico\",\"url\":\"https:\/\/buscoequipomedico.com\/\",\"logo\":{\"@type\":\"ImageObject\",\"inLanguage\":\"es\",\"@id\":\"https:\/\/buscoequipomedico.com\/#\/schema\/logo\/image\/\",\"url\":\"https:\/\/buscoequipomedico.com\/wp-content\/uploads\/2021\/07\/EMM-VPrincipal-scaled.jpg\",\"contentUrl\":\"https:\/\/buscoequipomedico.com\/wp-content\/uploads\/2021\/07\/EMM-VPrincipal-scaled.jpg\",\"width\":2560,\"height\":1058,\"caption\":\"Tu mejor opci\u00f3n Equipo M\u00e9dico M\u00e9xico\"},\"image\":{\"@id\":\"https:\/\/buscoequipomedico.com\/#\/schema\/logo\/image\/\"}}]}<\/script>\n<!-- \/ Yoast SEO plugin. -->","yoast_head_json":{"title":"LAMPARA DE EXAMINACION DE LED C\/DIAMETRO DE APERTURA VARIABLE - Tu mejor opci\u00f3n Equipo M\u00e9dico M\u00e9xico","robots":{"index":"index","follow":"follow","max-snippet":"max-snippet:-1","max-image-preview":"max-image-preview:large","max-video-preview":"max-video-preview:-1"},"canonical":"https:\/\/buscoequipomedico.com\/?product=lampara-de-examinacion-de-led-c-diametro-de-apertura-variable","og_locale":"es_ES","og_type":"article","og_title":"LAMPARA DE EXAMINACION DE LED C\/DIAMETRO DE APERTURA VARIABLE - Tu mejor opci\u00f3n Equipo M\u00e9dico M\u00e9xico","og_description":"L\u00e1mpara de examinaci\u00f3n con cabezal peque\u00f1o. Fuente de luz con LED blanco. Cabezal de iluminaci\u00f3n compacta. Soporte con base rodable y freno.  Origen:\u00a0M\u00e9xico","og_url":"https:\/\/buscoequipomedico.com\/?product=lampara-de-examinacion-de-led-c-diametro-de-apertura-variable","og_site_name":"Tu mejor opci\u00f3n Equipo M\u00e9dico M\u00e9xico","og_image":[{"width":800,"height":800,"url":"https:\/\/buscoequipomedico.com\/wp-content\/uploads\/2020\/02\/lampara-de-examinacion-de-led-c-diametro-de-apertura-variable-lampara-de-examinacion-con-cabezal-pequeno-fuente-de-luz-con-led-b.jpg","type":"image\/png"}],"twitter_card":"summary_large_image","schema":{"@context":"https:\/\/schema.org","@graph":[{"@type":"WebPage","@id":"https:\/\/buscoequipomedico.com\/?product=lampara-de-examinacion-de-led-c-diametro-de-apertura-variable","url":"https:\/\/buscoequipomedico.com\/?product=lampara-de-examinacion-de-led-c-diametro-de-apertura-variable","name":"LAMPARA DE EXAMINACION DE LED C\/DIAMETRO DE APERTURA VARIABLE - Tu mejor opci\u00f3n Equipo M\u00e9dico M\u00e9xico","isPartOf":{"@id":"https:\/\/buscoequipomedico.com\/#website"},"primaryImageOfPage":{"@id":"https:\/\/buscoequipomedico.com\/?product=lampara-de-examinacion-de-led-c-diametro-de-apertura-variable#primaryimage"},"image":{"@id":"https:\/\/buscoequipomedico.com\/?product=lampara-de-examinacion-de-led-c-diametro-de-apertura-variable#primaryimage"},"thumbnailUrl":"https:\/\/buscoequipomedico.com\/wp-content\/uploads\/2020\/02\/lampara-de-examinacion-de-led-c-diametro-de-apertura-variable-lampara-de-examinacion-con-cabezal-pequeno-fuente-de-luz-con-led-b.jpg","datePublished":"2020-02-18T07:35:32+00:00","breadcrumb":{"@id":"https:\/\/buscoequipomedico.com\/?product=lampara-de-examinacion-de-led-c-diametro-de-apertura-variable#breadcrumb"},"inLanguage":"es","potentialAction":[{"@type":"ReadAction","target":["https:\/\/buscoequipomedico.com\/?product=lampara-de-examinacion-de-led-c-diametro-de-apertura-variable"]}]},{"@type":"ImageObject","inLanguage":"es","@id":"https:\/\/buscoequipomedico.com\/?product=lampara-de-examinacion-de-led-c-diametro-de-apertura-variable#primaryimage","url":"https:\/\/buscoequipomedico.com\/wp-content\/uploads\/2020\/02\/lampara-de-examinacion-de-led-c-diametro-de-apertura-variable-lampara-de-examinacion-con-cabezal-pequeno-fuente-de-luz-con-led-b.jpg","contentUrl":"https:\/\/buscoequipomedico.com\/wp-content\/uploads\/2020\/02\/lampara-de-examinacion-de-led-c-diametro-de-apertura-variable-lampara-de-examinacion-con-cabezal-pequeno-fuente-de-luz-con-led-b.jpg","width":800,"height":800},{"@type":"BreadcrumbList","@id":"https:\/\/buscoequipomedico.com\/?product=lampara-de-examinacion-de-led-c-diametro-de-apertura-variable#breadcrumb","itemListElement":[{"@type":"ListItem","position":1,"name":"Productos","item":"https:\/\/buscoequipomedico.com\/shop\/"},{"@type":"ListItem","position":2,"name":"LAMPARA DE EXAMINACION DE LED C\/DIAMETRO DE APERTURA VARIABLE"}]},{"@type":"WebSite","@id":"https:\/\/buscoequipomedico.com\/#website","url":"https:\/\/buscoequipomedico.com\/","name":"Tu mejor opci\u00f3n Equipo M\u00e9dico M\u00e9xico","description":"Tienda de equipo m\u00e9dico","publisher":{"@id":"https:\/\/buscoequipomedico.com\/#organization"},"potentialAction":[{"@type":"SearchAction","target":{"@type":"EntryPoint","urlTemplate":"https:\/\/buscoequipomedico.com\/?s={search_term_string}"},"query-input":{"@type":"PropertyValueSpecification","valueRequired":true,"valueName":"search_term_string"}}],"inLanguage":"es"},{"@type":"Organization","@id":"https:\/\/buscoequipomedico.com\/#organization","name":"Tu mejor opci\u00f3n Equipo M\u00e9dico M\u00e9xico","url":"https:\/\/buscoequipomedico.com\/","logo":{"@type":"ImageObject","inLanguage":"es","@id":"https:\/\/buscoequipomedico.com\/#\/schema\/logo\/image\/","url":"https:\/\/buscoequipomedico.com\/wp-content\/uploads\/2021\/07\/EMM-VPrincipal-scaled.jpg","contentUrl":"https:\/\/buscoequipomedico.com\/wp-content\/uploads\/2021\/07\/EMM-VPrincipal-scaled.jpg","width":2560,"height":1058,"caption":"Tu mejor opci\u00f3n Equipo M\u00e9dico M\u00e9xico"},"image":{"@id":"https:\/\/buscoequipomedico.com\/#\/schema\/logo\/image\/"}}]}},"_links":{"self":[{"href":"https:\/\/buscoequipomedico.com\/index.php?rest_route=\/wp\/v2\/product\/12503","targetHints":{"allow":["GET"]}}],"collection":[{"href":"https:\/\/buscoequipomedico.com\/index.php?rest_route=\/wp\/v2\/product"}],"about":[{"href":"https:\/\/buscoequipomedico.com\/index.php?rest_route=\/wp\/v2\/types\/product"}],"wp:featuredmedia":[{"embeddable":true,"href":"https:\/\/buscoequipomedico.com\/index.php?rest_route=\/wp\/v2\/media\/12504"}],"wp:attachment":[{"href":"https:\/\/buscoequipomedico.com\/index.php?rest_route=%2Fwp%2Fv2%2Fmedia&parent=12503"}],"wp:term":[{"taxonomy":"product_brand","embeddable":true,"href":"https:\/\/buscoequipomedico.com\/index.php?rest_route=%2Fwp%2Fv2%2Fproduct_brand&post=12503"},{"taxonomy":"product_cat","embeddable":true,"href":"https:\/\/buscoequipomedico.com\/index.php?rest_route=%2Fwp%2Fv2%2Fproduct_cat&post=12503"},{"taxonomy":"product_tag","embeddable":true,"href":"https:\/\/buscoequipomedico.com\/index.php?rest_route=%2Fwp%2Fv2%2Fproduct_tag&post=12503"}],"curies":[{"name":"wp","href":"https:\/\/api.w.org\/{rel}","templated":true}]}}