{"id":12513,"date":"2020-02-18T07:35:32","date_gmt":"2020-02-18T07:35:32","guid":{"rendered":"https:\/\/equipomedicomexico-com.preview-domain.com\/product\/lampara-frontal-iluminacion-led\/"},"modified":"2020-02-18T07:35:34","modified_gmt":"2020-02-18T07:35:34","slug":"lampara-frontal-iluminacion-led","status":"publish","type":"product","link":"https:\/\/buscoequipomedico.com\/?product=lampara-frontal-iluminacion-led","title":{"rendered":"LAMPARA FRONTAL ILUMINACI\u00d3N LED"},"content":{"rendered":"<p>Dimensiones: (L) 303 mm x (H) mm x 165.00 (D) 195.00 mm<\/p>\n<p>Iluminaci\u00f3n: 15.000 lux (a 25 cm de distancia de trabajo)<\/p>\n<p>Temperatura de color: 6.000 Kelvin de luz (LED)<\/p>\n<p>Tiempo de vida led : 50.000 horas<\/p>\n<p>Tama\u00f1o de la BANDA: 534 ~ 638 mm Peso: 119 g<\/p>\n<p>INCLUYE: LUPA DE AUMENTO 3.5X<\/p>\n","protected":false},"excerpt":{"rendered":"<p><span>BT-410 es f\u00e1cil y c\u00f3modo llevar, ayuda tan a sugeries y a ex\u00e1menes.<\/span><br \/><span>Hay un indicador del LED del eyescope de BT-410, as\u00ed que cuando baja el voltaje apropiado abajo, la luz anaranjada est\u00e1 prendido por tiempo de carga.<\/span><br \/><span>Previene la descarga de la bater\u00eda y proporciona la iluminaci\u00f3n apropiada para aplicarse a la partici\u00f3n enferma.<\/span><\/p>\n","protected":false},"featured_media":12514,"template":"","meta":{"_joinchat":[]},"product_brand":[],"product_cat":[278,286],"product_tag":[],"class_list":{"0":"post-12513","1":"product","2":"type-product","3":"status-publish","4":"has-post-thumbnail","6":"product_cat-lamparas","7":"product_cat-lamparas-frontales","8":"pa_marca-bistos","10":"first","11":"instock","12":"purchasable","13":"product-type-simple"},"yoast_head":"<!-- This site is optimized with the Yoast SEO plugin v25.1 - https:\/\/yoast.com\/wordpress\/plugins\/seo\/ -->\n<title>LAMPARA FRONTAL ILUMINACI\u00d3N LED - Tu mejor opci\u00f3n Equipo M\u00e9dico M\u00e9xico<\/title>\n<meta name=\"robots\" content=\"index, follow, max-snippet:-1, max-image-preview:large, max-video-preview:-1\" \/>\n<link rel=\"canonical\" href=\"https:\/\/buscoequipomedico.com\/?product=lampara-frontal-iluminacion-led\" \/>\n<meta property=\"og:locale\" content=\"es_ES\" \/>\n<meta property=\"og:type\" content=\"article\" \/>\n<meta property=\"og:title\" content=\"LAMPARA FRONTAL ILUMINACI\u00d3N LED - Tu mejor opci\u00f3n Equipo M\u00e9dico M\u00e9xico\" \/>\n<meta property=\"og:description\" content=\"BT-410 es f\u00e1cil y c\u00f3modo llevar, ayuda tan a sugeries y a ex\u00e1menes.Hay un indicador del LED del eyescope de BT-410, as\u00ed que cuando baja el voltaje apropiado abajo, la luz anaranjada est\u00e1 prendido por tiempo de carga.Previene la descarga de la bater\u00eda y proporciona la iluminaci\u00f3n apropiada para aplicarse a la partici\u00f3n enferma.\" \/>\n<meta property=\"og:url\" content=\"https:\/\/buscoequipomedico.com\/?product=lampara-frontal-iluminacion-led\" \/>\n<meta property=\"og:site_name\" content=\"Tu mejor opci\u00f3n Equipo M\u00e9dico M\u00e9xico\" \/>\n<meta property=\"article:modified_time\" content=\"2020-02-18T07:35:34+00:00\" \/>\n<meta property=\"og:image\" content=\"https:\/\/buscoequipomedico.com\/wp-content\/uploads\/2020\/02\/lampara-frontal-iluminacion-led-bt-410-es-facil-y-comodo-llevar-ayuda-tan-a-sugeries-y-a-exameneshay-un-indicador-del-led-del-ey.jpg\" \/>\n\t<meta property=\"og:image:width\" content=\"800\" \/>\n\t<meta property=\"og:image:height\" content=\"800\" \/>\n\t<meta property=\"og:image:type\" content=\"image\/png\" \/>\n<meta name=\"twitter:card\" content=\"summary_large_image\" \/>\n<script type=\"application\/ld+json\" class=\"yoast-schema-graph\">{\"@context\":\"https:\/\/schema.org\",\"@graph\":[{\"@type\":\"WebPage\",\"@id\":\"https:\/\/buscoequipomedico.com\/?product=lampara-frontal-iluminacion-led\",\"url\":\"https:\/\/buscoequipomedico.com\/?product=lampara-frontal-iluminacion-led\",\"name\":\"LAMPARA FRONTAL ILUMINACI\u00d3N LED - Tu mejor opci\u00f3n Equipo M\u00e9dico M\u00e9xico\",\"isPartOf\":{\"@id\":\"https:\/\/buscoequipomedico.com\/#website\"},\"primaryImageOfPage\":{\"@id\":\"https:\/\/buscoequipomedico.com\/?product=lampara-frontal-iluminacion-led#primaryimage\"},\"image\":{\"@id\":\"https:\/\/buscoequipomedico.com\/?product=lampara-frontal-iluminacion-led#primaryimage\"},\"thumbnailUrl\":\"https:\/\/buscoequipomedico.com\/wp-content\/uploads\/2020\/02\/lampara-frontal-iluminacion-led-bt-410-es-facil-y-comodo-llevar-ayuda-tan-a-sugeries-y-a-exameneshay-un-indicador-del-led-del-ey.jpg\",\"datePublished\":\"2020-02-18T07:35:32+00:00\",\"dateModified\":\"2020-02-18T07:35:34+00:00\",\"breadcrumb\":{\"@id\":\"https:\/\/buscoequipomedico.com\/?product=lampara-frontal-iluminacion-led#breadcrumb\"},\"inLanguage\":\"es\",\"potentialAction\":[{\"@type\":\"ReadAction\",\"target\":[\"https:\/\/buscoequipomedico.com\/?product=lampara-frontal-iluminacion-led\"]}]},{\"@type\":\"ImageObject\",\"inLanguage\":\"es\",\"@id\":\"https:\/\/buscoequipomedico.com\/?product=lampara-frontal-iluminacion-led#primaryimage\",\"url\":\"https:\/\/buscoequipomedico.com\/wp-content\/uploads\/2020\/02\/lampara-frontal-iluminacion-led-bt-410-es-facil-y-comodo-llevar-ayuda-tan-a-sugeries-y-a-exameneshay-un-indicador-del-led-del-ey.jpg\",\"contentUrl\":\"https:\/\/buscoequipomedico.com\/wp-content\/uploads\/2020\/02\/lampara-frontal-iluminacion-led-bt-410-es-facil-y-comodo-llevar-ayuda-tan-a-sugeries-y-a-exameneshay-un-indicador-del-led-del-ey.jpg\",\"width\":800,\"height\":800},{\"@type\":\"BreadcrumbList\",\"@id\":\"https:\/\/buscoequipomedico.com\/?product=lampara-frontal-iluminacion-led#breadcrumb\",\"itemListElement\":[{\"@type\":\"ListItem\",\"position\":1,\"name\":\"Productos\",\"item\":\"https:\/\/buscoequipomedico.com\/shop\/\"},{\"@type\":\"ListItem\",\"position\":2,\"name\":\"LAMPARA FRONTAL ILUMINACI\u00d3N LED\"}]},{\"@type\":\"WebSite\",\"@id\":\"https:\/\/buscoequipomedico.com\/#website\",\"url\":\"https:\/\/buscoequipomedico.com\/\",\"name\":\"Tu mejor opci\u00f3n Equipo M\u00e9dico M\u00e9xico\",\"description\":\"Tienda de equipo m\u00e9dico\",\"publisher\":{\"@id\":\"https:\/\/buscoequipomedico.com\/#organization\"},\"potentialAction\":[{\"@type\":\"SearchAction\",\"target\":{\"@type\":\"EntryPoint\",\"urlTemplate\":\"https:\/\/buscoequipomedico.com\/?s={search_term_string}\"},\"query-input\":{\"@type\":\"PropertyValueSpecification\",\"valueRequired\":true,\"valueName\":\"search_term_string\"}}],\"inLanguage\":\"es\"},{\"@type\":\"Organization\",\"@id\":\"https:\/\/buscoequipomedico.com\/#organization\",\"name\":\"Tu mejor opci\u00f3n Equipo M\u00e9dico M\u00e9xico\",\"url\":\"https:\/\/buscoequipomedico.com\/\",\"logo\":{\"@type\":\"ImageObject\",\"inLanguage\":\"es\",\"@id\":\"https:\/\/buscoequipomedico.com\/#\/schema\/logo\/image\/\",\"url\":\"https:\/\/buscoequipomedico.com\/wp-content\/uploads\/2021\/07\/EMM-VPrincipal-scaled.jpg\",\"contentUrl\":\"https:\/\/buscoequipomedico.com\/wp-content\/uploads\/2021\/07\/EMM-VPrincipal-scaled.jpg\",\"width\":2560,\"height\":1058,\"caption\":\"Tu mejor opci\u00f3n Equipo M\u00e9dico M\u00e9xico\"},\"image\":{\"@id\":\"https:\/\/buscoequipomedico.com\/#\/schema\/logo\/image\/\"}}]}<\/script>\n<!-- \/ Yoast SEO plugin. -->","yoast_head_json":{"title":"LAMPARA FRONTAL ILUMINACI\u00d3N LED - Tu mejor opci\u00f3n Equipo M\u00e9dico M\u00e9xico","robots":{"index":"index","follow":"follow","max-snippet":"max-snippet:-1","max-image-preview":"max-image-preview:large","max-video-preview":"max-video-preview:-1"},"canonical":"https:\/\/buscoequipomedico.com\/?product=lampara-frontal-iluminacion-led","og_locale":"es_ES","og_type":"article","og_title":"LAMPARA FRONTAL ILUMINACI\u00d3N LED - Tu mejor opci\u00f3n Equipo M\u00e9dico M\u00e9xico","og_description":"BT-410 es f\u00e1cil y c\u00f3modo llevar, ayuda tan a sugeries y a ex\u00e1menes.Hay un indicador del LED del eyescope de BT-410, as\u00ed que cuando baja el voltaje apropiado abajo, la luz anaranjada est\u00e1 prendido por tiempo de carga.Previene la descarga de la bater\u00eda y proporciona la iluminaci\u00f3n apropiada para aplicarse a la partici\u00f3n enferma.","og_url":"https:\/\/buscoequipomedico.com\/?product=lampara-frontal-iluminacion-led","og_site_name":"Tu mejor opci\u00f3n Equipo M\u00e9dico M\u00e9xico","article_modified_time":"2020-02-18T07:35:34+00:00","og_image":[{"width":800,"height":800,"url":"https:\/\/buscoequipomedico.com\/wp-content\/uploads\/2020\/02\/lampara-frontal-iluminacion-led-bt-410-es-facil-y-comodo-llevar-ayuda-tan-a-sugeries-y-a-exameneshay-un-indicador-del-led-del-ey.jpg","type":"image\/png"}],"twitter_card":"summary_large_image","schema":{"@context":"https:\/\/schema.org","@graph":[{"@type":"WebPage","@id":"https:\/\/buscoequipomedico.com\/?product=lampara-frontal-iluminacion-led","url":"https:\/\/buscoequipomedico.com\/?product=lampara-frontal-iluminacion-led","name":"LAMPARA FRONTAL ILUMINACI\u00d3N LED - Tu mejor opci\u00f3n Equipo M\u00e9dico M\u00e9xico","isPartOf":{"@id":"https:\/\/buscoequipomedico.com\/#website"},"primaryImageOfPage":{"@id":"https:\/\/buscoequipomedico.com\/?product=lampara-frontal-iluminacion-led#primaryimage"},"image":{"@id":"https:\/\/buscoequipomedico.com\/?product=lampara-frontal-iluminacion-led#primaryimage"},"thumbnailUrl":"https:\/\/buscoequipomedico.com\/wp-content\/uploads\/2020\/02\/lampara-frontal-iluminacion-led-bt-410-es-facil-y-comodo-llevar-ayuda-tan-a-sugeries-y-a-exameneshay-un-indicador-del-led-del-ey.jpg","datePublished":"2020-02-18T07:35:32+00:00","dateModified":"2020-02-18T07:35:34+00:00","breadcrumb":{"@id":"https:\/\/buscoequipomedico.com\/?product=lampara-frontal-iluminacion-led#breadcrumb"},"inLanguage":"es","potentialAction":[{"@type":"ReadAction","target":["https:\/\/buscoequipomedico.com\/?product=lampara-frontal-iluminacion-led"]}]},{"@type":"ImageObject","inLanguage":"es","@id":"https:\/\/buscoequipomedico.com\/?product=lampara-frontal-iluminacion-led#primaryimage","url":"https:\/\/buscoequipomedico.com\/wp-content\/uploads\/2020\/02\/lampara-frontal-iluminacion-led-bt-410-es-facil-y-comodo-llevar-ayuda-tan-a-sugeries-y-a-exameneshay-un-indicador-del-led-del-ey.jpg","contentUrl":"https:\/\/buscoequipomedico.com\/wp-content\/uploads\/2020\/02\/lampara-frontal-iluminacion-led-bt-410-es-facil-y-comodo-llevar-ayuda-tan-a-sugeries-y-a-exameneshay-un-indicador-del-led-del-ey.jpg","width":800,"height":800},{"@type":"BreadcrumbList","@id":"https:\/\/buscoequipomedico.com\/?product=lampara-frontal-iluminacion-led#breadcrumb","itemListElement":[{"@type":"ListItem","position":1,"name":"Productos","item":"https:\/\/buscoequipomedico.com\/shop\/"},{"@type":"ListItem","position":2,"name":"LAMPARA FRONTAL ILUMINACI\u00d3N LED"}]},{"@type":"WebSite","@id":"https:\/\/buscoequipomedico.com\/#website","url":"https:\/\/buscoequipomedico.com\/","name":"Tu mejor opci\u00f3n Equipo M\u00e9dico M\u00e9xico","description":"Tienda de equipo m\u00e9dico","publisher":{"@id":"https:\/\/buscoequipomedico.com\/#organization"},"potentialAction":[{"@type":"SearchAction","target":{"@type":"EntryPoint","urlTemplate":"https:\/\/buscoequipomedico.com\/?s={search_term_string}"},"query-input":{"@type":"PropertyValueSpecification","valueRequired":true,"valueName":"search_term_string"}}],"inLanguage":"es"},{"@type":"Organization","@id":"https:\/\/buscoequipomedico.com\/#organization","name":"Tu mejor opci\u00f3n Equipo M\u00e9dico M\u00e9xico","url":"https:\/\/buscoequipomedico.com\/","logo":{"@type":"ImageObject","inLanguage":"es","@id":"https:\/\/buscoequipomedico.com\/#\/schema\/logo\/image\/","url":"https:\/\/buscoequipomedico.com\/wp-content\/uploads\/2021\/07\/EMM-VPrincipal-scaled.jpg","contentUrl":"https:\/\/buscoequipomedico.com\/wp-content\/uploads\/2021\/07\/EMM-VPrincipal-scaled.jpg","width":2560,"height":1058,"caption":"Tu mejor opci\u00f3n Equipo M\u00e9dico M\u00e9xico"},"image":{"@id":"https:\/\/buscoequipomedico.com\/#\/schema\/logo\/image\/"}}]}},"_links":{"self":[{"href":"https:\/\/buscoequipomedico.com\/index.php?rest_route=\/wp\/v2\/product\/12513","targetHints":{"allow":["GET"]}}],"collection":[{"href":"https:\/\/buscoequipomedico.com\/index.php?rest_route=\/wp\/v2\/product"}],"about":[{"href":"https:\/\/buscoequipomedico.com\/index.php?rest_route=\/wp\/v2\/types\/product"}],"wp:featuredmedia":[{"embeddable":true,"href":"https:\/\/buscoequipomedico.com\/index.php?rest_route=\/wp\/v2\/media\/12514"}],"wp:attachment":[{"href":"https:\/\/buscoequipomedico.com\/index.php?rest_route=%2Fwp%2Fv2%2Fmedia&parent=12513"}],"wp:term":[{"taxonomy":"product_brand","embeddable":true,"href":"https:\/\/buscoequipomedico.com\/index.php?rest_route=%2Fwp%2Fv2%2Fproduct_brand&post=12513"},{"taxonomy":"product_cat","embeddable":true,"href":"https:\/\/buscoequipomedico.com\/index.php?rest_route=%2Fwp%2Fv2%2Fproduct_cat&post=12513"},{"taxonomy":"product_tag","embeddable":true,"href":"https:\/\/buscoequipomedico.com\/index.php?rest_route=%2Fwp%2Fv2%2Fproduct_tag&post=12513"}],"curies":[{"name":"wp","href":"https:\/\/api.w.org\/{rel}","templated":true}]}}