{"id":12515,"date":"2020-02-18T07:35:32","date_gmt":"2020-02-18T07:35:32","guid":{"rendered":"https:\/\/equipomedicomexico-com.preview-domain.com\/product\/lampara-frontal-estado-solido-5-watt-50-lumen-180-gr\/"},"modified":"2020-02-18T07:35:34","modified_gmt":"2020-02-18T07:35:34","slug":"lampara-frontal-estado-solido-5-watt-50-lumen-180-gr","status":"publish","type":"product","link":"https:\/\/buscoequipomedico.com\/?product=lampara-frontal-estado-solido-5-watt-50-lumen-180-gr","title":{"rendered":"LAMPARA FRONTAL ESTADO SOLIDO 5 watt 50 lumen 180 gr"},"content":{"rendered":"<ul>\n<li>Con un peso de aproximadamente 170 gramos (seis onzas), es muy c\u00f3moda de usar para procedimientos simples y complejos.<\/li>\n<li>Proporciona una luz brillante, blanca y sin sombras para visualizar el verdadero color del tejido.<\/li>\n<li>El paquete de bater\u00edas recargables lo convierte en una unidad completamente port\u00e1til y compacta que permite libertad de movimiento.<\/li>\n<li>Disfrute la flexibilidad de usar la l\u00e1mpara con fuente de energ\u00eda directa \u00f3 port\u00e1til recargable con ?sujetador de cintur\u00f3n?.<\/li>\n<li>El bombillo de estado s\u00f3lido tiene una expectativa de vida de 10.000 horas con una degradaci\u00f3n m\u00ednima de la iluminaci\u00f3n.<\/li>\n<\/ul>\n","protected":false},"excerpt":{"rendered":"<p><span>Proporciona una luz blanca, fr\u00eda y brillante, que es ideal para numerosos procedimientos realizados en el consultorio. Cuando necesita iluminaci\u00f3n precisa y bien definida sin el calor de las l\u00e1mparas tradicionales, busque nuestras l\u00e1mparas Green Series para mayor calidad y confiabilidad.<\/span><\/p>\n","protected":false},"featured_media":12516,"template":"","meta":{"_joinchat":[]},"product_brand":[],"product_cat":[278,286],"product_tag":[],"class_list":{"0":"post-12515","1":"product","2":"type-product","3":"status-publish","4":"has-post-thumbnail","6":"product_cat-lamparas","7":"product_cat-lamparas-frontales","8":"pa_marca-welch-allyn","10":"first","11":"instock","12":"purchasable","13":"product-type-simple"},"yoast_head":"<!-- This site is optimized with the Yoast SEO plugin v25.1 - https:\/\/yoast.com\/wordpress\/plugins\/seo\/ -->\n<title>LAMPARA FRONTAL ESTADO SOLIDO 5 watt 50 lumen 180 gr - Tu mejor opci\u00f3n Equipo M\u00e9dico M\u00e9xico<\/title>\n<meta name=\"robots\" content=\"index, follow, max-snippet:-1, max-image-preview:large, max-video-preview:-1\" \/>\n<link rel=\"canonical\" href=\"https:\/\/buscoequipomedico.com\/?product=lampara-frontal-estado-solido-5-watt-50-lumen-180-gr\" \/>\n<meta property=\"og:locale\" content=\"es_ES\" \/>\n<meta property=\"og:type\" content=\"article\" \/>\n<meta property=\"og:title\" content=\"LAMPARA FRONTAL ESTADO SOLIDO 5 watt 50 lumen 180 gr - Tu mejor opci\u00f3n Equipo M\u00e9dico M\u00e9xico\" \/>\n<meta property=\"og:description\" content=\"Proporciona una luz blanca, fr\u00eda y brillante, que es ideal para numerosos procedimientos realizados en el consultorio. Cuando necesita iluminaci\u00f3n precisa y bien definida sin el calor de las l\u00e1mparas tradicionales, busque nuestras l\u00e1mparas Green Series para mayor calidad y confiabilidad.\" \/>\n<meta property=\"og:url\" content=\"https:\/\/buscoequipomedico.com\/?product=lampara-frontal-estado-solido-5-watt-50-lumen-180-gr\" \/>\n<meta property=\"og:site_name\" content=\"Tu mejor opci\u00f3n Equipo M\u00e9dico M\u00e9xico\" \/>\n<meta property=\"article:modified_time\" content=\"2020-02-18T07:35:34+00:00\" \/>\n<meta property=\"og:image\" content=\"https:\/\/buscoequipomedico.com\/wp-content\/uploads\/2020\/02\/lampara-frontal-estado-solido-5-watt-50-lumen-180-gr-proporciona-una-luz-blanca-fria-y-brillante-que-es-ideal-para-numerosos-pro.jpg\" \/>\n\t<meta property=\"og:image:width\" content=\"800\" \/>\n\t<meta property=\"og:image:height\" content=\"800\" \/>\n\t<meta property=\"og:image:type\" content=\"image\/jpeg\" \/>\n<meta name=\"twitter:card\" content=\"summary_large_image\" \/>\n<meta name=\"twitter:label1\" content=\"Tiempo de lectura\" \/>\n\t<meta name=\"twitter:data1\" content=\"1 minuto\" \/>\n<script type=\"application\/ld+json\" class=\"yoast-schema-graph\">{\"@context\":\"https:\/\/schema.org\",\"@graph\":[{\"@type\":\"WebPage\",\"@id\":\"https:\/\/buscoequipomedico.com\/?product=lampara-frontal-estado-solido-5-watt-50-lumen-180-gr\",\"url\":\"https:\/\/buscoequipomedico.com\/?product=lampara-frontal-estado-solido-5-watt-50-lumen-180-gr\",\"name\":\"LAMPARA FRONTAL ESTADO SOLIDO 5 watt 50 lumen 180 gr - Tu mejor opci\u00f3n Equipo M\u00e9dico M\u00e9xico\",\"isPartOf\":{\"@id\":\"https:\/\/buscoequipomedico.com\/#website\"},\"primaryImageOfPage\":{\"@id\":\"https:\/\/buscoequipomedico.com\/?product=lampara-frontal-estado-solido-5-watt-50-lumen-180-gr#primaryimage\"},\"image\":{\"@id\":\"https:\/\/buscoequipomedico.com\/?product=lampara-frontal-estado-solido-5-watt-50-lumen-180-gr#primaryimage\"},\"thumbnailUrl\":\"https:\/\/buscoequipomedico.com\/wp-content\/uploads\/2020\/02\/lampara-frontal-estado-solido-5-watt-50-lumen-180-gr-proporciona-una-luz-blanca-fria-y-brillante-que-es-ideal-para-numerosos-pro.jpg\",\"datePublished\":\"2020-02-18T07:35:32+00:00\",\"dateModified\":\"2020-02-18T07:35:34+00:00\",\"breadcrumb\":{\"@id\":\"https:\/\/buscoequipomedico.com\/?product=lampara-frontal-estado-solido-5-watt-50-lumen-180-gr#breadcrumb\"},\"inLanguage\":\"es\",\"potentialAction\":[{\"@type\":\"ReadAction\",\"target\":[\"https:\/\/buscoequipomedico.com\/?product=lampara-frontal-estado-solido-5-watt-50-lumen-180-gr\"]}]},{\"@type\":\"ImageObject\",\"inLanguage\":\"es\",\"@id\":\"https:\/\/buscoequipomedico.com\/?product=lampara-frontal-estado-solido-5-watt-50-lumen-180-gr#primaryimage\",\"url\":\"https:\/\/buscoequipomedico.com\/wp-content\/uploads\/2020\/02\/lampara-frontal-estado-solido-5-watt-50-lumen-180-gr-proporciona-una-luz-blanca-fria-y-brillante-que-es-ideal-para-numerosos-pro.jpg\",\"contentUrl\":\"https:\/\/buscoequipomedico.com\/wp-content\/uploads\/2020\/02\/lampara-frontal-estado-solido-5-watt-50-lumen-180-gr-proporciona-una-luz-blanca-fria-y-brillante-que-es-ideal-para-numerosos-pro.jpg\",\"width\":800,\"height\":800},{\"@type\":\"BreadcrumbList\",\"@id\":\"https:\/\/buscoequipomedico.com\/?product=lampara-frontal-estado-solido-5-watt-50-lumen-180-gr#breadcrumb\",\"itemListElement\":[{\"@type\":\"ListItem\",\"position\":1,\"name\":\"Productos\",\"item\":\"https:\/\/buscoequipomedico.com\/shop\/\"},{\"@type\":\"ListItem\",\"position\":2,\"name\":\"LAMPARA FRONTAL ESTADO SOLIDO 5 watt 50 lumen 180 gr\"}]},{\"@type\":\"WebSite\",\"@id\":\"https:\/\/buscoequipomedico.com\/#website\",\"url\":\"https:\/\/buscoequipomedico.com\/\",\"name\":\"Tu mejor opci\u00f3n Equipo M\u00e9dico M\u00e9xico\",\"description\":\"Tienda de equipo m\u00e9dico\",\"publisher\":{\"@id\":\"https:\/\/buscoequipomedico.com\/#organization\"},\"potentialAction\":[{\"@type\":\"SearchAction\",\"target\":{\"@type\":\"EntryPoint\",\"urlTemplate\":\"https:\/\/buscoequipomedico.com\/?s={search_term_string}\"},\"query-input\":{\"@type\":\"PropertyValueSpecification\",\"valueRequired\":true,\"valueName\":\"search_term_string\"}}],\"inLanguage\":\"es\"},{\"@type\":\"Organization\",\"@id\":\"https:\/\/buscoequipomedico.com\/#organization\",\"name\":\"Tu mejor opci\u00f3n Equipo M\u00e9dico M\u00e9xico\",\"url\":\"https:\/\/buscoequipomedico.com\/\",\"logo\":{\"@type\":\"ImageObject\",\"inLanguage\":\"es\",\"@id\":\"https:\/\/buscoequipomedico.com\/#\/schema\/logo\/image\/\",\"url\":\"https:\/\/buscoequipomedico.com\/wp-content\/uploads\/2021\/07\/EMM-VPrincipal-scaled.jpg\",\"contentUrl\":\"https:\/\/buscoequipomedico.com\/wp-content\/uploads\/2021\/07\/EMM-VPrincipal-scaled.jpg\",\"width\":2560,\"height\":1058,\"caption\":\"Tu mejor opci\u00f3n Equipo M\u00e9dico M\u00e9xico\"},\"image\":{\"@id\":\"https:\/\/buscoequipomedico.com\/#\/schema\/logo\/image\/\"}}]}<\/script>\n<!-- \/ Yoast SEO plugin. -->","yoast_head_json":{"title":"LAMPARA FRONTAL ESTADO SOLIDO 5 watt 50 lumen 180 gr - Tu mejor opci\u00f3n Equipo M\u00e9dico M\u00e9xico","robots":{"index":"index","follow":"follow","max-snippet":"max-snippet:-1","max-image-preview":"max-image-preview:large","max-video-preview":"max-video-preview:-1"},"canonical":"https:\/\/buscoequipomedico.com\/?product=lampara-frontal-estado-solido-5-watt-50-lumen-180-gr","og_locale":"es_ES","og_type":"article","og_title":"LAMPARA FRONTAL ESTADO SOLIDO 5 watt 50 lumen 180 gr - Tu mejor opci\u00f3n Equipo M\u00e9dico M\u00e9xico","og_description":"Proporciona una luz blanca, fr\u00eda y brillante, que es ideal para numerosos procedimientos realizados en el consultorio. Cuando necesita iluminaci\u00f3n precisa y bien definida sin el calor de las l\u00e1mparas tradicionales, busque nuestras l\u00e1mparas Green Series para mayor calidad y confiabilidad.","og_url":"https:\/\/buscoequipomedico.com\/?product=lampara-frontal-estado-solido-5-watt-50-lumen-180-gr","og_site_name":"Tu mejor opci\u00f3n Equipo M\u00e9dico M\u00e9xico","article_modified_time":"2020-02-18T07:35:34+00:00","og_image":[{"width":800,"height":800,"url":"https:\/\/buscoequipomedico.com\/wp-content\/uploads\/2020\/02\/lampara-frontal-estado-solido-5-watt-50-lumen-180-gr-proporciona-una-luz-blanca-fria-y-brillante-que-es-ideal-para-numerosos-pro.jpg","type":"image\/jpeg"}],"twitter_card":"summary_large_image","twitter_misc":{"Tiempo de lectura":"1 minuto"},"schema":{"@context":"https:\/\/schema.org","@graph":[{"@type":"WebPage","@id":"https:\/\/buscoequipomedico.com\/?product=lampara-frontal-estado-solido-5-watt-50-lumen-180-gr","url":"https:\/\/buscoequipomedico.com\/?product=lampara-frontal-estado-solido-5-watt-50-lumen-180-gr","name":"LAMPARA FRONTAL ESTADO SOLIDO 5 watt 50 lumen 180 gr - Tu mejor opci\u00f3n Equipo M\u00e9dico M\u00e9xico","isPartOf":{"@id":"https:\/\/buscoequipomedico.com\/#website"},"primaryImageOfPage":{"@id":"https:\/\/buscoequipomedico.com\/?product=lampara-frontal-estado-solido-5-watt-50-lumen-180-gr#primaryimage"},"image":{"@id":"https:\/\/buscoequipomedico.com\/?product=lampara-frontal-estado-solido-5-watt-50-lumen-180-gr#primaryimage"},"thumbnailUrl":"https:\/\/buscoequipomedico.com\/wp-content\/uploads\/2020\/02\/lampara-frontal-estado-solido-5-watt-50-lumen-180-gr-proporciona-una-luz-blanca-fria-y-brillante-que-es-ideal-para-numerosos-pro.jpg","datePublished":"2020-02-18T07:35:32+00:00","dateModified":"2020-02-18T07:35:34+00:00","breadcrumb":{"@id":"https:\/\/buscoequipomedico.com\/?product=lampara-frontal-estado-solido-5-watt-50-lumen-180-gr#breadcrumb"},"inLanguage":"es","potentialAction":[{"@type":"ReadAction","target":["https:\/\/buscoequipomedico.com\/?product=lampara-frontal-estado-solido-5-watt-50-lumen-180-gr"]}]},{"@type":"ImageObject","inLanguage":"es","@id":"https:\/\/buscoequipomedico.com\/?product=lampara-frontal-estado-solido-5-watt-50-lumen-180-gr#primaryimage","url":"https:\/\/buscoequipomedico.com\/wp-content\/uploads\/2020\/02\/lampara-frontal-estado-solido-5-watt-50-lumen-180-gr-proporciona-una-luz-blanca-fria-y-brillante-que-es-ideal-para-numerosos-pro.jpg","contentUrl":"https:\/\/buscoequipomedico.com\/wp-content\/uploads\/2020\/02\/lampara-frontal-estado-solido-5-watt-50-lumen-180-gr-proporciona-una-luz-blanca-fria-y-brillante-que-es-ideal-para-numerosos-pro.jpg","width":800,"height":800},{"@type":"BreadcrumbList","@id":"https:\/\/buscoequipomedico.com\/?product=lampara-frontal-estado-solido-5-watt-50-lumen-180-gr#breadcrumb","itemListElement":[{"@type":"ListItem","position":1,"name":"Productos","item":"https:\/\/buscoequipomedico.com\/shop\/"},{"@type":"ListItem","position":2,"name":"LAMPARA FRONTAL ESTADO SOLIDO 5 watt 50 lumen 180 gr"}]},{"@type":"WebSite","@id":"https:\/\/buscoequipomedico.com\/#website","url":"https:\/\/buscoequipomedico.com\/","name":"Tu mejor opci\u00f3n Equipo M\u00e9dico M\u00e9xico","description":"Tienda de equipo m\u00e9dico","publisher":{"@id":"https:\/\/buscoequipomedico.com\/#organization"},"potentialAction":[{"@type":"SearchAction","target":{"@type":"EntryPoint","urlTemplate":"https:\/\/buscoequipomedico.com\/?s={search_term_string}"},"query-input":{"@type":"PropertyValueSpecification","valueRequired":true,"valueName":"search_term_string"}}],"inLanguage":"es"},{"@type":"Organization","@id":"https:\/\/buscoequipomedico.com\/#organization","name":"Tu mejor opci\u00f3n Equipo M\u00e9dico M\u00e9xico","url":"https:\/\/buscoequipomedico.com\/","logo":{"@type":"ImageObject","inLanguage":"es","@id":"https:\/\/buscoequipomedico.com\/#\/schema\/logo\/image\/","url":"https:\/\/buscoequipomedico.com\/wp-content\/uploads\/2021\/07\/EMM-VPrincipal-scaled.jpg","contentUrl":"https:\/\/buscoequipomedico.com\/wp-content\/uploads\/2021\/07\/EMM-VPrincipal-scaled.jpg","width":2560,"height":1058,"caption":"Tu mejor opci\u00f3n Equipo M\u00e9dico M\u00e9xico"},"image":{"@id":"https:\/\/buscoequipomedico.com\/#\/schema\/logo\/image\/"}}]}},"_links":{"self":[{"href":"https:\/\/buscoequipomedico.com\/index.php?rest_route=\/wp\/v2\/product\/12515","targetHints":{"allow":["GET"]}}],"collection":[{"href":"https:\/\/buscoequipomedico.com\/index.php?rest_route=\/wp\/v2\/product"}],"about":[{"href":"https:\/\/buscoequipomedico.com\/index.php?rest_route=\/wp\/v2\/types\/product"}],"wp:featuredmedia":[{"embeddable":true,"href":"https:\/\/buscoequipomedico.com\/index.php?rest_route=\/wp\/v2\/media\/12516"}],"wp:attachment":[{"href":"https:\/\/buscoequipomedico.com\/index.php?rest_route=%2Fwp%2Fv2%2Fmedia&parent=12515"}],"wp:term":[{"taxonomy":"product_brand","embeddable":true,"href":"https:\/\/buscoequipomedico.com\/index.php?rest_route=%2Fwp%2Fv2%2Fproduct_brand&post=12515"},{"taxonomy":"product_cat","embeddable":true,"href":"https:\/\/buscoequipomedico.com\/index.php?rest_route=%2Fwp%2Fv2%2Fproduct_cat&post=12515"},{"taxonomy":"product_tag","embeddable":true,"href":"https:\/\/buscoequipomedico.com\/index.php?rest_route=%2Fwp%2Fv2%2Fproduct_tag&post=12515"}],"curies":[{"name":"wp","href":"https:\/\/api.w.org\/{rel}","templated":true}]}}