{"id":12523,"date":"2020-02-18T07:35:38","date_gmt":"2020-02-18T07:35:38","guid":{"rendered":"https:\/\/equipomedicomexico-com.preview-domain.com\/product\/lampara-frontal-estado-solido-1-watt-20-lumen-120-gr\/"},"modified":"2020-02-18T07:35:39","modified_gmt":"2020-02-18T07:35:39","slug":"lampara-frontal-estado-solido-1-watt-20-lumen-120-gr","status":"publish","type":"product","link":"https:\/\/buscoequipomedico.com\/?product=lampara-frontal-estado-solido-1-watt-20-lumen-120-gr","title":{"rendered":"LAMPARA FRONTAL ESTADO SOLIDO 1 watt 20 lumen 120 gr"},"content":{"rendered":"<ul>\n<li>Con un peso de aproximadamente 120 gramos (cuatro onzas), es una de las l\u00e1mparas m\u00e1s c\u00f3modas y livianas disponibles.<\/li>\n<li>Cabe en el interior de un bolsillo de camisa y permite completa libertad de movimiento.<\/li>\n<li>Proporciona una luz brillante, blanca y sin sombras para visualizar el verdadero color del tejido.<\/li>\n<li>El bombillo Green Series tiene una expectativa de vida de 10.000 horas con una degradaci\u00f3n m\u00ednima de la iluminaci\u00f3n.<\/li>\n<\/ul>\n","protected":false},"excerpt":{"rendered":"<h1>L\u00c1MPARA PORT\u00c1TIL GREEN SERIES CON FUENTE DE ALIMENTACI\u00d3N Y CARGADOR DIRECTO<\/h1>\n<p>Proporciona iluminaci\u00f3n precisamente donde se necesita, con una luz fr\u00eda y brillante que garantiza comodidad tanto para el m\u00e9dico como para el paciente.<\/p>\n","protected":false},"featured_media":12551,"template":"","meta":{"_joinchat":[]},"product_brand":[],"product_cat":[278,286],"product_tag":[],"class_list":{"0":"post-12523","1":"product","2":"type-product","3":"status-publish","4":"has-post-thumbnail","6":"product_cat-lamparas","7":"product_cat-lamparas-frontales","8":"pa_marca-welch-allyn","10":"first","11":"instock","12":"purchasable","13":"product-type-simple"},"yoast_head":"<!-- This site is optimized with the Yoast SEO plugin v25.1 - https:\/\/yoast.com\/wordpress\/plugins\/seo\/ -->\n<title>LAMPARA FRONTAL ESTADO SOLIDO 1 watt 20 lumen 120 gr - Tu mejor opci\u00f3n Equipo M\u00e9dico M\u00e9xico<\/title>\n<meta name=\"robots\" content=\"index, follow, max-snippet:-1, max-image-preview:large, max-video-preview:-1\" \/>\n<link rel=\"canonical\" href=\"https:\/\/buscoequipomedico.com\/?product=lampara-frontal-estado-solido-1-watt-20-lumen-120-gr\" \/>\n<meta property=\"og:locale\" content=\"es_ES\" \/>\n<meta property=\"og:type\" content=\"article\" \/>\n<meta property=\"og:title\" content=\"LAMPARA FRONTAL ESTADO SOLIDO 1 watt 20 lumen 120 gr - Tu mejor opci\u00f3n Equipo M\u00e9dico M\u00e9xico\" \/>\n<meta property=\"og:description\" content=\"L\u00c1MPARA PORT\u00c1TIL GREEN SERIES CON FUENTE DE ALIMENTACI\u00d3N Y CARGADOR DIRECTO Proporciona iluminaci\u00f3n precisamente donde se necesita, con una luz fr\u00eda y brillante que garantiza comodidad tanto para el m\u00e9dico como para el paciente.\" \/>\n<meta property=\"og:url\" content=\"https:\/\/buscoequipomedico.com\/?product=lampara-frontal-estado-solido-1-watt-20-lumen-120-gr\" \/>\n<meta property=\"og:site_name\" content=\"Tu mejor opci\u00f3n Equipo M\u00e9dico M\u00e9xico\" \/>\n<meta property=\"article:modified_time\" content=\"2020-02-18T07:35:39+00:00\" \/>\n<meta property=\"og:image\" content=\"https:\/\/buscoequipomedico.com\/wp-content\/uploads\/2020\/02\/lampara-frontal-estado-solido-1-watt-20-lumen-120-gr-lampara-portatil-green-series-con-fuente-de-alimentacion-y-cargador-directo.jpg\" \/>\n\t<meta property=\"og:image:width\" content=\"800\" \/>\n\t<meta property=\"og:image:height\" content=\"800\" \/>\n\t<meta property=\"og:image:type\" content=\"image\/jpeg\" \/>\n<meta name=\"twitter:card\" content=\"summary_large_image\" \/>\n<script type=\"application\/ld+json\" class=\"yoast-schema-graph\">{\"@context\":\"https:\/\/schema.org\",\"@graph\":[{\"@type\":\"WebPage\",\"@id\":\"https:\/\/buscoequipomedico.com\/?product=lampara-frontal-estado-solido-1-watt-20-lumen-120-gr\",\"url\":\"https:\/\/buscoequipomedico.com\/?product=lampara-frontal-estado-solido-1-watt-20-lumen-120-gr\",\"name\":\"LAMPARA FRONTAL ESTADO SOLIDO 1 watt 20 lumen 120 gr - Tu mejor opci\u00f3n Equipo M\u00e9dico M\u00e9xico\",\"isPartOf\":{\"@id\":\"https:\/\/buscoequipomedico.com\/#website\"},\"primaryImageOfPage\":{\"@id\":\"https:\/\/buscoequipomedico.com\/?product=lampara-frontal-estado-solido-1-watt-20-lumen-120-gr#primaryimage\"},\"image\":{\"@id\":\"https:\/\/buscoequipomedico.com\/?product=lampara-frontal-estado-solido-1-watt-20-lumen-120-gr#primaryimage\"},\"thumbnailUrl\":\"https:\/\/buscoequipomedico.com\/wp-content\/uploads\/2020\/02\/lampara-frontal-estado-solido-1-watt-20-lumen-120-gr-lampara-portatil-green-series-con-fuente-de-alimentacion-y-cargador-directo.jpg\",\"datePublished\":\"2020-02-18T07:35:38+00:00\",\"dateModified\":\"2020-02-18T07:35:39+00:00\",\"breadcrumb\":{\"@id\":\"https:\/\/buscoequipomedico.com\/?product=lampara-frontal-estado-solido-1-watt-20-lumen-120-gr#breadcrumb\"},\"inLanguage\":\"es\",\"potentialAction\":[{\"@type\":\"ReadAction\",\"target\":[\"https:\/\/buscoequipomedico.com\/?product=lampara-frontal-estado-solido-1-watt-20-lumen-120-gr\"]}]},{\"@type\":\"ImageObject\",\"inLanguage\":\"es\",\"@id\":\"https:\/\/buscoequipomedico.com\/?product=lampara-frontal-estado-solido-1-watt-20-lumen-120-gr#primaryimage\",\"url\":\"https:\/\/buscoequipomedico.com\/wp-content\/uploads\/2020\/02\/lampara-frontal-estado-solido-1-watt-20-lumen-120-gr-lampara-portatil-green-series-con-fuente-de-alimentacion-y-cargador-directo.jpg\",\"contentUrl\":\"https:\/\/buscoequipomedico.com\/wp-content\/uploads\/2020\/02\/lampara-frontal-estado-solido-1-watt-20-lumen-120-gr-lampara-portatil-green-series-con-fuente-de-alimentacion-y-cargador-directo.jpg\",\"width\":800,\"height\":800},{\"@type\":\"BreadcrumbList\",\"@id\":\"https:\/\/buscoequipomedico.com\/?product=lampara-frontal-estado-solido-1-watt-20-lumen-120-gr#breadcrumb\",\"itemListElement\":[{\"@type\":\"ListItem\",\"position\":1,\"name\":\"Productos\",\"item\":\"https:\/\/buscoequipomedico.com\/shop\/\"},{\"@type\":\"ListItem\",\"position\":2,\"name\":\"LAMPARA FRONTAL ESTADO SOLIDO 1 watt 20 lumen 120 gr\"}]},{\"@type\":\"WebSite\",\"@id\":\"https:\/\/buscoequipomedico.com\/#website\",\"url\":\"https:\/\/buscoequipomedico.com\/\",\"name\":\"Tu mejor opci\u00f3n Equipo M\u00e9dico M\u00e9xico\",\"description\":\"Tienda de equipo m\u00e9dico\",\"publisher\":{\"@id\":\"https:\/\/buscoequipomedico.com\/#organization\"},\"potentialAction\":[{\"@type\":\"SearchAction\",\"target\":{\"@type\":\"EntryPoint\",\"urlTemplate\":\"https:\/\/buscoequipomedico.com\/?s={search_term_string}\"},\"query-input\":{\"@type\":\"PropertyValueSpecification\",\"valueRequired\":true,\"valueName\":\"search_term_string\"}}],\"inLanguage\":\"es\"},{\"@type\":\"Organization\",\"@id\":\"https:\/\/buscoequipomedico.com\/#organization\",\"name\":\"Tu mejor opci\u00f3n Equipo M\u00e9dico M\u00e9xico\",\"url\":\"https:\/\/buscoequipomedico.com\/\",\"logo\":{\"@type\":\"ImageObject\",\"inLanguage\":\"es\",\"@id\":\"https:\/\/buscoequipomedico.com\/#\/schema\/logo\/image\/\",\"url\":\"https:\/\/buscoequipomedico.com\/wp-content\/uploads\/2021\/07\/EMM-VPrincipal-scaled.jpg\",\"contentUrl\":\"https:\/\/buscoequipomedico.com\/wp-content\/uploads\/2021\/07\/EMM-VPrincipal-scaled.jpg\",\"width\":2560,\"height\":1058,\"caption\":\"Tu mejor opci\u00f3n Equipo M\u00e9dico M\u00e9xico\"},\"image\":{\"@id\":\"https:\/\/buscoequipomedico.com\/#\/schema\/logo\/image\/\"}}]}<\/script>\n<!-- \/ Yoast SEO plugin. -->","yoast_head_json":{"title":"LAMPARA FRONTAL ESTADO SOLIDO 1 watt 20 lumen 120 gr - Tu mejor opci\u00f3n Equipo M\u00e9dico M\u00e9xico","robots":{"index":"index","follow":"follow","max-snippet":"max-snippet:-1","max-image-preview":"max-image-preview:large","max-video-preview":"max-video-preview:-1"},"canonical":"https:\/\/buscoequipomedico.com\/?product=lampara-frontal-estado-solido-1-watt-20-lumen-120-gr","og_locale":"es_ES","og_type":"article","og_title":"LAMPARA FRONTAL ESTADO SOLIDO 1 watt 20 lumen 120 gr - Tu mejor opci\u00f3n Equipo M\u00e9dico M\u00e9xico","og_description":"L\u00c1MPARA PORT\u00c1TIL GREEN SERIES CON FUENTE DE ALIMENTACI\u00d3N Y CARGADOR DIRECTO Proporciona iluminaci\u00f3n precisamente donde se necesita, con una luz fr\u00eda y brillante que garantiza comodidad tanto para el m\u00e9dico como para el paciente.","og_url":"https:\/\/buscoequipomedico.com\/?product=lampara-frontal-estado-solido-1-watt-20-lumen-120-gr","og_site_name":"Tu mejor opci\u00f3n Equipo M\u00e9dico M\u00e9xico","article_modified_time":"2020-02-18T07:35:39+00:00","og_image":[{"width":800,"height":800,"url":"https:\/\/buscoequipomedico.com\/wp-content\/uploads\/2020\/02\/lampara-frontal-estado-solido-1-watt-20-lumen-120-gr-lampara-portatil-green-series-con-fuente-de-alimentacion-y-cargador-directo.jpg","type":"image\/jpeg"}],"twitter_card":"summary_large_image","schema":{"@context":"https:\/\/schema.org","@graph":[{"@type":"WebPage","@id":"https:\/\/buscoequipomedico.com\/?product=lampara-frontal-estado-solido-1-watt-20-lumen-120-gr","url":"https:\/\/buscoequipomedico.com\/?product=lampara-frontal-estado-solido-1-watt-20-lumen-120-gr","name":"LAMPARA FRONTAL ESTADO SOLIDO 1 watt 20 lumen 120 gr - Tu mejor opci\u00f3n Equipo M\u00e9dico M\u00e9xico","isPartOf":{"@id":"https:\/\/buscoequipomedico.com\/#website"},"primaryImageOfPage":{"@id":"https:\/\/buscoequipomedico.com\/?product=lampara-frontal-estado-solido-1-watt-20-lumen-120-gr#primaryimage"},"image":{"@id":"https:\/\/buscoequipomedico.com\/?product=lampara-frontal-estado-solido-1-watt-20-lumen-120-gr#primaryimage"},"thumbnailUrl":"https:\/\/buscoequipomedico.com\/wp-content\/uploads\/2020\/02\/lampara-frontal-estado-solido-1-watt-20-lumen-120-gr-lampara-portatil-green-series-con-fuente-de-alimentacion-y-cargador-directo.jpg","datePublished":"2020-02-18T07:35:38+00:00","dateModified":"2020-02-18T07:35:39+00:00","breadcrumb":{"@id":"https:\/\/buscoequipomedico.com\/?product=lampara-frontal-estado-solido-1-watt-20-lumen-120-gr#breadcrumb"},"inLanguage":"es","potentialAction":[{"@type":"ReadAction","target":["https:\/\/buscoequipomedico.com\/?product=lampara-frontal-estado-solido-1-watt-20-lumen-120-gr"]}]},{"@type":"ImageObject","inLanguage":"es","@id":"https:\/\/buscoequipomedico.com\/?product=lampara-frontal-estado-solido-1-watt-20-lumen-120-gr#primaryimage","url":"https:\/\/buscoequipomedico.com\/wp-content\/uploads\/2020\/02\/lampara-frontal-estado-solido-1-watt-20-lumen-120-gr-lampara-portatil-green-series-con-fuente-de-alimentacion-y-cargador-directo.jpg","contentUrl":"https:\/\/buscoequipomedico.com\/wp-content\/uploads\/2020\/02\/lampara-frontal-estado-solido-1-watt-20-lumen-120-gr-lampara-portatil-green-series-con-fuente-de-alimentacion-y-cargador-directo.jpg","width":800,"height":800},{"@type":"BreadcrumbList","@id":"https:\/\/buscoequipomedico.com\/?product=lampara-frontal-estado-solido-1-watt-20-lumen-120-gr#breadcrumb","itemListElement":[{"@type":"ListItem","position":1,"name":"Productos","item":"https:\/\/buscoequipomedico.com\/shop\/"},{"@type":"ListItem","position":2,"name":"LAMPARA FRONTAL ESTADO SOLIDO 1 watt 20 lumen 120 gr"}]},{"@type":"WebSite","@id":"https:\/\/buscoequipomedico.com\/#website","url":"https:\/\/buscoequipomedico.com\/","name":"Tu mejor opci\u00f3n Equipo M\u00e9dico M\u00e9xico","description":"Tienda de equipo m\u00e9dico","publisher":{"@id":"https:\/\/buscoequipomedico.com\/#organization"},"potentialAction":[{"@type":"SearchAction","target":{"@type":"EntryPoint","urlTemplate":"https:\/\/buscoequipomedico.com\/?s={search_term_string}"},"query-input":{"@type":"PropertyValueSpecification","valueRequired":true,"valueName":"search_term_string"}}],"inLanguage":"es"},{"@type":"Organization","@id":"https:\/\/buscoequipomedico.com\/#organization","name":"Tu mejor opci\u00f3n Equipo M\u00e9dico M\u00e9xico","url":"https:\/\/buscoequipomedico.com\/","logo":{"@type":"ImageObject","inLanguage":"es","@id":"https:\/\/buscoequipomedico.com\/#\/schema\/logo\/image\/","url":"https:\/\/buscoequipomedico.com\/wp-content\/uploads\/2021\/07\/EMM-VPrincipal-scaled.jpg","contentUrl":"https:\/\/buscoequipomedico.com\/wp-content\/uploads\/2021\/07\/EMM-VPrincipal-scaled.jpg","width":2560,"height":1058,"caption":"Tu mejor opci\u00f3n Equipo M\u00e9dico M\u00e9xico"},"image":{"@id":"https:\/\/buscoequipomedico.com\/#\/schema\/logo\/image\/"}}]}},"_links":{"self":[{"href":"https:\/\/buscoequipomedico.com\/index.php?rest_route=\/wp\/v2\/product\/12523","targetHints":{"allow":["GET"]}}],"collection":[{"href":"https:\/\/buscoequipomedico.com\/index.php?rest_route=\/wp\/v2\/product"}],"about":[{"href":"https:\/\/buscoequipomedico.com\/index.php?rest_route=\/wp\/v2\/types\/product"}],"wp:featuredmedia":[{"embeddable":true,"href":"https:\/\/buscoequipomedico.com\/index.php?rest_route=\/wp\/v2\/media\/12551"}],"wp:attachment":[{"href":"https:\/\/buscoequipomedico.com\/index.php?rest_route=%2Fwp%2Fv2%2Fmedia&parent=12523"}],"wp:term":[{"taxonomy":"product_brand","embeddable":true,"href":"https:\/\/buscoequipomedico.com\/index.php?rest_route=%2Fwp%2Fv2%2Fproduct_brand&post=12523"},{"taxonomy":"product_cat","embeddable":true,"href":"https:\/\/buscoequipomedico.com\/index.php?rest_route=%2Fwp%2Fv2%2Fproduct_cat&post=12523"},{"taxonomy":"product_tag","embeddable":true,"href":"https:\/\/buscoequipomedico.com\/index.php?rest_route=%2Fwp%2Fv2%2Fproduct_tag&post=12523"}],"curies":[{"name":"wp","href":"https:\/\/api.w.org\/{rel}","templated":true}]}}