{"id":12527,"date":"2020-02-18T07:35:32","date_gmt":"2020-02-18T07:35:32","guid":{"rendered":"https:\/\/equipomedicomexico-com.preview-domain.com\/product\/lampara-frontal-md1000-fo-con-cinta-craneal-heine\/"},"modified":"2020-02-18T07:35:35","modified_gmt":"2020-02-18T07:35:35","slug":"lampara-frontal-md1000-fo-con-cinta-craneal-heine","status":"publish","type":"product","link":"https:\/\/buscoequipomedico.com\/?product=lampara-frontal-md1000-fo-con-cinta-craneal-heine","title":{"rendered":"LAMPARA FRONTAL MD1000 FO. CON CINTA CRANEAL HEINE"},"content":{"rendered":"<p>CARACTER\u00cdSTICAS\u00a0<\/p>\n<ul>\n<li><span><span>\u00d3ptica compacta de alta tecnolog\u00eda\u00a0para una iluminaci\u00f3n\u00a0coaxial\u00a0y homog\u00e9nea.<\/span><\/span><\/li>\n<li><span><span>Cable conductor de luz de 3 m de largo, ultra ligero, muy flexible y con clips de fijaci\u00f3n.<\/span><\/span><\/li>\n<li><span><span>Cabezal iluminador ajustable\u00a0en altura e inclinaci\u00f3n mediante elemento de ajuste.<\/span><\/span><\/li>\n<li><span><span>Cinta craneal ligera y flexible: Professional L.\u00a0Con ajuste de per\u00edmetro y altura provista de un acolchado recambiable, de cuero suave, para la frente.<\/span><\/span><\/li>\n<li><span><span>Campo de iluminaci\u00f3n ajustable,\u00a0manguito est\u00e9ril incluido.<\/span><\/span><\/li>\n<li><span><span>\u00d3ptica HEINE de alta calidad\u00a0con ampliaci\u00f3n ajustable (en un factor de 2.5 a 6).<\/span><\/span><\/li>\n<li><span><span>\u00d3ptica prism\u00e1tica\u00a0de HEINE para c\u00e1maras CCD con conexi\u00f3n C-Mount.<\/span><\/span><\/li>\n<li><span><span>Fuente de luz: Proyector HK 7000 F.O.<\/span><\/span><\/li>\n<\/ul>\n<p><span>CARACTER\u00cdSTICAS T\u00c9CNICAS\u00a0<\/span><\/p>\n<ul>\n<li><span><span>Temperatura de color:\u00a03\u2009300 Kelvin\u00a0con proyector HK 7000 F.O.\u00a0<\/span><\/span><\/li>\n<li><span><span>Fuente de luz: HK 7000 F.O. proyector.<\/span><\/span><\/li>\n<li><span><span>Regulaci\u00f3n del campo luminoso: Campo de iluminaci\u00f3n regulable de\u00a020 a 70 mm\u00a0a una distancia de trabajo nominal de 200 mm, y de\u00a045 a 180 mm\u00a0a una distancia de trabajo nominal de 500 mm.<\/span><\/span><\/li>\n<li><span><span>Angulo de inclinaci\u00f3n: Regulable de forma individual.<\/span><\/span><\/li>\n<li><span><span>Regulaci\u00f3n de brillo: Regulaci\u00f3n de brillo con progresi\u00f3n continua en la fuente de luz.<\/span><\/span><\/li>\n<li><span><span>Peso: apr\u00f3x. 230 g (Cable soportado con clips).<\/span><\/span><\/li>\n<li><span><span>Longitud del cable de luz: 300 cm.<\/span><\/span><\/li>\n<li><span><span>Di\u00e1metro del campo de luz a 50 cm de distancia: apr\u00f3x. 40 a 160 mm.<\/span><\/span><\/li>\n<li><span><span>Duraci\u00f3n: Servicio cont\u00ednuo.<\/span><\/span><\/li>\n<li><span><span>Temperatura ambiente admisible: +10\u00b0C a +40\u00b0C.<\/span><\/span><\/li>\n<li><span><span>Clasificaci\u00f3n: moderate risk, IEC 62471 [2006].<\/span><\/span><\/li>\n<\/ul>\n","protected":false},"excerpt":{"rendered":"<p><span>\u00bbEl cabezal de la l\u00e1mpara y la lupa binocular se pueden mover\u00a0<\/span><span>independientemente una de otra.<\/span><br \/><span>\u00bbLa iluminaci\u00f3n permanece fija sobre el punto donde se necesite la luz.<\/span><br \/><span>\u00bbFabricado con componentes y mano de obra 100% Alemana.<\/span><\/p>\n","protected":false},"featured_media":12528,"template":"","meta":{"_joinchat":[]},"product_brand":[],"product_cat":[278,286],"product_tag":[],"class_list":{"0":"post-12527","1":"product","2":"type-product","3":"status-publish","4":"has-post-thumbnail","6":"product_cat-lamparas","7":"product_cat-lamparas-frontales","8":"pa_marca-heine","10":"first","11":"instock","12":"purchasable","13":"product-type-simple"},"yoast_head":"<!-- This site is optimized with the Yoast SEO plugin v25.1 - https:\/\/yoast.com\/wordpress\/plugins\/seo\/ -->\n<title>LAMPARA FRONTAL MD1000 FO. CON CINTA CRANEAL HEINE - Tu mejor opci\u00f3n Equipo M\u00e9dico M\u00e9xico<\/title>\n<meta name=\"robots\" content=\"index, follow, max-snippet:-1, max-image-preview:large, max-video-preview:-1\" \/>\n<link rel=\"canonical\" href=\"https:\/\/buscoequipomedico.com\/?product=lampara-frontal-md1000-fo-con-cinta-craneal-heine\" \/>\n<meta property=\"og:locale\" content=\"es_ES\" \/>\n<meta property=\"og:type\" content=\"article\" \/>\n<meta property=\"og:title\" content=\"LAMPARA FRONTAL MD1000 FO. CON CINTA CRANEAL HEINE - Tu mejor opci\u00f3n Equipo M\u00e9dico M\u00e9xico\" \/>\n<meta property=\"og:description\" content=\"\u00bbEl cabezal de la l\u00e1mpara y la lupa binocular se pueden mover\u00a0independientemente una de otra.\u00bbLa iluminaci\u00f3n permanece fija sobre el punto donde se necesite la luz.\u00bbFabricado con componentes y mano de obra 100% Alemana.\" \/>\n<meta property=\"og:url\" content=\"https:\/\/buscoequipomedico.com\/?product=lampara-frontal-md1000-fo-con-cinta-craneal-heine\" \/>\n<meta property=\"og:site_name\" content=\"Tu mejor opci\u00f3n Equipo M\u00e9dico M\u00e9xico\" \/>\n<meta property=\"article:modified_time\" content=\"2020-02-18T07:35:35+00:00\" \/>\n<meta property=\"og:image\" content=\"https:\/\/buscoequipomedico.com\/wp-content\/uploads\/2020\/02\/lampara-frontal-md1000-fo-con-cinta-craneal-heine-el-cabezal-de-la-lampara-y-la-lupa-binocular-se-pueden-mover-independientement.jpg\" \/>\n\t<meta property=\"og:image:width\" content=\"800\" \/>\n\t<meta property=\"og:image:height\" content=\"800\" \/>\n\t<meta property=\"og:image:type\" content=\"image\/png\" \/>\n<meta name=\"twitter:card\" content=\"summary_large_image\" \/>\n<meta name=\"twitter:label1\" content=\"Tiempo de lectura\" \/>\n\t<meta name=\"twitter:data1\" content=\"1 minuto\" \/>\n<script type=\"application\/ld+json\" class=\"yoast-schema-graph\">{\"@context\":\"https:\/\/schema.org\",\"@graph\":[{\"@type\":\"WebPage\",\"@id\":\"https:\/\/buscoequipomedico.com\/?product=lampara-frontal-md1000-fo-con-cinta-craneal-heine\",\"url\":\"https:\/\/buscoequipomedico.com\/?product=lampara-frontal-md1000-fo-con-cinta-craneal-heine\",\"name\":\"LAMPARA FRONTAL MD1000 FO. CON CINTA CRANEAL HEINE - Tu mejor opci\u00f3n Equipo M\u00e9dico M\u00e9xico\",\"isPartOf\":{\"@id\":\"https:\/\/buscoequipomedico.com\/#website\"},\"primaryImageOfPage\":{\"@id\":\"https:\/\/buscoequipomedico.com\/?product=lampara-frontal-md1000-fo-con-cinta-craneal-heine#primaryimage\"},\"image\":{\"@id\":\"https:\/\/buscoequipomedico.com\/?product=lampara-frontal-md1000-fo-con-cinta-craneal-heine#primaryimage\"},\"thumbnailUrl\":\"https:\/\/buscoequipomedico.com\/wp-content\/uploads\/2020\/02\/lampara-frontal-md1000-fo-con-cinta-craneal-heine-el-cabezal-de-la-lampara-y-la-lupa-binocular-se-pueden-mover-independientement.jpg\",\"datePublished\":\"2020-02-18T07:35:32+00:00\",\"dateModified\":\"2020-02-18T07:35:35+00:00\",\"breadcrumb\":{\"@id\":\"https:\/\/buscoequipomedico.com\/?product=lampara-frontal-md1000-fo-con-cinta-craneal-heine#breadcrumb\"},\"inLanguage\":\"es\",\"potentialAction\":[{\"@type\":\"ReadAction\",\"target\":[\"https:\/\/buscoequipomedico.com\/?product=lampara-frontal-md1000-fo-con-cinta-craneal-heine\"]}]},{\"@type\":\"ImageObject\",\"inLanguage\":\"es\",\"@id\":\"https:\/\/buscoequipomedico.com\/?product=lampara-frontal-md1000-fo-con-cinta-craneal-heine#primaryimage\",\"url\":\"https:\/\/buscoequipomedico.com\/wp-content\/uploads\/2020\/02\/lampara-frontal-md1000-fo-con-cinta-craneal-heine-el-cabezal-de-la-lampara-y-la-lupa-binocular-se-pueden-mover-independientement.jpg\",\"contentUrl\":\"https:\/\/buscoequipomedico.com\/wp-content\/uploads\/2020\/02\/lampara-frontal-md1000-fo-con-cinta-craneal-heine-el-cabezal-de-la-lampara-y-la-lupa-binocular-se-pueden-mover-independientement.jpg\",\"width\":800,\"height\":800},{\"@type\":\"BreadcrumbList\",\"@id\":\"https:\/\/buscoequipomedico.com\/?product=lampara-frontal-md1000-fo-con-cinta-craneal-heine#breadcrumb\",\"itemListElement\":[{\"@type\":\"ListItem\",\"position\":1,\"name\":\"Productos\",\"item\":\"https:\/\/buscoequipomedico.com\/shop\/\"},{\"@type\":\"ListItem\",\"position\":2,\"name\":\"LAMPARA FRONTAL MD1000 FO. CON CINTA CRANEAL HEINE\"}]},{\"@type\":\"WebSite\",\"@id\":\"https:\/\/buscoequipomedico.com\/#website\",\"url\":\"https:\/\/buscoequipomedico.com\/\",\"name\":\"Tu mejor opci\u00f3n Equipo M\u00e9dico M\u00e9xico\",\"description\":\"Tienda de equipo m\u00e9dico\",\"publisher\":{\"@id\":\"https:\/\/buscoequipomedico.com\/#organization\"},\"potentialAction\":[{\"@type\":\"SearchAction\",\"target\":{\"@type\":\"EntryPoint\",\"urlTemplate\":\"https:\/\/buscoequipomedico.com\/?s={search_term_string}\"},\"query-input\":{\"@type\":\"PropertyValueSpecification\",\"valueRequired\":true,\"valueName\":\"search_term_string\"}}],\"inLanguage\":\"es\"},{\"@type\":\"Organization\",\"@id\":\"https:\/\/buscoequipomedico.com\/#organization\",\"name\":\"Tu mejor opci\u00f3n Equipo M\u00e9dico M\u00e9xico\",\"url\":\"https:\/\/buscoequipomedico.com\/\",\"logo\":{\"@type\":\"ImageObject\",\"inLanguage\":\"es\",\"@id\":\"https:\/\/buscoequipomedico.com\/#\/schema\/logo\/image\/\",\"url\":\"https:\/\/buscoequipomedico.com\/wp-content\/uploads\/2021\/07\/EMM-VPrincipal-scaled.jpg\",\"contentUrl\":\"https:\/\/buscoequipomedico.com\/wp-content\/uploads\/2021\/07\/EMM-VPrincipal-scaled.jpg\",\"width\":2560,\"height\":1058,\"caption\":\"Tu mejor opci\u00f3n Equipo M\u00e9dico M\u00e9xico\"},\"image\":{\"@id\":\"https:\/\/buscoequipomedico.com\/#\/schema\/logo\/image\/\"}}]}<\/script>\n<!-- \/ Yoast SEO plugin. -->","yoast_head_json":{"title":"LAMPARA FRONTAL MD1000 FO. CON CINTA CRANEAL HEINE - Tu mejor opci\u00f3n Equipo M\u00e9dico M\u00e9xico","robots":{"index":"index","follow":"follow","max-snippet":"max-snippet:-1","max-image-preview":"max-image-preview:large","max-video-preview":"max-video-preview:-1"},"canonical":"https:\/\/buscoequipomedico.com\/?product=lampara-frontal-md1000-fo-con-cinta-craneal-heine","og_locale":"es_ES","og_type":"article","og_title":"LAMPARA FRONTAL MD1000 FO. CON CINTA CRANEAL HEINE - Tu mejor opci\u00f3n Equipo M\u00e9dico M\u00e9xico","og_description":"\u00bbEl cabezal de la l\u00e1mpara y la lupa binocular se pueden mover\u00a0independientemente una de otra.\u00bbLa iluminaci\u00f3n permanece fija sobre el punto donde se necesite la luz.\u00bbFabricado con componentes y mano de obra 100% Alemana.","og_url":"https:\/\/buscoequipomedico.com\/?product=lampara-frontal-md1000-fo-con-cinta-craneal-heine","og_site_name":"Tu mejor opci\u00f3n Equipo M\u00e9dico M\u00e9xico","article_modified_time":"2020-02-18T07:35:35+00:00","og_image":[{"width":800,"height":800,"url":"https:\/\/buscoequipomedico.com\/wp-content\/uploads\/2020\/02\/lampara-frontal-md1000-fo-con-cinta-craneal-heine-el-cabezal-de-la-lampara-y-la-lupa-binocular-se-pueden-mover-independientement.jpg","type":"image\/png"}],"twitter_card":"summary_large_image","twitter_misc":{"Tiempo de lectura":"1 minuto"},"schema":{"@context":"https:\/\/schema.org","@graph":[{"@type":"WebPage","@id":"https:\/\/buscoequipomedico.com\/?product=lampara-frontal-md1000-fo-con-cinta-craneal-heine","url":"https:\/\/buscoequipomedico.com\/?product=lampara-frontal-md1000-fo-con-cinta-craneal-heine","name":"LAMPARA FRONTAL MD1000 FO. CON CINTA CRANEAL HEINE - Tu mejor opci\u00f3n Equipo M\u00e9dico M\u00e9xico","isPartOf":{"@id":"https:\/\/buscoequipomedico.com\/#website"},"primaryImageOfPage":{"@id":"https:\/\/buscoequipomedico.com\/?product=lampara-frontal-md1000-fo-con-cinta-craneal-heine#primaryimage"},"image":{"@id":"https:\/\/buscoequipomedico.com\/?product=lampara-frontal-md1000-fo-con-cinta-craneal-heine#primaryimage"},"thumbnailUrl":"https:\/\/buscoequipomedico.com\/wp-content\/uploads\/2020\/02\/lampara-frontal-md1000-fo-con-cinta-craneal-heine-el-cabezal-de-la-lampara-y-la-lupa-binocular-se-pueden-mover-independientement.jpg","datePublished":"2020-02-18T07:35:32+00:00","dateModified":"2020-02-18T07:35:35+00:00","breadcrumb":{"@id":"https:\/\/buscoequipomedico.com\/?product=lampara-frontal-md1000-fo-con-cinta-craneal-heine#breadcrumb"},"inLanguage":"es","potentialAction":[{"@type":"ReadAction","target":["https:\/\/buscoequipomedico.com\/?product=lampara-frontal-md1000-fo-con-cinta-craneal-heine"]}]},{"@type":"ImageObject","inLanguage":"es","@id":"https:\/\/buscoequipomedico.com\/?product=lampara-frontal-md1000-fo-con-cinta-craneal-heine#primaryimage","url":"https:\/\/buscoequipomedico.com\/wp-content\/uploads\/2020\/02\/lampara-frontal-md1000-fo-con-cinta-craneal-heine-el-cabezal-de-la-lampara-y-la-lupa-binocular-se-pueden-mover-independientement.jpg","contentUrl":"https:\/\/buscoequipomedico.com\/wp-content\/uploads\/2020\/02\/lampara-frontal-md1000-fo-con-cinta-craneal-heine-el-cabezal-de-la-lampara-y-la-lupa-binocular-se-pueden-mover-independientement.jpg","width":800,"height":800},{"@type":"BreadcrumbList","@id":"https:\/\/buscoequipomedico.com\/?product=lampara-frontal-md1000-fo-con-cinta-craneal-heine#breadcrumb","itemListElement":[{"@type":"ListItem","position":1,"name":"Productos","item":"https:\/\/buscoequipomedico.com\/shop\/"},{"@type":"ListItem","position":2,"name":"LAMPARA FRONTAL MD1000 FO. CON CINTA CRANEAL HEINE"}]},{"@type":"WebSite","@id":"https:\/\/buscoequipomedico.com\/#website","url":"https:\/\/buscoequipomedico.com\/","name":"Tu mejor opci\u00f3n Equipo M\u00e9dico M\u00e9xico","description":"Tienda de equipo m\u00e9dico","publisher":{"@id":"https:\/\/buscoequipomedico.com\/#organization"},"potentialAction":[{"@type":"SearchAction","target":{"@type":"EntryPoint","urlTemplate":"https:\/\/buscoequipomedico.com\/?s={search_term_string}"},"query-input":{"@type":"PropertyValueSpecification","valueRequired":true,"valueName":"search_term_string"}}],"inLanguage":"es"},{"@type":"Organization","@id":"https:\/\/buscoequipomedico.com\/#organization","name":"Tu mejor opci\u00f3n Equipo M\u00e9dico M\u00e9xico","url":"https:\/\/buscoequipomedico.com\/","logo":{"@type":"ImageObject","inLanguage":"es","@id":"https:\/\/buscoequipomedico.com\/#\/schema\/logo\/image\/","url":"https:\/\/buscoequipomedico.com\/wp-content\/uploads\/2021\/07\/EMM-VPrincipal-scaled.jpg","contentUrl":"https:\/\/buscoequipomedico.com\/wp-content\/uploads\/2021\/07\/EMM-VPrincipal-scaled.jpg","width":2560,"height":1058,"caption":"Tu mejor opci\u00f3n Equipo M\u00e9dico M\u00e9xico"},"image":{"@id":"https:\/\/buscoequipomedico.com\/#\/schema\/logo\/image\/"}}]}},"_links":{"self":[{"href":"https:\/\/buscoequipomedico.com\/index.php?rest_route=\/wp\/v2\/product\/12527","targetHints":{"allow":["GET"]}}],"collection":[{"href":"https:\/\/buscoequipomedico.com\/index.php?rest_route=\/wp\/v2\/product"}],"about":[{"href":"https:\/\/buscoequipomedico.com\/index.php?rest_route=\/wp\/v2\/types\/product"}],"wp:featuredmedia":[{"embeddable":true,"href":"https:\/\/buscoequipomedico.com\/index.php?rest_route=\/wp\/v2\/media\/12528"}],"wp:attachment":[{"href":"https:\/\/buscoequipomedico.com\/index.php?rest_route=%2Fwp%2Fv2%2Fmedia&parent=12527"}],"wp:term":[{"taxonomy":"product_brand","embeddable":true,"href":"https:\/\/buscoequipomedico.com\/index.php?rest_route=%2Fwp%2Fv2%2Fproduct_brand&post=12527"},{"taxonomy":"product_cat","embeddable":true,"href":"https:\/\/buscoequipomedico.com\/index.php?rest_route=%2Fwp%2Fv2%2Fproduct_cat&post=12527"},{"taxonomy":"product_tag","embeddable":true,"href":"https:\/\/buscoequipomedico.com\/index.php?rest_route=%2Fwp%2Fv2%2Fproduct_tag&post=12527"}],"curies":[{"name":"wp","href":"https:\/\/api.w.org\/{rel}","templated":true}]}}