{"id":12549,"date":"2020-02-18T07:35:38","date_gmt":"2020-02-18T07:35:38","guid":{"rendered":"https:\/\/equipomedicomexico-com.preview-domain.com\/product\/microlight2lightw-mpack-mini\/"},"modified":"2020-02-18T07:35:38","modified_gmt":"2020-02-18T07:35:38","slug":"microlight2lightw-mpack-mini","status":"publish","type":"product","link":"https:\/\/buscoequipomedico.com\/?product=microlight2lightw-mpack-mini","title":{"rendered":"MICROLIGHT2+LIGHTW.+MPACK MINI"},"content":{"rendered":"<p>LED MicroLight 2 es una l\u00e1mpara frontal compacta para iluminaci\u00f3n en LED HQ. Tambi\u00e9n combina una iluminaci\u00f3n homog\u00e9nea con una reproducci\u00f3n de color natural: para unas condiciones de examen perfectas. Dos opciones de montura diferentes ofrecen personalizaci\u00f3n y facilidad de manejo. Iluminaci\u00f3n de calidad con un dise\u00f1o ligero. Para una visi\u00f3n perfecta y un diagn\u00f3stico preciso la MicroLight 2 ahora es 25% m\u00e1s luminosa que el modelo anterior, con una intensidad de luz homog\u00e9nea de borde a borde de tip. 55,000 lux. Para uso intensivo, la MicroLight 2 ahora cuenta con un cable de conexi\u00f3n reemplazable para conectarla al mPack mini \u2013 la nueva fuente de poder recargable compacta de la MicroLight 2.<\/p>\n<\/p>\n<p>mPack mini. M\u00e1s peque\u00f1a. M\u00e1s ligera.<\/p>\n<\/p>\n<p><span>\u00a0<\/span>Recargable mediante USB. T\u00edp. 9 horas de funcionamiento.<\/p>\n<\/p>\n<p><span>\u00a0<\/span>Funcionamiento continuo a potencia m\u00e1xima t\u00edp. 4 horas.<\/p>\n<\/p>\n<p>Cable de conexi\u00f3n reemplazable de alta calidad<\/p>\n<\/p>\n<p>Libre de sombras<\/p>\n<\/p>\n<p>Carcasa de aluminio<\/p><\/p>\n","protected":false},"excerpt":{"rendered":"<p>En cinta craneal Lightweight con mPack mini, mPack mini clip para cintur\u00f3n, E4-USB fuente de alimentaci\u00f3n de enchufe, en malet\u00edn<\/p>\n","protected":false},"featured_media":12550,"template":"","meta":{"_joinchat":[]},"product_brand":[],"product_cat":[278,286],"product_tag":[],"class_list":{"0":"post-12549","1":"product","2":"type-product","3":"status-publish","4":"has-post-thumbnail","6":"product_cat-lamparas","7":"product_cat-lamparas-frontales","8":"pa_marca-heine","10":"first","11":"instock","12":"purchasable","13":"product-type-simple"},"yoast_head":"<!-- This site is optimized with the Yoast SEO plugin v25.1 - https:\/\/yoast.com\/wordpress\/plugins\/seo\/ -->\n<title>MICROLIGHT2+LIGHTW.+MPACK MINI - Tu mejor opci\u00f3n Equipo M\u00e9dico M\u00e9xico<\/title>\n<meta name=\"robots\" content=\"index, follow, max-snippet:-1, max-image-preview:large, max-video-preview:-1\" \/>\n<link rel=\"canonical\" href=\"https:\/\/buscoequipomedico.com\/?product=microlight2lightw-mpack-mini\" \/>\n<meta property=\"og:locale\" content=\"es_ES\" \/>\n<meta property=\"og:type\" content=\"article\" \/>\n<meta property=\"og:title\" content=\"MICROLIGHT2+LIGHTW.+MPACK MINI - Tu mejor opci\u00f3n Equipo M\u00e9dico M\u00e9xico\" \/>\n<meta property=\"og:description\" content=\"En cinta craneal Lightweight con mPack mini, mPack mini clip para cintur\u00f3n, E4-USB fuente de alimentaci\u00f3n de enchufe, en malet\u00edn\" \/>\n<meta property=\"og:url\" content=\"https:\/\/buscoequipomedico.com\/?product=microlight2lightw-mpack-mini\" \/>\n<meta property=\"og:site_name\" content=\"Tu mejor opci\u00f3n Equipo M\u00e9dico M\u00e9xico\" \/>\n<meta property=\"og:image\" content=\"https:\/\/buscoequipomedico.com\/wp-content\/uploads\/2020\/02\/microlight2-lightw-mpack-mini-en-cinta-craneal-lightweight-con-mpack-mini-mpack-mini-clip-para-cinturon-e4-usb-fuente-de-aliment.jpg\" \/>\n\t<meta property=\"og:image:width\" content=\"800\" \/>\n\t<meta property=\"og:image:height\" content=\"800\" \/>\n\t<meta property=\"og:image:type\" content=\"image\/png\" \/>\n<meta name=\"twitter:card\" content=\"summary_large_image\" \/>\n<meta name=\"twitter:label1\" content=\"Tiempo de lectura\" \/>\n\t<meta name=\"twitter:data1\" content=\"1 minuto\" \/>\n<script type=\"application\/ld+json\" class=\"yoast-schema-graph\">{\"@context\":\"https:\/\/schema.org\",\"@graph\":[{\"@type\":\"WebPage\",\"@id\":\"https:\/\/buscoequipomedico.com\/?product=microlight2lightw-mpack-mini\",\"url\":\"https:\/\/buscoequipomedico.com\/?product=microlight2lightw-mpack-mini\",\"name\":\"MICROLIGHT2+LIGHTW.+MPACK MINI - Tu mejor opci\u00f3n Equipo M\u00e9dico M\u00e9xico\",\"isPartOf\":{\"@id\":\"https:\/\/buscoequipomedico.com\/#website\"},\"primaryImageOfPage\":{\"@id\":\"https:\/\/buscoequipomedico.com\/?product=microlight2lightw-mpack-mini#primaryimage\"},\"image\":{\"@id\":\"https:\/\/buscoequipomedico.com\/?product=microlight2lightw-mpack-mini#primaryimage\"},\"thumbnailUrl\":\"https:\/\/buscoequipomedico.com\/wp-content\/uploads\/2020\/02\/microlight2-lightw-mpack-mini-en-cinta-craneal-lightweight-con-mpack-mini-mpack-mini-clip-para-cinturon-e4-usb-fuente-de-aliment.jpg\",\"datePublished\":\"2020-02-18T07:35:38+00:00\",\"breadcrumb\":{\"@id\":\"https:\/\/buscoequipomedico.com\/?product=microlight2lightw-mpack-mini#breadcrumb\"},\"inLanguage\":\"es\",\"potentialAction\":[{\"@type\":\"ReadAction\",\"target\":[\"https:\/\/buscoequipomedico.com\/?product=microlight2lightw-mpack-mini\"]}]},{\"@type\":\"ImageObject\",\"inLanguage\":\"es\",\"@id\":\"https:\/\/buscoequipomedico.com\/?product=microlight2lightw-mpack-mini#primaryimage\",\"url\":\"https:\/\/buscoequipomedico.com\/wp-content\/uploads\/2020\/02\/microlight2-lightw-mpack-mini-en-cinta-craneal-lightweight-con-mpack-mini-mpack-mini-clip-para-cinturon-e4-usb-fuente-de-aliment.jpg\",\"contentUrl\":\"https:\/\/buscoequipomedico.com\/wp-content\/uploads\/2020\/02\/microlight2-lightw-mpack-mini-en-cinta-craneal-lightweight-con-mpack-mini-mpack-mini-clip-para-cinturon-e4-usb-fuente-de-aliment.jpg\",\"width\":800,\"height\":800},{\"@type\":\"BreadcrumbList\",\"@id\":\"https:\/\/buscoequipomedico.com\/?product=microlight2lightw-mpack-mini#breadcrumb\",\"itemListElement\":[{\"@type\":\"ListItem\",\"position\":1,\"name\":\"Productos\",\"item\":\"https:\/\/buscoequipomedico.com\/shop\/\"},{\"@type\":\"ListItem\",\"position\":2,\"name\":\"MICROLIGHT2+LIGHTW.+MPACK MINI\"}]},{\"@type\":\"WebSite\",\"@id\":\"https:\/\/buscoequipomedico.com\/#website\",\"url\":\"https:\/\/buscoequipomedico.com\/\",\"name\":\"Tu mejor opci\u00f3n Equipo M\u00e9dico M\u00e9xico\",\"description\":\"Tienda de equipo m\u00e9dico\",\"publisher\":{\"@id\":\"https:\/\/buscoequipomedico.com\/#organization\"},\"potentialAction\":[{\"@type\":\"SearchAction\",\"target\":{\"@type\":\"EntryPoint\",\"urlTemplate\":\"https:\/\/buscoequipomedico.com\/?s={search_term_string}\"},\"query-input\":{\"@type\":\"PropertyValueSpecification\",\"valueRequired\":true,\"valueName\":\"search_term_string\"}}],\"inLanguage\":\"es\"},{\"@type\":\"Organization\",\"@id\":\"https:\/\/buscoequipomedico.com\/#organization\",\"name\":\"Tu mejor opci\u00f3n Equipo M\u00e9dico M\u00e9xico\",\"url\":\"https:\/\/buscoequipomedico.com\/\",\"logo\":{\"@type\":\"ImageObject\",\"inLanguage\":\"es\",\"@id\":\"https:\/\/buscoequipomedico.com\/#\/schema\/logo\/image\/\",\"url\":\"https:\/\/buscoequipomedico.com\/wp-content\/uploads\/2021\/07\/EMM-VPrincipal-scaled.jpg\",\"contentUrl\":\"https:\/\/buscoequipomedico.com\/wp-content\/uploads\/2021\/07\/EMM-VPrincipal-scaled.jpg\",\"width\":2560,\"height\":1058,\"caption\":\"Tu mejor opci\u00f3n Equipo M\u00e9dico M\u00e9xico\"},\"image\":{\"@id\":\"https:\/\/buscoequipomedico.com\/#\/schema\/logo\/image\/\"}}]}<\/script>\n<!-- \/ Yoast SEO plugin. -->","yoast_head_json":{"title":"MICROLIGHT2+LIGHTW.+MPACK MINI - Tu mejor opci\u00f3n Equipo M\u00e9dico M\u00e9xico","robots":{"index":"index","follow":"follow","max-snippet":"max-snippet:-1","max-image-preview":"max-image-preview:large","max-video-preview":"max-video-preview:-1"},"canonical":"https:\/\/buscoequipomedico.com\/?product=microlight2lightw-mpack-mini","og_locale":"es_ES","og_type":"article","og_title":"MICROLIGHT2+LIGHTW.+MPACK MINI - Tu mejor opci\u00f3n Equipo M\u00e9dico M\u00e9xico","og_description":"En cinta craneal Lightweight con mPack mini, mPack mini clip para cintur\u00f3n, E4-USB fuente de alimentaci\u00f3n de enchufe, en malet\u00edn","og_url":"https:\/\/buscoequipomedico.com\/?product=microlight2lightw-mpack-mini","og_site_name":"Tu mejor opci\u00f3n Equipo M\u00e9dico M\u00e9xico","og_image":[{"width":800,"height":800,"url":"https:\/\/buscoequipomedico.com\/wp-content\/uploads\/2020\/02\/microlight2-lightw-mpack-mini-en-cinta-craneal-lightweight-con-mpack-mini-mpack-mini-clip-para-cinturon-e4-usb-fuente-de-aliment.jpg","type":"image\/png"}],"twitter_card":"summary_large_image","twitter_misc":{"Tiempo de lectura":"1 minuto"},"schema":{"@context":"https:\/\/schema.org","@graph":[{"@type":"WebPage","@id":"https:\/\/buscoequipomedico.com\/?product=microlight2lightw-mpack-mini","url":"https:\/\/buscoequipomedico.com\/?product=microlight2lightw-mpack-mini","name":"MICROLIGHT2+LIGHTW.+MPACK MINI - Tu mejor opci\u00f3n Equipo M\u00e9dico M\u00e9xico","isPartOf":{"@id":"https:\/\/buscoequipomedico.com\/#website"},"primaryImageOfPage":{"@id":"https:\/\/buscoequipomedico.com\/?product=microlight2lightw-mpack-mini#primaryimage"},"image":{"@id":"https:\/\/buscoequipomedico.com\/?product=microlight2lightw-mpack-mini#primaryimage"},"thumbnailUrl":"https:\/\/buscoequipomedico.com\/wp-content\/uploads\/2020\/02\/microlight2-lightw-mpack-mini-en-cinta-craneal-lightweight-con-mpack-mini-mpack-mini-clip-para-cinturon-e4-usb-fuente-de-aliment.jpg","datePublished":"2020-02-18T07:35:38+00:00","breadcrumb":{"@id":"https:\/\/buscoequipomedico.com\/?product=microlight2lightw-mpack-mini#breadcrumb"},"inLanguage":"es","potentialAction":[{"@type":"ReadAction","target":["https:\/\/buscoequipomedico.com\/?product=microlight2lightw-mpack-mini"]}]},{"@type":"ImageObject","inLanguage":"es","@id":"https:\/\/buscoequipomedico.com\/?product=microlight2lightw-mpack-mini#primaryimage","url":"https:\/\/buscoequipomedico.com\/wp-content\/uploads\/2020\/02\/microlight2-lightw-mpack-mini-en-cinta-craneal-lightweight-con-mpack-mini-mpack-mini-clip-para-cinturon-e4-usb-fuente-de-aliment.jpg","contentUrl":"https:\/\/buscoequipomedico.com\/wp-content\/uploads\/2020\/02\/microlight2-lightw-mpack-mini-en-cinta-craneal-lightweight-con-mpack-mini-mpack-mini-clip-para-cinturon-e4-usb-fuente-de-aliment.jpg","width":800,"height":800},{"@type":"BreadcrumbList","@id":"https:\/\/buscoequipomedico.com\/?product=microlight2lightw-mpack-mini#breadcrumb","itemListElement":[{"@type":"ListItem","position":1,"name":"Productos","item":"https:\/\/buscoequipomedico.com\/shop\/"},{"@type":"ListItem","position":2,"name":"MICROLIGHT2+LIGHTW.+MPACK MINI"}]},{"@type":"WebSite","@id":"https:\/\/buscoequipomedico.com\/#website","url":"https:\/\/buscoequipomedico.com\/","name":"Tu mejor opci\u00f3n Equipo M\u00e9dico M\u00e9xico","description":"Tienda de equipo m\u00e9dico","publisher":{"@id":"https:\/\/buscoequipomedico.com\/#organization"},"potentialAction":[{"@type":"SearchAction","target":{"@type":"EntryPoint","urlTemplate":"https:\/\/buscoequipomedico.com\/?s={search_term_string}"},"query-input":{"@type":"PropertyValueSpecification","valueRequired":true,"valueName":"search_term_string"}}],"inLanguage":"es"},{"@type":"Organization","@id":"https:\/\/buscoequipomedico.com\/#organization","name":"Tu mejor opci\u00f3n Equipo M\u00e9dico M\u00e9xico","url":"https:\/\/buscoequipomedico.com\/","logo":{"@type":"ImageObject","inLanguage":"es","@id":"https:\/\/buscoequipomedico.com\/#\/schema\/logo\/image\/","url":"https:\/\/buscoequipomedico.com\/wp-content\/uploads\/2021\/07\/EMM-VPrincipal-scaled.jpg","contentUrl":"https:\/\/buscoequipomedico.com\/wp-content\/uploads\/2021\/07\/EMM-VPrincipal-scaled.jpg","width":2560,"height":1058,"caption":"Tu mejor opci\u00f3n Equipo M\u00e9dico M\u00e9xico"},"image":{"@id":"https:\/\/buscoequipomedico.com\/#\/schema\/logo\/image\/"}}]}},"_links":{"self":[{"href":"https:\/\/buscoequipomedico.com\/index.php?rest_route=\/wp\/v2\/product\/12549","targetHints":{"allow":["GET"]}}],"collection":[{"href":"https:\/\/buscoequipomedico.com\/index.php?rest_route=\/wp\/v2\/product"}],"about":[{"href":"https:\/\/buscoequipomedico.com\/index.php?rest_route=\/wp\/v2\/types\/product"}],"wp:featuredmedia":[{"embeddable":true,"href":"https:\/\/buscoequipomedico.com\/index.php?rest_route=\/wp\/v2\/media\/12550"}],"wp:attachment":[{"href":"https:\/\/buscoequipomedico.com\/index.php?rest_route=%2Fwp%2Fv2%2Fmedia&parent=12549"}],"wp:term":[{"taxonomy":"product_brand","embeddable":true,"href":"https:\/\/buscoequipomedico.com\/index.php?rest_route=%2Fwp%2Fv2%2Fproduct_brand&post=12549"},{"taxonomy":"product_cat","embeddable":true,"href":"https:\/\/buscoequipomedico.com\/index.php?rest_route=%2Fwp%2Fv2%2Fproduct_cat&post=12549"},{"taxonomy":"product_tag","embeddable":true,"href":"https:\/\/buscoequipomedico.com\/index.php?rest_route=%2Fwp%2Fv2%2Fproduct_tag&post=12549"}],"curies":[{"name":"wp","href":"https:\/\/api.w.org\/{rel}","templated":true}]}}