{"id":12562,"date":"2020-02-18T07:35:38","date_gmt":"2020-02-18T07:35:38","guid":{"rendered":"https:\/\/equipomedicomexico-com.preview-domain.com\/product\/espatulas-de-laringoscopio-f-o-heine-flextip\/"},"modified":"2020-02-18T07:35:40","modified_gmt":"2020-02-18T07:35:40","slug":"espatulas-de-laringoscopio-f-o-heine-flextip","status":"publish","type":"product","link":"https:\/\/buscoequipomedico.com\/?product=espatulas-de-laringoscopio-f-o-heine-flextip","title":{"rendered":"ESP\u00c1TULAS DE LARINGOSCOPIO F.O. HEINE\u00ae FLEXTIP+"},"content":{"rendered":"<p>\u00a0A elecci\u00f3n con iluminaci\u00f3n LED o XHL, con una intensidad luminosa tres veces superior o un 40 % mayor a la de l\u00e1mparas hal\u00f3genas convencionales. Excelente iluminaci\u00f3n mediante la luz fr\u00eda integrada con gran secci\u00f3n transversal. Construcci\u00f3n de inmejorable calidad de acero inoxidable. El final de la esp\u00e1tula acodable hasta un 70\u00b0 facilita la intubaci\u00f3n dif\u00edcil. Considerable reducci\u00f3n del peligro de lesiones en pacientes con problemas. Compatible con todos los mangos F.O. est\u00e1ndar (sistema verde). Excepto mango angular de F.O.5 a\u00f1os de garant\u00eda. 4000 esterilizaciones en autoclave con ciclo normal de autoclave 134 \u00baC \/ 4 min., mantiene una intensidad de iluminaci\u00f3n de m\u00e1s de 1000 lux. FlexTip+ Mac 4: 137 mm longitud total, 13.2 mm ancho en el extremo distal<\/p>\n","protected":false},"excerpt":{"rendered":"<p><span>La esp\u00e1tula FlexTip+ (F.O.) flexible es una esp\u00e1tula de Macintosh con punta distal acodable (hasta 70\u00b0). Al introducir la esp\u00e1tula se eleva la epiglotis. Con ello la vista de la entrada lar\u00edngea as\u00ed como de las cuerdas vocales queda libre. Se evita una presi\u00f3n desmesurada sobre los dientes superiores, la lengua y la zona far\u00edngea. Haces de fibra \u00f3ptica HEINE HiLite con hasta 6500 microfibras para una mejor transmisi\u00f3n de luz y m\u00e1s duraci\u00f3n.\u00a0<\/span><\/p><\/p>\n","protected":false},"featured_media":12563,"template":"","meta":{"_joinchat":[]},"product_brand":[],"product_cat":[244,288],"product_tag":[],"class_list":{"0":"post-12562","1":"product","2":"type-product","3":"status-publish","4":"has-post-thumbnail","6":"product_cat-equipos-de-diagnostico","7":"product_cat-laringoscopios","8":"pa_marca-heine","10":"first","11":"instock","12":"purchasable","13":"product-type-simple"},"yoast_head":"<!-- This site is optimized with the Yoast SEO plugin v25.1 - https:\/\/yoast.com\/wordpress\/plugins\/seo\/ -->\n<title>ESP\u00c1TULAS DE LARINGOSCOPIO F.O. HEINE\u00ae FLEXTIP+ - Tu mejor opci\u00f3n Equipo M\u00e9dico M\u00e9xico<\/title>\n<meta name=\"robots\" content=\"index, follow, max-snippet:-1, max-image-preview:large, max-video-preview:-1\" \/>\n<link rel=\"canonical\" href=\"https:\/\/buscoequipomedico.com\/?product=espatulas-de-laringoscopio-f-o-heine-flextip\" \/>\n<meta property=\"og:locale\" content=\"es_ES\" \/>\n<meta property=\"og:type\" content=\"article\" \/>\n<meta property=\"og:title\" content=\"ESP\u00c1TULAS DE LARINGOSCOPIO F.O. HEINE\u00ae FLEXTIP+ - Tu mejor opci\u00f3n Equipo M\u00e9dico M\u00e9xico\" \/>\n<meta property=\"og:description\" content=\"La esp\u00e1tula FlexTip+ (F.O.) flexible es una esp\u00e1tula de Macintosh con punta distal acodable (hasta 70\u00b0). Al introducir la esp\u00e1tula se eleva la epiglotis. Con ello la vista de la entrada lar\u00edngea as\u00ed como de las cuerdas vocales queda libre. Se evita una presi\u00f3n desmesurada sobre los dientes superiores, la lengua y la zona far\u00edngea. Haces de fibra \u00f3ptica HEINE HiLite con hasta 6500 microfibras para una mejor transmisi\u00f3n de luz y m\u00e1s duraci\u00f3n.\u00a0\" \/>\n<meta property=\"og:url\" content=\"https:\/\/buscoequipomedico.com\/?product=espatulas-de-laringoscopio-f-o-heine-flextip\" \/>\n<meta property=\"og:site_name\" content=\"Tu mejor opci\u00f3n Equipo M\u00e9dico M\u00e9xico\" \/>\n<meta property=\"article:modified_time\" content=\"2020-02-18T07:35:40+00:00\" \/>\n<meta property=\"og:image\" content=\"https:\/\/buscoequipomedico.com\/wp-content\/uploads\/2020\/02\/espatulas-de-laringoscopio-fo-heiner-flextip-la-espatula-flextip-fo-flexible-es-una-espatula-de-macintosh-con-punta-distal-acoda.jpg\" \/>\n\t<meta property=\"og:image:width\" content=\"800\" \/>\n\t<meta property=\"og:image:height\" content=\"800\" \/>\n\t<meta property=\"og:image:type\" content=\"image\/png\" \/>\n<meta name=\"twitter:card\" content=\"summary_large_image\" \/>\n<meta name=\"twitter:label1\" content=\"Tiempo de lectura\" \/>\n\t<meta name=\"twitter:data1\" content=\"1 minuto\" \/>\n<script type=\"application\/ld+json\" class=\"yoast-schema-graph\">{\"@context\":\"https:\/\/schema.org\",\"@graph\":[{\"@type\":\"WebPage\",\"@id\":\"https:\/\/buscoequipomedico.com\/?product=espatulas-de-laringoscopio-f-o-heine-flextip\",\"url\":\"https:\/\/buscoequipomedico.com\/?product=espatulas-de-laringoscopio-f-o-heine-flextip\",\"name\":\"ESP\u00c1TULAS DE LARINGOSCOPIO F.O. HEINE\u00ae FLEXTIP+ - Tu mejor opci\u00f3n Equipo M\u00e9dico M\u00e9xico\",\"isPartOf\":{\"@id\":\"https:\/\/buscoequipomedico.com\/#website\"},\"primaryImageOfPage\":{\"@id\":\"https:\/\/buscoequipomedico.com\/?product=espatulas-de-laringoscopio-f-o-heine-flextip#primaryimage\"},\"image\":{\"@id\":\"https:\/\/buscoequipomedico.com\/?product=espatulas-de-laringoscopio-f-o-heine-flextip#primaryimage\"},\"thumbnailUrl\":\"https:\/\/buscoequipomedico.com\/wp-content\/uploads\/2020\/02\/espatulas-de-laringoscopio-fo-heiner-flextip-la-espatula-flextip-fo-flexible-es-una-espatula-de-macintosh-con-punta-distal-acoda.jpg\",\"datePublished\":\"2020-02-18T07:35:38+00:00\",\"dateModified\":\"2020-02-18T07:35:40+00:00\",\"breadcrumb\":{\"@id\":\"https:\/\/buscoequipomedico.com\/?product=espatulas-de-laringoscopio-f-o-heine-flextip#breadcrumb\"},\"inLanguage\":\"es\",\"potentialAction\":[{\"@type\":\"ReadAction\",\"target\":[\"https:\/\/buscoequipomedico.com\/?product=espatulas-de-laringoscopio-f-o-heine-flextip\"]}]},{\"@type\":\"ImageObject\",\"inLanguage\":\"es\",\"@id\":\"https:\/\/buscoequipomedico.com\/?product=espatulas-de-laringoscopio-f-o-heine-flextip#primaryimage\",\"url\":\"https:\/\/buscoequipomedico.com\/wp-content\/uploads\/2020\/02\/espatulas-de-laringoscopio-fo-heiner-flextip-la-espatula-flextip-fo-flexible-es-una-espatula-de-macintosh-con-punta-distal-acoda.jpg\",\"contentUrl\":\"https:\/\/buscoequipomedico.com\/wp-content\/uploads\/2020\/02\/espatulas-de-laringoscopio-fo-heiner-flextip-la-espatula-flextip-fo-flexible-es-una-espatula-de-macintosh-con-punta-distal-acoda.jpg\",\"width\":800,\"height\":800},{\"@type\":\"BreadcrumbList\",\"@id\":\"https:\/\/buscoequipomedico.com\/?product=espatulas-de-laringoscopio-f-o-heine-flextip#breadcrumb\",\"itemListElement\":[{\"@type\":\"ListItem\",\"position\":1,\"name\":\"Productos\",\"item\":\"https:\/\/buscoequipomedico.com\/shop\/\"},{\"@type\":\"ListItem\",\"position\":2,\"name\":\"ESP\u00c1TULAS DE LARINGOSCOPIO F.O. HEINE\u00ae FLEXTIP+\"}]},{\"@type\":\"WebSite\",\"@id\":\"https:\/\/buscoequipomedico.com\/#website\",\"url\":\"https:\/\/buscoequipomedico.com\/\",\"name\":\"Tu mejor opci\u00f3n Equipo M\u00e9dico M\u00e9xico\",\"description\":\"Tienda de equipo m\u00e9dico\",\"publisher\":{\"@id\":\"https:\/\/buscoequipomedico.com\/#organization\"},\"potentialAction\":[{\"@type\":\"SearchAction\",\"target\":{\"@type\":\"EntryPoint\",\"urlTemplate\":\"https:\/\/buscoequipomedico.com\/?s={search_term_string}\"},\"query-input\":{\"@type\":\"PropertyValueSpecification\",\"valueRequired\":true,\"valueName\":\"search_term_string\"}}],\"inLanguage\":\"es\"},{\"@type\":\"Organization\",\"@id\":\"https:\/\/buscoequipomedico.com\/#organization\",\"name\":\"Tu mejor opci\u00f3n Equipo M\u00e9dico M\u00e9xico\",\"url\":\"https:\/\/buscoequipomedico.com\/\",\"logo\":{\"@type\":\"ImageObject\",\"inLanguage\":\"es\",\"@id\":\"https:\/\/buscoequipomedico.com\/#\/schema\/logo\/image\/\",\"url\":\"https:\/\/buscoequipomedico.com\/wp-content\/uploads\/2021\/07\/EMM-VPrincipal-scaled.jpg\",\"contentUrl\":\"https:\/\/buscoequipomedico.com\/wp-content\/uploads\/2021\/07\/EMM-VPrincipal-scaled.jpg\",\"width\":2560,\"height\":1058,\"caption\":\"Tu mejor opci\u00f3n Equipo M\u00e9dico M\u00e9xico\"},\"image\":{\"@id\":\"https:\/\/buscoequipomedico.com\/#\/schema\/logo\/image\/\"}}]}<\/script>\n<!-- \/ Yoast SEO plugin. -->","yoast_head_json":{"title":"ESP\u00c1TULAS DE LARINGOSCOPIO F.O. HEINE\u00ae FLEXTIP+ - Tu mejor opci\u00f3n Equipo M\u00e9dico M\u00e9xico","robots":{"index":"index","follow":"follow","max-snippet":"max-snippet:-1","max-image-preview":"max-image-preview:large","max-video-preview":"max-video-preview:-1"},"canonical":"https:\/\/buscoequipomedico.com\/?product=espatulas-de-laringoscopio-f-o-heine-flextip","og_locale":"es_ES","og_type":"article","og_title":"ESP\u00c1TULAS DE LARINGOSCOPIO F.O. HEINE\u00ae FLEXTIP+ - Tu mejor opci\u00f3n Equipo M\u00e9dico M\u00e9xico","og_description":"La esp\u00e1tula FlexTip+ (F.O.) flexible es una esp\u00e1tula de Macintosh con punta distal acodable (hasta 70\u00b0). Al introducir la esp\u00e1tula se eleva la epiglotis. Con ello la vista de la entrada lar\u00edngea as\u00ed como de las cuerdas vocales queda libre. Se evita una presi\u00f3n desmesurada sobre los dientes superiores, la lengua y la zona far\u00edngea. Haces de fibra \u00f3ptica HEINE HiLite con hasta 6500 microfibras para una mejor transmisi\u00f3n de luz y m\u00e1s duraci\u00f3n.\u00a0","og_url":"https:\/\/buscoequipomedico.com\/?product=espatulas-de-laringoscopio-f-o-heine-flextip","og_site_name":"Tu mejor opci\u00f3n Equipo M\u00e9dico M\u00e9xico","article_modified_time":"2020-02-18T07:35:40+00:00","og_image":[{"width":800,"height":800,"url":"https:\/\/buscoequipomedico.com\/wp-content\/uploads\/2020\/02\/espatulas-de-laringoscopio-fo-heiner-flextip-la-espatula-flextip-fo-flexible-es-una-espatula-de-macintosh-con-punta-distal-acoda.jpg","type":"image\/png"}],"twitter_card":"summary_large_image","twitter_misc":{"Tiempo de lectura":"1 minuto"},"schema":{"@context":"https:\/\/schema.org","@graph":[{"@type":"WebPage","@id":"https:\/\/buscoequipomedico.com\/?product=espatulas-de-laringoscopio-f-o-heine-flextip","url":"https:\/\/buscoequipomedico.com\/?product=espatulas-de-laringoscopio-f-o-heine-flextip","name":"ESP\u00c1TULAS DE LARINGOSCOPIO F.O. HEINE\u00ae FLEXTIP+ - Tu mejor opci\u00f3n Equipo M\u00e9dico M\u00e9xico","isPartOf":{"@id":"https:\/\/buscoequipomedico.com\/#website"},"primaryImageOfPage":{"@id":"https:\/\/buscoequipomedico.com\/?product=espatulas-de-laringoscopio-f-o-heine-flextip#primaryimage"},"image":{"@id":"https:\/\/buscoequipomedico.com\/?product=espatulas-de-laringoscopio-f-o-heine-flextip#primaryimage"},"thumbnailUrl":"https:\/\/buscoequipomedico.com\/wp-content\/uploads\/2020\/02\/espatulas-de-laringoscopio-fo-heiner-flextip-la-espatula-flextip-fo-flexible-es-una-espatula-de-macintosh-con-punta-distal-acoda.jpg","datePublished":"2020-02-18T07:35:38+00:00","dateModified":"2020-02-18T07:35:40+00:00","breadcrumb":{"@id":"https:\/\/buscoequipomedico.com\/?product=espatulas-de-laringoscopio-f-o-heine-flextip#breadcrumb"},"inLanguage":"es","potentialAction":[{"@type":"ReadAction","target":["https:\/\/buscoequipomedico.com\/?product=espatulas-de-laringoscopio-f-o-heine-flextip"]}]},{"@type":"ImageObject","inLanguage":"es","@id":"https:\/\/buscoequipomedico.com\/?product=espatulas-de-laringoscopio-f-o-heine-flextip#primaryimage","url":"https:\/\/buscoequipomedico.com\/wp-content\/uploads\/2020\/02\/espatulas-de-laringoscopio-fo-heiner-flextip-la-espatula-flextip-fo-flexible-es-una-espatula-de-macintosh-con-punta-distal-acoda.jpg","contentUrl":"https:\/\/buscoequipomedico.com\/wp-content\/uploads\/2020\/02\/espatulas-de-laringoscopio-fo-heiner-flextip-la-espatula-flextip-fo-flexible-es-una-espatula-de-macintosh-con-punta-distal-acoda.jpg","width":800,"height":800},{"@type":"BreadcrumbList","@id":"https:\/\/buscoequipomedico.com\/?product=espatulas-de-laringoscopio-f-o-heine-flextip#breadcrumb","itemListElement":[{"@type":"ListItem","position":1,"name":"Productos","item":"https:\/\/buscoequipomedico.com\/shop\/"},{"@type":"ListItem","position":2,"name":"ESP\u00c1TULAS DE LARINGOSCOPIO F.O. HEINE\u00ae FLEXTIP+"}]},{"@type":"WebSite","@id":"https:\/\/buscoequipomedico.com\/#website","url":"https:\/\/buscoequipomedico.com\/","name":"Tu mejor opci\u00f3n Equipo M\u00e9dico M\u00e9xico","description":"Tienda de equipo m\u00e9dico","publisher":{"@id":"https:\/\/buscoequipomedico.com\/#organization"},"potentialAction":[{"@type":"SearchAction","target":{"@type":"EntryPoint","urlTemplate":"https:\/\/buscoequipomedico.com\/?s={search_term_string}"},"query-input":{"@type":"PropertyValueSpecification","valueRequired":true,"valueName":"search_term_string"}}],"inLanguage":"es"},{"@type":"Organization","@id":"https:\/\/buscoequipomedico.com\/#organization","name":"Tu mejor opci\u00f3n Equipo M\u00e9dico M\u00e9xico","url":"https:\/\/buscoequipomedico.com\/","logo":{"@type":"ImageObject","inLanguage":"es","@id":"https:\/\/buscoequipomedico.com\/#\/schema\/logo\/image\/","url":"https:\/\/buscoequipomedico.com\/wp-content\/uploads\/2021\/07\/EMM-VPrincipal-scaled.jpg","contentUrl":"https:\/\/buscoequipomedico.com\/wp-content\/uploads\/2021\/07\/EMM-VPrincipal-scaled.jpg","width":2560,"height":1058,"caption":"Tu mejor opci\u00f3n Equipo M\u00e9dico M\u00e9xico"},"image":{"@id":"https:\/\/buscoequipomedico.com\/#\/schema\/logo\/image\/"}}]}},"_links":{"self":[{"href":"https:\/\/buscoequipomedico.com\/index.php?rest_route=\/wp\/v2\/product\/12562","targetHints":{"allow":["GET"]}}],"collection":[{"href":"https:\/\/buscoequipomedico.com\/index.php?rest_route=\/wp\/v2\/product"}],"about":[{"href":"https:\/\/buscoequipomedico.com\/index.php?rest_route=\/wp\/v2\/types\/product"}],"wp:featuredmedia":[{"embeddable":true,"href":"https:\/\/buscoequipomedico.com\/index.php?rest_route=\/wp\/v2\/media\/12563"}],"wp:attachment":[{"href":"https:\/\/buscoequipomedico.com\/index.php?rest_route=%2Fwp%2Fv2%2Fmedia&parent=12562"}],"wp:term":[{"taxonomy":"product_brand","embeddable":true,"href":"https:\/\/buscoequipomedico.com\/index.php?rest_route=%2Fwp%2Fv2%2Fproduct_brand&post=12562"},{"taxonomy":"product_cat","embeddable":true,"href":"https:\/\/buscoequipomedico.com\/index.php?rest_route=%2Fwp%2Fv2%2Fproduct_cat&post=12562"},{"taxonomy":"product_tag","embeddable":true,"href":"https:\/\/buscoequipomedico.com\/index.php?rest_route=%2Fwp%2Fv2%2Fproduct_tag&post=12562"}],"curies":[{"name":"wp","href":"https:\/\/api.w.org\/{rel}","templated":true}]}}