{"id":12597,"date":"2020-02-18T07:35:43","date_gmt":"2020-02-18T07:35:43","guid":{"rendered":"https:\/\/equipomedicomexico-com.preview-domain.com\/product\/hr25x-340i-view-para-s-frame\/"},"modified":"2020-02-18T07:35:44","modified_gmt":"2020-02-18T07:35:44","slug":"hr25x-340i-view-para-s-frame","status":"publish","type":"product","link":"https:\/\/buscoequipomedico.com\/?product=hr25x-340i-view-para-s-frame","title":{"rendered":"HR2,5X\/340+I-VIEW PARA S-FRAME"},"content":{"rendered":"<ul>\n<li>\u00d3pticas acrom\u00e1ticas para im\u00e1genes altamente n\u00edtidas y brillantes con correcci\u00f3n del color.<\/li>\n<li>Extremadamente ligeras (51g).<\/li>\n<li>Hidr\u00f3fugas.<\/li>\n<li>Regulaci\u00f3n por separado del ocular izquierdo y derecho, para un ajuste DP perfecto.<\/li>\n<li>Mayor campo de visi\u00f3n y mayor profundidad de campo.<\/li>\n<li>Soporte de lupa i-View. Permite todos los \u00e1ngulos de visi\u00f3n y la lupa se puede apartar hacia arriba independientemente de la l\u00e1mpara LED LoupeLight opcional.<\/li>\n<\/ul>\n","protected":false},"excerpt":{"rendered":"<p>Aumentos 2,5 x: Las lupas binoculares HR 2,5 x son extraordinarias por sus caracter\u00edsticas combinadas de alto aumento, nitidez en profundidad, amplio campo de visi\u00f3n y f\u00e1cil manejo. Son especialmente indicadas para la oftalmolog\u00eda, cirug\u00eda dental y pl\u00e1stica. La lupa 2,5 x es nuestra lupa binocular m\u00e1s vendida. Ideal para la cirug\u00eda y las aplicaciones en la odontolog\u00eda.<\/p>\n","protected":false},"featured_media":12598,"template":"","meta":{"_joinchat":[]},"product_brand":[],"product_cat":[291],"product_tag":[],"class_list":{"0":"post-12597","1":"product","2":"type-product","3":"status-publish","4":"has-post-thumbnail","6":"product_cat-lupas-binoculares","7":"pa_marca-heine","9":"first","10":"instock","11":"purchasable","12":"product-type-simple"},"yoast_head":"<!-- This site is optimized with the Yoast SEO plugin v25.1 - https:\/\/yoast.com\/wordpress\/plugins\/seo\/ -->\n<title>HR2,5X\/340+I-VIEW PARA S-FRAME - Tu mejor opci\u00f3n Equipo M\u00e9dico M\u00e9xico<\/title>\n<meta name=\"robots\" content=\"index, follow, max-snippet:-1, max-image-preview:large, max-video-preview:-1\" \/>\n<link rel=\"canonical\" href=\"https:\/\/buscoequipomedico.com\/?product=hr25x-340i-view-para-s-frame\" \/>\n<meta property=\"og:locale\" content=\"es_ES\" \/>\n<meta property=\"og:type\" content=\"article\" \/>\n<meta property=\"og:title\" content=\"HR2,5X\/340+I-VIEW PARA S-FRAME - Tu mejor opci\u00f3n Equipo M\u00e9dico M\u00e9xico\" \/>\n<meta property=\"og:description\" content=\"Aumentos 2,5 x: Las lupas binoculares HR 2,5 x son extraordinarias por sus caracter\u00edsticas combinadas de alto aumento, nitidez en profundidad, amplio campo de visi\u00f3n y f\u00e1cil manejo. Son especialmente indicadas para la oftalmolog\u00eda, cirug\u00eda dental y pl\u00e1stica. La lupa 2,5 x es nuestra lupa binocular m\u00e1s vendida. Ideal para la cirug\u00eda y las aplicaciones en la odontolog\u00eda.\" \/>\n<meta property=\"og:url\" content=\"https:\/\/buscoequipomedico.com\/?product=hr25x-340i-view-para-s-frame\" \/>\n<meta property=\"og:site_name\" content=\"Tu mejor opci\u00f3n Equipo M\u00e9dico M\u00e9xico\" \/>\n<meta property=\"article:modified_time\" content=\"2020-02-18T07:35:44+00:00\" \/>\n<meta property=\"og:image\" content=\"https:\/\/buscoequipomedico.com\/wp-content\/uploads\/2020\/02\/hr25x-340-i-view-para-s-frame-aumentos-25-x-las-lupas-binoculares-hr-25-x-son-extraordinarias-por-sus-caracteristicas-combinadas.jpg\" \/>\n\t<meta property=\"og:image:width\" content=\"800\" \/>\n\t<meta property=\"og:image:height\" content=\"800\" \/>\n\t<meta property=\"og:image:type\" content=\"image\/png\" \/>\n<meta name=\"twitter:card\" content=\"summary_large_image\" \/>\n<script type=\"application\/ld+json\" class=\"yoast-schema-graph\">{\"@context\":\"https:\/\/schema.org\",\"@graph\":[{\"@type\":\"WebPage\",\"@id\":\"https:\/\/buscoequipomedico.com\/?product=hr25x-340i-view-para-s-frame\",\"url\":\"https:\/\/buscoequipomedico.com\/?product=hr25x-340i-view-para-s-frame\",\"name\":\"HR2,5X\/340+I-VIEW PARA S-FRAME - Tu mejor opci\u00f3n Equipo M\u00e9dico M\u00e9xico\",\"isPartOf\":{\"@id\":\"https:\/\/buscoequipomedico.com\/#website\"},\"primaryImageOfPage\":{\"@id\":\"https:\/\/buscoequipomedico.com\/?product=hr25x-340i-view-para-s-frame#primaryimage\"},\"image\":{\"@id\":\"https:\/\/buscoequipomedico.com\/?product=hr25x-340i-view-para-s-frame#primaryimage\"},\"thumbnailUrl\":\"https:\/\/buscoequipomedico.com\/wp-content\/uploads\/2020\/02\/hr25x-340-i-view-para-s-frame-aumentos-25-x-las-lupas-binoculares-hr-25-x-son-extraordinarias-por-sus-caracteristicas-combinadas.jpg\",\"datePublished\":\"2020-02-18T07:35:43+00:00\",\"dateModified\":\"2020-02-18T07:35:44+00:00\",\"breadcrumb\":{\"@id\":\"https:\/\/buscoequipomedico.com\/?product=hr25x-340i-view-para-s-frame#breadcrumb\"},\"inLanguage\":\"es\",\"potentialAction\":[{\"@type\":\"ReadAction\",\"target\":[\"https:\/\/buscoequipomedico.com\/?product=hr25x-340i-view-para-s-frame\"]}]},{\"@type\":\"ImageObject\",\"inLanguage\":\"es\",\"@id\":\"https:\/\/buscoequipomedico.com\/?product=hr25x-340i-view-para-s-frame#primaryimage\",\"url\":\"https:\/\/buscoequipomedico.com\/wp-content\/uploads\/2020\/02\/hr25x-340-i-view-para-s-frame-aumentos-25-x-las-lupas-binoculares-hr-25-x-son-extraordinarias-por-sus-caracteristicas-combinadas.jpg\",\"contentUrl\":\"https:\/\/buscoequipomedico.com\/wp-content\/uploads\/2020\/02\/hr25x-340-i-view-para-s-frame-aumentos-25-x-las-lupas-binoculares-hr-25-x-son-extraordinarias-por-sus-caracteristicas-combinadas.jpg\",\"width\":800,\"height\":800},{\"@type\":\"BreadcrumbList\",\"@id\":\"https:\/\/buscoequipomedico.com\/?product=hr25x-340i-view-para-s-frame#breadcrumb\",\"itemListElement\":[{\"@type\":\"ListItem\",\"position\":1,\"name\":\"Productos\",\"item\":\"https:\/\/buscoequipomedico.com\/shop\/\"},{\"@type\":\"ListItem\",\"position\":2,\"name\":\"HR2,5X\/340+I-VIEW PARA S-FRAME\"}]},{\"@type\":\"WebSite\",\"@id\":\"https:\/\/buscoequipomedico.com\/#website\",\"url\":\"https:\/\/buscoequipomedico.com\/\",\"name\":\"Tu mejor opci\u00f3n Equipo M\u00e9dico M\u00e9xico\",\"description\":\"Tienda de equipo m\u00e9dico\",\"publisher\":{\"@id\":\"https:\/\/buscoequipomedico.com\/#organization\"},\"potentialAction\":[{\"@type\":\"SearchAction\",\"target\":{\"@type\":\"EntryPoint\",\"urlTemplate\":\"https:\/\/buscoequipomedico.com\/?s={search_term_string}\"},\"query-input\":{\"@type\":\"PropertyValueSpecification\",\"valueRequired\":true,\"valueName\":\"search_term_string\"}}],\"inLanguage\":\"es\"},{\"@type\":\"Organization\",\"@id\":\"https:\/\/buscoequipomedico.com\/#organization\",\"name\":\"Tu mejor opci\u00f3n Equipo M\u00e9dico M\u00e9xico\",\"url\":\"https:\/\/buscoequipomedico.com\/\",\"logo\":{\"@type\":\"ImageObject\",\"inLanguage\":\"es\",\"@id\":\"https:\/\/buscoequipomedico.com\/#\/schema\/logo\/image\/\",\"url\":\"https:\/\/buscoequipomedico.com\/wp-content\/uploads\/2021\/07\/EMM-VPrincipal-scaled.jpg\",\"contentUrl\":\"https:\/\/buscoequipomedico.com\/wp-content\/uploads\/2021\/07\/EMM-VPrincipal-scaled.jpg\",\"width\":2560,\"height\":1058,\"caption\":\"Tu mejor opci\u00f3n Equipo M\u00e9dico M\u00e9xico\"},\"image\":{\"@id\":\"https:\/\/buscoequipomedico.com\/#\/schema\/logo\/image\/\"}}]}<\/script>\n<!-- \/ Yoast SEO plugin. -->","yoast_head_json":{"title":"HR2,5X\/340+I-VIEW PARA S-FRAME - Tu mejor opci\u00f3n Equipo M\u00e9dico M\u00e9xico","robots":{"index":"index","follow":"follow","max-snippet":"max-snippet:-1","max-image-preview":"max-image-preview:large","max-video-preview":"max-video-preview:-1"},"canonical":"https:\/\/buscoequipomedico.com\/?product=hr25x-340i-view-para-s-frame","og_locale":"es_ES","og_type":"article","og_title":"HR2,5X\/340+I-VIEW PARA S-FRAME - Tu mejor opci\u00f3n Equipo M\u00e9dico M\u00e9xico","og_description":"Aumentos 2,5 x: Las lupas binoculares HR 2,5 x son extraordinarias por sus caracter\u00edsticas combinadas de alto aumento, nitidez en profundidad, amplio campo de visi\u00f3n y f\u00e1cil manejo. Son especialmente indicadas para la oftalmolog\u00eda, cirug\u00eda dental y pl\u00e1stica. La lupa 2,5 x es nuestra lupa binocular m\u00e1s vendida. Ideal para la cirug\u00eda y las aplicaciones en la odontolog\u00eda.","og_url":"https:\/\/buscoequipomedico.com\/?product=hr25x-340i-view-para-s-frame","og_site_name":"Tu mejor opci\u00f3n Equipo M\u00e9dico M\u00e9xico","article_modified_time":"2020-02-18T07:35:44+00:00","og_image":[{"width":800,"height":800,"url":"https:\/\/buscoequipomedico.com\/wp-content\/uploads\/2020\/02\/hr25x-340-i-view-para-s-frame-aumentos-25-x-las-lupas-binoculares-hr-25-x-son-extraordinarias-por-sus-caracteristicas-combinadas.jpg","type":"image\/png"}],"twitter_card":"summary_large_image","schema":{"@context":"https:\/\/schema.org","@graph":[{"@type":"WebPage","@id":"https:\/\/buscoequipomedico.com\/?product=hr25x-340i-view-para-s-frame","url":"https:\/\/buscoequipomedico.com\/?product=hr25x-340i-view-para-s-frame","name":"HR2,5X\/340+I-VIEW PARA S-FRAME - Tu mejor opci\u00f3n Equipo M\u00e9dico M\u00e9xico","isPartOf":{"@id":"https:\/\/buscoequipomedico.com\/#website"},"primaryImageOfPage":{"@id":"https:\/\/buscoequipomedico.com\/?product=hr25x-340i-view-para-s-frame#primaryimage"},"image":{"@id":"https:\/\/buscoequipomedico.com\/?product=hr25x-340i-view-para-s-frame#primaryimage"},"thumbnailUrl":"https:\/\/buscoequipomedico.com\/wp-content\/uploads\/2020\/02\/hr25x-340-i-view-para-s-frame-aumentos-25-x-las-lupas-binoculares-hr-25-x-son-extraordinarias-por-sus-caracteristicas-combinadas.jpg","datePublished":"2020-02-18T07:35:43+00:00","dateModified":"2020-02-18T07:35:44+00:00","breadcrumb":{"@id":"https:\/\/buscoequipomedico.com\/?product=hr25x-340i-view-para-s-frame#breadcrumb"},"inLanguage":"es","potentialAction":[{"@type":"ReadAction","target":["https:\/\/buscoequipomedico.com\/?product=hr25x-340i-view-para-s-frame"]}]},{"@type":"ImageObject","inLanguage":"es","@id":"https:\/\/buscoequipomedico.com\/?product=hr25x-340i-view-para-s-frame#primaryimage","url":"https:\/\/buscoequipomedico.com\/wp-content\/uploads\/2020\/02\/hr25x-340-i-view-para-s-frame-aumentos-25-x-las-lupas-binoculares-hr-25-x-son-extraordinarias-por-sus-caracteristicas-combinadas.jpg","contentUrl":"https:\/\/buscoequipomedico.com\/wp-content\/uploads\/2020\/02\/hr25x-340-i-view-para-s-frame-aumentos-25-x-las-lupas-binoculares-hr-25-x-son-extraordinarias-por-sus-caracteristicas-combinadas.jpg","width":800,"height":800},{"@type":"BreadcrumbList","@id":"https:\/\/buscoequipomedico.com\/?product=hr25x-340i-view-para-s-frame#breadcrumb","itemListElement":[{"@type":"ListItem","position":1,"name":"Productos","item":"https:\/\/buscoequipomedico.com\/shop\/"},{"@type":"ListItem","position":2,"name":"HR2,5X\/340+I-VIEW PARA S-FRAME"}]},{"@type":"WebSite","@id":"https:\/\/buscoequipomedico.com\/#website","url":"https:\/\/buscoequipomedico.com\/","name":"Tu mejor opci\u00f3n Equipo M\u00e9dico M\u00e9xico","description":"Tienda de equipo m\u00e9dico","publisher":{"@id":"https:\/\/buscoequipomedico.com\/#organization"},"potentialAction":[{"@type":"SearchAction","target":{"@type":"EntryPoint","urlTemplate":"https:\/\/buscoequipomedico.com\/?s={search_term_string}"},"query-input":{"@type":"PropertyValueSpecification","valueRequired":true,"valueName":"search_term_string"}}],"inLanguage":"es"},{"@type":"Organization","@id":"https:\/\/buscoequipomedico.com\/#organization","name":"Tu mejor opci\u00f3n Equipo M\u00e9dico M\u00e9xico","url":"https:\/\/buscoequipomedico.com\/","logo":{"@type":"ImageObject","inLanguage":"es","@id":"https:\/\/buscoequipomedico.com\/#\/schema\/logo\/image\/","url":"https:\/\/buscoequipomedico.com\/wp-content\/uploads\/2021\/07\/EMM-VPrincipal-scaled.jpg","contentUrl":"https:\/\/buscoequipomedico.com\/wp-content\/uploads\/2021\/07\/EMM-VPrincipal-scaled.jpg","width":2560,"height":1058,"caption":"Tu mejor opci\u00f3n Equipo M\u00e9dico M\u00e9xico"},"image":{"@id":"https:\/\/buscoequipomedico.com\/#\/schema\/logo\/image\/"}}]}},"_links":{"self":[{"href":"https:\/\/buscoequipomedico.com\/index.php?rest_route=\/wp\/v2\/product\/12597","targetHints":{"allow":["GET"]}}],"collection":[{"href":"https:\/\/buscoequipomedico.com\/index.php?rest_route=\/wp\/v2\/product"}],"about":[{"href":"https:\/\/buscoequipomedico.com\/index.php?rest_route=\/wp\/v2\/types\/product"}],"wp:featuredmedia":[{"embeddable":true,"href":"https:\/\/buscoequipomedico.com\/index.php?rest_route=\/wp\/v2\/media\/12598"}],"wp:attachment":[{"href":"https:\/\/buscoequipomedico.com\/index.php?rest_route=%2Fwp%2Fv2%2Fmedia&parent=12597"}],"wp:term":[{"taxonomy":"product_brand","embeddable":true,"href":"https:\/\/buscoequipomedico.com\/index.php?rest_route=%2Fwp%2Fv2%2Fproduct_brand&post=12597"},{"taxonomy":"product_cat","embeddable":true,"href":"https:\/\/buscoequipomedico.com\/index.php?rest_route=%2Fwp%2Fv2%2Fproduct_cat&post=12597"},{"taxonomy":"product_tag","embeddable":true,"href":"https:\/\/buscoequipomedico.com\/index.php?rest_route=%2Fwp%2Fv2%2Fproduct_tag&post=12597"}],"curies":[{"name":"wp","href":"https:\/\/api.w.org\/{rel}","templated":true}]}}