{"id":12605,"date":"2020-02-18T07:35:43","date_gmt":"2020-02-18T07:35:43","guid":{"rendered":"https:\/\/equipomedicomexico-com.preview-domain.com\/product\/lupa-bin-c2-3k-340-en-estuche\/"},"modified":"2020-02-18T07:35:45","modified_gmt":"2020-02-18T07:35:45","slug":"lupa-bin-c2-3k-340-en-estuche","status":"publish","type":"product","link":"https:\/\/buscoequipomedico.com\/?product=lupa-bin-c2-3k-340-en-estuche","title":{"rendered":"LUPA BIN. C2.3K\/340 EN ESTUCHE"},"content":{"rendered":"<p>ESPECIFICACIONES<\/p>\n<p>Aumento: 2.3 x.<\/p>\n<p>Distancia de trabajo: 340 mm.<\/p>\n<p>Campo de visi\u00f3n: 11 0 mm. Peso: 46 g.<\/p>\n<p>Profundidad de campo: 190 mm.<\/p>\n<p>USOS<\/p>\n<p>La lupa econ\u00f3mica para mejorar la visi\u00f3n en cada consultorio<\/p>\n<p>Perfecta para una visualizaci\u00f3n y acercamiento espec\u00edficos durante un examen de diagn\u00f3stico o una cirug\u00eda.<\/p>\n<p>Permite libertad de movimiento y una vista no obstruida para el examinador.<\/p>\n<p>PUNTOS DE VENTA<\/p>\n<p>Ultra ligero y c\u00f3modo.<\/p>\n<p>Econ\u00f3mico y vers\u00e1til.<\/p>\n<p>Fabricado con componentes y mano de obra 100% Alemana.<\/p>\n<p>La marca Heine establece los est\u00e1ndares de calidad con que se miden los dem\u00e1s instrumentos de diagn\u00f3stico.\u00a0<\/p>\n","protected":false},"excerpt":{"rendered":"<ul>\n<li>Lupa Binocular C 2.3K\u00a0<\/li>\n<li>Ajuste preciso, los dos binoculares se pueden ajustar por separado a la distancia entre pupilas.<\/li>\n<li>Ultra-ligero, con varillas el\u00e1sticas muy regulables en longitud.<\/li>\n<li>Montura estable y fabricada a base de metal. Con \u00f3ptica compacta, para la visi\u00f3n libre sin aumentos.<\/li>\n<li>Incluye: Cinta craneal y Malet\u00edn.<\/li>\n<\/ul>\n","protected":false},"featured_media":12606,"template":"","meta":{"_joinchat":[]},"product_brand":[],"product_cat":[291],"product_tag":[],"class_list":{"0":"post-12605","1":"product","2":"type-product","3":"status-publish","4":"has-post-thumbnail","6":"product_cat-lupas-binoculares","7":"pa_marca-heine","9":"first","10":"instock","11":"purchasable","12":"product-type-simple"},"yoast_head":"<!-- This site is optimized with the Yoast SEO plugin v25.1 - https:\/\/yoast.com\/wordpress\/plugins\/seo\/ -->\n<title>LUPA BIN. C2.3K\/340 EN ESTUCHE - Tu mejor opci\u00f3n Equipo M\u00e9dico M\u00e9xico<\/title>\n<meta name=\"robots\" content=\"index, follow, max-snippet:-1, max-image-preview:large, max-video-preview:-1\" \/>\n<link rel=\"canonical\" href=\"https:\/\/buscoequipomedico.com\/?product=lupa-bin-c2-3k-340-en-estuche\" \/>\n<meta property=\"og:locale\" content=\"es_ES\" \/>\n<meta property=\"og:type\" content=\"article\" \/>\n<meta property=\"og:title\" content=\"LUPA BIN. C2.3K\/340 EN ESTUCHE - Tu mejor opci\u00f3n Equipo M\u00e9dico M\u00e9xico\" \/>\n<meta property=\"og:description\" content=\"Lupa Binocular C 2.3K\u00a0 Ajuste preciso, los dos binoculares se pueden ajustar por separado a la distancia entre pupilas. Ultra-ligero, con varillas el\u00e1sticas muy regulables en longitud. Montura estable y fabricada a base de metal. Con \u00f3ptica compacta, para la visi\u00f3n libre sin aumentos. Incluye: Cinta craneal y Malet\u00edn.\" \/>\n<meta property=\"og:url\" content=\"https:\/\/buscoequipomedico.com\/?product=lupa-bin-c2-3k-340-en-estuche\" \/>\n<meta property=\"og:site_name\" content=\"Tu mejor opci\u00f3n Equipo M\u00e9dico M\u00e9xico\" \/>\n<meta property=\"article:modified_time\" content=\"2020-02-18T07:35:45+00:00\" \/>\n<meta property=\"og:image\" content=\"https:\/\/buscoequipomedico.com\/wp-content\/uploads\/2020\/02\/lupa-bin-c23k-340-en-estuche-lupa-binocular-c-23k-ajuste-preciso-los-dos-binoculares-se-pueden-ajustar-por-separado-a-la-distanc.jpg\" \/>\n\t<meta property=\"og:image:width\" content=\"800\" \/>\n\t<meta property=\"og:image:height\" content=\"800\" \/>\n\t<meta property=\"og:image:type\" content=\"image\/png\" \/>\n<meta name=\"twitter:card\" content=\"summary_large_image\" \/>\n<meta name=\"twitter:label1\" content=\"Tiempo de lectura\" \/>\n\t<meta name=\"twitter:data1\" content=\"1 minuto\" \/>\n<script type=\"application\/ld+json\" class=\"yoast-schema-graph\">{\"@context\":\"https:\/\/schema.org\",\"@graph\":[{\"@type\":\"WebPage\",\"@id\":\"https:\/\/buscoequipomedico.com\/?product=lupa-bin-c2-3k-340-en-estuche\",\"url\":\"https:\/\/buscoequipomedico.com\/?product=lupa-bin-c2-3k-340-en-estuche\",\"name\":\"LUPA BIN. C2.3K\/340 EN ESTUCHE - Tu mejor opci\u00f3n Equipo M\u00e9dico M\u00e9xico\",\"isPartOf\":{\"@id\":\"https:\/\/buscoequipomedico.com\/#website\"},\"primaryImageOfPage\":{\"@id\":\"https:\/\/buscoequipomedico.com\/?product=lupa-bin-c2-3k-340-en-estuche#primaryimage\"},\"image\":{\"@id\":\"https:\/\/buscoequipomedico.com\/?product=lupa-bin-c2-3k-340-en-estuche#primaryimage\"},\"thumbnailUrl\":\"https:\/\/buscoequipomedico.com\/wp-content\/uploads\/2020\/02\/lupa-bin-c23k-340-en-estuche-lupa-binocular-c-23k-ajuste-preciso-los-dos-binoculares-se-pueden-ajustar-por-separado-a-la-distanc.jpg\",\"datePublished\":\"2020-02-18T07:35:43+00:00\",\"dateModified\":\"2020-02-18T07:35:45+00:00\",\"breadcrumb\":{\"@id\":\"https:\/\/buscoequipomedico.com\/?product=lupa-bin-c2-3k-340-en-estuche#breadcrumb\"},\"inLanguage\":\"es\",\"potentialAction\":[{\"@type\":\"ReadAction\",\"target\":[\"https:\/\/buscoequipomedico.com\/?product=lupa-bin-c2-3k-340-en-estuche\"]}]},{\"@type\":\"ImageObject\",\"inLanguage\":\"es\",\"@id\":\"https:\/\/buscoequipomedico.com\/?product=lupa-bin-c2-3k-340-en-estuche#primaryimage\",\"url\":\"https:\/\/buscoequipomedico.com\/wp-content\/uploads\/2020\/02\/lupa-bin-c23k-340-en-estuche-lupa-binocular-c-23k-ajuste-preciso-los-dos-binoculares-se-pueden-ajustar-por-separado-a-la-distanc.jpg\",\"contentUrl\":\"https:\/\/buscoequipomedico.com\/wp-content\/uploads\/2020\/02\/lupa-bin-c23k-340-en-estuche-lupa-binocular-c-23k-ajuste-preciso-los-dos-binoculares-se-pueden-ajustar-por-separado-a-la-distanc.jpg\",\"width\":800,\"height\":800},{\"@type\":\"BreadcrumbList\",\"@id\":\"https:\/\/buscoequipomedico.com\/?product=lupa-bin-c2-3k-340-en-estuche#breadcrumb\",\"itemListElement\":[{\"@type\":\"ListItem\",\"position\":1,\"name\":\"Productos\",\"item\":\"https:\/\/buscoequipomedico.com\/shop\/\"},{\"@type\":\"ListItem\",\"position\":2,\"name\":\"LUPA BIN. C2.3K\/340 EN ESTUCHE\"}]},{\"@type\":\"WebSite\",\"@id\":\"https:\/\/buscoequipomedico.com\/#website\",\"url\":\"https:\/\/buscoequipomedico.com\/\",\"name\":\"Tu mejor opci\u00f3n Equipo M\u00e9dico M\u00e9xico\",\"description\":\"Tienda de equipo m\u00e9dico\",\"publisher\":{\"@id\":\"https:\/\/buscoequipomedico.com\/#organization\"},\"potentialAction\":[{\"@type\":\"SearchAction\",\"target\":{\"@type\":\"EntryPoint\",\"urlTemplate\":\"https:\/\/buscoequipomedico.com\/?s={search_term_string}\"},\"query-input\":{\"@type\":\"PropertyValueSpecification\",\"valueRequired\":true,\"valueName\":\"search_term_string\"}}],\"inLanguage\":\"es\"},{\"@type\":\"Organization\",\"@id\":\"https:\/\/buscoequipomedico.com\/#organization\",\"name\":\"Tu mejor opci\u00f3n Equipo M\u00e9dico M\u00e9xico\",\"url\":\"https:\/\/buscoequipomedico.com\/\",\"logo\":{\"@type\":\"ImageObject\",\"inLanguage\":\"es\",\"@id\":\"https:\/\/buscoequipomedico.com\/#\/schema\/logo\/image\/\",\"url\":\"https:\/\/buscoequipomedico.com\/wp-content\/uploads\/2021\/07\/EMM-VPrincipal-scaled.jpg\",\"contentUrl\":\"https:\/\/buscoequipomedico.com\/wp-content\/uploads\/2021\/07\/EMM-VPrincipal-scaled.jpg\",\"width\":2560,\"height\":1058,\"caption\":\"Tu mejor opci\u00f3n Equipo M\u00e9dico M\u00e9xico\"},\"image\":{\"@id\":\"https:\/\/buscoequipomedico.com\/#\/schema\/logo\/image\/\"}}]}<\/script>\n<!-- \/ Yoast SEO plugin. -->","yoast_head_json":{"title":"LUPA BIN. C2.3K\/340 EN ESTUCHE - Tu mejor opci\u00f3n Equipo M\u00e9dico M\u00e9xico","robots":{"index":"index","follow":"follow","max-snippet":"max-snippet:-1","max-image-preview":"max-image-preview:large","max-video-preview":"max-video-preview:-1"},"canonical":"https:\/\/buscoequipomedico.com\/?product=lupa-bin-c2-3k-340-en-estuche","og_locale":"es_ES","og_type":"article","og_title":"LUPA BIN. C2.3K\/340 EN ESTUCHE - Tu mejor opci\u00f3n Equipo M\u00e9dico M\u00e9xico","og_description":"Lupa Binocular C 2.3K\u00a0 Ajuste preciso, los dos binoculares se pueden ajustar por separado a la distancia entre pupilas. Ultra-ligero, con varillas el\u00e1sticas muy regulables en longitud. Montura estable y fabricada a base de metal. Con \u00f3ptica compacta, para la visi\u00f3n libre sin aumentos. Incluye: Cinta craneal y Malet\u00edn.","og_url":"https:\/\/buscoequipomedico.com\/?product=lupa-bin-c2-3k-340-en-estuche","og_site_name":"Tu mejor opci\u00f3n Equipo M\u00e9dico M\u00e9xico","article_modified_time":"2020-02-18T07:35:45+00:00","og_image":[{"width":800,"height":800,"url":"https:\/\/buscoequipomedico.com\/wp-content\/uploads\/2020\/02\/lupa-bin-c23k-340-en-estuche-lupa-binocular-c-23k-ajuste-preciso-los-dos-binoculares-se-pueden-ajustar-por-separado-a-la-distanc.jpg","type":"image\/png"}],"twitter_card":"summary_large_image","twitter_misc":{"Tiempo de lectura":"1 minuto"},"schema":{"@context":"https:\/\/schema.org","@graph":[{"@type":"WebPage","@id":"https:\/\/buscoequipomedico.com\/?product=lupa-bin-c2-3k-340-en-estuche","url":"https:\/\/buscoequipomedico.com\/?product=lupa-bin-c2-3k-340-en-estuche","name":"LUPA BIN. C2.3K\/340 EN ESTUCHE - Tu mejor opci\u00f3n Equipo M\u00e9dico M\u00e9xico","isPartOf":{"@id":"https:\/\/buscoequipomedico.com\/#website"},"primaryImageOfPage":{"@id":"https:\/\/buscoequipomedico.com\/?product=lupa-bin-c2-3k-340-en-estuche#primaryimage"},"image":{"@id":"https:\/\/buscoequipomedico.com\/?product=lupa-bin-c2-3k-340-en-estuche#primaryimage"},"thumbnailUrl":"https:\/\/buscoequipomedico.com\/wp-content\/uploads\/2020\/02\/lupa-bin-c23k-340-en-estuche-lupa-binocular-c-23k-ajuste-preciso-los-dos-binoculares-se-pueden-ajustar-por-separado-a-la-distanc.jpg","datePublished":"2020-02-18T07:35:43+00:00","dateModified":"2020-02-18T07:35:45+00:00","breadcrumb":{"@id":"https:\/\/buscoequipomedico.com\/?product=lupa-bin-c2-3k-340-en-estuche#breadcrumb"},"inLanguage":"es","potentialAction":[{"@type":"ReadAction","target":["https:\/\/buscoequipomedico.com\/?product=lupa-bin-c2-3k-340-en-estuche"]}]},{"@type":"ImageObject","inLanguage":"es","@id":"https:\/\/buscoequipomedico.com\/?product=lupa-bin-c2-3k-340-en-estuche#primaryimage","url":"https:\/\/buscoequipomedico.com\/wp-content\/uploads\/2020\/02\/lupa-bin-c23k-340-en-estuche-lupa-binocular-c-23k-ajuste-preciso-los-dos-binoculares-se-pueden-ajustar-por-separado-a-la-distanc.jpg","contentUrl":"https:\/\/buscoequipomedico.com\/wp-content\/uploads\/2020\/02\/lupa-bin-c23k-340-en-estuche-lupa-binocular-c-23k-ajuste-preciso-los-dos-binoculares-se-pueden-ajustar-por-separado-a-la-distanc.jpg","width":800,"height":800},{"@type":"BreadcrumbList","@id":"https:\/\/buscoequipomedico.com\/?product=lupa-bin-c2-3k-340-en-estuche#breadcrumb","itemListElement":[{"@type":"ListItem","position":1,"name":"Productos","item":"https:\/\/buscoequipomedico.com\/shop\/"},{"@type":"ListItem","position":2,"name":"LUPA BIN. C2.3K\/340 EN ESTUCHE"}]},{"@type":"WebSite","@id":"https:\/\/buscoequipomedico.com\/#website","url":"https:\/\/buscoequipomedico.com\/","name":"Tu mejor opci\u00f3n Equipo M\u00e9dico M\u00e9xico","description":"Tienda de equipo m\u00e9dico","publisher":{"@id":"https:\/\/buscoequipomedico.com\/#organization"},"potentialAction":[{"@type":"SearchAction","target":{"@type":"EntryPoint","urlTemplate":"https:\/\/buscoequipomedico.com\/?s={search_term_string}"},"query-input":{"@type":"PropertyValueSpecification","valueRequired":true,"valueName":"search_term_string"}}],"inLanguage":"es"},{"@type":"Organization","@id":"https:\/\/buscoequipomedico.com\/#organization","name":"Tu mejor opci\u00f3n Equipo M\u00e9dico M\u00e9xico","url":"https:\/\/buscoequipomedico.com\/","logo":{"@type":"ImageObject","inLanguage":"es","@id":"https:\/\/buscoequipomedico.com\/#\/schema\/logo\/image\/","url":"https:\/\/buscoequipomedico.com\/wp-content\/uploads\/2021\/07\/EMM-VPrincipal-scaled.jpg","contentUrl":"https:\/\/buscoequipomedico.com\/wp-content\/uploads\/2021\/07\/EMM-VPrincipal-scaled.jpg","width":2560,"height":1058,"caption":"Tu mejor opci\u00f3n Equipo M\u00e9dico M\u00e9xico"},"image":{"@id":"https:\/\/buscoequipomedico.com\/#\/schema\/logo\/image\/"}}]}},"_links":{"self":[{"href":"https:\/\/buscoequipomedico.com\/index.php?rest_route=\/wp\/v2\/product\/12605","targetHints":{"allow":["GET"]}}],"collection":[{"href":"https:\/\/buscoequipomedico.com\/index.php?rest_route=\/wp\/v2\/product"}],"about":[{"href":"https:\/\/buscoequipomedico.com\/index.php?rest_route=\/wp\/v2\/types\/product"}],"wp:featuredmedia":[{"embeddable":true,"href":"https:\/\/buscoequipomedico.com\/index.php?rest_route=\/wp\/v2\/media\/12606"}],"wp:attachment":[{"href":"https:\/\/buscoequipomedico.com\/index.php?rest_route=%2Fwp%2Fv2%2Fmedia&parent=12605"}],"wp:term":[{"taxonomy":"product_brand","embeddable":true,"href":"https:\/\/buscoequipomedico.com\/index.php?rest_route=%2Fwp%2Fv2%2Fproduct_brand&post=12605"},{"taxonomy":"product_cat","embeddable":true,"href":"https:\/\/buscoequipomedico.com\/index.php?rest_route=%2Fwp%2Fv2%2Fproduct_cat&post=12605"},{"taxonomy":"product_tag","embeddable":true,"href":"https:\/\/buscoequipomedico.com\/index.php?rest_route=%2Fwp%2Fv2%2Fproduct_tag&post=12605"}],"curies":[{"name":"wp","href":"https:\/\/api.w.org\/{rel}","templated":true}]}}