{"id":12617,"date":"2020-02-18T07:35:43","date_gmt":"2020-02-18T07:35:43","guid":{"rendered":"https:\/\/equipomedicomexico-com.preview-domain.com\/product\/lupas-binoculares-hrp-3-5-x-420mm-con-cinta-craneal\/"},"modified":"2020-02-18T07:35:47","modified_gmt":"2020-02-18T07:35:47","slug":"lupas-binoculares-hrp-3-5-x-420mm-con-cinta-craneal","status":"publish","type":"product","link":"https:\/\/buscoequipomedico.com\/?product=lupas-binoculares-hrp-3-5-x-420mm-con-cinta-craneal","title":{"rendered":"LUPAS BINOCULARES HRP 3.5 X 420MM CON CINTA CRANEAL"},"content":{"rendered":"<p><span>\u00bbLupa Binocular HR 3.5 x.<\/span><br \/><span>\u00bbCon \u00f3pticas acrom\u00e1ticas para im\u00e1genes nitidas y brillantes.<\/span><br \/><span>\u00bbExtremadamente ligeras.<\/span><br \/><span>\u00bbRegulaci\u00f3n por separado del ocular izquiero y derecho para un ajuste<\/span><br \/><span>DP perfecto.<\/span><br \/><span>\u00bbAumento m\u00e1ximo.<\/span><br \/><span>\u00bbSoporte de lupa I-view, permite que todos los \u00e1ngulos de visi\u00f3n y la lupa<\/span><br \/><span>se pueda apartar hacia arriba.<\/span><br \/><span>\u00bbCinta craneal contra salpicaduras S-guard.<\/span><br \/><span>\u00bbAlmohadilla eregon\u00f3mica para la nariz.<\/span><br \/><span>\u00bbCompletamente ajustale en acho y altura, apta para todas las formas de la<\/span><br \/><span>cabeza.<\/span><\/p>\n<p><span>ESPECIFICACIONES\u00a0<\/span><\/p>\n<p><span>\u00bbSuministra im\u00e1genes incomparables de calidad, brillantes y libres de distorsiones<\/span><br \/><span>crom\u00e1ticas.<\/span><br \/><span>\u00bbDe f\u00e1cil limpieza y desinfecci\u00f3n.<\/span><br \/><span>\u00bbLa almohadilla permite llevarlas con m\u00e1xima comodidad durante largos<\/span><br \/><span>tratamientos.<\/span><br \/><span>\u00bbCuenta con un margen excepcionalmente amplio para el montaje de la<\/span><br \/><span>\u00f3ptica, permitiendo con ello las m\u00e1s variadas clases de reconocimiento tanto<\/span><br \/><span>con cinta craneal como con montura de gafas.<\/span><br \/><span>\u00bbFabricado con componentes y mano de obra 100% alemana.<\/span><br \/><span>\u00bbLa marca heine establece los est\u00e1ndares de calidad con que se miden los dem\u00e1s<\/span><br \/><span>instrumentos de diagn\u00f3stico.<\/span><br \/><span>\u00bb5 a\u00f1os de garant\u00eda contra defecto de fabrica.<\/span><span><\/span><\/p>\n<p><span><span>CARACTER\u00cdSTICAS<\/span><\/span><span>\u00a0<\/span><\/p>\n<p><span>\u00bbAumento: 3.5 x.<\/span><br \/><span>\u00bbDistancia de trabajo: 420 mm.<\/span><br \/><span>\u00bbCampo de visi\u00f3n: 65 mm.<\/span><br \/><span>\u00bbProfundidad de campo: 60 mm.<\/span><br \/><span>\u00bbPeso: 85 g.<\/span><span><\/span><\/p>\n","protected":false},"excerpt":{"rendered":"<p><span>Su lupa ideal es tan particular como su trabajo diario. La \u00f3ptica HIGH TECH de HEINE ofrece una gran variedad de lupas para satisfacer sus necesidades particulares. Experimente la diferencia de sentirse menos cansado, incluso tras procedimientos de larga duraci\u00f3n.<\/span><\/p>\n","protected":false},"featured_media":12618,"template":"","meta":{"_joinchat":[]},"product_brand":[],"product_cat":[291],"product_tag":[],"class_list":{"0":"post-12617","1":"product","2":"type-product","3":"status-publish","4":"has-post-thumbnail","6":"product_cat-lupas-binoculares","7":"pa_marca-heine","9":"first","10":"instock","11":"purchasable","12":"product-type-simple"},"yoast_head":"<!-- This site is optimized with the Yoast SEO plugin v25.1 - https:\/\/yoast.com\/wordpress\/plugins\/seo\/ -->\n<title>LUPAS BINOCULARES HRP 3.5 X 420MM CON CINTA CRANEAL - Tu mejor opci\u00f3n Equipo M\u00e9dico M\u00e9xico<\/title>\n<meta name=\"robots\" content=\"index, follow, max-snippet:-1, max-image-preview:large, max-video-preview:-1\" \/>\n<link rel=\"canonical\" href=\"https:\/\/buscoequipomedico.com\/?product=lupas-binoculares-hrp-3-5-x-420mm-con-cinta-craneal\" \/>\n<meta property=\"og:locale\" content=\"es_ES\" \/>\n<meta property=\"og:type\" content=\"article\" \/>\n<meta property=\"og:title\" content=\"LUPAS BINOCULARES HRP 3.5 X 420MM CON CINTA CRANEAL - Tu mejor opci\u00f3n Equipo M\u00e9dico M\u00e9xico\" \/>\n<meta property=\"og:description\" content=\"Su lupa ideal es tan particular como su trabajo diario. La \u00f3ptica HIGH TECH de HEINE ofrece una gran variedad de lupas para satisfacer sus necesidades particulares. Experimente la diferencia de sentirse menos cansado, incluso tras procedimientos de larga duraci\u00f3n.\" \/>\n<meta property=\"og:url\" content=\"https:\/\/buscoequipomedico.com\/?product=lupas-binoculares-hrp-3-5-x-420mm-con-cinta-craneal\" \/>\n<meta property=\"og:site_name\" content=\"Tu mejor opci\u00f3n Equipo M\u00e9dico M\u00e9xico\" \/>\n<meta property=\"article:modified_time\" content=\"2020-02-18T07:35:47+00:00\" \/>\n<meta property=\"og:image\" content=\"https:\/\/buscoequipomedico.com\/wp-content\/uploads\/2020\/02\/lupas-binoculares-hrp-35-x-420mm-con-cinta-craneal-su-lupa-ideal-es-tan-particular-como-su-trabajo-diario-la-optica-high-tech-de.jpg\" \/>\n\t<meta property=\"og:image:width\" content=\"800\" \/>\n\t<meta property=\"og:image:height\" content=\"800\" \/>\n\t<meta property=\"og:image:type\" content=\"image\/png\" \/>\n<meta name=\"twitter:card\" content=\"summary_large_image\" \/>\n<meta name=\"twitter:label1\" content=\"Tiempo de lectura\" \/>\n\t<meta name=\"twitter:data1\" content=\"1 minuto\" \/>\n<script type=\"application\/ld+json\" class=\"yoast-schema-graph\">{\"@context\":\"https:\/\/schema.org\",\"@graph\":[{\"@type\":\"WebPage\",\"@id\":\"https:\/\/buscoequipomedico.com\/?product=lupas-binoculares-hrp-3-5-x-420mm-con-cinta-craneal\",\"url\":\"https:\/\/buscoequipomedico.com\/?product=lupas-binoculares-hrp-3-5-x-420mm-con-cinta-craneal\",\"name\":\"LUPAS BINOCULARES HRP 3.5 X 420MM CON CINTA CRANEAL - Tu mejor opci\u00f3n Equipo M\u00e9dico M\u00e9xico\",\"isPartOf\":{\"@id\":\"https:\/\/buscoequipomedico.com\/#website\"},\"primaryImageOfPage\":{\"@id\":\"https:\/\/buscoequipomedico.com\/?product=lupas-binoculares-hrp-3-5-x-420mm-con-cinta-craneal#primaryimage\"},\"image\":{\"@id\":\"https:\/\/buscoequipomedico.com\/?product=lupas-binoculares-hrp-3-5-x-420mm-con-cinta-craneal#primaryimage\"},\"thumbnailUrl\":\"https:\/\/buscoequipomedico.com\/wp-content\/uploads\/2020\/02\/lupas-binoculares-hrp-35-x-420mm-con-cinta-craneal-su-lupa-ideal-es-tan-particular-como-su-trabajo-diario-la-optica-high-tech-de.jpg\",\"datePublished\":\"2020-02-18T07:35:43+00:00\",\"dateModified\":\"2020-02-18T07:35:47+00:00\",\"breadcrumb\":{\"@id\":\"https:\/\/buscoequipomedico.com\/?product=lupas-binoculares-hrp-3-5-x-420mm-con-cinta-craneal#breadcrumb\"},\"inLanguage\":\"es\",\"potentialAction\":[{\"@type\":\"ReadAction\",\"target\":[\"https:\/\/buscoequipomedico.com\/?product=lupas-binoculares-hrp-3-5-x-420mm-con-cinta-craneal\"]}]},{\"@type\":\"ImageObject\",\"inLanguage\":\"es\",\"@id\":\"https:\/\/buscoequipomedico.com\/?product=lupas-binoculares-hrp-3-5-x-420mm-con-cinta-craneal#primaryimage\",\"url\":\"https:\/\/buscoequipomedico.com\/wp-content\/uploads\/2020\/02\/lupas-binoculares-hrp-35-x-420mm-con-cinta-craneal-su-lupa-ideal-es-tan-particular-como-su-trabajo-diario-la-optica-high-tech-de.jpg\",\"contentUrl\":\"https:\/\/buscoequipomedico.com\/wp-content\/uploads\/2020\/02\/lupas-binoculares-hrp-35-x-420mm-con-cinta-craneal-su-lupa-ideal-es-tan-particular-como-su-trabajo-diario-la-optica-high-tech-de.jpg\",\"width\":800,\"height\":800},{\"@type\":\"BreadcrumbList\",\"@id\":\"https:\/\/buscoequipomedico.com\/?product=lupas-binoculares-hrp-3-5-x-420mm-con-cinta-craneal#breadcrumb\",\"itemListElement\":[{\"@type\":\"ListItem\",\"position\":1,\"name\":\"Productos\",\"item\":\"https:\/\/buscoequipomedico.com\/shop\/\"},{\"@type\":\"ListItem\",\"position\":2,\"name\":\"LUPAS BINOCULARES HRP 3.5 X 420MM CON CINTA CRANEAL\"}]},{\"@type\":\"WebSite\",\"@id\":\"https:\/\/buscoequipomedico.com\/#website\",\"url\":\"https:\/\/buscoequipomedico.com\/\",\"name\":\"Tu mejor opci\u00f3n Equipo M\u00e9dico M\u00e9xico\",\"description\":\"Tienda de equipo m\u00e9dico\",\"publisher\":{\"@id\":\"https:\/\/buscoequipomedico.com\/#organization\"},\"potentialAction\":[{\"@type\":\"SearchAction\",\"target\":{\"@type\":\"EntryPoint\",\"urlTemplate\":\"https:\/\/buscoequipomedico.com\/?s={search_term_string}\"},\"query-input\":{\"@type\":\"PropertyValueSpecification\",\"valueRequired\":true,\"valueName\":\"search_term_string\"}}],\"inLanguage\":\"es\"},{\"@type\":\"Organization\",\"@id\":\"https:\/\/buscoequipomedico.com\/#organization\",\"name\":\"Tu mejor opci\u00f3n Equipo M\u00e9dico M\u00e9xico\",\"url\":\"https:\/\/buscoequipomedico.com\/\",\"logo\":{\"@type\":\"ImageObject\",\"inLanguage\":\"es\",\"@id\":\"https:\/\/buscoequipomedico.com\/#\/schema\/logo\/image\/\",\"url\":\"https:\/\/buscoequipomedico.com\/wp-content\/uploads\/2021\/07\/EMM-VPrincipal-scaled.jpg\",\"contentUrl\":\"https:\/\/buscoequipomedico.com\/wp-content\/uploads\/2021\/07\/EMM-VPrincipal-scaled.jpg\",\"width\":2560,\"height\":1058,\"caption\":\"Tu mejor opci\u00f3n Equipo M\u00e9dico M\u00e9xico\"},\"image\":{\"@id\":\"https:\/\/buscoequipomedico.com\/#\/schema\/logo\/image\/\"}}]}<\/script>\n<!-- \/ Yoast SEO plugin. -->","yoast_head_json":{"title":"LUPAS BINOCULARES HRP 3.5 X 420MM CON CINTA CRANEAL - Tu mejor opci\u00f3n Equipo M\u00e9dico M\u00e9xico","robots":{"index":"index","follow":"follow","max-snippet":"max-snippet:-1","max-image-preview":"max-image-preview:large","max-video-preview":"max-video-preview:-1"},"canonical":"https:\/\/buscoequipomedico.com\/?product=lupas-binoculares-hrp-3-5-x-420mm-con-cinta-craneal","og_locale":"es_ES","og_type":"article","og_title":"LUPAS BINOCULARES HRP 3.5 X 420MM CON CINTA CRANEAL - Tu mejor opci\u00f3n Equipo M\u00e9dico M\u00e9xico","og_description":"Su lupa ideal es tan particular como su trabajo diario. La \u00f3ptica HIGH TECH de HEINE ofrece una gran variedad de lupas para satisfacer sus necesidades particulares. Experimente la diferencia de sentirse menos cansado, incluso tras procedimientos de larga duraci\u00f3n.","og_url":"https:\/\/buscoequipomedico.com\/?product=lupas-binoculares-hrp-3-5-x-420mm-con-cinta-craneal","og_site_name":"Tu mejor opci\u00f3n Equipo M\u00e9dico M\u00e9xico","article_modified_time":"2020-02-18T07:35:47+00:00","og_image":[{"width":800,"height":800,"url":"https:\/\/buscoequipomedico.com\/wp-content\/uploads\/2020\/02\/lupas-binoculares-hrp-35-x-420mm-con-cinta-craneal-su-lupa-ideal-es-tan-particular-como-su-trabajo-diario-la-optica-high-tech-de.jpg","type":"image\/png"}],"twitter_card":"summary_large_image","twitter_misc":{"Tiempo de lectura":"1 minuto"},"schema":{"@context":"https:\/\/schema.org","@graph":[{"@type":"WebPage","@id":"https:\/\/buscoequipomedico.com\/?product=lupas-binoculares-hrp-3-5-x-420mm-con-cinta-craneal","url":"https:\/\/buscoequipomedico.com\/?product=lupas-binoculares-hrp-3-5-x-420mm-con-cinta-craneal","name":"LUPAS BINOCULARES HRP 3.5 X 420MM CON CINTA CRANEAL - Tu mejor opci\u00f3n Equipo M\u00e9dico M\u00e9xico","isPartOf":{"@id":"https:\/\/buscoequipomedico.com\/#website"},"primaryImageOfPage":{"@id":"https:\/\/buscoequipomedico.com\/?product=lupas-binoculares-hrp-3-5-x-420mm-con-cinta-craneal#primaryimage"},"image":{"@id":"https:\/\/buscoequipomedico.com\/?product=lupas-binoculares-hrp-3-5-x-420mm-con-cinta-craneal#primaryimage"},"thumbnailUrl":"https:\/\/buscoequipomedico.com\/wp-content\/uploads\/2020\/02\/lupas-binoculares-hrp-35-x-420mm-con-cinta-craneal-su-lupa-ideal-es-tan-particular-como-su-trabajo-diario-la-optica-high-tech-de.jpg","datePublished":"2020-02-18T07:35:43+00:00","dateModified":"2020-02-18T07:35:47+00:00","breadcrumb":{"@id":"https:\/\/buscoequipomedico.com\/?product=lupas-binoculares-hrp-3-5-x-420mm-con-cinta-craneal#breadcrumb"},"inLanguage":"es","potentialAction":[{"@type":"ReadAction","target":["https:\/\/buscoequipomedico.com\/?product=lupas-binoculares-hrp-3-5-x-420mm-con-cinta-craneal"]}]},{"@type":"ImageObject","inLanguage":"es","@id":"https:\/\/buscoequipomedico.com\/?product=lupas-binoculares-hrp-3-5-x-420mm-con-cinta-craneal#primaryimage","url":"https:\/\/buscoequipomedico.com\/wp-content\/uploads\/2020\/02\/lupas-binoculares-hrp-35-x-420mm-con-cinta-craneal-su-lupa-ideal-es-tan-particular-como-su-trabajo-diario-la-optica-high-tech-de.jpg","contentUrl":"https:\/\/buscoequipomedico.com\/wp-content\/uploads\/2020\/02\/lupas-binoculares-hrp-35-x-420mm-con-cinta-craneal-su-lupa-ideal-es-tan-particular-como-su-trabajo-diario-la-optica-high-tech-de.jpg","width":800,"height":800},{"@type":"BreadcrumbList","@id":"https:\/\/buscoequipomedico.com\/?product=lupas-binoculares-hrp-3-5-x-420mm-con-cinta-craneal#breadcrumb","itemListElement":[{"@type":"ListItem","position":1,"name":"Productos","item":"https:\/\/buscoequipomedico.com\/shop\/"},{"@type":"ListItem","position":2,"name":"LUPAS BINOCULARES HRP 3.5 X 420MM CON CINTA CRANEAL"}]},{"@type":"WebSite","@id":"https:\/\/buscoequipomedico.com\/#website","url":"https:\/\/buscoequipomedico.com\/","name":"Tu mejor opci\u00f3n Equipo M\u00e9dico M\u00e9xico","description":"Tienda de equipo m\u00e9dico","publisher":{"@id":"https:\/\/buscoequipomedico.com\/#organization"},"potentialAction":[{"@type":"SearchAction","target":{"@type":"EntryPoint","urlTemplate":"https:\/\/buscoequipomedico.com\/?s={search_term_string}"},"query-input":{"@type":"PropertyValueSpecification","valueRequired":true,"valueName":"search_term_string"}}],"inLanguage":"es"},{"@type":"Organization","@id":"https:\/\/buscoequipomedico.com\/#organization","name":"Tu mejor opci\u00f3n Equipo M\u00e9dico M\u00e9xico","url":"https:\/\/buscoequipomedico.com\/","logo":{"@type":"ImageObject","inLanguage":"es","@id":"https:\/\/buscoequipomedico.com\/#\/schema\/logo\/image\/","url":"https:\/\/buscoequipomedico.com\/wp-content\/uploads\/2021\/07\/EMM-VPrincipal-scaled.jpg","contentUrl":"https:\/\/buscoequipomedico.com\/wp-content\/uploads\/2021\/07\/EMM-VPrincipal-scaled.jpg","width":2560,"height":1058,"caption":"Tu mejor opci\u00f3n Equipo M\u00e9dico M\u00e9xico"},"image":{"@id":"https:\/\/buscoequipomedico.com\/#\/schema\/logo\/image\/"}}]}},"_links":{"self":[{"href":"https:\/\/buscoequipomedico.com\/index.php?rest_route=\/wp\/v2\/product\/12617","targetHints":{"allow":["GET"]}}],"collection":[{"href":"https:\/\/buscoequipomedico.com\/index.php?rest_route=\/wp\/v2\/product"}],"about":[{"href":"https:\/\/buscoequipomedico.com\/index.php?rest_route=\/wp\/v2\/types\/product"}],"wp:featuredmedia":[{"embeddable":true,"href":"https:\/\/buscoequipomedico.com\/index.php?rest_route=\/wp\/v2\/media\/12618"}],"wp:attachment":[{"href":"https:\/\/buscoequipomedico.com\/index.php?rest_route=%2Fwp%2Fv2%2Fmedia&parent=12617"}],"wp:term":[{"taxonomy":"product_brand","embeddable":true,"href":"https:\/\/buscoequipomedico.com\/index.php?rest_route=%2Fwp%2Fv2%2Fproduct_brand&post=12617"},{"taxonomy":"product_cat","embeddable":true,"href":"https:\/\/buscoequipomedico.com\/index.php?rest_route=%2Fwp%2Fv2%2Fproduct_cat&post=12617"},{"taxonomy":"product_tag","embeddable":true,"href":"https:\/\/buscoequipomedico.com\/index.php?rest_route=%2Fwp%2Fv2%2Fproduct_tag&post=12617"}],"curies":[{"name":"wp","href":"https:\/\/api.w.org\/{rel}","templated":true}]}}