{"id":12643,"date":"2020-02-18T07:35:48","date_gmt":"2020-02-18T07:35:48","guid":{"rendered":"https:\/\/equipomedicomexico-com.preview-domain.com\/product\/mango-laringoscopio-recargable-2-5v-fo-2\/"},"modified":"2020-02-18T07:35:51","modified_gmt":"2020-02-18T07:35:51","slug":"mango-laringoscopio-recargable-2-5v-fo-2","status":"publish","type":"product","link":"https:\/\/buscoequipomedico.com\/?product=mango-laringoscopio-recargable-2-5v-fo-2","title":{"rendered":"MANGO LARINGOSCOPIO RECARGABLE 2.5v  FO"},"content":{"rendered":"<h2>Mango de 2,5 V solamente<\/h2>\n<p>La iluminaci\u00f3n blanca y brillante HPX\u00ae ofrece una visi\u00f3n clara y de color corregido.<\/p>\n<\/p>\n<ul>\n<li>La tecnolog\u00eda patentada HPX mezcla gases hal\u00f3genos y de xen\u00f3n bajo presi\u00f3n para producir una luz brillante y blanca que permite visualizar el verdadero color del tejido y contar con una iluminaci\u00f3n uniforme y duradera.<\/li>\n<li>Hasta 40% m\u00e1s livianos que nuestro dise\u00f1o anterior, para una mayor comodidad y maniobrabilidad.<\/li>\n<li>El acabado estriado asegura una sujeci\u00f3n segura.<\/li>\n<li>El dise\u00f1o del bombillo HPX es utilizado en todos los tama\u00f1os de mangos de 2,5 V.<\/li>\n<\/ul>\n","protected":false},"excerpt":{"rendered":"<h1>MANGO HPX DE 2,5 V PARA LARINGOSCOPIO DE FIBRA \u00d3PTICA<\/h1>\n","protected":false},"featured_media":12644,"template":"","meta":{"_joinchat":[]},"product_brand":[],"product_cat":[244,294],"product_tag":[],"class_list":{"0":"post-12643","1":"product","2":"type-product","3":"status-publish","4":"has-post-thumbnail","6":"product_cat-equipos-de-diagnostico","7":"product_cat-mangos","9":"first","10":"instock","11":"purchasable","12":"product-type-simple"},"yoast_head":"<!-- This site is optimized with the Yoast SEO plugin v25.1 - https:\/\/yoast.com\/wordpress\/plugins\/seo\/ -->\n<title>MANGO LARINGOSCOPIO RECARGABLE 2.5v FO - Tu mejor opci\u00f3n Equipo M\u00e9dico M\u00e9xico<\/title>\n<meta name=\"robots\" content=\"index, follow, max-snippet:-1, max-image-preview:large, max-video-preview:-1\" \/>\n<link rel=\"canonical\" href=\"https:\/\/buscoequipomedico.com\/?product=mango-laringoscopio-recargable-2-5v-fo-2\" \/>\n<meta property=\"og:locale\" content=\"es_ES\" \/>\n<meta property=\"og:type\" content=\"article\" \/>\n<meta property=\"og:title\" content=\"MANGO LARINGOSCOPIO RECARGABLE 2.5v FO - Tu mejor opci\u00f3n Equipo M\u00e9dico M\u00e9xico\" \/>\n<meta property=\"og:description\" content=\"MANGO HPX DE 2,5 V PARA LARINGOSCOPIO DE FIBRA \u00d3PTICA\" \/>\n<meta property=\"og:url\" content=\"https:\/\/buscoequipomedico.com\/?product=mango-laringoscopio-recargable-2-5v-fo-2\" \/>\n<meta property=\"og:site_name\" content=\"Tu mejor opci\u00f3n Equipo M\u00e9dico M\u00e9xico\" \/>\n<meta property=\"article:modified_time\" content=\"2020-02-18T07:35:51+00:00\" \/>\n<meta property=\"og:image\" content=\"https:\/\/buscoequipomedico.com\/wp-content\/uploads\/2020\/02\/mango-laringoscopio-recargable-25v-fo-mango-hpx-de-25-v-para-laringoscopio-de-fibra-optica.jpg\" \/>\n\t<meta property=\"og:image:width\" content=\"800\" \/>\n\t<meta property=\"og:image:height\" content=\"800\" \/>\n\t<meta property=\"og:image:type\" content=\"image\/jpeg\" \/>\n<meta name=\"twitter:card\" content=\"summary_large_image\" \/>\n<meta name=\"twitter:label1\" content=\"Tiempo de lectura\" \/>\n\t<meta name=\"twitter:data1\" content=\"1 minuto\" \/>\n<script type=\"application\/ld+json\" class=\"yoast-schema-graph\">{\"@context\":\"https:\/\/schema.org\",\"@graph\":[{\"@type\":\"WebPage\",\"@id\":\"https:\/\/buscoequipomedico.com\/?product=mango-laringoscopio-recargable-2-5v-fo-2\",\"url\":\"https:\/\/buscoequipomedico.com\/?product=mango-laringoscopio-recargable-2-5v-fo-2\",\"name\":\"MANGO LARINGOSCOPIO RECARGABLE 2.5v FO - Tu mejor opci\u00f3n Equipo M\u00e9dico M\u00e9xico\",\"isPartOf\":{\"@id\":\"https:\/\/buscoequipomedico.com\/#website\"},\"primaryImageOfPage\":{\"@id\":\"https:\/\/buscoequipomedico.com\/?product=mango-laringoscopio-recargable-2-5v-fo-2#primaryimage\"},\"image\":{\"@id\":\"https:\/\/buscoequipomedico.com\/?product=mango-laringoscopio-recargable-2-5v-fo-2#primaryimage\"},\"thumbnailUrl\":\"https:\/\/buscoequipomedico.com\/wp-content\/uploads\/2020\/02\/mango-laringoscopio-recargable-25v-fo-mango-hpx-de-25-v-para-laringoscopio-de-fibra-optica.jpg\",\"datePublished\":\"2020-02-18T07:35:48+00:00\",\"dateModified\":\"2020-02-18T07:35:51+00:00\",\"breadcrumb\":{\"@id\":\"https:\/\/buscoequipomedico.com\/?product=mango-laringoscopio-recargable-2-5v-fo-2#breadcrumb\"},\"inLanguage\":\"es\",\"potentialAction\":[{\"@type\":\"ReadAction\",\"target\":[\"https:\/\/buscoequipomedico.com\/?product=mango-laringoscopio-recargable-2-5v-fo-2\"]}]},{\"@type\":\"ImageObject\",\"inLanguage\":\"es\",\"@id\":\"https:\/\/buscoequipomedico.com\/?product=mango-laringoscopio-recargable-2-5v-fo-2#primaryimage\",\"url\":\"https:\/\/buscoequipomedico.com\/wp-content\/uploads\/2020\/02\/mango-laringoscopio-recargable-25v-fo-mango-hpx-de-25-v-para-laringoscopio-de-fibra-optica.jpg\",\"contentUrl\":\"https:\/\/buscoequipomedico.com\/wp-content\/uploads\/2020\/02\/mango-laringoscopio-recargable-25v-fo-mango-hpx-de-25-v-para-laringoscopio-de-fibra-optica.jpg\",\"width\":800,\"height\":800},{\"@type\":\"BreadcrumbList\",\"@id\":\"https:\/\/buscoequipomedico.com\/?product=mango-laringoscopio-recargable-2-5v-fo-2#breadcrumb\",\"itemListElement\":[{\"@type\":\"ListItem\",\"position\":1,\"name\":\"Productos\",\"item\":\"https:\/\/buscoequipomedico.com\/shop\/\"},{\"@type\":\"ListItem\",\"position\":2,\"name\":\"MANGO LARINGOSCOPIO RECARGABLE 2.5v FO\"}]},{\"@type\":\"WebSite\",\"@id\":\"https:\/\/buscoequipomedico.com\/#website\",\"url\":\"https:\/\/buscoequipomedico.com\/\",\"name\":\"Tu mejor opci\u00f3n Equipo M\u00e9dico M\u00e9xico\",\"description\":\"Tienda de equipo m\u00e9dico\",\"publisher\":{\"@id\":\"https:\/\/buscoequipomedico.com\/#organization\"},\"potentialAction\":[{\"@type\":\"SearchAction\",\"target\":{\"@type\":\"EntryPoint\",\"urlTemplate\":\"https:\/\/buscoequipomedico.com\/?s={search_term_string}\"},\"query-input\":{\"@type\":\"PropertyValueSpecification\",\"valueRequired\":true,\"valueName\":\"search_term_string\"}}],\"inLanguage\":\"es\"},{\"@type\":\"Organization\",\"@id\":\"https:\/\/buscoequipomedico.com\/#organization\",\"name\":\"Tu mejor opci\u00f3n Equipo M\u00e9dico M\u00e9xico\",\"url\":\"https:\/\/buscoequipomedico.com\/\",\"logo\":{\"@type\":\"ImageObject\",\"inLanguage\":\"es\",\"@id\":\"https:\/\/buscoequipomedico.com\/#\/schema\/logo\/image\/\",\"url\":\"https:\/\/buscoequipomedico.com\/wp-content\/uploads\/2021\/07\/EMM-VPrincipal-scaled.jpg\",\"contentUrl\":\"https:\/\/buscoequipomedico.com\/wp-content\/uploads\/2021\/07\/EMM-VPrincipal-scaled.jpg\",\"width\":2560,\"height\":1058,\"caption\":\"Tu mejor opci\u00f3n Equipo M\u00e9dico M\u00e9xico\"},\"image\":{\"@id\":\"https:\/\/buscoequipomedico.com\/#\/schema\/logo\/image\/\"}}]}<\/script>\n<!-- \/ Yoast SEO plugin. -->","yoast_head_json":{"title":"MANGO LARINGOSCOPIO RECARGABLE 2.5v FO - Tu mejor opci\u00f3n Equipo M\u00e9dico M\u00e9xico","robots":{"index":"index","follow":"follow","max-snippet":"max-snippet:-1","max-image-preview":"max-image-preview:large","max-video-preview":"max-video-preview:-1"},"canonical":"https:\/\/buscoequipomedico.com\/?product=mango-laringoscopio-recargable-2-5v-fo-2","og_locale":"es_ES","og_type":"article","og_title":"MANGO LARINGOSCOPIO RECARGABLE 2.5v FO - Tu mejor opci\u00f3n Equipo M\u00e9dico M\u00e9xico","og_description":"MANGO HPX DE 2,5 V PARA LARINGOSCOPIO DE FIBRA \u00d3PTICA","og_url":"https:\/\/buscoequipomedico.com\/?product=mango-laringoscopio-recargable-2-5v-fo-2","og_site_name":"Tu mejor opci\u00f3n Equipo M\u00e9dico M\u00e9xico","article_modified_time":"2020-02-18T07:35:51+00:00","og_image":[{"width":800,"height":800,"url":"https:\/\/buscoequipomedico.com\/wp-content\/uploads\/2020\/02\/mango-laringoscopio-recargable-25v-fo-mango-hpx-de-25-v-para-laringoscopio-de-fibra-optica.jpg","type":"image\/jpeg"}],"twitter_card":"summary_large_image","twitter_misc":{"Tiempo de lectura":"1 minuto"},"schema":{"@context":"https:\/\/schema.org","@graph":[{"@type":"WebPage","@id":"https:\/\/buscoequipomedico.com\/?product=mango-laringoscopio-recargable-2-5v-fo-2","url":"https:\/\/buscoequipomedico.com\/?product=mango-laringoscopio-recargable-2-5v-fo-2","name":"MANGO LARINGOSCOPIO RECARGABLE 2.5v FO - Tu mejor opci\u00f3n Equipo M\u00e9dico M\u00e9xico","isPartOf":{"@id":"https:\/\/buscoequipomedico.com\/#website"},"primaryImageOfPage":{"@id":"https:\/\/buscoequipomedico.com\/?product=mango-laringoscopio-recargable-2-5v-fo-2#primaryimage"},"image":{"@id":"https:\/\/buscoequipomedico.com\/?product=mango-laringoscopio-recargable-2-5v-fo-2#primaryimage"},"thumbnailUrl":"https:\/\/buscoequipomedico.com\/wp-content\/uploads\/2020\/02\/mango-laringoscopio-recargable-25v-fo-mango-hpx-de-25-v-para-laringoscopio-de-fibra-optica.jpg","datePublished":"2020-02-18T07:35:48+00:00","dateModified":"2020-02-18T07:35:51+00:00","breadcrumb":{"@id":"https:\/\/buscoequipomedico.com\/?product=mango-laringoscopio-recargable-2-5v-fo-2#breadcrumb"},"inLanguage":"es","potentialAction":[{"@type":"ReadAction","target":["https:\/\/buscoequipomedico.com\/?product=mango-laringoscopio-recargable-2-5v-fo-2"]}]},{"@type":"ImageObject","inLanguage":"es","@id":"https:\/\/buscoequipomedico.com\/?product=mango-laringoscopio-recargable-2-5v-fo-2#primaryimage","url":"https:\/\/buscoequipomedico.com\/wp-content\/uploads\/2020\/02\/mango-laringoscopio-recargable-25v-fo-mango-hpx-de-25-v-para-laringoscopio-de-fibra-optica.jpg","contentUrl":"https:\/\/buscoequipomedico.com\/wp-content\/uploads\/2020\/02\/mango-laringoscopio-recargable-25v-fo-mango-hpx-de-25-v-para-laringoscopio-de-fibra-optica.jpg","width":800,"height":800},{"@type":"BreadcrumbList","@id":"https:\/\/buscoequipomedico.com\/?product=mango-laringoscopio-recargable-2-5v-fo-2#breadcrumb","itemListElement":[{"@type":"ListItem","position":1,"name":"Productos","item":"https:\/\/buscoequipomedico.com\/shop\/"},{"@type":"ListItem","position":2,"name":"MANGO LARINGOSCOPIO RECARGABLE 2.5v FO"}]},{"@type":"WebSite","@id":"https:\/\/buscoequipomedico.com\/#website","url":"https:\/\/buscoequipomedico.com\/","name":"Tu mejor opci\u00f3n Equipo M\u00e9dico M\u00e9xico","description":"Tienda de equipo m\u00e9dico","publisher":{"@id":"https:\/\/buscoequipomedico.com\/#organization"},"potentialAction":[{"@type":"SearchAction","target":{"@type":"EntryPoint","urlTemplate":"https:\/\/buscoequipomedico.com\/?s={search_term_string}"},"query-input":{"@type":"PropertyValueSpecification","valueRequired":true,"valueName":"search_term_string"}}],"inLanguage":"es"},{"@type":"Organization","@id":"https:\/\/buscoequipomedico.com\/#organization","name":"Tu mejor opci\u00f3n Equipo M\u00e9dico M\u00e9xico","url":"https:\/\/buscoequipomedico.com\/","logo":{"@type":"ImageObject","inLanguage":"es","@id":"https:\/\/buscoequipomedico.com\/#\/schema\/logo\/image\/","url":"https:\/\/buscoequipomedico.com\/wp-content\/uploads\/2021\/07\/EMM-VPrincipal-scaled.jpg","contentUrl":"https:\/\/buscoequipomedico.com\/wp-content\/uploads\/2021\/07\/EMM-VPrincipal-scaled.jpg","width":2560,"height":1058,"caption":"Tu mejor opci\u00f3n Equipo M\u00e9dico M\u00e9xico"},"image":{"@id":"https:\/\/buscoequipomedico.com\/#\/schema\/logo\/image\/"}}]}},"_links":{"self":[{"href":"https:\/\/buscoequipomedico.com\/index.php?rest_route=\/wp\/v2\/product\/12643","targetHints":{"allow":["GET"]}}],"collection":[{"href":"https:\/\/buscoequipomedico.com\/index.php?rest_route=\/wp\/v2\/product"}],"about":[{"href":"https:\/\/buscoequipomedico.com\/index.php?rest_route=\/wp\/v2\/types\/product"}],"wp:featuredmedia":[{"embeddable":true,"href":"https:\/\/buscoequipomedico.com\/index.php?rest_route=\/wp\/v2\/media\/12644"}],"wp:attachment":[{"href":"https:\/\/buscoequipomedico.com\/index.php?rest_route=%2Fwp%2Fv2%2Fmedia&parent=12643"}],"wp:term":[{"taxonomy":"product_brand","embeddable":true,"href":"https:\/\/buscoequipomedico.com\/index.php?rest_route=%2Fwp%2Fv2%2Fproduct_brand&post=12643"},{"taxonomy":"product_cat","embeddable":true,"href":"https:\/\/buscoequipomedico.com\/index.php?rest_route=%2Fwp%2Fv2%2Fproduct_cat&post=12643"},{"taxonomy":"product_tag","embeddable":true,"href":"https:\/\/buscoequipomedico.com\/index.php?rest_route=%2Fwp%2Fv2%2Fproduct_tag&post=12643"}],"curies":[{"name":"wp","href":"https:\/\/api.w.org\/{rel}","templated":true}]}}