{"id":12669,"date":"2020-02-18T07:35:54","date_gmt":"2020-02-18T07:35:54","guid":{"rendered":"https:\/\/equipomedicomexico-com.preview-domain.com\/product\/mango-a-pilas-mini3000-c-pilas\/"},"modified":"2020-02-18T07:35:55","modified_gmt":"2020-02-18T07:35:55","slug":"mango-a-pilas-mini3000-c-pilas","status":"publish","type":"product","link":"https:\/\/buscoequipomedico.com\/?product=mango-a-pilas-mini3000-c-pilas","title":{"rendered":"MANGO A PILAS MINI3000 C.PILAS"},"content":{"rendered":"<p><span>A prueba de golpes, robusto, antideslizante. <\/span><\/p>\n<p><span>Clip de sujeci\u00f3n con interruptor de conexi\u00f3n y des-conexi\u00f3n integrado. <\/span><\/p>\n<p><span>Firme sujeci\u00f3n. <\/span><\/p>\n<p><span>Des-conexi\u00f3n autom\u00e1tica al fijarlo al bolsillo.<\/span><\/p>\n<p><span> Garantizados 20.000 ciclos interruptores. <\/span><\/p>\n<p><span>Capuch\u00f3n inferior desenroscable. <\/span><\/p>\n<p><span>Se reponen f\u00e1cilmente las pilas.<\/span><\/p>\n<p><span> Conexi\u00f3n por rosca de metal. Sin desgaste.<\/span><\/p>\n","protected":false},"excerpt":{"rendered":"<p><span>Forma oval, compacta y elegante. Se lleva en la mano de forma ergon\u00f3mica. Carcasa del mango de alta calidad: aleaci\u00f3n de cromo \/ pl\u00e1stico refinado.<\/span><\/p>\n","protected":false},"featured_media":12670,"template":"","meta":{"_joinchat":[]},"product_brand":[],"product_cat":[244,294],"product_tag":[],"class_list":{"0":"post-12669","1":"product","2":"type-product","3":"status-publish","4":"has-post-thumbnail","6":"product_cat-equipos-de-diagnostico","7":"product_cat-mangos","8":"pa_marca-heine","10":"first","11":"instock","12":"purchasable","13":"product-type-simple"},"yoast_head":"<!-- This site is optimized with the Yoast SEO plugin v25.1 - https:\/\/yoast.com\/wordpress\/plugins\/seo\/ -->\n<title>MANGO A PILAS MINI3000 C.PILAS - Tu mejor opci\u00f3n Equipo M\u00e9dico M\u00e9xico<\/title>\n<meta name=\"robots\" content=\"index, follow, max-snippet:-1, max-image-preview:large, max-video-preview:-1\" \/>\n<link rel=\"canonical\" href=\"https:\/\/buscoequipomedico.com\/?product=mango-a-pilas-mini3000-c-pilas\" \/>\n<meta property=\"og:locale\" content=\"es_ES\" \/>\n<meta property=\"og:type\" content=\"article\" \/>\n<meta property=\"og:title\" content=\"MANGO A PILAS MINI3000 C.PILAS - Tu mejor opci\u00f3n Equipo M\u00e9dico M\u00e9xico\" \/>\n<meta property=\"og:description\" content=\"Forma oval, compacta y elegante. Se lleva en la mano de forma ergon\u00f3mica. Carcasa del mango de alta calidad: aleaci\u00f3n de cromo \/ pl\u00e1stico refinado.\" \/>\n<meta property=\"og:url\" content=\"https:\/\/buscoequipomedico.com\/?product=mango-a-pilas-mini3000-c-pilas\" \/>\n<meta property=\"og:site_name\" content=\"Tu mejor opci\u00f3n Equipo M\u00e9dico M\u00e9xico\" \/>\n<meta property=\"article:modified_time\" content=\"2020-02-18T07:35:55+00:00\" \/>\n<meta property=\"og:image\" content=\"https:\/\/buscoequipomedico.com\/wp-content\/uploads\/2020\/02\/mango-a-pilas-mini3000-cpilas-forma-oval-compacta-y-elegante-se-lleva-en-la-mano-de-forma-ergonomica-carcasa-del-mango-de-alta-c.jpg\" \/>\n\t<meta property=\"og:image:width\" content=\"800\" \/>\n\t<meta property=\"og:image:height\" content=\"800\" \/>\n\t<meta property=\"og:image:type\" content=\"image\/png\" \/>\n<meta name=\"twitter:card\" content=\"summary_large_image\" \/>\n<script type=\"application\/ld+json\" class=\"yoast-schema-graph\">{\"@context\":\"https:\/\/schema.org\",\"@graph\":[{\"@type\":\"WebPage\",\"@id\":\"https:\/\/buscoequipomedico.com\/?product=mango-a-pilas-mini3000-c-pilas\",\"url\":\"https:\/\/buscoequipomedico.com\/?product=mango-a-pilas-mini3000-c-pilas\",\"name\":\"MANGO A PILAS MINI3000 C.PILAS - Tu mejor opci\u00f3n Equipo M\u00e9dico M\u00e9xico\",\"isPartOf\":{\"@id\":\"https:\/\/buscoequipomedico.com\/#website\"},\"primaryImageOfPage\":{\"@id\":\"https:\/\/buscoequipomedico.com\/?product=mango-a-pilas-mini3000-c-pilas#primaryimage\"},\"image\":{\"@id\":\"https:\/\/buscoequipomedico.com\/?product=mango-a-pilas-mini3000-c-pilas#primaryimage\"},\"thumbnailUrl\":\"https:\/\/buscoequipomedico.com\/wp-content\/uploads\/2020\/02\/mango-a-pilas-mini3000-cpilas-forma-oval-compacta-y-elegante-se-lleva-en-la-mano-de-forma-ergonomica-carcasa-del-mango-de-alta-c.jpg\",\"datePublished\":\"2020-02-18T07:35:54+00:00\",\"dateModified\":\"2020-02-18T07:35:55+00:00\",\"breadcrumb\":{\"@id\":\"https:\/\/buscoequipomedico.com\/?product=mango-a-pilas-mini3000-c-pilas#breadcrumb\"},\"inLanguage\":\"es\",\"potentialAction\":[{\"@type\":\"ReadAction\",\"target\":[\"https:\/\/buscoequipomedico.com\/?product=mango-a-pilas-mini3000-c-pilas\"]}]},{\"@type\":\"ImageObject\",\"inLanguage\":\"es\",\"@id\":\"https:\/\/buscoequipomedico.com\/?product=mango-a-pilas-mini3000-c-pilas#primaryimage\",\"url\":\"https:\/\/buscoequipomedico.com\/wp-content\/uploads\/2020\/02\/mango-a-pilas-mini3000-cpilas-forma-oval-compacta-y-elegante-se-lleva-en-la-mano-de-forma-ergonomica-carcasa-del-mango-de-alta-c.jpg\",\"contentUrl\":\"https:\/\/buscoequipomedico.com\/wp-content\/uploads\/2020\/02\/mango-a-pilas-mini3000-cpilas-forma-oval-compacta-y-elegante-se-lleva-en-la-mano-de-forma-ergonomica-carcasa-del-mango-de-alta-c.jpg\",\"width\":800,\"height\":800},{\"@type\":\"BreadcrumbList\",\"@id\":\"https:\/\/buscoequipomedico.com\/?product=mango-a-pilas-mini3000-c-pilas#breadcrumb\",\"itemListElement\":[{\"@type\":\"ListItem\",\"position\":1,\"name\":\"Productos\",\"item\":\"https:\/\/buscoequipomedico.com\/shop\/\"},{\"@type\":\"ListItem\",\"position\":2,\"name\":\"MANGO A PILAS MINI3000 C.PILAS\"}]},{\"@type\":\"WebSite\",\"@id\":\"https:\/\/buscoequipomedico.com\/#website\",\"url\":\"https:\/\/buscoequipomedico.com\/\",\"name\":\"Tu mejor opci\u00f3n Equipo M\u00e9dico M\u00e9xico\",\"description\":\"Tienda de equipo m\u00e9dico\",\"publisher\":{\"@id\":\"https:\/\/buscoequipomedico.com\/#organization\"},\"potentialAction\":[{\"@type\":\"SearchAction\",\"target\":{\"@type\":\"EntryPoint\",\"urlTemplate\":\"https:\/\/buscoequipomedico.com\/?s={search_term_string}\"},\"query-input\":{\"@type\":\"PropertyValueSpecification\",\"valueRequired\":true,\"valueName\":\"search_term_string\"}}],\"inLanguage\":\"es\"},{\"@type\":\"Organization\",\"@id\":\"https:\/\/buscoequipomedico.com\/#organization\",\"name\":\"Tu mejor opci\u00f3n Equipo M\u00e9dico M\u00e9xico\",\"url\":\"https:\/\/buscoequipomedico.com\/\",\"logo\":{\"@type\":\"ImageObject\",\"inLanguage\":\"es\",\"@id\":\"https:\/\/buscoequipomedico.com\/#\/schema\/logo\/image\/\",\"url\":\"https:\/\/buscoequipomedico.com\/wp-content\/uploads\/2021\/07\/EMM-VPrincipal-scaled.jpg\",\"contentUrl\":\"https:\/\/buscoequipomedico.com\/wp-content\/uploads\/2021\/07\/EMM-VPrincipal-scaled.jpg\",\"width\":2560,\"height\":1058,\"caption\":\"Tu mejor opci\u00f3n Equipo M\u00e9dico M\u00e9xico\"},\"image\":{\"@id\":\"https:\/\/buscoequipomedico.com\/#\/schema\/logo\/image\/\"}}]}<\/script>\n<!-- \/ Yoast SEO plugin. -->","yoast_head_json":{"title":"MANGO A PILAS MINI3000 C.PILAS - Tu mejor opci\u00f3n Equipo M\u00e9dico M\u00e9xico","robots":{"index":"index","follow":"follow","max-snippet":"max-snippet:-1","max-image-preview":"max-image-preview:large","max-video-preview":"max-video-preview:-1"},"canonical":"https:\/\/buscoequipomedico.com\/?product=mango-a-pilas-mini3000-c-pilas","og_locale":"es_ES","og_type":"article","og_title":"MANGO A PILAS MINI3000 C.PILAS - Tu mejor opci\u00f3n Equipo M\u00e9dico M\u00e9xico","og_description":"Forma oval, compacta y elegante. Se lleva en la mano de forma ergon\u00f3mica. Carcasa del mango de alta calidad: aleaci\u00f3n de cromo \/ pl\u00e1stico refinado.","og_url":"https:\/\/buscoequipomedico.com\/?product=mango-a-pilas-mini3000-c-pilas","og_site_name":"Tu mejor opci\u00f3n Equipo M\u00e9dico M\u00e9xico","article_modified_time":"2020-02-18T07:35:55+00:00","og_image":[{"width":800,"height":800,"url":"https:\/\/buscoequipomedico.com\/wp-content\/uploads\/2020\/02\/mango-a-pilas-mini3000-cpilas-forma-oval-compacta-y-elegante-se-lleva-en-la-mano-de-forma-ergonomica-carcasa-del-mango-de-alta-c.jpg","type":"image\/png"}],"twitter_card":"summary_large_image","schema":{"@context":"https:\/\/schema.org","@graph":[{"@type":"WebPage","@id":"https:\/\/buscoequipomedico.com\/?product=mango-a-pilas-mini3000-c-pilas","url":"https:\/\/buscoequipomedico.com\/?product=mango-a-pilas-mini3000-c-pilas","name":"MANGO A PILAS MINI3000 C.PILAS - Tu mejor opci\u00f3n Equipo M\u00e9dico M\u00e9xico","isPartOf":{"@id":"https:\/\/buscoequipomedico.com\/#website"},"primaryImageOfPage":{"@id":"https:\/\/buscoequipomedico.com\/?product=mango-a-pilas-mini3000-c-pilas#primaryimage"},"image":{"@id":"https:\/\/buscoequipomedico.com\/?product=mango-a-pilas-mini3000-c-pilas#primaryimage"},"thumbnailUrl":"https:\/\/buscoequipomedico.com\/wp-content\/uploads\/2020\/02\/mango-a-pilas-mini3000-cpilas-forma-oval-compacta-y-elegante-se-lleva-en-la-mano-de-forma-ergonomica-carcasa-del-mango-de-alta-c.jpg","datePublished":"2020-02-18T07:35:54+00:00","dateModified":"2020-02-18T07:35:55+00:00","breadcrumb":{"@id":"https:\/\/buscoequipomedico.com\/?product=mango-a-pilas-mini3000-c-pilas#breadcrumb"},"inLanguage":"es","potentialAction":[{"@type":"ReadAction","target":["https:\/\/buscoequipomedico.com\/?product=mango-a-pilas-mini3000-c-pilas"]}]},{"@type":"ImageObject","inLanguage":"es","@id":"https:\/\/buscoequipomedico.com\/?product=mango-a-pilas-mini3000-c-pilas#primaryimage","url":"https:\/\/buscoequipomedico.com\/wp-content\/uploads\/2020\/02\/mango-a-pilas-mini3000-cpilas-forma-oval-compacta-y-elegante-se-lleva-en-la-mano-de-forma-ergonomica-carcasa-del-mango-de-alta-c.jpg","contentUrl":"https:\/\/buscoequipomedico.com\/wp-content\/uploads\/2020\/02\/mango-a-pilas-mini3000-cpilas-forma-oval-compacta-y-elegante-se-lleva-en-la-mano-de-forma-ergonomica-carcasa-del-mango-de-alta-c.jpg","width":800,"height":800},{"@type":"BreadcrumbList","@id":"https:\/\/buscoequipomedico.com\/?product=mango-a-pilas-mini3000-c-pilas#breadcrumb","itemListElement":[{"@type":"ListItem","position":1,"name":"Productos","item":"https:\/\/buscoequipomedico.com\/shop\/"},{"@type":"ListItem","position":2,"name":"MANGO A PILAS MINI3000 C.PILAS"}]},{"@type":"WebSite","@id":"https:\/\/buscoequipomedico.com\/#website","url":"https:\/\/buscoequipomedico.com\/","name":"Tu mejor opci\u00f3n Equipo M\u00e9dico M\u00e9xico","description":"Tienda de equipo m\u00e9dico","publisher":{"@id":"https:\/\/buscoequipomedico.com\/#organization"},"potentialAction":[{"@type":"SearchAction","target":{"@type":"EntryPoint","urlTemplate":"https:\/\/buscoequipomedico.com\/?s={search_term_string}"},"query-input":{"@type":"PropertyValueSpecification","valueRequired":true,"valueName":"search_term_string"}}],"inLanguage":"es"},{"@type":"Organization","@id":"https:\/\/buscoequipomedico.com\/#organization","name":"Tu mejor opci\u00f3n Equipo M\u00e9dico M\u00e9xico","url":"https:\/\/buscoequipomedico.com\/","logo":{"@type":"ImageObject","inLanguage":"es","@id":"https:\/\/buscoequipomedico.com\/#\/schema\/logo\/image\/","url":"https:\/\/buscoequipomedico.com\/wp-content\/uploads\/2021\/07\/EMM-VPrincipal-scaled.jpg","contentUrl":"https:\/\/buscoequipomedico.com\/wp-content\/uploads\/2021\/07\/EMM-VPrincipal-scaled.jpg","width":2560,"height":1058,"caption":"Tu mejor opci\u00f3n Equipo M\u00e9dico M\u00e9xico"},"image":{"@id":"https:\/\/buscoequipomedico.com\/#\/schema\/logo\/image\/"}}]}},"_links":{"self":[{"href":"https:\/\/buscoequipomedico.com\/index.php?rest_route=\/wp\/v2\/product\/12669","targetHints":{"allow":["GET"]}}],"collection":[{"href":"https:\/\/buscoequipomedico.com\/index.php?rest_route=\/wp\/v2\/product"}],"about":[{"href":"https:\/\/buscoequipomedico.com\/index.php?rest_route=\/wp\/v2\/types\/product"}],"wp:featuredmedia":[{"embeddable":true,"href":"https:\/\/buscoequipomedico.com\/index.php?rest_route=\/wp\/v2\/media\/12670"}],"wp:attachment":[{"href":"https:\/\/buscoequipomedico.com\/index.php?rest_route=%2Fwp%2Fv2%2Fmedia&parent=12669"}],"wp:term":[{"taxonomy":"product_brand","embeddable":true,"href":"https:\/\/buscoequipomedico.com\/index.php?rest_route=%2Fwp%2Fv2%2Fproduct_brand&post=12669"},{"taxonomy":"product_cat","embeddable":true,"href":"https:\/\/buscoequipomedico.com\/index.php?rest_route=%2Fwp%2Fv2%2Fproduct_cat&post=12669"},{"taxonomy":"product_tag","embeddable":true,"href":"https:\/\/buscoequipomedico.com\/index.php?rest_route=%2Fwp%2Fv2%2Fproduct_tag&post=12669"}],"curies":[{"name":"wp","href":"https:\/\/api.w.org\/{rel}","templated":true}]}}