{"id":12679,"date":"2020-02-18T07:35:54","date_gmt":"2020-02-18T07:35:54","guid":{"rendered":"https:\/\/equipomedicomexico-com.preview-domain.com\/product\/mango-corto-para-laringoscopio-c-bateria\/"},"modified":"2020-02-18T07:35:56","modified_gmt":"2020-02-18T07:35:56","slug":"mango-corto-para-laringoscopio-c-bateria","status":"publish","type":"product","link":"https:\/\/buscoequipomedico.com\/?product=mango-corto-para-laringoscopio-c-bateria","title":{"rendered":"MANGO CORTO PARA LARINGOSCOPIO C\/ BATERIA"},"content":{"rendered":"<p>Mango de laringoscopio F.O.<\/p>\n<p>Potencia total en cualquier momento sin p\u00e9rdida de capacidad.<\/p>\n<p>Tiempo de carga de dos horas con el cargador NT 300.<\/p>\n<p>Con opci\u00f3n a ser bater\u00eda recargable.<\/p>\n<p>Foco: 2.5 V.<\/p>\n<p>USO<\/p>\n<p>Ideal para colocar las esp\u00e1tulas.<\/p>\n<p>PUNTO DE VENTA<\/p>\n<p>F\u00e1cil de utilizar y colocar.<\/p>\n<p>Fabricado con componentes y mano de obra 100% Alemana.<\/p>\n<p>La marca Heine establece los est\u00e1ndares de calidad con que se miden los dem\u00e1s instrumentos de diagn\u00f3stico.\u00a0<\/p>\n","protected":false},"excerpt":{"rendered":"<p><span>Mango de laringoscopio F.O. recargable innovativo de 3.5 V con indicador<\/span><br \/><span>de carga en la pieza de fondo y la opci\u00f3n de iluminaci\u00f3n por LED.<\/span><br \/><span>El estado de carga es indicado durante 10 segundos despu\u00e9s de encenderlo<\/span><br \/><span>o despu\u00e9s de sacarlo del cargador.<\/span><\/p>\n","protected":false},"featured_media":12680,"template":"","meta":{"_joinchat":[]},"product_brand":[],"product_cat":[244,294],"product_tag":[],"class_list":{"0":"post-12679","1":"product","2":"type-product","3":"status-publish","4":"has-post-thumbnail","6":"product_cat-equipos-de-diagnostico","7":"product_cat-mangos","8":"pa_marca-heine","10":"first","11":"instock","12":"purchasable","13":"product-type-simple"},"yoast_head":"<!-- This site is optimized with the Yoast SEO plugin v25.1 - https:\/\/yoast.com\/wordpress\/plugins\/seo\/ -->\n<title>MANGO CORTO PARA LARINGOSCOPIO C\/ BATERIA - Tu mejor opci\u00f3n Equipo M\u00e9dico M\u00e9xico<\/title>\n<meta name=\"robots\" content=\"index, follow, max-snippet:-1, max-image-preview:large, max-video-preview:-1\" \/>\n<link rel=\"canonical\" href=\"https:\/\/buscoequipomedico.com\/?product=mango-corto-para-laringoscopio-c-bateria\" \/>\n<meta property=\"og:locale\" content=\"es_ES\" \/>\n<meta property=\"og:type\" content=\"article\" \/>\n<meta property=\"og:title\" content=\"MANGO CORTO PARA LARINGOSCOPIO C\/ BATERIA - Tu mejor opci\u00f3n Equipo M\u00e9dico M\u00e9xico\" \/>\n<meta property=\"og:description\" content=\"Mango de laringoscopio F.O. recargable innovativo de 3.5 V con indicadorde carga en la pieza de fondo y la opci\u00f3n de iluminaci\u00f3n por LED.El estado de carga es indicado durante 10 segundos despu\u00e9s de encenderloo despu\u00e9s de sacarlo del cargador.\" \/>\n<meta property=\"og:url\" content=\"https:\/\/buscoequipomedico.com\/?product=mango-corto-para-laringoscopio-c-bateria\" \/>\n<meta property=\"og:site_name\" content=\"Tu mejor opci\u00f3n Equipo M\u00e9dico M\u00e9xico\" \/>\n<meta property=\"article:modified_time\" content=\"2020-02-18T07:35:56+00:00\" \/>\n<meta property=\"og:image\" content=\"https:\/\/buscoequipomedico.com\/wp-content\/uploads\/2020\/02\/mango-corto-para-laringoscopio-c-bateria-mango-de-laringoscopio-fo-recargable-innovativo-de-35-v-con-indicadorde-carga-en-la-pie.jpg\" \/>\n\t<meta property=\"og:image:width\" content=\"800\" \/>\n\t<meta property=\"og:image:height\" content=\"800\" \/>\n\t<meta property=\"og:image:type\" content=\"image\/png\" \/>\n<meta name=\"twitter:card\" content=\"summary_large_image\" \/>\n<script type=\"application\/ld+json\" class=\"yoast-schema-graph\">{\"@context\":\"https:\/\/schema.org\",\"@graph\":[{\"@type\":\"WebPage\",\"@id\":\"https:\/\/buscoequipomedico.com\/?product=mango-corto-para-laringoscopio-c-bateria\",\"url\":\"https:\/\/buscoequipomedico.com\/?product=mango-corto-para-laringoscopio-c-bateria\",\"name\":\"MANGO CORTO PARA LARINGOSCOPIO C\/ BATERIA - Tu mejor opci\u00f3n Equipo M\u00e9dico M\u00e9xico\",\"isPartOf\":{\"@id\":\"https:\/\/buscoequipomedico.com\/#website\"},\"primaryImageOfPage\":{\"@id\":\"https:\/\/buscoequipomedico.com\/?product=mango-corto-para-laringoscopio-c-bateria#primaryimage\"},\"image\":{\"@id\":\"https:\/\/buscoequipomedico.com\/?product=mango-corto-para-laringoscopio-c-bateria#primaryimage\"},\"thumbnailUrl\":\"https:\/\/buscoequipomedico.com\/wp-content\/uploads\/2020\/02\/mango-corto-para-laringoscopio-c-bateria-mango-de-laringoscopio-fo-recargable-innovativo-de-35-v-con-indicadorde-carga-en-la-pie.jpg\",\"datePublished\":\"2020-02-18T07:35:54+00:00\",\"dateModified\":\"2020-02-18T07:35:56+00:00\",\"breadcrumb\":{\"@id\":\"https:\/\/buscoequipomedico.com\/?product=mango-corto-para-laringoscopio-c-bateria#breadcrumb\"},\"inLanguage\":\"es\",\"potentialAction\":[{\"@type\":\"ReadAction\",\"target\":[\"https:\/\/buscoequipomedico.com\/?product=mango-corto-para-laringoscopio-c-bateria\"]}]},{\"@type\":\"ImageObject\",\"inLanguage\":\"es\",\"@id\":\"https:\/\/buscoequipomedico.com\/?product=mango-corto-para-laringoscopio-c-bateria#primaryimage\",\"url\":\"https:\/\/buscoequipomedico.com\/wp-content\/uploads\/2020\/02\/mango-corto-para-laringoscopio-c-bateria-mango-de-laringoscopio-fo-recargable-innovativo-de-35-v-con-indicadorde-carga-en-la-pie.jpg\",\"contentUrl\":\"https:\/\/buscoequipomedico.com\/wp-content\/uploads\/2020\/02\/mango-corto-para-laringoscopio-c-bateria-mango-de-laringoscopio-fo-recargable-innovativo-de-35-v-con-indicadorde-carga-en-la-pie.jpg\",\"width\":800,\"height\":800},{\"@type\":\"BreadcrumbList\",\"@id\":\"https:\/\/buscoequipomedico.com\/?product=mango-corto-para-laringoscopio-c-bateria#breadcrumb\",\"itemListElement\":[{\"@type\":\"ListItem\",\"position\":1,\"name\":\"Productos\",\"item\":\"https:\/\/buscoequipomedico.com\/shop\/\"},{\"@type\":\"ListItem\",\"position\":2,\"name\":\"MANGO CORTO PARA LARINGOSCOPIO C\/ BATERIA\"}]},{\"@type\":\"WebSite\",\"@id\":\"https:\/\/buscoequipomedico.com\/#website\",\"url\":\"https:\/\/buscoequipomedico.com\/\",\"name\":\"Tu mejor opci\u00f3n Equipo M\u00e9dico M\u00e9xico\",\"description\":\"Tienda de equipo m\u00e9dico\",\"publisher\":{\"@id\":\"https:\/\/buscoequipomedico.com\/#organization\"},\"potentialAction\":[{\"@type\":\"SearchAction\",\"target\":{\"@type\":\"EntryPoint\",\"urlTemplate\":\"https:\/\/buscoequipomedico.com\/?s={search_term_string}\"},\"query-input\":{\"@type\":\"PropertyValueSpecification\",\"valueRequired\":true,\"valueName\":\"search_term_string\"}}],\"inLanguage\":\"es\"},{\"@type\":\"Organization\",\"@id\":\"https:\/\/buscoequipomedico.com\/#organization\",\"name\":\"Tu mejor opci\u00f3n Equipo M\u00e9dico M\u00e9xico\",\"url\":\"https:\/\/buscoequipomedico.com\/\",\"logo\":{\"@type\":\"ImageObject\",\"inLanguage\":\"es\",\"@id\":\"https:\/\/buscoequipomedico.com\/#\/schema\/logo\/image\/\",\"url\":\"https:\/\/buscoequipomedico.com\/wp-content\/uploads\/2021\/07\/EMM-VPrincipal-scaled.jpg\",\"contentUrl\":\"https:\/\/buscoequipomedico.com\/wp-content\/uploads\/2021\/07\/EMM-VPrincipal-scaled.jpg\",\"width\":2560,\"height\":1058,\"caption\":\"Tu mejor opci\u00f3n Equipo M\u00e9dico M\u00e9xico\"},\"image\":{\"@id\":\"https:\/\/buscoequipomedico.com\/#\/schema\/logo\/image\/\"}}]}<\/script>\n<!-- \/ Yoast SEO plugin. -->","yoast_head_json":{"title":"MANGO CORTO PARA LARINGOSCOPIO C\/ BATERIA - Tu mejor opci\u00f3n Equipo M\u00e9dico M\u00e9xico","robots":{"index":"index","follow":"follow","max-snippet":"max-snippet:-1","max-image-preview":"max-image-preview:large","max-video-preview":"max-video-preview:-1"},"canonical":"https:\/\/buscoequipomedico.com\/?product=mango-corto-para-laringoscopio-c-bateria","og_locale":"es_ES","og_type":"article","og_title":"MANGO CORTO PARA LARINGOSCOPIO C\/ BATERIA - Tu mejor opci\u00f3n Equipo M\u00e9dico M\u00e9xico","og_description":"Mango de laringoscopio F.O. recargable innovativo de 3.5 V con indicadorde carga en la pieza de fondo y la opci\u00f3n de iluminaci\u00f3n por LED.El estado de carga es indicado durante 10 segundos despu\u00e9s de encenderloo despu\u00e9s de sacarlo del cargador.","og_url":"https:\/\/buscoequipomedico.com\/?product=mango-corto-para-laringoscopio-c-bateria","og_site_name":"Tu mejor opci\u00f3n Equipo M\u00e9dico M\u00e9xico","article_modified_time":"2020-02-18T07:35:56+00:00","og_image":[{"width":800,"height":800,"url":"https:\/\/buscoequipomedico.com\/wp-content\/uploads\/2020\/02\/mango-corto-para-laringoscopio-c-bateria-mango-de-laringoscopio-fo-recargable-innovativo-de-35-v-con-indicadorde-carga-en-la-pie.jpg","type":"image\/png"}],"twitter_card":"summary_large_image","schema":{"@context":"https:\/\/schema.org","@graph":[{"@type":"WebPage","@id":"https:\/\/buscoequipomedico.com\/?product=mango-corto-para-laringoscopio-c-bateria","url":"https:\/\/buscoequipomedico.com\/?product=mango-corto-para-laringoscopio-c-bateria","name":"MANGO CORTO PARA LARINGOSCOPIO C\/ BATERIA - Tu mejor opci\u00f3n Equipo M\u00e9dico M\u00e9xico","isPartOf":{"@id":"https:\/\/buscoequipomedico.com\/#website"},"primaryImageOfPage":{"@id":"https:\/\/buscoequipomedico.com\/?product=mango-corto-para-laringoscopio-c-bateria#primaryimage"},"image":{"@id":"https:\/\/buscoequipomedico.com\/?product=mango-corto-para-laringoscopio-c-bateria#primaryimage"},"thumbnailUrl":"https:\/\/buscoequipomedico.com\/wp-content\/uploads\/2020\/02\/mango-corto-para-laringoscopio-c-bateria-mango-de-laringoscopio-fo-recargable-innovativo-de-35-v-con-indicadorde-carga-en-la-pie.jpg","datePublished":"2020-02-18T07:35:54+00:00","dateModified":"2020-02-18T07:35:56+00:00","breadcrumb":{"@id":"https:\/\/buscoequipomedico.com\/?product=mango-corto-para-laringoscopio-c-bateria#breadcrumb"},"inLanguage":"es","potentialAction":[{"@type":"ReadAction","target":["https:\/\/buscoequipomedico.com\/?product=mango-corto-para-laringoscopio-c-bateria"]}]},{"@type":"ImageObject","inLanguage":"es","@id":"https:\/\/buscoequipomedico.com\/?product=mango-corto-para-laringoscopio-c-bateria#primaryimage","url":"https:\/\/buscoequipomedico.com\/wp-content\/uploads\/2020\/02\/mango-corto-para-laringoscopio-c-bateria-mango-de-laringoscopio-fo-recargable-innovativo-de-35-v-con-indicadorde-carga-en-la-pie.jpg","contentUrl":"https:\/\/buscoequipomedico.com\/wp-content\/uploads\/2020\/02\/mango-corto-para-laringoscopio-c-bateria-mango-de-laringoscopio-fo-recargable-innovativo-de-35-v-con-indicadorde-carga-en-la-pie.jpg","width":800,"height":800},{"@type":"BreadcrumbList","@id":"https:\/\/buscoequipomedico.com\/?product=mango-corto-para-laringoscopio-c-bateria#breadcrumb","itemListElement":[{"@type":"ListItem","position":1,"name":"Productos","item":"https:\/\/buscoequipomedico.com\/shop\/"},{"@type":"ListItem","position":2,"name":"MANGO CORTO PARA LARINGOSCOPIO C\/ BATERIA"}]},{"@type":"WebSite","@id":"https:\/\/buscoequipomedico.com\/#website","url":"https:\/\/buscoequipomedico.com\/","name":"Tu mejor opci\u00f3n Equipo M\u00e9dico M\u00e9xico","description":"Tienda de equipo m\u00e9dico","publisher":{"@id":"https:\/\/buscoequipomedico.com\/#organization"},"potentialAction":[{"@type":"SearchAction","target":{"@type":"EntryPoint","urlTemplate":"https:\/\/buscoequipomedico.com\/?s={search_term_string}"},"query-input":{"@type":"PropertyValueSpecification","valueRequired":true,"valueName":"search_term_string"}}],"inLanguage":"es"},{"@type":"Organization","@id":"https:\/\/buscoequipomedico.com\/#organization","name":"Tu mejor opci\u00f3n Equipo M\u00e9dico M\u00e9xico","url":"https:\/\/buscoequipomedico.com\/","logo":{"@type":"ImageObject","inLanguage":"es","@id":"https:\/\/buscoequipomedico.com\/#\/schema\/logo\/image\/","url":"https:\/\/buscoequipomedico.com\/wp-content\/uploads\/2021\/07\/EMM-VPrincipal-scaled.jpg","contentUrl":"https:\/\/buscoequipomedico.com\/wp-content\/uploads\/2021\/07\/EMM-VPrincipal-scaled.jpg","width":2560,"height":1058,"caption":"Tu mejor opci\u00f3n Equipo M\u00e9dico M\u00e9xico"},"image":{"@id":"https:\/\/buscoequipomedico.com\/#\/schema\/logo\/image\/"}}]}},"_links":{"self":[{"href":"https:\/\/buscoequipomedico.com\/index.php?rest_route=\/wp\/v2\/product\/12679","targetHints":{"allow":["GET"]}}],"collection":[{"href":"https:\/\/buscoequipomedico.com\/index.php?rest_route=\/wp\/v2\/product"}],"about":[{"href":"https:\/\/buscoequipomedico.com\/index.php?rest_route=\/wp\/v2\/types\/product"}],"wp:featuredmedia":[{"embeddable":true,"href":"https:\/\/buscoequipomedico.com\/index.php?rest_route=\/wp\/v2\/media\/12680"}],"wp:attachment":[{"href":"https:\/\/buscoequipomedico.com\/index.php?rest_route=%2Fwp%2Fv2%2Fmedia&parent=12679"}],"wp:term":[{"taxonomy":"product_brand","embeddable":true,"href":"https:\/\/buscoequipomedico.com\/index.php?rest_route=%2Fwp%2Fv2%2Fproduct_brand&post=12679"},{"taxonomy":"product_cat","embeddable":true,"href":"https:\/\/buscoequipomedico.com\/index.php?rest_route=%2Fwp%2Fv2%2Fproduct_cat&post=12679"},{"taxonomy":"product_tag","embeddable":true,"href":"https:\/\/buscoequipomedico.com\/index.php?rest_route=%2Fwp%2Fv2%2Fproduct_tag&post=12679"}],"curies":[{"name":"wp","href":"https:\/\/api.w.org\/{rel}","templated":true}]}}