{"id":12685,"date":"2020-02-18T07:35:54","date_gmt":"2020-02-18T07:35:54","guid":{"rendered":"https:\/\/equipomedicomexico-com.preview-domain.com\/product\/mango-pequeno-p-laringoscopio-de-baterias\/"},"modified":"2020-02-18T07:35:56","modified_gmt":"2020-02-18T07:35:56","slug":"mango-pequeno-p-laringoscopio-de-baterias","status":"publish","type":"product","link":"https:\/\/buscoequipomedico.com\/?product=mango-pequeno-p-laringoscopio-de-baterias","title":{"rendered":"MANGO PEQUE\u00d1O P\/LARINGOSCOPIO DE BATERIAS"},"content":{"rendered":"<p><span>\u00bbPotencia total en cualquier momento sin p\u00e9rdida de capacidad.<\/span><br \/><span>\u00bbBater\u00eda recargable Li-ion para mangos de laringoscopios recargables.<\/span><br \/><span>\u00bbCapacidad para ser reequipado. Todos los mangos de laringoscopios<\/span><br \/><span>recargables Standard<\/span><br \/><span>\u00bbF.O. 3,5 V se pueden convertir en mangos recargables Standard<\/span><br \/><span>F.O. L y Standard F.O. L LED 3,5 V con el equipo de conversi\u00f3n: Bater\u00eda<\/span><br \/><span>recargable Li-ion L y pieza de fondo para mangos de laringoscopios<\/span><br \/><span>recargables 3,5 V Standard F.O. L\/ Standard F.O. L LED.<\/span><br \/><span>\u00bbTiempo de carga de dos horas con el cargador NT 300.<\/span><\/p>\n<p><span>\u00bbF\u00e1cil de utilizar y colocar.<\/span><br \/><span>\u00bbFabricado con componentes y mano de obra 100% Alemana.<\/span><br \/><span>\u00bbLa marca Heine establece los est\u00e1ndares de calidad con que se miden los<\/span><br \/><span>dem\u00e1s instrumentos de diagn\u00f3stico.<\/span><\/p>\n<p><span><\/span><\/p>\n","protected":false},"excerpt":{"rendered":"<p><span>\u00bbMango de laringoscopio F.O. recargable innovativo de 3.5 V con indicador<\/span><br \/><span>de carga en la pieza de fondo y la opci\u00f3n de iluminaci\u00f3n por LED.<\/span><br \/><span>\u00bbEl estado de carga es indicado durante 10 segundos despu\u00e9s de<\/span><br \/><span>encenderlo o despu\u00e9s de sacarlo del cargador.<\/span><\/p>\n<p><span>\u00bbIdeal para colocar las esp\u00e1tulas.<\/span><span><\/span><\/p>\n","protected":false},"featured_media":12686,"template":"","meta":{"_joinchat":[]},"product_brand":[],"product_cat":[244,294],"product_tag":[],"class_list":{"0":"post-12685","1":"product","2":"type-product","3":"status-publish","4":"has-post-thumbnail","6":"product_cat-equipos-de-diagnostico","7":"product_cat-mangos","8":"pa_marca-heine","10":"first","11":"instock","12":"purchasable","13":"product-type-simple"},"yoast_head":"<!-- This site is optimized with the Yoast SEO plugin v25.1 - https:\/\/yoast.com\/wordpress\/plugins\/seo\/ -->\n<title>MANGO PEQUE\u00d1O P\/LARINGOSCOPIO DE BATERIAS - Tu mejor opci\u00f3n Equipo M\u00e9dico M\u00e9xico<\/title>\n<meta name=\"robots\" content=\"index, follow, max-snippet:-1, max-image-preview:large, max-video-preview:-1\" \/>\n<link rel=\"canonical\" href=\"https:\/\/buscoequipomedico.com\/?product=mango-pequeno-p-laringoscopio-de-baterias\" \/>\n<meta property=\"og:locale\" content=\"es_ES\" \/>\n<meta property=\"og:type\" content=\"article\" \/>\n<meta property=\"og:title\" content=\"MANGO PEQUE\u00d1O P\/LARINGOSCOPIO DE BATERIAS - Tu mejor opci\u00f3n Equipo M\u00e9dico M\u00e9xico\" \/>\n<meta property=\"og:description\" content=\"\u00bbMango de laringoscopio F.O. recargable innovativo de 3.5 V con indicadorde carga en la pieza de fondo y la opci\u00f3n de iluminaci\u00f3n por LED.\u00bbEl estado de carga es indicado durante 10 segundos despu\u00e9s deencenderlo o despu\u00e9s de sacarlo del cargador. \u00bbIdeal para colocar las esp\u00e1tulas.\" \/>\n<meta property=\"og:url\" content=\"https:\/\/buscoequipomedico.com\/?product=mango-pequeno-p-laringoscopio-de-baterias\" \/>\n<meta property=\"og:site_name\" content=\"Tu mejor opci\u00f3n Equipo M\u00e9dico M\u00e9xico\" \/>\n<meta property=\"article:modified_time\" content=\"2020-02-18T07:35:56+00:00\" \/>\n<meta property=\"og:image\" content=\"https:\/\/buscoequipomedico.com\/wp-content\/uploads\/2020\/02\/mango-pequeno-p-laringoscopio-de-baterias-mango-de-laringoscopio-fo-recargable-innovativo-de-35-v-con-indicadorde-carga-en-la-pi.jpg\" \/>\n\t<meta property=\"og:image:width\" content=\"800\" \/>\n\t<meta property=\"og:image:height\" content=\"800\" \/>\n\t<meta property=\"og:image:type\" content=\"image\/png\" \/>\n<meta name=\"twitter:card\" content=\"summary_large_image\" \/>\n<meta name=\"twitter:label1\" content=\"Tiempo de lectura\" \/>\n\t<meta name=\"twitter:data1\" content=\"1 minuto\" \/>\n<script type=\"application\/ld+json\" class=\"yoast-schema-graph\">{\"@context\":\"https:\/\/schema.org\",\"@graph\":[{\"@type\":\"WebPage\",\"@id\":\"https:\/\/buscoequipomedico.com\/?product=mango-pequeno-p-laringoscopio-de-baterias\",\"url\":\"https:\/\/buscoequipomedico.com\/?product=mango-pequeno-p-laringoscopio-de-baterias\",\"name\":\"MANGO PEQUE\u00d1O P\/LARINGOSCOPIO DE BATERIAS - Tu mejor opci\u00f3n Equipo M\u00e9dico M\u00e9xico\",\"isPartOf\":{\"@id\":\"https:\/\/buscoequipomedico.com\/#website\"},\"primaryImageOfPage\":{\"@id\":\"https:\/\/buscoequipomedico.com\/?product=mango-pequeno-p-laringoscopio-de-baterias#primaryimage\"},\"image\":{\"@id\":\"https:\/\/buscoequipomedico.com\/?product=mango-pequeno-p-laringoscopio-de-baterias#primaryimage\"},\"thumbnailUrl\":\"https:\/\/buscoequipomedico.com\/wp-content\/uploads\/2020\/02\/mango-pequeno-p-laringoscopio-de-baterias-mango-de-laringoscopio-fo-recargable-innovativo-de-35-v-con-indicadorde-carga-en-la-pi.jpg\",\"datePublished\":\"2020-02-18T07:35:54+00:00\",\"dateModified\":\"2020-02-18T07:35:56+00:00\",\"breadcrumb\":{\"@id\":\"https:\/\/buscoequipomedico.com\/?product=mango-pequeno-p-laringoscopio-de-baterias#breadcrumb\"},\"inLanguage\":\"es\",\"potentialAction\":[{\"@type\":\"ReadAction\",\"target\":[\"https:\/\/buscoequipomedico.com\/?product=mango-pequeno-p-laringoscopio-de-baterias\"]}]},{\"@type\":\"ImageObject\",\"inLanguage\":\"es\",\"@id\":\"https:\/\/buscoequipomedico.com\/?product=mango-pequeno-p-laringoscopio-de-baterias#primaryimage\",\"url\":\"https:\/\/buscoequipomedico.com\/wp-content\/uploads\/2020\/02\/mango-pequeno-p-laringoscopio-de-baterias-mango-de-laringoscopio-fo-recargable-innovativo-de-35-v-con-indicadorde-carga-en-la-pi.jpg\",\"contentUrl\":\"https:\/\/buscoequipomedico.com\/wp-content\/uploads\/2020\/02\/mango-pequeno-p-laringoscopio-de-baterias-mango-de-laringoscopio-fo-recargable-innovativo-de-35-v-con-indicadorde-carga-en-la-pi.jpg\",\"width\":800,\"height\":800},{\"@type\":\"BreadcrumbList\",\"@id\":\"https:\/\/buscoequipomedico.com\/?product=mango-pequeno-p-laringoscopio-de-baterias#breadcrumb\",\"itemListElement\":[{\"@type\":\"ListItem\",\"position\":1,\"name\":\"Productos\",\"item\":\"https:\/\/buscoequipomedico.com\/shop\/\"},{\"@type\":\"ListItem\",\"position\":2,\"name\":\"MANGO PEQUE\u00d1O P\/LARINGOSCOPIO DE BATERIAS\"}]},{\"@type\":\"WebSite\",\"@id\":\"https:\/\/buscoequipomedico.com\/#website\",\"url\":\"https:\/\/buscoequipomedico.com\/\",\"name\":\"Tu mejor opci\u00f3n Equipo M\u00e9dico M\u00e9xico\",\"description\":\"Tienda de equipo m\u00e9dico\",\"publisher\":{\"@id\":\"https:\/\/buscoequipomedico.com\/#organization\"},\"potentialAction\":[{\"@type\":\"SearchAction\",\"target\":{\"@type\":\"EntryPoint\",\"urlTemplate\":\"https:\/\/buscoequipomedico.com\/?s={search_term_string}\"},\"query-input\":{\"@type\":\"PropertyValueSpecification\",\"valueRequired\":true,\"valueName\":\"search_term_string\"}}],\"inLanguage\":\"es\"},{\"@type\":\"Organization\",\"@id\":\"https:\/\/buscoequipomedico.com\/#organization\",\"name\":\"Tu mejor opci\u00f3n Equipo M\u00e9dico M\u00e9xico\",\"url\":\"https:\/\/buscoequipomedico.com\/\",\"logo\":{\"@type\":\"ImageObject\",\"inLanguage\":\"es\",\"@id\":\"https:\/\/buscoequipomedico.com\/#\/schema\/logo\/image\/\",\"url\":\"https:\/\/buscoequipomedico.com\/wp-content\/uploads\/2021\/07\/EMM-VPrincipal-scaled.jpg\",\"contentUrl\":\"https:\/\/buscoequipomedico.com\/wp-content\/uploads\/2021\/07\/EMM-VPrincipal-scaled.jpg\",\"width\":2560,\"height\":1058,\"caption\":\"Tu mejor opci\u00f3n Equipo M\u00e9dico M\u00e9xico\"},\"image\":{\"@id\":\"https:\/\/buscoequipomedico.com\/#\/schema\/logo\/image\/\"}}]}<\/script>\n<!-- \/ Yoast SEO plugin. -->","yoast_head_json":{"title":"MANGO PEQUE\u00d1O P\/LARINGOSCOPIO DE BATERIAS - Tu mejor opci\u00f3n Equipo M\u00e9dico M\u00e9xico","robots":{"index":"index","follow":"follow","max-snippet":"max-snippet:-1","max-image-preview":"max-image-preview:large","max-video-preview":"max-video-preview:-1"},"canonical":"https:\/\/buscoequipomedico.com\/?product=mango-pequeno-p-laringoscopio-de-baterias","og_locale":"es_ES","og_type":"article","og_title":"MANGO PEQUE\u00d1O P\/LARINGOSCOPIO DE BATERIAS - Tu mejor opci\u00f3n Equipo M\u00e9dico M\u00e9xico","og_description":"\u00bbMango de laringoscopio F.O. recargable innovativo de 3.5 V con indicadorde carga en la pieza de fondo y la opci\u00f3n de iluminaci\u00f3n por LED.\u00bbEl estado de carga es indicado durante 10 segundos despu\u00e9s deencenderlo o despu\u00e9s de sacarlo del cargador. \u00bbIdeal para colocar las esp\u00e1tulas.","og_url":"https:\/\/buscoequipomedico.com\/?product=mango-pequeno-p-laringoscopio-de-baterias","og_site_name":"Tu mejor opci\u00f3n Equipo M\u00e9dico M\u00e9xico","article_modified_time":"2020-02-18T07:35:56+00:00","og_image":[{"width":800,"height":800,"url":"https:\/\/buscoequipomedico.com\/wp-content\/uploads\/2020\/02\/mango-pequeno-p-laringoscopio-de-baterias-mango-de-laringoscopio-fo-recargable-innovativo-de-35-v-con-indicadorde-carga-en-la-pi.jpg","type":"image\/png"}],"twitter_card":"summary_large_image","twitter_misc":{"Tiempo de lectura":"1 minuto"},"schema":{"@context":"https:\/\/schema.org","@graph":[{"@type":"WebPage","@id":"https:\/\/buscoequipomedico.com\/?product=mango-pequeno-p-laringoscopio-de-baterias","url":"https:\/\/buscoequipomedico.com\/?product=mango-pequeno-p-laringoscopio-de-baterias","name":"MANGO PEQUE\u00d1O P\/LARINGOSCOPIO DE BATERIAS - Tu mejor opci\u00f3n Equipo M\u00e9dico M\u00e9xico","isPartOf":{"@id":"https:\/\/buscoequipomedico.com\/#website"},"primaryImageOfPage":{"@id":"https:\/\/buscoequipomedico.com\/?product=mango-pequeno-p-laringoscopio-de-baterias#primaryimage"},"image":{"@id":"https:\/\/buscoequipomedico.com\/?product=mango-pequeno-p-laringoscopio-de-baterias#primaryimage"},"thumbnailUrl":"https:\/\/buscoequipomedico.com\/wp-content\/uploads\/2020\/02\/mango-pequeno-p-laringoscopio-de-baterias-mango-de-laringoscopio-fo-recargable-innovativo-de-35-v-con-indicadorde-carga-en-la-pi.jpg","datePublished":"2020-02-18T07:35:54+00:00","dateModified":"2020-02-18T07:35:56+00:00","breadcrumb":{"@id":"https:\/\/buscoequipomedico.com\/?product=mango-pequeno-p-laringoscopio-de-baterias#breadcrumb"},"inLanguage":"es","potentialAction":[{"@type":"ReadAction","target":["https:\/\/buscoequipomedico.com\/?product=mango-pequeno-p-laringoscopio-de-baterias"]}]},{"@type":"ImageObject","inLanguage":"es","@id":"https:\/\/buscoequipomedico.com\/?product=mango-pequeno-p-laringoscopio-de-baterias#primaryimage","url":"https:\/\/buscoequipomedico.com\/wp-content\/uploads\/2020\/02\/mango-pequeno-p-laringoscopio-de-baterias-mango-de-laringoscopio-fo-recargable-innovativo-de-35-v-con-indicadorde-carga-en-la-pi.jpg","contentUrl":"https:\/\/buscoequipomedico.com\/wp-content\/uploads\/2020\/02\/mango-pequeno-p-laringoscopio-de-baterias-mango-de-laringoscopio-fo-recargable-innovativo-de-35-v-con-indicadorde-carga-en-la-pi.jpg","width":800,"height":800},{"@type":"BreadcrumbList","@id":"https:\/\/buscoequipomedico.com\/?product=mango-pequeno-p-laringoscopio-de-baterias#breadcrumb","itemListElement":[{"@type":"ListItem","position":1,"name":"Productos","item":"https:\/\/buscoequipomedico.com\/shop\/"},{"@type":"ListItem","position":2,"name":"MANGO PEQUE\u00d1O P\/LARINGOSCOPIO DE BATERIAS"}]},{"@type":"WebSite","@id":"https:\/\/buscoequipomedico.com\/#website","url":"https:\/\/buscoequipomedico.com\/","name":"Tu mejor opci\u00f3n Equipo M\u00e9dico M\u00e9xico","description":"Tienda de equipo m\u00e9dico","publisher":{"@id":"https:\/\/buscoequipomedico.com\/#organization"},"potentialAction":[{"@type":"SearchAction","target":{"@type":"EntryPoint","urlTemplate":"https:\/\/buscoequipomedico.com\/?s={search_term_string}"},"query-input":{"@type":"PropertyValueSpecification","valueRequired":true,"valueName":"search_term_string"}}],"inLanguage":"es"},{"@type":"Organization","@id":"https:\/\/buscoequipomedico.com\/#organization","name":"Tu mejor opci\u00f3n Equipo M\u00e9dico M\u00e9xico","url":"https:\/\/buscoequipomedico.com\/","logo":{"@type":"ImageObject","inLanguage":"es","@id":"https:\/\/buscoequipomedico.com\/#\/schema\/logo\/image\/","url":"https:\/\/buscoequipomedico.com\/wp-content\/uploads\/2021\/07\/EMM-VPrincipal-scaled.jpg","contentUrl":"https:\/\/buscoequipomedico.com\/wp-content\/uploads\/2021\/07\/EMM-VPrincipal-scaled.jpg","width":2560,"height":1058,"caption":"Tu mejor opci\u00f3n Equipo M\u00e9dico M\u00e9xico"},"image":{"@id":"https:\/\/buscoequipomedico.com\/#\/schema\/logo\/image\/"}}]}},"_links":{"self":[{"href":"https:\/\/buscoequipomedico.com\/index.php?rest_route=\/wp\/v2\/product\/12685","targetHints":{"allow":["GET"]}}],"collection":[{"href":"https:\/\/buscoequipomedico.com\/index.php?rest_route=\/wp\/v2\/product"}],"about":[{"href":"https:\/\/buscoequipomedico.com\/index.php?rest_route=\/wp\/v2\/types\/product"}],"wp:featuredmedia":[{"embeddable":true,"href":"https:\/\/buscoequipomedico.com\/index.php?rest_route=\/wp\/v2\/media\/12686"}],"wp:attachment":[{"href":"https:\/\/buscoequipomedico.com\/index.php?rest_route=%2Fwp%2Fv2%2Fmedia&parent=12685"}],"wp:term":[{"taxonomy":"product_brand","embeddable":true,"href":"https:\/\/buscoequipomedico.com\/index.php?rest_route=%2Fwp%2Fv2%2Fproduct_brand&post=12685"},{"taxonomy":"product_cat","embeddable":true,"href":"https:\/\/buscoequipomedico.com\/index.php?rest_route=%2Fwp%2Fv2%2Fproduct_cat&post=12685"},{"taxonomy":"product_tag","embeddable":true,"href":"https:\/\/buscoequipomedico.com\/index.php?rest_route=%2Fwp%2Fv2%2Fproduct_tag&post=12685"}],"curies":[{"name":"wp","href":"https:\/\/api.w.org\/{rel}","templated":true}]}}