{"id":12693,"date":"2020-02-18T07:35:54","date_gmt":"2020-02-18T07:35:54","guid":{"rendered":"https:\/\/equipomedicomexico-com.preview-domain.com\/product\/equipo-de-anestesia-con-ventilador-estandar\/"},"modified":"2020-02-18T07:35:57","modified_gmt":"2020-02-18T07:35:57","slug":"equipo-de-anestesia-con-ventilador-estandar","status":"publish","type":"product","link":"https:\/\/buscoequipomedico.com\/?product=equipo-de-anestesia-con-ventilador-estandar","title":{"rendered":"EQUIPO DE ANESTESIA CON VENTILADOR ESTANDAR"},"content":{"rendered":"<p>Sistema de gases (o2-\u00adn2o), medida de presi\u00f3n en l\u00ednea de conducto (o2, n2o) 0 \u00ad 10kgf\/cm2, soporta cilindro (o2, n2o) con presi\u00f3n de 0 \u00ad 250 kg\/cml, fluj\u00f3metro con sistema de anti-hipoxia, c\u00f3digo de color (verde o2, azul n2o).<\/p>\n<p>Escala de ox\u00edgeno = 0.1 \u2013 10lpm, \u00f3xido nitroso = 0.2-12lpm, absorvedor dual de di\u00f3xido de carbono (co2), v\u00e1lvula de negativo abre a 0.5 cmh2o, v\u00e1lvula positiva abre 10 cmh2o. Bolsa de reservorio de 2 litros, v\u00e1lvula de nivel de ox\u00edgeno con interruptor para uso de vaporizadores de halotane, enfluorane, isoflorane y servoflorane. Base de acero inoxidable para instrumentos de 3 gavetas, conectores \u201cy\u201d \/l, ventilador de anestesia controlado por micro procesador, selector de v\u00e1lvula y sistema de c\u00e1mara de fuelle con soporte.<\/p>\n","protected":false},"excerpt":{"rendered":"<p>M\u00e1quina para 2 gases (02\/n2o) con 2 vaporizadores (isofluorane, sevoflourane) sistema de anti-hipoxia, absorvedor de co2 dual, con ventilador y fluj\u00f3metro.<\/p>\n","protected":false},"featured_media":12694,"template":"","meta":{"_joinchat":[]},"product_brand":[],"product_cat":[296],"product_tag":[],"class_list":{"0":"post-12693","1":"product","2":"type-product","3":"status-publish","4":"has-post-thumbnail","6":"product_cat-maquinas-de-anestesia","7":"pa_marca-royal-medical","9":"first","10":"instock","11":"purchasable","12":"product-type-simple"},"yoast_head":"<!-- This site is optimized with the Yoast SEO plugin v25.1 - https:\/\/yoast.com\/wordpress\/plugins\/seo\/ -->\n<title>EQUIPO DE ANESTESIA CON VENTILADOR ESTANDAR - Tu mejor opci\u00f3n Equipo M\u00e9dico M\u00e9xico<\/title>\n<meta name=\"robots\" content=\"index, follow, max-snippet:-1, max-image-preview:large, max-video-preview:-1\" \/>\n<link rel=\"canonical\" href=\"https:\/\/buscoequipomedico.com\/?product=equipo-de-anestesia-con-ventilador-estandar\" \/>\n<meta property=\"og:locale\" content=\"es_ES\" \/>\n<meta property=\"og:type\" content=\"article\" \/>\n<meta property=\"og:title\" content=\"EQUIPO DE ANESTESIA CON VENTILADOR ESTANDAR - Tu mejor opci\u00f3n Equipo M\u00e9dico M\u00e9xico\" \/>\n<meta property=\"og:description\" content=\"M\u00e1quina para 2 gases (02\/n2o) con 2 vaporizadores (isofluorane, sevoflourane) sistema de anti-hipoxia, absorvedor de co2 dual, con ventilador y fluj\u00f3metro.\" \/>\n<meta property=\"og:url\" content=\"https:\/\/buscoequipomedico.com\/?product=equipo-de-anestesia-con-ventilador-estandar\" \/>\n<meta property=\"og:site_name\" content=\"Tu mejor opci\u00f3n Equipo M\u00e9dico M\u00e9xico\" \/>\n<meta property=\"article:modified_time\" content=\"2020-02-18T07:35:57+00:00\" \/>\n<meta property=\"og:image\" content=\"https:\/\/buscoequipomedico.com\/wp-content\/uploads\/2020\/02\/equipo-de-anestesia-con-ventilador-estandar-maquina-para-2-gases-02-n2o-con-2-vaporizadores-isofluorane-sevoflourane-sistema-de.jpg\" \/>\n\t<meta property=\"og:image:width\" content=\"800\" \/>\n\t<meta property=\"og:image:height\" content=\"800\" \/>\n\t<meta property=\"og:image:type\" content=\"image\/png\" \/>\n<meta name=\"twitter:card\" content=\"summary_large_image\" \/>\n<meta name=\"twitter:label1\" content=\"Tiempo de lectura\" \/>\n\t<meta name=\"twitter:data1\" content=\"1 minuto\" \/>\n<script type=\"application\/ld+json\" class=\"yoast-schema-graph\">{\"@context\":\"https:\/\/schema.org\",\"@graph\":[{\"@type\":\"WebPage\",\"@id\":\"https:\/\/buscoequipomedico.com\/?product=equipo-de-anestesia-con-ventilador-estandar\",\"url\":\"https:\/\/buscoequipomedico.com\/?product=equipo-de-anestesia-con-ventilador-estandar\",\"name\":\"EQUIPO DE ANESTESIA CON VENTILADOR ESTANDAR - Tu mejor opci\u00f3n Equipo M\u00e9dico M\u00e9xico\",\"isPartOf\":{\"@id\":\"https:\/\/buscoequipomedico.com\/#website\"},\"primaryImageOfPage\":{\"@id\":\"https:\/\/buscoequipomedico.com\/?product=equipo-de-anestesia-con-ventilador-estandar#primaryimage\"},\"image\":{\"@id\":\"https:\/\/buscoequipomedico.com\/?product=equipo-de-anestesia-con-ventilador-estandar#primaryimage\"},\"thumbnailUrl\":\"https:\/\/buscoequipomedico.com\/wp-content\/uploads\/2020\/02\/equipo-de-anestesia-con-ventilador-estandar-maquina-para-2-gases-02-n2o-con-2-vaporizadores-isofluorane-sevoflourane-sistema-de.jpg\",\"datePublished\":\"2020-02-18T07:35:54+00:00\",\"dateModified\":\"2020-02-18T07:35:57+00:00\",\"breadcrumb\":{\"@id\":\"https:\/\/buscoequipomedico.com\/?product=equipo-de-anestesia-con-ventilador-estandar#breadcrumb\"},\"inLanguage\":\"es\",\"potentialAction\":[{\"@type\":\"ReadAction\",\"target\":[\"https:\/\/buscoequipomedico.com\/?product=equipo-de-anestesia-con-ventilador-estandar\"]}]},{\"@type\":\"ImageObject\",\"inLanguage\":\"es\",\"@id\":\"https:\/\/buscoequipomedico.com\/?product=equipo-de-anestesia-con-ventilador-estandar#primaryimage\",\"url\":\"https:\/\/buscoequipomedico.com\/wp-content\/uploads\/2020\/02\/equipo-de-anestesia-con-ventilador-estandar-maquina-para-2-gases-02-n2o-con-2-vaporizadores-isofluorane-sevoflourane-sistema-de.jpg\",\"contentUrl\":\"https:\/\/buscoequipomedico.com\/wp-content\/uploads\/2020\/02\/equipo-de-anestesia-con-ventilador-estandar-maquina-para-2-gases-02-n2o-con-2-vaporizadores-isofluorane-sevoflourane-sistema-de.jpg\",\"width\":800,\"height\":800},{\"@type\":\"BreadcrumbList\",\"@id\":\"https:\/\/buscoequipomedico.com\/?product=equipo-de-anestesia-con-ventilador-estandar#breadcrumb\",\"itemListElement\":[{\"@type\":\"ListItem\",\"position\":1,\"name\":\"Productos\",\"item\":\"https:\/\/buscoequipomedico.com\/shop\/\"},{\"@type\":\"ListItem\",\"position\":2,\"name\":\"EQUIPO DE ANESTESIA CON VENTILADOR ESTANDAR\"}]},{\"@type\":\"WebSite\",\"@id\":\"https:\/\/buscoequipomedico.com\/#website\",\"url\":\"https:\/\/buscoequipomedico.com\/\",\"name\":\"Tu mejor opci\u00f3n Equipo M\u00e9dico M\u00e9xico\",\"description\":\"Tienda de equipo m\u00e9dico\",\"publisher\":{\"@id\":\"https:\/\/buscoequipomedico.com\/#organization\"},\"potentialAction\":[{\"@type\":\"SearchAction\",\"target\":{\"@type\":\"EntryPoint\",\"urlTemplate\":\"https:\/\/buscoequipomedico.com\/?s={search_term_string}\"},\"query-input\":{\"@type\":\"PropertyValueSpecification\",\"valueRequired\":true,\"valueName\":\"search_term_string\"}}],\"inLanguage\":\"es\"},{\"@type\":\"Organization\",\"@id\":\"https:\/\/buscoequipomedico.com\/#organization\",\"name\":\"Tu mejor opci\u00f3n Equipo M\u00e9dico M\u00e9xico\",\"url\":\"https:\/\/buscoequipomedico.com\/\",\"logo\":{\"@type\":\"ImageObject\",\"inLanguage\":\"es\",\"@id\":\"https:\/\/buscoequipomedico.com\/#\/schema\/logo\/image\/\",\"url\":\"https:\/\/buscoequipomedico.com\/wp-content\/uploads\/2021\/07\/EMM-VPrincipal-scaled.jpg\",\"contentUrl\":\"https:\/\/buscoequipomedico.com\/wp-content\/uploads\/2021\/07\/EMM-VPrincipal-scaled.jpg\",\"width\":2560,\"height\":1058,\"caption\":\"Tu mejor opci\u00f3n Equipo M\u00e9dico M\u00e9xico\"},\"image\":{\"@id\":\"https:\/\/buscoequipomedico.com\/#\/schema\/logo\/image\/\"}}]}<\/script>\n<!-- \/ Yoast SEO plugin. -->","yoast_head_json":{"title":"EQUIPO DE ANESTESIA CON VENTILADOR ESTANDAR - Tu mejor opci\u00f3n Equipo M\u00e9dico M\u00e9xico","robots":{"index":"index","follow":"follow","max-snippet":"max-snippet:-1","max-image-preview":"max-image-preview:large","max-video-preview":"max-video-preview:-1"},"canonical":"https:\/\/buscoequipomedico.com\/?product=equipo-de-anestesia-con-ventilador-estandar","og_locale":"es_ES","og_type":"article","og_title":"EQUIPO DE ANESTESIA CON VENTILADOR ESTANDAR - Tu mejor opci\u00f3n Equipo M\u00e9dico M\u00e9xico","og_description":"M\u00e1quina para 2 gases (02\/n2o) con 2 vaporizadores (isofluorane, sevoflourane) sistema de anti-hipoxia, absorvedor de co2 dual, con ventilador y fluj\u00f3metro.","og_url":"https:\/\/buscoequipomedico.com\/?product=equipo-de-anestesia-con-ventilador-estandar","og_site_name":"Tu mejor opci\u00f3n Equipo M\u00e9dico M\u00e9xico","article_modified_time":"2020-02-18T07:35:57+00:00","og_image":[{"width":800,"height":800,"url":"https:\/\/buscoequipomedico.com\/wp-content\/uploads\/2020\/02\/equipo-de-anestesia-con-ventilador-estandar-maquina-para-2-gases-02-n2o-con-2-vaporizadores-isofluorane-sevoflourane-sistema-de.jpg","type":"image\/png"}],"twitter_card":"summary_large_image","twitter_misc":{"Tiempo de lectura":"1 minuto"},"schema":{"@context":"https:\/\/schema.org","@graph":[{"@type":"WebPage","@id":"https:\/\/buscoequipomedico.com\/?product=equipo-de-anestesia-con-ventilador-estandar","url":"https:\/\/buscoequipomedico.com\/?product=equipo-de-anestesia-con-ventilador-estandar","name":"EQUIPO DE ANESTESIA CON VENTILADOR ESTANDAR - Tu mejor opci\u00f3n Equipo M\u00e9dico M\u00e9xico","isPartOf":{"@id":"https:\/\/buscoequipomedico.com\/#website"},"primaryImageOfPage":{"@id":"https:\/\/buscoequipomedico.com\/?product=equipo-de-anestesia-con-ventilador-estandar#primaryimage"},"image":{"@id":"https:\/\/buscoequipomedico.com\/?product=equipo-de-anestesia-con-ventilador-estandar#primaryimage"},"thumbnailUrl":"https:\/\/buscoequipomedico.com\/wp-content\/uploads\/2020\/02\/equipo-de-anestesia-con-ventilador-estandar-maquina-para-2-gases-02-n2o-con-2-vaporizadores-isofluorane-sevoflourane-sistema-de.jpg","datePublished":"2020-02-18T07:35:54+00:00","dateModified":"2020-02-18T07:35:57+00:00","breadcrumb":{"@id":"https:\/\/buscoequipomedico.com\/?product=equipo-de-anestesia-con-ventilador-estandar#breadcrumb"},"inLanguage":"es","potentialAction":[{"@type":"ReadAction","target":["https:\/\/buscoequipomedico.com\/?product=equipo-de-anestesia-con-ventilador-estandar"]}]},{"@type":"ImageObject","inLanguage":"es","@id":"https:\/\/buscoequipomedico.com\/?product=equipo-de-anestesia-con-ventilador-estandar#primaryimage","url":"https:\/\/buscoequipomedico.com\/wp-content\/uploads\/2020\/02\/equipo-de-anestesia-con-ventilador-estandar-maquina-para-2-gases-02-n2o-con-2-vaporizadores-isofluorane-sevoflourane-sistema-de.jpg","contentUrl":"https:\/\/buscoequipomedico.com\/wp-content\/uploads\/2020\/02\/equipo-de-anestesia-con-ventilador-estandar-maquina-para-2-gases-02-n2o-con-2-vaporizadores-isofluorane-sevoflourane-sistema-de.jpg","width":800,"height":800},{"@type":"BreadcrumbList","@id":"https:\/\/buscoequipomedico.com\/?product=equipo-de-anestesia-con-ventilador-estandar#breadcrumb","itemListElement":[{"@type":"ListItem","position":1,"name":"Productos","item":"https:\/\/buscoequipomedico.com\/shop\/"},{"@type":"ListItem","position":2,"name":"EQUIPO DE ANESTESIA CON VENTILADOR ESTANDAR"}]},{"@type":"WebSite","@id":"https:\/\/buscoequipomedico.com\/#website","url":"https:\/\/buscoequipomedico.com\/","name":"Tu mejor opci\u00f3n Equipo M\u00e9dico M\u00e9xico","description":"Tienda de equipo m\u00e9dico","publisher":{"@id":"https:\/\/buscoequipomedico.com\/#organization"},"potentialAction":[{"@type":"SearchAction","target":{"@type":"EntryPoint","urlTemplate":"https:\/\/buscoequipomedico.com\/?s={search_term_string}"},"query-input":{"@type":"PropertyValueSpecification","valueRequired":true,"valueName":"search_term_string"}}],"inLanguage":"es"},{"@type":"Organization","@id":"https:\/\/buscoequipomedico.com\/#organization","name":"Tu mejor opci\u00f3n Equipo M\u00e9dico M\u00e9xico","url":"https:\/\/buscoequipomedico.com\/","logo":{"@type":"ImageObject","inLanguage":"es","@id":"https:\/\/buscoequipomedico.com\/#\/schema\/logo\/image\/","url":"https:\/\/buscoequipomedico.com\/wp-content\/uploads\/2021\/07\/EMM-VPrincipal-scaled.jpg","contentUrl":"https:\/\/buscoequipomedico.com\/wp-content\/uploads\/2021\/07\/EMM-VPrincipal-scaled.jpg","width":2560,"height":1058,"caption":"Tu mejor opci\u00f3n Equipo M\u00e9dico M\u00e9xico"},"image":{"@id":"https:\/\/buscoequipomedico.com\/#\/schema\/logo\/image\/"}}]}},"_links":{"self":[{"href":"https:\/\/buscoequipomedico.com\/index.php?rest_route=\/wp\/v2\/product\/12693","targetHints":{"allow":["GET"]}}],"collection":[{"href":"https:\/\/buscoequipomedico.com\/index.php?rest_route=\/wp\/v2\/product"}],"about":[{"href":"https:\/\/buscoequipomedico.com\/index.php?rest_route=\/wp\/v2\/types\/product"}],"wp:featuredmedia":[{"embeddable":true,"href":"https:\/\/buscoequipomedico.com\/index.php?rest_route=\/wp\/v2\/media\/12694"}],"wp:attachment":[{"href":"https:\/\/buscoequipomedico.com\/index.php?rest_route=%2Fwp%2Fv2%2Fmedia&parent=12693"}],"wp:term":[{"taxonomy":"product_brand","embeddable":true,"href":"https:\/\/buscoequipomedico.com\/index.php?rest_route=%2Fwp%2Fv2%2Fproduct_brand&post=12693"},{"taxonomy":"product_cat","embeddable":true,"href":"https:\/\/buscoequipomedico.com\/index.php?rest_route=%2Fwp%2Fv2%2Fproduct_cat&post=12693"},{"taxonomy":"product_tag","embeddable":true,"href":"https:\/\/buscoequipomedico.com\/index.php?rest_route=%2Fwp%2Fv2%2Fproduct_tag&post=12693"}],"curies":[{"name":"wp","href":"https:\/\/api.w.org\/{rel}","templated":true}]}}