{"id":12695,"date":"2020-02-18T07:35:54","date_gmt":"2020-02-18T07:35:54","guid":{"rendered":"https:\/\/equipomedicomexico-com.preview-domain.com\/product\/equipo-de-anestesia-con-monitor\/"},"modified":"2020-02-18T07:35:57","modified_gmt":"2020-02-18T07:35:57","slug":"equipo-de-anestesia-con-monitor","status":"publish","type":"product","link":"https:\/\/buscoequipomedico.com\/?product=equipo-de-anestesia-con-monitor","title":{"rendered":"EQUIPO DE ANESTESIA CON MONITOR"},"content":{"rendered":"<p><!-- [if !supportLists]--><span><span>\u00b7<span>\u00a0\u00a0\u00a0\u00a0\u00a0\u00a0\u00a0\u00a0 <\/span><\/span><\/span><!--[endif]-->Sistema de seguridad de paciente.<\/p>\n<\/p>\n<p><!-- [if !supportLists]--><span><span>\u00b7<span>\u00a0\u00a0\u00a0\u00a0\u00a0\u00a0\u00a0\u00a0 <\/span><\/span><\/span><!--[endif]-->Sistema Anti-Hipoxia.<\/p>\n<\/p>\n<p><!-- [if !supportLists]--><span><span>\u00b7<span>\u00a0\u00a0\u00a0\u00a0\u00a0\u00a0\u00a0\u00a0 <\/span><\/span><\/span><!--[endif]-->V\u00e1lvula de cerrado de N2O con alarma<\/p>\n<\/p>\n<p><!-- [if !supportLists]--><span><span>\u00b7<span>\u00a0\u00a0\u00a0\u00a0\u00a0\u00a0\u00a0\u00a0 <\/span><\/span><\/span><!--[endif]-->Alarma de falta de O2<\/p>\n<\/p>\n<p><!-- [if !supportLists]--><span><span>\u00b7<span>\u00a0\u00a0\u00a0\u00a0\u00a0\u00a0\u00a0\u00a0 <\/span><\/span><\/span><!--[endif]-->V\u00e1lvula reguladora y liberadora de sobre presi\u00f3n de cada gas dise\u00f1ada de acuerdo con los protocolos DISS, TISS, CCS, PISS, NIST<\/p>\n<\/p>\n<p><!-- [if !supportLists]--><span><span>\u00b7<span>\u00a0\u00a0\u00a0\u00a0\u00a0\u00a0\u00a0\u00a0 <\/span><\/span><\/span><!--[endif]-->Sistema anti poxia: 25% o2<\/p>\n<\/p>\n<p><!-- [if !supportLists]--><span><span>\u00b7<span>\u00a0\u00a0\u00a0\u00a0\u00a0\u00a0\u00a0\u00a0 <\/span><\/span><\/span><!--[endif]-->Flush oxigeno 35-70LPM o mas<\/p>\n<\/p>\n<p><!-- [if !supportLists]--><span><span>\u00b7<span>\u00a0\u00a0\u00a0\u00a0\u00a0\u00a0\u00a0\u00a0 <\/span><\/span><\/span><!--[endif]-->2 gases NO2, O2<\/p>\n<\/p>\n<p><!-- [if !supportLists]--><span><span>\u00b7<span>\u00a0\u00a0\u00a0\u00a0\u00a0\u00a0\u00a0\u00a0 <\/span><\/span><\/span><!--[endif]-->2 Flujometros O2, N2O<\/p>\n<\/p>\n<p><!-- [if !supportLists]--><span><span>\u00b7<span>\u00a0\u00a0\u00a0\u00a0\u00a0\u00a0\u00a0\u00a0 <\/span><\/span><\/span><!--[endif]-->Manometros al frente del equipo<\/p>\n<\/p>\n<p><!-- [if !supportLists]--><span><span>\u00b7<span>\u00a0\u00a0\u00a0\u00a0\u00a0\u00a0\u00a0\u00a0 <\/span><\/span><\/span><!--[endif]-->Carro rodable con freno<\/p>\n<\/p>\n<p><!-- [if !supportLists]--><span><span>\u00b7<span>\u00a0\u00a0\u00a0\u00a0\u00a0\u00a0\u00a0\u00a0 <\/span><\/span><\/span><!--[endif]-->3 cajoneras<\/p>\n<\/p>\n<p><!-- [if !supportLists]--><span><span>\u00b7<span>\u00a0\u00a0\u00a0\u00a0\u00a0\u00a0\u00a0\u00a0 <\/span><\/span><\/span><!--[endif]-->Mesa de trabajo al frente del equipo<\/p><\/p>\n","protected":false},"excerpt":{"rendered":"<ul>\n<li>Carro<\/li>\n<li>Canister<\/li>\n<li>Un Vaporizador a escoger (\u00a0ENFLURANE \/ ISOFLOTANE\/SEVOFLURANE\u00a0)<\/li>\n<li>Ventilador VENT 7<\/li>\n<\/ul>\n","protected":false},"featured_media":12696,"template":"","meta":{"_joinchat":[]},"product_brand":[],"product_cat":[296],"product_tag":[],"class_list":{"0":"post-12695","1":"product","2":"type-product","3":"status-publish","4":"has-post-thumbnail","6":"product_cat-maquinas-de-anestesia","7":"pa_marca-royal-medical","9":"first","10":"instock","11":"purchasable","12":"product-type-simple"},"yoast_head":"<!-- This site is optimized with the Yoast SEO plugin v25.1 - https:\/\/yoast.com\/wordpress\/plugins\/seo\/ -->\n<title>EQUIPO DE ANESTESIA CON MONITOR - Tu mejor opci\u00f3n Equipo M\u00e9dico M\u00e9xico<\/title>\n<meta name=\"robots\" content=\"index, follow, max-snippet:-1, max-image-preview:large, max-video-preview:-1\" \/>\n<link rel=\"canonical\" href=\"https:\/\/buscoequipomedico.com\/?product=equipo-de-anestesia-con-monitor\" \/>\n<meta property=\"og:locale\" content=\"es_ES\" \/>\n<meta property=\"og:type\" content=\"article\" \/>\n<meta property=\"og:title\" content=\"EQUIPO DE ANESTESIA CON MONITOR - Tu mejor opci\u00f3n Equipo M\u00e9dico M\u00e9xico\" \/>\n<meta property=\"og:description\" content=\"Carro Canister Un Vaporizador a escoger (\u00a0ENFLURANE \/ ISOFLOTANE\/SEVOFLURANE\u00a0) Ventilador VENT 7\" \/>\n<meta property=\"og:url\" content=\"https:\/\/buscoequipomedico.com\/?product=equipo-de-anestesia-con-monitor\" \/>\n<meta property=\"og:site_name\" content=\"Tu mejor opci\u00f3n Equipo M\u00e9dico M\u00e9xico\" \/>\n<meta property=\"article:modified_time\" content=\"2020-02-18T07:35:57+00:00\" \/>\n<meta property=\"og:image\" content=\"https:\/\/buscoequipomedico.com\/wp-content\/uploads\/2020\/02\/equipo-de-anestesia-con-monitor-carro-canister-un-vaporizador-a-escoger-enflurane-isoflotane-sevoflurane-ventilador-vent-7.jpg\" \/>\n\t<meta property=\"og:image:width\" content=\"800\" \/>\n\t<meta property=\"og:image:height\" content=\"800\" \/>\n\t<meta property=\"og:image:type\" content=\"image\/png\" \/>\n<meta name=\"twitter:card\" content=\"summary_large_image\" \/>\n<script type=\"application\/ld+json\" class=\"yoast-schema-graph\">{\"@context\":\"https:\/\/schema.org\",\"@graph\":[{\"@type\":\"WebPage\",\"@id\":\"https:\/\/buscoequipomedico.com\/?product=equipo-de-anestesia-con-monitor\",\"url\":\"https:\/\/buscoequipomedico.com\/?product=equipo-de-anestesia-con-monitor\",\"name\":\"EQUIPO DE ANESTESIA CON MONITOR - Tu mejor opci\u00f3n Equipo M\u00e9dico M\u00e9xico\",\"isPartOf\":{\"@id\":\"https:\/\/buscoequipomedico.com\/#website\"},\"primaryImageOfPage\":{\"@id\":\"https:\/\/buscoequipomedico.com\/?product=equipo-de-anestesia-con-monitor#primaryimage\"},\"image\":{\"@id\":\"https:\/\/buscoequipomedico.com\/?product=equipo-de-anestesia-con-monitor#primaryimage\"},\"thumbnailUrl\":\"https:\/\/buscoequipomedico.com\/wp-content\/uploads\/2020\/02\/equipo-de-anestesia-con-monitor-carro-canister-un-vaporizador-a-escoger-enflurane-isoflotane-sevoflurane-ventilador-vent-7.jpg\",\"datePublished\":\"2020-02-18T07:35:54+00:00\",\"dateModified\":\"2020-02-18T07:35:57+00:00\",\"breadcrumb\":{\"@id\":\"https:\/\/buscoequipomedico.com\/?product=equipo-de-anestesia-con-monitor#breadcrumb\"},\"inLanguage\":\"es\",\"potentialAction\":[{\"@type\":\"ReadAction\",\"target\":[\"https:\/\/buscoequipomedico.com\/?product=equipo-de-anestesia-con-monitor\"]}]},{\"@type\":\"ImageObject\",\"inLanguage\":\"es\",\"@id\":\"https:\/\/buscoequipomedico.com\/?product=equipo-de-anestesia-con-monitor#primaryimage\",\"url\":\"https:\/\/buscoequipomedico.com\/wp-content\/uploads\/2020\/02\/equipo-de-anestesia-con-monitor-carro-canister-un-vaporizador-a-escoger-enflurane-isoflotane-sevoflurane-ventilador-vent-7.jpg\",\"contentUrl\":\"https:\/\/buscoequipomedico.com\/wp-content\/uploads\/2020\/02\/equipo-de-anestesia-con-monitor-carro-canister-un-vaporizador-a-escoger-enflurane-isoflotane-sevoflurane-ventilador-vent-7.jpg\",\"width\":800,\"height\":800},{\"@type\":\"BreadcrumbList\",\"@id\":\"https:\/\/buscoequipomedico.com\/?product=equipo-de-anestesia-con-monitor#breadcrumb\",\"itemListElement\":[{\"@type\":\"ListItem\",\"position\":1,\"name\":\"Productos\",\"item\":\"https:\/\/buscoequipomedico.com\/shop\/\"},{\"@type\":\"ListItem\",\"position\":2,\"name\":\"EQUIPO DE ANESTESIA CON MONITOR\"}]},{\"@type\":\"WebSite\",\"@id\":\"https:\/\/buscoequipomedico.com\/#website\",\"url\":\"https:\/\/buscoequipomedico.com\/\",\"name\":\"Tu mejor opci\u00f3n Equipo M\u00e9dico M\u00e9xico\",\"description\":\"Tienda de equipo m\u00e9dico\",\"publisher\":{\"@id\":\"https:\/\/buscoequipomedico.com\/#organization\"},\"potentialAction\":[{\"@type\":\"SearchAction\",\"target\":{\"@type\":\"EntryPoint\",\"urlTemplate\":\"https:\/\/buscoequipomedico.com\/?s={search_term_string}\"},\"query-input\":{\"@type\":\"PropertyValueSpecification\",\"valueRequired\":true,\"valueName\":\"search_term_string\"}}],\"inLanguage\":\"es\"},{\"@type\":\"Organization\",\"@id\":\"https:\/\/buscoequipomedico.com\/#organization\",\"name\":\"Tu mejor opci\u00f3n Equipo M\u00e9dico M\u00e9xico\",\"url\":\"https:\/\/buscoequipomedico.com\/\",\"logo\":{\"@type\":\"ImageObject\",\"inLanguage\":\"es\",\"@id\":\"https:\/\/buscoequipomedico.com\/#\/schema\/logo\/image\/\",\"url\":\"https:\/\/buscoequipomedico.com\/wp-content\/uploads\/2021\/07\/EMM-VPrincipal-scaled.jpg\",\"contentUrl\":\"https:\/\/buscoequipomedico.com\/wp-content\/uploads\/2021\/07\/EMM-VPrincipal-scaled.jpg\",\"width\":2560,\"height\":1058,\"caption\":\"Tu mejor opci\u00f3n Equipo M\u00e9dico M\u00e9xico\"},\"image\":{\"@id\":\"https:\/\/buscoequipomedico.com\/#\/schema\/logo\/image\/\"}}]}<\/script>\n<!-- \/ Yoast SEO plugin. -->","yoast_head_json":{"title":"EQUIPO DE ANESTESIA CON MONITOR - Tu mejor opci\u00f3n Equipo M\u00e9dico M\u00e9xico","robots":{"index":"index","follow":"follow","max-snippet":"max-snippet:-1","max-image-preview":"max-image-preview:large","max-video-preview":"max-video-preview:-1"},"canonical":"https:\/\/buscoequipomedico.com\/?product=equipo-de-anestesia-con-monitor","og_locale":"es_ES","og_type":"article","og_title":"EQUIPO DE ANESTESIA CON MONITOR - Tu mejor opci\u00f3n Equipo M\u00e9dico M\u00e9xico","og_description":"Carro Canister Un Vaporizador a escoger (\u00a0ENFLURANE \/ ISOFLOTANE\/SEVOFLURANE\u00a0) Ventilador VENT 7","og_url":"https:\/\/buscoequipomedico.com\/?product=equipo-de-anestesia-con-monitor","og_site_name":"Tu mejor opci\u00f3n Equipo M\u00e9dico M\u00e9xico","article_modified_time":"2020-02-18T07:35:57+00:00","og_image":[{"width":800,"height":800,"url":"https:\/\/buscoequipomedico.com\/wp-content\/uploads\/2020\/02\/equipo-de-anestesia-con-monitor-carro-canister-un-vaporizador-a-escoger-enflurane-isoflotane-sevoflurane-ventilador-vent-7.jpg","type":"image\/png"}],"twitter_card":"summary_large_image","schema":{"@context":"https:\/\/schema.org","@graph":[{"@type":"WebPage","@id":"https:\/\/buscoequipomedico.com\/?product=equipo-de-anestesia-con-monitor","url":"https:\/\/buscoequipomedico.com\/?product=equipo-de-anestesia-con-monitor","name":"EQUIPO DE ANESTESIA CON MONITOR - Tu mejor opci\u00f3n Equipo M\u00e9dico M\u00e9xico","isPartOf":{"@id":"https:\/\/buscoequipomedico.com\/#website"},"primaryImageOfPage":{"@id":"https:\/\/buscoequipomedico.com\/?product=equipo-de-anestesia-con-monitor#primaryimage"},"image":{"@id":"https:\/\/buscoequipomedico.com\/?product=equipo-de-anestesia-con-monitor#primaryimage"},"thumbnailUrl":"https:\/\/buscoequipomedico.com\/wp-content\/uploads\/2020\/02\/equipo-de-anestesia-con-monitor-carro-canister-un-vaporizador-a-escoger-enflurane-isoflotane-sevoflurane-ventilador-vent-7.jpg","datePublished":"2020-02-18T07:35:54+00:00","dateModified":"2020-02-18T07:35:57+00:00","breadcrumb":{"@id":"https:\/\/buscoequipomedico.com\/?product=equipo-de-anestesia-con-monitor#breadcrumb"},"inLanguage":"es","potentialAction":[{"@type":"ReadAction","target":["https:\/\/buscoequipomedico.com\/?product=equipo-de-anestesia-con-monitor"]}]},{"@type":"ImageObject","inLanguage":"es","@id":"https:\/\/buscoequipomedico.com\/?product=equipo-de-anestesia-con-monitor#primaryimage","url":"https:\/\/buscoequipomedico.com\/wp-content\/uploads\/2020\/02\/equipo-de-anestesia-con-monitor-carro-canister-un-vaporizador-a-escoger-enflurane-isoflotane-sevoflurane-ventilador-vent-7.jpg","contentUrl":"https:\/\/buscoequipomedico.com\/wp-content\/uploads\/2020\/02\/equipo-de-anestesia-con-monitor-carro-canister-un-vaporizador-a-escoger-enflurane-isoflotane-sevoflurane-ventilador-vent-7.jpg","width":800,"height":800},{"@type":"BreadcrumbList","@id":"https:\/\/buscoequipomedico.com\/?product=equipo-de-anestesia-con-monitor#breadcrumb","itemListElement":[{"@type":"ListItem","position":1,"name":"Productos","item":"https:\/\/buscoequipomedico.com\/shop\/"},{"@type":"ListItem","position":2,"name":"EQUIPO DE ANESTESIA CON MONITOR"}]},{"@type":"WebSite","@id":"https:\/\/buscoequipomedico.com\/#website","url":"https:\/\/buscoequipomedico.com\/","name":"Tu mejor opci\u00f3n Equipo M\u00e9dico M\u00e9xico","description":"Tienda de equipo m\u00e9dico","publisher":{"@id":"https:\/\/buscoequipomedico.com\/#organization"},"potentialAction":[{"@type":"SearchAction","target":{"@type":"EntryPoint","urlTemplate":"https:\/\/buscoequipomedico.com\/?s={search_term_string}"},"query-input":{"@type":"PropertyValueSpecification","valueRequired":true,"valueName":"search_term_string"}}],"inLanguage":"es"},{"@type":"Organization","@id":"https:\/\/buscoequipomedico.com\/#organization","name":"Tu mejor opci\u00f3n Equipo M\u00e9dico M\u00e9xico","url":"https:\/\/buscoequipomedico.com\/","logo":{"@type":"ImageObject","inLanguage":"es","@id":"https:\/\/buscoequipomedico.com\/#\/schema\/logo\/image\/","url":"https:\/\/buscoequipomedico.com\/wp-content\/uploads\/2021\/07\/EMM-VPrincipal-scaled.jpg","contentUrl":"https:\/\/buscoequipomedico.com\/wp-content\/uploads\/2021\/07\/EMM-VPrincipal-scaled.jpg","width":2560,"height":1058,"caption":"Tu mejor opci\u00f3n Equipo M\u00e9dico M\u00e9xico"},"image":{"@id":"https:\/\/buscoequipomedico.com\/#\/schema\/logo\/image\/"}}]}},"_links":{"self":[{"href":"https:\/\/buscoequipomedico.com\/index.php?rest_route=\/wp\/v2\/product\/12695","targetHints":{"allow":["GET"]}}],"collection":[{"href":"https:\/\/buscoequipomedico.com\/index.php?rest_route=\/wp\/v2\/product"}],"about":[{"href":"https:\/\/buscoequipomedico.com\/index.php?rest_route=\/wp\/v2\/types\/product"}],"wp:featuredmedia":[{"embeddable":true,"href":"https:\/\/buscoequipomedico.com\/index.php?rest_route=\/wp\/v2\/media\/12696"}],"wp:attachment":[{"href":"https:\/\/buscoequipomedico.com\/index.php?rest_route=%2Fwp%2Fv2%2Fmedia&parent=12695"}],"wp:term":[{"taxonomy":"product_brand","embeddable":true,"href":"https:\/\/buscoequipomedico.com\/index.php?rest_route=%2Fwp%2Fv2%2Fproduct_brand&post=12695"},{"taxonomy":"product_cat","embeddable":true,"href":"https:\/\/buscoequipomedico.com\/index.php?rest_route=%2Fwp%2Fv2%2Fproduct_cat&post=12695"},{"taxonomy":"product_tag","embeddable":true,"href":"https:\/\/buscoequipomedico.com\/index.php?rest_route=%2Fwp%2Fv2%2Fproduct_tag&post=12695"}],"curies":[{"name":"wp","href":"https:\/\/api.w.org\/{rel}","templated":true}]}}