{"id":12705,"date":"2020-02-18T07:35:59","date_gmt":"2020-02-18T07:35:59","guid":{"rendered":"https:\/\/equipomedicomexico-com.preview-domain.com\/product\/aparato-de-anestesia-multi-plus-4\/"},"modified":"2020-02-18T07:36:00","modified_gmt":"2020-02-18T07:36:00","slug":"aparato-de-anestesia-multi-plus-4","status":"publish","type":"product","link":"https:\/\/buscoequipomedico.com\/?product=aparato-de-anestesia-multi-plus-4","title":{"rendered":"APARATO DE ANESTESIA MULTI-PLUS"},"content":{"rendered":"<p>Vaporizador:<\/p>\n<p>SHEI-3<\/p>\n<p>Dise\u00f1o moderno<\/p>\n<p>Compensador por temperatura<\/p>\n<p>Control manual<\/p>\n<p>Absorbedor de CO2:<\/p>\n<p>Capacidad 1Kg. (canister doble)<\/p>\n<p>Rango; -20 a 100 cmH2O<\/p>\n<\/p>\n<p>Ventilador :<\/p>\n<p>Tipo externo<\/p>\n<p>Con modo de monitoreo de presi\u00f3n es controlado por micro procesador y separaci\u00f3n del sistema de c\u00e1mara.<\/p>\n<p>Controlador por microprocesador en tiempo ciclado y volumen neum\u00e1tico<\/p>\n<p>Relaci\u00f3n I\/E: 1:1-1:3<\/p>\n<p>Volumen Tidal 100-1500 ml o mas<\/p>\n<p>Despliegue en pantalla: Rango, I: E, Presi\u00f3n Alta\/Baja limite con alarma, Tiempo inspiratorio<\/p>\n<p>El ventilador VENT 5 puede operar bajo el siguiente modo ventilatorios: CMV, PCV, MAN, STBY<\/p><\/p>\n","protected":false},"excerpt":{"rendered":"<p>Equipo para anestesia 1 vaporizador modelo multiplus tipo MEVD<\/p>\n<p>1 Vaporizador (Halotane)<\/p>\n<p>Carro tipo \u00abE\u00bb con cajones<\/p>\n<p>Alarma sobre ox\u00edgeno, 2 gases (O2\/N2O)<\/p>\n<p>Carrito con dos cajones, charola para escribir<\/p>\n<p>Absorbedor dual de Co2 de 1kg<\/p>\n<p>Ventilador VENTI-5<\/p>\n<p>Sistema de seguridad de paciente.<\/p>\n<p>Sistema Anti-Hipoxia.<\/p>\n<p>V\u00e1lvula de cerrado de N2O con alarma<\/p>\n<p>Alarma de falta de O2<\/p>\n<p>V\u00e1lvula reguladora y liberadora de sobre presi\u00f3n de cada gas dise\u00f1ada de acuerdo con los protocolos DISS, TISS, CCS, PISS, NIST<\/p>\n<p>Sistema anti poxia: 25% o2<\/p>\n<p>Flush oxigeno 35-70LPM o mas<\/p>\n<p>2 gases NO2, O2<\/p>\n<p>2 Flujometros O2, N2O<\/p>\n<p>Carro rodable TIPO E con freno<\/p>\n<p>2 cajoneras<\/p>\n<p>Mesa de trabajo al frente del equipo<\/p>\n<\/p>\n<p>Incluye:\u00a0<\/p>\n<p>Carro<\/p>\n<p>Canister<\/p>\n<p>1 Vaporizador a escoger (\u00a0 ENFLURANE \/ ISOFLOTANE\/SEVOFLURANE )<\/p>\n<p>Ventilador VENT 5<\/p>\n","protected":false},"featured_media":12706,"template":"","meta":{"_joinchat":[]},"product_brand":[],"product_cat":[296],"product_tag":[],"class_list":{"0":"post-12705","1":"product","2":"type-product","3":"status-publish","4":"has-post-thumbnail","6":"product_cat-maquinas-de-anestesia","7":"pa_marca-royal-medical","9":"first","10":"instock","11":"purchasable","12":"product-type-simple"},"yoast_head":"<!-- This site is optimized with the Yoast SEO plugin v25.1 - https:\/\/yoast.com\/wordpress\/plugins\/seo\/ -->\n<title>APARATO DE ANESTESIA MULTI-PLUS - Tu mejor opci\u00f3n Equipo M\u00e9dico M\u00e9xico<\/title>\n<meta name=\"robots\" content=\"index, follow, max-snippet:-1, max-image-preview:large, max-video-preview:-1\" \/>\n<link rel=\"canonical\" href=\"https:\/\/buscoequipomedico.com\/?product=aparato-de-anestesia-multi-plus-4\" \/>\n<meta property=\"og:locale\" content=\"es_ES\" \/>\n<meta property=\"og:type\" content=\"article\" \/>\n<meta property=\"og:title\" content=\"APARATO DE ANESTESIA MULTI-PLUS - Tu mejor opci\u00f3n Equipo M\u00e9dico M\u00e9xico\" \/>\n<meta property=\"og:description\" content=\"Equipo para anestesia 1 vaporizador modelo multiplus tipo MEVD 1 Vaporizador (Halotane) Carro tipo &quot;E&quot; con cajones Alarma sobre ox\u00edgeno, 2 gases (O2\/N2O) Carrito con dos cajones, charola para escribir Absorbedor dual de Co2 de 1kg Ventilador VENTI-5 Sistema de seguridad de paciente. Sistema Anti-Hipoxia. V\u00e1lvula de cerrado de N2O con alarma Alarma de falta de O2 V\u00e1lvula reguladora y liberadora de sobre presi\u00f3n de cada gas dise\u00f1ada de acuerdo con los protocolos DISS, TISS, CCS, PISS, NIST Sistema anti poxia: 25% o2 Flush oxigeno 35-70LPM o mas 2 gases NO2, O2 2 Flujometros O2, N2O Carro rodable TIPO E con freno 2 cajoneras Mesa de trabajo al frente del equipo Incluye:\u00a0 Carro Canister 1 Vaporizador a escoger (\u00a0 ENFLURANE \/ ISOFLOTANE\/SEVOFLURANE ) Ventilador VENT 5\" \/>\n<meta property=\"og:url\" content=\"https:\/\/buscoequipomedico.com\/?product=aparato-de-anestesia-multi-plus-4\" \/>\n<meta property=\"og:site_name\" content=\"Tu mejor opci\u00f3n Equipo M\u00e9dico M\u00e9xico\" \/>\n<meta property=\"article:modified_time\" content=\"2020-02-18T07:36:00+00:00\" \/>\n<meta property=\"og:image\" content=\"https:\/\/buscoequipomedico.com\/wp-content\/uploads\/2020\/02\/aparato-de-anestesia-multi-plus-equipo-para-anestesia-1-vaporizador-modelo-multiplus-tipo-mevd-1-vaporizador-halotane-carro-tipo.jpg\" \/>\n\t<meta property=\"og:image:width\" content=\"800\" \/>\n\t<meta property=\"og:image:height\" content=\"800\" \/>\n\t<meta property=\"og:image:type\" content=\"image\/png\" \/>\n<meta name=\"twitter:card\" content=\"summary_large_image\" \/>\n<script type=\"application\/ld+json\" class=\"yoast-schema-graph\">{\"@context\":\"https:\/\/schema.org\",\"@graph\":[{\"@type\":\"WebPage\",\"@id\":\"https:\/\/buscoequipomedico.com\/?product=aparato-de-anestesia-multi-plus-4\",\"url\":\"https:\/\/buscoequipomedico.com\/?product=aparato-de-anestesia-multi-plus-4\",\"name\":\"APARATO DE ANESTESIA MULTI-PLUS - Tu mejor opci\u00f3n Equipo M\u00e9dico M\u00e9xico\",\"isPartOf\":{\"@id\":\"https:\/\/buscoequipomedico.com\/#website\"},\"primaryImageOfPage\":{\"@id\":\"https:\/\/buscoequipomedico.com\/?product=aparato-de-anestesia-multi-plus-4#primaryimage\"},\"image\":{\"@id\":\"https:\/\/buscoequipomedico.com\/?product=aparato-de-anestesia-multi-plus-4#primaryimage\"},\"thumbnailUrl\":\"https:\/\/buscoequipomedico.com\/wp-content\/uploads\/2020\/02\/aparato-de-anestesia-multi-plus-equipo-para-anestesia-1-vaporizador-modelo-multiplus-tipo-mevd-1-vaporizador-halotane-carro-tipo.jpg\",\"datePublished\":\"2020-02-18T07:35:59+00:00\",\"dateModified\":\"2020-02-18T07:36:00+00:00\",\"breadcrumb\":{\"@id\":\"https:\/\/buscoequipomedico.com\/?product=aparato-de-anestesia-multi-plus-4#breadcrumb\"},\"inLanguage\":\"es\",\"potentialAction\":[{\"@type\":\"ReadAction\",\"target\":[\"https:\/\/buscoequipomedico.com\/?product=aparato-de-anestesia-multi-plus-4\"]}]},{\"@type\":\"ImageObject\",\"inLanguage\":\"es\",\"@id\":\"https:\/\/buscoequipomedico.com\/?product=aparato-de-anestesia-multi-plus-4#primaryimage\",\"url\":\"https:\/\/buscoequipomedico.com\/wp-content\/uploads\/2020\/02\/aparato-de-anestesia-multi-plus-equipo-para-anestesia-1-vaporizador-modelo-multiplus-tipo-mevd-1-vaporizador-halotane-carro-tipo.jpg\",\"contentUrl\":\"https:\/\/buscoequipomedico.com\/wp-content\/uploads\/2020\/02\/aparato-de-anestesia-multi-plus-equipo-para-anestesia-1-vaporizador-modelo-multiplus-tipo-mevd-1-vaporizador-halotane-carro-tipo.jpg\",\"width\":800,\"height\":800},{\"@type\":\"BreadcrumbList\",\"@id\":\"https:\/\/buscoequipomedico.com\/?product=aparato-de-anestesia-multi-plus-4#breadcrumb\",\"itemListElement\":[{\"@type\":\"ListItem\",\"position\":1,\"name\":\"Productos\",\"item\":\"https:\/\/buscoequipomedico.com\/shop\/\"},{\"@type\":\"ListItem\",\"position\":2,\"name\":\"APARATO DE ANESTESIA MULTI-PLUS\"}]},{\"@type\":\"WebSite\",\"@id\":\"https:\/\/buscoequipomedico.com\/#website\",\"url\":\"https:\/\/buscoequipomedico.com\/\",\"name\":\"Tu mejor opci\u00f3n Equipo M\u00e9dico M\u00e9xico\",\"description\":\"Tienda de equipo m\u00e9dico\",\"publisher\":{\"@id\":\"https:\/\/buscoequipomedico.com\/#organization\"},\"potentialAction\":[{\"@type\":\"SearchAction\",\"target\":{\"@type\":\"EntryPoint\",\"urlTemplate\":\"https:\/\/buscoequipomedico.com\/?s={search_term_string}\"},\"query-input\":{\"@type\":\"PropertyValueSpecification\",\"valueRequired\":true,\"valueName\":\"search_term_string\"}}],\"inLanguage\":\"es\"},{\"@type\":\"Organization\",\"@id\":\"https:\/\/buscoequipomedico.com\/#organization\",\"name\":\"Tu mejor opci\u00f3n Equipo M\u00e9dico M\u00e9xico\",\"url\":\"https:\/\/buscoequipomedico.com\/\",\"logo\":{\"@type\":\"ImageObject\",\"inLanguage\":\"es\",\"@id\":\"https:\/\/buscoequipomedico.com\/#\/schema\/logo\/image\/\",\"url\":\"https:\/\/buscoequipomedico.com\/wp-content\/uploads\/2021\/07\/EMM-VPrincipal-scaled.jpg\",\"contentUrl\":\"https:\/\/buscoequipomedico.com\/wp-content\/uploads\/2021\/07\/EMM-VPrincipal-scaled.jpg\",\"width\":2560,\"height\":1058,\"caption\":\"Tu mejor opci\u00f3n Equipo M\u00e9dico M\u00e9xico\"},\"image\":{\"@id\":\"https:\/\/buscoequipomedico.com\/#\/schema\/logo\/image\/\"}}]}<\/script>\n<!-- \/ Yoast SEO plugin. -->","yoast_head_json":{"title":"APARATO DE ANESTESIA MULTI-PLUS - Tu mejor opci\u00f3n Equipo M\u00e9dico M\u00e9xico","robots":{"index":"index","follow":"follow","max-snippet":"max-snippet:-1","max-image-preview":"max-image-preview:large","max-video-preview":"max-video-preview:-1"},"canonical":"https:\/\/buscoequipomedico.com\/?product=aparato-de-anestesia-multi-plus-4","og_locale":"es_ES","og_type":"article","og_title":"APARATO DE ANESTESIA MULTI-PLUS - Tu mejor opci\u00f3n Equipo M\u00e9dico M\u00e9xico","og_description":"Equipo para anestesia 1 vaporizador modelo multiplus tipo MEVD 1 Vaporizador (Halotane) Carro tipo \"E\" con cajones Alarma sobre ox\u00edgeno, 2 gases (O2\/N2O) Carrito con dos cajones, charola para escribir Absorbedor dual de Co2 de 1kg Ventilador VENTI-5 Sistema de seguridad de paciente. Sistema Anti-Hipoxia. V\u00e1lvula de cerrado de N2O con alarma Alarma de falta de O2 V\u00e1lvula reguladora y liberadora de sobre presi\u00f3n de cada gas dise\u00f1ada de acuerdo con los protocolos DISS, TISS, CCS, PISS, NIST Sistema anti poxia: 25% o2 Flush oxigeno 35-70LPM o mas 2 gases NO2, O2 2 Flujometros O2, N2O Carro rodable TIPO E con freno 2 cajoneras Mesa de trabajo al frente del equipo Incluye:\u00a0 Carro Canister 1 Vaporizador a escoger (\u00a0 ENFLURANE \/ ISOFLOTANE\/SEVOFLURANE ) Ventilador VENT 5","og_url":"https:\/\/buscoequipomedico.com\/?product=aparato-de-anestesia-multi-plus-4","og_site_name":"Tu mejor opci\u00f3n Equipo M\u00e9dico M\u00e9xico","article_modified_time":"2020-02-18T07:36:00+00:00","og_image":[{"width":800,"height":800,"url":"https:\/\/buscoequipomedico.com\/wp-content\/uploads\/2020\/02\/aparato-de-anestesia-multi-plus-equipo-para-anestesia-1-vaporizador-modelo-multiplus-tipo-mevd-1-vaporizador-halotane-carro-tipo.jpg","type":"image\/png"}],"twitter_card":"summary_large_image","schema":{"@context":"https:\/\/schema.org","@graph":[{"@type":"WebPage","@id":"https:\/\/buscoequipomedico.com\/?product=aparato-de-anestesia-multi-plus-4","url":"https:\/\/buscoequipomedico.com\/?product=aparato-de-anestesia-multi-plus-4","name":"APARATO DE ANESTESIA MULTI-PLUS - Tu mejor opci\u00f3n Equipo M\u00e9dico M\u00e9xico","isPartOf":{"@id":"https:\/\/buscoequipomedico.com\/#website"},"primaryImageOfPage":{"@id":"https:\/\/buscoequipomedico.com\/?product=aparato-de-anestesia-multi-plus-4#primaryimage"},"image":{"@id":"https:\/\/buscoequipomedico.com\/?product=aparato-de-anestesia-multi-plus-4#primaryimage"},"thumbnailUrl":"https:\/\/buscoequipomedico.com\/wp-content\/uploads\/2020\/02\/aparato-de-anestesia-multi-plus-equipo-para-anestesia-1-vaporizador-modelo-multiplus-tipo-mevd-1-vaporizador-halotane-carro-tipo.jpg","datePublished":"2020-02-18T07:35:59+00:00","dateModified":"2020-02-18T07:36:00+00:00","breadcrumb":{"@id":"https:\/\/buscoequipomedico.com\/?product=aparato-de-anestesia-multi-plus-4#breadcrumb"},"inLanguage":"es","potentialAction":[{"@type":"ReadAction","target":["https:\/\/buscoequipomedico.com\/?product=aparato-de-anestesia-multi-plus-4"]}]},{"@type":"ImageObject","inLanguage":"es","@id":"https:\/\/buscoequipomedico.com\/?product=aparato-de-anestesia-multi-plus-4#primaryimage","url":"https:\/\/buscoequipomedico.com\/wp-content\/uploads\/2020\/02\/aparato-de-anestesia-multi-plus-equipo-para-anestesia-1-vaporizador-modelo-multiplus-tipo-mevd-1-vaporizador-halotane-carro-tipo.jpg","contentUrl":"https:\/\/buscoequipomedico.com\/wp-content\/uploads\/2020\/02\/aparato-de-anestesia-multi-plus-equipo-para-anestesia-1-vaporizador-modelo-multiplus-tipo-mevd-1-vaporizador-halotane-carro-tipo.jpg","width":800,"height":800},{"@type":"BreadcrumbList","@id":"https:\/\/buscoequipomedico.com\/?product=aparato-de-anestesia-multi-plus-4#breadcrumb","itemListElement":[{"@type":"ListItem","position":1,"name":"Productos","item":"https:\/\/buscoequipomedico.com\/shop\/"},{"@type":"ListItem","position":2,"name":"APARATO DE ANESTESIA MULTI-PLUS"}]},{"@type":"WebSite","@id":"https:\/\/buscoequipomedico.com\/#website","url":"https:\/\/buscoequipomedico.com\/","name":"Tu mejor opci\u00f3n Equipo M\u00e9dico M\u00e9xico","description":"Tienda de equipo m\u00e9dico","publisher":{"@id":"https:\/\/buscoequipomedico.com\/#organization"},"potentialAction":[{"@type":"SearchAction","target":{"@type":"EntryPoint","urlTemplate":"https:\/\/buscoequipomedico.com\/?s={search_term_string}"},"query-input":{"@type":"PropertyValueSpecification","valueRequired":true,"valueName":"search_term_string"}}],"inLanguage":"es"},{"@type":"Organization","@id":"https:\/\/buscoequipomedico.com\/#organization","name":"Tu mejor opci\u00f3n Equipo M\u00e9dico M\u00e9xico","url":"https:\/\/buscoequipomedico.com\/","logo":{"@type":"ImageObject","inLanguage":"es","@id":"https:\/\/buscoequipomedico.com\/#\/schema\/logo\/image\/","url":"https:\/\/buscoequipomedico.com\/wp-content\/uploads\/2021\/07\/EMM-VPrincipal-scaled.jpg","contentUrl":"https:\/\/buscoequipomedico.com\/wp-content\/uploads\/2021\/07\/EMM-VPrincipal-scaled.jpg","width":2560,"height":1058,"caption":"Tu mejor opci\u00f3n Equipo M\u00e9dico M\u00e9xico"},"image":{"@id":"https:\/\/buscoequipomedico.com\/#\/schema\/logo\/image\/"}}]}},"_links":{"self":[{"href":"https:\/\/buscoequipomedico.com\/index.php?rest_route=\/wp\/v2\/product\/12705","targetHints":{"allow":["GET"]}}],"collection":[{"href":"https:\/\/buscoequipomedico.com\/index.php?rest_route=\/wp\/v2\/product"}],"about":[{"href":"https:\/\/buscoequipomedico.com\/index.php?rest_route=\/wp\/v2\/types\/product"}],"wp:featuredmedia":[{"embeddable":true,"href":"https:\/\/buscoequipomedico.com\/index.php?rest_route=\/wp\/v2\/media\/12706"}],"wp:attachment":[{"href":"https:\/\/buscoequipomedico.com\/index.php?rest_route=%2Fwp%2Fv2%2Fmedia&parent=12705"}],"wp:term":[{"taxonomy":"product_brand","embeddable":true,"href":"https:\/\/buscoequipomedico.com\/index.php?rest_route=%2Fwp%2Fv2%2Fproduct_brand&post=12705"},{"taxonomy":"product_cat","embeddable":true,"href":"https:\/\/buscoequipomedico.com\/index.php?rest_route=%2Fwp%2Fv2%2Fproduct_cat&post=12705"},{"taxonomy":"product_tag","embeddable":true,"href":"https:\/\/buscoequipomedico.com\/index.php?rest_route=%2Fwp%2Fv2%2Fproduct_tag&post=12705"}],"curies":[{"name":"wp","href":"https:\/\/api.w.org\/{rel}","templated":true}]}}