{"id":12711,"date":"2020-02-18T07:35:59","date_gmt":"2020-02-18T07:35:59","guid":{"rendered":"https:\/\/equipomedicomexico-com.preview-domain.com\/product\/aparato-de-anestesia-royal-delta-77\/"},"modified":"2020-02-18T07:36:00","modified_gmt":"2020-02-18T07:36:00","slug":"aparato-de-anestesia-royal-delta-77","status":"publish","type":"product","link":"https:\/\/buscoequipomedico.com\/?product=aparato-de-anestesia-royal-delta-77","title":{"rendered":"APARATO DE ANESTESIA ROYAL DELTA 77"},"content":{"rendered":"<p>SERVOFLOURANE.BASE DE ACERO INOXIDABLE PARA INSTRUMENTOS DE 3 GAVETAS,<\/p>\n<p>CONECTORES \u201cY\u201d \/L, VENTILADOR DE ANESTESIA CONTROLADO POR MICRO PROCESADOR,<\/p>\n<p>SELECTOR DE VALVULA Y SISTEMA DE CAMARA DE FUELLE CON SOPORTE.<\/p>\n<p>INCLUYE MONITOR VENTILADOR ANESTESICO INCORPORADO, NO MONITOREA Fi02 NI<\/p>\n<p>MODO VENTILATORIO POR PRESI\u00d3N, SOLAMENTE POR VOLUMEN. PUERTO RS-232<\/p>\n<p>OPCIONAL.CIRCUITOS TIPO BAIN OPCIONALES.<\/p>\n<\/p>\n<p>SERVOFLOURANE.BASE DE ACERO INOXIDABLE PARA INSTRUMENTOS DE 3 GAVETAS,<\/p>\n<p>CONECTORES \u201cY\u201d \/L, VENTILADOR DE ANESTESIA CONTROLADO POR MICRO PROCESADOR,<\/p>\n<p>SELECTOR DE VALVULA Y SISTEMA DE CAMARA DE FUELLE CON SOPORTE.<\/p>\n<p>INCLUYE MONITOR VENTILADOR ANESTESICO INCORPORADO, NO MONITOREA Fi02 NI<\/p>\n<p>MODO VENTILATORIO POR PRESI\u00d3N, SOLAMENTE POR VOLUMEN. PUERTO RS-232<\/p>\n<p>OPCIONAL.CIRCUITOS TIPO BAIN OPCIONALES.<\/p>\n<\/p>\n<p>SISTEMA DE GASES (O2-N2O), MEDIDA DE PRECION EN LINEA DE CONDUCTO (O2, N2O) 0-<\/p>\n<p>10KgF\/CM2, SOPORTA CILINDRO (O2, N2O) CON PRESI\u00d3N DE 0- 250 KgF\/CML, FLUJOMETRO<\/p>\n<p>CON SISTEMA DE ANTI-HIPOXIA, CODIGO DE COLOR (VERDE O2, AZUL N2O).<\/p>\n<p>ESCALA DE OXIGENO = 0.1 \u2013 10LPM, OXIDO NITROSO = 0.2-12LPM, ABSORVEDOR DUAL DE<\/p>\n<p>DI\u00d3XIDO DE CARBONO (CO2), VALVULA DE NEGATIVO ABRE A 0.5 CmH2O, VALVULA POSITIVA<\/p>\n<p>ABRE 10 CmH2O.BOLSA DE RESERVORIO DE 2 LITROS, VALVULA DE NIVEL DE OXIGENO CON<\/p>\n<p>INTERRUPTOR PARA USO DE VAPORIZADORES DE HALOTANE, ENFLUORANE, ISOFLORANE Y<\/p>\n<p>SERVOFLOURANE.<\/p><\/p>\n","protected":false},"excerpt":{"rendered":"<p>MAQUINA PARA 2 GASES (02\/N2O) CON 2 VAPORIZADORES (ISOFLUORANE, SEVOFLOURANE)<\/p>\n<p>Royal delta 77 con 3 gases (o2\/n2o\/aire) y dos vaporizadores,<\/p>\n<p>Sistema de gases (o2-n2o), medida de presi\u00f3n en l\u00ednea de conducto (o2, n2o) 0- 10kgf\/cm2, soporta cilindro (o2, n2o) con presi\u00f3n de 0- 250 kgf\/cml<\/p>\n<p>Flujometro con sistema de anti-hipoxia, c\u00f3digo de color (verde o2, azul n2o).<\/p>\n<p>Escala de oxigeno = 0.1 &#8211; 10lpm, \u00f3xido nitroso = 0.2-12lpm, absorvedor dual de di\u00f3xido de carbono (co2), v\u00e1lvula de negativo abre a 0.5 cmh2o<\/p>\n<p>V\u00e1lvula positiva<\/p>\n<p>Abre 10 cmh2o.<\/p>\n","protected":false},"featured_media":12712,"template":"","meta":{"_joinchat":[]},"product_brand":[],"product_cat":[296],"product_tag":[],"class_list":{"0":"post-12711","1":"product","2":"type-product","3":"status-publish","4":"has-post-thumbnail","6":"product_cat-maquinas-de-anestesia","7":"pa_marca-royal-medical","9":"first","10":"instock","11":"purchasable","12":"product-type-simple"},"yoast_head":"<!-- This site is optimized with the Yoast SEO plugin v25.1 - https:\/\/yoast.com\/wordpress\/plugins\/seo\/ -->\n<title>APARATO DE ANESTESIA ROYAL DELTA 77 - Tu mejor opci\u00f3n Equipo M\u00e9dico M\u00e9xico<\/title>\n<meta name=\"robots\" content=\"index, follow, max-snippet:-1, max-image-preview:large, max-video-preview:-1\" \/>\n<link rel=\"canonical\" href=\"https:\/\/buscoequipomedico.com\/?product=aparato-de-anestesia-royal-delta-77\" \/>\n<meta property=\"og:locale\" content=\"es_ES\" \/>\n<meta property=\"og:type\" content=\"article\" \/>\n<meta property=\"og:title\" content=\"APARATO DE ANESTESIA ROYAL DELTA 77 - Tu mejor opci\u00f3n Equipo M\u00e9dico M\u00e9xico\" \/>\n<meta property=\"og:description\" content=\"MAQUINA PARA 2 GASES (02\/N2O) CON 2 VAPORIZADORES (ISOFLUORANE, SEVOFLOURANE) Royal delta 77 con 3 gases (o2\/n2o\/aire) y dos vaporizadores, Sistema de gases (o2-n2o), medida de presi\u00f3n en l\u00ednea de conducto (o2, n2o) 0- 10kgf\/cm2, soporta cilindro (o2, n2o) con presi\u00f3n de 0- 250 kgf\/cml Flujometro con sistema de anti-hipoxia, c\u00f3digo de color (verde o2, azul n2o). Escala de oxigeno = 0.1 - 10lpm, \u00f3xido nitroso = 0.2-12lpm, absorvedor dual de di\u00f3xido de carbono (co2), v\u00e1lvula de negativo abre a 0.5 cmh2o V\u00e1lvula positiva Abre 10 cmh2o.\" \/>\n<meta property=\"og:url\" content=\"https:\/\/buscoequipomedico.com\/?product=aparato-de-anestesia-royal-delta-77\" \/>\n<meta property=\"og:site_name\" content=\"Tu mejor opci\u00f3n Equipo M\u00e9dico M\u00e9xico\" \/>\n<meta property=\"article:modified_time\" content=\"2020-02-18T07:36:00+00:00\" \/>\n<meta property=\"og:image\" content=\"https:\/\/buscoequipomedico.com\/wp-content\/uploads\/2020\/02\/aparato-de-anestesia-royal-delta-77-maquina-para-2-gases-02-n2o-con-2-vaporizadores-isofluorane-sevoflourane-royal-delta-77-con.jpg\" \/>\n\t<meta property=\"og:image:width\" content=\"800\" \/>\n\t<meta property=\"og:image:height\" content=\"800\" \/>\n\t<meta property=\"og:image:type\" content=\"image\/png\" \/>\n<meta name=\"twitter:card\" content=\"summary_large_image\" \/>\n<meta name=\"twitter:label1\" content=\"Tiempo de lectura\" \/>\n\t<meta name=\"twitter:data1\" content=\"1 minuto\" \/>\n<script type=\"application\/ld+json\" class=\"yoast-schema-graph\">{\"@context\":\"https:\/\/schema.org\",\"@graph\":[{\"@type\":\"WebPage\",\"@id\":\"https:\/\/buscoequipomedico.com\/?product=aparato-de-anestesia-royal-delta-77\",\"url\":\"https:\/\/buscoequipomedico.com\/?product=aparato-de-anestesia-royal-delta-77\",\"name\":\"APARATO DE ANESTESIA ROYAL DELTA 77 - Tu mejor opci\u00f3n Equipo M\u00e9dico M\u00e9xico\",\"isPartOf\":{\"@id\":\"https:\/\/buscoequipomedico.com\/#website\"},\"primaryImageOfPage\":{\"@id\":\"https:\/\/buscoequipomedico.com\/?product=aparato-de-anestesia-royal-delta-77#primaryimage\"},\"image\":{\"@id\":\"https:\/\/buscoequipomedico.com\/?product=aparato-de-anestesia-royal-delta-77#primaryimage\"},\"thumbnailUrl\":\"https:\/\/buscoequipomedico.com\/wp-content\/uploads\/2020\/02\/aparato-de-anestesia-royal-delta-77-maquina-para-2-gases-02-n2o-con-2-vaporizadores-isofluorane-sevoflourane-royal-delta-77-con.jpg\",\"datePublished\":\"2020-02-18T07:35:59+00:00\",\"dateModified\":\"2020-02-18T07:36:00+00:00\",\"breadcrumb\":{\"@id\":\"https:\/\/buscoequipomedico.com\/?product=aparato-de-anestesia-royal-delta-77#breadcrumb\"},\"inLanguage\":\"es\",\"potentialAction\":[{\"@type\":\"ReadAction\",\"target\":[\"https:\/\/buscoequipomedico.com\/?product=aparato-de-anestesia-royal-delta-77\"]}]},{\"@type\":\"ImageObject\",\"inLanguage\":\"es\",\"@id\":\"https:\/\/buscoequipomedico.com\/?product=aparato-de-anestesia-royal-delta-77#primaryimage\",\"url\":\"https:\/\/buscoequipomedico.com\/wp-content\/uploads\/2020\/02\/aparato-de-anestesia-royal-delta-77-maquina-para-2-gases-02-n2o-con-2-vaporizadores-isofluorane-sevoflourane-royal-delta-77-con.jpg\",\"contentUrl\":\"https:\/\/buscoequipomedico.com\/wp-content\/uploads\/2020\/02\/aparato-de-anestesia-royal-delta-77-maquina-para-2-gases-02-n2o-con-2-vaporizadores-isofluorane-sevoflourane-royal-delta-77-con.jpg\",\"width\":800,\"height\":800},{\"@type\":\"BreadcrumbList\",\"@id\":\"https:\/\/buscoequipomedico.com\/?product=aparato-de-anestesia-royal-delta-77#breadcrumb\",\"itemListElement\":[{\"@type\":\"ListItem\",\"position\":1,\"name\":\"Productos\",\"item\":\"https:\/\/buscoequipomedico.com\/shop\/\"},{\"@type\":\"ListItem\",\"position\":2,\"name\":\"APARATO DE ANESTESIA ROYAL DELTA 77\"}]},{\"@type\":\"WebSite\",\"@id\":\"https:\/\/buscoequipomedico.com\/#website\",\"url\":\"https:\/\/buscoequipomedico.com\/\",\"name\":\"Tu mejor opci\u00f3n Equipo M\u00e9dico M\u00e9xico\",\"description\":\"Tienda de equipo m\u00e9dico\",\"publisher\":{\"@id\":\"https:\/\/buscoequipomedico.com\/#organization\"},\"potentialAction\":[{\"@type\":\"SearchAction\",\"target\":{\"@type\":\"EntryPoint\",\"urlTemplate\":\"https:\/\/buscoequipomedico.com\/?s={search_term_string}\"},\"query-input\":{\"@type\":\"PropertyValueSpecification\",\"valueRequired\":true,\"valueName\":\"search_term_string\"}}],\"inLanguage\":\"es\"},{\"@type\":\"Organization\",\"@id\":\"https:\/\/buscoequipomedico.com\/#organization\",\"name\":\"Tu mejor opci\u00f3n Equipo M\u00e9dico M\u00e9xico\",\"url\":\"https:\/\/buscoequipomedico.com\/\",\"logo\":{\"@type\":\"ImageObject\",\"inLanguage\":\"es\",\"@id\":\"https:\/\/buscoequipomedico.com\/#\/schema\/logo\/image\/\",\"url\":\"https:\/\/buscoequipomedico.com\/wp-content\/uploads\/2021\/07\/EMM-VPrincipal-scaled.jpg\",\"contentUrl\":\"https:\/\/buscoequipomedico.com\/wp-content\/uploads\/2021\/07\/EMM-VPrincipal-scaled.jpg\",\"width\":2560,\"height\":1058,\"caption\":\"Tu mejor opci\u00f3n Equipo M\u00e9dico M\u00e9xico\"},\"image\":{\"@id\":\"https:\/\/buscoequipomedico.com\/#\/schema\/logo\/image\/\"}}]}<\/script>\n<!-- \/ Yoast SEO plugin. -->","yoast_head_json":{"title":"APARATO DE ANESTESIA ROYAL DELTA 77 - Tu mejor opci\u00f3n Equipo M\u00e9dico M\u00e9xico","robots":{"index":"index","follow":"follow","max-snippet":"max-snippet:-1","max-image-preview":"max-image-preview:large","max-video-preview":"max-video-preview:-1"},"canonical":"https:\/\/buscoequipomedico.com\/?product=aparato-de-anestesia-royal-delta-77","og_locale":"es_ES","og_type":"article","og_title":"APARATO DE ANESTESIA ROYAL DELTA 77 - Tu mejor opci\u00f3n Equipo M\u00e9dico M\u00e9xico","og_description":"MAQUINA PARA 2 GASES (02\/N2O) CON 2 VAPORIZADORES (ISOFLUORANE, SEVOFLOURANE) Royal delta 77 con 3 gases (o2\/n2o\/aire) y dos vaporizadores, Sistema de gases (o2-n2o), medida de presi\u00f3n en l\u00ednea de conducto (o2, n2o) 0- 10kgf\/cm2, soporta cilindro (o2, n2o) con presi\u00f3n de 0- 250 kgf\/cml Flujometro con sistema de anti-hipoxia, c\u00f3digo de color (verde o2, azul n2o). Escala de oxigeno = 0.1 - 10lpm, \u00f3xido nitroso = 0.2-12lpm, absorvedor dual de di\u00f3xido de carbono (co2), v\u00e1lvula de negativo abre a 0.5 cmh2o V\u00e1lvula positiva Abre 10 cmh2o.","og_url":"https:\/\/buscoequipomedico.com\/?product=aparato-de-anestesia-royal-delta-77","og_site_name":"Tu mejor opci\u00f3n Equipo M\u00e9dico M\u00e9xico","article_modified_time":"2020-02-18T07:36:00+00:00","og_image":[{"width":800,"height":800,"url":"https:\/\/buscoequipomedico.com\/wp-content\/uploads\/2020\/02\/aparato-de-anestesia-royal-delta-77-maquina-para-2-gases-02-n2o-con-2-vaporizadores-isofluorane-sevoflourane-royal-delta-77-con.jpg","type":"image\/png"}],"twitter_card":"summary_large_image","twitter_misc":{"Tiempo de lectura":"1 minuto"},"schema":{"@context":"https:\/\/schema.org","@graph":[{"@type":"WebPage","@id":"https:\/\/buscoequipomedico.com\/?product=aparato-de-anestesia-royal-delta-77","url":"https:\/\/buscoequipomedico.com\/?product=aparato-de-anestesia-royal-delta-77","name":"APARATO DE ANESTESIA ROYAL DELTA 77 - Tu mejor opci\u00f3n Equipo M\u00e9dico M\u00e9xico","isPartOf":{"@id":"https:\/\/buscoequipomedico.com\/#website"},"primaryImageOfPage":{"@id":"https:\/\/buscoequipomedico.com\/?product=aparato-de-anestesia-royal-delta-77#primaryimage"},"image":{"@id":"https:\/\/buscoequipomedico.com\/?product=aparato-de-anestesia-royal-delta-77#primaryimage"},"thumbnailUrl":"https:\/\/buscoequipomedico.com\/wp-content\/uploads\/2020\/02\/aparato-de-anestesia-royal-delta-77-maquina-para-2-gases-02-n2o-con-2-vaporizadores-isofluorane-sevoflourane-royal-delta-77-con.jpg","datePublished":"2020-02-18T07:35:59+00:00","dateModified":"2020-02-18T07:36:00+00:00","breadcrumb":{"@id":"https:\/\/buscoequipomedico.com\/?product=aparato-de-anestesia-royal-delta-77#breadcrumb"},"inLanguage":"es","potentialAction":[{"@type":"ReadAction","target":["https:\/\/buscoequipomedico.com\/?product=aparato-de-anestesia-royal-delta-77"]}]},{"@type":"ImageObject","inLanguage":"es","@id":"https:\/\/buscoequipomedico.com\/?product=aparato-de-anestesia-royal-delta-77#primaryimage","url":"https:\/\/buscoequipomedico.com\/wp-content\/uploads\/2020\/02\/aparato-de-anestesia-royal-delta-77-maquina-para-2-gases-02-n2o-con-2-vaporizadores-isofluorane-sevoflourane-royal-delta-77-con.jpg","contentUrl":"https:\/\/buscoequipomedico.com\/wp-content\/uploads\/2020\/02\/aparato-de-anestesia-royal-delta-77-maquina-para-2-gases-02-n2o-con-2-vaporizadores-isofluorane-sevoflourane-royal-delta-77-con.jpg","width":800,"height":800},{"@type":"BreadcrumbList","@id":"https:\/\/buscoequipomedico.com\/?product=aparato-de-anestesia-royal-delta-77#breadcrumb","itemListElement":[{"@type":"ListItem","position":1,"name":"Productos","item":"https:\/\/buscoequipomedico.com\/shop\/"},{"@type":"ListItem","position":2,"name":"APARATO DE ANESTESIA ROYAL DELTA 77"}]},{"@type":"WebSite","@id":"https:\/\/buscoequipomedico.com\/#website","url":"https:\/\/buscoequipomedico.com\/","name":"Tu mejor opci\u00f3n Equipo M\u00e9dico M\u00e9xico","description":"Tienda de equipo m\u00e9dico","publisher":{"@id":"https:\/\/buscoequipomedico.com\/#organization"},"potentialAction":[{"@type":"SearchAction","target":{"@type":"EntryPoint","urlTemplate":"https:\/\/buscoequipomedico.com\/?s={search_term_string}"},"query-input":{"@type":"PropertyValueSpecification","valueRequired":true,"valueName":"search_term_string"}}],"inLanguage":"es"},{"@type":"Organization","@id":"https:\/\/buscoequipomedico.com\/#organization","name":"Tu mejor opci\u00f3n Equipo M\u00e9dico M\u00e9xico","url":"https:\/\/buscoequipomedico.com\/","logo":{"@type":"ImageObject","inLanguage":"es","@id":"https:\/\/buscoequipomedico.com\/#\/schema\/logo\/image\/","url":"https:\/\/buscoequipomedico.com\/wp-content\/uploads\/2021\/07\/EMM-VPrincipal-scaled.jpg","contentUrl":"https:\/\/buscoequipomedico.com\/wp-content\/uploads\/2021\/07\/EMM-VPrincipal-scaled.jpg","width":2560,"height":1058,"caption":"Tu mejor opci\u00f3n Equipo M\u00e9dico M\u00e9xico"},"image":{"@id":"https:\/\/buscoequipomedico.com\/#\/schema\/logo\/image\/"}}]}},"_links":{"self":[{"href":"https:\/\/buscoequipomedico.com\/index.php?rest_route=\/wp\/v2\/product\/12711","targetHints":{"allow":["GET"]}}],"collection":[{"href":"https:\/\/buscoequipomedico.com\/index.php?rest_route=\/wp\/v2\/product"}],"about":[{"href":"https:\/\/buscoequipomedico.com\/index.php?rest_route=\/wp\/v2\/types\/product"}],"wp:featuredmedia":[{"embeddable":true,"href":"https:\/\/buscoequipomedico.com\/index.php?rest_route=\/wp\/v2\/media\/12712"}],"wp:attachment":[{"href":"https:\/\/buscoequipomedico.com\/index.php?rest_route=%2Fwp%2Fv2%2Fmedia&parent=12711"}],"wp:term":[{"taxonomy":"product_brand","embeddable":true,"href":"https:\/\/buscoequipomedico.com\/index.php?rest_route=%2Fwp%2Fv2%2Fproduct_brand&post=12711"},{"taxonomy":"product_cat","embeddable":true,"href":"https:\/\/buscoequipomedico.com\/index.php?rest_route=%2Fwp%2Fv2%2Fproduct_cat&post=12711"},{"taxonomy":"product_tag","embeddable":true,"href":"https:\/\/buscoequipomedico.com\/index.php?rest_route=%2Fwp%2Fv2%2Fproduct_tag&post=12711"}],"curies":[{"name":"wp","href":"https:\/\/api.w.org\/{rel}","templated":true}]}}