{"id":12713,"date":"2020-02-18T07:35:59","date_gmt":"2020-02-18T07:35:59","guid":{"rendered":"https:\/\/equipomedicomexico-com.preview-domain.com\/product\/maquina-de-liposuccion-98-lts-x-min\/"},"modified":"2020-02-18T07:36:01","modified_gmt":"2020-02-18T07:36:01","slug":"maquina-de-liposuccion-98-lts-x-min","status":"publish","type":"product","link":"https:\/\/buscoequipomedico.com\/?product=maquina-de-liposuccion-98-lts-x-min","title":{"rendered":"MAQUINA DE LIPOSUCCION 98 LTS X MIN"},"content":{"rendered":"<p>MAQUINA DE LIPOSUCCION 98 LTS X MIN<\/p>\n<p>Es recomendable para operaciones quir\u00fargicas donde grandes cantidades de liquido deben ser succionados r\u00e1pidamente.<\/p>\n<p>Silencioso<\/p>\n<\/p>\n<p>Datos t\u00e9cnicos:<\/p>\n<\/p>\n<p>Unidad de poder: AC 220V-50 HZ<\/p>\n<p>Rango de aspiraci\u00f3n ajustables: 150mmHg- Max. Asp.<\/p>\n<p>Capacidad de aspiraci\u00f3n: 80 lts x min<\/p>\n<p>Max. aspiraci\u00f3n: 680 mmHg<\/p>\n<p>Capacidad frasco Grande: 4000 Mls \/2 por unidad)<\/p>\n<p>Capacidad frasco Chico: 2000 Ml (2 por unidad)<\/p>\n<p>Succi\u00f3n y flujo alto con cilindros de doble pist\u00f3n usada especialmente para operaciones quir\u00fargicas succiona grandes cantidades de fluido clase i y equipo tipo b<\/p>\n<p>Es recomendable para operaciones quir\u00fargicas donde grandes cantidades de liquido deben ser succionados r\u00e1pidamente<\/p>\n<p>Sistema de aspiraci\u00f3n continua e intermitente\u00a0<\/p>\n<p>Incluye un vaso de enjuaje para la canula<\/p>\n<\/p>\n<p>Cilindros de doble pist\u00f3n<\/p>\n<p>El nivel de aspiraci\u00f3n requerido es controlado por el regulador de aspiraci\u00f3n y mistrado en el medidor<\/p>\n<p>Resistente a oxidaciones<\/p>\n<p>Cuenta con ruedas para mejor desplazamiento<\/p><\/p>\n","protected":false},"excerpt":{"rendered":"<p>Sistema de aspiraci\u00f3n continua e intermitente\u00a0<\/p>\n<p>Incluye un vaso de enjuaje para la canula<\/p>\n<p>Cilindros de doble piston<\/p>\n<p>El nivel de aspiraci\u00f3n requerido es controlado por el regulador de aspiraci\u00f3n y mistrado en el medidor<\/p>\n<p>Resistente a oxidaciones<\/p>\n<p>Cuenta con ruedas para mejor desplazamiento<\/p>\n","protected":false},"featured_media":12714,"template":"","meta":{"_joinchat":[]},"product_brand":[],"product_cat":[297],"product_tag":[],"class_list":{"0":"post-12713","1":"product","2":"type-product","3":"status-publish","4":"has-post-thumbnail","6":"product_cat-maquinas-de-liposuccion","7":"pa_marca-hgm","9":"first","10":"instock","11":"purchasable","12":"product-type-simple"},"yoast_head":"<!-- This site is optimized with the Yoast SEO plugin v25.1 - https:\/\/yoast.com\/wordpress\/plugins\/seo\/ -->\n<title>MAQUINA DE LIPOSUCCION 98 LTS X MIN - Tu mejor opci\u00f3n Equipo M\u00e9dico M\u00e9xico<\/title>\n<meta name=\"robots\" content=\"index, follow, max-snippet:-1, max-image-preview:large, max-video-preview:-1\" \/>\n<link rel=\"canonical\" href=\"https:\/\/buscoequipomedico.com\/?product=maquina-de-liposuccion-98-lts-x-min\" \/>\n<meta property=\"og:locale\" content=\"es_ES\" \/>\n<meta property=\"og:type\" content=\"article\" \/>\n<meta property=\"og:title\" content=\"MAQUINA DE LIPOSUCCION 98 LTS X MIN - Tu mejor opci\u00f3n Equipo M\u00e9dico M\u00e9xico\" \/>\n<meta property=\"og:description\" content=\"Sistema de aspiraci\u00f3n continua e intermitente\u00a0 Incluye un vaso de enjuaje para la canula Cilindros de doble piston El nivel de aspiraci\u00f3n requerido es controlado por el regulador de aspiraci\u00f3n y mistrado en el medidor Resistente a oxidaciones Cuenta con ruedas para mejor desplazamiento\" \/>\n<meta property=\"og:url\" content=\"https:\/\/buscoequipomedico.com\/?product=maquina-de-liposuccion-98-lts-x-min\" \/>\n<meta property=\"og:site_name\" content=\"Tu mejor opci\u00f3n Equipo M\u00e9dico M\u00e9xico\" \/>\n<meta property=\"article:modified_time\" content=\"2020-02-18T07:36:01+00:00\" \/>\n<meta property=\"og:image\" content=\"https:\/\/buscoequipomedico.com\/wp-content\/uploads\/2020\/02\/maquina-de-liposuccion-98-lts-x-min-sistema-de-aspiracion-continua-e-intermitente-incluye-un-vaso-de-enjuaje-para-la-canula-cili.jpg\" \/>\n\t<meta property=\"og:image:width\" content=\"800\" \/>\n\t<meta property=\"og:image:height\" content=\"800\" \/>\n\t<meta property=\"og:image:type\" content=\"image\/png\" \/>\n<meta name=\"twitter:card\" content=\"summary_large_image\" \/>\n<meta name=\"twitter:label1\" content=\"Tiempo de lectura\" \/>\n\t<meta name=\"twitter:data1\" content=\"1 minuto\" \/>\n<script type=\"application\/ld+json\" class=\"yoast-schema-graph\">{\"@context\":\"https:\/\/schema.org\",\"@graph\":[{\"@type\":\"WebPage\",\"@id\":\"https:\/\/buscoequipomedico.com\/?product=maquina-de-liposuccion-98-lts-x-min\",\"url\":\"https:\/\/buscoequipomedico.com\/?product=maquina-de-liposuccion-98-lts-x-min\",\"name\":\"MAQUINA DE LIPOSUCCION 98 LTS X MIN - Tu mejor opci\u00f3n Equipo M\u00e9dico M\u00e9xico\",\"isPartOf\":{\"@id\":\"https:\/\/buscoequipomedico.com\/#website\"},\"primaryImageOfPage\":{\"@id\":\"https:\/\/buscoequipomedico.com\/?product=maquina-de-liposuccion-98-lts-x-min#primaryimage\"},\"image\":{\"@id\":\"https:\/\/buscoequipomedico.com\/?product=maquina-de-liposuccion-98-lts-x-min#primaryimage\"},\"thumbnailUrl\":\"https:\/\/buscoequipomedico.com\/wp-content\/uploads\/2020\/02\/maquina-de-liposuccion-98-lts-x-min-sistema-de-aspiracion-continua-e-intermitente-incluye-un-vaso-de-enjuaje-para-la-canula-cili.jpg\",\"datePublished\":\"2020-02-18T07:35:59+00:00\",\"dateModified\":\"2020-02-18T07:36:01+00:00\",\"breadcrumb\":{\"@id\":\"https:\/\/buscoequipomedico.com\/?product=maquina-de-liposuccion-98-lts-x-min#breadcrumb\"},\"inLanguage\":\"es\",\"potentialAction\":[{\"@type\":\"ReadAction\",\"target\":[\"https:\/\/buscoequipomedico.com\/?product=maquina-de-liposuccion-98-lts-x-min\"]}]},{\"@type\":\"ImageObject\",\"inLanguage\":\"es\",\"@id\":\"https:\/\/buscoequipomedico.com\/?product=maquina-de-liposuccion-98-lts-x-min#primaryimage\",\"url\":\"https:\/\/buscoequipomedico.com\/wp-content\/uploads\/2020\/02\/maquina-de-liposuccion-98-lts-x-min-sistema-de-aspiracion-continua-e-intermitente-incluye-un-vaso-de-enjuaje-para-la-canula-cili.jpg\",\"contentUrl\":\"https:\/\/buscoequipomedico.com\/wp-content\/uploads\/2020\/02\/maquina-de-liposuccion-98-lts-x-min-sistema-de-aspiracion-continua-e-intermitente-incluye-un-vaso-de-enjuaje-para-la-canula-cili.jpg\",\"width\":800,\"height\":800},{\"@type\":\"BreadcrumbList\",\"@id\":\"https:\/\/buscoequipomedico.com\/?product=maquina-de-liposuccion-98-lts-x-min#breadcrumb\",\"itemListElement\":[{\"@type\":\"ListItem\",\"position\":1,\"name\":\"Productos\",\"item\":\"https:\/\/buscoequipomedico.com\/shop\/\"},{\"@type\":\"ListItem\",\"position\":2,\"name\":\"MAQUINA DE LIPOSUCCION 98 LTS X MIN\"}]},{\"@type\":\"WebSite\",\"@id\":\"https:\/\/buscoequipomedico.com\/#website\",\"url\":\"https:\/\/buscoequipomedico.com\/\",\"name\":\"Tu mejor opci\u00f3n Equipo M\u00e9dico M\u00e9xico\",\"description\":\"Tienda de equipo m\u00e9dico\",\"publisher\":{\"@id\":\"https:\/\/buscoequipomedico.com\/#organization\"},\"potentialAction\":[{\"@type\":\"SearchAction\",\"target\":{\"@type\":\"EntryPoint\",\"urlTemplate\":\"https:\/\/buscoequipomedico.com\/?s={search_term_string}\"},\"query-input\":{\"@type\":\"PropertyValueSpecification\",\"valueRequired\":true,\"valueName\":\"search_term_string\"}}],\"inLanguage\":\"es\"},{\"@type\":\"Organization\",\"@id\":\"https:\/\/buscoequipomedico.com\/#organization\",\"name\":\"Tu mejor opci\u00f3n Equipo M\u00e9dico M\u00e9xico\",\"url\":\"https:\/\/buscoequipomedico.com\/\",\"logo\":{\"@type\":\"ImageObject\",\"inLanguage\":\"es\",\"@id\":\"https:\/\/buscoequipomedico.com\/#\/schema\/logo\/image\/\",\"url\":\"https:\/\/buscoequipomedico.com\/wp-content\/uploads\/2021\/07\/EMM-VPrincipal-scaled.jpg\",\"contentUrl\":\"https:\/\/buscoequipomedico.com\/wp-content\/uploads\/2021\/07\/EMM-VPrincipal-scaled.jpg\",\"width\":2560,\"height\":1058,\"caption\":\"Tu mejor opci\u00f3n Equipo M\u00e9dico M\u00e9xico\"},\"image\":{\"@id\":\"https:\/\/buscoequipomedico.com\/#\/schema\/logo\/image\/\"}}]}<\/script>\n<!-- \/ Yoast SEO plugin. -->","yoast_head_json":{"title":"MAQUINA DE LIPOSUCCION 98 LTS X MIN - Tu mejor opci\u00f3n Equipo M\u00e9dico M\u00e9xico","robots":{"index":"index","follow":"follow","max-snippet":"max-snippet:-1","max-image-preview":"max-image-preview:large","max-video-preview":"max-video-preview:-1"},"canonical":"https:\/\/buscoequipomedico.com\/?product=maquina-de-liposuccion-98-lts-x-min","og_locale":"es_ES","og_type":"article","og_title":"MAQUINA DE LIPOSUCCION 98 LTS X MIN - Tu mejor opci\u00f3n Equipo M\u00e9dico M\u00e9xico","og_description":"Sistema de aspiraci\u00f3n continua e intermitente\u00a0 Incluye un vaso de enjuaje para la canula Cilindros de doble piston El nivel de aspiraci\u00f3n requerido es controlado por el regulador de aspiraci\u00f3n y mistrado en el medidor Resistente a oxidaciones Cuenta con ruedas para mejor desplazamiento","og_url":"https:\/\/buscoequipomedico.com\/?product=maquina-de-liposuccion-98-lts-x-min","og_site_name":"Tu mejor opci\u00f3n Equipo M\u00e9dico M\u00e9xico","article_modified_time":"2020-02-18T07:36:01+00:00","og_image":[{"width":800,"height":800,"url":"https:\/\/buscoequipomedico.com\/wp-content\/uploads\/2020\/02\/maquina-de-liposuccion-98-lts-x-min-sistema-de-aspiracion-continua-e-intermitente-incluye-un-vaso-de-enjuaje-para-la-canula-cili.jpg","type":"image\/png"}],"twitter_card":"summary_large_image","twitter_misc":{"Tiempo de lectura":"1 minuto"},"schema":{"@context":"https:\/\/schema.org","@graph":[{"@type":"WebPage","@id":"https:\/\/buscoequipomedico.com\/?product=maquina-de-liposuccion-98-lts-x-min","url":"https:\/\/buscoequipomedico.com\/?product=maquina-de-liposuccion-98-lts-x-min","name":"MAQUINA DE LIPOSUCCION 98 LTS X MIN - Tu mejor opci\u00f3n Equipo M\u00e9dico M\u00e9xico","isPartOf":{"@id":"https:\/\/buscoequipomedico.com\/#website"},"primaryImageOfPage":{"@id":"https:\/\/buscoequipomedico.com\/?product=maquina-de-liposuccion-98-lts-x-min#primaryimage"},"image":{"@id":"https:\/\/buscoequipomedico.com\/?product=maquina-de-liposuccion-98-lts-x-min#primaryimage"},"thumbnailUrl":"https:\/\/buscoequipomedico.com\/wp-content\/uploads\/2020\/02\/maquina-de-liposuccion-98-lts-x-min-sistema-de-aspiracion-continua-e-intermitente-incluye-un-vaso-de-enjuaje-para-la-canula-cili.jpg","datePublished":"2020-02-18T07:35:59+00:00","dateModified":"2020-02-18T07:36:01+00:00","breadcrumb":{"@id":"https:\/\/buscoequipomedico.com\/?product=maquina-de-liposuccion-98-lts-x-min#breadcrumb"},"inLanguage":"es","potentialAction":[{"@type":"ReadAction","target":["https:\/\/buscoequipomedico.com\/?product=maquina-de-liposuccion-98-lts-x-min"]}]},{"@type":"ImageObject","inLanguage":"es","@id":"https:\/\/buscoequipomedico.com\/?product=maquina-de-liposuccion-98-lts-x-min#primaryimage","url":"https:\/\/buscoequipomedico.com\/wp-content\/uploads\/2020\/02\/maquina-de-liposuccion-98-lts-x-min-sistema-de-aspiracion-continua-e-intermitente-incluye-un-vaso-de-enjuaje-para-la-canula-cili.jpg","contentUrl":"https:\/\/buscoequipomedico.com\/wp-content\/uploads\/2020\/02\/maquina-de-liposuccion-98-lts-x-min-sistema-de-aspiracion-continua-e-intermitente-incluye-un-vaso-de-enjuaje-para-la-canula-cili.jpg","width":800,"height":800},{"@type":"BreadcrumbList","@id":"https:\/\/buscoequipomedico.com\/?product=maquina-de-liposuccion-98-lts-x-min#breadcrumb","itemListElement":[{"@type":"ListItem","position":1,"name":"Productos","item":"https:\/\/buscoequipomedico.com\/shop\/"},{"@type":"ListItem","position":2,"name":"MAQUINA DE LIPOSUCCION 98 LTS X MIN"}]},{"@type":"WebSite","@id":"https:\/\/buscoequipomedico.com\/#website","url":"https:\/\/buscoequipomedico.com\/","name":"Tu mejor opci\u00f3n Equipo M\u00e9dico M\u00e9xico","description":"Tienda de equipo m\u00e9dico","publisher":{"@id":"https:\/\/buscoequipomedico.com\/#organization"},"potentialAction":[{"@type":"SearchAction","target":{"@type":"EntryPoint","urlTemplate":"https:\/\/buscoequipomedico.com\/?s={search_term_string}"},"query-input":{"@type":"PropertyValueSpecification","valueRequired":true,"valueName":"search_term_string"}}],"inLanguage":"es"},{"@type":"Organization","@id":"https:\/\/buscoequipomedico.com\/#organization","name":"Tu mejor opci\u00f3n Equipo M\u00e9dico M\u00e9xico","url":"https:\/\/buscoequipomedico.com\/","logo":{"@type":"ImageObject","inLanguage":"es","@id":"https:\/\/buscoequipomedico.com\/#\/schema\/logo\/image\/","url":"https:\/\/buscoequipomedico.com\/wp-content\/uploads\/2021\/07\/EMM-VPrincipal-scaled.jpg","contentUrl":"https:\/\/buscoequipomedico.com\/wp-content\/uploads\/2021\/07\/EMM-VPrincipal-scaled.jpg","width":2560,"height":1058,"caption":"Tu mejor opci\u00f3n Equipo M\u00e9dico M\u00e9xico"},"image":{"@id":"https:\/\/buscoequipomedico.com\/#\/schema\/logo\/image\/"}}]}},"_links":{"self":[{"href":"https:\/\/buscoequipomedico.com\/index.php?rest_route=\/wp\/v2\/product\/12713","targetHints":{"allow":["GET"]}}],"collection":[{"href":"https:\/\/buscoequipomedico.com\/index.php?rest_route=\/wp\/v2\/product"}],"about":[{"href":"https:\/\/buscoequipomedico.com\/index.php?rest_route=\/wp\/v2\/types\/product"}],"wp:featuredmedia":[{"embeddable":true,"href":"https:\/\/buscoequipomedico.com\/index.php?rest_route=\/wp\/v2\/media\/12714"}],"wp:attachment":[{"href":"https:\/\/buscoequipomedico.com\/index.php?rest_route=%2Fwp%2Fv2%2Fmedia&parent=12713"}],"wp:term":[{"taxonomy":"product_brand","embeddable":true,"href":"https:\/\/buscoequipomedico.com\/index.php?rest_route=%2Fwp%2Fv2%2Fproduct_brand&post=12713"},{"taxonomy":"product_cat","embeddable":true,"href":"https:\/\/buscoequipomedico.com\/index.php?rest_route=%2Fwp%2Fv2%2Fproduct_cat&post=12713"},{"taxonomy":"product_tag","embeddable":true,"href":"https:\/\/buscoequipomedico.com\/index.php?rest_route=%2Fwp%2Fv2%2Fproduct_tag&post=12713"}],"curies":[{"name":"wp","href":"https:\/\/api.w.org\/{rel}","templated":true}]}}