{"id":12733,"date":"2020-02-18T07:35:59","date_gmt":"2020-02-18T07:35:59","guid":{"rendered":"https:\/\/equipomedicomexico-com.preview-domain.com\/product\/mascara-oronasal-vent-no-inv\/"},"modified":"2020-02-18T07:36:04","modified_gmt":"2020-02-18T07:36:04","slug":"mascara-oronasal-vent-no-inv","status":"publish","type":"product","link":"https:\/\/buscoequipomedico.com\/?product=mascara-oronasal-vent-no-inv","title":{"rendered":"MASCARA ORONASAL VENT NO INV"},"content":{"rendered":"<p>CARACTER\u00cdSTICAS<\/p>\n<p>&#8211; Mascara oronasal FlexiFit 431 para VNI, con puertos de oxigeno \/ presi\u00f3n y dis codos marcados con colores (codo ventilado y no ventilado).<\/p>\n<p>&#8211; La mascara se puede ajustar a cualquier talla.<\/p>\n<\/p>\n<p>Mascara oronasal FlexiFit 431 para VNI, con puertos de oxigeno \/ presi\u00f3n y dis codos marcados con colores (codo ventilado y no ventilado).<\/p>\n<p>La mascara se puede ajustar a cualquier talla.<\/p><\/p>\n","protected":false},"excerpt":{"rendered":"<p>La mascara para ventilaci\u00f3n no invasiba reutilizable (VNI) de FISHER &#038; PAYKEL, esta dise\u00f1adas para maximizar la comodidad, y la tolerancia al paciente, con el objetivo de hacer que la terapia sea mas eficaz, la mascara se suministra con dos codos con c\u00f3digos se\u00f1alados con colores, con la flexibilidad para configurarse como codo ventilado (codo transparente) o codo no ventilado (codo azul), cambiando al codo correspondiente para cada caso.<\/p>\n<p>Esta mascara puede ser utilizada con ventiladores, CPAP, o sistemas de dos niveles de presi\u00f3n (bi-level).<\/p><\/p>\n","protected":false},"featured_media":12734,"template":"","meta":{"_joinchat":[]},"product_brand":[],"product_cat":[300],"product_tag":[],"class_list":{"0":"post-12733","1":"product","2":"type-product","3":"status-publish","4":"has-post-thumbnail","6":"product_cat-mascaras","7":"pa_marca-fisher-paykel","9":"first","10":"instock","11":"purchasable","12":"product-type-simple"},"yoast_head":"<!-- This site is optimized with the Yoast SEO plugin v25.1 - https:\/\/yoast.com\/wordpress\/plugins\/seo\/ -->\n<title>MASCARA ORONASAL VENT NO INV - Tu mejor opci\u00f3n Equipo M\u00e9dico M\u00e9xico<\/title>\n<meta name=\"robots\" content=\"index, follow, max-snippet:-1, max-image-preview:large, max-video-preview:-1\" \/>\n<link rel=\"canonical\" href=\"https:\/\/buscoequipomedico.com\/?product=mascara-oronasal-vent-no-inv\" \/>\n<meta property=\"og:locale\" content=\"es_ES\" \/>\n<meta property=\"og:type\" content=\"article\" \/>\n<meta property=\"og:title\" content=\"MASCARA ORONASAL VENT NO INV - Tu mejor opci\u00f3n Equipo M\u00e9dico M\u00e9xico\" \/>\n<meta property=\"og:description\" content=\"La mascara para ventilaci\u00f3n no invasiba reutilizable (VNI) de FISHER &amp; PAYKEL, esta dise\u00f1adas para maximizar la comodidad, y la tolerancia al paciente, con el objetivo de hacer que la terapia sea mas eficaz, la mascara se suministra con dos codos con c\u00f3digos se\u00f1alados con colores, con la flexibilidad para configurarse como codo ventilado (codo transparente) o codo no ventilado (codo azul), cambiando al codo correspondiente para cada caso. Esta mascara puede ser utilizada con ventiladores, CPAP, o sistemas de dos niveles de presi\u00f3n (bi-level).\" \/>\n<meta property=\"og:url\" content=\"https:\/\/buscoequipomedico.com\/?product=mascara-oronasal-vent-no-inv\" \/>\n<meta property=\"og:site_name\" content=\"Tu mejor opci\u00f3n Equipo M\u00e9dico M\u00e9xico\" \/>\n<meta property=\"article:modified_time\" content=\"2020-02-18T07:36:04+00:00\" \/>\n<meta property=\"og:image\" content=\"https:\/\/buscoequipomedico.com\/wp-content\/uploads\/2020\/02\/mascara-oronasal-vent-no-inv-la-mascara-para-ventilacion-no-invasiba-reutilizable-vni-de-fisher-paykel-esta-disenadas-para-maxim.jpg\" \/>\n\t<meta property=\"og:image:width\" content=\"800\" \/>\n\t<meta property=\"og:image:height\" content=\"800\" \/>\n\t<meta property=\"og:image:type\" content=\"image\/png\" \/>\n<meta name=\"twitter:card\" content=\"summary_large_image\" \/>\n<script type=\"application\/ld+json\" class=\"yoast-schema-graph\">{\"@context\":\"https:\/\/schema.org\",\"@graph\":[{\"@type\":\"WebPage\",\"@id\":\"https:\/\/buscoequipomedico.com\/?product=mascara-oronasal-vent-no-inv\",\"url\":\"https:\/\/buscoequipomedico.com\/?product=mascara-oronasal-vent-no-inv\",\"name\":\"MASCARA ORONASAL VENT NO INV - Tu mejor opci\u00f3n Equipo M\u00e9dico M\u00e9xico\",\"isPartOf\":{\"@id\":\"https:\/\/buscoequipomedico.com\/#website\"},\"primaryImageOfPage\":{\"@id\":\"https:\/\/buscoequipomedico.com\/?product=mascara-oronasal-vent-no-inv#primaryimage\"},\"image\":{\"@id\":\"https:\/\/buscoequipomedico.com\/?product=mascara-oronasal-vent-no-inv#primaryimage\"},\"thumbnailUrl\":\"https:\/\/buscoequipomedico.com\/wp-content\/uploads\/2020\/02\/mascara-oronasal-vent-no-inv-la-mascara-para-ventilacion-no-invasiba-reutilizable-vni-de-fisher-paykel-esta-disenadas-para-maxim.jpg\",\"datePublished\":\"2020-02-18T07:35:59+00:00\",\"dateModified\":\"2020-02-18T07:36:04+00:00\",\"breadcrumb\":{\"@id\":\"https:\/\/buscoequipomedico.com\/?product=mascara-oronasal-vent-no-inv#breadcrumb\"},\"inLanguage\":\"es\",\"potentialAction\":[{\"@type\":\"ReadAction\",\"target\":[\"https:\/\/buscoequipomedico.com\/?product=mascara-oronasal-vent-no-inv\"]}]},{\"@type\":\"ImageObject\",\"inLanguage\":\"es\",\"@id\":\"https:\/\/buscoequipomedico.com\/?product=mascara-oronasal-vent-no-inv#primaryimage\",\"url\":\"https:\/\/buscoequipomedico.com\/wp-content\/uploads\/2020\/02\/mascara-oronasal-vent-no-inv-la-mascara-para-ventilacion-no-invasiba-reutilizable-vni-de-fisher-paykel-esta-disenadas-para-maxim.jpg\",\"contentUrl\":\"https:\/\/buscoequipomedico.com\/wp-content\/uploads\/2020\/02\/mascara-oronasal-vent-no-inv-la-mascara-para-ventilacion-no-invasiba-reutilizable-vni-de-fisher-paykel-esta-disenadas-para-maxim.jpg\",\"width\":800,\"height\":800},{\"@type\":\"BreadcrumbList\",\"@id\":\"https:\/\/buscoequipomedico.com\/?product=mascara-oronasal-vent-no-inv#breadcrumb\",\"itemListElement\":[{\"@type\":\"ListItem\",\"position\":1,\"name\":\"Productos\",\"item\":\"https:\/\/buscoequipomedico.com\/shop\/\"},{\"@type\":\"ListItem\",\"position\":2,\"name\":\"MASCARA ORONASAL VENT NO INV\"}]},{\"@type\":\"WebSite\",\"@id\":\"https:\/\/buscoequipomedico.com\/#website\",\"url\":\"https:\/\/buscoequipomedico.com\/\",\"name\":\"Tu mejor opci\u00f3n Equipo M\u00e9dico M\u00e9xico\",\"description\":\"Tienda de equipo m\u00e9dico\",\"publisher\":{\"@id\":\"https:\/\/buscoequipomedico.com\/#organization\"},\"potentialAction\":[{\"@type\":\"SearchAction\",\"target\":{\"@type\":\"EntryPoint\",\"urlTemplate\":\"https:\/\/buscoequipomedico.com\/?s={search_term_string}\"},\"query-input\":{\"@type\":\"PropertyValueSpecification\",\"valueRequired\":true,\"valueName\":\"search_term_string\"}}],\"inLanguage\":\"es\"},{\"@type\":\"Organization\",\"@id\":\"https:\/\/buscoequipomedico.com\/#organization\",\"name\":\"Tu mejor opci\u00f3n Equipo M\u00e9dico M\u00e9xico\",\"url\":\"https:\/\/buscoequipomedico.com\/\",\"logo\":{\"@type\":\"ImageObject\",\"inLanguage\":\"es\",\"@id\":\"https:\/\/buscoequipomedico.com\/#\/schema\/logo\/image\/\",\"url\":\"https:\/\/buscoequipomedico.com\/wp-content\/uploads\/2021\/07\/EMM-VPrincipal-scaled.jpg\",\"contentUrl\":\"https:\/\/buscoequipomedico.com\/wp-content\/uploads\/2021\/07\/EMM-VPrincipal-scaled.jpg\",\"width\":2560,\"height\":1058,\"caption\":\"Tu mejor opci\u00f3n Equipo M\u00e9dico M\u00e9xico\"},\"image\":{\"@id\":\"https:\/\/buscoequipomedico.com\/#\/schema\/logo\/image\/\"}}]}<\/script>\n<!-- \/ Yoast SEO plugin. -->","yoast_head_json":{"title":"MASCARA ORONASAL VENT NO INV - Tu mejor opci\u00f3n Equipo M\u00e9dico M\u00e9xico","robots":{"index":"index","follow":"follow","max-snippet":"max-snippet:-1","max-image-preview":"max-image-preview:large","max-video-preview":"max-video-preview:-1"},"canonical":"https:\/\/buscoequipomedico.com\/?product=mascara-oronasal-vent-no-inv","og_locale":"es_ES","og_type":"article","og_title":"MASCARA ORONASAL VENT NO INV - Tu mejor opci\u00f3n Equipo M\u00e9dico M\u00e9xico","og_description":"La mascara para ventilaci\u00f3n no invasiba reutilizable (VNI) de FISHER & PAYKEL, esta dise\u00f1adas para maximizar la comodidad, y la tolerancia al paciente, con el objetivo de hacer que la terapia sea mas eficaz, la mascara se suministra con dos codos con c\u00f3digos se\u00f1alados con colores, con la flexibilidad para configurarse como codo ventilado (codo transparente) o codo no ventilado (codo azul), cambiando al codo correspondiente para cada caso. Esta mascara puede ser utilizada con ventiladores, CPAP, o sistemas de dos niveles de presi\u00f3n (bi-level).","og_url":"https:\/\/buscoequipomedico.com\/?product=mascara-oronasal-vent-no-inv","og_site_name":"Tu mejor opci\u00f3n Equipo M\u00e9dico M\u00e9xico","article_modified_time":"2020-02-18T07:36:04+00:00","og_image":[{"width":800,"height":800,"url":"https:\/\/buscoequipomedico.com\/wp-content\/uploads\/2020\/02\/mascara-oronasal-vent-no-inv-la-mascara-para-ventilacion-no-invasiba-reutilizable-vni-de-fisher-paykel-esta-disenadas-para-maxim.jpg","type":"image\/png"}],"twitter_card":"summary_large_image","schema":{"@context":"https:\/\/schema.org","@graph":[{"@type":"WebPage","@id":"https:\/\/buscoequipomedico.com\/?product=mascara-oronasal-vent-no-inv","url":"https:\/\/buscoequipomedico.com\/?product=mascara-oronasal-vent-no-inv","name":"MASCARA ORONASAL VENT NO INV - Tu mejor opci\u00f3n Equipo M\u00e9dico M\u00e9xico","isPartOf":{"@id":"https:\/\/buscoequipomedico.com\/#website"},"primaryImageOfPage":{"@id":"https:\/\/buscoequipomedico.com\/?product=mascara-oronasal-vent-no-inv#primaryimage"},"image":{"@id":"https:\/\/buscoequipomedico.com\/?product=mascara-oronasal-vent-no-inv#primaryimage"},"thumbnailUrl":"https:\/\/buscoequipomedico.com\/wp-content\/uploads\/2020\/02\/mascara-oronasal-vent-no-inv-la-mascara-para-ventilacion-no-invasiba-reutilizable-vni-de-fisher-paykel-esta-disenadas-para-maxim.jpg","datePublished":"2020-02-18T07:35:59+00:00","dateModified":"2020-02-18T07:36:04+00:00","breadcrumb":{"@id":"https:\/\/buscoequipomedico.com\/?product=mascara-oronasal-vent-no-inv#breadcrumb"},"inLanguage":"es","potentialAction":[{"@type":"ReadAction","target":["https:\/\/buscoequipomedico.com\/?product=mascara-oronasal-vent-no-inv"]}]},{"@type":"ImageObject","inLanguage":"es","@id":"https:\/\/buscoequipomedico.com\/?product=mascara-oronasal-vent-no-inv#primaryimage","url":"https:\/\/buscoequipomedico.com\/wp-content\/uploads\/2020\/02\/mascara-oronasal-vent-no-inv-la-mascara-para-ventilacion-no-invasiba-reutilizable-vni-de-fisher-paykel-esta-disenadas-para-maxim.jpg","contentUrl":"https:\/\/buscoequipomedico.com\/wp-content\/uploads\/2020\/02\/mascara-oronasal-vent-no-inv-la-mascara-para-ventilacion-no-invasiba-reutilizable-vni-de-fisher-paykel-esta-disenadas-para-maxim.jpg","width":800,"height":800},{"@type":"BreadcrumbList","@id":"https:\/\/buscoequipomedico.com\/?product=mascara-oronasal-vent-no-inv#breadcrumb","itemListElement":[{"@type":"ListItem","position":1,"name":"Productos","item":"https:\/\/buscoequipomedico.com\/shop\/"},{"@type":"ListItem","position":2,"name":"MASCARA ORONASAL VENT NO INV"}]},{"@type":"WebSite","@id":"https:\/\/buscoequipomedico.com\/#website","url":"https:\/\/buscoequipomedico.com\/","name":"Tu mejor opci\u00f3n Equipo M\u00e9dico M\u00e9xico","description":"Tienda de equipo m\u00e9dico","publisher":{"@id":"https:\/\/buscoequipomedico.com\/#organization"},"potentialAction":[{"@type":"SearchAction","target":{"@type":"EntryPoint","urlTemplate":"https:\/\/buscoequipomedico.com\/?s={search_term_string}"},"query-input":{"@type":"PropertyValueSpecification","valueRequired":true,"valueName":"search_term_string"}}],"inLanguage":"es"},{"@type":"Organization","@id":"https:\/\/buscoequipomedico.com\/#organization","name":"Tu mejor opci\u00f3n Equipo M\u00e9dico M\u00e9xico","url":"https:\/\/buscoequipomedico.com\/","logo":{"@type":"ImageObject","inLanguage":"es","@id":"https:\/\/buscoequipomedico.com\/#\/schema\/logo\/image\/","url":"https:\/\/buscoequipomedico.com\/wp-content\/uploads\/2021\/07\/EMM-VPrincipal-scaled.jpg","contentUrl":"https:\/\/buscoequipomedico.com\/wp-content\/uploads\/2021\/07\/EMM-VPrincipal-scaled.jpg","width":2560,"height":1058,"caption":"Tu mejor opci\u00f3n Equipo M\u00e9dico M\u00e9xico"},"image":{"@id":"https:\/\/buscoequipomedico.com\/#\/schema\/logo\/image\/"}}]}},"_links":{"self":[{"href":"https:\/\/buscoequipomedico.com\/index.php?rest_route=\/wp\/v2\/product\/12733","targetHints":{"allow":["GET"]}}],"collection":[{"href":"https:\/\/buscoequipomedico.com\/index.php?rest_route=\/wp\/v2\/product"}],"about":[{"href":"https:\/\/buscoequipomedico.com\/index.php?rest_route=\/wp\/v2\/types\/product"}],"wp:featuredmedia":[{"embeddable":true,"href":"https:\/\/buscoequipomedico.com\/index.php?rest_route=\/wp\/v2\/media\/12734"}],"wp:attachment":[{"href":"https:\/\/buscoequipomedico.com\/index.php?rest_route=%2Fwp%2Fv2%2Fmedia&parent=12733"}],"wp:term":[{"taxonomy":"product_brand","embeddable":true,"href":"https:\/\/buscoequipomedico.com\/index.php?rest_route=%2Fwp%2Fv2%2Fproduct_brand&post=12733"},{"taxonomy":"product_cat","embeddable":true,"href":"https:\/\/buscoequipomedico.com\/index.php?rest_route=%2Fwp%2Fv2%2Fproduct_cat&post=12733"},{"taxonomy":"product_tag","embeddable":true,"href":"https:\/\/buscoequipomedico.com\/index.php?rest_route=%2Fwp%2Fv2%2Fproduct_tag&post=12733"}],"curies":[{"name":"wp","href":"https:\/\/api.w.org\/{rel}","templated":true}]}}