{"id":12743,"date":"2020-02-18T07:36:06","date_gmt":"2020-02-18T07:36:06","guid":{"rendered":"https:\/\/equipomedicomexico-com.preview-domain.com\/product\/mesa-de-cirugia-2\/"},"modified":"2020-02-18T07:36:06","modified_gmt":"2020-02-18T07:36:06","slug":"mesa-de-cirugia-2","status":"publish","type":"product","link":"https:\/\/buscoequipomedico.com\/?product=mesa-de-cirugia-2","title":{"rendered":"MESA DE CIRUGIA"},"content":{"rendered":"<p>Especificaciones:<\/p>\n<p>Caracter\u00edsticas<\/p>\n<p>Control electro-hidr\u00e1ulico: Elevaci\u00f3n vertical mediante pist\u00f3n de aceite.<\/p>\n<p>Movimientos electr\u00f3nicos: Elevaci\u00f3n de espalda, reclinar espalda,<\/p>\n<p>elevaci\u00f3n total de mesa, descenso total de mesa, Trendelemburg hacia atr\u00e1s,<\/p>\n<p>trendelemburg al frente, movimiento de inclinaci\u00f3n lateral.<\/p>\n<p>Cubierta: Acero inoxidable calidad 304.<\/p>\n<p>Ruedas: 4 con pedal de freno central.<\/p>\n<p>Arco para pantalla anest\u00e9sica cromado.<\/p>\n<\/p>\n<p>F\u00edsicas<\/p>\n<p>Altura m\u00ednima de la cubierta hacia el piso: 750 mm.<\/p>\n<p>Altura m\u00e1xima de la cubierta desde el piso: 950 mm.<\/p>\n<p>Inclinaci\u00f3n hacia el frente: 22\u00b0<\/p>\n<p>Inclinaci\u00f3n hacia atr\u00e1s: -15\u00b0<\/p>\n<p>Longitud total de la mesa: 1,960 mm<\/p>\n<p>Ancho de la mesa: 480 mm.<\/p>\n<p>Elevaci\u00f3n de cabecera: 45\u00b0<\/p>\n<p>Descenso de cabecera: -90\u00b0<\/p>\n<p>Elevaci\u00f3n de respaldo: 75\u00b0<\/p>\n<p>Ajuste externo de respaldo: 20\u00b0<\/p>\n<p>Piernas: abajo 55\u00b0, ajuste externo: 90\u00b0, movimiento tijera 90\u00b0.<\/p>\n<p>Inclinaci\u00f3n lateral: \u00b1 15\u00b0<\/p>\n<p>Peso m\u00e1ximo de paciente soportado: hasta 170 Kg.<\/p>\n<p>Peso neto: 300 Kg., aproximadamente sin empaques.<\/p>\n<p>N\u00famero de parte: DS-3<\/p>\n<\/p>\n<p>Elevador de ri\u00f1\u00f3n.<\/p>\n<p>Radio transparente.<\/p>\n<p>Acero inoxidable.<\/p>\n<p>Control remoto.<\/p>\n<p>Parte de pierna se separa en 2.<\/p>\n<p>La mesa de operaci\u00f3n electr\u00f3nica es apropiada para diferentes requerimientos hospitalarios.<\/p>\n<p>Es posible realizar radiograf\u00edas con cada parte del cuerpo.\u00a0<\/p>\n<\/p>\n<p>El colch\u00f3n de la mesa est\u00e1 dise\u00f1ado contra la corrosi\u00f3n, es resistente y f\u00e1cil de limpiar.<\/p>\n","protected":false},"excerpt":{"rendered":"<p>Mesa quir\u00fargica electro-hidr\u00e1ulica modelo DS3 de lujo con elevador de ri\u00f1\u00f3n<\/p>\n<\/p>\n<p>Accesorios incluidos:<\/p>\n<p>Soportes para brazos (2), soporte para piernas con taloneras (2),<\/p>\n<p>asas para mano de paciente (2), cojines de cadera (2),<\/p>\n<p>cojines hombreras (2), cojines tapizados (piernas asiento, respaldo),<\/p>\n<\/p>\n<p>arco para pantalla anest\u00e9sica con porta suero, manual de operaci\u00f3n.<\/p>\n<p>Puede bajar a un nivel m\u00e1ximo para realizar operaciones quir\u00fargicas y est\u00e1 equipada con un juego completo de mecanismos especiales en la cabecera.\u00a0<\/p>\n<p>Adopta un controlador de micro \u00abtoque\u00bb que puede controlarse para ajustar varias posiciones previamente establecidas como son la inclinaci\u00f3n del respaldo, la cabecera o el asiento.<\/p>\n","protected":false},"featured_media":12744,"template":"","meta":{"_joinchat":[]},"product_brand":[],"product_cat":[301],"product_tag":[],"class_list":{"0":"post-12743","1":"product","2":"type-product","3":"status-publish","4":"has-post-thumbnail","6":"product_cat-mesa-de-exploracion","7":"pa_marca-smew","9":"first","10":"instock","11":"purchasable","12":"product-type-simple"},"yoast_head":"<!-- This site is optimized with the Yoast SEO plugin v25.1 - https:\/\/yoast.com\/wordpress\/plugins\/seo\/ -->\n<title>MESA DE CIRUGIA - Tu mejor opci\u00f3n Equipo M\u00e9dico M\u00e9xico<\/title>\n<meta name=\"robots\" content=\"index, follow, max-snippet:-1, max-image-preview:large, max-video-preview:-1\" \/>\n<link rel=\"canonical\" href=\"https:\/\/buscoequipomedico.com\/?product=mesa-de-cirugia-2\" \/>\n<meta property=\"og:locale\" content=\"es_ES\" \/>\n<meta property=\"og:type\" content=\"article\" \/>\n<meta property=\"og:title\" content=\"MESA DE CIRUGIA - Tu mejor opci\u00f3n Equipo M\u00e9dico M\u00e9xico\" \/>\n<meta property=\"og:description\" content=\"Mesa quir\u00fargica electro-hidr\u00e1ulica modelo DS3 de lujo con elevador de ri\u00f1\u00f3n Accesorios incluidos: Soportes para brazos (2), soporte para piernas con taloneras (2), asas para mano de paciente (2), cojines de cadera (2), cojines hombreras (2), cojines tapizados (piernas asiento, respaldo), arco para pantalla anest\u00e9sica con porta suero, manual de operaci\u00f3n. Puede bajar a un nivel m\u00e1ximo para realizar operaciones quir\u00fargicas y est\u00e1 equipada con un juego completo de mecanismos especiales en la cabecera.\u00a0 Adopta un controlador de micro &quot;toque&quot; que puede controlarse para ajustar varias posiciones previamente establecidas como son la inclinaci\u00f3n del respaldo, la cabecera o el asiento.\" \/>\n<meta property=\"og:url\" content=\"https:\/\/buscoequipomedico.com\/?product=mesa-de-cirugia-2\" \/>\n<meta property=\"og:site_name\" content=\"Tu mejor opci\u00f3n Equipo M\u00e9dico M\u00e9xico\" \/>\n<meta property=\"og:image\" content=\"https:\/\/buscoequipomedico.com\/wp-content\/uploads\/2020\/02\/mesa-de-cirugia-mesa-quirurgica-electro-hidraulica-modelo-ds3-de-lujo-con-elevador-de-rinon-accesorios-incluidos-soportes-para-b.jpg\" \/>\n\t<meta property=\"og:image:width\" content=\"800\" \/>\n\t<meta property=\"og:image:height\" content=\"800\" \/>\n\t<meta property=\"og:image:type\" content=\"image\/png\" \/>\n<meta name=\"twitter:card\" content=\"summary_large_image\" \/>\n<meta name=\"twitter:label1\" content=\"Tiempo de lectura\" \/>\n\t<meta name=\"twitter:data1\" content=\"1 minuto\" \/>\n<script type=\"application\/ld+json\" class=\"yoast-schema-graph\">{\"@context\":\"https:\/\/schema.org\",\"@graph\":[{\"@type\":\"WebPage\",\"@id\":\"https:\/\/buscoequipomedico.com\/?product=mesa-de-cirugia-2\",\"url\":\"https:\/\/buscoequipomedico.com\/?product=mesa-de-cirugia-2\",\"name\":\"MESA DE CIRUGIA - Tu mejor opci\u00f3n Equipo M\u00e9dico M\u00e9xico\",\"isPartOf\":{\"@id\":\"https:\/\/buscoequipomedico.com\/#website\"},\"primaryImageOfPage\":{\"@id\":\"https:\/\/buscoequipomedico.com\/?product=mesa-de-cirugia-2#primaryimage\"},\"image\":{\"@id\":\"https:\/\/buscoequipomedico.com\/?product=mesa-de-cirugia-2#primaryimage\"},\"thumbnailUrl\":\"https:\/\/buscoequipomedico.com\/wp-content\/uploads\/2020\/02\/mesa-de-cirugia-mesa-quirurgica-electro-hidraulica-modelo-ds3-de-lujo-con-elevador-de-rinon-accesorios-incluidos-soportes-para-b.jpg\",\"datePublished\":\"2020-02-18T07:36:06+00:00\",\"breadcrumb\":{\"@id\":\"https:\/\/buscoequipomedico.com\/?product=mesa-de-cirugia-2#breadcrumb\"},\"inLanguage\":\"es\",\"potentialAction\":[{\"@type\":\"ReadAction\",\"target\":[\"https:\/\/buscoequipomedico.com\/?product=mesa-de-cirugia-2\"]}]},{\"@type\":\"ImageObject\",\"inLanguage\":\"es\",\"@id\":\"https:\/\/buscoequipomedico.com\/?product=mesa-de-cirugia-2#primaryimage\",\"url\":\"https:\/\/buscoequipomedico.com\/wp-content\/uploads\/2020\/02\/mesa-de-cirugia-mesa-quirurgica-electro-hidraulica-modelo-ds3-de-lujo-con-elevador-de-rinon-accesorios-incluidos-soportes-para-b.jpg\",\"contentUrl\":\"https:\/\/buscoequipomedico.com\/wp-content\/uploads\/2020\/02\/mesa-de-cirugia-mesa-quirurgica-electro-hidraulica-modelo-ds3-de-lujo-con-elevador-de-rinon-accesorios-incluidos-soportes-para-b.jpg\",\"width\":800,\"height\":800},{\"@type\":\"BreadcrumbList\",\"@id\":\"https:\/\/buscoequipomedico.com\/?product=mesa-de-cirugia-2#breadcrumb\",\"itemListElement\":[{\"@type\":\"ListItem\",\"position\":1,\"name\":\"Productos\",\"item\":\"https:\/\/buscoequipomedico.com\/shop\/\"},{\"@type\":\"ListItem\",\"position\":2,\"name\":\"MESA DE CIRUGIA\"}]},{\"@type\":\"WebSite\",\"@id\":\"https:\/\/buscoequipomedico.com\/#website\",\"url\":\"https:\/\/buscoequipomedico.com\/\",\"name\":\"Tu mejor opci\u00f3n Equipo M\u00e9dico M\u00e9xico\",\"description\":\"Tienda de equipo m\u00e9dico\",\"publisher\":{\"@id\":\"https:\/\/buscoequipomedico.com\/#organization\"},\"potentialAction\":[{\"@type\":\"SearchAction\",\"target\":{\"@type\":\"EntryPoint\",\"urlTemplate\":\"https:\/\/buscoequipomedico.com\/?s={search_term_string}\"},\"query-input\":{\"@type\":\"PropertyValueSpecification\",\"valueRequired\":true,\"valueName\":\"search_term_string\"}}],\"inLanguage\":\"es\"},{\"@type\":\"Organization\",\"@id\":\"https:\/\/buscoequipomedico.com\/#organization\",\"name\":\"Tu mejor opci\u00f3n Equipo M\u00e9dico M\u00e9xico\",\"url\":\"https:\/\/buscoequipomedico.com\/\",\"logo\":{\"@type\":\"ImageObject\",\"inLanguage\":\"es\",\"@id\":\"https:\/\/buscoequipomedico.com\/#\/schema\/logo\/image\/\",\"url\":\"https:\/\/buscoequipomedico.com\/wp-content\/uploads\/2021\/07\/EMM-VPrincipal-scaled.jpg\",\"contentUrl\":\"https:\/\/buscoequipomedico.com\/wp-content\/uploads\/2021\/07\/EMM-VPrincipal-scaled.jpg\",\"width\":2560,\"height\":1058,\"caption\":\"Tu mejor opci\u00f3n Equipo M\u00e9dico M\u00e9xico\"},\"image\":{\"@id\":\"https:\/\/buscoequipomedico.com\/#\/schema\/logo\/image\/\"}}]}<\/script>\n<!-- \/ Yoast SEO plugin. -->","yoast_head_json":{"title":"MESA DE CIRUGIA - Tu mejor opci\u00f3n Equipo M\u00e9dico M\u00e9xico","robots":{"index":"index","follow":"follow","max-snippet":"max-snippet:-1","max-image-preview":"max-image-preview:large","max-video-preview":"max-video-preview:-1"},"canonical":"https:\/\/buscoequipomedico.com\/?product=mesa-de-cirugia-2","og_locale":"es_ES","og_type":"article","og_title":"MESA DE CIRUGIA - Tu mejor opci\u00f3n Equipo M\u00e9dico M\u00e9xico","og_description":"Mesa quir\u00fargica electro-hidr\u00e1ulica modelo DS3 de lujo con elevador de ri\u00f1\u00f3n Accesorios incluidos: Soportes para brazos (2), soporte para piernas con taloneras (2), asas para mano de paciente (2), cojines de cadera (2), cojines hombreras (2), cojines tapizados (piernas asiento, respaldo), arco para pantalla anest\u00e9sica con porta suero, manual de operaci\u00f3n. Puede bajar a un nivel m\u00e1ximo para realizar operaciones quir\u00fargicas y est\u00e1 equipada con un juego completo de mecanismos especiales en la cabecera.\u00a0 Adopta un controlador de micro \"toque\" que puede controlarse para ajustar varias posiciones previamente establecidas como son la inclinaci\u00f3n del respaldo, la cabecera o el asiento.","og_url":"https:\/\/buscoequipomedico.com\/?product=mesa-de-cirugia-2","og_site_name":"Tu mejor opci\u00f3n Equipo M\u00e9dico M\u00e9xico","og_image":[{"width":800,"height":800,"url":"https:\/\/buscoequipomedico.com\/wp-content\/uploads\/2020\/02\/mesa-de-cirugia-mesa-quirurgica-electro-hidraulica-modelo-ds3-de-lujo-con-elevador-de-rinon-accesorios-incluidos-soportes-para-b.jpg","type":"image\/png"}],"twitter_card":"summary_large_image","twitter_misc":{"Tiempo de lectura":"1 minuto"},"schema":{"@context":"https:\/\/schema.org","@graph":[{"@type":"WebPage","@id":"https:\/\/buscoequipomedico.com\/?product=mesa-de-cirugia-2","url":"https:\/\/buscoequipomedico.com\/?product=mesa-de-cirugia-2","name":"MESA DE CIRUGIA - Tu mejor opci\u00f3n Equipo M\u00e9dico M\u00e9xico","isPartOf":{"@id":"https:\/\/buscoequipomedico.com\/#website"},"primaryImageOfPage":{"@id":"https:\/\/buscoequipomedico.com\/?product=mesa-de-cirugia-2#primaryimage"},"image":{"@id":"https:\/\/buscoequipomedico.com\/?product=mesa-de-cirugia-2#primaryimage"},"thumbnailUrl":"https:\/\/buscoequipomedico.com\/wp-content\/uploads\/2020\/02\/mesa-de-cirugia-mesa-quirurgica-electro-hidraulica-modelo-ds3-de-lujo-con-elevador-de-rinon-accesorios-incluidos-soportes-para-b.jpg","datePublished":"2020-02-18T07:36:06+00:00","breadcrumb":{"@id":"https:\/\/buscoequipomedico.com\/?product=mesa-de-cirugia-2#breadcrumb"},"inLanguage":"es","potentialAction":[{"@type":"ReadAction","target":["https:\/\/buscoequipomedico.com\/?product=mesa-de-cirugia-2"]}]},{"@type":"ImageObject","inLanguage":"es","@id":"https:\/\/buscoequipomedico.com\/?product=mesa-de-cirugia-2#primaryimage","url":"https:\/\/buscoequipomedico.com\/wp-content\/uploads\/2020\/02\/mesa-de-cirugia-mesa-quirurgica-electro-hidraulica-modelo-ds3-de-lujo-con-elevador-de-rinon-accesorios-incluidos-soportes-para-b.jpg","contentUrl":"https:\/\/buscoequipomedico.com\/wp-content\/uploads\/2020\/02\/mesa-de-cirugia-mesa-quirurgica-electro-hidraulica-modelo-ds3-de-lujo-con-elevador-de-rinon-accesorios-incluidos-soportes-para-b.jpg","width":800,"height":800},{"@type":"BreadcrumbList","@id":"https:\/\/buscoequipomedico.com\/?product=mesa-de-cirugia-2#breadcrumb","itemListElement":[{"@type":"ListItem","position":1,"name":"Productos","item":"https:\/\/buscoequipomedico.com\/shop\/"},{"@type":"ListItem","position":2,"name":"MESA DE CIRUGIA"}]},{"@type":"WebSite","@id":"https:\/\/buscoequipomedico.com\/#website","url":"https:\/\/buscoequipomedico.com\/","name":"Tu mejor opci\u00f3n Equipo M\u00e9dico M\u00e9xico","description":"Tienda de equipo m\u00e9dico","publisher":{"@id":"https:\/\/buscoequipomedico.com\/#organization"},"potentialAction":[{"@type":"SearchAction","target":{"@type":"EntryPoint","urlTemplate":"https:\/\/buscoequipomedico.com\/?s={search_term_string}"},"query-input":{"@type":"PropertyValueSpecification","valueRequired":true,"valueName":"search_term_string"}}],"inLanguage":"es"},{"@type":"Organization","@id":"https:\/\/buscoequipomedico.com\/#organization","name":"Tu mejor opci\u00f3n Equipo M\u00e9dico M\u00e9xico","url":"https:\/\/buscoequipomedico.com\/","logo":{"@type":"ImageObject","inLanguage":"es","@id":"https:\/\/buscoequipomedico.com\/#\/schema\/logo\/image\/","url":"https:\/\/buscoequipomedico.com\/wp-content\/uploads\/2021\/07\/EMM-VPrincipal-scaled.jpg","contentUrl":"https:\/\/buscoequipomedico.com\/wp-content\/uploads\/2021\/07\/EMM-VPrincipal-scaled.jpg","width":2560,"height":1058,"caption":"Tu mejor opci\u00f3n Equipo M\u00e9dico M\u00e9xico"},"image":{"@id":"https:\/\/buscoequipomedico.com\/#\/schema\/logo\/image\/"}}]}},"_links":{"self":[{"href":"https:\/\/buscoequipomedico.com\/index.php?rest_route=\/wp\/v2\/product\/12743","targetHints":{"allow":["GET"]}}],"collection":[{"href":"https:\/\/buscoequipomedico.com\/index.php?rest_route=\/wp\/v2\/product"}],"about":[{"href":"https:\/\/buscoequipomedico.com\/index.php?rest_route=\/wp\/v2\/types\/product"}],"wp:featuredmedia":[{"embeddable":true,"href":"https:\/\/buscoequipomedico.com\/index.php?rest_route=\/wp\/v2\/media\/12744"}],"wp:attachment":[{"href":"https:\/\/buscoequipomedico.com\/index.php?rest_route=%2Fwp%2Fv2%2Fmedia&parent=12743"}],"wp:term":[{"taxonomy":"product_brand","embeddable":true,"href":"https:\/\/buscoequipomedico.com\/index.php?rest_route=%2Fwp%2Fv2%2Fproduct_brand&post=12743"},{"taxonomy":"product_cat","embeddable":true,"href":"https:\/\/buscoequipomedico.com\/index.php?rest_route=%2Fwp%2Fv2%2Fproduct_cat&post=12743"},{"taxonomy":"product_tag","embeddable":true,"href":"https:\/\/buscoequipomedico.com\/index.php?rest_route=%2Fwp%2Fv2%2Fproduct_tag&post=12743"}],"curies":[{"name":"wp","href":"https:\/\/api.w.org\/{rel}","templated":true}]}}