{"id":12747,"date":"2020-02-18T07:36:06","date_gmt":"2020-02-18T07:36:06","guid":{"rendered":"https:\/\/equipomedicomexico-com.preview-domain.com\/product\/mesa-de-cirugia-con-radiotransparencia-2\/"},"modified":"2020-02-18T07:36:07","modified_gmt":"2020-02-18T07:36:07","slug":"mesa-de-cirugia-con-radiotransparencia-2","status":"publish","type":"product","link":"https:\/\/buscoequipomedico.com\/?product=mesa-de-cirugia-con-radiotransparencia-2","title":{"rendered":"MESA DE CIRUGIA CON RADIOTRANSPARENCIA"},"content":{"rendered":"<p>Gran variedad de posiciones para realizar toda clase de operaciones.<\/p>\n<p>La mesa quir\u00fargica est\u00e1 impulsada por una transmisi\u00f3n mec\u00e1nico el\u00e9ctrica.<\/p>\n<p>Controlador microprocesador seguro.<\/p>\n<p>Puede utilizarse en Ortopedia, Ginecolog\u00eda, urolog\u00eda, anorrectal, T\u00f3rax, Cirug\u00eda Obst\u00e9trica, etc.<\/p>\n<p>La operaci\u00f3n flexible es simple, estable debajo del nivel de ruido, confiable y duradera.<\/p>\n<p>Puede seguir las inclinaciones para realizar todo tipo de operaciones.<\/p>\n<p>Puede utilizar arco en C.<\/p>\n<p>Todos los accesorios son desmontables.<\/p>\n<p>Longitud y ancho de la cubierta: 2050 mm x 520 mm<\/p>\n<p>Altura de la cubierta: m\u00ednima 750 mm, m\u00e1xima 1100 mm<\/p>\n<p>\u00c1ngulo de la cubierta (inclinaci\u00f3n): hacia\u00a0 adelante \u2265 25\u00b0, hacia atr\u00e1s \u2265 25\u00b0<\/p>\n<p>\u00c1ngulo m\u00e1ximo de la cubierta (inclinaci\u00f3n): izq. \u2265 20\u00b0, der. \u2265 20\u00b0<\/p>\n<p>Movimiento horizontal de la cubierta: 400 mm a 600 mm<\/p>\n<p>Elevador de ri\u00f1\u00f3n: m\u00e1x. 120 mm<\/p>\n<p>\u00c1ngulo de ajuste de soporte de piernas: descendente \u2265 60\u00b0, Ascendente \u2265 15\u00b0, Abatible 75\u00b0<\/p>\n<p>Suministro de energ\u00eda \u223c 110 V, 50\/60 Hz, 1.0kVA<\/p>\n<p>Bater\u00eda de respaldo: 12V, 12Ah<\/p>\n","protected":false},"excerpt":{"rendered":"<p>Arco de anestesia con fijador<\/p>\n<p>Soporte acojinado para brazo con fijador (2 piezas)<\/p>\n<p>Pierneras acojinadas articuladas tipo goepel con fijador (2 piezas)<\/p>\n<p>Soporte de cabeza (1 pieza)<\/p>\n<p>Soportes laterales acojinados con fijadores (2 piezas)<\/p>\n","protected":false},"featured_media":12748,"template":"","meta":{"_joinchat":[]},"product_brand":[],"product_cat":[301],"product_tag":[],"class_list":{"0":"post-12747","1":"product","2":"type-product","3":"status-publish","4":"has-post-thumbnail","6":"product_cat-mesa-de-exploracion","7":"pa_marca-healt-home","9":"first","10":"instock","11":"purchasable","12":"product-type-simple"},"yoast_head":"<!-- This site is optimized with the Yoast SEO plugin v25.1 - https:\/\/yoast.com\/wordpress\/plugins\/seo\/ -->\n<title>MESA DE CIRUGIA CON RADIOTRANSPARENCIA - Tu mejor opci\u00f3n Equipo M\u00e9dico M\u00e9xico<\/title>\n<meta name=\"robots\" content=\"index, follow, max-snippet:-1, max-image-preview:large, max-video-preview:-1\" \/>\n<link rel=\"canonical\" href=\"https:\/\/buscoequipomedico.com\/?product=mesa-de-cirugia-con-radiotransparencia-2\" \/>\n<meta property=\"og:locale\" content=\"es_ES\" \/>\n<meta property=\"og:type\" content=\"article\" \/>\n<meta property=\"og:title\" content=\"MESA DE CIRUGIA CON RADIOTRANSPARENCIA - Tu mejor opci\u00f3n Equipo M\u00e9dico M\u00e9xico\" \/>\n<meta property=\"og:description\" content=\"Arco de anestesia con fijador Soporte acojinado para brazo con fijador (2 piezas) Pierneras acojinadas articuladas tipo goepel con fijador (2 piezas) Soporte de cabeza (1 pieza) Soportes laterales acojinados con fijadores (2 piezas)\" \/>\n<meta property=\"og:url\" content=\"https:\/\/buscoequipomedico.com\/?product=mesa-de-cirugia-con-radiotransparencia-2\" \/>\n<meta property=\"og:site_name\" content=\"Tu mejor opci\u00f3n Equipo M\u00e9dico M\u00e9xico\" \/>\n<meta property=\"article:modified_time\" content=\"2020-02-18T07:36:07+00:00\" \/>\n<meta property=\"og:image\" content=\"https:\/\/buscoequipomedico.com\/wp-content\/uploads\/2020\/02\/mesa-de-cirugia-con-radiotransparencia-arco-de-anestesia-con-fijador-soporte-acojinado-para-brazo-con-fijador-2-piezas-pierneras.jpg\" \/>\n\t<meta property=\"og:image:width\" content=\"800\" \/>\n\t<meta property=\"og:image:height\" content=\"800\" \/>\n\t<meta property=\"og:image:type\" content=\"image\/png\" \/>\n<meta name=\"twitter:card\" content=\"summary_large_image\" \/>\n<meta name=\"twitter:label1\" content=\"Tiempo de lectura\" \/>\n\t<meta name=\"twitter:data1\" content=\"1 minuto\" \/>\n<script type=\"application\/ld+json\" class=\"yoast-schema-graph\">{\"@context\":\"https:\/\/schema.org\",\"@graph\":[{\"@type\":\"WebPage\",\"@id\":\"https:\/\/buscoequipomedico.com\/?product=mesa-de-cirugia-con-radiotransparencia-2\",\"url\":\"https:\/\/buscoequipomedico.com\/?product=mesa-de-cirugia-con-radiotransparencia-2\",\"name\":\"MESA DE CIRUGIA CON RADIOTRANSPARENCIA - Tu mejor opci\u00f3n Equipo M\u00e9dico M\u00e9xico\",\"isPartOf\":{\"@id\":\"https:\/\/buscoequipomedico.com\/#website\"},\"primaryImageOfPage\":{\"@id\":\"https:\/\/buscoequipomedico.com\/?product=mesa-de-cirugia-con-radiotransparencia-2#primaryimage\"},\"image\":{\"@id\":\"https:\/\/buscoequipomedico.com\/?product=mesa-de-cirugia-con-radiotransparencia-2#primaryimage\"},\"thumbnailUrl\":\"https:\/\/buscoequipomedico.com\/wp-content\/uploads\/2020\/02\/mesa-de-cirugia-con-radiotransparencia-arco-de-anestesia-con-fijador-soporte-acojinado-para-brazo-con-fijador-2-piezas-pierneras.jpg\",\"datePublished\":\"2020-02-18T07:36:06+00:00\",\"dateModified\":\"2020-02-18T07:36:07+00:00\",\"breadcrumb\":{\"@id\":\"https:\/\/buscoequipomedico.com\/?product=mesa-de-cirugia-con-radiotransparencia-2#breadcrumb\"},\"inLanguage\":\"es\",\"potentialAction\":[{\"@type\":\"ReadAction\",\"target\":[\"https:\/\/buscoequipomedico.com\/?product=mesa-de-cirugia-con-radiotransparencia-2\"]}]},{\"@type\":\"ImageObject\",\"inLanguage\":\"es\",\"@id\":\"https:\/\/buscoequipomedico.com\/?product=mesa-de-cirugia-con-radiotransparencia-2#primaryimage\",\"url\":\"https:\/\/buscoequipomedico.com\/wp-content\/uploads\/2020\/02\/mesa-de-cirugia-con-radiotransparencia-arco-de-anestesia-con-fijador-soporte-acojinado-para-brazo-con-fijador-2-piezas-pierneras.jpg\",\"contentUrl\":\"https:\/\/buscoequipomedico.com\/wp-content\/uploads\/2020\/02\/mesa-de-cirugia-con-radiotransparencia-arco-de-anestesia-con-fijador-soporte-acojinado-para-brazo-con-fijador-2-piezas-pierneras.jpg\",\"width\":800,\"height\":800},{\"@type\":\"BreadcrumbList\",\"@id\":\"https:\/\/buscoequipomedico.com\/?product=mesa-de-cirugia-con-radiotransparencia-2#breadcrumb\",\"itemListElement\":[{\"@type\":\"ListItem\",\"position\":1,\"name\":\"Productos\",\"item\":\"https:\/\/buscoequipomedico.com\/shop\/\"},{\"@type\":\"ListItem\",\"position\":2,\"name\":\"MESA DE CIRUGIA CON RADIOTRANSPARENCIA\"}]},{\"@type\":\"WebSite\",\"@id\":\"https:\/\/buscoequipomedico.com\/#website\",\"url\":\"https:\/\/buscoequipomedico.com\/\",\"name\":\"Tu mejor opci\u00f3n Equipo M\u00e9dico M\u00e9xico\",\"description\":\"Tienda de equipo m\u00e9dico\",\"publisher\":{\"@id\":\"https:\/\/buscoequipomedico.com\/#organization\"},\"potentialAction\":[{\"@type\":\"SearchAction\",\"target\":{\"@type\":\"EntryPoint\",\"urlTemplate\":\"https:\/\/buscoequipomedico.com\/?s={search_term_string}\"},\"query-input\":{\"@type\":\"PropertyValueSpecification\",\"valueRequired\":true,\"valueName\":\"search_term_string\"}}],\"inLanguage\":\"es\"},{\"@type\":\"Organization\",\"@id\":\"https:\/\/buscoequipomedico.com\/#organization\",\"name\":\"Tu mejor opci\u00f3n Equipo M\u00e9dico M\u00e9xico\",\"url\":\"https:\/\/buscoequipomedico.com\/\",\"logo\":{\"@type\":\"ImageObject\",\"inLanguage\":\"es\",\"@id\":\"https:\/\/buscoequipomedico.com\/#\/schema\/logo\/image\/\",\"url\":\"https:\/\/buscoequipomedico.com\/wp-content\/uploads\/2021\/07\/EMM-VPrincipal-scaled.jpg\",\"contentUrl\":\"https:\/\/buscoequipomedico.com\/wp-content\/uploads\/2021\/07\/EMM-VPrincipal-scaled.jpg\",\"width\":2560,\"height\":1058,\"caption\":\"Tu mejor opci\u00f3n Equipo M\u00e9dico M\u00e9xico\"},\"image\":{\"@id\":\"https:\/\/buscoequipomedico.com\/#\/schema\/logo\/image\/\"}}]}<\/script>\n<!-- \/ Yoast SEO plugin. -->","yoast_head_json":{"title":"MESA DE CIRUGIA CON RADIOTRANSPARENCIA - Tu mejor opci\u00f3n Equipo M\u00e9dico M\u00e9xico","robots":{"index":"index","follow":"follow","max-snippet":"max-snippet:-1","max-image-preview":"max-image-preview:large","max-video-preview":"max-video-preview:-1"},"canonical":"https:\/\/buscoequipomedico.com\/?product=mesa-de-cirugia-con-radiotransparencia-2","og_locale":"es_ES","og_type":"article","og_title":"MESA DE CIRUGIA CON RADIOTRANSPARENCIA - Tu mejor opci\u00f3n Equipo M\u00e9dico M\u00e9xico","og_description":"Arco de anestesia con fijador Soporte acojinado para brazo con fijador (2 piezas) Pierneras acojinadas articuladas tipo goepel con fijador (2 piezas) Soporte de cabeza (1 pieza) Soportes laterales acojinados con fijadores (2 piezas)","og_url":"https:\/\/buscoequipomedico.com\/?product=mesa-de-cirugia-con-radiotransparencia-2","og_site_name":"Tu mejor opci\u00f3n Equipo M\u00e9dico M\u00e9xico","article_modified_time":"2020-02-18T07:36:07+00:00","og_image":[{"width":800,"height":800,"url":"https:\/\/buscoequipomedico.com\/wp-content\/uploads\/2020\/02\/mesa-de-cirugia-con-radiotransparencia-arco-de-anestesia-con-fijador-soporte-acojinado-para-brazo-con-fijador-2-piezas-pierneras.jpg","type":"image\/png"}],"twitter_card":"summary_large_image","twitter_misc":{"Tiempo de lectura":"1 minuto"},"schema":{"@context":"https:\/\/schema.org","@graph":[{"@type":"WebPage","@id":"https:\/\/buscoequipomedico.com\/?product=mesa-de-cirugia-con-radiotransparencia-2","url":"https:\/\/buscoequipomedico.com\/?product=mesa-de-cirugia-con-radiotransparencia-2","name":"MESA DE CIRUGIA CON RADIOTRANSPARENCIA - Tu mejor opci\u00f3n Equipo M\u00e9dico M\u00e9xico","isPartOf":{"@id":"https:\/\/buscoequipomedico.com\/#website"},"primaryImageOfPage":{"@id":"https:\/\/buscoequipomedico.com\/?product=mesa-de-cirugia-con-radiotransparencia-2#primaryimage"},"image":{"@id":"https:\/\/buscoequipomedico.com\/?product=mesa-de-cirugia-con-radiotransparencia-2#primaryimage"},"thumbnailUrl":"https:\/\/buscoequipomedico.com\/wp-content\/uploads\/2020\/02\/mesa-de-cirugia-con-radiotransparencia-arco-de-anestesia-con-fijador-soporte-acojinado-para-brazo-con-fijador-2-piezas-pierneras.jpg","datePublished":"2020-02-18T07:36:06+00:00","dateModified":"2020-02-18T07:36:07+00:00","breadcrumb":{"@id":"https:\/\/buscoequipomedico.com\/?product=mesa-de-cirugia-con-radiotransparencia-2#breadcrumb"},"inLanguage":"es","potentialAction":[{"@type":"ReadAction","target":["https:\/\/buscoequipomedico.com\/?product=mesa-de-cirugia-con-radiotransparencia-2"]}]},{"@type":"ImageObject","inLanguage":"es","@id":"https:\/\/buscoequipomedico.com\/?product=mesa-de-cirugia-con-radiotransparencia-2#primaryimage","url":"https:\/\/buscoequipomedico.com\/wp-content\/uploads\/2020\/02\/mesa-de-cirugia-con-radiotransparencia-arco-de-anestesia-con-fijador-soporte-acojinado-para-brazo-con-fijador-2-piezas-pierneras.jpg","contentUrl":"https:\/\/buscoequipomedico.com\/wp-content\/uploads\/2020\/02\/mesa-de-cirugia-con-radiotransparencia-arco-de-anestesia-con-fijador-soporte-acojinado-para-brazo-con-fijador-2-piezas-pierneras.jpg","width":800,"height":800},{"@type":"BreadcrumbList","@id":"https:\/\/buscoequipomedico.com\/?product=mesa-de-cirugia-con-radiotransparencia-2#breadcrumb","itemListElement":[{"@type":"ListItem","position":1,"name":"Productos","item":"https:\/\/buscoequipomedico.com\/shop\/"},{"@type":"ListItem","position":2,"name":"MESA DE CIRUGIA CON RADIOTRANSPARENCIA"}]},{"@type":"WebSite","@id":"https:\/\/buscoequipomedico.com\/#website","url":"https:\/\/buscoequipomedico.com\/","name":"Tu mejor opci\u00f3n Equipo M\u00e9dico M\u00e9xico","description":"Tienda de equipo m\u00e9dico","publisher":{"@id":"https:\/\/buscoequipomedico.com\/#organization"},"potentialAction":[{"@type":"SearchAction","target":{"@type":"EntryPoint","urlTemplate":"https:\/\/buscoequipomedico.com\/?s={search_term_string}"},"query-input":{"@type":"PropertyValueSpecification","valueRequired":true,"valueName":"search_term_string"}}],"inLanguage":"es"},{"@type":"Organization","@id":"https:\/\/buscoequipomedico.com\/#organization","name":"Tu mejor opci\u00f3n Equipo M\u00e9dico M\u00e9xico","url":"https:\/\/buscoequipomedico.com\/","logo":{"@type":"ImageObject","inLanguage":"es","@id":"https:\/\/buscoequipomedico.com\/#\/schema\/logo\/image\/","url":"https:\/\/buscoequipomedico.com\/wp-content\/uploads\/2021\/07\/EMM-VPrincipal-scaled.jpg","contentUrl":"https:\/\/buscoequipomedico.com\/wp-content\/uploads\/2021\/07\/EMM-VPrincipal-scaled.jpg","width":2560,"height":1058,"caption":"Tu mejor opci\u00f3n Equipo M\u00e9dico M\u00e9xico"},"image":{"@id":"https:\/\/buscoequipomedico.com\/#\/schema\/logo\/image\/"}}]}},"_links":{"self":[{"href":"https:\/\/buscoequipomedico.com\/index.php?rest_route=\/wp\/v2\/product\/12747","targetHints":{"allow":["GET"]}}],"collection":[{"href":"https:\/\/buscoequipomedico.com\/index.php?rest_route=\/wp\/v2\/product"}],"about":[{"href":"https:\/\/buscoequipomedico.com\/index.php?rest_route=\/wp\/v2\/types\/product"}],"wp:featuredmedia":[{"embeddable":true,"href":"https:\/\/buscoequipomedico.com\/index.php?rest_route=\/wp\/v2\/media\/12748"}],"wp:attachment":[{"href":"https:\/\/buscoequipomedico.com\/index.php?rest_route=%2Fwp%2Fv2%2Fmedia&parent=12747"}],"wp:term":[{"taxonomy":"product_brand","embeddable":true,"href":"https:\/\/buscoequipomedico.com\/index.php?rest_route=%2Fwp%2Fv2%2Fproduct_brand&post=12747"},{"taxonomy":"product_cat","embeddable":true,"href":"https:\/\/buscoequipomedico.com\/index.php?rest_route=%2Fwp%2Fv2%2Fproduct_cat&post=12747"},{"taxonomy":"product_tag","embeddable":true,"href":"https:\/\/buscoequipomedico.com\/index.php?rest_route=%2Fwp%2Fv2%2Fproduct_tag&post=12747"}],"curies":[{"name":"wp","href":"https:\/\/api.w.org\/{rel}","templated":true}]}}