{"id":12751,"date":"2020-02-18T07:36:06","date_gmt":"2020-02-18T07:36:06","guid":{"rendered":"https:\/\/equipomedicomexico-com.preview-domain.com\/product\/mesa-de-operacion-de-lujo\/"},"modified":"2020-02-18T07:36:08","modified_gmt":"2020-02-18T07:36:08","slug":"mesa-de-operacion-de-lujo","status":"publish","type":"product","link":"https:\/\/buscoequipomedico.com\/?product=mesa-de-operacion-de-lujo","title":{"rendered":"MESA DE OPERACI\u00d3N DE LUJO"},"content":{"rendered":"<p>Descripci\u00f3n<\/p>\n<p>Mesa de 5 secciones con colch\u00f3n\u00a0 independiente<\/p>\n<p>Cabecera\u00a0 con flexi\u00f3n continua mediante tornillos con empu\u00f1adura<\/p>\n<p>Respaldo abatible<\/p>\n<p>Secci\u00f3n de piernas divididas, desmontable y abatibles<\/p>\n<p>Base columna y estructura de acero al cromo n\u00edquel<\/p>\n<p>Base montada sobre 4 ruedas conductivas de 100mm de di\u00e1metro<\/p>\n<p>Sistema de freno central en las cuatro ruedas<\/p>\n<p>El ajuste de altura de la mesa es accionado mediante un pedal hidr\u00e1ulico<\/p>\n<p>Posiciones son accionadas mediante palancas neum\u00e1ticas<\/p>\n<p>Ajuste del tablero mediante muelle o pist\u00f3n neum\u00e1tico<\/p>\n<p>Inclinaci\u00f3n lateral mediante manivelas plegables<\/p>\n<p>Separaci\u00f3n lateral mediante manivelas giratorias<\/p>\n<p>Superficie totalmente radiotransparente permite chasis de hasta 14 x 17\u00a8<\/p>\n<p>\u00a0\u00a0<\/p>\n<p>ESPECIFICACIONES\u00a0\u00a0<\/p>\n<\/p>\n<p>Dimensiones de 2100 x 480 mm.<\/p>\n<p>Elevaci\u00f3n de altura de 800mm a 1040mm<\/p>\n<p>Posici\u00f3n detrendelenburg +-25\u00b0<\/p>\n<p>Angulo de inclinaci\u00f3n derespaldo de +80\u00b0<\/p>\n<p>Angulo de inclinaci\u00f3n depiernera de 90\u00b0<\/p>\n<p>Inclinaci\u00f3n lateral +-20\u00b0,<\/p>\n<p>Soporte decabeza de +45 \u2013 90\u00b0<\/p>\n<p>Rodable con freno de piso manual.<\/p>\n<p>Cubierta de acero inoxidable.<\/p>\n","protected":false},"excerpt":{"rendered":"<p>Serie MT300 es ampliamente utilizado en el pecho, cirug\u00eda abdominal, otorrinolaringolog\u00eda, ginecolog\u00eda y obstetricia, urolog\u00eda y ortopedia etc.<\/p>\n<p>Ascensor hidr\u00e1ulico por pedal, cabeza operado movimientos.<\/p>\n<p>La cubierta de la base y la columna de MT300A y MT300D todo hecho por prima de acero inoxidable 304.<\/p>\n<p>\u00a0<\/p>\n<p>Incluye\u00a0\u00a0<\/p>\n<p>Arco de anestesia con fijador<\/p>\n<p>Soporte acojinado para brazo con fijador (2 piezas)<\/p>\n<p>Pierneras acojinadas articuladas tipo goepel con fijador (2 piezas)<\/p>\n<p>Soporte de cabeza (1 pieza)<\/p>\n<p>Soportes laterales acojinados con fijadores (2 piezas)<\/p>\n","protected":false},"featured_media":12752,"template":"","meta":{"_joinchat":[]},"product_brand":[],"product_cat":[301],"product_tag":[],"class_list":{"0":"post-12751","1":"product","2":"type-product","3":"status-publish","4":"has-post-thumbnail","6":"product_cat-mesa-de-exploracion","7":"pa_marca-slim-royal","9":"first","10":"instock","11":"purchasable","12":"product-type-simple"},"yoast_head":"<!-- This site is optimized with the Yoast SEO plugin v25.1 - https:\/\/yoast.com\/wordpress\/plugins\/seo\/ -->\n<title>MESA DE OPERACI\u00d3N DE LUJO - Tu mejor opci\u00f3n Equipo M\u00e9dico M\u00e9xico<\/title>\n<meta name=\"robots\" content=\"index, follow, max-snippet:-1, max-image-preview:large, max-video-preview:-1\" \/>\n<link rel=\"canonical\" href=\"https:\/\/buscoequipomedico.com\/?product=mesa-de-operacion-de-lujo\" \/>\n<meta property=\"og:locale\" content=\"es_ES\" \/>\n<meta property=\"og:type\" content=\"article\" \/>\n<meta property=\"og:title\" content=\"MESA DE OPERACI\u00d3N DE LUJO - Tu mejor opci\u00f3n Equipo M\u00e9dico M\u00e9xico\" \/>\n<meta property=\"og:description\" content=\"Serie MT300 es ampliamente utilizado en el pecho, cirug\u00eda abdominal, otorrinolaringolog\u00eda, ginecolog\u00eda y obstetricia, urolog\u00eda y ortopedia etc. Ascensor hidr\u00e1ulico por pedal, cabeza operado movimientos. La cubierta de la base y la columna de MT300A y MT300D todo hecho por prima de acero inoxidable 304. \u00a0 Incluye\u00a0\u00a0 Arco de anestesia con fijador Soporte acojinado para brazo con fijador (2 piezas) Pierneras acojinadas articuladas tipo goepel con fijador (2 piezas) Soporte de cabeza (1 pieza) Soportes laterales acojinados con fijadores (2 piezas)\" \/>\n<meta property=\"og:url\" content=\"https:\/\/buscoequipomedico.com\/?product=mesa-de-operacion-de-lujo\" \/>\n<meta property=\"og:site_name\" content=\"Tu mejor opci\u00f3n Equipo M\u00e9dico M\u00e9xico\" \/>\n<meta property=\"article:modified_time\" content=\"2020-02-18T07:36:08+00:00\" \/>\n<meta property=\"og:image\" content=\"https:\/\/buscoequipomedico.com\/wp-content\/uploads\/2020\/02\/mesa-de-operacion-de-lujo-serie-mt300-es-ampliamente-utilizado-en-el-pecho-cirugia-abdominal-otorrinolaringologia-ginecologia-y.jpg\" \/>\n\t<meta property=\"og:image:width\" content=\"800\" \/>\n\t<meta property=\"og:image:height\" content=\"800\" \/>\n\t<meta property=\"og:image:type\" content=\"image\/png\" \/>\n<meta name=\"twitter:card\" content=\"summary_large_image\" \/>\n<meta name=\"twitter:label1\" content=\"Tiempo de lectura\" \/>\n\t<meta name=\"twitter:data1\" content=\"1 minuto\" \/>\n<script type=\"application\/ld+json\" class=\"yoast-schema-graph\">{\"@context\":\"https:\/\/schema.org\",\"@graph\":[{\"@type\":\"WebPage\",\"@id\":\"https:\/\/buscoequipomedico.com\/?product=mesa-de-operacion-de-lujo\",\"url\":\"https:\/\/buscoequipomedico.com\/?product=mesa-de-operacion-de-lujo\",\"name\":\"MESA DE OPERACI\u00d3N DE LUJO - Tu mejor opci\u00f3n Equipo M\u00e9dico M\u00e9xico\",\"isPartOf\":{\"@id\":\"https:\/\/buscoequipomedico.com\/#website\"},\"primaryImageOfPage\":{\"@id\":\"https:\/\/buscoequipomedico.com\/?product=mesa-de-operacion-de-lujo#primaryimage\"},\"image\":{\"@id\":\"https:\/\/buscoequipomedico.com\/?product=mesa-de-operacion-de-lujo#primaryimage\"},\"thumbnailUrl\":\"https:\/\/buscoequipomedico.com\/wp-content\/uploads\/2020\/02\/mesa-de-operacion-de-lujo-serie-mt300-es-ampliamente-utilizado-en-el-pecho-cirugia-abdominal-otorrinolaringologia-ginecologia-y.jpg\",\"datePublished\":\"2020-02-18T07:36:06+00:00\",\"dateModified\":\"2020-02-18T07:36:08+00:00\",\"breadcrumb\":{\"@id\":\"https:\/\/buscoequipomedico.com\/?product=mesa-de-operacion-de-lujo#breadcrumb\"},\"inLanguage\":\"es\",\"potentialAction\":[{\"@type\":\"ReadAction\",\"target\":[\"https:\/\/buscoequipomedico.com\/?product=mesa-de-operacion-de-lujo\"]}]},{\"@type\":\"ImageObject\",\"inLanguage\":\"es\",\"@id\":\"https:\/\/buscoequipomedico.com\/?product=mesa-de-operacion-de-lujo#primaryimage\",\"url\":\"https:\/\/buscoequipomedico.com\/wp-content\/uploads\/2020\/02\/mesa-de-operacion-de-lujo-serie-mt300-es-ampliamente-utilizado-en-el-pecho-cirugia-abdominal-otorrinolaringologia-ginecologia-y.jpg\",\"contentUrl\":\"https:\/\/buscoequipomedico.com\/wp-content\/uploads\/2020\/02\/mesa-de-operacion-de-lujo-serie-mt300-es-ampliamente-utilizado-en-el-pecho-cirugia-abdominal-otorrinolaringologia-ginecologia-y.jpg\",\"width\":800,\"height\":800},{\"@type\":\"BreadcrumbList\",\"@id\":\"https:\/\/buscoequipomedico.com\/?product=mesa-de-operacion-de-lujo#breadcrumb\",\"itemListElement\":[{\"@type\":\"ListItem\",\"position\":1,\"name\":\"Productos\",\"item\":\"https:\/\/buscoequipomedico.com\/shop\/\"},{\"@type\":\"ListItem\",\"position\":2,\"name\":\"MESA DE OPERACI\u00d3N DE LUJO\"}]},{\"@type\":\"WebSite\",\"@id\":\"https:\/\/buscoequipomedico.com\/#website\",\"url\":\"https:\/\/buscoequipomedico.com\/\",\"name\":\"Tu mejor opci\u00f3n Equipo M\u00e9dico M\u00e9xico\",\"description\":\"Tienda de equipo m\u00e9dico\",\"publisher\":{\"@id\":\"https:\/\/buscoequipomedico.com\/#organization\"},\"potentialAction\":[{\"@type\":\"SearchAction\",\"target\":{\"@type\":\"EntryPoint\",\"urlTemplate\":\"https:\/\/buscoequipomedico.com\/?s={search_term_string}\"},\"query-input\":{\"@type\":\"PropertyValueSpecification\",\"valueRequired\":true,\"valueName\":\"search_term_string\"}}],\"inLanguage\":\"es\"},{\"@type\":\"Organization\",\"@id\":\"https:\/\/buscoequipomedico.com\/#organization\",\"name\":\"Tu mejor opci\u00f3n Equipo M\u00e9dico M\u00e9xico\",\"url\":\"https:\/\/buscoequipomedico.com\/\",\"logo\":{\"@type\":\"ImageObject\",\"inLanguage\":\"es\",\"@id\":\"https:\/\/buscoequipomedico.com\/#\/schema\/logo\/image\/\",\"url\":\"https:\/\/buscoequipomedico.com\/wp-content\/uploads\/2021\/07\/EMM-VPrincipal-scaled.jpg\",\"contentUrl\":\"https:\/\/buscoequipomedico.com\/wp-content\/uploads\/2021\/07\/EMM-VPrincipal-scaled.jpg\",\"width\":2560,\"height\":1058,\"caption\":\"Tu mejor opci\u00f3n Equipo M\u00e9dico M\u00e9xico\"},\"image\":{\"@id\":\"https:\/\/buscoequipomedico.com\/#\/schema\/logo\/image\/\"}}]}<\/script>\n<!-- \/ Yoast SEO plugin. -->","yoast_head_json":{"title":"MESA DE OPERACI\u00d3N DE LUJO - Tu mejor opci\u00f3n Equipo M\u00e9dico M\u00e9xico","robots":{"index":"index","follow":"follow","max-snippet":"max-snippet:-1","max-image-preview":"max-image-preview:large","max-video-preview":"max-video-preview:-1"},"canonical":"https:\/\/buscoequipomedico.com\/?product=mesa-de-operacion-de-lujo","og_locale":"es_ES","og_type":"article","og_title":"MESA DE OPERACI\u00d3N DE LUJO - Tu mejor opci\u00f3n Equipo M\u00e9dico M\u00e9xico","og_description":"Serie MT300 es ampliamente utilizado en el pecho, cirug\u00eda abdominal, otorrinolaringolog\u00eda, ginecolog\u00eda y obstetricia, urolog\u00eda y ortopedia etc. Ascensor hidr\u00e1ulico por pedal, cabeza operado movimientos. La cubierta de la base y la columna de MT300A y MT300D todo hecho por prima de acero inoxidable 304. \u00a0 Incluye\u00a0\u00a0 Arco de anestesia con fijador Soporte acojinado para brazo con fijador (2 piezas) Pierneras acojinadas articuladas tipo goepel con fijador (2 piezas) Soporte de cabeza (1 pieza) Soportes laterales acojinados con fijadores (2 piezas)","og_url":"https:\/\/buscoequipomedico.com\/?product=mesa-de-operacion-de-lujo","og_site_name":"Tu mejor opci\u00f3n Equipo M\u00e9dico M\u00e9xico","article_modified_time":"2020-02-18T07:36:08+00:00","og_image":[{"width":800,"height":800,"url":"https:\/\/buscoequipomedico.com\/wp-content\/uploads\/2020\/02\/mesa-de-operacion-de-lujo-serie-mt300-es-ampliamente-utilizado-en-el-pecho-cirugia-abdominal-otorrinolaringologia-ginecologia-y.jpg","type":"image\/png"}],"twitter_card":"summary_large_image","twitter_misc":{"Tiempo de lectura":"1 minuto"},"schema":{"@context":"https:\/\/schema.org","@graph":[{"@type":"WebPage","@id":"https:\/\/buscoequipomedico.com\/?product=mesa-de-operacion-de-lujo","url":"https:\/\/buscoequipomedico.com\/?product=mesa-de-operacion-de-lujo","name":"MESA DE OPERACI\u00d3N DE LUJO - Tu mejor opci\u00f3n Equipo M\u00e9dico M\u00e9xico","isPartOf":{"@id":"https:\/\/buscoequipomedico.com\/#website"},"primaryImageOfPage":{"@id":"https:\/\/buscoequipomedico.com\/?product=mesa-de-operacion-de-lujo#primaryimage"},"image":{"@id":"https:\/\/buscoequipomedico.com\/?product=mesa-de-operacion-de-lujo#primaryimage"},"thumbnailUrl":"https:\/\/buscoequipomedico.com\/wp-content\/uploads\/2020\/02\/mesa-de-operacion-de-lujo-serie-mt300-es-ampliamente-utilizado-en-el-pecho-cirugia-abdominal-otorrinolaringologia-ginecologia-y.jpg","datePublished":"2020-02-18T07:36:06+00:00","dateModified":"2020-02-18T07:36:08+00:00","breadcrumb":{"@id":"https:\/\/buscoequipomedico.com\/?product=mesa-de-operacion-de-lujo#breadcrumb"},"inLanguage":"es","potentialAction":[{"@type":"ReadAction","target":["https:\/\/buscoequipomedico.com\/?product=mesa-de-operacion-de-lujo"]}]},{"@type":"ImageObject","inLanguage":"es","@id":"https:\/\/buscoequipomedico.com\/?product=mesa-de-operacion-de-lujo#primaryimage","url":"https:\/\/buscoequipomedico.com\/wp-content\/uploads\/2020\/02\/mesa-de-operacion-de-lujo-serie-mt300-es-ampliamente-utilizado-en-el-pecho-cirugia-abdominal-otorrinolaringologia-ginecologia-y.jpg","contentUrl":"https:\/\/buscoequipomedico.com\/wp-content\/uploads\/2020\/02\/mesa-de-operacion-de-lujo-serie-mt300-es-ampliamente-utilizado-en-el-pecho-cirugia-abdominal-otorrinolaringologia-ginecologia-y.jpg","width":800,"height":800},{"@type":"BreadcrumbList","@id":"https:\/\/buscoequipomedico.com\/?product=mesa-de-operacion-de-lujo#breadcrumb","itemListElement":[{"@type":"ListItem","position":1,"name":"Productos","item":"https:\/\/buscoequipomedico.com\/shop\/"},{"@type":"ListItem","position":2,"name":"MESA DE OPERACI\u00d3N DE LUJO"}]},{"@type":"WebSite","@id":"https:\/\/buscoequipomedico.com\/#website","url":"https:\/\/buscoequipomedico.com\/","name":"Tu mejor opci\u00f3n Equipo M\u00e9dico M\u00e9xico","description":"Tienda de equipo m\u00e9dico","publisher":{"@id":"https:\/\/buscoequipomedico.com\/#organization"},"potentialAction":[{"@type":"SearchAction","target":{"@type":"EntryPoint","urlTemplate":"https:\/\/buscoequipomedico.com\/?s={search_term_string}"},"query-input":{"@type":"PropertyValueSpecification","valueRequired":true,"valueName":"search_term_string"}}],"inLanguage":"es"},{"@type":"Organization","@id":"https:\/\/buscoequipomedico.com\/#organization","name":"Tu mejor opci\u00f3n Equipo M\u00e9dico M\u00e9xico","url":"https:\/\/buscoequipomedico.com\/","logo":{"@type":"ImageObject","inLanguage":"es","@id":"https:\/\/buscoequipomedico.com\/#\/schema\/logo\/image\/","url":"https:\/\/buscoequipomedico.com\/wp-content\/uploads\/2021\/07\/EMM-VPrincipal-scaled.jpg","contentUrl":"https:\/\/buscoequipomedico.com\/wp-content\/uploads\/2021\/07\/EMM-VPrincipal-scaled.jpg","width":2560,"height":1058,"caption":"Tu mejor opci\u00f3n Equipo M\u00e9dico M\u00e9xico"},"image":{"@id":"https:\/\/buscoequipomedico.com\/#\/schema\/logo\/image\/"}}]}},"_links":{"self":[{"href":"https:\/\/buscoequipomedico.com\/index.php?rest_route=\/wp\/v2\/product\/12751","targetHints":{"allow":["GET"]}}],"collection":[{"href":"https:\/\/buscoequipomedico.com\/index.php?rest_route=\/wp\/v2\/product"}],"about":[{"href":"https:\/\/buscoequipomedico.com\/index.php?rest_route=\/wp\/v2\/types\/product"}],"wp:featuredmedia":[{"embeddable":true,"href":"https:\/\/buscoequipomedico.com\/index.php?rest_route=\/wp\/v2\/media\/12752"}],"wp:attachment":[{"href":"https:\/\/buscoequipomedico.com\/index.php?rest_route=%2Fwp%2Fv2%2Fmedia&parent=12751"}],"wp:term":[{"taxonomy":"product_brand","embeddable":true,"href":"https:\/\/buscoequipomedico.com\/index.php?rest_route=%2Fwp%2Fv2%2Fproduct_brand&post=12751"},{"taxonomy":"product_cat","embeddable":true,"href":"https:\/\/buscoequipomedico.com\/index.php?rest_route=%2Fwp%2Fv2%2Fproduct_cat&post=12751"},{"taxonomy":"product_tag","embeddable":true,"href":"https:\/\/buscoequipomedico.com\/index.php?rest_route=%2Fwp%2Fv2%2Fproduct_tag&post=12751"}],"curies":[{"name":"wp","href":"https:\/\/api.w.org\/{rel}","templated":true}]}}