{"id":12759,"date":"2020-02-18T07:36:06","date_gmt":"2020-02-18T07:36:06","guid":{"rendered":"https:\/\/equipomedicomexico-com.preview-domain.com\/product\/mesa-ginecologica-hidraulica\/"},"modified":"2020-02-18T07:36:09","modified_gmt":"2020-02-18T07:36:09","slug":"mesa-ginecologica-hidraulica","status":"publish","type":"product","link":"https:\/\/buscoequipomedico.com\/?product=mesa-ginecologica-hidraulica","title":{"rendered":"MESA GINECOLOGICA HIDRAULICA"},"content":{"rendered":"<p>Caracteristicas:<\/p>\n<\/p>\n<p>Sistema 100% hidraulico de aceite para la elevaci\u00f3n.\u00a0<\/p>\n<p>Mecanismos suaves y silenciosos.\u00a0<\/p>\n<p>Con dos pernos laterales para fijar la placa del asiento.\u00a0<\/p>\n<p>Con pedal para los movimientos de ascenso y descenso de la cubierta de la mesa.\u00a0<\/p>\n<p>Con pedal para colocar el seguro de la mesa.\u00a0<\/p>\n<p>Especificaciones:<\/p>\n<\/p>\n<p>Altura min. de la cubierta hacia el piso: 650 mm\u00a0<\/p>\n<p>Rango de ascenso y descenso de la cubierta: &gt;240 mm\u00a0<\/p>\n<p>Inclinaci\u00f3n hacia delante de la cubierta: &gt;8\u00aa\u00a0<\/p>\n<p>Inclinaci\u00f3n hacia atras de la cubierta: &gt;20\u00aa\u00a0<\/p>\n<p>Ascenso del respaldo: &gt;60\u00aa\u00a0<\/p>\n<p>Descenso del respaldo: &gt;10\u00aa\u00a0<\/p>\n<p>Dimensiones de la cubierta: 1240 x 590 mm\u00a0<\/p>\n<p>Dimensiones de la cubierta auxiliar: &gt; 500 x 540 mm\u00a0<\/p>\n","protected":false},"excerpt":{"rendered":"<p>Mesa ginecologica hidra\u00falica para diagnostico y parto (MT400) Cat SEW-3004 SMEW<\/p>\n<p>Incluye:<\/p>\n<\/p>\n<p>Descansa brazo\u00a0<\/p>\n<p>Pierneras &#8211; taloneras<\/p>\n","protected":false},"featured_media":12760,"template":"","meta":{"_joinchat":[]},"product_brand":[],"product_cat":[301],"product_tag":[],"class_list":{"0":"post-12759","1":"product","2":"type-product","3":"status-publish","4":"has-post-thumbnail","6":"product_cat-mesa-de-exploracion","7":"pa_marca-smew","9":"first","10":"instock","11":"purchasable","12":"product-type-simple"},"yoast_head":"<!-- This site is optimized with the Yoast SEO plugin v25.1 - https:\/\/yoast.com\/wordpress\/plugins\/seo\/ -->\n<title>MESA GINECOLOGICA HIDRAULICA - Tu mejor opci\u00f3n Equipo M\u00e9dico M\u00e9xico<\/title>\n<meta name=\"robots\" content=\"index, follow, max-snippet:-1, max-image-preview:large, max-video-preview:-1\" \/>\n<link rel=\"canonical\" href=\"https:\/\/buscoequipomedico.com\/?product=mesa-ginecologica-hidraulica\" \/>\n<meta property=\"og:locale\" content=\"es_ES\" \/>\n<meta property=\"og:type\" content=\"article\" \/>\n<meta property=\"og:title\" content=\"MESA GINECOLOGICA HIDRAULICA - Tu mejor opci\u00f3n Equipo M\u00e9dico M\u00e9xico\" \/>\n<meta property=\"og:description\" content=\"Mesa ginecologica hidra\u00falica para diagnostico y parto (MT400) Cat SEW-3004 SMEW Incluye: Descansa brazo\u00a0 Pierneras - taloneras\" \/>\n<meta property=\"og:url\" content=\"https:\/\/buscoequipomedico.com\/?product=mesa-ginecologica-hidraulica\" \/>\n<meta property=\"og:site_name\" content=\"Tu mejor opci\u00f3n Equipo M\u00e9dico M\u00e9xico\" \/>\n<meta property=\"article:modified_time\" content=\"2020-02-18T07:36:09+00:00\" \/>\n<meta property=\"og:image\" content=\"https:\/\/buscoequipomedico.com\/wp-content\/uploads\/2020\/02\/mesa-ginecologica-hidraulica-mesa-ginecologica-hidraulica-para-diagnostico-y-parto-mt400-cat-sew-3004-smew-incluye-descansa-braz.jpg\" \/>\n\t<meta property=\"og:image:width\" content=\"800\" \/>\n\t<meta property=\"og:image:height\" content=\"800\" \/>\n\t<meta property=\"og:image:type\" content=\"image\/png\" \/>\n<meta name=\"twitter:card\" content=\"summary_large_image\" \/>\n<meta name=\"twitter:label1\" content=\"Tiempo de lectura\" \/>\n\t<meta name=\"twitter:data1\" content=\"1 minuto\" \/>\n<script type=\"application\/ld+json\" class=\"yoast-schema-graph\">{\"@context\":\"https:\/\/schema.org\",\"@graph\":[{\"@type\":\"WebPage\",\"@id\":\"https:\/\/buscoequipomedico.com\/?product=mesa-ginecologica-hidraulica\",\"url\":\"https:\/\/buscoequipomedico.com\/?product=mesa-ginecologica-hidraulica\",\"name\":\"MESA GINECOLOGICA HIDRAULICA - Tu mejor opci\u00f3n Equipo M\u00e9dico M\u00e9xico\",\"isPartOf\":{\"@id\":\"https:\/\/buscoequipomedico.com\/#website\"},\"primaryImageOfPage\":{\"@id\":\"https:\/\/buscoequipomedico.com\/?product=mesa-ginecologica-hidraulica#primaryimage\"},\"image\":{\"@id\":\"https:\/\/buscoequipomedico.com\/?product=mesa-ginecologica-hidraulica#primaryimage\"},\"thumbnailUrl\":\"https:\/\/buscoequipomedico.com\/wp-content\/uploads\/2020\/02\/mesa-ginecologica-hidraulica-mesa-ginecologica-hidraulica-para-diagnostico-y-parto-mt400-cat-sew-3004-smew-incluye-descansa-braz.jpg\",\"datePublished\":\"2020-02-18T07:36:06+00:00\",\"dateModified\":\"2020-02-18T07:36:09+00:00\",\"breadcrumb\":{\"@id\":\"https:\/\/buscoequipomedico.com\/?product=mesa-ginecologica-hidraulica#breadcrumb\"},\"inLanguage\":\"es\",\"potentialAction\":[{\"@type\":\"ReadAction\",\"target\":[\"https:\/\/buscoequipomedico.com\/?product=mesa-ginecologica-hidraulica\"]}]},{\"@type\":\"ImageObject\",\"inLanguage\":\"es\",\"@id\":\"https:\/\/buscoequipomedico.com\/?product=mesa-ginecologica-hidraulica#primaryimage\",\"url\":\"https:\/\/buscoequipomedico.com\/wp-content\/uploads\/2020\/02\/mesa-ginecologica-hidraulica-mesa-ginecologica-hidraulica-para-diagnostico-y-parto-mt400-cat-sew-3004-smew-incluye-descansa-braz.jpg\",\"contentUrl\":\"https:\/\/buscoequipomedico.com\/wp-content\/uploads\/2020\/02\/mesa-ginecologica-hidraulica-mesa-ginecologica-hidraulica-para-diagnostico-y-parto-mt400-cat-sew-3004-smew-incluye-descansa-braz.jpg\",\"width\":800,\"height\":800},{\"@type\":\"BreadcrumbList\",\"@id\":\"https:\/\/buscoequipomedico.com\/?product=mesa-ginecologica-hidraulica#breadcrumb\",\"itemListElement\":[{\"@type\":\"ListItem\",\"position\":1,\"name\":\"Productos\",\"item\":\"https:\/\/buscoequipomedico.com\/shop\/\"},{\"@type\":\"ListItem\",\"position\":2,\"name\":\"MESA GINECOLOGICA HIDRAULICA\"}]},{\"@type\":\"WebSite\",\"@id\":\"https:\/\/buscoequipomedico.com\/#website\",\"url\":\"https:\/\/buscoequipomedico.com\/\",\"name\":\"Tu mejor opci\u00f3n Equipo M\u00e9dico M\u00e9xico\",\"description\":\"Tienda de equipo m\u00e9dico\",\"publisher\":{\"@id\":\"https:\/\/buscoequipomedico.com\/#organization\"},\"potentialAction\":[{\"@type\":\"SearchAction\",\"target\":{\"@type\":\"EntryPoint\",\"urlTemplate\":\"https:\/\/buscoequipomedico.com\/?s={search_term_string}\"},\"query-input\":{\"@type\":\"PropertyValueSpecification\",\"valueRequired\":true,\"valueName\":\"search_term_string\"}}],\"inLanguage\":\"es\"},{\"@type\":\"Organization\",\"@id\":\"https:\/\/buscoequipomedico.com\/#organization\",\"name\":\"Tu mejor opci\u00f3n Equipo M\u00e9dico M\u00e9xico\",\"url\":\"https:\/\/buscoequipomedico.com\/\",\"logo\":{\"@type\":\"ImageObject\",\"inLanguage\":\"es\",\"@id\":\"https:\/\/buscoequipomedico.com\/#\/schema\/logo\/image\/\",\"url\":\"https:\/\/buscoequipomedico.com\/wp-content\/uploads\/2021\/07\/EMM-VPrincipal-scaled.jpg\",\"contentUrl\":\"https:\/\/buscoequipomedico.com\/wp-content\/uploads\/2021\/07\/EMM-VPrincipal-scaled.jpg\",\"width\":2560,\"height\":1058,\"caption\":\"Tu mejor opci\u00f3n Equipo M\u00e9dico M\u00e9xico\"},\"image\":{\"@id\":\"https:\/\/buscoequipomedico.com\/#\/schema\/logo\/image\/\"}}]}<\/script>\n<!-- \/ Yoast SEO plugin. -->","yoast_head_json":{"title":"MESA GINECOLOGICA HIDRAULICA - Tu mejor opci\u00f3n Equipo M\u00e9dico M\u00e9xico","robots":{"index":"index","follow":"follow","max-snippet":"max-snippet:-1","max-image-preview":"max-image-preview:large","max-video-preview":"max-video-preview:-1"},"canonical":"https:\/\/buscoequipomedico.com\/?product=mesa-ginecologica-hidraulica","og_locale":"es_ES","og_type":"article","og_title":"MESA GINECOLOGICA HIDRAULICA - Tu mejor opci\u00f3n Equipo M\u00e9dico M\u00e9xico","og_description":"Mesa ginecologica hidra\u00falica para diagnostico y parto (MT400) Cat SEW-3004 SMEW Incluye: Descansa brazo\u00a0 Pierneras - taloneras","og_url":"https:\/\/buscoequipomedico.com\/?product=mesa-ginecologica-hidraulica","og_site_name":"Tu mejor opci\u00f3n Equipo M\u00e9dico M\u00e9xico","article_modified_time":"2020-02-18T07:36:09+00:00","og_image":[{"width":800,"height":800,"url":"https:\/\/buscoequipomedico.com\/wp-content\/uploads\/2020\/02\/mesa-ginecologica-hidraulica-mesa-ginecologica-hidraulica-para-diagnostico-y-parto-mt400-cat-sew-3004-smew-incluye-descansa-braz.jpg","type":"image\/png"}],"twitter_card":"summary_large_image","twitter_misc":{"Tiempo de lectura":"1 minuto"},"schema":{"@context":"https:\/\/schema.org","@graph":[{"@type":"WebPage","@id":"https:\/\/buscoequipomedico.com\/?product=mesa-ginecologica-hidraulica","url":"https:\/\/buscoequipomedico.com\/?product=mesa-ginecologica-hidraulica","name":"MESA GINECOLOGICA HIDRAULICA - Tu mejor opci\u00f3n Equipo M\u00e9dico M\u00e9xico","isPartOf":{"@id":"https:\/\/buscoequipomedico.com\/#website"},"primaryImageOfPage":{"@id":"https:\/\/buscoequipomedico.com\/?product=mesa-ginecologica-hidraulica#primaryimage"},"image":{"@id":"https:\/\/buscoequipomedico.com\/?product=mesa-ginecologica-hidraulica#primaryimage"},"thumbnailUrl":"https:\/\/buscoequipomedico.com\/wp-content\/uploads\/2020\/02\/mesa-ginecologica-hidraulica-mesa-ginecologica-hidraulica-para-diagnostico-y-parto-mt400-cat-sew-3004-smew-incluye-descansa-braz.jpg","datePublished":"2020-02-18T07:36:06+00:00","dateModified":"2020-02-18T07:36:09+00:00","breadcrumb":{"@id":"https:\/\/buscoequipomedico.com\/?product=mesa-ginecologica-hidraulica#breadcrumb"},"inLanguage":"es","potentialAction":[{"@type":"ReadAction","target":["https:\/\/buscoequipomedico.com\/?product=mesa-ginecologica-hidraulica"]}]},{"@type":"ImageObject","inLanguage":"es","@id":"https:\/\/buscoequipomedico.com\/?product=mesa-ginecologica-hidraulica#primaryimage","url":"https:\/\/buscoequipomedico.com\/wp-content\/uploads\/2020\/02\/mesa-ginecologica-hidraulica-mesa-ginecologica-hidraulica-para-diagnostico-y-parto-mt400-cat-sew-3004-smew-incluye-descansa-braz.jpg","contentUrl":"https:\/\/buscoequipomedico.com\/wp-content\/uploads\/2020\/02\/mesa-ginecologica-hidraulica-mesa-ginecologica-hidraulica-para-diagnostico-y-parto-mt400-cat-sew-3004-smew-incluye-descansa-braz.jpg","width":800,"height":800},{"@type":"BreadcrumbList","@id":"https:\/\/buscoequipomedico.com\/?product=mesa-ginecologica-hidraulica#breadcrumb","itemListElement":[{"@type":"ListItem","position":1,"name":"Productos","item":"https:\/\/buscoequipomedico.com\/shop\/"},{"@type":"ListItem","position":2,"name":"MESA GINECOLOGICA HIDRAULICA"}]},{"@type":"WebSite","@id":"https:\/\/buscoequipomedico.com\/#website","url":"https:\/\/buscoequipomedico.com\/","name":"Tu mejor opci\u00f3n Equipo M\u00e9dico M\u00e9xico","description":"Tienda de equipo m\u00e9dico","publisher":{"@id":"https:\/\/buscoequipomedico.com\/#organization"},"potentialAction":[{"@type":"SearchAction","target":{"@type":"EntryPoint","urlTemplate":"https:\/\/buscoequipomedico.com\/?s={search_term_string}"},"query-input":{"@type":"PropertyValueSpecification","valueRequired":true,"valueName":"search_term_string"}}],"inLanguage":"es"},{"@type":"Organization","@id":"https:\/\/buscoequipomedico.com\/#organization","name":"Tu mejor opci\u00f3n Equipo M\u00e9dico M\u00e9xico","url":"https:\/\/buscoequipomedico.com\/","logo":{"@type":"ImageObject","inLanguage":"es","@id":"https:\/\/buscoequipomedico.com\/#\/schema\/logo\/image\/","url":"https:\/\/buscoequipomedico.com\/wp-content\/uploads\/2021\/07\/EMM-VPrincipal-scaled.jpg","contentUrl":"https:\/\/buscoequipomedico.com\/wp-content\/uploads\/2021\/07\/EMM-VPrincipal-scaled.jpg","width":2560,"height":1058,"caption":"Tu mejor opci\u00f3n Equipo M\u00e9dico M\u00e9xico"},"image":{"@id":"https:\/\/buscoequipomedico.com\/#\/schema\/logo\/image\/"}}]}},"_links":{"self":[{"href":"https:\/\/buscoequipomedico.com\/index.php?rest_route=\/wp\/v2\/product\/12759","targetHints":{"allow":["GET"]}}],"collection":[{"href":"https:\/\/buscoequipomedico.com\/index.php?rest_route=\/wp\/v2\/product"}],"about":[{"href":"https:\/\/buscoequipomedico.com\/index.php?rest_route=\/wp\/v2\/types\/product"}],"wp:featuredmedia":[{"embeddable":true,"href":"https:\/\/buscoequipomedico.com\/index.php?rest_route=\/wp\/v2\/media\/12760"}],"wp:attachment":[{"href":"https:\/\/buscoequipomedico.com\/index.php?rest_route=%2Fwp%2Fv2%2Fmedia&parent=12759"}],"wp:term":[{"taxonomy":"product_brand","embeddable":true,"href":"https:\/\/buscoequipomedico.com\/index.php?rest_route=%2Fwp%2Fv2%2Fproduct_brand&post=12759"},{"taxonomy":"product_cat","embeddable":true,"href":"https:\/\/buscoequipomedico.com\/index.php?rest_route=%2Fwp%2Fv2%2Fproduct_cat&post=12759"},{"taxonomy":"product_tag","embeddable":true,"href":"https:\/\/buscoequipomedico.com\/index.php?rest_route=%2Fwp%2Fv2%2Fproduct_tag&post=12759"}],"curies":[{"name":"wp","href":"https:\/\/api.w.org\/{rel}","templated":true}]}}