{"id":12767,"date":"2020-02-18T07:36:06","date_gmt":"2020-02-18T07:36:06","guid":{"rendered":"https:\/\/equipomedicomexico-com.preview-domain.com\/product\/mesa-con-elevador-0-a-90-grados-gris\/"},"modified":"2020-02-18T07:36:10","modified_gmt":"2020-02-18T07:36:10","slug":"mesa-con-elevador-0-a-90-grados-gris","status":"publish","type":"product","link":"https:\/\/buscoequipomedico.com\/?product=mesa-con-elevador-0-a-90-grados-gris","title":{"rendered":"MESA CON ELEVADOR 0 A 90 GRADOS GRIS"},"content":{"rendered":"<p>Una manija de liberaci\u00f3n de inclinaci\u00f3n de emergencia baja manualmente la mesa de la posici\u00f3n inclinada a la posici\u00f3n horizontal.<\/p>\n<\/p>\n<p>Motores duales para posicionamiento horizontal y vertical<\/p>\n<\/p>\n<p>Control manos libres o control manual disponible<\/p>\n<\/p>\n<p>Mesa el\u00e9ctrica que se inclina de 0 a 90\u00b0<\/p>\n<p>Capacidad de peso: 500 lbs.<\/p>\n","protected":false},"excerpt":{"rendered":"<p>La construcci\u00f3n r\u00edgida permite que la mesa permanezca estable en cualquier \u00e1ngulo de inclinaci\u00f3n o altura. El dise\u00f1o del marco permite la accesibilidad de la elevaci\u00f3n del paciente y una mayor facilidad en la transferencia de pacientes.<\/p>\n<\/p>\n<p>La mesa de entrenamiento, 3 correas de seguridad y el estribo pivotante \/ inclinable lo hacen ideal para las casas de reposo y la rehabilitaci\u00f3n de la vida asistida.<\/p>\n","protected":false},"featured_media":12768,"template":"","meta":{"_joinchat":[]},"product_brand":[],"product_cat":[301],"product_tag":[],"class_list":{"0":"post-12767","1":"product","2":"type-product","3":"status-publish","4":"has-post-thumbnail","6":"product_cat-mesa-de-exploracion","7":"pa_marca-dynatronics","9":"first","10":"instock","11":"purchasable","12":"product-type-simple"},"yoast_head":"<!-- This site is optimized with the Yoast SEO plugin v25.1 - https:\/\/yoast.com\/wordpress\/plugins\/seo\/ -->\n<title>MESA CON ELEVADOR 0 A 90 GRADOS GRIS - Tu mejor opci\u00f3n Equipo M\u00e9dico M\u00e9xico<\/title>\n<meta name=\"robots\" content=\"index, follow, max-snippet:-1, max-image-preview:large, max-video-preview:-1\" \/>\n<link rel=\"canonical\" href=\"https:\/\/buscoequipomedico.com\/?product=mesa-con-elevador-0-a-90-grados-gris\" \/>\n<meta property=\"og:locale\" content=\"es_ES\" \/>\n<meta property=\"og:type\" content=\"article\" \/>\n<meta property=\"og:title\" content=\"MESA CON ELEVADOR 0 A 90 GRADOS GRIS - Tu mejor opci\u00f3n Equipo M\u00e9dico M\u00e9xico\" \/>\n<meta property=\"og:description\" content=\"La construcci\u00f3n r\u00edgida permite que la mesa permanezca estable en cualquier \u00e1ngulo de inclinaci\u00f3n o altura. El dise\u00f1o del marco permite la accesibilidad de la elevaci\u00f3n del paciente y una mayor facilidad en la transferencia de pacientes. La mesa de entrenamiento, 3 correas de seguridad y el estribo pivotante \/ inclinable lo hacen ideal para las casas de reposo y la rehabilitaci\u00f3n de la vida asistida.\" \/>\n<meta property=\"og:url\" content=\"https:\/\/buscoequipomedico.com\/?product=mesa-con-elevador-0-a-90-grados-gris\" \/>\n<meta property=\"og:site_name\" content=\"Tu mejor opci\u00f3n Equipo M\u00e9dico M\u00e9xico\" \/>\n<meta property=\"article:modified_time\" content=\"2020-02-18T07:36:10+00:00\" \/>\n<meta property=\"og:image\" content=\"https:\/\/buscoequipomedico.com\/wp-content\/uploads\/2020\/02\/mesa-con-elevador-0-a-90-grados-gris-la-construccion-rigida-permite-que-la-mesa-permanezca-estable-en-cualquier-angulo-de-inclin.jpg\" \/>\n\t<meta property=\"og:image:width\" content=\"800\" \/>\n\t<meta property=\"og:image:height\" content=\"800\" \/>\n\t<meta property=\"og:image:type\" content=\"image\/png\" \/>\n<meta name=\"twitter:card\" content=\"summary_large_image\" \/>\n<script type=\"application\/ld+json\" class=\"yoast-schema-graph\">{\"@context\":\"https:\/\/schema.org\",\"@graph\":[{\"@type\":\"WebPage\",\"@id\":\"https:\/\/buscoequipomedico.com\/?product=mesa-con-elevador-0-a-90-grados-gris\",\"url\":\"https:\/\/buscoequipomedico.com\/?product=mesa-con-elevador-0-a-90-grados-gris\",\"name\":\"MESA CON ELEVADOR 0 A 90 GRADOS GRIS - Tu mejor opci\u00f3n Equipo M\u00e9dico M\u00e9xico\",\"isPartOf\":{\"@id\":\"https:\/\/buscoequipomedico.com\/#website\"},\"primaryImageOfPage\":{\"@id\":\"https:\/\/buscoequipomedico.com\/?product=mesa-con-elevador-0-a-90-grados-gris#primaryimage\"},\"image\":{\"@id\":\"https:\/\/buscoequipomedico.com\/?product=mesa-con-elevador-0-a-90-grados-gris#primaryimage\"},\"thumbnailUrl\":\"https:\/\/buscoequipomedico.com\/wp-content\/uploads\/2020\/02\/mesa-con-elevador-0-a-90-grados-gris-la-construccion-rigida-permite-que-la-mesa-permanezca-estable-en-cualquier-angulo-de-inclin.jpg\",\"datePublished\":\"2020-02-18T07:36:06+00:00\",\"dateModified\":\"2020-02-18T07:36:10+00:00\",\"breadcrumb\":{\"@id\":\"https:\/\/buscoequipomedico.com\/?product=mesa-con-elevador-0-a-90-grados-gris#breadcrumb\"},\"inLanguage\":\"es\",\"potentialAction\":[{\"@type\":\"ReadAction\",\"target\":[\"https:\/\/buscoequipomedico.com\/?product=mesa-con-elevador-0-a-90-grados-gris\"]}]},{\"@type\":\"ImageObject\",\"inLanguage\":\"es\",\"@id\":\"https:\/\/buscoequipomedico.com\/?product=mesa-con-elevador-0-a-90-grados-gris#primaryimage\",\"url\":\"https:\/\/buscoequipomedico.com\/wp-content\/uploads\/2020\/02\/mesa-con-elevador-0-a-90-grados-gris-la-construccion-rigida-permite-que-la-mesa-permanezca-estable-en-cualquier-angulo-de-inclin.jpg\",\"contentUrl\":\"https:\/\/buscoequipomedico.com\/wp-content\/uploads\/2020\/02\/mesa-con-elevador-0-a-90-grados-gris-la-construccion-rigida-permite-que-la-mesa-permanezca-estable-en-cualquier-angulo-de-inclin.jpg\",\"width\":800,\"height\":800},{\"@type\":\"BreadcrumbList\",\"@id\":\"https:\/\/buscoequipomedico.com\/?product=mesa-con-elevador-0-a-90-grados-gris#breadcrumb\",\"itemListElement\":[{\"@type\":\"ListItem\",\"position\":1,\"name\":\"Productos\",\"item\":\"https:\/\/buscoequipomedico.com\/shop\/\"},{\"@type\":\"ListItem\",\"position\":2,\"name\":\"MESA CON ELEVADOR 0 A 90 GRADOS GRIS\"}]},{\"@type\":\"WebSite\",\"@id\":\"https:\/\/buscoequipomedico.com\/#website\",\"url\":\"https:\/\/buscoequipomedico.com\/\",\"name\":\"Tu mejor opci\u00f3n Equipo M\u00e9dico M\u00e9xico\",\"description\":\"Tienda de equipo m\u00e9dico\",\"publisher\":{\"@id\":\"https:\/\/buscoequipomedico.com\/#organization\"},\"potentialAction\":[{\"@type\":\"SearchAction\",\"target\":{\"@type\":\"EntryPoint\",\"urlTemplate\":\"https:\/\/buscoequipomedico.com\/?s={search_term_string}\"},\"query-input\":{\"@type\":\"PropertyValueSpecification\",\"valueRequired\":true,\"valueName\":\"search_term_string\"}}],\"inLanguage\":\"es\"},{\"@type\":\"Organization\",\"@id\":\"https:\/\/buscoequipomedico.com\/#organization\",\"name\":\"Tu mejor opci\u00f3n Equipo M\u00e9dico M\u00e9xico\",\"url\":\"https:\/\/buscoequipomedico.com\/\",\"logo\":{\"@type\":\"ImageObject\",\"inLanguage\":\"es\",\"@id\":\"https:\/\/buscoequipomedico.com\/#\/schema\/logo\/image\/\",\"url\":\"https:\/\/buscoequipomedico.com\/wp-content\/uploads\/2021\/07\/EMM-VPrincipal-scaled.jpg\",\"contentUrl\":\"https:\/\/buscoequipomedico.com\/wp-content\/uploads\/2021\/07\/EMM-VPrincipal-scaled.jpg\",\"width\":2560,\"height\":1058,\"caption\":\"Tu mejor opci\u00f3n Equipo M\u00e9dico M\u00e9xico\"},\"image\":{\"@id\":\"https:\/\/buscoequipomedico.com\/#\/schema\/logo\/image\/\"}}]}<\/script>\n<!-- \/ Yoast SEO plugin. -->","yoast_head_json":{"title":"MESA CON ELEVADOR 0 A 90 GRADOS GRIS - Tu mejor opci\u00f3n Equipo M\u00e9dico M\u00e9xico","robots":{"index":"index","follow":"follow","max-snippet":"max-snippet:-1","max-image-preview":"max-image-preview:large","max-video-preview":"max-video-preview:-1"},"canonical":"https:\/\/buscoequipomedico.com\/?product=mesa-con-elevador-0-a-90-grados-gris","og_locale":"es_ES","og_type":"article","og_title":"MESA CON ELEVADOR 0 A 90 GRADOS GRIS - Tu mejor opci\u00f3n Equipo M\u00e9dico M\u00e9xico","og_description":"La construcci\u00f3n r\u00edgida permite que la mesa permanezca estable en cualquier \u00e1ngulo de inclinaci\u00f3n o altura. El dise\u00f1o del marco permite la accesibilidad de la elevaci\u00f3n del paciente y una mayor facilidad en la transferencia de pacientes. La mesa de entrenamiento, 3 correas de seguridad y el estribo pivotante \/ inclinable lo hacen ideal para las casas de reposo y la rehabilitaci\u00f3n de la vida asistida.","og_url":"https:\/\/buscoequipomedico.com\/?product=mesa-con-elevador-0-a-90-grados-gris","og_site_name":"Tu mejor opci\u00f3n Equipo M\u00e9dico M\u00e9xico","article_modified_time":"2020-02-18T07:36:10+00:00","og_image":[{"width":800,"height":800,"url":"https:\/\/buscoequipomedico.com\/wp-content\/uploads\/2020\/02\/mesa-con-elevador-0-a-90-grados-gris-la-construccion-rigida-permite-que-la-mesa-permanezca-estable-en-cualquier-angulo-de-inclin.jpg","type":"image\/png"}],"twitter_card":"summary_large_image","schema":{"@context":"https:\/\/schema.org","@graph":[{"@type":"WebPage","@id":"https:\/\/buscoequipomedico.com\/?product=mesa-con-elevador-0-a-90-grados-gris","url":"https:\/\/buscoequipomedico.com\/?product=mesa-con-elevador-0-a-90-grados-gris","name":"MESA CON ELEVADOR 0 A 90 GRADOS GRIS - Tu mejor opci\u00f3n Equipo M\u00e9dico M\u00e9xico","isPartOf":{"@id":"https:\/\/buscoequipomedico.com\/#website"},"primaryImageOfPage":{"@id":"https:\/\/buscoequipomedico.com\/?product=mesa-con-elevador-0-a-90-grados-gris#primaryimage"},"image":{"@id":"https:\/\/buscoequipomedico.com\/?product=mesa-con-elevador-0-a-90-grados-gris#primaryimage"},"thumbnailUrl":"https:\/\/buscoequipomedico.com\/wp-content\/uploads\/2020\/02\/mesa-con-elevador-0-a-90-grados-gris-la-construccion-rigida-permite-que-la-mesa-permanezca-estable-en-cualquier-angulo-de-inclin.jpg","datePublished":"2020-02-18T07:36:06+00:00","dateModified":"2020-02-18T07:36:10+00:00","breadcrumb":{"@id":"https:\/\/buscoequipomedico.com\/?product=mesa-con-elevador-0-a-90-grados-gris#breadcrumb"},"inLanguage":"es","potentialAction":[{"@type":"ReadAction","target":["https:\/\/buscoequipomedico.com\/?product=mesa-con-elevador-0-a-90-grados-gris"]}]},{"@type":"ImageObject","inLanguage":"es","@id":"https:\/\/buscoequipomedico.com\/?product=mesa-con-elevador-0-a-90-grados-gris#primaryimage","url":"https:\/\/buscoequipomedico.com\/wp-content\/uploads\/2020\/02\/mesa-con-elevador-0-a-90-grados-gris-la-construccion-rigida-permite-que-la-mesa-permanezca-estable-en-cualquier-angulo-de-inclin.jpg","contentUrl":"https:\/\/buscoequipomedico.com\/wp-content\/uploads\/2020\/02\/mesa-con-elevador-0-a-90-grados-gris-la-construccion-rigida-permite-que-la-mesa-permanezca-estable-en-cualquier-angulo-de-inclin.jpg","width":800,"height":800},{"@type":"BreadcrumbList","@id":"https:\/\/buscoequipomedico.com\/?product=mesa-con-elevador-0-a-90-grados-gris#breadcrumb","itemListElement":[{"@type":"ListItem","position":1,"name":"Productos","item":"https:\/\/buscoequipomedico.com\/shop\/"},{"@type":"ListItem","position":2,"name":"MESA CON ELEVADOR 0 A 90 GRADOS GRIS"}]},{"@type":"WebSite","@id":"https:\/\/buscoequipomedico.com\/#website","url":"https:\/\/buscoequipomedico.com\/","name":"Tu mejor opci\u00f3n Equipo M\u00e9dico M\u00e9xico","description":"Tienda de equipo m\u00e9dico","publisher":{"@id":"https:\/\/buscoequipomedico.com\/#organization"},"potentialAction":[{"@type":"SearchAction","target":{"@type":"EntryPoint","urlTemplate":"https:\/\/buscoequipomedico.com\/?s={search_term_string}"},"query-input":{"@type":"PropertyValueSpecification","valueRequired":true,"valueName":"search_term_string"}}],"inLanguage":"es"},{"@type":"Organization","@id":"https:\/\/buscoequipomedico.com\/#organization","name":"Tu mejor opci\u00f3n Equipo M\u00e9dico M\u00e9xico","url":"https:\/\/buscoequipomedico.com\/","logo":{"@type":"ImageObject","inLanguage":"es","@id":"https:\/\/buscoequipomedico.com\/#\/schema\/logo\/image\/","url":"https:\/\/buscoequipomedico.com\/wp-content\/uploads\/2021\/07\/EMM-VPrincipal-scaled.jpg","contentUrl":"https:\/\/buscoequipomedico.com\/wp-content\/uploads\/2021\/07\/EMM-VPrincipal-scaled.jpg","width":2560,"height":1058,"caption":"Tu mejor opci\u00f3n Equipo M\u00e9dico M\u00e9xico"},"image":{"@id":"https:\/\/buscoequipomedico.com\/#\/schema\/logo\/image\/"}}]}},"_links":{"self":[{"href":"https:\/\/buscoequipomedico.com\/index.php?rest_route=\/wp\/v2\/product\/12767","targetHints":{"allow":["GET"]}}],"collection":[{"href":"https:\/\/buscoequipomedico.com\/index.php?rest_route=\/wp\/v2\/product"}],"about":[{"href":"https:\/\/buscoequipomedico.com\/index.php?rest_route=\/wp\/v2\/types\/product"}],"wp:featuredmedia":[{"embeddable":true,"href":"https:\/\/buscoequipomedico.com\/index.php?rest_route=\/wp\/v2\/media\/12768"}],"wp:attachment":[{"href":"https:\/\/buscoequipomedico.com\/index.php?rest_route=%2Fwp%2Fv2%2Fmedia&parent=12767"}],"wp:term":[{"taxonomy":"product_brand","embeddable":true,"href":"https:\/\/buscoequipomedico.com\/index.php?rest_route=%2Fwp%2Fv2%2Fproduct_brand&post=12767"},{"taxonomy":"product_cat","embeddable":true,"href":"https:\/\/buscoequipomedico.com\/index.php?rest_route=%2Fwp%2Fv2%2Fproduct_cat&post=12767"},{"taxonomy":"product_tag","embeddable":true,"href":"https:\/\/buscoequipomedico.com\/index.php?rest_route=%2Fwp%2Fv2%2Fproduct_tag&post=12767"}],"curies":[{"name":"wp","href":"https:\/\/api.w.org\/{rel}","templated":true}]}}