{"id":12769,"date":"2020-02-18T07:36:06","date_gmt":"2020-02-18T07:36:06","guid":{"rendered":"https:\/\/equipomedicomexico-com.preview-domain.com\/product\/mesa-de-exploracion-ritter-manual-curative-copper\/"},"modified":"2020-02-18T07:36:10","modified_gmt":"2020-02-18T07:36:10","slug":"mesa-de-exploracion-ritter-manual-curative-copper","status":"publish","type":"product","link":"https:\/\/buscoequipomedico.com\/?product=mesa-de-exploracion-ritter-manual-curative-copper","title":{"rendered":"MESA DE EXPLORACION RITTER MANUAL CURATIVE COPPER"},"content":{"rendered":"<p><span>\u00a0-Mesa de ex\u00e1men de f\u00e1cil acceso para sus pacientes.<\/span><\/p>\n<p><span> -Tres gavetas laterales para un \u00f3ptimo manejo de los suministros. <\/span><\/p>\n<p><span>-Cubierta renovada y de dise\u00f1o ergon\u00f3mico para mayor comodidad de los pacientes. <\/span><\/p>\n<p><span>-Capacidad de soporte de peso adicional para soportar a los pacientes de mayor peso: 227 kilos (500 libras). <\/span><\/p>\n<p><span>-Gavetas de una sola pieza sin uniones. <\/span><\/p>\n<p><span>-Gavetas laterales espaciosas. <\/span><\/p>\n<p><span>-Pelda\u00f1o ampliado a m\u00e1s de un 40 por ciento por encima del est\u00e1ndar de la industria.<\/span><\/p>\n<p><span> Elegante y f\u00e1cil de limpiar: el dise\u00f1o ergon\u00f3mico de la cubierta tapizada es tan suave y c\u00f3moda como se ve, haciendo que sus pacientes se sientan m\u00e1s relajados. <\/span><\/p>\n<p><span>La tapicer\u00eda sin costuras elimina las \u00e1reas en donde se pueda acumular la suciedad y bacterias, haciendo la limpieza m\u00e1s f\u00e1cil, r\u00e1pida y efectiva. <\/span><\/p>\n<p><span>Sistema de cubierta removible: la cubierta tapizada de una sola pieza, se puede remover f\u00e1cilmente sin usar herramientas, lo que permite una limpieza minuciosa o el cambio r\u00e1pido por una de otro color. <\/span><\/p>\n<p><span>\u00a0Las fotos son una muestra y pueden no coincidir con el producto.<\/span><\/p>\n","protected":false},"excerpt":{"rendered":"<p>Con lo m\u00e1s novedoso en dise\u00f1o, comodidad y funcionalidad en mesas de ex\u00e1men manual, esta mesa realmente le ofrece eficiencia en el cuidado de sus pacientes.<\/p>\n","protected":false},"featured_media":12770,"template":"","meta":{"_joinchat":[]},"product_brand":[],"product_cat":[301],"product_tag":[],"class_list":{"0":"post-12769","1":"product","2":"type-product","3":"status-publish","4":"has-post-thumbnail","6":"product_cat-mesa-de-exploracion","7":"pa_marca-ritter","9":"first","10":"instock","11":"purchasable","12":"product-type-simple"},"yoast_head":"<!-- This site is optimized with the Yoast SEO plugin v25.1 - https:\/\/yoast.com\/wordpress\/plugins\/seo\/ -->\n<title>MESA DE EXPLORACION RITTER MANUAL CURATIVE COPPER - Tu mejor opci\u00f3n Equipo M\u00e9dico M\u00e9xico<\/title>\n<meta name=\"robots\" content=\"index, follow, max-snippet:-1, max-image-preview:large, max-video-preview:-1\" \/>\n<link rel=\"canonical\" href=\"https:\/\/buscoequipomedico.com\/?product=mesa-de-exploracion-ritter-manual-curative-copper\" \/>\n<meta property=\"og:locale\" content=\"es_ES\" \/>\n<meta property=\"og:type\" content=\"article\" \/>\n<meta property=\"og:title\" content=\"MESA DE EXPLORACION RITTER MANUAL CURATIVE COPPER - Tu mejor opci\u00f3n Equipo M\u00e9dico M\u00e9xico\" \/>\n<meta property=\"og:description\" content=\"Con lo m\u00e1s novedoso en dise\u00f1o, comodidad y funcionalidad en mesas de ex\u00e1men manual, esta mesa realmente le ofrece eficiencia en el cuidado de sus pacientes.\" \/>\n<meta property=\"og:url\" content=\"https:\/\/buscoequipomedico.com\/?product=mesa-de-exploracion-ritter-manual-curative-copper\" \/>\n<meta property=\"og:site_name\" content=\"Tu mejor opci\u00f3n Equipo M\u00e9dico M\u00e9xico\" \/>\n<meta property=\"article:modified_time\" content=\"2020-02-18T07:36:10+00:00\" \/>\n<meta property=\"og:image\" content=\"https:\/\/buscoequipomedico.com\/wp-content\/uploads\/2020\/02\/mesa-de-exploracion-ritter-manual-curative-copper-con-lo-mas-novedoso-en-diseno-comodidad-y-funcionalidad-en-mesas-de-examen-man.jpg\" \/>\n\t<meta property=\"og:image:width\" content=\"800\" \/>\n\t<meta property=\"og:image:height\" content=\"800\" \/>\n\t<meta property=\"og:image:type\" content=\"image\/png\" \/>\n<meta name=\"twitter:card\" content=\"summary_large_image\" \/>\n<meta name=\"twitter:label1\" content=\"Tiempo de lectura\" \/>\n\t<meta name=\"twitter:data1\" content=\"1 minuto\" \/>\n<script type=\"application\/ld+json\" class=\"yoast-schema-graph\">{\"@context\":\"https:\/\/schema.org\",\"@graph\":[{\"@type\":\"WebPage\",\"@id\":\"https:\/\/buscoequipomedico.com\/?product=mesa-de-exploracion-ritter-manual-curative-copper\",\"url\":\"https:\/\/buscoequipomedico.com\/?product=mesa-de-exploracion-ritter-manual-curative-copper\",\"name\":\"MESA DE EXPLORACION RITTER MANUAL CURATIVE COPPER - Tu mejor opci\u00f3n Equipo M\u00e9dico M\u00e9xico\",\"isPartOf\":{\"@id\":\"https:\/\/buscoequipomedico.com\/#website\"},\"primaryImageOfPage\":{\"@id\":\"https:\/\/buscoequipomedico.com\/?product=mesa-de-exploracion-ritter-manual-curative-copper#primaryimage\"},\"image\":{\"@id\":\"https:\/\/buscoequipomedico.com\/?product=mesa-de-exploracion-ritter-manual-curative-copper#primaryimage\"},\"thumbnailUrl\":\"https:\/\/buscoequipomedico.com\/wp-content\/uploads\/2020\/02\/mesa-de-exploracion-ritter-manual-curative-copper-con-lo-mas-novedoso-en-diseno-comodidad-y-funcionalidad-en-mesas-de-examen-man.jpg\",\"datePublished\":\"2020-02-18T07:36:06+00:00\",\"dateModified\":\"2020-02-18T07:36:10+00:00\",\"breadcrumb\":{\"@id\":\"https:\/\/buscoequipomedico.com\/?product=mesa-de-exploracion-ritter-manual-curative-copper#breadcrumb\"},\"inLanguage\":\"es\",\"potentialAction\":[{\"@type\":\"ReadAction\",\"target\":[\"https:\/\/buscoequipomedico.com\/?product=mesa-de-exploracion-ritter-manual-curative-copper\"]}]},{\"@type\":\"ImageObject\",\"inLanguage\":\"es\",\"@id\":\"https:\/\/buscoequipomedico.com\/?product=mesa-de-exploracion-ritter-manual-curative-copper#primaryimage\",\"url\":\"https:\/\/buscoequipomedico.com\/wp-content\/uploads\/2020\/02\/mesa-de-exploracion-ritter-manual-curative-copper-con-lo-mas-novedoso-en-diseno-comodidad-y-funcionalidad-en-mesas-de-examen-man.jpg\",\"contentUrl\":\"https:\/\/buscoequipomedico.com\/wp-content\/uploads\/2020\/02\/mesa-de-exploracion-ritter-manual-curative-copper-con-lo-mas-novedoso-en-diseno-comodidad-y-funcionalidad-en-mesas-de-examen-man.jpg\",\"width\":800,\"height\":800},{\"@type\":\"BreadcrumbList\",\"@id\":\"https:\/\/buscoequipomedico.com\/?product=mesa-de-exploracion-ritter-manual-curative-copper#breadcrumb\",\"itemListElement\":[{\"@type\":\"ListItem\",\"position\":1,\"name\":\"Productos\",\"item\":\"https:\/\/buscoequipomedico.com\/shop\/\"},{\"@type\":\"ListItem\",\"position\":2,\"name\":\"MESA DE EXPLORACION RITTER MANUAL CURATIVE COPPER\"}]},{\"@type\":\"WebSite\",\"@id\":\"https:\/\/buscoequipomedico.com\/#website\",\"url\":\"https:\/\/buscoequipomedico.com\/\",\"name\":\"Tu mejor opci\u00f3n Equipo M\u00e9dico M\u00e9xico\",\"description\":\"Tienda de equipo m\u00e9dico\",\"publisher\":{\"@id\":\"https:\/\/buscoequipomedico.com\/#organization\"},\"potentialAction\":[{\"@type\":\"SearchAction\",\"target\":{\"@type\":\"EntryPoint\",\"urlTemplate\":\"https:\/\/buscoequipomedico.com\/?s={search_term_string}\"},\"query-input\":{\"@type\":\"PropertyValueSpecification\",\"valueRequired\":true,\"valueName\":\"search_term_string\"}}],\"inLanguage\":\"es\"},{\"@type\":\"Organization\",\"@id\":\"https:\/\/buscoequipomedico.com\/#organization\",\"name\":\"Tu mejor opci\u00f3n Equipo M\u00e9dico M\u00e9xico\",\"url\":\"https:\/\/buscoequipomedico.com\/\",\"logo\":{\"@type\":\"ImageObject\",\"inLanguage\":\"es\",\"@id\":\"https:\/\/buscoequipomedico.com\/#\/schema\/logo\/image\/\",\"url\":\"https:\/\/buscoequipomedico.com\/wp-content\/uploads\/2021\/07\/EMM-VPrincipal-scaled.jpg\",\"contentUrl\":\"https:\/\/buscoequipomedico.com\/wp-content\/uploads\/2021\/07\/EMM-VPrincipal-scaled.jpg\",\"width\":2560,\"height\":1058,\"caption\":\"Tu mejor opci\u00f3n Equipo M\u00e9dico M\u00e9xico\"},\"image\":{\"@id\":\"https:\/\/buscoequipomedico.com\/#\/schema\/logo\/image\/\"}}]}<\/script>\n<!-- \/ Yoast SEO plugin. -->","yoast_head_json":{"title":"MESA DE EXPLORACION RITTER MANUAL CURATIVE COPPER - Tu mejor opci\u00f3n Equipo M\u00e9dico M\u00e9xico","robots":{"index":"index","follow":"follow","max-snippet":"max-snippet:-1","max-image-preview":"max-image-preview:large","max-video-preview":"max-video-preview:-1"},"canonical":"https:\/\/buscoequipomedico.com\/?product=mesa-de-exploracion-ritter-manual-curative-copper","og_locale":"es_ES","og_type":"article","og_title":"MESA DE EXPLORACION RITTER MANUAL CURATIVE COPPER - Tu mejor opci\u00f3n Equipo M\u00e9dico M\u00e9xico","og_description":"Con lo m\u00e1s novedoso en dise\u00f1o, comodidad y funcionalidad en mesas de ex\u00e1men manual, esta mesa realmente le ofrece eficiencia en el cuidado de sus pacientes.","og_url":"https:\/\/buscoequipomedico.com\/?product=mesa-de-exploracion-ritter-manual-curative-copper","og_site_name":"Tu mejor opci\u00f3n Equipo M\u00e9dico M\u00e9xico","article_modified_time":"2020-02-18T07:36:10+00:00","og_image":[{"width":800,"height":800,"url":"https:\/\/buscoequipomedico.com\/wp-content\/uploads\/2020\/02\/mesa-de-exploracion-ritter-manual-curative-copper-con-lo-mas-novedoso-en-diseno-comodidad-y-funcionalidad-en-mesas-de-examen-man.jpg","type":"image\/png"}],"twitter_card":"summary_large_image","twitter_misc":{"Tiempo de lectura":"1 minuto"},"schema":{"@context":"https:\/\/schema.org","@graph":[{"@type":"WebPage","@id":"https:\/\/buscoequipomedico.com\/?product=mesa-de-exploracion-ritter-manual-curative-copper","url":"https:\/\/buscoequipomedico.com\/?product=mesa-de-exploracion-ritter-manual-curative-copper","name":"MESA DE EXPLORACION RITTER MANUAL CURATIVE COPPER - Tu mejor opci\u00f3n Equipo M\u00e9dico M\u00e9xico","isPartOf":{"@id":"https:\/\/buscoequipomedico.com\/#website"},"primaryImageOfPage":{"@id":"https:\/\/buscoequipomedico.com\/?product=mesa-de-exploracion-ritter-manual-curative-copper#primaryimage"},"image":{"@id":"https:\/\/buscoequipomedico.com\/?product=mesa-de-exploracion-ritter-manual-curative-copper#primaryimage"},"thumbnailUrl":"https:\/\/buscoequipomedico.com\/wp-content\/uploads\/2020\/02\/mesa-de-exploracion-ritter-manual-curative-copper-con-lo-mas-novedoso-en-diseno-comodidad-y-funcionalidad-en-mesas-de-examen-man.jpg","datePublished":"2020-02-18T07:36:06+00:00","dateModified":"2020-02-18T07:36:10+00:00","breadcrumb":{"@id":"https:\/\/buscoequipomedico.com\/?product=mesa-de-exploracion-ritter-manual-curative-copper#breadcrumb"},"inLanguage":"es","potentialAction":[{"@type":"ReadAction","target":["https:\/\/buscoequipomedico.com\/?product=mesa-de-exploracion-ritter-manual-curative-copper"]}]},{"@type":"ImageObject","inLanguage":"es","@id":"https:\/\/buscoequipomedico.com\/?product=mesa-de-exploracion-ritter-manual-curative-copper#primaryimage","url":"https:\/\/buscoequipomedico.com\/wp-content\/uploads\/2020\/02\/mesa-de-exploracion-ritter-manual-curative-copper-con-lo-mas-novedoso-en-diseno-comodidad-y-funcionalidad-en-mesas-de-examen-man.jpg","contentUrl":"https:\/\/buscoequipomedico.com\/wp-content\/uploads\/2020\/02\/mesa-de-exploracion-ritter-manual-curative-copper-con-lo-mas-novedoso-en-diseno-comodidad-y-funcionalidad-en-mesas-de-examen-man.jpg","width":800,"height":800},{"@type":"BreadcrumbList","@id":"https:\/\/buscoequipomedico.com\/?product=mesa-de-exploracion-ritter-manual-curative-copper#breadcrumb","itemListElement":[{"@type":"ListItem","position":1,"name":"Productos","item":"https:\/\/buscoequipomedico.com\/shop\/"},{"@type":"ListItem","position":2,"name":"MESA DE EXPLORACION RITTER MANUAL CURATIVE COPPER"}]},{"@type":"WebSite","@id":"https:\/\/buscoequipomedico.com\/#website","url":"https:\/\/buscoequipomedico.com\/","name":"Tu mejor opci\u00f3n Equipo M\u00e9dico M\u00e9xico","description":"Tienda de equipo m\u00e9dico","publisher":{"@id":"https:\/\/buscoequipomedico.com\/#organization"},"potentialAction":[{"@type":"SearchAction","target":{"@type":"EntryPoint","urlTemplate":"https:\/\/buscoequipomedico.com\/?s={search_term_string}"},"query-input":{"@type":"PropertyValueSpecification","valueRequired":true,"valueName":"search_term_string"}}],"inLanguage":"es"},{"@type":"Organization","@id":"https:\/\/buscoequipomedico.com\/#organization","name":"Tu mejor opci\u00f3n Equipo M\u00e9dico M\u00e9xico","url":"https:\/\/buscoequipomedico.com\/","logo":{"@type":"ImageObject","inLanguage":"es","@id":"https:\/\/buscoequipomedico.com\/#\/schema\/logo\/image\/","url":"https:\/\/buscoequipomedico.com\/wp-content\/uploads\/2021\/07\/EMM-VPrincipal-scaled.jpg","contentUrl":"https:\/\/buscoequipomedico.com\/wp-content\/uploads\/2021\/07\/EMM-VPrincipal-scaled.jpg","width":2560,"height":1058,"caption":"Tu mejor opci\u00f3n Equipo M\u00e9dico M\u00e9xico"},"image":{"@id":"https:\/\/buscoequipomedico.com\/#\/schema\/logo\/image\/"}}]}},"_links":{"self":[{"href":"https:\/\/buscoequipomedico.com\/index.php?rest_route=\/wp\/v2\/product\/12769","targetHints":{"allow":["GET"]}}],"collection":[{"href":"https:\/\/buscoequipomedico.com\/index.php?rest_route=\/wp\/v2\/product"}],"about":[{"href":"https:\/\/buscoequipomedico.com\/index.php?rest_route=\/wp\/v2\/types\/product"}],"wp:featuredmedia":[{"embeddable":true,"href":"https:\/\/buscoequipomedico.com\/index.php?rest_route=\/wp\/v2\/media\/12770"}],"wp:attachment":[{"href":"https:\/\/buscoequipomedico.com\/index.php?rest_route=%2Fwp%2Fv2%2Fmedia&parent=12769"}],"wp:term":[{"taxonomy":"product_brand","embeddable":true,"href":"https:\/\/buscoequipomedico.com\/index.php?rest_route=%2Fwp%2Fv2%2Fproduct_brand&post=12769"},{"taxonomy":"product_cat","embeddable":true,"href":"https:\/\/buscoequipomedico.com\/index.php?rest_route=%2Fwp%2Fv2%2Fproduct_cat&post=12769"},{"taxonomy":"product_tag","embeddable":true,"href":"https:\/\/buscoequipomedico.com\/index.php?rest_route=%2Fwp%2Fv2%2Fproduct_tag&post=12769"}],"curies":[{"name":"wp","href":"https:\/\/api.w.org\/{rel}","templated":true}]}}