{"id":12803,"date":"2020-02-18T07:36:13","date_gmt":"2020-02-18T07:36:13","guid":{"rendered":"https:\/\/equipomedicomexico-com.preview-domain.com\/product\/mesa-para-exploracion-ginecologa-pistones-neumaticos\/"},"modified":"2020-02-18T07:36:17","modified_gmt":"2020-02-18T07:36:17","slug":"mesa-para-exploracion-ginecologa-pistones-neumaticos","status":"publish","type":"product","link":"https:\/\/buscoequipomedico.com\/?product=mesa-para-exploracion-ginecologa-pistones-neumaticos","title":{"rendered":"MESA PARA EXPLORACI\u00d3N GINEC\u00d3LOGA PISTONES NEUM\u00c1TICOS"},"content":{"rendered":"<p><span> <\/span><\/p>\n<ul>\n<li>Base de acero estructural cubierta en acero inoxidable.<\/li>\n<li>Respaldo y placa de piernas abatible con pist\u00f3n neum\u00e1tico (a base de gas nitr\u00f3geno) met\u00e1lico.<\/li>\n<li>Cubierta de hule antiderrapantes con acabado estriado color negro.<\/li>\n<li>Banco de apoyo de un pelda\u00f1o.<\/li>\n<li>Partes expuestas a la intemperie; acabado cromado y de acero inoxidable.<\/li>\n<li>Mecanismo para fijaci\u00f3n del soporte de perneras y taloneras.<\/li>\n<li>Perneras y taloneras fabricadas en aluminio sin poro y acabado con pintura horneada electrost\u00e1tica en polvo.<\/li>\n<li>Miembros inferiores.<\/li>\n<li>Sistema de abatimiento.<\/li>\n<li>Travesa\u00f1os en tubular de 25.4mm (1\u00a8) de di\u00e1metro.<\/li>\n<li>Altura de los travesa\u00f1os de 20cm con m\u00ednimo con respecto al piso.<\/li>\n<li>Base de perfil tubular: redondo de 83.1 mm (1.5\u00a8) de di\u00e1metro calibre 16.<\/li>\n<li>Colch\u00f3n fabricado de hule espuma de poliuretano alta densidad, de 5 cm de espesor.<\/li>\n<li>Dorso con sistema de abatimiento tipo candado, con elevaci\u00f3n continua ajustable de -10 a 70\u00a2X.<\/li>\n<li>Con vertedero de lamina de acero inoxidable calibre 20 tipo 304, para desalojar o desechar material de curaci\u00f3n hacia la cubeta.<\/li>\n<li>Mecanismo de elevaci\u00f3n de la secci\u00f3n p\u00e9lvica de 15\u00a2X a base de rodamientos, con manivelas abatibles.<\/li>\n<li>Estructura en tubo redondo de acero calibre 18 de 0.6 MM (1\/64\u00a8) de espesor y di\u00e1metro de 25.4mm ( 1\u00a8)<\/li>\n<li>Plataforma en lamina de acero calibre de 18 de 0.6 mm (1\/64\u00a8) de espesor y di\u00e1metro de 25.4 mm (1\u00a8) acabado cromado.<\/li>\n<li>Asa de acero inoxidable redondo de 6.3 MM (1\/4) de di\u00e1metro.<\/li>\n<li>Niveladores: altura total 90 cm.<\/li>\n<li>Longitud total de la superficie acojinada de 170 cm x a 80 cm.<\/li>\n<li>Regatones de hule color negro antiderrapantes, que soportan como m\u00ednimo 150kg.<\/li>\n<li>Superficie de la mesa forrada en lamina de acero inoxidable calibre 20 tipo 304.<\/li>\n<li>Costura sin vivos y de 12 a 14 puntos por 2.54 cm (1\u00a8)<\/li>\n<\/ul>\n","protected":false},"excerpt":{"rendered":"<ul>\n<li>Permite la exploraci\u00f3n f\u00edsica del paciente en posici\u00f3n de cubito.<\/li>\n<li>Recubrimiento con pintura horneada electrost\u00e1tica en polvo.<\/li>\n<li>Mesa con tres secciones: dorso, pelvis y miembros p\u00e9lvicos.<\/li>\n<li>Funda del colch\u00f3n en vinil color negro.<\/li>\n<li>Cubiertas fabricadas en acero inoxidable.<\/li>\n<\/ul>\n","protected":false},"featured_media":12804,"template":"","meta":{"_joinchat":[]},"product_brand":[],"product_cat":[301],"product_tag":[],"class_list":{"0":"post-12803","1":"product","2":"type-product","3":"status-publish","4":"has-post-thumbnail","6":"product_cat-mesa-de-exploracion","7":"pa_marca-bame","9":"first","10":"instock","11":"purchasable","12":"product-type-simple"},"yoast_head":"<!-- This site is optimized with the Yoast SEO plugin v25.1 - https:\/\/yoast.com\/wordpress\/plugins\/seo\/ -->\n<title>MESA PARA EXPLORACI\u00d3N GINEC\u00d3LOGA PISTONES NEUM\u00c1TICOS - Tu mejor opci\u00f3n Equipo M\u00e9dico M\u00e9xico<\/title>\n<meta name=\"robots\" content=\"index, follow, max-snippet:-1, max-image-preview:large, max-video-preview:-1\" \/>\n<link rel=\"canonical\" href=\"https:\/\/buscoequipomedico.com\/?product=mesa-para-exploracion-ginecologa-pistones-neumaticos\" \/>\n<meta property=\"og:locale\" content=\"es_ES\" \/>\n<meta property=\"og:type\" content=\"article\" \/>\n<meta property=\"og:title\" content=\"MESA PARA EXPLORACI\u00d3N GINEC\u00d3LOGA PISTONES NEUM\u00c1TICOS - Tu mejor opci\u00f3n Equipo M\u00e9dico M\u00e9xico\" \/>\n<meta property=\"og:description\" content=\"Permite la exploraci\u00f3n f\u00edsica del paciente en posici\u00f3n de cubito. Recubrimiento con pintura horneada electrost\u00e1tica en polvo. Mesa con tres secciones: dorso, pelvis y miembros p\u00e9lvicos. Funda del colch\u00f3n en vinil color negro. Cubiertas fabricadas en acero inoxidable.\" \/>\n<meta property=\"og:url\" content=\"https:\/\/buscoequipomedico.com\/?product=mesa-para-exploracion-ginecologa-pistones-neumaticos\" \/>\n<meta property=\"og:site_name\" content=\"Tu mejor opci\u00f3n Equipo M\u00e9dico M\u00e9xico\" \/>\n<meta property=\"article:modified_time\" content=\"2020-02-18T07:36:17+00:00\" \/>\n<meta property=\"og:image\" content=\"https:\/\/buscoequipomedico.com\/wp-content\/uploads\/2020\/02\/mesa-para-exploracion-ginecologa-pistones-neumaticos-permite-la-exploracion-fisica-del-paciente-en-posicion-de-cubito-recubrimie.jpg\" \/>\n\t<meta property=\"og:image:width\" content=\"800\" \/>\n\t<meta property=\"og:image:height\" content=\"800\" \/>\n\t<meta property=\"og:image:type\" content=\"image\/png\" \/>\n<meta name=\"twitter:card\" content=\"summary_large_image\" \/>\n<meta name=\"twitter:label1\" content=\"Tiempo de lectura\" \/>\n\t<meta name=\"twitter:data1\" content=\"1 minuto\" \/>\n<script type=\"application\/ld+json\" class=\"yoast-schema-graph\">{\"@context\":\"https:\/\/schema.org\",\"@graph\":[{\"@type\":\"WebPage\",\"@id\":\"https:\/\/buscoequipomedico.com\/?product=mesa-para-exploracion-ginecologa-pistones-neumaticos\",\"url\":\"https:\/\/buscoequipomedico.com\/?product=mesa-para-exploracion-ginecologa-pistones-neumaticos\",\"name\":\"MESA PARA EXPLORACI\u00d3N GINEC\u00d3LOGA PISTONES NEUM\u00c1TICOS - Tu mejor opci\u00f3n Equipo M\u00e9dico M\u00e9xico\",\"isPartOf\":{\"@id\":\"https:\/\/buscoequipomedico.com\/#website\"},\"primaryImageOfPage\":{\"@id\":\"https:\/\/buscoequipomedico.com\/?product=mesa-para-exploracion-ginecologa-pistones-neumaticos#primaryimage\"},\"image\":{\"@id\":\"https:\/\/buscoequipomedico.com\/?product=mesa-para-exploracion-ginecologa-pistones-neumaticos#primaryimage\"},\"thumbnailUrl\":\"https:\/\/buscoequipomedico.com\/wp-content\/uploads\/2020\/02\/mesa-para-exploracion-ginecologa-pistones-neumaticos-permite-la-exploracion-fisica-del-paciente-en-posicion-de-cubito-recubrimie.jpg\",\"datePublished\":\"2020-02-18T07:36:13+00:00\",\"dateModified\":\"2020-02-18T07:36:17+00:00\",\"breadcrumb\":{\"@id\":\"https:\/\/buscoequipomedico.com\/?product=mesa-para-exploracion-ginecologa-pistones-neumaticos#breadcrumb\"},\"inLanguage\":\"es\",\"potentialAction\":[{\"@type\":\"ReadAction\",\"target\":[\"https:\/\/buscoequipomedico.com\/?product=mesa-para-exploracion-ginecologa-pistones-neumaticos\"]}]},{\"@type\":\"ImageObject\",\"inLanguage\":\"es\",\"@id\":\"https:\/\/buscoequipomedico.com\/?product=mesa-para-exploracion-ginecologa-pistones-neumaticos#primaryimage\",\"url\":\"https:\/\/buscoequipomedico.com\/wp-content\/uploads\/2020\/02\/mesa-para-exploracion-ginecologa-pistones-neumaticos-permite-la-exploracion-fisica-del-paciente-en-posicion-de-cubito-recubrimie.jpg\",\"contentUrl\":\"https:\/\/buscoequipomedico.com\/wp-content\/uploads\/2020\/02\/mesa-para-exploracion-ginecologa-pistones-neumaticos-permite-la-exploracion-fisica-del-paciente-en-posicion-de-cubito-recubrimie.jpg\",\"width\":800,\"height\":800},{\"@type\":\"BreadcrumbList\",\"@id\":\"https:\/\/buscoequipomedico.com\/?product=mesa-para-exploracion-ginecologa-pistones-neumaticos#breadcrumb\",\"itemListElement\":[{\"@type\":\"ListItem\",\"position\":1,\"name\":\"Productos\",\"item\":\"https:\/\/buscoequipomedico.com\/shop\/\"},{\"@type\":\"ListItem\",\"position\":2,\"name\":\"MESA PARA EXPLORACI\u00d3N GINEC\u00d3LOGA PISTONES NEUM\u00c1TICOS\"}]},{\"@type\":\"WebSite\",\"@id\":\"https:\/\/buscoequipomedico.com\/#website\",\"url\":\"https:\/\/buscoequipomedico.com\/\",\"name\":\"Tu mejor opci\u00f3n Equipo M\u00e9dico M\u00e9xico\",\"description\":\"Tienda de equipo m\u00e9dico\",\"publisher\":{\"@id\":\"https:\/\/buscoequipomedico.com\/#organization\"},\"potentialAction\":[{\"@type\":\"SearchAction\",\"target\":{\"@type\":\"EntryPoint\",\"urlTemplate\":\"https:\/\/buscoequipomedico.com\/?s={search_term_string}\"},\"query-input\":{\"@type\":\"PropertyValueSpecification\",\"valueRequired\":true,\"valueName\":\"search_term_string\"}}],\"inLanguage\":\"es\"},{\"@type\":\"Organization\",\"@id\":\"https:\/\/buscoequipomedico.com\/#organization\",\"name\":\"Tu mejor opci\u00f3n Equipo M\u00e9dico M\u00e9xico\",\"url\":\"https:\/\/buscoequipomedico.com\/\",\"logo\":{\"@type\":\"ImageObject\",\"inLanguage\":\"es\",\"@id\":\"https:\/\/buscoequipomedico.com\/#\/schema\/logo\/image\/\",\"url\":\"https:\/\/buscoequipomedico.com\/wp-content\/uploads\/2021\/07\/EMM-VPrincipal-scaled.jpg\",\"contentUrl\":\"https:\/\/buscoequipomedico.com\/wp-content\/uploads\/2021\/07\/EMM-VPrincipal-scaled.jpg\",\"width\":2560,\"height\":1058,\"caption\":\"Tu mejor opci\u00f3n Equipo M\u00e9dico M\u00e9xico\"},\"image\":{\"@id\":\"https:\/\/buscoequipomedico.com\/#\/schema\/logo\/image\/\"}}]}<\/script>\n<!-- \/ Yoast SEO plugin. -->","yoast_head_json":{"title":"MESA PARA EXPLORACI\u00d3N GINEC\u00d3LOGA PISTONES NEUM\u00c1TICOS - Tu mejor opci\u00f3n Equipo M\u00e9dico M\u00e9xico","robots":{"index":"index","follow":"follow","max-snippet":"max-snippet:-1","max-image-preview":"max-image-preview:large","max-video-preview":"max-video-preview:-1"},"canonical":"https:\/\/buscoequipomedico.com\/?product=mesa-para-exploracion-ginecologa-pistones-neumaticos","og_locale":"es_ES","og_type":"article","og_title":"MESA PARA EXPLORACI\u00d3N GINEC\u00d3LOGA PISTONES NEUM\u00c1TICOS - Tu mejor opci\u00f3n Equipo M\u00e9dico M\u00e9xico","og_description":"Permite la exploraci\u00f3n f\u00edsica del paciente en posici\u00f3n de cubito. Recubrimiento con pintura horneada electrost\u00e1tica en polvo. Mesa con tres secciones: dorso, pelvis y miembros p\u00e9lvicos. Funda del colch\u00f3n en vinil color negro. Cubiertas fabricadas en acero inoxidable.","og_url":"https:\/\/buscoequipomedico.com\/?product=mesa-para-exploracion-ginecologa-pistones-neumaticos","og_site_name":"Tu mejor opci\u00f3n Equipo M\u00e9dico M\u00e9xico","article_modified_time":"2020-02-18T07:36:17+00:00","og_image":[{"width":800,"height":800,"url":"https:\/\/buscoequipomedico.com\/wp-content\/uploads\/2020\/02\/mesa-para-exploracion-ginecologa-pistones-neumaticos-permite-la-exploracion-fisica-del-paciente-en-posicion-de-cubito-recubrimie.jpg","type":"image\/png"}],"twitter_card":"summary_large_image","twitter_misc":{"Tiempo de lectura":"1 minuto"},"schema":{"@context":"https:\/\/schema.org","@graph":[{"@type":"WebPage","@id":"https:\/\/buscoequipomedico.com\/?product=mesa-para-exploracion-ginecologa-pistones-neumaticos","url":"https:\/\/buscoequipomedico.com\/?product=mesa-para-exploracion-ginecologa-pistones-neumaticos","name":"MESA PARA EXPLORACI\u00d3N GINEC\u00d3LOGA PISTONES NEUM\u00c1TICOS - Tu mejor opci\u00f3n Equipo M\u00e9dico M\u00e9xico","isPartOf":{"@id":"https:\/\/buscoequipomedico.com\/#website"},"primaryImageOfPage":{"@id":"https:\/\/buscoequipomedico.com\/?product=mesa-para-exploracion-ginecologa-pistones-neumaticos#primaryimage"},"image":{"@id":"https:\/\/buscoequipomedico.com\/?product=mesa-para-exploracion-ginecologa-pistones-neumaticos#primaryimage"},"thumbnailUrl":"https:\/\/buscoequipomedico.com\/wp-content\/uploads\/2020\/02\/mesa-para-exploracion-ginecologa-pistones-neumaticos-permite-la-exploracion-fisica-del-paciente-en-posicion-de-cubito-recubrimie.jpg","datePublished":"2020-02-18T07:36:13+00:00","dateModified":"2020-02-18T07:36:17+00:00","breadcrumb":{"@id":"https:\/\/buscoequipomedico.com\/?product=mesa-para-exploracion-ginecologa-pistones-neumaticos#breadcrumb"},"inLanguage":"es","potentialAction":[{"@type":"ReadAction","target":["https:\/\/buscoequipomedico.com\/?product=mesa-para-exploracion-ginecologa-pistones-neumaticos"]}]},{"@type":"ImageObject","inLanguage":"es","@id":"https:\/\/buscoequipomedico.com\/?product=mesa-para-exploracion-ginecologa-pistones-neumaticos#primaryimage","url":"https:\/\/buscoequipomedico.com\/wp-content\/uploads\/2020\/02\/mesa-para-exploracion-ginecologa-pistones-neumaticos-permite-la-exploracion-fisica-del-paciente-en-posicion-de-cubito-recubrimie.jpg","contentUrl":"https:\/\/buscoequipomedico.com\/wp-content\/uploads\/2020\/02\/mesa-para-exploracion-ginecologa-pistones-neumaticos-permite-la-exploracion-fisica-del-paciente-en-posicion-de-cubito-recubrimie.jpg","width":800,"height":800},{"@type":"BreadcrumbList","@id":"https:\/\/buscoequipomedico.com\/?product=mesa-para-exploracion-ginecologa-pistones-neumaticos#breadcrumb","itemListElement":[{"@type":"ListItem","position":1,"name":"Productos","item":"https:\/\/buscoequipomedico.com\/shop\/"},{"@type":"ListItem","position":2,"name":"MESA PARA EXPLORACI\u00d3N GINEC\u00d3LOGA PISTONES NEUM\u00c1TICOS"}]},{"@type":"WebSite","@id":"https:\/\/buscoequipomedico.com\/#website","url":"https:\/\/buscoequipomedico.com\/","name":"Tu mejor opci\u00f3n Equipo M\u00e9dico M\u00e9xico","description":"Tienda de equipo m\u00e9dico","publisher":{"@id":"https:\/\/buscoequipomedico.com\/#organization"},"potentialAction":[{"@type":"SearchAction","target":{"@type":"EntryPoint","urlTemplate":"https:\/\/buscoequipomedico.com\/?s={search_term_string}"},"query-input":{"@type":"PropertyValueSpecification","valueRequired":true,"valueName":"search_term_string"}}],"inLanguage":"es"},{"@type":"Organization","@id":"https:\/\/buscoequipomedico.com\/#organization","name":"Tu mejor opci\u00f3n Equipo M\u00e9dico M\u00e9xico","url":"https:\/\/buscoequipomedico.com\/","logo":{"@type":"ImageObject","inLanguage":"es","@id":"https:\/\/buscoequipomedico.com\/#\/schema\/logo\/image\/","url":"https:\/\/buscoequipomedico.com\/wp-content\/uploads\/2021\/07\/EMM-VPrincipal-scaled.jpg","contentUrl":"https:\/\/buscoequipomedico.com\/wp-content\/uploads\/2021\/07\/EMM-VPrincipal-scaled.jpg","width":2560,"height":1058,"caption":"Tu mejor opci\u00f3n Equipo M\u00e9dico M\u00e9xico"},"image":{"@id":"https:\/\/buscoequipomedico.com\/#\/schema\/logo\/image\/"}}]}},"_links":{"self":[{"href":"https:\/\/buscoequipomedico.com\/index.php?rest_route=\/wp\/v2\/product\/12803","targetHints":{"allow":["GET"]}}],"collection":[{"href":"https:\/\/buscoequipomedico.com\/index.php?rest_route=\/wp\/v2\/product"}],"about":[{"href":"https:\/\/buscoequipomedico.com\/index.php?rest_route=\/wp\/v2\/types\/product"}],"wp:featuredmedia":[{"embeddable":true,"href":"https:\/\/buscoequipomedico.com\/index.php?rest_route=\/wp\/v2\/media\/12804"}],"wp:attachment":[{"href":"https:\/\/buscoequipomedico.com\/index.php?rest_route=%2Fwp%2Fv2%2Fmedia&parent=12803"}],"wp:term":[{"taxonomy":"product_brand","embeddable":true,"href":"https:\/\/buscoequipomedico.com\/index.php?rest_route=%2Fwp%2Fv2%2Fproduct_brand&post=12803"},{"taxonomy":"product_cat","embeddable":true,"href":"https:\/\/buscoequipomedico.com\/index.php?rest_route=%2Fwp%2Fv2%2Fproduct_cat&post=12803"},{"taxonomy":"product_tag","embeddable":true,"href":"https:\/\/buscoequipomedico.com\/index.php?rest_route=%2Fwp%2Fv2%2Fproduct_tag&post=12803"}],"curies":[{"name":"wp","href":"https:\/\/api.w.org\/{rel}","templated":true}]}}