{"id":12807,"date":"2020-02-18T07:36:13","date_gmt":"2020-02-18T07:36:13","guid":{"rendered":"https:\/\/equipomedicomexico-com.preview-domain.com\/product\/mesa-para-procedimientos-midmark-modelo-230-con-rotacion\/"},"modified":"2020-02-18T07:36:18","modified_gmt":"2020-02-18T07:36:18","slug":"mesa-para-procedimientos-midmark-modelo-230-con-rotacion","status":"publish","type":"product","link":"https:\/\/buscoequipomedico.com\/?product=mesa-para-procedimientos-midmark-modelo-230-con-rotacion","title":{"rendered":"MESA PARA PROCEDIMIENTOS MIDMARK MODELO 230 CON ROTACION"},"content":{"rendered":"<p><span><span>Posici\u00f3n Lithotomy: Al extender los estribos y bandeja de tratamiento, bajar el soporte de pie e inclinar el asiento provee el posicionamiento perfecto para los ex\u00e1menes y procedimientos de la gineco-obstetricia.<\/span><\/span><\/p>\n<p><span><span>Plano: La mesa apoya los ex\u00e1menes y procedimientos que requieren posicionamiento supina, prona, lateral a la izquierda, o lateral a la derecha.<\/span><\/span><\/p>\n<p><span><span>Rodilla\/Pecho: El soporte de pie sin herramientas provee la posici\u00f3n perfecta para ex\u00e1menes y procedimientos rectales y de colon.<\/span><\/span><\/p>\n<p><span><span>Posici\u00f3n Trendelenburg: Si posicionar mejor el paciente, tratar shock o desfallecimiento o el comienzo de anestesia creciente, la posici\u00f3n Trendelenburg ofrece una inclinaci\u00f3n de 30\u00b0 completos.<\/span><\/span><\/p>\n<p><span><span>Entrada Baja: Con el crecimiento de los pacientes ancianos o discapacitados, la posici\u00f3n baja de entrada hace el posicionamiento f\u00e1cil y seguro para el paciente.<\/span><\/span><\/p>\n<p><span><span>Rotaci\u00f3n: Salas de examen y procedimiento est\u00e1n siendo equipadas con aparatos muy grandes. El resultado es ineficacia cuando se necesita mover estos aparatos al paciente. Al equipar su mesa de procedimiento con la opci\u00f3n de rotaci\u00f3n simplifica esta tarea y le permite colocar el paciente en vez del aparato. El toque de un pedal permite 350 grados de rotaci\u00f3n.<\/span><\/span><\/p><\/p>\n","protected":false},"excerpt":{"rendered":"<p>El Ritter 230 est\u00e1 dise\u00f1ado para proporcionar la flexibilidad necesaria para una colocaci\u00f3n \u00f3ptima del paciente durante una serie de procedimientos.<\/p>\n<p>Descansabrazos.<\/p>\n<p>Pierneras.<\/p>\n<p>Control de pie.<\/p>\n<p>VALOR.\u00a0<\/p>\n<p>Una tabla de procedimientos de potencia con todas las caracter\u00edsticas b\u00e1sicas que necesita<\/p>\n<p>POSICIONAMIENTO<\/p>\n<p>Capacidades multi-posicionamiento accionados, incluyendo genupectoral<\/p>\n<p>CONTROLAR. Control ergon\u00f3mico, intuitivo est\u00e1ndar de la mano en un lugar f\u00e1cil de encontrar<\/p>\n<\/p>\n<p>\u00a0<\/p>\n","protected":false},"featured_media":12808,"template":"","meta":{"_joinchat":[]},"product_brand":[],"product_cat":[301],"product_tag":[],"class_list":{"0":"post-12807","1":"product","2":"type-product","3":"status-publish","4":"has-post-thumbnail","6":"product_cat-mesa-de-exploracion","7":"pa_marca-ritter","9":"first","10":"instock","11":"purchasable","12":"product-type-simple"},"yoast_head":"<!-- This site is optimized with the Yoast SEO plugin v25.1 - https:\/\/yoast.com\/wordpress\/plugins\/seo\/ -->\n<title>MESA PARA PROCEDIMIENTOS MIDMARK MODELO 230 CON ROTACION - Tu mejor opci\u00f3n Equipo M\u00e9dico M\u00e9xico<\/title>\n<meta name=\"robots\" content=\"index, follow, max-snippet:-1, max-image-preview:large, max-video-preview:-1\" \/>\n<link rel=\"canonical\" href=\"https:\/\/buscoequipomedico.com\/?product=mesa-para-procedimientos-midmark-modelo-230-con-rotacion\" \/>\n<meta property=\"og:locale\" content=\"es_ES\" \/>\n<meta property=\"og:type\" content=\"article\" \/>\n<meta property=\"og:title\" content=\"MESA PARA PROCEDIMIENTOS MIDMARK MODELO 230 CON ROTACION - Tu mejor opci\u00f3n Equipo M\u00e9dico M\u00e9xico\" \/>\n<meta property=\"og:description\" content=\"El Ritter 230 est\u00e1 dise\u00f1ado para proporcionar la flexibilidad necesaria para una colocaci\u00f3n \u00f3ptima del paciente durante una serie de procedimientos. Descansabrazos. Pierneras. Control de pie. VALOR.\u00a0 Una tabla de procedimientos de potencia con todas las caracter\u00edsticas b\u00e1sicas que necesita POSICIONAMIENTO Capacidades multi-posicionamiento accionados, incluyendo genupectoral CONTROLAR. Control ergon\u00f3mico, intuitivo est\u00e1ndar de la mano en un lugar f\u00e1cil de encontrar \u00a0\" \/>\n<meta property=\"og:url\" content=\"https:\/\/buscoequipomedico.com\/?product=mesa-para-procedimientos-midmark-modelo-230-con-rotacion\" \/>\n<meta property=\"og:site_name\" content=\"Tu mejor opci\u00f3n Equipo M\u00e9dico M\u00e9xico\" \/>\n<meta property=\"article:modified_time\" content=\"2020-02-18T07:36:18+00:00\" \/>\n<meta property=\"og:image\" content=\"https:\/\/buscoequipomedico.com\/wp-content\/uploads\/2020\/02\/mesa-para-procedimientos-midmark-modelo-230-con-rotacion-el-ritter-230-esta-disenado-para-proporcionar-la-flexibilidad-necesaria.jpg\" \/>\n\t<meta property=\"og:image:width\" content=\"800\" \/>\n\t<meta property=\"og:image:height\" content=\"800\" \/>\n\t<meta property=\"og:image:type\" content=\"image\/png\" \/>\n<meta name=\"twitter:card\" content=\"summary_large_image\" \/>\n<meta name=\"twitter:label1\" content=\"Tiempo de lectura\" \/>\n\t<meta name=\"twitter:data1\" content=\"1 minuto\" \/>\n<script type=\"application\/ld+json\" class=\"yoast-schema-graph\">{\"@context\":\"https:\/\/schema.org\",\"@graph\":[{\"@type\":\"WebPage\",\"@id\":\"https:\/\/buscoequipomedico.com\/?product=mesa-para-procedimientos-midmark-modelo-230-con-rotacion\",\"url\":\"https:\/\/buscoequipomedico.com\/?product=mesa-para-procedimientos-midmark-modelo-230-con-rotacion\",\"name\":\"MESA PARA PROCEDIMIENTOS MIDMARK MODELO 230 CON ROTACION - Tu mejor opci\u00f3n Equipo M\u00e9dico M\u00e9xico\",\"isPartOf\":{\"@id\":\"https:\/\/buscoequipomedico.com\/#website\"},\"primaryImageOfPage\":{\"@id\":\"https:\/\/buscoequipomedico.com\/?product=mesa-para-procedimientos-midmark-modelo-230-con-rotacion#primaryimage\"},\"image\":{\"@id\":\"https:\/\/buscoequipomedico.com\/?product=mesa-para-procedimientos-midmark-modelo-230-con-rotacion#primaryimage\"},\"thumbnailUrl\":\"https:\/\/buscoequipomedico.com\/wp-content\/uploads\/2020\/02\/mesa-para-procedimientos-midmark-modelo-230-con-rotacion-el-ritter-230-esta-disenado-para-proporcionar-la-flexibilidad-necesaria.jpg\",\"datePublished\":\"2020-02-18T07:36:13+00:00\",\"dateModified\":\"2020-02-18T07:36:18+00:00\",\"breadcrumb\":{\"@id\":\"https:\/\/buscoequipomedico.com\/?product=mesa-para-procedimientos-midmark-modelo-230-con-rotacion#breadcrumb\"},\"inLanguage\":\"es\",\"potentialAction\":[{\"@type\":\"ReadAction\",\"target\":[\"https:\/\/buscoequipomedico.com\/?product=mesa-para-procedimientos-midmark-modelo-230-con-rotacion\"]}]},{\"@type\":\"ImageObject\",\"inLanguage\":\"es\",\"@id\":\"https:\/\/buscoequipomedico.com\/?product=mesa-para-procedimientos-midmark-modelo-230-con-rotacion#primaryimage\",\"url\":\"https:\/\/buscoequipomedico.com\/wp-content\/uploads\/2020\/02\/mesa-para-procedimientos-midmark-modelo-230-con-rotacion-el-ritter-230-esta-disenado-para-proporcionar-la-flexibilidad-necesaria.jpg\",\"contentUrl\":\"https:\/\/buscoequipomedico.com\/wp-content\/uploads\/2020\/02\/mesa-para-procedimientos-midmark-modelo-230-con-rotacion-el-ritter-230-esta-disenado-para-proporcionar-la-flexibilidad-necesaria.jpg\",\"width\":800,\"height\":800},{\"@type\":\"BreadcrumbList\",\"@id\":\"https:\/\/buscoequipomedico.com\/?product=mesa-para-procedimientos-midmark-modelo-230-con-rotacion#breadcrumb\",\"itemListElement\":[{\"@type\":\"ListItem\",\"position\":1,\"name\":\"Productos\",\"item\":\"https:\/\/buscoequipomedico.com\/shop\/\"},{\"@type\":\"ListItem\",\"position\":2,\"name\":\"MESA PARA PROCEDIMIENTOS MIDMARK MODELO 230 CON ROTACION\"}]},{\"@type\":\"WebSite\",\"@id\":\"https:\/\/buscoequipomedico.com\/#website\",\"url\":\"https:\/\/buscoequipomedico.com\/\",\"name\":\"Tu mejor opci\u00f3n Equipo M\u00e9dico M\u00e9xico\",\"description\":\"Tienda de equipo m\u00e9dico\",\"publisher\":{\"@id\":\"https:\/\/buscoequipomedico.com\/#organization\"},\"potentialAction\":[{\"@type\":\"SearchAction\",\"target\":{\"@type\":\"EntryPoint\",\"urlTemplate\":\"https:\/\/buscoequipomedico.com\/?s={search_term_string}\"},\"query-input\":{\"@type\":\"PropertyValueSpecification\",\"valueRequired\":true,\"valueName\":\"search_term_string\"}}],\"inLanguage\":\"es\"},{\"@type\":\"Organization\",\"@id\":\"https:\/\/buscoequipomedico.com\/#organization\",\"name\":\"Tu mejor opci\u00f3n Equipo M\u00e9dico M\u00e9xico\",\"url\":\"https:\/\/buscoequipomedico.com\/\",\"logo\":{\"@type\":\"ImageObject\",\"inLanguage\":\"es\",\"@id\":\"https:\/\/buscoequipomedico.com\/#\/schema\/logo\/image\/\",\"url\":\"https:\/\/buscoequipomedico.com\/wp-content\/uploads\/2021\/07\/EMM-VPrincipal-scaled.jpg\",\"contentUrl\":\"https:\/\/buscoequipomedico.com\/wp-content\/uploads\/2021\/07\/EMM-VPrincipal-scaled.jpg\",\"width\":2560,\"height\":1058,\"caption\":\"Tu mejor opci\u00f3n Equipo M\u00e9dico M\u00e9xico\"},\"image\":{\"@id\":\"https:\/\/buscoequipomedico.com\/#\/schema\/logo\/image\/\"}}]}<\/script>\n<!-- \/ Yoast SEO plugin. -->","yoast_head_json":{"title":"MESA PARA PROCEDIMIENTOS MIDMARK MODELO 230 CON ROTACION - Tu mejor opci\u00f3n Equipo M\u00e9dico M\u00e9xico","robots":{"index":"index","follow":"follow","max-snippet":"max-snippet:-1","max-image-preview":"max-image-preview:large","max-video-preview":"max-video-preview:-1"},"canonical":"https:\/\/buscoequipomedico.com\/?product=mesa-para-procedimientos-midmark-modelo-230-con-rotacion","og_locale":"es_ES","og_type":"article","og_title":"MESA PARA PROCEDIMIENTOS MIDMARK MODELO 230 CON ROTACION - Tu mejor opci\u00f3n Equipo M\u00e9dico M\u00e9xico","og_description":"El Ritter 230 est\u00e1 dise\u00f1ado para proporcionar la flexibilidad necesaria para una colocaci\u00f3n \u00f3ptima del paciente durante una serie de procedimientos. Descansabrazos. Pierneras. Control de pie. VALOR.\u00a0 Una tabla de procedimientos de potencia con todas las caracter\u00edsticas b\u00e1sicas que necesita POSICIONAMIENTO Capacidades multi-posicionamiento accionados, incluyendo genupectoral CONTROLAR. Control ergon\u00f3mico, intuitivo est\u00e1ndar de la mano en un lugar f\u00e1cil de encontrar \u00a0","og_url":"https:\/\/buscoequipomedico.com\/?product=mesa-para-procedimientos-midmark-modelo-230-con-rotacion","og_site_name":"Tu mejor opci\u00f3n Equipo M\u00e9dico M\u00e9xico","article_modified_time":"2020-02-18T07:36:18+00:00","og_image":[{"width":800,"height":800,"url":"https:\/\/buscoequipomedico.com\/wp-content\/uploads\/2020\/02\/mesa-para-procedimientos-midmark-modelo-230-con-rotacion-el-ritter-230-esta-disenado-para-proporcionar-la-flexibilidad-necesaria.jpg","type":"image\/png"}],"twitter_card":"summary_large_image","twitter_misc":{"Tiempo de lectura":"1 minuto"},"schema":{"@context":"https:\/\/schema.org","@graph":[{"@type":"WebPage","@id":"https:\/\/buscoequipomedico.com\/?product=mesa-para-procedimientos-midmark-modelo-230-con-rotacion","url":"https:\/\/buscoequipomedico.com\/?product=mesa-para-procedimientos-midmark-modelo-230-con-rotacion","name":"MESA PARA PROCEDIMIENTOS MIDMARK MODELO 230 CON ROTACION - Tu mejor opci\u00f3n Equipo M\u00e9dico M\u00e9xico","isPartOf":{"@id":"https:\/\/buscoequipomedico.com\/#website"},"primaryImageOfPage":{"@id":"https:\/\/buscoequipomedico.com\/?product=mesa-para-procedimientos-midmark-modelo-230-con-rotacion#primaryimage"},"image":{"@id":"https:\/\/buscoequipomedico.com\/?product=mesa-para-procedimientos-midmark-modelo-230-con-rotacion#primaryimage"},"thumbnailUrl":"https:\/\/buscoequipomedico.com\/wp-content\/uploads\/2020\/02\/mesa-para-procedimientos-midmark-modelo-230-con-rotacion-el-ritter-230-esta-disenado-para-proporcionar-la-flexibilidad-necesaria.jpg","datePublished":"2020-02-18T07:36:13+00:00","dateModified":"2020-02-18T07:36:18+00:00","breadcrumb":{"@id":"https:\/\/buscoequipomedico.com\/?product=mesa-para-procedimientos-midmark-modelo-230-con-rotacion#breadcrumb"},"inLanguage":"es","potentialAction":[{"@type":"ReadAction","target":["https:\/\/buscoequipomedico.com\/?product=mesa-para-procedimientos-midmark-modelo-230-con-rotacion"]}]},{"@type":"ImageObject","inLanguage":"es","@id":"https:\/\/buscoequipomedico.com\/?product=mesa-para-procedimientos-midmark-modelo-230-con-rotacion#primaryimage","url":"https:\/\/buscoequipomedico.com\/wp-content\/uploads\/2020\/02\/mesa-para-procedimientos-midmark-modelo-230-con-rotacion-el-ritter-230-esta-disenado-para-proporcionar-la-flexibilidad-necesaria.jpg","contentUrl":"https:\/\/buscoequipomedico.com\/wp-content\/uploads\/2020\/02\/mesa-para-procedimientos-midmark-modelo-230-con-rotacion-el-ritter-230-esta-disenado-para-proporcionar-la-flexibilidad-necesaria.jpg","width":800,"height":800},{"@type":"BreadcrumbList","@id":"https:\/\/buscoequipomedico.com\/?product=mesa-para-procedimientos-midmark-modelo-230-con-rotacion#breadcrumb","itemListElement":[{"@type":"ListItem","position":1,"name":"Productos","item":"https:\/\/buscoequipomedico.com\/shop\/"},{"@type":"ListItem","position":2,"name":"MESA PARA PROCEDIMIENTOS MIDMARK MODELO 230 CON ROTACION"}]},{"@type":"WebSite","@id":"https:\/\/buscoequipomedico.com\/#website","url":"https:\/\/buscoequipomedico.com\/","name":"Tu mejor opci\u00f3n Equipo M\u00e9dico M\u00e9xico","description":"Tienda de equipo m\u00e9dico","publisher":{"@id":"https:\/\/buscoequipomedico.com\/#organization"},"potentialAction":[{"@type":"SearchAction","target":{"@type":"EntryPoint","urlTemplate":"https:\/\/buscoequipomedico.com\/?s={search_term_string}"},"query-input":{"@type":"PropertyValueSpecification","valueRequired":true,"valueName":"search_term_string"}}],"inLanguage":"es"},{"@type":"Organization","@id":"https:\/\/buscoequipomedico.com\/#organization","name":"Tu mejor opci\u00f3n Equipo M\u00e9dico M\u00e9xico","url":"https:\/\/buscoequipomedico.com\/","logo":{"@type":"ImageObject","inLanguage":"es","@id":"https:\/\/buscoequipomedico.com\/#\/schema\/logo\/image\/","url":"https:\/\/buscoequipomedico.com\/wp-content\/uploads\/2021\/07\/EMM-VPrincipal-scaled.jpg","contentUrl":"https:\/\/buscoequipomedico.com\/wp-content\/uploads\/2021\/07\/EMM-VPrincipal-scaled.jpg","width":2560,"height":1058,"caption":"Tu mejor opci\u00f3n Equipo M\u00e9dico M\u00e9xico"},"image":{"@id":"https:\/\/buscoequipomedico.com\/#\/schema\/logo\/image\/"}}]}},"_links":{"self":[{"href":"https:\/\/buscoequipomedico.com\/index.php?rest_route=\/wp\/v2\/product\/12807","targetHints":{"allow":["GET"]}}],"collection":[{"href":"https:\/\/buscoequipomedico.com\/index.php?rest_route=\/wp\/v2\/product"}],"about":[{"href":"https:\/\/buscoequipomedico.com\/index.php?rest_route=\/wp\/v2\/types\/product"}],"wp:featuredmedia":[{"embeddable":true,"href":"https:\/\/buscoequipomedico.com\/index.php?rest_route=\/wp\/v2\/media\/12808"}],"wp:attachment":[{"href":"https:\/\/buscoequipomedico.com\/index.php?rest_route=%2Fwp%2Fv2%2Fmedia&parent=12807"}],"wp:term":[{"taxonomy":"product_brand","embeddable":true,"href":"https:\/\/buscoequipomedico.com\/index.php?rest_route=%2Fwp%2Fv2%2Fproduct_brand&post=12807"},{"taxonomy":"product_cat","embeddable":true,"href":"https:\/\/buscoequipomedico.com\/index.php?rest_route=%2Fwp%2Fv2%2Fproduct_cat&post=12807"},{"taxonomy":"product_tag","embeddable":true,"href":"https:\/\/buscoequipomedico.com\/index.php?rest_route=%2Fwp%2Fv2%2Fproduct_tag&post=12807"}],"curies":[{"name":"wp","href":"https:\/\/api.w.org\/{rel}","templated":true}]}}