{"id":12809,"date":"2020-02-18T07:36:13","date_gmt":"2020-02-18T07:36:13","guid":{"rendered":"https:\/\/equipomedicomexico-com.preview-domain.com\/product\/mesa-de-exploracion-electrica-mod-224-soothing-blue\/"},"modified":"2020-02-18T07:36:18","modified_gmt":"2020-02-18T07:36:18","slug":"mesa-de-exploracion-electrica-mod-224-soothing-blue","status":"publish","type":"product","link":"https:\/\/buscoequipomedico.com\/?product=mesa-de-exploracion-electrica-mod-224-soothing-blue","title":{"rendered":"MESA DE EXPLORACI\u00d3N EL\u00c9CTRICA MOD. 224 SOOTHING BLUE"},"content":{"rendered":"<p>CARACTERISTICAS:<\/p>\n<p>Altura ajustable: los sillones de examen sin barreras de Ritter de Midmark ajustan la altura de 18 a 37 pulgadas, mejorando la accesibilidad al sill\u00f3n de examen y reduciendo la posibilidad de lesiones al personal.<\/p>\n<p>Ajuste de la espalda asistida por gas-resorte<\/p>\n<\/p>\n<p>CAPACIDAD DE PESO DEL PACIENTE: 500 lb (227 kg)<\/p>\n<p>ALTURA: Sin comprimir: 18 \u00abBaja \/ 37\u00bb Alta (46 cm \/ 94 cm)<\/p>\n<p>DIMENSIONES DE TAPICER\u00cdA INCONS\u00daTIL: 28 \u00abAn x 60\u00bb L (71 cm \/ 152 cm)<\/p>\n<p>LONGITUD CON EXTENSI\u00d3N DE PISTA: 76 \u00ab(193 cm)<\/p>\n<p>INCLINACI\u00d3N P\u00c9LVICA: 5 1\/5 grados<\/p>\n<p>DIBUJO CALENTADO: 24.6 W<\/p>\n<p>TEMPERATURA DEL CAJ\u00d3N CALENTADO: 92 grados F a 112 grados F a 115 VCA de voltaje de entrada, 70 grados F ambiente<\/p>\n<p>SOPORTE DE RODILLO DE PAPEL: Sostiene 24 \u00abx 3.56\u00bb de di\u00e1metro. rollo de papel (61 cm x 9 cm)<\/p>\n<p>DIBUJO EL\u00c9CTRICO: 4A<\/p>\n<p>RECEPT\u00c1CULO EL\u00c9CTRICO: Recept\u00e1culos el\u00e9ctricos de grado hospitalario en los lados izquierdo y derecho<\/p>\n<p>PESO DE LA MESA: 409 lb (185 kg)<\/p>\n","protected":false},"excerpt":{"rendered":"<p>El Ritter 224 est\u00e1 \u00abdise\u00f1ado para ofrecer alturas de posicionamiento bajas y altas para que pueda brindar la mejor atenci\u00f3n\u00bb a todos los pacientes,<\/p>\n<p>\u00a0ya sea que traten a personas mayores, madres embarazadas o pacientes con discapacidades.<\/p>\n<\/p>\n<p>\u00a0<\/p>\n","protected":false},"featured_media":12810,"template":"","meta":{"_joinchat":[]},"product_brand":[],"product_cat":[301],"product_tag":[],"class_list":{"0":"post-12809","1":"product","2":"type-product","3":"status-publish","4":"has-post-thumbnail","6":"product_cat-mesa-de-exploracion","7":"pa_marca-ritter","9":"first","10":"instock","11":"purchasable","12":"product-type-simple"},"yoast_head":"<!-- This site is optimized with the Yoast SEO plugin v25.1 - https:\/\/yoast.com\/wordpress\/plugins\/seo\/ -->\n<title>MESA DE EXPLORACI\u00d3N EL\u00c9CTRICA MOD. 224 SOOTHING BLUE - Tu mejor opci\u00f3n Equipo M\u00e9dico M\u00e9xico<\/title>\n<meta name=\"robots\" content=\"index, follow, max-snippet:-1, max-image-preview:large, max-video-preview:-1\" \/>\n<link rel=\"canonical\" href=\"https:\/\/buscoequipomedico.com\/?product=mesa-de-exploracion-electrica-mod-224-soothing-blue\" \/>\n<meta property=\"og:locale\" content=\"es_ES\" \/>\n<meta property=\"og:type\" content=\"article\" \/>\n<meta property=\"og:title\" content=\"MESA DE EXPLORACI\u00d3N EL\u00c9CTRICA MOD. 224 SOOTHING BLUE - Tu mejor opci\u00f3n Equipo M\u00e9dico M\u00e9xico\" \/>\n<meta property=\"og:description\" content=\"El Ritter 224 est\u00e1 &quot;dise\u00f1ado para ofrecer alturas de posicionamiento bajas y altas para que pueda brindar la mejor atenci\u00f3n&quot; a todos los pacientes, \u00a0ya sea que traten a personas mayores, madres embarazadas o pacientes con discapacidades. \u00a0\" \/>\n<meta property=\"og:url\" content=\"https:\/\/buscoequipomedico.com\/?product=mesa-de-exploracion-electrica-mod-224-soothing-blue\" \/>\n<meta property=\"og:site_name\" content=\"Tu mejor opci\u00f3n Equipo M\u00e9dico M\u00e9xico\" \/>\n<meta property=\"article:modified_time\" content=\"2020-02-18T07:36:18+00:00\" \/>\n<meta property=\"og:image\" content=\"https:\/\/buscoequipomedico.com\/wp-content\/uploads\/2020\/02\/mesa-de-exploracion-electrica-mod-224-soothing-blue-el-ritter-224-esta-disenado-para-ofrecer-alturas-de-posicionamiento-bajas-y.jpg\" \/>\n\t<meta property=\"og:image:width\" content=\"800\" \/>\n\t<meta property=\"og:image:height\" content=\"800\" \/>\n\t<meta property=\"og:image:type\" content=\"image\/png\" \/>\n<meta name=\"twitter:card\" content=\"summary_large_image\" \/>\n<meta name=\"twitter:label1\" content=\"Tiempo de lectura\" \/>\n\t<meta name=\"twitter:data1\" content=\"1 minuto\" \/>\n<script type=\"application\/ld+json\" class=\"yoast-schema-graph\">{\"@context\":\"https:\/\/schema.org\",\"@graph\":[{\"@type\":\"WebPage\",\"@id\":\"https:\/\/buscoequipomedico.com\/?product=mesa-de-exploracion-electrica-mod-224-soothing-blue\",\"url\":\"https:\/\/buscoequipomedico.com\/?product=mesa-de-exploracion-electrica-mod-224-soothing-blue\",\"name\":\"MESA DE EXPLORACI\u00d3N EL\u00c9CTRICA MOD. 224 SOOTHING BLUE - Tu mejor opci\u00f3n Equipo M\u00e9dico M\u00e9xico\",\"isPartOf\":{\"@id\":\"https:\/\/buscoequipomedico.com\/#website\"},\"primaryImageOfPage\":{\"@id\":\"https:\/\/buscoequipomedico.com\/?product=mesa-de-exploracion-electrica-mod-224-soothing-blue#primaryimage\"},\"image\":{\"@id\":\"https:\/\/buscoequipomedico.com\/?product=mesa-de-exploracion-electrica-mod-224-soothing-blue#primaryimage\"},\"thumbnailUrl\":\"https:\/\/buscoequipomedico.com\/wp-content\/uploads\/2020\/02\/mesa-de-exploracion-electrica-mod-224-soothing-blue-el-ritter-224-esta-disenado-para-ofrecer-alturas-de-posicionamiento-bajas-y.jpg\",\"datePublished\":\"2020-02-18T07:36:13+00:00\",\"dateModified\":\"2020-02-18T07:36:18+00:00\",\"breadcrumb\":{\"@id\":\"https:\/\/buscoequipomedico.com\/?product=mesa-de-exploracion-electrica-mod-224-soothing-blue#breadcrumb\"},\"inLanguage\":\"es\",\"potentialAction\":[{\"@type\":\"ReadAction\",\"target\":[\"https:\/\/buscoequipomedico.com\/?product=mesa-de-exploracion-electrica-mod-224-soothing-blue\"]}]},{\"@type\":\"ImageObject\",\"inLanguage\":\"es\",\"@id\":\"https:\/\/buscoequipomedico.com\/?product=mesa-de-exploracion-electrica-mod-224-soothing-blue#primaryimage\",\"url\":\"https:\/\/buscoequipomedico.com\/wp-content\/uploads\/2020\/02\/mesa-de-exploracion-electrica-mod-224-soothing-blue-el-ritter-224-esta-disenado-para-ofrecer-alturas-de-posicionamiento-bajas-y.jpg\",\"contentUrl\":\"https:\/\/buscoequipomedico.com\/wp-content\/uploads\/2020\/02\/mesa-de-exploracion-electrica-mod-224-soothing-blue-el-ritter-224-esta-disenado-para-ofrecer-alturas-de-posicionamiento-bajas-y.jpg\",\"width\":800,\"height\":800},{\"@type\":\"BreadcrumbList\",\"@id\":\"https:\/\/buscoequipomedico.com\/?product=mesa-de-exploracion-electrica-mod-224-soothing-blue#breadcrumb\",\"itemListElement\":[{\"@type\":\"ListItem\",\"position\":1,\"name\":\"Productos\",\"item\":\"https:\/\/buscoequipomedico.com\/shop\/\"},{\"@type\":\"ListItem\",\"position\":2,\"name\":\"MESA DE EXPLORACI\u00d3N EL\u00c9CTRICA MOD. 224 SOOTHING BLUE\"}]},{\"@type\":\"WebSite\",\"@id\":\"https:\/\/buscoequipomedico.com\/#website\",\"url\":\"https:\/\/buscoequipomedico.com\/\",\"name\":\"Tu mejor opci\u00f3n Equipo M\u00e9dico M\u00e9xico\",\"description\":\"Tienda de equipo m\u00e9dico\",\"publisher\":{\"@id\":\"https:\/\/buscoequipomedico.com\/#organization\"},\"potentialAction\":[{\"@type\":\"SearchAction\",\"target\":{\"@type\":\"EntryPoint\",\"urlTemplate\":\"https:\/\/buscoequipomedico.com\/?s={search_term_string}\"},\"query-input\":{\"@type\":\"PropertyValueSpecification\",\"valueRequired\":true,\"valueName\":\"search_term_string\"}}],\"inLanguage\":\"es\"},{\"@type\":\"Organization\",\"@id\":\"https:\/\/buscoequipomedico.com\/#organization\",\"name\":\"Tu mejor opci\u00f3n Equipo M\u00e9dico M\u00e9xico\",\"url\":\"https:\/\/buscoequipomedico.com\/\",\"logo\":{\"@type\":\"ImageObject\",\"inLanguage\":\"es\",\"@id\":\"https:\/\/buscoequipomedico.com\/#\/schema\/logo\/image\/\",\"url\":\"https:\/\/buscoequipomedico.com\/wp-content\/uploads\/2021\/07\/EMM-VPrincipal-scaled.jpg\",\"contentUrl\":\"https:\/\/buscoequipomedico.com\/wp-content\/uploads\/2021\/07\/EMM-VPrincipal-scaled.jpg\",\"width\":2560,\"height\":1058,\"caption\":\"Tu mejor opci\u00f3n Equipo M\u00e9dico M\u00e9xico\"},\"image\":{\"@id\":\"https:\/\/buscoequipomedico.com\/#\/schema\/logo\/image\/\"}}]}<\/script>\n<!-- \/ Yoast SEO plugin. -->","yoast_head_json":{"title":"MESA DE EXPLORACI\u00d3N EL\u00c9CTRICA MOD. 224 SOOTHING BLUE - Tu mejor opci\u00f3n Equipo M\u00e9dico M\u00e9xico","robots":{"index":"index","follow":"follow","max-snippet":"max-snippet:-1","max-image-preview":"max-image-preview:large","max-video-preview":"max-video-preview:-1"},"canonical":"https:\/\/buscoequipomedico.com\/?product=mesa-de-exploracion-electrica-mod-224-soothing-blue","og_locale":"es_ES","og_type":"article","og_title":"MESA DE EXPLORACI\u00d3N EL\u00c9CTRICA MOD. 224 SOOTHING BLUE - Tu mejor opci\u00f3n Equipo M\u00e9dico M\u00e9xico","og_description":"El Ritter 224 est\u00e1 \"dise\u00f1ado para ofrecer alturas de posicionamiento bajas y altas para que pueda brindar la mejor atenci\u00f3n\" a todos los pacientes, \u00a0ya sea que traten a personas mayores, madres embarazadas o pacientes con discapacidades. \u00a0","og_url":"https:\/\/buscoequipomedico.com\/?product=mesa-de-exploracion-electrica-mod-224-soothing-blue","og_site_name":"Tu mejor opci\u00f3n Equipo M\u00e9dico M\u00e9xico","article_modified_time":"2020-02-18T07:36:18+00:00","og_image":[{"width":800,"height":800,"url":"https:\/\/buscoequipomedico.com\/wp-content\/uploads\/2020\/02\/mesa-de-exploracion-electrica-mod-224-soothing-blue-el-ritter-224-esta-disenado-para-ofrecer-alturas-de-posicionamiento-bajas-y.jpg","type":"image\/png"}],"twitter_card":"summary_large_image","twitter_misc":{"Tiempo de lectura":"1 minuto"},"schema":{"@context":"https:\/\/schema.org","@graph":[{"@type":"WebPage","@id":"https:\/\/buscoequipomedico.com\/?product=mesa-de-exploracion-electrica-mod-224-soothing-blue","url":"https:\/\/buscoequipomedico.com\/?product=mesa-de-exploracion-electrica-mod-224-soothing-blue","name":"MESA DE EXPLORACI\u00d3N EL\u00c9CTRICA MOD. 224 SOOTHING BLUE - Tu mejor opci\u00f3n Equipo M\u00e9dico M\u00e9xico","isPartOf":{"@id":"https:\/\/buscoequipomedico.com\/#website"},"primaryImageOfPage":{"@id":"https:\/\/buscoequipomedico.com\/?product=mesa-de-exploracion-electrica-mod-224-soothing-blue#primaryimage"},"image":{"@id":"https:\/\/buscoequipomedico.com\/?product=mesa-de-exploracion-electrica-mod-224-soothing-blue#primaryimage"},"thumbnailUrl":"https:\/\/buscoequipomedico.com\/wp-content\/uploads\/2020\/02\/mesa-de-exploracion-electrica-mod-224-soothing-blue-el-ritter-224-esta-disenado-para-ofrecer-alturas-de-posicionamiento-bajas-y.jpg","datePublished":"2020-02-18T07:36:13+00:00","dateModified":"2020-02-18T07:36:18+00:00","breadcrumb":{"@id":"https:\/\/buscoequipomedico.com\/?product=mesa-de-exploracion-electrica-mod-224-soothing-blue#breadcrumb"},"inLanguage":"es","potentialAction":[{"@type":"ReadAction","target":["https:\/\/buscoequipomedico.com\/?product=mesa-de-exploracion-electrica-mod-224-soothing-blue"]}]},{"@type":"ImageObject","inLanguage":"es","@id":"https:\/\/buscoequipomedico.com\/?product=mesa-de-exploracion-electrica-mod-224-soothing-blue#primaryimage","url":"https:\/\/buscoequipomedico.com\/wp-content\/uploads\/2020\/02\/mesa-de-exploracion-electrica-mod-224-soothing-blue-el-ritter-224-esta-disenado-para-ofrecer-alturas-de-posicionamiento-bajas-y.jpg","contentUrl":"https:\/\/buscoequipomedico.com\/wp-content\/uploads\/2020\/02\/mesa-de-exploracion-electrica-mod-224-soothing-blue-el-ritter-224-esta-disenado-para-ofrecer-alturas-de-posicionamiento-bajas-y.jpg","width":800,"height":800},{"@type":"BreadcrumbList","@id":"https:\/\/buscoequipomedico.com\/?product=mesa-de-exploracion-electrica-mod-224-soothing-blue#breadcrumb","itemListElement":[{"@type":"ListItem","position":1,"name":"Productos","item":"https:\/\/buscoequipomedico.com\/shop\/"},{"@type":"ListItem","position":2,"name":"MESA DE EXPLORACI\u00d3N EL\u00c9CTRICA MOD. 224 SOOTHING BLUE"}]},{"@type":"WebSite","@id":"https:\/\/buscoequipomedico.com\/#website","url":"https:\/\/buscoequipomedico.com\/","name":"Tu mejor opci\u00f3n Equipo M\u00e9dico M\u00e9xico","description":"Tienda de equipo m\u00e9dico","publisher":{"@id":"https:\/\/buscoequipomedico.com\/#organization"},"potentialAction":[{"@type":"SearchAction","target":{"@type":"EntryPoint","urlTemplate":"https:\/\/buscoequipomedico.com\/?s={search_term_string}"},"query-input":{"@type":"PropertyValueSpecification","valueRequired":true,"valueName":"search_term_string"}}],"inLanguage":"es"},{"@type":"Organization","@id":"https:\/\/buscoequipomedico.com\/#organization","name":"Tu mejor opci\u00f3n Equipo M\u00e9dico M\u00e9xico","url":"https:\/\/buscoequipomedico.com\/","logo":{"@type":"ImageObject","inLanguage":"es","@id":"https:\/\/buscoequipomedico.com\/#\/schema\/logo\/image\/","url":"https:\/\/buscoequipomedico.com\/wp-content\/uploads\/2021\/07\/EMM-VPrincipal-scaled.jpg","contentUrl":"https:\/\/buscoequipomedico.com\/wp-content\/uploads\/2021\/07\/EMM-VPrincipal-scaled.jpg","width":2560,"height":1058,"caption":"Tu mejor opci\u00f3n Equipo M\u00e9dico M\u00e9xico"},"image":{"@id":"https:\/\/buscoequipomedico.com\/#\/schema\/logo\/image\/"}}]}},"_links":{"self":[{"href":"https:\/\/buscoequipomedico.com\/index.php?rest_route=\/wp\/v2\/product\/12809","targetHints":{"allow":["GET"]}}],"collection":[{"href":"https:\/\/buscoequipomedico.com\/index.php?rest_route=\/wp\/v2\/product"}],"about":[{"href":"https:\/\/buscoequipomedico.com\/index.php?rest_route=\/wp\/v2\/types\/product"}],"wp:featuredmedia":[{"embeddable":true,"href":"https:\/\/buscoequipomedico.com\/index.php?rest_route=\/wp\/v2\/media\/12810"}],"wp:attachment":[{"href":"https:\/\/buscoequipomedico.com\/index.php?rest_route=%2Fwp%2Fv2%2Fmedia&parent=12809"}],"wp:term":[{"taxonomy":"product_brand","embeddable":true,"href":"https:\/\/buscoequipomedico.com\/index.php?rest_route=%2Fwp%2Fv2%2Fproduct_brand&post=12809"},{"taxonomy":"product_cat","embeddable":true,"href":"https:\/\/buscoequipomedico.com\/index.php?rest_route=%2Fwp%2Fv2%2Fproduct_cat&post=12809"},{"taxonomy":"product_tag","embeddable":true,"href":"https:\/\/buscoequipomedico.com\/index.php?rest_route=%2Fwp%2Fv2%2Fproduct_tag&post=12809"}],"curies":[{"name":"wp","href":"https:\/\/api.w.org\/{rel}","templated":true}]}}