{"id":12811,"date":"2020-02-18T07:36:13","date_gmt":"2020-02-18T07:36:13","guid":{"rendered":"https:\/\/equipomedicomexico-com.preview-domain.com\/product\/mesa-de-exploracion-electrica-mod-225-soothing-blue\/"},"modified":"2020-02-18T07:36:18","modified_gmt":"2020-02-18T07:36:18","slug":"mesa-de-exploracion-electrica-mod-225-soothing-blue","status":"publish","type":"product","link":"https:\/\/buscoequipomedico.com\/?product=mesa-de-exploracion-electrica-mod-225-soothing-blue","title":{"rendered":"MESA DE EXPLORACION ELECTRICA MOD. 225 SOOTHING BLUE"},"content":{"rendered":"<\/p>\n<p>\u00a0<\/p>\n<p>Capacidad de peso del paciente:<\/p>\n<\/p>\n<p>500 lb (227 kg)<\/p>\n<\/p>\n<p>Altura:<\/p>\n<\/p>\n<p>Sin comprimir: 18 \u00abbajo \/ 37\u00bb alto<\/p>\n<\/p>\n<p>(46 cm \/ 94 cm)<\/p>\n<\/p>\n<p>Dimensiones de tapicer\u00eda sin costura:<\/p>\n<\/p>\n<p>28 \u00abAn. X 60\u00bb An.<\/p>\n<\/p>\n<p>(71 cm \/ 152 cm)<\/p>\n<\/p>\n<p>Longitud con el reposapi\u00e9s extendido:<\/p>\n<\/p>\n<p>76 \u00ab(193 cm)<\/p>\n<\/p>\n<p>Inclinaci\u00f3n de la pelvis: 5 1\/5 \/ Caj\u00f3n con calefacci\u00f3n: 24,6 vatios<\/p>\n<\/p>\n<p>Temperatura del caj\u00f3n con calefacci\u00f3n:<\/p>\n<\/p>\n<p>92 \u00b0 F a 112 \u00b0 F a 115 VAC de entrada<\/p>\n<\/p>\n<p>voltaje, 70 \u00b0 F ambiente<\/p>\n<\/p>\n<p>Soporte de rollo de papel: sostiene 24 \u00abx<\/p>\n<\/p>\n<p>Rollo de papel de 3.56 \u00abde di\u00e1metro (61 cm x 9 cm)<\/p>\n<\/p>\n<p>Recept\u00e1culo el\u00e9ctrico &#8211; el\u00e9ctrico<\/p>\n<\/p>\n<p>Dibujar: 4 A<\/p>\n<\/p>\n<p>Grado hospitalario, el\u00e9ctrico<\/p>\n<\/p>\n<p>Recipientes en los lados izquierdo y derecho.<\/p>\n<\/p>\n<p>Peso de la mesa: 409 lb (185 kg)<\/p>\n<\/p>\n<p>Peso de env\u00edo: 465 lb (211 kg)<\/p>\n<\/p>\n<p>Calificaciones el\u00e9ctricas<\/p>\n<\/p>\n<p>\u00a0115 VAC, 50 \/ 60Hz, 11.5A<\/p>\n<p>Accesorios<\/p>\n<\/p>\n<p>Rails Plus &#x2122; para pacientes<\/p>\n<\/p>\n<p>Rieles de soporte para pacientes &#x2122;<\/p>\n<\/p>\n<p>Armas de ayuda<\/p>\n<\/p>\n<p>Asistente de Suministros<\/p>\n<\/p>\n<p>Muletas articulares de rodilla<\/p>\n<\/p>\n<p>Muletas de rodilla<\/p>\n<\/p>\n<p>Bandeja de tratamiento de acero inoxidable<\/p>\n<\/p>\n<p>Montaje en mesa IQvitals\u00ae<\/p><\/p>\n","protected":false},"excerpt":{"rendered":"<p>Ritter 225 tiene un sistema de respaldo de energ\u00eda, alturas bajas y altas ajustables, almohadas incorporadas, escondite de estribos que se traban en uno de los cuatro. Posiciones laterales, extensi\u00f3n del pie, estantes para ampliar la mesa, longitud, los soportes del rollo de papel ocultos debajo del reposacabezas, almacenamiento para un papel de 21 \u00abx 3.5\u00bb de di\u00e1metro rollo, sartenes de tratamiento de poliestireno, control de pie, y nivelaci\u00f3n de pie<\/p><\/p>\n","protected":false},"featured_media":12812,"template":"","meta":{"_joinchat":[]},"product_brand":[],"product_cat":[301],"product_tag":[],"class_list":{"0":"post-12811","1":"product","2":"type-product","3":"status-publish","4":"has-post-thumbnail","6":"product_cat-mesa-de-exploracion","8":"first","9":"instock","10":"purchasable","11":"product-type-simple"},"yoast_head":"<!-- This site is optimized with the Yoast SEO plugin v25.1 - https:\/\/yoast.com\/wordpress\/plugins\/seo\/ -->\n<title>MESA DE EXPLORACION ELECTRICA MOD. 225 SOOTHING BLUE - Tu mejor opci\u00f3n Equipo M\u00e9dico M\u00e9xico<\/title>\n<meta name=\"robots\" content=\"index, follow, max-snippet:-1, max-image-preview:large, max-video-preview:-1\" \/>\n<link rel=\"canonical\" href=\"https:\/\/buscoequipomedico.com\/?product=mesa-de-exploracion-electrica-mod-225-soothing-blue\" \/>\n<meta property=\"og:locale\" content=\"es_ES\" \/>\n<meta property=\"og:type\" content=\"article\" \/>\n<meta property=\"og:title\" content=\"MESA DE EXPLORACION ELECTRICA MOD. 225 SOOTHING BLUE - Tu mejor opci\u00f3n Equipo M\u00e9dico M\u00e9xico\" \/>\n<meta property=\"og:description\" content=\"Ritter 225 tiene un sistema de respaldo de energ\u00eda, alturas bajas y altas ajustables, almohadas incorporadas, escondite de estribos que se traban en uno de los cuatro. Posiciones laterales, extensi\u00f3n del pie, estantes para ampliar la mesa, longitud, los soportes del rollo de papel ocultos debajo del reposacabezas, almacenamiento para un papel de 21 &quot;x 3.5&quot; de di\u00e1metro rollo, sartenes de tratamiento de poliestireno, control de pie, y nivelaci\u00f3n de pie\" \/>\n<meta property=\"og:url\" content=\"https:\/\/buscoequipomedico.com\/?product=mesa-de-exploracion-electrica-mod-225-soothing-blue\" \/>\n<meta property=\"og:site_name\" content=\"Tu mejor opci\u00f3n Equipo M\u00e9dico M\u00e9xico\" \/>\n<meta property=\"article:modified_time\" content=\"2020-02-18T07:36:18+00:00\" \/>\n<meta property=\"og:image\" content=\"https:\/\/buscoequipomedico.com\/wp-content\/uploads\/2020\/02\/mesa-de-exploracion-electrica-mod-225-soothing-blue-ritter-225-tiene-un-sistema-de-respaldo-de-energia-alturas-bajas-y-altas-aju.jpg\" \/>\n\t<meta property=\"og:image:width\" content=\"800\" \/>\n\t<meta property=\"og:image:height\" content=\"800\" \/>\n\t<meta property=\"og:image:type\" content=\"image\/png\" \/>\n<meta name=\"twitter:card\" content=\"summary_large_image\" \/>\n<meta name=\"twitter:label1\" content=\"Tiempo de lectura\" \/>\n\t<meta name=\"twitter:data1\" content=\"1 minuto\" \/>\n<script type=\"application\/ld+json\" class=\"yoast-schema-graph\">{\"@context\":\"https:\/\/schema.org\",\"@graph\":[{\"@type\":\"WebPage\",\"@id\":\"https:\/\/buscoequipomedico.com\/?product=mesa-de-exploracion-electrica-mod-225-soothing-blue\",\"url\":\"https:\/\/buscoequipomedico.com\/?product=mesa-de-exploracion-electrica-mod-225-soothing-blue\",\"name\":\"MESA DE EXPLORACION ELECTRICA MOD. 225 SOOTHING BLUE - Tu mejor opci\u00f3n Equipo M\u00e9dico M\u00e9xico\",\"isPartOf\":{\"@id\":\"https:\/\/buscoequipomedico.com\/#website\"},\"primaryImageOfPage\":{\"@id\":\"https:\/\/buscoequipomedico.com\/?product=mesa-de-exploracion-electrica-mod-225-soothing-blue#primaryimage\"},\"image\":{\"@id\":\"https:\/\/buscoequipomedico.com\/?product=mesa-de-exploracion-electrica-mod-225-soothing-blue#primaryimage\"},\"thumbnailUrl\":\"https:\/\/buscoequipomedico.com\/wp-content\/uploads\/2020\/02\/mesa-de-exploracion-electrica-mod-225-soothing-blue-ritter-225-tiene-un-sistema-de-respaldo-de-energia-alturas-bajas-y-altas-aju.jpg\",\"datePublished\":\"2020-02-18T07:36:13+00:00\",\"dateModified\":\"2020-02-18T07:36:18+00:00\",\"breadcrumb\":{\"@id\":\"https:\/\/buscoequipomedico.com\/?product=mesa-de-exploracion-electrica-mod-225-soothing-blue#breadcrumb\"},\"inLanguage\":\"es\",\"potentialAction\":[{\"@type\":\"ReadAction\",\"target\":[\"https:\/\/buscoequipomedico.com\/?product=mesa-de-exploracion-electrica-mod-225-soothing-blue\"]}]},{\"@type\":\"ImageObject\",\"inLanguage\":\"es\",\"@id\":\"https:\/\/buscoequipomedico.com\/?product=mesa-de-exploracion-electrica-mod-225-soothing-blue#primaryimage\",\"url\":\"https:\/\/buscoequipomedico.com\/wp-content\/uploads\/2020\/02\/mesa-de-exploracion-electrica-mod-225-soothing-blue-ritter-225-tiene-un-sistema-de-respaldo-de-energia-alturas-bajas-y-altas-aju.jpg\",\"contentUrl\":\"https:\/\/buscoequipomedico.com\/wp-content\/uploads\/2020\/02\/mesa-de-exploracion-electrica-mod-225-soothing-blue-ritter-225-tiene-un-sistema-de-respaldo-de-energia-alturas-bajas-y-altas-aju.jpg\",\"width\":800,\"height\":800},{\"@type\":\"BreadcrumbList\",\"@id\":\"https:\/\/buscoequipomedico.com\/?product=mesa-de-exploracion-electrica-mod-225-soothing-blue#breadcrumb\",\"itemListElement\":[{\"@type\":\"ListItem\",\"position\":1,\"name\":\"Productos\",\"item\":\"https:\/\/buscoequipomedico.com\/shop\/\"},{\"@type\":\"ListItem\",\"position\":2,\"name\":\"MESA DE EXPLORACION ELECTRICA MOD. 225 SOOTHING BLUE\"}]},{\"@type\":\"WebSite\",\"@id\":\"https:\/\/buscoequipomedico.com\/#website\",\"url\":\"https:\/\/buscoequipomedico.com\/\",\"name\":\"Tu mejor opci\u00f3n Equipo M\u00e9dico M\u00e9xico\",\"description\":\"Tienda de equipo m\u00e9dico\",\"publisher\":{\"@id\":\"https:\/\/buscoequipomedico.com\/#organization\"},\"potentialAction\":[{\"@type\":\"SearchAction\",\"target\":{\"@type\":\"EntryPoint\",\"urlTemplate\":\"https:\/\/buscoequipomedico.com\/?s={search_term_string}\"},\"query-input\":{\"@type\":\"PropertyValueSpecification\",\"valueRequired\":true,\"valueName\":\"search_term_string\"}}],\"inLanguage\":\"es\"},{\"@type\":\"Organization\",\"@id\":\"https:\/\/buscoequipomedico.com\/#organization\",\"name\":\"Tu mejor opci\u00f3n Equipo M\u00e9dico M\u00e9xico\",\"url\":\"https:\/\/buscoequipomedico.com\/\",\"logo\":{\"@type\":\"ImageObject\",\"inLanguage\":\"es\",\"@id\":\"https:\/\/buscoequipomedico.com\/#\/schema\/logo\/image\/\",\"url\":\"https:\/\/buscoequipomedico.com\/wp-content\/uploads\/2021\/07\/EMM-VPrincipal-scaled.jpg\",\"contentUrl\":\"https:\/\/buscoequipomedico.com\/wp-content\/uploads\/2021\/07\/EMM-VPrincipal-scaled.jpg\",\"width\":2560,\"height\":1058,\"caption\":\"Tu mejor opci\u00f3n Equipo M\u00e9dico M\u00e9xico\"},\"image\":{\"@id\":\"https:\/\/buscoequipomedico.com\/#\/schema\/logo\/image\/\"}}]}<\/script>\n<!-- \/ Yoast SEO plugin. -->","yoast_head_json":{"title":"MESA DE EXPLORACION ELECTRICA MOD. 225 SOOTHING BLUE - Tu mejor opci\u00f3n Equipo M\u00e9dico M\u00e9xico","robots":{"index":"index","follow":"follow","max-snippet":"max-snippet:-1","max-image-preview":"max-image-preview:large","max-video-preview":"max-video-preview:-1"},"canonical":"https:\/\/buscoequipomedico.com\/?product=mesa-de-exploracion-electrica-mod-225-soothing-blue","og_locale":"es_ES","og_type":"article","og_title":"MESA DE EXPLORACION ELECTRICA MOD. 225 SOOTHING BLUE - Tu mejor opci\u00f3n Equipo M\u00e9dico M\u00e9xico","og_description":"Ritter 225 tiene un sistema de respaldo de energ\u00eda, alturas bajas y altas ajustables, almohadas incorporadas, escondite de estribos que se traban en uno de los cuatro. Posiciones laterales, extensi\u00f3n del pie, estantes para ampliar la mesa, longitud, los soportes del rollo de papel ocultos debajo del reposacabezas, almacenamiento para un papel de 21 \"x 3.5\" de di\u00e1metro rollo, sartenes de tratamiento de poliestireno, control de pie, y nivelaci\u00f3n de pie","og_url":"https:\/\/buscoequipomedico.com\/?product=mesa-de-exploracion-electrica-mod-225-soothing-blue","og_site_name":"Tu mejor opci\u00f3n Equipo M\u00e9dico M\u00e9xico","article_modified_time":"2020-02-18T07:36:18+00:00","og_image":[{"width":800,"height":800,"url":"https:\/\/buscoequipomedico.com\/wp-content\/uploads\/2020\/02\/mesa-de-exploracion-electrica-mod-225-soothing-blue-ritter-225-tiene-un-sistema-de-respaldo-de-energia-alturas-bajas-y-altas-aju.jpg","type":"image\/png"}],"twitter_card":"summary_large_image","twitter_misc":{"Tiempo de lectura":"1 minuto"},"schema":{"@context":"https:\/\/schema.org","@graph":[{"@type":"WebPage","@id":"https:\/\/buscoequipomedico.com\/?product=mesa-de-exploracion-electrica-mod-225-soothing-blue","url":"https:\/\/buscoequipomedico.com\/?product=mesa-de-exploracion-electrica-mod-225-soothing-blue","name":"MESA DE EXPLORACION ELECTRICA MOD. 225 SOOTHING BLUE - Tu mejor opci\u00f3n Equipo M\u00e9dico M\u00e9xico","isPartOf":{"@id":"https:\/\/buscoequipomedico.com\/#website"},"primaryImageOfPage":{"@id":"https:\/\/buscoequipomedico.com\/?product=mesa-de-exploracion-electrica-mod-225-soothing-blue#primaryimage"},"image":{"@id":"https:\/\/buscoequipomedico.com\/?product=mesa-de-exploracion-electrica-mod-225-soothing-blue#primaryimage"},"thumbnailUrl":"https:\/\/buscoequipomedico.com\/wp-content\/uploads\/2020\/02\/mesa-de-exploracion-electrica-mod-225-soothing-blue-ritter-225-tiene-un-sistema-de-respaldo-de-energia-alturas-bajas-y-altas-aju.jpg","datePublished":"2020-02-18T07:36:13+00:00","dateModified":"2020-02-18T07:36:18+00:00","breadcrumb":{"@id":"https:\/\/buscoequipomedico.com\/?product=mesa-de-exploracion-electrica-mod-225-soothing-blue#breadcrumb"},"inLanguage":"es","potentialAction":[{"@type":"ReadAction","target":["https:\/\/buscoequipomedico.com\/?product=mesa-de-exploracion-electrica-mod-225-soothing-blue"]}]},{"@type":"ImageObject","inLanguage":"es","@id":"https:\/\/buscoequipomedico.com\/?product=mesa-de-exploracion-electrica-mod-225-soothing-blue#primaryimage","url":"https:\/\/buscoequipomedico.com\/wp-content\/uploads\/2020\/02\/mesa-de-exploracion-electrica-mod-225-soothing-blue-ritter-225-tiene-un-sistema-de-respaldo-de-energia-alturas-bajas-y-altas-aju.jpg","contentUrl":"https:\/\/buscoequipomedico.com\/wp-content\/uploads\/2020\/02\/mesa-de-exploracion-electrica-mod-225-soothing-blue-ritter-225-tiene-un-sistema-de-respaldo-de-energia-alturas-bajas-y-altas-aju.jpg","width":800,"height":800},{"@type":"BreadcrumbList","@id":"https:\/\/buscoequipomedico.com\/?product=mesa-de-exploracion-electrica-mod-225-soothing-blue#breadcrumb","itemListElement":[{"@type":"ListItem","position":1,"name":"Productos","item":"https:\/\/buscoequipomedico.com\/shop\/"},{"@type":"ListItem","position":2,"name":"MESA DE EXPLORACION ELECTRICA MOD. 225 SOOTHING BLUE"}]},{"@type":"WebSite","@id":"https:\/\/buscoequipomedico.com\/#website","url":"https:\/\/buscoequipomedico.com\/","name":"Tu mejor opci\u00f3n Equipo M\u00e9dico M\u00e9xico","description":"Tienda de equipo m\u00e9dico","publisher":{"@id":"https:\/\/buscoequipomedico.com\/#organization"},"potentialAction":[{"@type":"SearchAction","target":{"@type":"EntryPoint","urlTemplate":"https:\/\/buscoequipomedico.com\/?s={search_term_string}"},"query-input":{"@type":"PropertyValueSpecification","valueRequired":true,"valueName":"search_term_string"}}],"inLanguage":"es"},{"@type":"Organization","@id":"https:\/\/buscoequipomedico.com\/#organization","name":"Tu mejor opci\u00f3n Equipo M\u00e9dico M\u00e9xico","url":"https:\/\/buscoequipomedico.com\/","logo":{"@type":"ImageObject","inLanguage":"es","@id":"https:\/\/buscoequipomedico.com\/#\/schema\/logo\/image\/","url":"https:\/\/buscoequipomedico.com\/wp-content\/uploads\/2021\/07\/EMM-VPrincipal-scaled.jpg","contentUrl":"https:\/\/buscoequipomedico.com\/wp-content\/uploads\/2021\/07\/EMM-VPrincipal-scaled.jpg","width":2560,"height":1058,"caption":"Tu mejor opci\u00f3n Equipo M\u00e9dico M\u00e9xico"},"image":{"@id":"https:\/\/buscoequipomedico.com\/#\/schema\/logo\/image\/"}}]}},"_links":{"self":[{"href":"https:\/\/buscoequipomedico.com\/index.php?rest_route=\/wp\/v2\/product\/12811","targetHints":{"allow":["GET"]}}],"collection":[{"href":"https:\/\/buscoequipomedico.com\/index.php?rest_route=\/wp\/v2\/product"}],"about":[{"href":"https:\/\/buscoequipomedico.com\/index.php?rest_route=\/wp\/v2\/types\/product"}],"wp:featuredmedia":[{"embeddable":true,"href":"https:\/\/buscoequipomedico.com\/index.php?rest_route=\/wp\/v2\/media\/12812"}],"wp:attachment":[{"href":"https:\/\/buscoequipomedico.com\/index.php?rest_route=%2Fwp%2Fv2%2Fmedia&parent=12811"}],"wp:term":[{"taxonomy":"product_brand","embeddable":true,"href":"https:\/\/buscoequipomedico.com\/index.php?rest_route=%2Fwp%2Fv2%2Fproduct_brand&post=12811"},{"taxonomy":"product_cat","embeddable":true,"href":"https:\/\/buscoequipomedico.com\/index.php?rest_route=%2Fwp%2Fv2%2Fproduct_cat&post=12811"},{"taxonomy":"product_tag","embeddable":true,"href":"https:\/\/buscoequipomedico.com\/index.php?rest_route=%2Fwp%2Fv2%2Fproduct_tag&post=12811"}],"curies":[{"name":"wp","href":"https:\/\/api.w.org\/{rel}","templated":true}]}}