{"id":12815,"date":"2020-02-18T07:36:13","date_gmt":"2020-02-18T07:36:13","guid":{"rendered":"https:\/\/equipomedicomexico-com.preview-domain.com\/product\/mesa-pediatrica-midmark-con-bascula-dusty-blue\/"},"modified":"2020-02-18T07:36:19","modified_gmt":"2020-02-18T07:36:19","slug":"mesa-pediatrica-midmark-con-bascula-dusty-blue","status":"publish","type":"product","link":"https:\/\/buscoequipomedico.com\/?product=mesa-pediatrica-midmark-con-bascula-dusty-blue","title":{"rendered":"MESA PEDI\u00c1TRICA MIDMARK CON BASCULA DUSTY BLUE"},"content":{"rendered":"<p>CARACTER\u00cdSTICAS\u00a0<\/p>\n<ul>\n<li>Un tope final en la cubierta tapizada y barandales que previenen al infante de rodar fuera de la mesa.<\/li>\n<li>Bordes redondeados sin filos.\u00a0<\/li>\n<li>\u00a0Exacta y f\u00e1cil de usar b\u00e1scula integrada.<\/li>\n<li>Superficie para examen con altura de 91 cm.<\/li>\n<li>Amplio espacio para almacenar insumos.<\/li>\n<\/ul>\n","protected":false},"excerpt":{"rendered":"<\/p>\n<h2>La mesa de examen pedi\u00e1trica Midmark 640 ofrece todas las caracter\u00edsticas y beneficios que necesitas para dar a tus pacientes lo mejor, el cuidado m\u00e1s delicado posible.<\/h2><\/p>\n","protected":false},"featured_media":12816,"template":"","meta":{"_joinchat":[]},"product_brand":[],"product_cat":[301],"product_tag":[],"class_list":{"0":"post-12815","1":"product","2":"type-product","3":"status-publish","4":"has-post-thumbnail","6":"product_cat-mesa-de-exploracion","7":"pa_marca-ritter","9":"first","10":"instock","11":"purchasable","12":"product-type-simple"},"yoast_head":"<!-- This site is optimized with the Yoast SEO plugin v25.1 - https:\/\/yoast.com\/wordpress\/plugins\/seo\/ -->\n<title>MESA PEDI\u00c1TRICA MIDMARK CON BASCULA DUSTY BLUE - Tu mejor opci\u00f3n Equipo M\u00e9dico M\u00e9xico<\/title>\n<meta name=\"robots\" content=\"index, follow, max-snippet:-1, max-image-preview:large, max-video-preview:-1\" \/>\n<link rel=\"canonical\" href=\"https:\/\/buscoequipomedico.com\/?product=mesa-pediatrica-midmark-con-bascula-dusty-blue\" \/>\n<meta property=\"og:locale\" content=\"es_ES\" \/>\n<meta property=\"og:type\" content=\"article\" \/>\n<meta property=\"og:title\" content=\"MESA PEDI\u00c1TRICA MIDMARK CON BASCULA DUSTY BLUE - Tu mejor opci\u00f3n Equipo M\u00e9dico M\u00e9xico\" \/>\n<meta property=\"og:description\" content=\"La mesa de examen pedi\u00e1trica Midmark 640 ofrece todas las caracter\u00edsticas y beneficios que necesitas para dar a tus pacientes lo mejor, el cuidado m\u00e1s delicado posible.\" \/>\n<meta property=\"og:url\" content=\"https:\/\/buscoequipomedico.com\/?product=mesa-pediatrica-midmark-con-bascula-dusty-blue\" \/>\n<meta property=\"og:site_name\" content=\"Tu mejor opci\u00f3n Equipo M\u00e9dico M\u00e9xico\" \/>\n<meta property=\"article:modified_time\" content=\"2020-02-18T07:36:19+00:00\" \/>\n<meta property=\"og:image\" content=\"https:\/\/buscoequipomedico.com\/wp-content\/uploads\/2020\/02\/mesa-pediatrica-midmark-con-bascula-dusty-blue-la-mesa-de-examen-pediatrica-midmark-640-ofrece-todas-las-caracteristicas-y-benef.jpg\" \/>\n\t<meta property=\"og:image:width\" content=\"800\" \/>\n\t<meta property=\"og:image:height\" content=\"800\" \/>\n\t<meta property=\"og:image:type\" content=\"image\/png\" \/>\n<meta name=\"twitter:card\" content=\"summary_large_image\" \/>\n<script type=\"application\/ld+json\" class=\"yoast-schema-graph\">{\"@context\":\"https:\/\/schema.org\",\"@graph\":[{\"@type\":\"WebPage\",\"@id\":\"https:\/\/buscoequipomedico.com\/?product=mesa-pediatrica-midmark-con-bascula-dusty-blue\",\"url\":\"https:\/\/buscoequipomedico.com\/?product=mesa-pediatrica-midmark-con-bascula-dusty-blue\",\"name\":\"MESA PEDI\u00c1TRICA MIDMARK CON BASCULA DUSTY BLUE - Tu mejor opci\u00f3n Equipo M\u00e9dico M\u00e9xico\",\"isPartOf\":{\"@id\":\"https:\/\/buscoequipomedico.com\/#website\"},\"primaryImageOfPage\":{\"@id\":\"https:\/\/buscoequipomedico.com\/?product=mesa-pediatrica-midmark-con-bascula-dusty-blue#primaryimage\"},\"image\":{\"@id\":\"https:\/\/buscoequipomedico.com\/?product=mesa-pediatrica-midmark-con-bascula-dusty-blue#primaryimage\"},\"thumbnailUrl\":\"https:\/\/buscoequipomedico.com\/wp-content\/uploads\/2020\/02\/mesa-pediatrica-midmark-con-bascula-dusty-blue-la-mesa-de-examen-pediatrica-midmark-640-ofrece-todas-las-caracteristicas-y-benef.jpg\",\"datePublished\":\"2020-02-18T07:36:13+00:00\",\"dateModified\":\"2020-02-18T07:36:19+00:00\",\"breadcrumb\":{\"@id\":\"https:\/\/buscoequipomedico.com\/?product=mesa-pediatrica-midmark-con-bascula-dusty-blue#breadcrumb\"},\"inLanguage\":\"es\",\"potentialAction\":[{\"@type\":\"ReadAction\",\"target\":[\"https:\/\/buscoequipomedico.com\/?product=mesa-pediatrica-midmark-con-bascula-dusty-blue\"]}]},{\"@type\":\"ImageObject\",\"inLanguage\":\"es\",\"@id\":\"https:\/\/buscoequipomedico.com\/?product=mesa-pediatrica-midmark-con-bascula-dusty-blue#primaryimage\",\"url\":\"https:\/\/buscoequipomedico.com\/wp-content\/uploads\/2020\/02\/mesa-pediatrica-midmark-con-bascula-dusty-blue-la-mesa-de-examen-pediatrica-midmark-640-ofrece-todas-las-caracteristicas-y-benef.jpg\",\"contentUrl\":\"https:\/\/buscoequipomedico.com\/wp-content\/uploads\/2020\/02\/mesa-pediatrica-midmark-con-bascula-dusty-blue-la-mesa-de-examen-pediatrica-midmark-640-ofrece-todas-las-caracteristicas-y-benef.jpg\",\"width\":800,\"height\":800},{\"@type\":\"BreadcrumbList\",\"@id\":\"https:\/\/buscoequipomedico.com\/?product=mesa-pediatrica-midmark-con-bascula-dusty-blue#breadcrumb\",\"itemListElement\":[{\"@type\":\"ListItem\",\"position\":1,\"name\":\"Productos\",\"item\":\"https:\/\/buscoequipomedico.com\/shop\/\"},{\"@type\":\"ListItem\",\"position\":2,\"name\":\"MESA PEDI\u00c1TRICA MIDMARK CON BASCULA DUSTY BLUE\"}]},{\"@type\":\"WebSite\",\"@id\":\"https:\/\/buscoequipomedico.com\/#website\",\"url\":\"https:\/\/buscoequipomedico.com\/\",\"name\":\"Tu mejor opci\u00f3n Equipo M\u00e9dico M\u00e9xico\",\"description\":\"Tienda de equipo m\u00e9dico\",\"publisher\":{\"@id\":\"https:\/\/buscoequipomedico.com\/#organization\"},\"potentialAction\":[{\"@type\":\"SearchAction\",\"target\":{\"@type\":\"EntryPoint\",\"urlTemplate\":\"https:\/\/buscoequipomedico.com\/?s={search_term_string}\"},\"query-input\":{\"@type\":\"PropertyValueSpecification\",\"valueRequired\":true,\"valueName\":\"search_term_string\"}}],\"inLanguage\":\"es\"},{\"@type\":\"Organization\",\"@id\":\"https:\/\/buscoequipomedico.com\/#organization\",\"name\":\"Tu mejor opci\u00f3n Equipo M\u00e9dico M\u00e9xico\",\"url\":\"https:\/\/buscoequipomedico.com\/\",\"logo\":{\"@type\":\"ImageObject\",\"inLanguage\":\"es\",\"@id\":\"https:\/\/buscoequipomedico.com\/#\/schema\/logo\/image\/\",\"url\":\"https:\/\/buscoequipomedico.com\/wp-content\/uploads\/2021\/07\/EMM-VPrincipal-scaled.jpg\",\"contentUrl\":\"https:\/\/buscoequipomedico.com\/wp-content\/uploads\/2021\/07\/EMM-VPrincipal-scaled.jpg\",\"width\":2560,\"height\":1058,\"caption\":\"Tu mejor opci\u00f3n Equipo M\u00e9dico M\u00e9xico\"},\"image\":{\"@id\":\"https:\/\/buscoequipomedico.com\/#\/schema\/logo\/image\/\"}}]}<\/script>\n<!-- \/ Yoast SEO plugin. -->","yoast_head_json":{"title":"MESA PEDI\u00c1TRICA MIDMARK CON BASCULA DUSTY BLUE - Tu mejor opci\u00f3n Equipo M\u00e9dico M\u00e9xico","robots":{"index":"index","follow":"follow","max-snippet":"max-snippet:-1","max-image-preview":"max-image-preview:large","max-video-preview":"max-video-preview:-1"},"canonical":"https:\/\/buscoequipomedico.com\/?product=mesa-pediatrica-midmark-con-bascula-dusty-blue","og_locale":"es_ES","og_type":"article","og_title":"MESA PEDI\u00c1TRICA MIDMARK CON BASCULA DUSTY BLUE - Tu mejor opci\u00f3n Equipo M\u00e9dico M\u00e9xico","og_description":"La mesa de examen pedi\u00e1trica Midmark 640 ofrece todas las caracter\u00edsticas y beneficios que necesitas para dar a tus pacientes lo mejor, el cuidado m\u00e1s delicado posible.","og_url":"https:\/\/buscoequipomedico.com\/?product=mesa-pediatrica-midmark-con-bascula-dusty-blue","og_site_name":"Tu mejor opci\u00f3n Equipo M\u00e9dico M\u00e9xico","article_modified_time":"2020-02-18T07:36:19+00:00","og_image":[{"width":800,"height":800,"url":"https:\/\/buscoequipomedico.com\/wp-content\/uploads\/2020\/02\/mesa-pediatrica-midmark-con-bascula-dusty-blue-la-mesa-de-examen-pediatrica-midmark-640-ofrece-todas-las-caracteristicas-y-benef.jpg","type":"image\/png"}],"twitter_card":"summary_large_image","schema":{"@context":"https:\/\/schema.org","@graph":[{"@type":"WebPage","@id":"https:\/\/buscoequipomedico.com\/?product=mesa-pediatrica-midmark-con-bascula-dusty-blue","url":"https:\/\/buscoequipomedico.com\/?product=mesa-pediatrica-midmark-con-bascula-dusty-blue","name":"MESA PEDI\u00c1TRICA MIDMARK CON BASCULA DUSTY BLUE - Tu mejor opci\u00f3n Equipo M\u00e9dico M\u00e9xico","isPartOf":{"@id":"https:\/\/buscoequipomedico.com\/#website"},"primaryImageOfPage":{"@id":"https:\/\/buscoequipomedico.com\/?product=mesa-pediatrica-midmark-con-bascula-dusty-blue#primaryimage"},"image":{"@id":"https:\/\/buscoequipomedico.com\/?product=mesa-pediatrica-midmark-con-bascula-dusty-blue#primaryimage"},"thumbnailUrl":"https:\/\/buscoequipomedico.com\/wp-content\/uploads\/2020\/02\/mesa-pediatrica-midmark-con-bascula-dusty-blue-la-mesa-de-examen-pediatrica-midmark-640-ofrece-todas-las-caracteristicas-y-benef.jpg","datePublished":"2020-02-18T07:36:13+00:00","dateModified":"2020-02-18T07:36:19+00:00","breadcrumb":{"@id":"https:\/\/buscoequipomedico.com\/?product=mesa-pediatrica-midmark-con-bascula-dusty-blue#breadcrumb"},"inLanguage":"es","potentialAction":[{"@type":"ReadAction","target":["https:\/\/buscoequipomedico.com\/?product=mesa-pediatrica-midmark-con-bascula-dusty-blue"]}]},{"@type":"ImageObject","inLanguage":"es","@id":"https:\/\/buscoequipomedico.com\/?product=mesa-pediatrica-midmark-con-bascula-dusty-blue#primaryimage","url":"https:\/\/buscoequipomedico.com\/wp-content\/uploads\/2020\/02\/mesa-pediatrica-midmark-con-bascula-dusty-blue-la-mesa-de-examen-pediatrica-midmark-640-ofrece-todas-las-caracteristicas-y-benef.jpg","contentUrl":"https:\/\/buscoequipomedico.com\/wp-content\/uploads\/2020\/02\/mesa-pediatrica-midmark-con-bascula-dusty-blue-la-mesa-de-examen-pediatrica-midmark-640-ofrece-todas-las-caracteristicas-y-benef.jpg","width":800,"height":800},{"@type":"BreadcrumbList","@id":"https:\/\/buscoequipomedico.com\/?product=mesa-pediatrica-midmark-con-bascula-dusty-blue#breadcrumb","itemListElement":[{"@type":"ListItem","position":1,"name":"Productos","item":"https:\/\/buscoequipomedico.com\/shop\/"},{"@type":"ListItem","position":2,"name":"MESA PEDI\u00c1TRICA MIDMARK CON BASCULA DUSTY BLUE"}]},{"@type":"WebSite","@id":"https:\/\/buscoequipomedico.com\/#website","url":"https:\/\/buscoequipomedico.com\/","name":"Tu mejor opci\u00f3n Equipo M\u00e9dico M\u00e9xico","description":"Tienda de equipo m\u00e9dico","publisher":{"@id":"https:\/\/buscoequipomedico.com\/#organization"},"potentialAction":[{"@type":"SearchAction","target":{"@type":"EntryPoint","urlTemplate":"https:\/\/buscoequipomedico.com\/?s={search_term_string}"},"query-input":{"@type":"PropertyValueSpecification","valueRequired":true,"valueName":"search_term_string"}}],"inLanguage":"es"},{"@type":"Organization","@id":"https:\/\/buscoequipomedico.com\/#organization","name":"Tu mejor opci\u00f3n Equipo M\u00e9dico M\u00e9xico","url":"https:\/\/buscoequipomedico.com\/","logo":{"@type":"ImageObject","inLanguage":"es","@id":"https:\/\/buscoequipomedico.com\/#\/schema\/logo\/image\/","url":"https:\/\/buscoequipomedico.com\/wp-content\/uploads\/2021\/07\/EMM-VPrincipal-scaled.jpg","contentUrl":"https:\/\/buscoequipomedico.com\/wp-content\/uploads\/2021\/07\/EMM-VPrincipal-scaled.jpg","width":2560,"height":1058,"caption":"Tu mejor opci\u00f3n Equipo M\u00e9dico M\u00e9xico"},"image":{"@id":"https:\/\/buscoequipomedico.com\/#\/schema\/logo\/image\/"}}]}},"_links":{"self":[{"href":"https:\/\/buscoequipomedico.com\/index.php?rest_route=\/wp\/v2\/product\/12815","targetHints":{"allow":["GET"]}}],"collection":[{"href":"https:\/\/buscoequipomedico.com\/index.php?rest_route=\/wp\/v2\/product"}],"about":[{"href":"https:\/\/buscoequipomedico.com\/index.php?rest_route=\/wp\/v2\/types\/product"}],"wp:featuredmedia":[{"embeddable":true,"href":"https:\/\/buscoequipomedico.com\/index.php?rest_route=\/wp\/v2\/media\/12816"}],"wp:attachment":[{"href":"https:\/\/buscoequipomedico.com\/index.php?rest_route=%2Fwp%2Fv2%2Fmedia&parent=12815"}],"wp:term":[{"taxonomy":"product_brand","embeddable":true,"href":"https:\/\/buscoequipomedico.com\/index.php?rest_route=%2Fwp%2Fv2%2Fproduct_brand&post=12815"},{"taxonomy":"product_cat","embeddable":true,"href":"https:\/\/buscoequipomedico.com\/index.php?rest_route=%2Fwp%2Fv2%2Fproduct_cat&post=12815"},{"taxonomy":"product_tag","embeddable":true,"href":"https:\/\/buscoequipomedico.com\/index.php?rest_route=%2Fwp%2Fv2%2Fproduct_tag&post=12815"}],"curies":[{"name":"wp","href":"https:\/\/api.w.org\/{rel}","templated":true}]}}