{"id":12823,"date":"2020-02-18T07:36:21","date_gmt":"2020-02-18T07:36:21","guid":{"rendered":"https:\/\/equipomedicomexico-com.preview-domain.com\/product\/mesa-para-obstetricia-con-controles-por-medio-de-manivela\/"},"modified":"2020-02-18T07:36:22","modified_gmt":"2020-02-18T07:36:22","slug":"mesa-para-obstetricia-con-controles-por-medio-de-manivela","status":"publish","type":"product","link":"https:\/\/buscoequipomedico.com\/?product=mesa-para-obstetricia-con-controles-por-medio-de-manivela","title":{"rendered":"MESA PARA OBSTETRICIA CON CONTROLES POR MEDIO DE MANIVELA"},"content":{"rendered":"<p><span> <\/span><\/p>\n<ul>\n<li>\n<h3>Accionamiento de movimientos:<\/h3>\n<\/li>\n<li>\n<h3>Mec\u00e1nico-hidr\u00e1ulico de elevaci\u00f3n y descenso de 75-105 cm.<\/h3>\n<\/li>\n<li>\n<h3>Movimiento mec\u00e1nico de trendelemburg con inclinaci\u00f3n de 30 grados, en posici\u00f3n inversa de 30 grados, lateral izquierdo y derecho 25 grados<\/h3>\n<\/li>\n<li>\n<h3>Dorso con movimientos para dar posici\u00f3n de fowler de 0\u00b0 a 90\u00b0 y semi fowler.<\/h3>\n<\/li>\n<li>\n<h3>Secci\u00f3n p\u00e9lvica y miembros p\u00e9lvicos en placas independientes, desmontables y abatibles, con movimiento vertical de 0\/90\u00b0 y con movimientos de tijera.<\/h3>\n<\/li>\n<li>\n<h3>Coj\u00edn desmontable el\u00e9ctricamente conductivo (antiest\u00e1tico) en todas sus secciones de material lavable.<\/h3>\n<\/li>\n<li>\n<h3>Base, columna, bastidor de la superficie, rieles, postes y\u00a0 accesorios en acero inoxidable.<\/h3>\n<\/li>\n<li>\n<h3>Constituida por cinco secciones: cabecera, dorso, pelvis, y miembros p\u00e9lvicos.<\/h3>\n<\/li>\n<li>\n<h3>Cabezal abatible y desmontable de posiciones m\u00faltiples.<\/h3>\n<\/li>\n<li>\n<h3>Radiotransparente con portachasis en las secciones de pelvis y espalda. (opcional)<\/h3>\n<\/li>\n<\/ul>\n","protected":false},"excerpt":{"rendered":"<p>Mesa de exploraci\u00f3n rodable equipada con ruedas conductivas y sistema de frenos.\u00a0<\/p>\n","protected":false},"featured_media":12824,"template":"","meta":{"_joinchat":[]},"product_brand":[],"product_cat":[301],"product_tag":[],"class_list":{"0":"post-12823","1":"product","2":"type-product","3":"status-publish","4":"has-post-thumbnail","6":"product_cat-mesa-de-exploracion","7":"pa_marca-bame","9":"first","10":"instock","11":"purchasable","12":"product-type-simple"},"yoast_head":"<!-- This site is optimized with the Yoast SEO plugin v25.1 - https:\/\/yoast.com\/wordpress\/plugins\/seo\/ -->\n<title>MESA PARA OBSTETRICIA CON CONTROLES POR MEDIO DE MANIVELA - Tu mejor opci\u00f3n Equipo M\u00e9dico M\u00e9xico<\/title>\n<meta name=\"robots\" content=\"index, follow, max-snippet:-1, max-image-preview:large, max-video-preview:-1\" \/>\n<link rel=\"canonical\" href=\"https:\/\/buscoequipomedico.com\/?product=mesa-para-obstetricia-con-controles-por-medio-de-manivela\" \/>\n<meta property=\"og:locale\" content=\"es_ES\" \/>\n<meta property=\"og:type\" content=\"article\" \/>\n<meta property=\"og:title\" content=\"MESA PARA OBSTETRICIA CON CONTROLES POR MEDIO DE MANIVELA - Tu mejor opci\u00f3n Equipo M\u00e9dico M\u00e9xico\" \/>\n<meta property=\"og:description\" content=\"Mesa de exploraci\u00f3n rodable equipada con ruedas conductivas y sistema de frenos.\u00a0\" \/>\n<meta property=\"og:url\" content=\"https:\/\/buscoequipomedico.com\/?product=mesa-para-obstetricia-con-controles-por-medio-de-manivela\" \/>\n<meta property=\"og:site_name\" content=\"Tu mejor opci\u00f3n Equipo M\u00e9dico M\u00e9xico\" \/>\n<meta property=\"article:modified_time\" content=\"2020-02-18T07:36:22+00:00\" \/>\n<meta property=\"og:image\" content=\"https:\/\/buscoequipomedico.com\/wp-content\/uploads\/2020\/02\/mesa-para-obstetricia-con-controles-por-medio-de-manivela-mesa-de-exploracion-rodable-equipada-con-ruedas-conductivas-y-sistema.jpg\" \/>\n\t<meta property=\"og:image:width\" content=\"800\" \/>\n\t<meta property=\"og:image:height\" content=\"800\" \/>\n\t<meta property=\"og:image:type\" content=\"image\/png\" \/>\n<meta name=\"twitter:card\" content=\"summary_large_image\" \/>\n<meta name=\"twitter:label1\" content=\"Tiempo de lectura\" \/>\n\t<meta name=\"twitter:data1\" content=\"1 minuto\" \/>\n<script type=\"application\/ld+json\" class=\"yoast-schema-graph\">{\"@context\":\"https:\/\/schema.org\",\"@graph\":[{\"@type\":\"WebPage\",\"@id\":\"https:\/\/buscoequipomedico.com\/?product=mesa-para-obstetricia-con-controles-por-medio-de-manivela\",\"url\":\"https:\/\/buscoequipomedico.com\/?product=mesa-para-obstetricia-con-controles-por-medio-de-manivela\",\"name\":\"MESA PARA OBSTETRICIA CON CONTROLES POR MEDIO DE MANIVELA - Tu mejor opci\u00f3n Equipo M\u00e9dico M\u00e9xico\",\"isPartOf\":{\"@id\":\"https:\/\/buscoequipomedico.com\/#website\"},\"primaryImageOfPage\":{\"@id\":\"https:\/\/buscoequipomedico.com\/?product=mesa-para-obstetricia-con-controles-por-medio-de-manivela#primaryimage\"},\"image\":{\"@id\":\"https:\/\/buscoequipomedico.com\/?product=mesa-para-obstetricia-con-controles-por-medio-de-manivela#primaryimage\"},\"thumbnailUrl\":\"https:\/\/buscoequipomedico.com\/wp-content\/uploads\/2020\/02\/mesa-para-obstetricia-con-controles-por-medio-de-manivela-mesa-de-exploracion-rodable-equipada-con-ruedas-conductivas-y-sistema.jpg\",\"datePublished\":\"2020-02-18T07:36:21+00:00\",\"dateModified\":\"2020-02-18T07:36:22+00:00\",\"breadcrumb\":{\"@id\":\"https:\/\/buscoequipomedico.com\/?product=mesa-para-obstetricia-con-controles-por-medio-de-manivela#breadcrumb\"},\"inLanguage\":\"es\",\"potentialAction\":[{\"@type\":\"ReadAction\",\"target\":[\"https:\/\/buscoequipomedico.com\/?product=mesa-para-obstetricia-con-controles-por-medio-de-manivela\"]}]},{\"@type\":\"ImageObject\",\"inLanguage\":\"es\",\"@id\":\"https:\/\/buscoequipomedico.com\/?product=mesa-para-obstetricia-con-controles-por-medio-de-manivela#primaryimage\",\"url\":\"https:\/\/buscoequipomedico.com\/wp-content\/uploads\/2020\/02\/mesa-para-obstetricia-con-controles-por-medio-de-manivela-mesa-de-exploracion-rodable-equipada-con-ruedas-conductivas-y-sistema.jpg\",\"contentUrl\":\"https:\/\/buscoequipomedico.com\/wp-content\/uploads\/2020\/02\/mesa-para-obstetricia-con-controles-por-medio-de-manivela-mesa-de-exploracion-rodable-equipada-con-ruedas-conductivas-y-sistema.jpg\",\"width\":800,\"height\":800},{\"@type\":\"BreadcrumbList\",\"@id\":\"https:\/\/buscoequipomedico.com\/?product=mesa-para-obstetricia-con-controles-por-medio-de-manivela#breadcrumb\",\"itemListElement\":[{\"@type\":\"ListItem\",\"position\":1,\"name\":\"Productos\",\"item\":\"https:\/\/buscoequipomedico.com\/shop\/\"},{\"@type\":\"ListItem\",\"position\":2,\"name\":\"MESA PARA OBSTETRICIA CON CONTROLES POR MEDIO DE MANIVELA\"}]},{\"@type\":\"WebSite\",\"@id\":\"https:\/\/buscoequipomedico.com\/#website\",\"url\":\"https:\/\/buscoequipomedico.com\/\",\"name\":\"Tu mejor opci\u00f3n Equipo M\u00e9dico M\u00e9xico\",\"description\":\"Tienda de equipo m\u00e9dico\",\"publisher\":{\"@id\":\"https:\/\/buscoequipomedico.com\/#organization\"},\"potentialAction\":[{\"@type\":\"SearchAction\",\"target\":{\"@type\":\"EntryPoint\",\"urlTemplate\":\"https:\/\/buscoequipomedico.com\/?s={search_term_string}\"},\"query-input\":{\"@type\":\"PropertyValueSpecification\",\"valueRequired\":true,\"valueName\":\"search_term_string\"}}],\"inLanguage\":\"es\"},{\"@type\":\"Organization\",\"@id\":\"https:\/\/buscoequipomedico.com\/#organization\",\"name\":\"Tu mejor opci\u00f3n Equipo M\u00e9dico M\u00e9xico\",\"url\":\"https:\/\/buscoequipomedico.com\/\",\"logo\":{\"@type\":\"ImageObject\",\"inLanguage\":\"es\",\"@id\":\"https:\/\/buscoequipomedico.com\/#\/schema\/logo\/image\/\",\"url\":\"https:\/\/buscoequipomedico.com\/wp-content\/uploads\/2021\/07\/EMM-VPrincipal-scaled.jpg\",\"contentUrl\":\"https:\/\/buscoequipomedico.com\/wp-content\/uploads\/2021\/07\/EMM-VPrincipal-scaled.jpg\",\"width\":2560,\"height\":1058,\"caption\":\"Tu mejor opci\u00f3n Equipo M\u00e9dico M\u00e9xico\"},\"image\":{\"@id\":\"https:\/\/buscoequipomedico.com\/#\/schema\/logo\/image\/\"}}]}<\/script>\n<!-- \/ Yoast SEO plugin. -->","yoast_head_json":{"title":"MESA PARA OBSTETRICIA CON CONTROLES POR MEDIO DE MANIVELA - Tu mejor opci\u00f3n Equipo M\u00e9dico M\u00e9xico","robots":{"index":"index","follow":"follow","max-snippet":"max-snippet:-1","max-image-preview":"max-image-preview:large","max-video-preview":"max-video-preview:-1"},"canonical":"https:\/\/buscoequipomedico.com\/?product=mesa-para-obstetricia-con-controles-por-medio-de-manivela","og_locale":"es_ES","og_type":"article","og_title":"MESA PARA OBSTETRICIA CON CONTROLES POR MEDIO DE MANIVELA - Tu mejor opci\u00f3n Equipo M\u00e9dico M\u00e9xico","og_description":"Mesa de exploraci\u00f3n rodable equipada con ruedas conductivas y sistema de frenos.\u00a0","og_url":"https:\/\/buscoequipomedico.com\/?product=mesa-para-obstetricia-con-controles-por-medio-de-manivela","og_site_name":"Tu mejor opci\u00f3n Equipo M\u00e9dico M\u00e9xico","article_modified_time":"2020-02-18T07:36:22+00:00","og_image":[{"width":800,"height":800,"url":"https:\/\/buscoequipomedico.com\/wp-content\/uploads\/2020\/02\/mesa-para-obstetricia-con-controles-por-medio-de-manivela-mesa-de-exploracion-rodable-equipada-con-ruedas-conductivas-y-sistema.jpg","type":"image\/png"}],"twitter_card":"summary_large_image","twitter_misc":{"Tiempo de lectura":"1 minuto"},"schema":{"@context":"https:\/\/schema.org","@graph":[{"@type":"WebPage","@id":"https:\/\/buscoequipomedico.com\/?product=mesa-para-obstetricia-con-controles-por-medio-de-manivela","url":"https:\/\/buscoequipomedico.com\/?product=mesa-para-obstetricia-con-controles-por-medio-de-manivela","name":"MESA PARA OBSTETRICIA CON CONTROLES POR MEDIO DE MANIVELA - Tu mejor opci\u00f3n Equipo M\u00e9dico M\u00e9xico","isPartOf":{"@id":"https:\/\/buscoequipomedico.com\/#website"},"primaryImageOfPage":{"@id":"https:\/\/buscoequipomedico.com\/?product=mesa-para-obstetricia-con-controles-por-medio-de-manivela#primaryimage"},"image":{"@id":"https:\/\/buscoequipomedico.com\/?product=mesa-para-obstetricia-con-controles-por-medio-de-manivela#primaryimage"},"thumbnailUrl":"https:\/\/buscoequipomedico.com\/wp-content\/uploads\/2020\/02\/mesa-para-obstetricia-con-controles-por-medio-de-manivela-mesa-de-exploracion-rodable-equipada-con-ruedas-conductivas-y-sistema.jpg","datePublished":"2020-02-18T07:36:21+00:00","dateModified":"2020-02-18T07:36:22+00:00","breadcrumb":{"@id":"https:\/\/buscoequipomedico.com\/?product=mesa-para-obstetricia-con-controles-por-medio-de-manivela#breadcrumb"},"inLanguage":"es","potentialAction":[{"@type":"ReadAction","target":["https:\/\/buscoequipomedico.com\/?product=mesa-para-obstetricia-con-controles-por-medio-de-manivela"]}]},{"@type":"ImageObject","inLanguage":"es","@id":"https:\/\/buscoequipomedico.com\/?product=mesa-para-obstetricia-con-controles-por-medio-de-manivela#primaryimage","url":"https:\/\/buscoequipomedico.com\/wp-content\/uploads\/2020\/02\/mesa-para-obstetricia-con-controles-por-medio-de-manivela-mesa-de-exploracion-rodable-equipada-con-ruedas-conductivas-y-sistema.jpg","contentUrl":"https:\/\/buscoequipomedico.com\/wp-content\/uploads\/2020\/02\/mesa-para-obstetricia-con-controles-por-medio-de-manivela-mesa-de-exploracion-rodable-equipada-con-ruedas-conductivas-y-sistema.jpg","width":800,"height":800},{"@type":"BreadcrumbList","@id":"https:\/\/buscoequipomedico.com\/?product=mesa-para-obstetricia-con-controles-por-medio-de-manivela#breadcrumb","itemListElement":[{"@type":"ListItem","position":1,"name":"Productos","item":"https:\/\/buscoequipomedico.com\/shop\/"},{"@type":"ListItem","position":2,"name":"MESA PARA OBSTETRICIA CON CONTROLES POR MEDIO DE MANIVELA"}]},{"@type":"WebSite","@id":"https:\/\/buscoequipomedico.com\/#website","url":"https:\/\/buscoequipomedico.com\/","name":"Tu mejor opci\u00f3n Equipo M\u00e9dico M\u00e9xico","description":"Tienda de equipo m\u00e9dico","publisher":{"@id":"https:\/\/buscoequipomedico.com\/#organization"},"potentialAction":[{"@type":"SearchAction","target":{"@type":"EntryPoint","urlTemplate":"https:\/\/buscoequipomedico.com\/?s={search_term_string}"},"query-input":{"@type":"PropertyValueSpecification","valueRequired":true,"valueName":"search_term_string"}}],"inLanguage":"es"},{"@type":"Organization","@id":"https:\/\/buscoequipomedico.com\/#organization","name":"Tu mejor opci\u00f3n Equipo M\u00e9dico M\u00e9xico","url":"https:\/\/buscoequipomedico.com\/","logo":{"@type":"ImageObject","inLanguage":"es","@id":"https:\/\/buscoequipomedico.com\/#\/schema\/logo\/image\/","url":"https:\/\/buscoequipomedico.com\/wp-content\/uploads\/2021\/07\/EMM-VPrincipal-scaled.jpg","contentUrl":"https:\/\/buscoequipomedico.com\/wp-content\/uploads\/2021\/07\/EMM-VPrincipal-scaled.jpg","width":2560,"height":1058,"caption":"Tu mejor opci\u00f3n Equipo M\u00e9dico M\u00e9xico"},"image":{"@id":"https:\/\/buscoequipomedico.com\/#\/schema\/logo\/image\/"}}]}},"_links":{"self":[{"href":"https:\/\/buscoequipomedico.com\/index.php?rest_route=\/wp\/v2\/product\/12823","targetHints":{"allow":["GET"]}}],"collection":[{"href":"https:\/\/buscoequipomedico.com\/index.php?rest_route=\/wp\/v2\/product"}],"about":[{"href":"https:\/\/buscoequipomedico.com\/index.php?rest_route=\/wp\/v2\/types\/product"}],"wp:featuredmedia":[{"embeddable":true,"href":"https:\/\/buscoequipomedico.com\/index.php?rest_route=\/wp\/v2\/media\/12824"}],"wp:attachment":[{"href":"https:\/\/buscoequipomedico.com\/index.php?rest_route=%2Fwp%2Fv2%2Fmedia&parent=12823"}],"wp:term":[{"taxonomy":"product_brand","embeddable":true,"href":"https:\/\/buscoequipomedico.com\/index.php?rest_route=%2Fwp%2Fv2%2Fproduct_brand&post=12823"},{"taxonomy":"product_cat","embeddable":true,"href":"https:\/\/buscoequipomedico.com\/index.php?rest_route=%2Fwp%2Fv2%2Fproduct_cat&post=12823"},{"taxonomy":"product_tag","embeddable":true,"href":"https:\/\/buscoequipomedico.com\/index.php?rest_route=%2Fwp%2Fv2%2Fproduct_tag&post=12823"}],"curies":[{"name":"wp","href":"https:\/\/api.w.org\/{rel}","templated":true}]}}